{"id":130425,"date":"2025-02-14T20:48:25","date_gmt":"2025-02-14T19:48:25","guid":{"rendered":"https:\/\/shopatoa.com\/cz\/sportalm-snowy-velikost\/"},"modified":"2025-03-14T21:55:55","modified_gmt":"2025-03-14T20:55:55","slug":"sportalm-snowy-velikost","status":"publish","type":"product","link":"https:\/\/shopatoa.com\/cz\/sportalm-snowy-velikost\/","title":{"rendered":"SPORTALM SNOWY Velikost:"},"content":{"rendered":"<p>St\u0159ih<br \/>\nH\u0159ejivost<br \/>\nStretch<br \/>\nVod\u011bodolnost<\/p>\n<p>Oble\u010den\u00ed je obepnuto kolem t\u011bla<br \/>\nVhodn\u00e9 pro chladn\u011bj\u0161\u00ed po\u010das\u00ed p\u0159i teplot\u00e1ch od 2 do 10\u00b0C\u00a0<\/p>\n<p>Vhodn\u00e1 pro slab\u00fd d\u00e9\u0161\u0165<\/p>\n<p>\u00a0Tyto pohodln\u00e9 kalhoty Sportalm v p\u0159\u00edjemn\u00e9 softshellov\u00e9 jet kvalit\u011b dodaj\u00ed va\u0161emu ly\u017ea\u0159sk\u00e9mu outfitu maxim\u00e1ln\u00ed styl. Stylov\u00e9 detaily, jako nap\u0159\u00edklad v\u00fd\u0161ivka loga a zipy vp\u0159edu, upoutaj\u00ed pozornost. Sportovn\u00ed linie a pro\u0161\u00edv\u00e1n\u00ed na polstrovan\u00e9 oblasti kolen jsou le\u017e\u00e9rn\u00ed. Nylonov\u00e9 v\u011btrovky na spodn\u00edm okraji zaru\u010duj\u00ed such\u00e9 nohy. D\u00edky jemn\u00e9 barv\u011b jsou tyto kalhoty univerz\u00e1ln\u00ed.<\/p>\n<p>Elastan &#8211; 7% Polyamid &#8211; 93%<\/p>\n","protected":false},"excerpt":{"rendered":"<p>St\u0159ih H\u0159ejivost Stretch Vod\u011bodolnost Oble\u010den\u00ed je obepnuto kolem t\u011bla Vhodn\u00e9 pro chladn\u011bj\u0161\u00ed po\u010das\u00ed p\u0159i teplot\u00e1ch od 2 do 10\u00b0C\u00a0 Vhodn\u00e1 pro slab\u00fd d\u00e9\u0161\u0165 \u00a0Tyto pohodln\u00e9 kalhoty Sportalm v p\u0159\u00edjemn\u00e9 softshellov\u00e9 jet kvalit\u011b dodaj\u00ed va\u0161emu ly\u017ea\u0159sk\u00e9mu outfitu maxim\u00e1ln\u00ed styl. Stylov\u00e9 detaily, jako nap\u0159\u00edklad v\u00fd\u0161ivka loga a zipy vp\u0159edu, upoutaj\u00ed pozornost. Sportovn\u00ed linie a pro\u0161\u00edv\u00e1n\u00ed na polstrovan\u00e9&#8230;<\/p>\n","protected":false},"featured_media":130426,"comment_status":"closed","ping_status":"open","template":"","meta":{"_acf_changed":false,"_kadence_starter_templates_imported_post":false,"_kad_post_transparent":"","_kad_post_title":"","_kad_post_layout":"","_kad_post_sidebar_id":"","_kad_post_content_style":"","_kad_post_vertical_padding":"","_kad_post_feature":"","_kad_post_feature_position":"","_kad_post_header":false,"_kad_post_footer":false,"_kad_post_classname":""},"product_brand":[],"product_cat":[28,26,25],"product_tag":[],"class_list":{"0":"post-130425","1":"product","2":"type-product","3":"status-publish","4":"has-post-thumbnail","6":"product_cat-kalhoty","7":"product_cat-obleceni","8":"product_cat-obleceni-a-moda","9":"pa_obchod-sportby-cz","10":"pa_pohlavi-zena","12":"first","13":"instock","14":"product-type-external","15":"entry","16":"content-bg","17":"loop-entry"},"acf":[],"yoast_head":"<!-- This site is optimized with the Yoast SEO plugin v27.4 - https:\/\/yoast.com\/product\/yoast-seo-wordpress\/ -->\n<title>SPORTALM SNOWY Velikost: - SHOPATOA.COM<\/title>\n<meta name=\"description\" content=\"St\u0159ih H\u0159ejivost Stretch Vod\u011bodolnost Oble\u010den\u00ed je obepnuto kolem t\u011bla Vhodn\u00e9 pro chladn\u011bj\u0161\u00ed po\u010das\u00ed p\u0159i teplot\u00e1ch od 2 do 10\u00b0C\u00a0 Vhodn\u00e1 pro slab\u00fd d\u00e9\u0161\u0165 \u00a0Tyto pohodln\u00e9 kalhoty Sportalm v p\u0159\u00edjemn\u00e9 softshellov\u00e9 jet kvalit\u011b dodaj\u00ed va\u0161emu ly\u017ea\u0159sk\u00e9mu outfitu maxim\u00e1ln\u00ed styl. Stylov\u00e9 detaily, jako nap\u0159\u00edklad v\u00fd\u0161ivka loga a zipy vp\u0159edu, upoutaj\u00ed pozornost. Sportovn\u00ed linie a pro\u0161\u00edv\u00e1n\u00ed na polstrovan\u00e9 oblasti kolen jsou le\u017e\u00e9rn\u00ed. Nylonov\u00e9 v\u011btrovky na spodn\u00edm okraji zaru\u010duj\u00ed such\u00e9 nohy. D\u00edky jemn\u00e9 barv\u011b jsou tyto kalhoty univerz\u00e1ln\u00ed. Elastan - 7% Polyamid - 93%\" \/>\n<meta name=\"robots\" content=\"index, follow, max-snippet:-1, max-image-preview:large, max-video-preview:-1\" \/>\n<link rel=\"canonical\" href=\"https:\/\/shopatoa.com\/cz\/sportalm-snowy-velikost\/\" \/>\n<meta property=\"og:locale\" content=\"cs_CZ\" \/>\n<meta property=\"og:type\" content=\"article\" \/>\n<meta property=\"og:title\" content=\"SPORTALM SNOWY Velikost: - SHOPATOA.COM\" \/>\n<meta property=\"og:description\" content=\"St\u0159ih H\u0159ejivost Stretch Vod\u011bodolnost Oble\u010den\u00ed je obepnuto kolem t\u011bla Vhodn\u00e9 pro chladn\u011bj\u0161\u00ed po\u010das\u00ed p\u0159i teplot\u00e1ch od 2 do 10\u00b0C\u00a0 Vhodn\u00e1 pro slab\u00fd d\u00e9\u0161\u0165 \u00a0Tyto pohodln\u00e9 kalhoty Sportalm v p\u0159\u00edjemn\u00e9 softshellov\u00e9 jet kvalit\u011b dodaj\u00ed va\u0161emu ly\u017ea\u0159sk\u00e9mu outfitu maxim\u00e1ln\u00ed styl. Stylov\u00e9 detaily, jako nap\u0159\u00edklad v\u00fd\u0161ivka loga a zipy vp\u0159edu, upoutaj\u00ed pozornost. Sportovn\u00ed linie a pro\u0161\u00edv\u00e1n\u00ed na polstrovan\u00e9 oblasti kolen jsou le\u017e\u00e9rn\u00ed. Nylonov\u00e9 v\u011btrovky na spodn\u00edm okraji zaru\u010duj\u00ed such\u00e9 nohy. D\u00edky jemn\u00e9 barv\u011b jsou tyto kalhoty univerz\u00e1ln\u00ed. Elastan - 7% Polyamid - 93%\" \/>\n<meta property=\"og:url\" content=\"https:\/\/shopatoa.com\/cz\/sportalm-snowy-velikost\/\" \/>\n<meta property=\"og:site_name\" content=\"SHOPATOA\" \/>\n<meta property=\"article:modified_time\" content=\"2025-03-14T20:55:55+00:00\" \/>\n<meta property=\"og:image\" content=\"https:\/\/shopatoa.com\/cz\/wp-content\/uploads\/2025\/02\/47285-5_sportalm-snowy.png\" \/>\n\t<meta property=\"og:image:width\" content=\"545\" \/>\n\t<meta property=\"og:image:height\" content=\"1632\" \/>\n\t<meta property=\"og:image:type\" content=\"image\/png\" \/>\n<meta name=\"twitter:card\" content=\"summary_large_image\" \/>\n<meta name=\"twitter:label1\" content=\"Odhadovan\u00e1 doba \u010dten\u00ed\" \/>\n\t<meta name=\"twitter:data1\" content=\"1 minuta\" \/>\n<script type=\"application\/ld+json\" class=\"yoast-schema-graph\">{\"@context\":\"https:\\\/\\\/schema.org\",\"@graph\":[{\"@type\":\"WebPage\",\"@id\":\"https:\\\/\\\/shopatoa.com\\\/cz\\\/sportalm-snowy-velikost\\\/\",\"url\":\"https:\\\/\\\/shopatoa.com\\\/cz\\\/sportalm-snowy-velikost\\\/\",\"name\":\"SPORTALM SNOWY Velikost: - SHOPATOA.COM\",\"isPartOf\":{\"@id\":\"https:\\\/\\\/shopatoa.com\\\/cz\\\/#website\"},\"primaryImageOfPage\":{\"@id\":\"https:\\\/\\\/shopatoa.com\\\/cz\\\/sportalm-snowy-velikost\\\/#primaryimage\"},\"image\":{\"@id\":\"https:\\\/\\\/shopatoa.com\\\/cz\\\/sportalm-snowy-velikost\\\/#primaryimage\"},\"thumbnailUrl\":\"https:\\\/\\\/shopatoa.com\\\/cz\\\/wp-content\\\/uploads\\\/2025\\\/02\\\/47285-5_sportalm-snowy.png\",\"datePublished\":\"2025-02-14T19:48:25+00:00\",\"dateModified\":\"2025-03-14T20:55:55+00:00\",\"description\":\"St\u0159ih H\u0159ejivost Stretch Vod\u011bodolnost Oble\u010den\u00ed je obepnuto kolem t\u011bla Vhodn\u00e9 pro chladn\u011bj\u0161\u00ed po\u010das\u00ed p\u0159i teplot\u00e1ch od 2 do 10\u00b0C\u00a0 Vhodn\u00e1 pro slab\u00fd d\u00e9\u0161\u0165 \u00a0Tyto pohodln\u00e9 kalhoty Sportalm v p\u0159\u00edjemn\u00e9 softshellov\u00e9 jet kvalit\u011b dodaj\u00ed va\u0161emu ly\u017ea\u0159sk\u00e9mu outfitu maxim\u00e1ln\u00ed styl. Stylov\u00e9 detaily, jako nap\u0159\u00edklad v\u00fd\u0161ivka loga a zipy vp\u0159edu, upoutaj\u00ed pozornost. Sportovn\u00ed linie a pro\u0161\u00edv\u00e1n\u00ed na polstrovan\u00e9 oblasti kolen jsou le\u017e\u00e9rn\u00ed. Nylonov\u00e9 v\u011btrovky na spodn\u00edm okraji zaru\u010duj\u00ed such\u00e9 nohy. D\u00edky jemn\u00e9 barv\u011b jsou tyto kalhoty univerz\u00e1ln\u00ed. Elastan - 7% Polyamid - 93%\",\"breadcrumb\":{\"@id\":\"https:\\\/\\\/shopatoa.com\\\/cz\\\/sportalm-snowy-velikost\\\/#breadcrumb\"},\"inLanguage\":\"cs\",\"potentialAction\":[{\"@type\":\"ReadAction\",\"target\":[\"https:\\\/\\\/shopatoa.com\\\/cz\\\/sportalm-snowy-velikost\\\/\"]}]},{\"@type\":\"ImageObject\",\"inLanguage\":\"cs\",\"@id\":\"https:\\\/\\\/shopatoa.com\\\/cz\\\/sportalm-snowy-velikost\\\/#primaryimage\",\"url\":\"https:\\\/\\\/shopatoa.com\\\/cz\\\/wp-content\\\/uploads\\\/2025\\\/02\\\/47285-5_sportalm-snowy.png\",\"contentUrl\":\"https:\\\/\\\/shopatoa.com\\\/cz\\\/wp-content\\\/uploads\\\/2025\\\/02\\\/47285-5_sportalm-snowy.png\",\"width\":545,\"height\":1632},{\"@type\":\"BreadcrumbList\",\"@id\":\"https:\\\/\\\/shopatoa.com\\\/cz\\\/sportalm-snowy-velikost\\\/#breadcrumb\",\"itemListElement\":[{\"@type\":\"ListItem\",\"position\":1,\"name\":\"Dom\u016f\",\"item\":\"https:\\\/\\\/shopatoa.com\\\/cz\\\/\"},{\"@type\":\"ListItem\",\"position\":2,\"name\":\"Produkty\",\"item\":\"https:\\\/\\\/shopatoa.com\\\/cz\\\/shop\\\/\"},{\"@type\":\"ListItem\",\"position\":3,\"name\":\"Oble\u010den\u00ed a m\u00f3da\",\"item\":\"https:\\\/\\\/shopatoa.com\\\/cz\\\/obleceni-a-moda\\\/\"},{\"@type\":\"ListItem\",\"position\":4,\"name\":\"Oble\u010den\u00ed\",\"item\":\"https:\\\/\\\/shopatoa.com\\\/cz\\\/obleceni\\\/\"},{\"@type\":\"ListItem\",\"position\":5,\"name\":\"Kalhoty\",\"item\":\"https:\\\/\\\/shopatoa.com\\\/cz\\\/kalhoty\\\/\"},{\"@type\":\"ListItem\",\"position\":6,\"name\":\"SPORTALM SNOWY Velikost:\"}]},{\"@type\":\"WebSite\",\"@id\":\"https:\\\/\\\/shopatoa.com\\\/cz\\\/#website\",\"url\":\"https:\\\/\\\/shopatoa.com\\\/cz\\\/\",\"name\":\"SHOPATOA\",\"description\":\"\",\"publisher\":{\"@id\":\"https:\\\/\\\/shopatoa.com\\\/cz\\\/#organization\"},\"potentialAction\":[{\"@type\":\"SearchAction\",\"target\":{\"@type\":\"EntryPoint\",\"urlTemplate\":\"https:\\\/\\\/shopatoa.com\\\/cz\\\/?s={search_term_string}\"},\"query-input\":{\"@type\":\"PropertyValueSpecification\",\"valueRequired\":true,\"valueName\":\"search_term_string\"}}],\"inLanguage\":\"cs\"},{\"@type\":\"Organization\",\"@id\":\"https:\\\/\\\/shopatoa.com\\\/cz\\\/#organization\",\"name\":\"SHOPATOA Digital s.r.o.\",\"url\":\"https:\\\/\\\/shopatoa.com\\\/cz\\\/\",\"logo\":{\"@type\":\"ImageObject\",\"inLanguage\":\"cs\",\"@id\":\"https:\\\/\\\/shopatoa.com\\\/cz\\\/#\\\/schema\\\/logo\\\/image\\\/\",\"url\":\"https:\\\/\\\/storage.googleapis.com\\\/cz-shopatoa-img\\\/cz\\\/ebccf434-shopatoa_logo.png\",\"contentUrl\":\"https:\\\/\\\/storage.googleapis.com\\\/cz-shopatoa-img\\\/cz\\\/ebccf434-shopatoa_logo.png\",\"width\":416,\"height\":63,\"caption\":\"SHOPATOA Digital s.r.o.\"},\"image\":{\"@id\":\"https:\\\/\\\/shopatoa.com\\\/cz\\\/#\\\/schema\\\/logo\\\/image\\\/\"}}]}<\/script>\n<!-- \/ Yoast SEO plugin. -->","yoast_head_json":{"title":"SPORTALM SNOWY Velikost: - SHOPATOA.COM","description":"St\u0159ih H\u0159ejivost Stretch Vod\u011bodolnost Oble\u010den\u00ed je obepnuto kolem t\u011bla Vhodn\u00e9 pro chladn\u011bj\u0161\u00ed po\u010das\u00ed p\u0159i teplot\u00e1ch od 2 do 10\u00b0C\u00a0 Vhodn\u00e1 pro slab\u00fd d\u00e9\u0161\u0165 \u00a0Tyto pohodln\u00e9 kalhoty Sportalm v p\u0159\u00edjemn\u00e9 softshellov\u00e9 jet kvalit\u011b dodaj\u00ed va\u0161emu ly\u017ea\u0159sk\u00e9mu outfitu maxim\u00e1ln\u00ed styl. Stylov\u00e9 detaily, jako nap\u0159\u00edklad v\u00fd\u0161ivka loga a zipy vp\u0159edu, upoutaj\u00ed pozornost. Sportovn\u00ed linie a pro\u0161\u00edv\u00e1n\u00ed na polstrovan\u00e9 oblasti kolen jsou le\u017e\u00e9rn\u00ed. Nylonov\u00e9 v\u011btrovky na spodn\u00edm okraji zaru\u010duj\u00ed such\u00e9 nohy. D\u00edky jemn\u00e9 barv\u011b jsou tyto kalhoty univerz\u00e1ln\u00ed. Elastan - 7% Polyamid - 93%","robots":{"index":"index","follow":"follow","max-snippet":"max-snippet:-1","max-image-preview":"max-image-preview:large","max-video-preview":"max-video-preview:-1"},"canonical":"https:\/\/shopatoa.com\/cz\/sportalm-snowy-velikost\/","og_locale":"cs_CZ","og_type":"article","og_title":"SPORTALM SNOWY Velikost: - SHOPATOA.COM","og_description":"St\u0159ih H\u0159ejivost Stretch Vod\u011bodolnost Oble\u010den\u00ed je obepnuto kolem t\u011bla Vhodn\u00e9 pro chladn\u011bj\u0161\u00ed po\u010das\u00ed p\u0159i teplot\u00e1ch od 2 do 10\u00b0C\u00a0 Vhodn\u00e1 pro slab\u00fd d\u00e9\u0161\u0165 \u00a0Tyto pohodln\u00e9 kalhoty Sportalm v p\u0159\u00edjemn\u00e9 softshellov\u00e9 jet kvalit\u011b dodaj\u00ed va\u0161emu ly\u017ea\u0159sk\u00e9mu outfitu maxim\u00e1ln\u00ed styl. Stylov\u00e9 detaily, jako nap\u0159\u00edklad v\u00fd\u0161ivka loga a zipy vp\u0159edu, upoutaj\u00ed pozornost. Sportovn\u00ed linie a pro\u0161\u00edv\u00e1n\u00ed na polstrovan\u00e9 oblasti kolen jsou le\u017e\u00e9rn\u00ed. Nylonov\u00e9 v\u011btrovky na spodn\u00edm okraji zaru\u010duj\u00ed such\u00e9 nohy. D\u00edky jemn\u00e9 barv\u011b jsou tyto kalhoty univerz\u00e1ln\u00ed. Elastan - 7% Polyamid - 93%","og_url":"https:\/\/shopatoa.com\/cz\/sportalm-snowy-velikost\/","og_site_name":"SHOPATOA","article_modified_time":"2025-03-14T20:55:55+00:00","og_image":[{"width":545,"height":1632,"url":"https:\/\/shopatoa.com\/cz\/wp-content\/uploads\/2025\/02\/47285-5_sportalm-snowy.png","type":"image\/png"}],"twitter_card":"summary_large_image","twitter_misc":{"Odhadovan\u00e1 doba \u010dten\u00ed":"1 minuta"},"schema":{"@context":"https:\/\/schema.org","@graph":[{"@type":"WebPage","@id":"https:\/\/shopatoa.com\/cz\/sportalm-snowy-velikost\/","url":"https:\/\/shopatoa.com\/cz\/sportalm-snowy-velikost\/","name":"SPORTALM SNOWY Velikost: - SHOPATOA.COM","isPartOf":{"@id":"https:\/\/shopatoa.com\/cz\/#website"},"primaryImageOfPage":{"@id":"https:\/\/shopatoa.com\/cz\/sportalm-snowy-velikost\/#primaryimage"},"image":{"@id":"https:\/\/shopatoa.com\/cz\/sportalm-snowy-velikost\/#primaryimage"},"thumbnailUrl":"https:\/\/shopatoa.com\/cz\/wp-content\/uploads\/2025\/02\/47285-5_sportalm-snowy.png","datePublished":"2025-02-14T19:48:25+00:00","dateModified":"2025-03-14T20:55:55+00:00","description":"St\u0159ih H\u0159ejivost Stretch Vod\u011bodolnost Oble\u010den\u00ed je obepnuto kolem t\u011bla Vhodn\u00e9 pro chladn\u011bj\u0161\u00ed po\u010das\u00ed p\u0159i teplot\u00e1ch od 2 do 10\u00b0C\u00a0 Vhodn\u00e1 pro slab\u00fd d\u00e9\u0161\u0165 \u00a0Tyto pohodln\u00e9 kalhoty Sportalm v p\u0159\u00edjemn\u00e9 softshellov\u00e9 jet kvalit\u011b dodaj\u00ed va\u0161emu ly\u017ea\u0159sk\u00e9mu outfitu maxim\u00e1ln\u00ed styl. Stylov\u00e9 detaily, jako nap\u0159\u00edklad v\u00fd\u0161ivka loga a zipy vp\u0159edu, upoutaj\u00ed pozornost. Sportovn\u00ed linie a pro\u0161\u00edv\u00e1n\u00ed na polstrovan\u00e9 oblasti kolen jsou le\u017e\u00e9rn\u00ed. Nylonov\u00e9 v\u011btrovky na spodn\u00edm okraji zaru\u010duj\u00ed such\u00e9 nohy. D\u00edky jemn\u00e9 barv\u011b jsou tyto kalhoty univerz\u00e1ln\u00ed. Elastan - 7% Polyamid - 93%","breadcrumb":{"@id":"https:\/\/shopatoa.com\/cz\/sportalm-snowy-velikost\/#breadcrumb"},"inLanguage":"cs","potentialAction":[{"@type":"ReadAction","target":["https:\/\/shopatoa.com\/cz\/sportalm-snowy-velikost\/"]}]},{"@type":"ImageObject","inLanguage":"cs","@id":"https:\/\/shopatoa.com\/cz\/sportalm-snowy-velikost\/#primaryimage","url":"https:\/\/shopatoa.com\/cz\/wp-content\/uploads\/2025\/02\/47285-5_sportalm-snowy.png","contentUrl":"https:\/\/shopatoa.com\/cz\/wp-content\/uploads\/2025\/02\/47285-5_sportalm-snowy.png","width":545,"height":1632},{"@type":"BreadcrumbList","@id":"https:\/\/shopatoa.com\/cz\/sportalm-snowy-velikost\/#breadcrumb","itemListElement":[{"@type":"ListItem","position":1,"name":"Dom\u016f","item":"https:\/\/shopatoa.com\/cz\/"},{"@type":"ListItem","position":2,"name":"Produkty","item":"https:\/\/shopatoa.com\/cz\/shop\/"},{"@type":"ListItem","position":3,"name":"Oble\u010den\u00ed a m\u00f3da","item":"https:\/\/shopatoa.com\/cz\/obleceni-a-moda\/"},{"@type":"ListItem","position":4,"name":"Oble\u010den\u00ed","item":"https:\/\/shopatoa.com\/cz\/obleceni\/"},{"@type":"ListItem","position":5,"name":"Kalhoty","item":"https:\/\/shopatoa.com\/cz\/kalhoty\/"},{"@type":"ListItem","position":6,"name":"SPORTALM SNOWY Velikost:"}]},{"@type":"WebSite","@id":"https:\/\/shopatoa.com\/cz\/#website","url":"https:\/\/shopatoa.com\/cz\/","name":"SHOPATOA","description":"","publisher":{"@id":"https:\/\/shopatoa.com\/cz\/#organization"},"potentialAction":[{"@type":"SearchAction","target":{"@type":"EntryPoint","urlTemplate":"https:\/\/shopatoa.com\/cz\/?s={search_term_string}"},"query-input":{"@type":"PropertyValueSpecification","valueRequired":true,"valueName":"search_term_string"}}],"inLanguage":"cs"},{"@type":"Organization","@id":"https:\/\/shopatoa.com\/cz\/#organization","name":"SHOPATOA Digital s.r.o.","url":"https:\/\/shopatoa.com\/cz\/","logo":{"@type":"ImageObject","inLanguage":"cs","@id":"https:\/\/shopatoa.com\/cz\/#\/schema\/logo\/image\/","url":"https:\/\/storage.googleapis.com\/cz-shopatoa-img\/cz\/ebccf434-shopatoa_logo.png","contentUrl":"https:\/\/storage.googleapis.com\/cz-shopatoa-img\/cz\/ebccf434-shopatoa_logo.png","width":416,"height":63,"caption":"SHOPATOA Digital s.r.o."},"image":{"@id":"https:\/\/shopatoa.com\/cz\/#\/schema\/logo\/image\/"}}]}},"_links":{"self":[{"href":"https:\/\/shopatoa.com\/cz\/wp-json\/wp\/v2\/product\/130425","targetHints":{"allow":["GET"]}}],"collection":[{"href":"https:\/\/shopatoa.com\/cz\/wp-json\/wp\/v2\/product"}],"about":[{"href":"https:\/\/shopatoa.com\/cz\/wp-json\/wp\/v2\/types\/product"}],"replies":[{"embeddable":true,"href":"https:\/\/shopatoa.com\/cz\/wp-json\/wp\/v2\/comments?post=130425"}],"wp:featuredmedia":[{"embeddable":true,"href":"https:\/\/shopatoa.com\/cz\/wp-json\/wp\/v2\/media\/130426"}],"wp:attachment":[{"href":"https:\/\/shopatoa.com\/cz\/wp-json\/wp\/v2\/media?parent=130425"}],"wp:term":[{"taxonomy":"product_brand","embeddable":true,"href":"https:\/\/shopatoa.com\/cz\/wp-json\/wp\/v2\/product_brand?post=130425"},{"taxonomy":"product_cat","embeddable":true,"href":"https:\/\/shopatoa.com\/cz\/wp-json\/wp\/v2\/product_cat?post=130425"},{"taxonomy":"product_tag","embeddable":true,"href":"https:\/\/shopatoa.com\/cz\/wp-json\/wp\/v2\/product_tag?post=130425"}],"curies":[{"name":"wp","href":"https:\/\/api.w.org\/{rel}","templated":true}]}}