{"id":130429,"date":"2025-02-14T20:48:25","date_gmt":"2025-02-14T19:48:25","guid":{"rendered":"https:\/\/shopatoa.com\/cz\/sportalm-yungle-velikost-34\/"},"modified":"2025-03-14T21:56:00","modified_gmt":"2025-03-14T20:56:00","slug":"sportalm-yungle-velikost-34","status":"publish","type":"product","link":"https:\/\/shopatoa.com\/cz\/sportalm-yungle-velikost-34\/","title":{"rendered":"Sportalm Yungle Velikost: 34"},"content":{"rendered":"<p>St\u0159ih<br \/>\nH\u0159ejivost<\/p>\n<p>Oble\u010den\u00ed jemn\u011b voln\u00e9 kolem t\u011bla<br \/>\nVhodn\u00e9 pro chladn\u011bj\u0161\u00ed po\u010das\u00ed p\u0159i teplot\u00e1ch od 2 do 10\u00b0C \u00a0<\/p>\n<p>\u00a0Skv\u011bl\u00e1 a lehk\u00e1 vesta s nylonov\u00fdm povrchem a ply\u0161ovou pod\u0161\u00edvkou z polyesteru. Modern\u00ed st\u0159ih s prodlou\u017een\u00fdmi rameny a leskl\u00e1 \u010dern\u00e1 o\u017eiv\u00ed ka\u017ed\u00fd v\u00e1\u0161 outfit. Stylov\u00e9 cik-cakov\u00e9 pro\u0161it\u00ed zaji\u0161\u0165uje dokonal\u00fd design vesty. Kapuce m\u00e1 nastavitelnou \u0161\u00ed\u0159ku &#8211; lze ji st\u00e1hnout \u0161\u0148\u016frkami. Na zadn\u00ed \u010d\u00e1sti se nach\u00e1z\u00ed gumov\u00fd p\u00e1s, kter\u00fd pln\u00ed dv\u011b funkce \u2013 p\u0159edn\u00ed funkc\u00ed je volnost pohybu. Pohyb ve vest\u011b nen\u00ed d\u00edky elasticit\u011b gumy ni\u010d\u00edm omezov\u00e1n. Druhou funkc\u00ed je skv\u011bl\u00e9 oblapen\u00ed pasu, d\u00edky \u010demu\u017e vesta dr\u017e\u00ed sv\u016fj tvar a dod\u00e1v\u00e1 \u017eensk\u00e9 postav\u011b kr\u00e1snou linii. Zap\u00edn\u00e1n\u00ed vesty je na patentky a vesta m\u00e1 dv\u011b u\u017eite\u010dn\u00e9 diagon\u00e1ln\u011b integrovan\u00e9 kapsy na zip.<\/p>\n<p>materi\u00e1l: 100% polyester<\/p>\n<p>kapuce: \u0161irok\u00e1, nastaviteln\u00e1<\/p>\n<p>zap\u00edn\u00e1n\u00ed: druky (patentky)<\/p>\n<p>st\u0159ih: regular fit<\/p>\n<p>kapsy: 2 p\u0159edn\u00ed kapsy<\/p>\n<p>kolekce:\u00a0M.Y.S.T.I.C<\/p>\n","protected":false},"excerpt":{"rendered":"<p>St\u0159ih H\u0159ejivost Oble\u010den\u00ed jemn\u011b voln\u00e9 kolem t\u011bla Vhodn\u00e9 pro chladn\u011bj\u0161\u00ed po\u010das\u00ed p\u0159i teplot\u00e1ch od 2 do 10\u00b0C \u00a0 \u00a0Skv\u011bl\u00e1 a lehk\u00e1 vesta s nylonov\u00fdm povrchem a ply\u0161ovou pod\u0161\u00edvkou z polyesteru. Modern\u00ed st\u0159ih s prodlou\u017een\u00fdmi rameny a leskl\u00e1 \u010dern\u00e1 o\u017eiv\u00ed ka\u017ed\u00fd v\u00e1\u0161 outfit. Stylov\u00e9 cik-cakov\u00e9 pro\u0161it\u00ed zaji\u0161\u0165uje dokonal\u00fd design vesty. Kapuce m\u00e1 nastavitelnou \u0161\u00ed\u0159ku &#8211; lze&#8230;<\/p>\n","protected":false},"featured_media":130430,"comment_status":"closed","ping_status":"open","template":"","meta":{"_acf_changed":false,"_kadence_starter_templates_imported_post":false,"_kad_post_transparent":"","_kad_post_title":"","_kad_post_layout":"","_kad_post_sidebar_id":"","_kad_post_content_style":"","_kad_post_vertical_padding":"","_kad_post_feature":"","_kad_post_feature_position":"","_kad_post_header":false,"_kad_post_footer":false,"_kad_post_classname":""},"product_brand":[],"product_cat":[173,174,48],"product_tag":[],"class_list":{"0":"post-130429","1":"product","2":"type-product","3":"status-publish","4":"has-post-thumbnail","6":"product_cat-fitness","7":"product_cat-ostatni-fitness-naradi","8":"product_cat-sport","9":"pa_obchod-sportby-cz","10":"pa_pohlavi-zena","12":"first","13":"instock","14":"product-type-external","15":"entry","16":"content-bg","17":"loop-entry"},"acf":[],"yoast_head":"<!-- This site is optimized with the Yoast SEO plugin v27.4 - https:\/\/yoast.com\/product\/yoast-seo-wordpress\/ -->\n<title>Sportalm Yungle Velikost: 34 - SHOPATOA.COM<\/title>\n<meta name=\"description\" content=\"St\u0159ih H\u0159ejivost Oble\u010den\u00ed jemn\u011b voln\u00e9 kolem t\u011bla Vhodn\u00e9 pro chladn\u011bj\u0161\u00ed po\u010das\u00ed p\u0159i teplot\u00e1ch od 2 do 10\u00b0C \u00a0 \u00a0Skv\u011bl\u00e1 a lehk\u00e1 vesta s nylonov\u00fdm povrchem a ply\u0161ovou pod\u0161\u00edvkou z polyesteru. Modern\u00ed st\u0159ih s prodlou\u017een\u00fdmi rameny a leskl\u00e1 \u010dern\u00e1 o\u017eiv\u00ed ka\u017ed\u00fd v\u00e1\u0161 outfit. Stylov\u00e9 cik-cakov\u00e9 pro\u0161it\u00ed zaji\u0161\u0165uje dokonal\u00fd design vesty. Kapuce m\u00e1 nastavitelnou \u0161\u00ed\u0159ku - lze ji st\u00e1hnout \u0161\u0148\u016frkami. Na zadn\u00ed \u010d\u00e1sti se nach\u00e1z\u00ed gumov\u00fd p\u00e1s, kter\u00fd pln\u00ed dv\u011b funkce \u2013 p\u0159edn\u00ed funkc\u00ed je volnost pohybu. Pohyb ve vest\u011b nen\u00ed d\u00edky elasticit\u011b gumy ni\u010d\u00edm omezov\u00e1n. Druhou funkc\u00ed je skv\u011bl\u00e9 oblapen\u00ed pasu, d\u00edky \u010demu\u017e vesta dr\u017e\u00ed sv\u016fj tvar a dod\u00e1v\u00e1 \u017eensk\u00e9 postav\u011b kr\u00e1snou linii. Zap\u00edn\u00e1n\u00ed vesty je na patentky a vesta m\u00e1 dv\u011b u\u017eite\u010dn\u00e9 diagon\u00e1ln\u011b integrovan\u00e9 kapsy na zip. materi\u00e1l: 100% polyester kapuce: \u0161irok\u00e1, nastaviteln\u00e1 zap\u00edn\u00e1n\u00ed: druky (patentky) st\u0159ih: regular fit kapsy: 2 p\u0159edn\u00ed kapsy kolekce:\u00a0M.Y.S.T.I.C\" \/>\n<meta name=\"robots\" content=\"index, follow, max-snippet:-1, max-image-preview:large, max-video-preview:-1\" \/>\n<link rel=\"canonical\" href=\"https:\/\/shopatoa.com\/cz\/sportalm-yungle-velikost-34\/\" \/>\n<meta property=\"og:locale\" content=\"cs_CZ\" \/>\n<meta property=\"og:type\" content=\"article\" \/>\n<meta property=\"og:title\" content=\"Sportalm Yungle Velikost: 34 - SHOPATOA.COM\" \/>\n<meta property=\"og:description\" content=\"St\u0159ih H\u0159ejivost Oble\u010den\u00ed jemn\u011b voln\u00e9 kolem t\u011bla Vhodn\u00e9 pro chladn\u011bj\u0161\u00ed po\u010das\u00ed p\u0159i teplot\u00e1ch od 2 do 10\u00b0C \u00a0 \u00a0Skv\u011bl\u00e1 a lehk\u00e1 vesta s nylonov\u00fdm povrchem a ply\u0161ovou pod\u0161\u00edvkou z polyesteru. Modern\u00ed st\u0159ih s prodlou\u017een\u00fdmi rameny a leskl\u00e1 \u010dern\u00e1 o\u017eiv\u00ed ka\u017ed\u00fd v\u00e1\u0161 outfit. Stylov\u00e9 cik-cakov\u00e9 pro\u0161it\u00ed zaji\u0161\u0165uje dokonal\u00fd design vesty. Kapuce m\u00e1 nastavitelnou \u0161\u00ed\u0159ku - lze ji st\u00e1hnout \u0161\u0148\u016frkami. Na zadn\u00ed \u010d\u00e1sti se nach\u00e1z\u00ed gumov\u00fd p\u00e1s, kter\u00fd pln\u00ed dv\u011b funkce \u2013 p\u0159edn\u00ed funkc\u00ed je volnost pohybu. Pohyb ve vest\u011b nen\u00ed d\u00edky elasticit\u011b gumy ni\u010d\u00edm omezov\u00e1n. Druhou funkc\u00ed je skv\u011bl\u00e9 oblapen\u00ed pasu, d\u00edky \u010demu\u017e vesta dr\u017e\u00ed sv\u016fj tvar a dod\u00e1v\u00e1 \u017eensk\u00e9 postav\u011b kr\u00e1snou linii. Zap\u00edn\u00e1n\u00ed vesty je na patentky a vesta m\u00e1 dv\u011b u\u017eite\u010dn\u00e9 diagon\u00e1ln\u011b integrovan\u00e9 kapsy na zip. materi\u00e1l: 100% polyester kapuce: \u0161irok\u00e1, nastaviteln\u00e1 zap\u00edn\u00e1n\u00ed: druky (patentky) st\u0159ih: regular fit kapsy: 2 p\u0159edn\u00ed kapsy kolekce:\u00a0M.Y.S.T.I.C\" \/>\n<meta property=\"og:url\" content=\"https:\/\/shopatoa.com\/cz\/sportalm-yungle-velikost-34\/\" \/>\n<meta property=\"og:site_name\" content=\"SHOPATOA\" \/>\n<meta property=\"article:modified_time\" content=\"2025-03-14T20:56:00+00:00\" \/>\n<meta property=\"og:image\" content=\"https:\/\/shopatoa.com\/cz\/wp-content\/uploads\/2025\/02\/47372-2_sportalm-yungle.png\" \/>\n\t<meta property=\"og:image:width\" content=\"501\" \/>\n\t<meta property=\"og:image:height\" content=\"766\" \/>\n\t<meta property=\"og:image:type\" content=\"image\/png\" \/>\n<meta name=\"twitter:card\" content=\"summary_large_image\" \/>\n<meta name=\"twitter:label1\" content=\"Odhadovan\u00e1 doba \u010dten\u00ed\" \/>\n\t<meta name=\"twitter:data1\" content=\"1 minuta\" \/>\n<script type=\"application\/ld+json\" class=\"yoast-schema-graph\">{\"@context\":\"https:\\\/\\\/schema.org\",\"@graph\":[{\"@type\":\"WebPage\",\"@id\":\"https:\\\/\\\/shopatoa.com\\\/cz\\\/sportalm-yungle-velikost-34\\\/\",\"url\":\"https:\\\/\\\/shopatoa.com\\\/cz\\\/sportalm-yungle-velikost-34\\\/\",\"name\":\"Sportalm Yungle Velikost: 34 - SHOPATOA.COM\",\"isPartOf\":{\"@id\":\"https:\\\/\\\/shopatoa.com\\\/cz\\\/#website\"},\"primaryImageOfPage\":{\"@id\":\"https:\\\/\\\/shopatoa.com\\\/cz\\\/sportalm-yungle-velikost-34\\\/#primaryimage\"},\"image\":{\"@id\":\"https:\\\/\\\/shopatoa.com\\\/cz\\\/sportalm-yungle-velikost-34\\\/#primaryimage\"},\"thumbnailUrl\":\"https:\\\/\\\/shopatoa.com\\\/cz\\\/wp-content\\\/uploads\\\/2025\\\/02\\\/47372-2_sportalm-yungle.png\",\"datePublished\":\"2025-02-14T19:48:25+00:00\",\"dateModified\":\"2025-03-14T20:56:00+00:00\",\"description\":\"St\u0159ih H\u0159ejivost Oble\u010den\u00ed jemn\u011b voln\u00e9 kolem t\u011bla Vhodn\u00e9 pro chladn\u011bj\u0161\u00ed po\u010das\u00ed p\u0159i teplot\u00e1ch od 2 do 10\u00b0C \u00a0 \u00a0Skv\u011bl\u00e1 a lehk\u00e1 vesta s nylonov\u00fdm povrchem a ply\u0161ovou pod\u0161\u00edvkou z polyesteru. Modern\u00ed st\u0159ih s prodlou\u017een\u00fdmi rameny a leskl\u00e1 \u010dern\u00e1 o\u017eiv\u00ed ka\u017ed\u00fd v\u00e1\u0161 outfit. Stylov\u00e9 cik-cakov\u00e9 pro\u0161it\u00ed zaji\u0161\u0165uje dokonal\u00fd design vesty. Kapuce m\u00e1 nastavitelnou \u0161\u00ed\u0159ku - lze ji st\u00e1hnout \u0161\u0148\u016frkami. Na zadn\u00ed \u010d\u00e1sti se nach\u00e1z\u00ed gumov\u00fd p\u00e1s, kter\u00fd pln\u00ed dv\u011b funkce \u2013 p\u0159edn\u00ed funkc\u00ed je volnost pohybu. Pohyb ve vest\u011b nen\u00ed d\u00edky elasticit\u011b gumy ni\u010d\u00edm omezov\u00e1n. Druhou funkc\u00ed je skv\u011bl\u00e9 oblapen\u00ed pasu, d\u00edky \u010demu\u017e vesta dr\u017e\u00ed sv\u016fj tvar a dod\u00e1v\u00e1 \u017eensk\u00e9 postav\u011b kr\u00e1snou linii. Zap\u00edn\u00e1n\u00ed vesty je na patentky a vesta m\u00e1 dv\u011b u\u017eite\u010dn\u00e9 diagon\u00e1ln\u011b integrovan\u00e9 kapsy na zip. materi\u00e1l: 100% polyester kapuce: \u0161irok\u00e1, nastaviteln\u00e1 zap\u00edn\u00e1n\u00ed: druky (patentky) st\u0159ih: regular fit kapsy: 2 p\u0159edn\u00ed kapsy kolekce:\u00a0M.Y.S.T.I.C\",\"breadcrumb\":{\"@id\":\"https:\\\/\\\/shopatoa.com\\\/cz\\\/sportalm-yungle-velikost-34\\\/#breadcrumb\"},\"inLanguage\":\"cs\",\"potentialAction\":[{\"@type\":\"ReadAction\",\"target\":[\"https:\\\/\\\/shopatoa.com\\\/cz\\\/sportalm-yungle-velikost-34\\\/\"]}]},{\"@type\":\"ImageObject\",\"inLanguage\":\"cs\",\"@id\":\"https:\\\/\\\/shopatoa.com\\\/cz\\\/sportalm-yungle-velikost-34\\\/#primaryimage\",\"url\":\"https:\\\/\\\/shopatoa.com\\\/cz\\\/wp-content\\\/uploads\\\/2025\\\/02\\\/47372-2_sportalm-yungle.png\",\"contentUrl\":\"https:\\\/\\\/shopatoa.com\\\/cz\\\/wp-content\\\/uploads\\\/2025\\\/02\\\/47372-2_sportalm-yungle.png\",\"width\":501,\"height\":766},{\"@type\":\"BreadcrumbList\",\"@id\":\"https:\\\/\\\/shopatoa.com\\\/cz\\\/sportalm-yungle-velikost-34\\\/#breadcrumb\",\"itemListElement\":[{\"@type\":\"ListItem\",\"position\":1,\"name\":\"Dom\u016f\",\"item\":\"https:\\\/\\\/shopatoa.com\\\/cz\\\/\"},{\"@type\":\"ListItem\",\"position\":2,\"name\":\"Produkty\",\"item\":\"https:\\\/\\\/shopatoa.com\\\/cz\\\/shop\\\/\"},{\"@type\":\"ListItem\",\"position\":3,\"name\":\"Sport\",\"item\":\"https:\\\/\\\/shopatoa.com\\\/cz\\\/sport\\\/\"},{\"@type\":\"ListItem\",\"position\":4,\"name\":\"Fitness\",\"item\":\"https:\\\/\\\/shopatoa.com\\\/cz\\\/fitness\\\/\"},{\"@type\":\"ListItem\",\"position\":5,\"name\":\"Ostatn\u00ed fitness n\u00e1\u0159ad\u00ed\",\"item\":\"https:\\\/\\\/shopatoa.com\\\/cz\\\/ostatni-fitness-naradi\\\/\"},{\"@type\":\"ListItem\",\"position\":6,\"name\":\"Sportalm Yungle Velikost: 34\"}]},{\"@type\":\"WebSite\",\"@id\":\"https:\\\/\\\/shopatoa.com\\\/cz\\\/#website\",\"url\":\"https:\\\/\\\/shopatoa.com\\\/cz\\\/\",\"name\":\"SHOPATOA\",\"description\":\"\",\"publisher\":{\"@id\":\"https:\\\/\\\/shopatoa.com\\\/cz\\\/#organization\"},\"potentialAction\":[{\"@type\":\"SearchAction\",\"target\":{\"@type\":\"EntryPoint\",\"urlTemplate\":\"https:\\\/\\\/shopatoa.com\\\/cz\\\/?s={search_term_string}\"},\"query-input\":{\"@type\":\"PropertyValueSpecification\",\"valueRequired\":true,\"valueName\":\"search_term_string\"}}],\"inLanguage\":\"cs\"},{\"@type\":\"Organization\",\"@id\":\"https:\\\/\\\/shopatoa.com\\\/cz\\\/#organization\",\"name\":\"SHOPATOA Digital s.r.o.\",\"url\":\"https:\\\/\\\/shopatoa.com\\\/cz\\\/\",\"logo\":{\"@type\":\"ImageObject\",\"inLanguage\":\"cs\",\"@id\":\"https:\\\/\\\/shopatoa.com\\\/cz\\\/#\\\/schema\\\/logo\\\/image\\\/\",\"url\":\"https:\\\/\\\/storage.googleapis.com\\\/cz-shopatoa-img\\\/cz\\\/ebccf434-shopatoa_logo.png\",\"contentUrl\":\"https:\\\/\\\/storage.googleapis.com\\\/cz-shopatoa-img\\\/cz\\\/ebccf434-shopatoa_logo.png\",\"width\":416,\"height\":63,\"caption\":\"SHOPATOA Digital s.r.o.\"},\"image\":{\"@id\":\"https:\\\/\\\/shopatoa.com\\\/cz\\\/#\\\/schema\\\/logo\\\/image\\\/\"}}]}<\/script>\n<!-- \/ Yoast SEO plugin. -->","yoast_head_json":{"title":"Sportalm Yungle Velikost: 34 - SHOPATOA.COM","description":"St\u0159ih H\u0159ejivost Oble\u010den\u00ed jemn\u011b voln\u00e9 kolem t\u011bla Vhodn\u00e9 pro chladn\u011bj\u0161\u00ed po\u010das\u00ed p\u0159i teplot\u00e1ch od 2 do 10\u00b0C \u00a0 \u00a0Skv\u011bl\u00e1 a lehk\u00e1 vesta s nylonov\u00fdm povrchem a ply\u0161ovou pod\u0161\u00edvkou z polyesteru. Modern\u00ed st\u0159ih s prodlou\u017een\u00fdmi rameny a leskl\u00e1 \u010dern\u00e1 o\u017eiv\u00ed ka\u017ed\u00fd v\u00e1\u0161 outfit. Stylov\u00e9 cik-cakov\u00e9 pro\u0161it\u00ed zaji\u0161\u0165uje dokonal\u00fd design vesty. Kapuce m\u00e1 nastavitelnou \u0161\u00ed\u0159ku - lze ji st\u00e1hnout \u0161\u0148\u016frkami. Na zadn\u00ed \u010d\u00e1sti se nach\u00e1z\u00ed gumov\u00fd p\u00e1s, kter\u00fd pln\u00ed dv\u011b funkce \u2013 p\u0159edn\u00ed funkc\u00ed je volnost pohybu. Pohyb ve vest\u011b nen\u00ed d\u00edky elasticit\u011b gumy ni\u010d\u00edm omezov\u00e1n. Druhou funkc\u00ed je skv\u011bl\u00e9 oblapen\u00ed pasu, d\u00edky \u010demu\u017e vesta dr\u017e\u00ed sv\u016fj tvar a dod\u00e1v\u00e1 \u017eensk\u00e9 postav\u011b kr\u00e1snou linii. Zap\u00edn\u00e1n\u00ed vesty je na patentky a vesta m\u00e1 dv\u011b u\u017eite\u010dn\u00e9 diagon\u00e1ln\u011b integrovan\u00e9 kapsy na zip. materi\u00e1l: 100% polyester kapuce: \u0161irok\u00e1, nastaviteln\u00e1 zap\u00edn\u00e1n\u00ed: druky (patentky) st\u0159ih: regular fit kapsy: 2 p\u0159edn\u00ed kapsy kolekce:\u00a0M.Y.S.T.I.C","robots":{"index":"index","follow":"follow","max-snippet":"max-snippet:-1","max-image-preview":"max-image-preview:large","max-video-preview":"max-video-preview:-1"},"canonical":"https:\/\/shopatoa.com\/cz\/sportalm-yungle-velikost-34\/","og_locale":"cs_CZ","og_type":"article","og_title":"Sportalm Yungle Velikost: 34 - SHOPATOA.COM","og_description":"St\u0159ih H\u0159ejivost Oble\u010den\u00ed jemn\u011b voln\u00e9 kolem t\u011bla Vhodn\u00e9 pro chladn\u011bj\u0161\u00ed po\u010das\u00ed p\u0159i teplot\u00e1ch od 2 do 10\u00b0C \u00a0 \u00a0Skv\u011bl\u00e1 a lehk\u00e1 vesta s nylonov\u00fdm povrchem a ply\u0161ovou pod\u0161\u00edvkou z polyesteru. Modern\u00ed st\u0159ih s prodlou\u017een\u00fdmi rameny a leskl\u00e1 \u010dern\u00e1 o\u017eiv\u00ed ka\u017ed\u00fd v\u00e1\u0161 outfit. Stylov\u00e9 cik-cakov\u00e9 pro\u0161it\u00ed zaji\u0161\u0165uje dokonal\u00fd design vesty. Kapuce m\u00e1 nastavitelnou \u0161\u00ed\u0159ku - lze ji st\u00e1hnout \u0161\u0148\u016frkami. Na zadn\u00ed \u010d\u00e1sti se nach\u00e1z\u00ed gumov\u00fd p\u00e1s, kter\u00fd pln\u00ed dv\u011b funkce \u2013 p\u0159edn\u00ed funkc\u00ed je volnost pohybu. Pohyb ve vest\u011b nen\u00ed d\u00edky elasticit\u011b gumy ni\u010d\u00edm omezov\u00e1n. Druhou funkc\u00ed je skv\u011bl\u00e9 oblapen\u00ed pasu, d\u00edky \u010demu\u017e vesta dr\u017e\u00ed sv\u016fj tvar a dod\u00e1v\u00e1 \u017eensk\u00e9 postav\u011b kr\u00e1snou linii. Zap\u00edn\u00e1n\u00ed vesty je na patentky a vesta m\u00e1 dv\u011b u\u017eite\u010dn\u00e9 diagon\u00e1ln\u011b integrovan\u00e9 kapsy na zip. materi\u00e1l: 100% polyester kapuce: \u0161irok\u00e1, nastaviteln\u00e1 zap\u00edn\u00e1n\u00ed: druky (patentky) st\u0159ih: regular fit kapsy: 2 p\u0159edn\u00ed kapsy kolekce:\u00a0M.Y.S.T.I.C","og_url":"https:\/\/shopatoa.com\/cz\/sportalm-yungle-velikost-34\/","og_site_name":"SHOPATOA","article_modified_time":"2025-03-14T20:56:00+00:00","og_image":[{"width":501,"height":766,"url":"https:\/\/shopatoa.com\/cz\/wp-content\/uploads\/2025\/02\/47372-2_sportalm-yungle.png","type":"image\/png"}],"twitter_card":"summary_large_image","twitter_misc":{"Odhadovan\u00e1 doba \u010dten\u00ed":"1 minuta"},"schema":{"@context":"https:\/\/schema.org","@graph":[{"@type":"WebPage","@id":"https:\/\/shopatoa.com\/cz\/sportalm-yungle-velikost-34\/","url":"https:\/\/shopatoa.com\/cz\/sportalm-yungle-velikost-34\/","name":"Sportalm Yungle Velikost: 34 - SHOPATOA.COM","isPartOf":{"@id":"https:\/\/shopatoa.com\/cz\/#website"},"primaryImageOfPage":{"@id":"https:\/\/shopatoa.com\/cz\/sportalm-yungle-velikost-34\/#primaryimage"},"image":{"@id":"https:\/\/shopatoa.com\/cz\/sportalm-yungle-velikost-34\/#primaryimage"},"thumbnailUrl":"https:\/\/shopatoa.com\/cz\/wp-content\/uploads\/2025\/02\/47372-2_sportalm-yungle.png","datePublished":"2025-02-14T19:48:25+00:00","dateModified":"2025-03-14T20:56:00+00:00","description":"St\u0159ih H\u0159ejivost Oble\u010den\u00ed jemn\u011b voln\u00e9 kolem t\u011bla Vhodn\u00e9 pro chladn\u011bj\u0161\u00ed po\u010das\u00ed p\u0159i teplot\u00e1ch od 2 do 10\u00b0C \u00a0 \u00a0Skv\u011bl\u00e1 a lehk\u00e1 vesta s nylonov\u00fdm povrchem a ply\u0161ovou pod\u0161\u00edvkou z polyesteru. Modern\u00ed st\u0159ih s prodlou\u017een\u00fdmi rameny a leskl\u00e1 \u010dern\u00e1 o\u017eiv\u00ed ka\u017ed\u00fd v\u00e1\u0161 outfit. Stylov\u00e9 cik-cakov\u00e9 pro\u0161it\u00ed zaji\u0161\u0165uje dokonal\u00fd design vesty. Kapuce m\u00e1 nastavitelnou \u0161\u00ed\u0159ku - lze ji st\u00e1hnout \u0161\u0148\u016frkami. Na zadn\u00ed \u010d\u00e1sti se nach\u00e1z\u00ed gumov\u00fd p\u00e1s, kter\u00fd pln\u00ed dv\u011b funkce \u2013 p\u0159edn\u00ed funkc\u00ed je volnost pohybu. Pohyb ve vest\u011b nen\u00ed d\u00edky elasticit\u011b gumy ni\u010d\u00edm omezov\u00e1n. Druhou funkc\u00ed je skv\u011bl\u00e9 oblapen\u00ed pasu, d\u00edky \u010demu\u017e vesta dr\u017e\u00ed sv\u016fj tvar a dod\u00e1v\u00e1 \u017eensk\u00e9 postav\u011b kr\u00e1snou linii. Zap\u00edn\u00e1n\u00ed vesty je na patentky a vesta m\u00e1 dv\u011b u\u017eite\u010dn\u00e9 diagon\u00e1ln\u011b integrovan\u00e9 kapsy na zip. materi\u00e1l: 100% polyester kapuce: \u0161irok\u00e1, nastaviteln\u00e1 zap\u00edn\u00e1n\u00ed: druky (patentky) st\u0159ih: regular fit kapsy: 2 p\u0159edn\u00ed kapsy kolekce:\u00a0M.Y.S.T.I.C","breadcrumb":{"@id":"https:\/\/shopatoa.com\/cz\/sportalm-yungle-velikost-34\/#breadcrumb"},"inLanguage":"cs","potentialAction":[{"@type":"ReadAction","target":["https:\/\/shopatoa.com\/cz\/sportalm-yungle-velikost-34\/"]}]},{"@type":"ImageObject","inLanguage":"cs","@id":"https:\/\/shopatoa.com\/cz\/sportalm-yungle-velikost-34\/#primaryimage","url":"https:\/\/shopatoa.com\/cz\/wp-content\/uploads\/2025\/02\/47372-2_sportalm-yungle.png","contentUrl":"https:\/\/shopatoa.com\/cz\/wp-content\/uploads\/2025\/02\/47372-2_sportalm-yungle.png","width":501,"height":766},{"@type":"BreadcrumbList","@id":"https:\/\/shopatoa.com\/cz\/sportalm-yungle-velikost-34\/#breadcrumb","itemListElement":[{"@type":"ListItem","position":1,"name":"Dom\u016f","item":"https:\/\/shopatoa.com\/cz\/"},{"@type":"ListItem","position":2,"name":"Produkty","item":"https:\/\/shopatoa.com\/cz\/shop\/"},{"@type":"ListItem","position":3,"name":"Sport","item":"https:\/\/shopatoa.com\/cz\/sport\/"},{"@type":"ListItem","position":4,"name":"Fitness","item":"https:\/\/shopatoa.com\/cz\/fitness\/"},{"@type":"ListItem","position":5,"name":"Ostatn\u00ed fitness n\u00e1\u0159ad\u00ed","item":"https:\/\/shopatoa.com\/cz\/ostatni-fitness-naradi\/"},{"@type":"ListItem","position":6,"name":"Sportalm Yungle Velikost: 34"}]},{"@type":"WebSite","@id":"https:\/\/shopatoa.com\/cz\/#website","url":"https:\/\/shopatoa.com\/cz\/","name":"SHOPATOA","description":"","publisher":{"@id":"https:\/\/shopatoa.com\/cz\/#organization"},"potentialAction":[{"@type":"SearchAction","target":{"@type":"EntryPoint","urlTemplate":"https:\/\/shopatoa.com\/cz\/?s={search_term_string}"},"query-input":{"@type":"PropertyValueSpecification","valueRequired":true,"valueName":"search_term_string"}}],"inLanguage":"cs"},{"@type":"Organization","@id":"https:\/\/shopatoa.com\/cz\/#organization","name":"SHOPATOA Digital s.r.o.","url":"https:\/\/shopatoa.com\/cz\/","logo":{"@type":"ImageObject","inLanguage":"cs","@id":"https:\/\/shopatoa.com\/cz\/#\/schema\/logo\/image\/","url":"https:\/\/storage.googleapis.com\/cz-shopatoa-img\/cz\/ebccf434-shopatoa_logo.png","contentUrl":"https:\/\/storage.googleapis.com\/cz-shopatoa-img\/cz\/ebccf434-shopatoa_logo.png","width":416,"height":63,"caption":"SHOPATOA Digital s.r.o."},"image":{"@id":"https:\/\/shopatoa.com\/cz\/#\/schema\/logo\/image\/"}}]}},"_links":{"self":[{"href":"https:\/\/shopatoa.com\/cz\/wp-json\/wp\/v2\/product\/130429","targetHints":{"allow":["GET"]}}],"collection":[{"href":"https:\/\/shopatoa.com\/cz\/wp-json\/wp\/v2\/product"}],"about":[{"href":"https:\/\/shopatoa.com\/cz\/wp-json\/wp\/v2\/types\/product"}],"replies":[{"embeddable":true,"href":"https:\/\/shopatoa.com\/cz\/wp-json\/wp\/v2\/comments?post=130429"}],"wp:featuredmedia":[{"embeddable":true,"href":"https:\/\/shopatoa.com\/cz\/wp-json\/wp\/v2\/media\/130430"}],"wp:attachment":[{"href":"https:\/\/shopatoa.com\/cz\/wp-json\/wp\/v2\/media?parent=130429"}],"wp:term":[{"taxonomy":"product_brand","embeddable":true,"href":"https:\/\/shopatoa.com\/cz\/wp-json\/wp\/v2\/product_brand?post=130429"},{"taxonomy":"product_cat","embeddable":true,"href":"https:\/\/shopatoa.com\/cz\/wp-json\/wp\/v2\/product_cat?post=130429"},{"taxonomy":"product_tag","embeddable":true,"href":"https:\/\/shopatoa.com\/cz\/wp-json\/wp\/v2\/product_tag?post=130429"}],"curies":[{"name":"wp","href":"https:\/\/api.w.org\/{rel}","templated":true}]}}