{"id":130459,"date":"2025-02-14T21:00:59","date_gmt":"2025-02-14T20:00:59","guid":{"rendered":"https:\/\/shopatoa.com\/cz\/unisex-boty-new-balance-u991br2-hnedy\/"},"modified":"2025-03-14T21:56:35","modified_gmt":"2025-03-14T20:56:35","slug":"unisex-boty-new-balance-u991br2-hnedy","status":"publish","type":"product","link":"https:\/\/shopatoa.com\/cz\/unisex-boty-new-balance-u991br2-hnedy\/","title":{"rendered":"Unisex boty New Balance U991BR2 \u2013 hn\u011bd\u00fd"},"content":{"rendered":"<p>Unisex boty New Balance Made in UK U991 \u2013 hn\u011bd\u00fd Klasick\u00e9 tenisky z \u0159ady New Balance Made in UK U991. Svr\u0161ek obuvi je vyroben z k\u016f\u017ee nejvy\u0161\u0161\u00ed kvality a textiln\u00edch materi\u00e1l\u016f. Obuv byla vyrobena s pou\u017eit\u00edm technologie N\u2013Durance, pod patou v mezipode\u0161vi byla um\u00ed\u0161t\u011bna gumov\u00e1 hmota, co\u017e v\u00fdrazn\u011b zvy\u0161uje trvalost a odolnost pode\u0161ve p\u0159i n\u00e1razech o tvrd\u00fd povrch. Vn\u011bj\u0161\u00ed pode\u0161ev m\u00e1 syst\u00e9m ABZORB, kter\u00fd absorbuje a rozpra\u0161uje energii vznikaj\u00edc\u00ed p\u0159i\u00a0n\u00e1razu boty o podklad. Technologie: Made in UK \u2013 obuv vyroben\u00e1 ve Velk\u00e9 Brit\u00e1nii. N\u2013Durance \u2013 gumov\u00e1 hmota pod patou v mezipode\u0161vi. Technologie N\u2013Durance v\u00fdrazn\u011b zvy\u0161uje trvalost a odolnost pode\u0161ve p\u0159i n\u00e1razech o tvrd\u00fd povrch. ABZORB \u2013 dokonal\u00e9 \u0159e\u0161en\u00ed pro amortizaci pode\u0161ve boty. Polymerov\u00fd d\u00edl absorbuje a rozpra\u0161uje energii vznikaj\u00edc\u00ed p\u0159i\u00a0n\u00e1razu boty o podklad.Odpov\u011bdn\u00fd subjekt: New Balance Europe BV A-Factorij, Pilotenstraat 35 \u2013 45 1059 CH Amsterdam Netherlands<\/p>\n","protected":false},"excerpt":{"rendered":"<p>Unisex boty New Balance Made in UK U991 \u2013 hn\u011bd\u00fd Klasick\u00e9 tenisky z \u0159ady New Balance Made in UK U991. Svr\u0161ek obuvi je vyroben z k\u016f\u017ee nejvy\u0161\u0161\u00ed kvality a textiln\u00edch materi\u00e1l\u016f. Obuv byla vyrobena s pou\u017eit\u00edm technologie N\u2013Durance, pod patou v mezipode\u0161vi byla um\u00ed\u0161t\u011bna gumov\u00e1 hmota, co\u017e v\u00fdrazn\u011b zvy\u0161uje trvalost a odolnost pode\u0161ve p\u0159i n\u00e1razech&#8230;<\/p>\n","protected":false},"featured_media":130460,"comment_status":"closed","ping_status":"open","template":"","meta":{"_acf_changed":false,"_kadence_starter_templates_imported_post":false,"_kad_post_transparent":"","_kad_post_title":"","_kad_post_layout":"","_kad_post_sidebar_id":"","_kad_post_content_style":"","_kad_post_vertical_padding":"","_kad_post_feature":"","_kad_post_feature_position":"","_kad_post_header":false,"_kad_post_footer":false,"_kad_post_classname":""},"product_brand":[],"product_cat":[31,25],"product_tag":[],"class_list":{"0":"post-130459","1":"product","2":"type-product","3":"status-publish","4":"has-post-thumbnail","6":"product_cat-boty","7":"product_cat-obleceni-a-moda","8":"pa_obchod-newbalance-cz","9":"pa_pohlavi-unisex","11":"first","12":"instock","13":"product-type-external","14":"entry","15":"content-bg","16":"loop-entry"},"acf":[],"yoast_head":"<!-- This site is optimized with the Yoast SEO plugin v27.4 - https:\/\/yoast.com\/product\/yoast-seo-wordpress\/ -->\n<title>Unisex boty New Balance U991BR2 \u2013 hn\u011bd\u00fd | SHOPATOA.COM<\/title>\n<meta name=\"description\" content=\"Unisex boty New Balance Made in UK U991 \u2013 hn\u011bd\u00fd Klasick\u00e9 tenisky z \u0159ady New Balance Made in UK U991. Svr\u0161ek obuvi je vyroben z k\u016f\u017ee nejvy\u0161\u0161\u00ed kvality a textiln\u00edch materi\u00e1l\u016f. Obuv byla vyrobena s pou\u017eit\u00edm technologie N\u2013Durance, pod patou v mezipode\u0161vi byla um\u00ed\u0161t\u011bna gumov\u00e1 hmota, co\u017e v\u00fdrazn\u011b zvy\u0161uje trvalost a odolnost pode\u0161ve p\u0159i n\u00e1razech o tvrd\u00fd povrch. Vn\u011bj\u0161\u00ed pode\u0161ev m\u00e1 syst\u00e9m ABZORB, kter\u00fd absorbuje a rozpra\u0161uje energii vznikaj\u00edc\u00ed p\u0159i\u00a0n\u00e1razu boty o podklad. Technologie: Made in UK \u2013 obuv vyroben\u00e1 ve Velk\u00e9 Brit\u00e1nii. N\u2013Durance \u2013 gumov\u00e1 hmota pod patou v mezipode\u0161vi. Technologie N\u2013Durance v\u00fdrazn\u011b zvy\u0161uje trvalost a odolnost pode\u0161ve p\u0159i n\u00e1razech o tvrd\u00fd povrch. ABZORB \u2013 dokonal\u00e9 \u0159e\u0161en\u00ed pro amortizaci pode\u0161ve boty. Polymerov\u00fd d\u00edl absorbuje a rozpra\u0161uje energii vznikaj\u00edc\u00ed p\u0159i\u00a0n\u00e1razu boty o podklad.Odpov\u011bdn\u00fd subjekt: New Balance Europe BV A-Factorij, Pilotenstraat 35 \u2013 45 1059 CH Amsterdam Netherlands\" \/>\n<meta name=\"robots\" content=\"index, follow, max-snippet:-1, max-image-preview:large, max-video-preview:-1\" \/>\n<link rel=\"canonical\" href=\"https:\/\/shopatoa.com\/cz\/unisex-boty-new-balance-u991br2-hnedy\/\" \/>\n<meta property=\"og:locale\" content=\"cs_CZ\" \/>\n<meta property=\"og:type\" content=\"article\" \/>\n<meta property=\"og:title\" content=\"Unisex boty New Balance U991BR2 \u2013 hn\u011bd\u00fd | SHOPATOA.COM\" \/>\n<meta property=\"og:description\" content=\"Unisex boty New Balance Made in UK U991 \u2013 hn\u011bd\u00fd Klasick\u00e9 tenisky z \u0159ady New Balance Made in UK U991. Svr\u0161ek obuvi je vyroben z k\u016f\u017ee nejvy\u0161\u0161\u00ed kvality a textiln\u00edch materi\u00e1l\u016f. Obuv byla vyrobena s pou\u017eit\u00edm technologie N\u2013Durance, pod patou v mezipode\u0161vi byla um\u00ed\u0161t\u011bna gumov\u00e1 hmota, co\u017e v\u00fdrazn\u011b zvy\u0161uje trvalost a odolnost pode\u0161ve p\u0159i n\u00e1razech o tvrd\u00fd povrch. Vn\u011bj\u0161\u00ed pode\u0161ev m\u00e1 syst\u00e9m ABZORB, kter\u00fd absorbuje a rozpra\u0161uje energii vznikaj\u00edc\u00ed p\u0159i\u00a0n\u00e1razu boty o podklad. Technologie: Made in UK \u2013 obuv vyroben\u00e1 ve Velk\u00e9 Brit\u00e1nii. N\u2013Durance \u2013 gumov\u00e1 hmota pod patou v mezipode\u0161vi. Technologie N\u2013Durance v\u00fdrazn\u011b zvy\u0161uje trvalost a odolnost pode\u0161ve p\u0159i n\u00e1razech o tvrd\u00fd povrch. ABZORB \u2013 dokonal\u00e9 \u0159e\u0161en\u00ed pro amortizaci pode\u0161ve boty. Polymerov\u00fd d\u00edl absorbuje a rozpra\u0161uje energii vznikaj\u00edc\u00ed p\u0159i\u00a0n\u00e1razu boty o podklad.Odpov\u011bdn\u00fd subjekt: New Balance Europe BV A-Factorij, Pilotenstraat 35 \u2013 45 1059 CH Amsterdam Netherlands\" \/>\n<meta property=\"og:url\" content=\"https:\/\/shopatoa.com\/cz\/unisex-boty-new-balance-u991br2-hnedy\/\" \/>\n<meta property=\"og:site_name\" content=\"SHOPATOA\" \/>\n<meta property=\"article:modified_time\" content=\"2025-03-14T20:56:35+00:00\" \/>\n<meta property=\"og:image\" content=\"https:\/\/shopatoa.com\/cz\/wp-content\/uploads\/2025\/02\/7c8bd76eaf63a3f4df1fe9d99380c585.png\" \/>\n\t<meta property=\"og:image:width\" content=\"800\" \/>\n\t<meta property=\"og:image:height\" content=\"800\" \/>\n\t<meta property=\"og:image:type\" content=\"image\/png\" \/>\n<meta name=\"twitter:card\" content=\"summary_large_image\" \/>\n<meta name=\"twitter:label1\" content=\"Odhadovan\u00e1 doba \u010dten\u00ed\" \/>\n\t<meta name=\"twitter:data1\" content=\"1 minuta\" \/>\n<script type=\"application\/ld+json\" class=\"yoast-schema-graph\">{\"@context\":\"https:\\\/\\\/schema.org\",\"@graph\":[{\"@type\":\"WebPage\",\"@id\":\"https:\\\/\\\/shopatoa.com\\\/cz\\\/unisex-boty-new-balance-u991br2-hnedy\\\/\",\"url\":\"https:\\\/\\\/shopatoa.com\\\/cz\\\/unisex-boty-new-balance-u991br2-hnedy\\\/\",\"name\":\"Unisex boty New Balance U991BR2 \u2013 hn\u011bd\u00fd | SHOPATOA.COM\",\"isPartOf\":{\"@id\":\"https:\\\/\\\/shopatoa.com\\\/cz\\\/#website\"},\"primaryImageOfPage\":{\"@id\":\"https:\\\/\\\/shopatoa.com\\\/cz\\\/unisex-boty-new-balance-u991br2-hnedy\\\/#primaryimage\"},\"image\":{\"@id\":\"https:\\\/\\\/shopatoa.com\\\/cz\\\/unisex-boty-new-balance-u991br2-hnedy\\\/#primaryimage\"},\"thumbnailUrl\":\"https:\\\/\\\/shopatoa.com\\\/cz\\\/wp-content\\\/uploads\\\/2025\\\/02\\\/7c8bd76eaf63a3f4df1fe9d99380c585.png\",\"datePublished\":\"2025-02-14T20:00:59+00:00\",\"dateModified\":\"2025-03-14T20:56:35+00:00\",\"description\":\"Unisex boty New Balance Made in UK U991 \u2013 hn\u011bd\u00fd Klasick\u00e9 tenisky z \u0159ady New Balance Made in UK U991. Svr\u0161ek obuvi je vyroben z k\u016f\u017ee nejvy\u0161\u0161\u00ed kvality a textiln\u00edch materi\u00e1l\u016f. Obuv byla vyrobena s pou\u017eit\u00edm technologie N\u2013Durance, pod patou v mezipode\u0161vi byla um\u00ed\u0161t\u011bna gumov\u00e1 hmota, co\u017e v\u00fdrazn\u011b zvy\u0161uje trvalost a odolnost pode\u0161ve p\u0159i n\u00e1razech o tvrd\u00fd povrch. Vn\u011bj\u0161\u00ed pode\u0161ev m\u00e1 syst\u00e9m ABZORB, kter\u00fd absorbuje a rozpra\u0161uje energii vznikaj\u00edc\u00ed p\u0159i\u00a0n\u00e1razu boty o podklad. Technologie: Made in UK \u2013 obuv vyroben\u00e1 ve Velk\u00e9 Brit\u00e1nii. N\u2013Durance \u2013 gumov\u00e1 hmota pod patou v mezipode\u0161vi. Technologie N\u2013Durance v\u00fdrazn\u011b zvy\u0161uje trvalost a odolnost pode\u0161ve p\u0159i n\u00e1razech o tvrd\u00fd povrch. ABZORB \u2013 dokonal\u00e9 \u0159e\u0161en\u00ed pro amortizaci pode\u0161ve boty. Polymerov\u00fd d\u00edl absorbuje a rozpra\u0161uje energii vznikaj\u00edc\u00ed p\u0159i\u00a0n\u00e1razu boty o podklad.Odpov\u011bdn\u00fd subjekt: New Balance Europe BV A-Factorij, Pilotenstraat 35 \u2013 45 1059 CH Amsterdam Netherlands\",\"breadcrumb\":{\"@id\":\"https:\\\/\\\/shopatoa.com\\\/cz\\\/unisex-boty-new-balance-u991br2-hnedy\\\/#breadcrumb\"},\"inLanguage\":\"cs\",\"potentialAction\":[{\"@type\":\"ReadAction\",\"target\":[\"https:\\\/\\\/shopatoa.com\\\/cz\\\/unisex-boty-new-balance-u991br2-hnedy\\\/\"]}]},{\"@type\":\"ImageObject\",\"inLanguage\":\"cs\",\"@id\":\"https:\\\/\\\/shopatoa.com\\\/cz\\\/unisex-boty-new-balance-u991br2-hnedy\\\/#primaryimage\",\"url\":\"https:\\\/\\\/shopatoa.com\\\/cz\\\/wp-content\\\/uploads\\\/2025\\\/02\\\/7c8bd76eaf63a3f4df1fe9d99380c585.png\",\"contentUrl\":\"https:\\\/\\\/shopatoa.com\\\/cz\\\/wp-content\\\/uploads\\\/2025\\\/02\\\/7c8bd76eaf63a3f4df1fe9d99380c585.png\",\"width\":800,\"height\":800},{\"@type\":\"BreadcrumbList\",\"@id\":\"https:\\\/\\\/shopatoa.com\\\/cz\\\/unisex-boty-new-balance-u991br2-hnedy\\\/#breadcrumb\",\"itemListElement\":[{\"@type\":\"ListItem\",\"position\":1,\"name\":\"Dom\u016f\",\"item\":\"https:\\\/\\\/shopatoa.com\\\/cz\\\/\"},{\"@type\":\"ListItem\",\"position\":2,\"name\":\"Produkty\",\"item\":\"https:\\\/\\\/shopatoa.com\\\/cz\\\/shop\\\/\"},{\"@type\":\"ListItem\",\"position\":3,\"name\":\"Oble\u010den\u00ed a m\u00f3da\",\"item\":\"https:\\\/\\\/shopatoa.com\\\/cz\\\/obleceni-a-moda\\\/\"},{\"@type\":\"ListItem\",\"position\":4,\"name\":\"Boty\",\"item\":\"https:\\\/\\\/shopatoa.com\\\/cz\\\/boty\\\/\"},{\"@type\":\"ListItem\",\"position\":5,\"name\":\"Unisex boty New Balance U991BR2 \u2013 hn\u011bd\u00fd\"}]},{\"@type\":\"WebSite\",\"@id\":\"https:\\\/\\\/shopatoa.com\\\/cz\\\/#website\",\"url\":\"https:\\\/\\\/shopatoa.com\\\/cz\\\/\",\"name\":\"SHOPATOA\",\"description\":\"\",\"publisher\":{\"@id\":\"https:\\\/\\\/shopatoa.com\\\/cz\\\/#organization\"},\"potentialAction\":[{\"@type\":\"SearchAction\",\"target\":{\"@type\":\"EntryPoint\",\"urlTemplate\":\"https:\\\/\\\/shopatoa.com\\\/cz\\\/?s={search_term_string}\"},\"query-input\":{\"@type\":\"PropertyValueSpecification\",\"valueRequired\":true,\"valueName\":\"search_term_string\"}}],\"inLanguage\":\"cs\"},{\"@type\":\"Organization\",\"@id\":\"https:\\\/\\\/shopatoa.com\\\/cz\\\/#organization\",\"name\":\"SHOPATOA Digital s.r.o.\",\"url\":\"https:\\\/\\\/shopatoa.com\\\/cz\\\/\",\"logo\":{\"@type\":\"ImageObject\",\"inLanguage\":\"cs\",\"@id\":\"https:\\\/\\\/shopatoa.com\\\/cz\\\/#\\\/schema\\\/logo\\\/image\\\/\",\"url\":\"https:\\\/\\\/storage.googleapis.com\\\/cz-shopatoa-img\\\/cz\\\/ebccf434-shopatoa_logo.png\",\"contentUrl\":\"https:\\\/\\\/storage.googleapis.com\\\/cz-shopatoa-img\\\/cz\\\/ebccf434-shopatoa_logo.png\",\"width\":416,\"height\":63,\"caption\":\"SHOPATOA Digital s.r.o.\"},\"image\":{\"@id\":\"https:\\\/\\\/shopatoa.com\\\/cz\\\/#\\\/schema\\\/logo\\\/image\\\/\"}}]}<\/script>\n<!-- \/ Yoast SEO plugin. -->","yoast_head_json":{"title":"Unisex boty New Balance U991BR2 \u2013 hn\u011bd\u00fd | SHOPATOA.COM","description":"Unisex boty New Balance Made in UK U991 \u2013 hn\u011bd\u00fd Klasick\u00e9 tenisky z \u0159ady New Balance Made in UK U991. Svr\u0161ek obuvi je vyroben z k\u016f\u017ee nejvy\u0161\u0161\u00ed kvality a textiln\u00edch materi\u00e1l\u016f. Obuv byla vyrobena s pou\u017eit\u00edm technologie N\u2013Durance, pod patou v mezipode\u0161vi byla um\u00ed\u0161t\u011bna gumov\u00e1 hmota, co\u017e v\u00fdrazn\u011b zvy\u0161uje trvalost a odolnost pode\u0161ve p\u0159i n\u00e1razech o tvrd\u00fd povrch. Vn\u011bj\u0161\u00ed pode\u0161ev m\u00e1 syst\u00e9m ABZORB, kter\u00fd absorbuje a rozpra\u0161uje energii vznikaj\u00edc\u00ed p\u0159i\u00a0n\u00e1razu boty o podklad. Technologie: Made in UK \u2013 obuv vyroben\u00e1 ve Velk\u00e9 Brit\u00e1nii. N\u2013Durance \u2013 gumov\u00e1 hmota pod patou v mezipode\u0161vi. Technologie N\u2013Durance v\u00fdrazn\u011b zvy\u0161uje trvalost a odolnost pode\u0161ve p\u0159i n\u00e1razech o tvrd\u00fd povrch. ABZORB \u2013 dokonal\u00e9 \u0159e\u0161en\u00ed pro amortizaci pode\u0161ve boty. Polymerov\u00fd d\u00edl absorbuje a rozpra\u0161uje energii vznikaj\u00edc\u00ed p\u0159i\u00a0n\u00e1razu boty o podklad.Odpov\u011bdn\u00fd subjekt: New Balance Europe BV A-Factorij, Pilotenstraat 35 \u2013 45 1059 CH Amsterdam Netherlands","robots":{"index":"index","follow":"follow","max-snippet":"max-snippet:-1","max-image-preview":"max-image-preview:large","max-video-preview":"max-video-preview:-1"},"canonical":"https:\/\/shopatoa.com\/cz\/unisex-boty-new-balance-u991br2-hnedy\/","og_locale":"cs_CZ","og_type":"article","og_title":"Unisex boty New Balance U991BR2 \u2013 hn\u011bd\u00fd | SHOPATOA.COM","og_description":"Unisex boty New Balance Made in UK U991 \u2013 hn\u011bd\u00fd Klasick\u00e9 tenisky z \u0159ady New Balance Made in UK U991. Svr\u0161ek obuvi je vyroben z k\u016f\u017ee nejvy\u0161\u0161\u00ed kvality a textiln\u00edch materi\u00e1l\u016f. Obuv byla vyrobena s pou\u017eit\u00edm technologie N\u2013Durance, pod patou v mezipode\u0161vi byla um\u00ed\u0161t\u011bna gumov\u00e1 hmota, co\u017e v\u00fdrazn\u011b zvy\u0161uje trvalost a odolnost pode\u0161ve p\u0159i n\u00e1razech o tvrd\u00fd povrch. Vn\u011bj\u0161\u00ed pode\u0161ev m\u00e1 syst\u00e9m ABZORB, kter\u00fd absorbuje a rozpra\u0161uje energii vznikaj\u00edc\u00ed p\u0159i\u00a0n\u00e1razu boty o podklad. Technologie: Made in UK \u2013 obuv vyroben\u00e1 ve Velk\u00e9 Brit\u00e1nii. N\u2013Durance \u2013 gumov\u00e1 hmota pod patou v mezipode\u0161vi. Technologie N\u2013Durance v\u00fdrazn\u011b zvy\u0161uje trvalost a odolnost pode\u0161ve p\u0159i n\u00e1razech o tvrd\u00fd povrch. ABZORB \u2013 dokonal\u00e9 \u0159e\u0161en\u00ed pro amortizaci pode\u0161ve boty. Polymerov\u00fd d\u00edl absorbuje a rozpra\u0161uje energii vznikaj\u00edc\u00ed p\u0159i\u00a0n\u00e1razu boty o podklad.Odpov\u011bdn\u00fd subjekt: New Balance Europe BV A-Factorij, Pilotenstraat 35 \u2013 45 1059 CH Amsterdam Netherlands","og_url":"https:\/\/shopatoa.com\/cz\/unisex-boty-new-balance-u991br2-hnedy\/","og_site_name":"SHOPATOA","article_modified_time":"2025-03-14T20:56:35+00:00","og_image":[{"width":800,"height":800,"url":"https:\/\/shopatoa.com\/cz\/wp-content\/uploads\/2025\/02\/7c8bd76eaf63a3f4df1fe9d99380c585.png","type":"image\/png"}],"twitter_card":"summary_large_image","twitter_misc":{"Odhadovan\u00e1 doba \u010dten\u00ed":"1 minuta"},"schema":{"@context":"https:\/\/schema.org","@graph":[{"@type":"WebPage","@id":"https:\/\/shopatoa.com\/cz\/unisex-boty-new-balance-u991br2-hnedy\/","url":"https:\/\/shopatoa.com\/cz\/unisex-boty-new-balance-u991br2-hnedy\/","name":"Unisex boty New Balance U991BR2 \u2013 hn\u011bd\u00fd | SHOPATOA.COM","isPartOf":{"@id":"https:\/\/shopatoa.com\/cz\/#website"},"primaryImageOfPage":{"@id":"https:\/\/shopatoa.com\/cz\/unisex-boty-new-balance-u991br2-hnedy\/#primaryimage"},"image":{"@id":"https:\/\/shopatoa.com\/cz\/unisex-boty-new-balance-u991br2-hnedy\/#primaryimage"},"thumbnailUrl":"https:\/\/shopatoa.com\/cz\/wp-content\/uploads\/2025\/02\/7c8bd76eaf63a3f4df1fe9d99380c585.png","datePublished":"2025-02-14T20:00:59+00:00","dateModified":"2025-03-14T20:56:35+00:00","description":"Unisex boty New Balance Made in UK U991 \u2013 hn\u011bd\u00fd Klasick\u00e9 tenisky z \u0159ady New Balance Made in UK U991. Svr\u0161ek obuvi je vyroben z k\u016f\u017ee nejvy\u0161\u0161\u00ed kvality a textiln\u00edch materi\u00e1l\u016f. Obuv byla vyrobena s pou\u017eit\u00edm technologie N\u2013Durance, pod patou v mezipode\u0161vi byla um\u00ed\u0161t\u011bna gumov\u00e1 hmota, co\u017e v\u00fdrazn\u011b zvy\u0161uje trvalost a odolnost pode\u0161ve p\u0159i n\u00e1razech o tvrd\u00fd povrch. Vn\u011bj\u0161\u00ed pode\u0161ev m\u00e1 syst\u00e9m ABZORB, kter\u00fd absorbuje a rozpra\u0161uje energii vznikaj\u00edc\u00ed p\u0159i\u00a0n\u00e1razu boty o podklad. Technologie: Made in UK \u2013 obuv vyroben\u00e1 ve Velk\u00e9 Brit\u00e1nii. N\u2013Durance \u2013 gumov\u00e1 hmota pod patou v mezipode\u0161vi. Technologie N\u2013Durance v\u00fdrazn\u011b zvy\u0161uje trvalost a odolnost pode\u0161ve p\u0159i n\u00e1razech o tvrd\u00fd povrch. ABZORB \u2013 dokonal\u00e9 \u0159e\u0161en\u00ed pro amortizaci pode\u0161ve boty. Polymerov\u00fd d\u00edl absorbuje a rozpra\u0161uje energii vznikaj\u00edc\u00ed p\u0159i\u00a0n\u00e1razu boty o podklad.Odpov\u011bdn\u00fd subjekt: New Balance Europe BV A-Factorij, Pilotenstraat 35 \u2013 45 1059 CH Amsterdam Netherlands","breadcrumb":{"@id":"https:\/\/shopatoa.com\/cz\/unisex-boty-new-balance-u991br2-hnedy\/#breadcrumb"},"inLanguage":"cs","potentialAction":[{"@type":"ReadAction","target":["https:\/\/shopatoa.com\/cz\/unisex-boty-new-balance-u991br2-hnedy\/"]}]},{"@type":"ImageObject","inLanguage":"cs","@id":"https:\/\/shopatoa.com\/cz\/unisex-boty-new-balance-u991br2-hnedy\/#primaryimage","url":"https:\/\/shopatoa.com\/cz\/wp-content\/uploads\/2025\/02\/7c8bd76eaf63a3f4df1fe9d99380c585.png","contentUrl":"https:\/\/shopatoa.com\/cz\/wp-content\/uploads\/2025\/02\/7c8bd76eaf63a3f4df1fe9d99380c585.png","width":800,"height":800},{"@type":"BreadcrumbList","@id":"https:\/\/shopatoa.com\/cz\/unisex-boty-new-balance-u991br2-hnedy\/#breadcrumb","itemListElement":[{"@type":"ListItem","position":1,"name":"Dom\u016f","item":"https:\/\/shopatoa.com\/cz\/"},{"@type":"ListItem","position":2,"name":"Produkty","item":"https:\/\/shopatoa.com\/cz\/shop\/"},{"@type":"ListItem","position":3,"name":"Oble\u010den\u00ed a m\u00f3da","item":"https:\/\/shopatoa.com\/cz\/obleceni-a-moda\/"},{"@type":"ListItem","position":4,"name":"Boty","item":"https:\/\/shopatoa.com\/cz\/boty\/"},{"@type":"ListItem","position":5,"name":"Unisex boty New Balance U991BR2 \u2013 hn\u011bd\u00fd"}]},{"@type":"WebSite","@id":"https:\/\/shopatoa.com\/cz\/#website","url":"https:\/\/shopatoa.com\/cz\/","name":"SHOPATOA","description":"","publisher":{"@id":"https:\/\/shopatoa.com\/cz\/#organization"},"potentialAction":[{"@type":"SearchAction","target":{"@type":"EntryPoint","urlTemplate":"https:\/\/shopatoa.com\/cz\/?s={search_term_string}"},"query-input":{"@type":"PropertyValueSpecification","valueRequired":true,"valueName":"search_term_string"}}],"inLanguage":"cs"},{"@type":"Organization","@id":"https:\/\/shopatoa.com\/cz\/#organization","name":"SHOPATOA Digital s.r.o.","url":"https:\/\/shopatoa.com\/cz\/","logo":{"@type":"ImageObject","inLanguage":"cs","@id":"https:\/\/shopatoa.com\/cz\/#\/schema\/logo\/image\/","url":"https:\/\/storage.googleapis.com\/cz-shopatoa-img\/cz\/ebccf434-shopatoa_logo.png","contentUrl":"https:\/\/storage.googleapis.com\/cz-shopatoa-img\/cz\/ebccf434-shopatoa_logo.png","width":416,"height":63,"caption":"SHOPATOA Digital s.r.o."},"image":{"@id":"https:\/\/shopatoa.com\/cz\/#\/schema\/logo\/image\/"}}]}},"_links":{"self":[{"href":"https:\/\/shopatoa.com\/cz\/wp-json\/wp\/v2\/product\/130459","targetHints":{"allow":["GET"]}}],"collection":[{"href":"https:\/\/shopatoa.com\/cz\/wp-json\/wp\/v2\/product"}],"about":[{"href":"https:\/\/shopatoa.com\/cz\/wp-json\/wp\/v2\/types\/product"}],"replies":[{"embeddable":true,"href":"https:\/\/shopatoa.com\/cz\/wp-json\/wp\/v2\/comments?post=130459"}],"wp:featuredmedia":[{"embeddable":true,"href":"https:\/\/shopatoa.com\/cz\/wp-json\/wp\/v2\/media\/130460"}],"wp:attachment":[{"href":"https:\/\/shopatoa.com\/cz\/wp-json\/wp\/v2\/media?parent=130459"}],"wp:term":[{"taxonomy":"product_brand","embeddable":true,"href":"https:\/\/shopatoa.com\/cz\/wp-json\/wp\/v2\/product_brand?post=130459"},{"taxonomy":"product_cat","embeddable":true,"href":"https:\/\/shopatoa.com\/cz\/wp-json\/wp\/v2\/product_cat?post=130459"},{"taxonomy":"product_tag","embeddable":true,"href":"https:\/\/shopatoa.com\/cz\/wp-json\/wp\/v2\/product_tag?post=130459"}],"curies":[{"name":"wp","href":"https:\/\/api.w.org\/{rel}","templated":true}]}}