{"id":130498,"date":"2025-02-14T21:13:22","date_gmt":"2025-02-14T20:13:22","guid":{"rendered":"https:\/\/shopatoa.com\/cz\/impact-whey-protein-5kg-bez-prichuti\/"},"modified":"2025-03-14T21:57:23","modified_gmt":"2025-03-14T20:57:23","slug":"impact-whey-protein-5kg-bez-prichuti","status":"publish","type":"product","link":"https:\/\/shopatoa.com\/cz\/impact-whey-protein-5kg-bez-prichuti\/","title":{"rendered":"Impact Whey Protein &#8211; 5kg &#8211; Bez p\u0159\u00edchuti"},"content":{"rendered":"<p>Impact Whey Protein je v sortimentu od sam\u00e9ho za\u010d\u00e1tku a st\u00e1le z\u016fst\u00e1v\u00e1 nejobl\u00edben\u011bj\u0161\u00edm produktem.  Vysoce kvalitn\u00ed syrov\u00e1tkov\u00fd protein, testovan\u00fd na ne\u010distoty a s cenou, kter\u00e1 pot\u011b\u0161\u00ed \u2013\u00a0nen\u00ed divu, \u017ee je u\u017e v\u00edc ne\u017e 20\u00a0let na\u0161\u00ed nejprod\u00e1van\u011bj\u0161\u00ed syrov\u00e1tkou.  Byl vyvinut\u00fd nutri\u010dn\u00edmi specialisty, kte\u0159\u00ed se soust\u0159ed\u00ed na ka\u017ed\u00fd detail, a jedna odm\u011brka v\u00e1m dod\u00e1 a\u017e 23\u00a0g b\u00edlkovin*, kter\u00e9 podporuj\u00ed r\u016fst, udr\u017een\u00ed a\u00a0regeneraci sval\u016f.1 A\u0165 jde o\u00a0v\u00fdkon, wellness nebo podporu vyv\u00e1\u017een\u00e9ho \u017eivotn\u00edho stylu, je to v\u00fd\u017eiva na ka\u017ed\u00fd den, kterou pot\u0159ebujete k\u00a0dosa\u017een\u00ed v\u0161ech c\u00edl\u016f.<\/p>\n","protected":false},"excerpt":{"rendered":"<p>Impact Whey Protein je v sortimentu od sam\u00e9ho za\u010d\u00e1tku a st\u00e1le z\u016fst\u00e1v\u00e1 nejobl\u00edben\u011bj\u0161\u00edm produktem.  Vysoce kvalitn\u00ed syrov\u00e1tkov\u00fd protein, testovan\u00fd na ne\u010distoty a s cenou, kter\u00e1 pot\u011b\u0161\u00ed \u2013\u00a0nen\u00ed divu, \u017ee je u\u017e v\u00edc ne\u017e 20\u00a0let na\u0161\u00ed nejprod\u00e1van\u011bj\u0161\u00ed syrov\u00e1tkou.  By<\/p>\n","protected":false},"featured_media":130492,"comment_status":"closed","ping_status":"open","template":"","meta":{"_acf_changed":false,"_kadence_starter_templates_imported_post":false,"_kad_post_transparent":"","_kad_post_title":"","_kad_post_layout":"","_kad_post_sidebar_id":"","_kad_post_content_style":"","_kad_post_vertical_padding":"","_kad_post_feature":"","_kad_post_feature_position":"","_kad_post_header":false,"_kad_post_footer":false,"_kad_post_classname":""},"product_brand":[],"product_cat":[184,48,183],"product_tag":[],"class_list":{"0":"post-130498","1":"product","2":"type-product","3":"status-publish","4":"has-post-thumbnail","6":"product_cat-proteiny","7":"product_cat-sport","8":"product_cat-sportovni-vyziva","9":"pa_obchod-myprotein-cz","11":"first","12":"instock","13":"product-type-external","14":"entry","15":"content-bg","16":"loop-entry"},"acf":[],"yoast_head":"<!-- This site is optimized with the Yoast SEO plugin v27.4 - https:\/\/yoast.com\/product\/yoast-seo-wordpress\/ -->\n<title>Impact Whey Protein - 5kg - Bez p\u0159\u00edchuti | Shopatoa.com<\/title>\n<meta name=\"description\" content=\"Impact Whey Protein je v sortimentu od sam\u00e9ho za\u010d\u00e1tku a st\u00e1le z\u016fst\u00e1v\u00e1 nejobl\u00edben\u011bj\u0161\u00edm produktem. Vysoce kvalitn\u00ed syrov\u00e1tkov\u00fd protein, testovan\u00fd na ne\u010distoty a s cenou, kter\u00e1 pot\u011b\u0161\u00ed \u2013\u00a0nen\u00ed divu, \u017ee je u\u017e v\u00edc ne\u017e 20\u00a0let na\u0161\u00ed nejprod\u00e1van\u011bj\u0161\u00ed syrov\u00e1tkou. By\" \/>\n<meta name=\"robots\" content=\"index, follow, max-snippet:-1, max-image-preview:large, max-video-preview:-1\" \/>\n<link rel=\"canonical\" href=\"https:\/\/shopatoa.com\/cz\/impact-whey-protein-5kg-bez-prichuti\/\" \/>\n<meta property=\"og:locale\" content=\"cs_CZ\" \/>\n<meta property=\"og:type\" content=\"article\" \/>\n<meta property=\"og:title\" content=\"Impact Whey Protein - 5kg - Bez p\u0159\u00edchuti | Shopatoa.com\" \/>\n<meta property=\"og:description\" content=\"Impact Whey Protein je v sortimentu od sam\u00e9ho za\u010d\u00e1tku a st\u00e1le z\u016fst\u00e1v\u00e1 nejobl\u00edben\u011bj\u0161\u00edm produktem. Vysoce kvalitn\u00ed syrov\u00e1tkov\u00fd protein, testovan\u00fd na ne\u010distoty a s cenou, kter\u00e1 pot\u011b\u0161\u00ed \u2013\u00a0nen\u00ed divu, \u017ee je u\u017e v\u00edc ne\u017e 20\u00a0let na\u0161\u00ed nejprod\u00e1van\u011bj\u0161\u00ed syrov\u00e1tkou. By\" \/>\n<meta property=\"og:url\" content=\"https:\/\/shopatoa.com\/cz\/impact-whey-protein-5kg-bez-prichuti\/\" \/>\n<meta property=\"og:site_name\" content=\"SHOPATOA\" \/>\n<meta property=\"article:modified_time\" content=\"2025-03-14T20:57:23+00:00\" \/>\n<meta property=\"og:image\" content=\"https:\/\/shopatoa.com\/cz\/wp-content\/uploads\/2025\/02\/12456916-5175193223916253.jpg\" \/>\n\t<meta property=\"og:image:width\" content=\"1600\" \/>\n\t<meta property=\"og:image:height\" content=\"1600\" \/>\n\t<meta property=\"og:image:type\" content=\"image\/jpeg\" \/>\n<meta name=\"twitter:card\" content=\"summary_large_image\" \/>\n<meta name=\"twitter:label1\" content=\"Odhadovan\u00e1 doba \u010dten\u00ed\" \/>\n\t<meta name=\"twitter:data1\" content=\"1 minuta\" \/>\n<script type=\"application\/ld+json\" class=\"yoast-schema-graph\">{\"@context\":\"https:\\\/\\\/schema.org\",\"@graph\":[{\"@type\":\"WebPage\",\"@id\":\"https:\\\/\\\/shopatoa.com\\\/cz\\\/impact-whey-protein-5kg-bez-prichuti\\\/\",\"url\":\"https:\\\/\\\/shopatoa.com\\\/cz\\\/impact-whey-protein-5kg-bez-prichuti\\\/\",\"name\":\"Impact Whey Protein - 5kg - Bez p\u0159\u00edchuti | Shopatoa.com\",\"isPartOf\":{\"@id\":\"https:\\\/\\\/shopatoa.com\\\/cz\\\/#website\"},\"primaryImageOfPage\":{\"@id\":\"https:\\\/\\\/shopatoa.com\\\/cz\\\/impact-whey-protein-5kg-bez-prichuti\\\/#primaryimage\"},\"image\":{\"@id\":\"https:\\\/\\\/shopatoa.com\\\/cz\\\/impact-whey-protein-5kg-bez-prichuti\\\/#primaryimage\"},\"thumbnailUrl\":\"https:\\\/\\\/shopatoa.com\\\/cz\\\/wp-content\\\/uploads\\\/2025\\\/02\\\/12456916-5175193223916253.jpg\",\"datePublished\":\"2025-02-14T20:13:22+00:00\",\"dateModified\":\"2025-03-14T20:57:23+00:00\",\"description\":\"Impact Whey Protein je v sortimentu od sam\u00e9ho za\u010d\u00e1tku a st\u00e1le z\u016fst\u00e1v\u00e1 nejobl\u00edben\u011bj\u0161\u00edm produktem. Vysoce kvalitn\u00ed syrov\u00e1tkov\u00fd protein, testovan\u00fd na ne\u010distoty a s cenou, kter\u00e1 pot\u011b\u0161\u00ed \u2013\u00a0nen\u00ed divu, \u017ee je u\u017e v\u00edc ne\u017e 20\u00a0let na\u0161\u00ed nejprod\u00e1van\u011bj\u0161\u00ed syrov\u00e1tkou. By\",\"breadcrumb\":{\"@id\":\"https:\\\/\\\/shopatoa.com\\\/cz\\\/impact-whey-protein-5kg-bez-prichuti\\\/#breadcrumb\"},\"inLanguage\":\"cs\",\"potentialAction\":[{\"@type\":\"ReadAction\",\"target\":[\"https:\\\/\\\/shopatoa.com\\\/cz\\\/impact-whey-protein-5kg-bez-prichuti\\\/\"]}]},{\"@type\":\"ImageObject\",\"inLanguage\":\"cs\",\"@id\":\"https:\\\/\\\/shopatoa.com\\\/cz\\\/impact-whey-protein-5kg-bez-prichuti\\\/#primaryimage\",\"url\":\"https:\\\/\\\/shopatoa.com\\\/cz\\\/wp-content\\\/uploads\\\/2025\\\/02\\\/12456916-5175193223916253.jpg\",\"contentUrl\":\"https:\\\/\\\/shopatoa.com\\\/cz\\\/wp-content\\\/uploads\\\/2025\\\/02\\\/12456916-5175193223916253.jpg\",\"width\":1600,\"height\":1600},{\"@type\":\"BreadcrumbList\",\"@id\":\"https:\\\/\\\/shopatoa.com\\\/cz\\\/impact-whey-protein-5kg-bez-prichuti\\\/#breadcrumb\",\"itemListElement\":[{\"@type\":\"ListItem\",\"position\":1,\"name\":\"Dom\u016f\",\"item\":\"https:\\\/\\\/shopatoa.com\\\/cz\\\/\"},{\"@type\":\"ListItem\",\"position\":2,\"name\":\"Produkty\",\"item\":\"https:\\\/\\\/shopatoa.com\\\/cz\\\/shop\\\/\"},{\"@type\":\"ListItem\",\"position\":3,\"name\":\"Sport\",\"item\":\"https:\\\/\\\/shopatoa.com\\\/cz\\\/sport\\\/\"},{\"@type\":\"ListItem\",\"position\":4,\"name\":\"Sportovn\u00ed v\u00fd\u017eiva\",\"item\":\"https:\\\/\\\/shopatoa.com\\\/cz\\\/sportovni-vyziva\\\/\"},{\"@type\":\"ListItem\",\"position\":5,\"name\":\"Proteiny\",\"item\":\"https:\\\/\\\/shopatoa.com\\\/cz\\\/proteiny\\\/\"},{\"@type\":\"ListItem\",\"position\":6,\"name\":\"Impact Whey Protein &#8211; 5kg &#8211; Bez p\u0159\u00edchuti\"}]},{\"@type\":\"WebSite\",\"@id\":\"https:\\\/\\\/shopatoa.com\\\/cz\\\/#website\",\"url\":\"https:\\\/\\\/shopatoa.com\\\/cz\\\/\",\"name\":\"SHOPATOA\",\"description\":\"\",\"publisher\":{\"@id\":\"https:\\\/\\\/shopatoa.com\\\/cz\\\/#organization\"},\"potentialAction\":[{\"@type\":\"SearchAction\",\"target\":{\"@type\":\"EntryPoint\",\"urlTemplate\":\"https:\\\/\\\/shopatoa.com\\\/cz\\\/?s={search_term_string}\"},\"query-input\":{\"@type\":\"PropertyValueSpecification\",\"valueRequired\":true,\"valueName\":\"search_term_string\"}}],\"inLanguage\":\"cs\"},{\"@type\":\"Organization\",\"@id\":\"https:\\\/\\\/shopatoa.com\\\/cz\\\/#organization\",\"name\":\"SHOPATOA Digital s.r.o.\",\"url\":\"https:\\\/\\\/shopatoa.com\\\/cz\\\/\",\"logo\":{\"@type\":\"ImageObject\",\"inLanguage\":\"cs\",\"@id\":\"https:\\\/\\\/shopatoa.com\\\/cz\\\/#\\\/schema\\\/logo\\\/image\\\/\",\"url\":\"https:\\\/\\\/storage.googleapis.com\\\/cz-shopatoa-img\\\/cz\\\/ebccf434-shopatoa_logo.png\",\"contentUrl\":\"https:\\\/\\\/storage.googleapis.com\\\/cz-shopatoa-img\\\/cz\\\/ebccf434-shopatoa_logo.png\",\"width\":416,\"height\":63,\"caption\":\"SHOPATOA Digital s.r.o.\"},\"image\":{\"@id\":\"https:\\\/\\\/shopatoa.com\\\/cz\\\/#\\\/schema\\\/logo\\\/image\\\/\"}}]}<\/script>\n<!-- \/ Yoast SEO plugin. -->","yoast_head_json":{"title":"Impact Whey Protein - 5kg - Bez p\u0159\u00edchuti | Shopatoa.com","description":"Impact Whey Protein je v sortimentu od sam\u00e9ho za\u010d\u00e1tku a st\u00e1le z\u016fst\u00e1v\u00e1 nejobl\u00edben\u011bj\u0161\u00edm produktem. Vysoce kvalitn\u00ed syrov\u00e1tkov\u00fd protein, testovan\u00fd na ne\u010distoty a s cenou, kter\u00e1 pot\u011b\u0161\u00ed \u2013\u00a0nen\u00ed divu, \u017ee je u\u017e v\u00edc ne\u017e 20\u00a0let na\u0161\u00ed nejprod\u00e1van\u011bj\u0161\u00ed syrov\u00e1tkou. By","robots":{"index":"index","follow":"follow","max-snippet":"max-snippet:-1","max-image-preview":"max-image-preview:large","max-video-preview":"max-video-preview:-1"},"canonical":"https:\/\/shopatoa.com\/cz\/impact-whey-protein-5kg-bez-prichuti\/","og_locale":"cs_CZ","og_type":"article","og_title":"Impact Whey Protein - 5kg - Bez p\u0159\u00edchuti | Shopatoa.com","og_description":"Impact Whey Protein je v sortimentu od sam\u00e9ho za\u010d\u00e1tku a st\u00e1le z\u016fst\u00e1v\u00e1 nejobl\u00edben\u011bj\u0161\u00edm produktem. Vysoce kvalitn\u00ed syrov\u00e1tkov\u00fd protein, testovan\u00fd na ne\u010distoty a s cenou, kter\u00e1 pot\u011b\u0161\u00ed \u2013\u00a0nen\u00ed divu, \u017ee je u\u017e v\u00edc ne\u017e 20\u00a0let na\u0161\u00ed nejprod\u00e1van\u011bj\u0161\u00ed syrov\u00e1tkou. By","og_url":"https:\/\/shopatoa.com\/cz\/impact-whey-protein-5kg-bez-prichuti\/","og_site_name":"SHOPATOA","article_modified_time":"2025-03-14T20:57:23+00:00","og_image":[{"width":1600,"height":1600,"url":"https:\/\/shopatoa.com\/cz\/wp-content\/uploads\/2025\/02\/12456916-5175193223916253.jpg","type":"image\/jpeg"}],"twitter_card":"summary_large_image","twitter_misc":{"Odhadovan\u00e1 doba \u010dten\u00ed":"1 minuta"},"schema":{"@context":"https:\/\/schema.org","@graph":[{"@type":"WebPage","@id":"https:\/\/shopatoa.com\/cz\/impact-whey-protein-5kg-bez-prichuti\/","url":"https:\/\/shopatoa.com\/cz\/impact-whey-protein-5kg-bez-prichuti\/","name":"Impact Whey Protein - 5kg - Bez p\u0159\u00edchuti | Shopatoa.com","isPartOf":{"@id":"https:\/\/shopatoa.com\/cz\/#website"},"primaryImageOfPage":{"@id":"https:\/\/shopatoa.com\/cz\/impact-whey-protein-5kg-bez-prichuti\/#primaryimage"},"image":{"@id":"https:\/\/shopatoa.com\/cz\/impact-whey-protein-5kg-bez-prichuti\/#primaryimage"},"thumbnailUrl":"https:\/\/shopatoa.com\/cz\/wp-content\/uploads\/2025\/02\/12456916-5175193223916253.jpg","datePublished":"2025-02-14T20:13:22+00:00","dateModified":"2025-03-14T20:57:23+00:00","description":"Impact Whey Protein je v sortimentu od sam\u00e9ho za\u010d\u00e1tku a st\u00e1le z\u016fst\u00e1v\u00e1 nejobl\u00edben\u011bj\u0161\u00edm produktem. Vysoce kvalitn\u00ed syrov\u00e1tkov\u00fd protein, testovan\u00fd na ne\u010distoty a s cenou, kter\u00e1 pot\u011b\u0161\u00ed \u2013\u00a0nen\u00ed divu, \u017ee je u\u017e v\u00edc ne\u017e 20\u00a0let na\u0161\u00ed nejprod\u00e1van\u011bj\u0161\u00ed syrov\u00e1tkou. By","breadcrumb":{"@id":"https:\/\/shopatoa.com\/cz\/impact-whey-protein-5kg-bez-prichuti\/#breadcrumb"},"inLanguage":"cs","potentialAction":[{"@type":"ReadAction","target":["https:\/\/shopatoa.com\/cz\/impact-whey-protein-5kg-bez-prichuti\/"]}]},{"@type":"ImageObject","inLanguage":"cs","@id":"https:\/\/shopatoa.com\/cz\/impact-whey-protein-5kg-bez-prichuti\/#primaryimage","url":"https:\/\/shopatoa.com\/cz\/wp-content\/uploads\/2025\/02\/12456916-5175193223916253.jpg","contentUrl":"https:\/\/shopatoa.com\/cz\/wp-content\/uploads\/2025\/02\/12456916-5175193223916253.jpg","width":1600,"height":1600},{"@type":"BreadcrumbList","@id":"https:\/\/shopatoa.com\/cz\/impact-whey-protein-5kg-bez-prichuti\/#breadcrumb","itemListElement":[{"@type":"ListItem","position":1,"name":"Dom\u016f","item":"https:\/\/shopatoa.com\/cz\/"},{"@type":"ListItem","position":2,"name":"Produkty","item":"https:\/\/shopatoa.com\/cz\/shop\/"},{"@type":"ListItem","position":3,"name":"Sport","item":"https:\/\/shopatoa.com\/cz\/sport\/"},{"@type":"ListItem","position":4,"name":"Sportovn\u00ed v\u00fd\u017eiva","item":"https:\/\/shopatoa.com\/cz\/sportovni-vyziva\/"},{"@type":"ListItem","position":5,"name":"Proteiny","item":"https:\/\/shopatoa.com\/cz\/proteiny\/"},{"@type":"ListItem","position":6,"name":"Impact Whey Protein &#8211; 5kg &#8211; Bez p\u0159\u00edchuti"}]},{"@type":"WebSite","@id":"https:\/\/shopatoa.com\/cz\/#website","url":"https:\/\/shopatoa.com\/cz\/","name":"SHOPATOA","description":"","publisher":{"@id":"https:\/\/shopatoa.com\/cz\/#organization"},"potentialAction":[{"@type":"SearchAction","target":{"@type":"EntryPoint","urlTemplate":"https:\/\/shopatoa.com\/cz\/?s={search_term_string}"},"query-input":{"@type":"PropertyValueSpecification","valueRequired":true,"valueName":"search_term_string"}}],"inLanguage":"cs"},{"@type":"Organization","@id":"https:\/\/shopatoa.com\/cz\/#organization","name":"SHOPATOA Digital s.r.o.","url":"https:\/\/shopatoa.com\/cz\/","logo":{"@type":"ImageObject","inLanguage":"cs","@id":"https:\/\/shopatoa.com\/cz\/#\/schema\/logo\/image\/","url":"https:\/\/storage.googleapis.com\/cz-shopatoa-img\/cz\/ebccf434-shopatoa_logo.png","contentUrl":"https:\/\/storage.googleapis.com\/cz-shopatoa-img\/cz\/ebccf434-shopatoa_logo.png","width":416,"height":63,"caption":"SHOPATOA Digital s.r.o."},"image":{"@id":"https:\/\/shopatoa.com\/cz\/#\/schema\/logo\/image\/"}}]}},"_links":{"self":[{"href":"https:\/\/shopatoa.com\/cz\/wp-json\/wp\/v2\/product\/130498","targetHints":{"allow":["GET"]}}],"collection":[{"href":"https:\/\/shopatoa.com\/cz\/wp-json\/wp\/v2\/product"}],"about":[{"href":"https:\/\/shopatoa.com\/cz\/wp-json\/wp\/v2\/types\/product"}],"replies":[{"embeddable":true,"href":"https:\/\/shopatoa.com\/cz\/wp-json\/wp\/v2\/comments?post=130498"}],"wp:featuredmedia":[{"embeddable":true,"href":"https:\/\/shopatoa.com\/cz\/wp-json\/wp\/v2\/media\/130492"}],"wp:attachment":[{"href":"https:\/\/shopatoa.com\/cz\/wp-json\/wp\/v2\/media?parent=130498"}],"wp:term":[{"taxonomy":"product_brand","embeddable":true,"href":"https:\/\/shopatoa.com\/cz\/wp-json\/wp\/v2\/product_brand?post=130498"},{"taxonomy":"product_cat","embeddable":true,"href":"https:\/\/shopatoa.com\/cz\/wp-json\/wp\/v2\/product_cat?post=130498"},{"taxonomy":"product_tag","embeddable":true,"href":"https:\/\/shopatoa.com\/cz\/wp-json\/wp\/v2\/product_tag?post=130498"}],"curies":[{"name":"wp","href":"https:\/\/api.w.org\/{rel}","templated":true}]}}