{"id":130515,"date":"2025-02-14T21:13:42","date_gmt":"2025-02-14T20:13:42","guid":{"rendered":"https:\/\/shopatoa.com\/cz\/impact-whey-isolate-5kg-cokolada-a-karame\/"},"modified":"2025-03-14T21:57:51","modified_gmt":"2025-03-14T20:57:51","slug":"impact-whey-isolate-5kg-cokolada-a-karame","status":"publish","type":"product","link":"https:\/\/shopatoa.com\/cz\/impact-whey-isolate-5kg-cokolada-a-karame\/","title":{"rendered":"Impact Whey Isolate &#8211; 5kg &#8211; \u010cokol\u00e1da a Karame"},"content":{"rendered":"<p>Tato nejkvalitn\u011bj\u0161\u00ed sm\u011bs, nabit\u00e1 23 g proteinu na porci, dod\u00e1v\u00e1 protein, kter\u00fd pot\u0159ebujete. Poch\u00e1z\u00ed ze stejn\u00fdch krav, kter\u00e9 n\u00e1m d\u00e1vaj\u00ed ml\u00e9ko a s\u00fdr, je jednodu\u0161e filtrov\u00e1na a vzduchem su\u0161ena tak, aby poskytovala zcela p\u0159\u00edrodn\u00ed v\u00fd\u017eivn\u00e9 l\u00e1tky.S certifikac\u00ed Informed ChoiceInformed Choice je celosv\u011btov\u00fdm standardem v oblasti kontroly kvality sportovn\u00ed v\u00fd\u017eivy. Informed Choice pom\u00e1h\u00e1 prost\u0159ednictv\u00edm monitorov\u00e1n\u00ed maloobchodn\u00edho prodeje a programu ov\u011b\u0159ov\u00e1n\u00ed dopl\u0148k\u016f sni\u017eovat ji\u017e tak n\u00edzk\u00e9 riziko, \u017ee dopl\u0148ky jsou kontaminov\u00e1ny ne\u010distotami a zak\u00e1zan\u00fdmi l\u00e1tkami. D\u00edky certifikaci Informed Choice si m\u016f\u017eete b\u00fdt jisti, \u017ee n\u00e1\u0161 Impact Whey Isolate je vyroben v souladu s nejvy\u0161\u0161\u00edmi standardy.<\/p>\n","protected":false},"excerpt":{"rendered":"<p>Tato nejkvalitn\u011bj\u0161\u00ed sm\u011bs, nabit\u00e1 23 g proteinu na porci, dod\u00e1v\u00e1 protein, kter\u00fd pot\u0159ebujete. Poch\u00e1z\u00ed ze stejn\u00fdch krav, kter\u00e9 n\u00e1m d\u00e1vaj\u00ed ml\u00e9ko a s\u00fdr, je jednodu\u0161e filtrov\u00e1na a vzduchem su\u0161ena tak, aby poskytovala zcela p\u0159\u00edrodn\u00ed v\u00fd\u017eivn\u00e9 l\u00e1tky.S certifikac\u00ed I<\/p>\n","protected":false},"featured_media":130516,"comment_status":"closed","ping_status":"open","template":"","meta":{"_acf_changed":false,"_kadence_starter_templates_imported_post":false,"_kad_post_transparent":"","_kad_post_title":"","_kad_post_layout":"","_kad_post_sidebar_id":"","_kad_post_content_style":"","_kad_post_vertical_padding":"","_kad_post_feature":"","_kad_post_feature_position":"","_kad_post_header":false,"_kad_post_footer":false,"_kad_post_classname":""},"product_brand":[],"product_cat":[48,183],"product_tag":[],"class_list":{"0":"post-130515","1":"product","2":"type-product","3":"status-publish","4":"has-post-thumbnail","6":"product_cat-sport","7":"product_cat-sportovni-vyziva","8":"pa_obchod-myprotein-cz","10":"first","11":"instock","12":"product-type-external","13":"entry","14":"content-bg","15":"loop-entry"},"acf":[],"yoast_head":"<!-- This site is optimized with the Yoast SEO plugin v27.4 - https:\/\/yoast.com\/product\/yoast-seo-wordpress\/ -->\n<title>Impact Whey Isolate - 5kg - \u010cokol\u00e1da a Karame | Shopatoa.com<\/title>\n<meta name=\"description\" content=\"Tato nejkvalitn\u011bj\u0161\u00ed sm\u011bs, nabit\u00e1 23 g proteinu na porci, dod\u00e1v\u00e1 protein, kter\u00fd pot\u0159ebujete. Poch\u00e1z\u00ed ze stejn\u00fdch krav, kter\u00e9 n\u00e1m d\u00e1vaj\u00ed ml\u00e9ko a s\u00fdr, je jednodu\u0161e filtrov\u00e1na a vzduchem su\u0161ena tak, aby poskytovala zcela p\u0159\u00edrodn\u00ed v\u00fd\u017eivn\u00e9 l\u00e1tky.S certifikac\u00ed I\" \/>\n<meta name=\"robots\" content=\"index, follow, max-snippet:-1, max-image-preview:large, max-video-preview:-1\" \/>\n<link rel=\"canonical\" href=\"https:\/\/shopatoa.com\/cz\/impact-whey-isolate-5kg-cokolada-a-karame\/\" \/>\n<meta property=\"og:locale\" content=\"cs_CZ\" \/>\n<meta property=\"og:type\" content=\"article\" \/>\n<meta property=\"og:title\" content=\"Impact Whey Isolate - 5kg - \u010cokol\u00e1da a Karame | Shopatoa.com\" \/>\n<meta property=\"og:description\" content=\"Tato nejkvalitn\u011bj\u0161\u00ed sm\u011bs, nabit\u00e1 23 g proteinu na porci, dod\u00e1v\u00e1 protein, kter\u00fd pot\u0159ebujete. Poch\u00e1z\u00ed ze stejn\u00fdch krav, kter\u00e9 n\u00e1m d\u00e1vaj\u00ed ml\u00e9ko a s\u00fdr, je jednodu\u0161e filtrov\u00e1na a vzduchem su\u0161ena tak, aby poskytovala zcela p\u0159\u00edrodn\u00ed v\u00fd\u017eivn\u00e9 l\u00e1tky.S certifikac\u00ed I\" \/>\n<meta property=\"og:url\" content=\"https:\/\/shopatoa.com\/cz\/impact-whey-isolate-5kg-cokolada-a-karame\/\" \/>\n<meta property=\"og:site_name\" content=\"SHOPATOA\" \/>\n<meta property=\"article:modified_time\" content=\"2025-03-14T20:57:51+00:00\" \/>\n<meta property=\"og:image\" content=\"https:\/\/shopatoa.com\/cz\/wp-content\/uploads\/2025\/02\/12456906-6345193242135838.jpg\" \/>\n\t<meta property=\"og:image:width\" content=\"1600\" \/>\n\t<meta property=\"og:image:height\" content=\"1600\" \/>\n\t<meta property=\"og:image:type\" content=\"image\/jpeg\" \/>\n<meta name=\"twitter:card\" content=\"summary_large_image\" \/>\n<meta name=\"twitter:label1\" content=\"Odhadovan\u00e1 doba \u010dten\u00ed\" \/>\n\t<meta name=\"twitter:data1\" content=\"1 minuta\" \/>\n<script type=\"application\/ld+json\" class=\"yoast-schema-graph\">{\"@context\":\"https:\\\/\\\/schema.org\",\"@graph\":[{\"@type\":\"WebPage\",\"@id\":\"https:\\\/\\\/shopatoa.com\\\/cz\\\/impact-whey-isolate-5kg-cokolada-a-karame\\\/\",\"url\":\"https:\\\/\\\/shopatoa.com\\\/cz\\\/impact-whey-isolate-5kg-cokolada-a-karame\\\/\",\"name\":\"Impact Whey Isolate - 5kg - \u010cokol\u00e1da a Karame | Shopatoa.com\",\"isPartOf\":{\"@id\":\"https:\\\/\\\/shopatoa.com\\\/cz\\\/#website\"},\"primaryImageOfPage\":{\"@id\":\"https:\\\/\\\/shopatoa.com\\\/cz\\\/impact-whey-isolate-5kg-cokolada-a-karame\\\/#primaryimage\"},\"image\":{\"@id\":\"https:\\\/\\\/shopatoa.com\\\/cz\\\/impact-whey-isolate-5kg-cokolada-a-karame\\\/#primaryimage\"},\"thumbnailUrl\":\"https:\\\/\\\/shopatoa.com\\\/cz\\\/wp-content\\\/uploads\\\/2025\\\/02\\\/12456906-6345193242135838.jpg\",\"datePublished\":\"2025-02-14T20:13:42+00:00\",\"dateModified\":\"2025-03-14T20:57:51+00:00\",\"description\":\"Tato nejkvalitn\u011bj\u0161\u00ed sm\u011bs, nabit\u00e1 23 g proteinu na porci, dod\u00e1v\u00e1 protein, kter\u00fd pot\u0159ebujete. Poch\u00e1z\u00ed ze stejn\u00fdch krav, kter\u00e9 n\u00e1m d\u00e1vaj\u00ed ml\u00e9ko a s\u00fdr, je jednodu\u0161e filtrov\u00e1na a vzduchem su\u0161ena tak, aby poskytovala zcela p\u0159\u00edrodn\u00ed v\u00fd\u017eivn\u00e9 l\u00e1tky.S certifikac\u00ed I\",\"breadcrumb\":{\"@id\":\"https:\\\/\\\/shopatoa.com\\\/cz\\\/impact-whey-isolate-5kg-cokolada-a-karame\\\/#breadcrumb\"},\"inLanguage\":\"cs\",\"potentialAction\":[{\"@type\":\"ReadAction\",\"target\":[\"https:\\\/\\\/shopatoa.com\\\/cz\\\/impact-whey-isolate-5kg-cokolada-a-karame\\\/\"]}]},{\"@type\":\"ImageObject\",\"inLanguage\":\"cs\",\"@id\":\"https:\\\/\\\/shopatoa.com\\\/cz\\\/impact-whey-isolate-5kg-cokolada-a-karame\\\/#primaryimage\",\"url\":\"https:\\\/\\\/shopatoa.com\\\/cz\\\/wp-content\\\/uploads\\\/2025\\\/02\\\/12456906-6345193242135838.jpg\",\"contentUrl\":\"https:\\\/\\\/shopatoa.com\\\/cz\\\/wp-content\\\/uploads\\\/2025\\\/02\\\/12456906-6345193242135838.jpg\",\"width\":1600,\"height\":1600},{\"@type\":\"BreadcrumbList\",\"@id\":\"https:\\\/\\\/shopatoa.com\\\/cz\\\/impact-whey-isolate-5kg-cokolada-a-karame\\\/#breadcrumb\",\"itemListElement\":[{\"@type\":\"ListItem\",\"position\":1,\"name\":\"Dom\u016f\",\"item\":\"https:\\\/\\\/shopatoa.com\\\/cz\\\/\"},{\"@type\":\"ListItem\",\"position\":2,\"name\":\"Produkty\",\"item\":\"https:\\\/\\\/shopatoa.com\\\/cz\\\/shop\\\/\"},{\"@type\":\"ListItem\",\"position\":3,\"name\":\"Sport\",\"item\":\"https:\\\/\\\/shopatoa.com\\\/cz\\\/sport\\\/\"},{\"@type\":\"ListItem\",\"position\":4,\"name\":\"Sportovn\u00ed v\u00fd\u017eiva\",\"item\":\"https:\\\/\\\/shopatoa.com\\\/cz\\\/sportovni-vyziva\\\/\"},{\"@type\":\"ListItem\",\"position\":5,\"name\":\"Impact Whey Isolate &#8211; 5kg &#8211; \u010cokol\u00e1da a Karame\"}]},{\"@type\":\"WebSite\",\"@id\":\"https:\\\/\\\/shopatoa.com\\\/cz\\\/#website\",\"url\":\"https:\\\/\\\/shopatoa.com\\\/cz\\\/\",\"name\":\"SHOPATOA\",\"description\":\"\",\"publisher\":{\"@id\":\"https:\\\/\\\/shopatoa.com\\\/cz\\\/#organization\"},\"potentialAction\":[{\"@type\":\"SearchAction\",\"target\":{\"@type\":\"EntryPoint\",\"urlTemplate\":\"https:\\\/\\\/shopatoa.com\\\/cz\\\/?s={search_term_string}\"},\"query-input\":{\"@type\":\"PropertyValueSpecification\",\"valueRequired\":true,\"valueName\":\"search_term_string\"}}],\"inLanguage\":\"cs\"},{\"@type\":\"Organization\",\"@id\":\"https:\\\/\\\/shopatoa.com\\\/cz\\\/#organization\",\"name\":\"SHOPATOA Digital s.r.o.\",\"url\":\"https:\\\/\\\/shopatoa.com\\\/cz\\\/\",\"logo\":{\"@type\":\"ImageObject\",\"inLanguage\":\"cs\",\"@id\":\"https:\\\/\\\/shopatoa.com\\\/cz\\\/#\\\/schema\\\/logo\\\/image\\\/\",\"url\":\"https:\\\/\\\/storage.googleapis.com\\\/cz-shopatoa-img\\\/cz\\\/ebccf434-shopatoa_logo.png\",\"contentUrl\":\"https:\\\/\\\/storage.googleapis.com\\\/cz-shopatoa-img\\\/cz\\\/ebccf434-shopatoa_logo.png\",\"width\":416,\"height\":63,\"caption\":\"SHOPATOA Digital s.r.o.\"},\"image\":{\"@id\":\"https:\\\/\\\/shopatoa.com\\\/cz\\\/#\\\/schema\\\/logo\\\/image\\\/\"}}]}<\/script>\n<!-- \/ Yoast SEO plugin. -->","yoast_head_json":{"title":"Impact Whey Isolate - 5kg - \u010cokol\u00e1da a Karame | Shopatoa.com","description":"Tato nejkvalitn\u011bj\u0161\u00ed sm\u011bs, nabit\u00e1 23 g proteinu na porci, dod\u00e1v\u00e1 protein, kter\u00fd pot\u0159ebujete. Poch\u00e1z\u00ed ze stejn\u00fdch krav, kter\u00e9 n\u00e1m d\u00e1vaj\u00ed ml\u00e9ko a s\u00fdr, je jednodu\u0161e filtrov\u00e1na a vzduchem su\u0161ena tak, aby poskytovala zcela p\u0159\u00edrodn\u00ed v\u00fd\u017eivn\u00e9 l\u00e1tky.S certifikac\u00ed I","robots":{"index":"index","follow":"follow","max-snippet":"max-snippet:-1","max-image-preview":"max-image-preview:large","max-video-preview":"max-video-preview:-1"},"canonical":"https:\/\/shopatoa.com\/cz\/impact-whey-isolate-5kg-cokolada-a-karame\/","og_locale":"cs_CZ","og_type":"article","og_title":"Impact Whey Isolate - 5kg - \u010cokol\u00e1da a Karame | Shopatoa.com","og_description":"Tato nejkvalitn\u011bj\u0161\u00ed sm\u011bs, nabit\u00e1 23 g proteinu na porci, dod\u00e1v\u00e1 protein, kter\u00fd pot\u0159ebujete. Poch\u00e1z\u00ed ze stejn\u00fdch krav, kter\u00e9 n\u00e1m d\u00e1vaj\u00ed ml\u00e9ko a s\u00fdr, je jednodu\u0161e filtrov\u00e1na a vzduchem su\u0161ena tak, aby poskytovala zcela p\u0159\u00edrodn\u00ed v\u00fd\u017eivn\u00e9 l\u00e1tky.S certifikac\u00ed I","og_url":"https:\/\/shopatoa.com\/cz\/impact-whey-isolate-5kg-cokolada-a-karame\/","og_site_name":"SHOPATOA","article_modified_time":"2025-03-14T20:57:51+00:00","og_image":[{"width":1600,"height":1600,"url":"https:\/\/shopatoa.com\/cz\/wp-content\/uploads\/2025\/02\/12456906-6345193242135838.jpg","type":"image\/jpeg"}],"twitter_card":"summary_large_image","twitter_misc":{"Odhadovan\u00e1 doba \u010dten\u00ed":"1 minuta"},"schema":{"@context":"https:\/\/schema.org","@graph":[{"@type":"WebPage","@id":"https:\/\/shopatoa.com\/cz\/impact-whey-isolate-5kg-cokolada-a-karame\/","url":"https:\/\/shopatoa.com\/cz\/impact-whey-isolate-5kg-cokolada-a-karame\/","name":"Impact Whey Isolate - 5kg - \u010cokol\u00e1da a Karame | Shopatoa.com","isPartOf":{"@id":"https:\/\/shopatoa.com\/cz\/#website"},"primaryImageOfPage":{"@id":"https:\/\/shopatoa.com\/cz\/impact-whey-isolate-5kg-cokolada-a-karame\/#primaryimage"},"image":{"@id":"https:\/\/shopatoa.com\/cz\/impact-whey-isolate-5kg-cokolada-a-karame\/#primaryimage"},"thumbnailUrl":"https:\/\/shopatoa.com\/cz\/wp-content\/uploads\/2025\/02\/12456906-6345193242135838.jpg","datePublished":"2025-02-14T20:13:42+00:00","dateModified":"2025-03-14T20:57:51+00:00","description":"Tato nejkvalitn\u011bj\u0161\u00ed sm\u011bs, nabit\u00e1 23 g proteinu na porci, dod\u00e1v\u00e1 protein, kter\u00fd pot\u0159ebujete. Poch\u00e1z\u00ed ze stejn\u00fdch krav, kter\u00e9 n\u00e1m d\u00e1vaj\u00ed ml\u00e9ko a s\u00fdr, je jednodu\u0161e filtrov\u00e1na a vzduchem su\u0161ena tak, aby poskytovala zcela p\u0159\u00edrodn\u00ed v\u00fd\u017eivn\u00e9 l\u00e1tky.S certifikac\u00ed I","breadcrumb":{"@id":"https:\/\/shopatoa.com\/cz\/impact-whey-isolate-5kg-cokolada-a-karame\/#breadcrumb"},"inLanguage":"cs","potentialAction":[{"@type":"ReadAction","target":["https:\/\/shopatoa.com\/cz\/impact-whey-isolate-5kg-cokolada-a-karame\/"]}]},{"@type":"ImageObject","inLanguage":"cs","@id":"https:\/\/shopatoa.com\/cz\/impact-whey-isolate-5kg-cokolada-a-karame\/#primaryimage","url":"https:\/\/shopatoa.com\/cz\/wp-content\/uploads\/2025\/02\/12456906-6345193242135838.jpg","contentUrl":"https:\/\/shopatoa.com\/cz\/wp-content\/uploads\/2025\/02\/12456906-6345193242135838.jpg","width":1600,"height":1600},{"@type":"BreadcrumbList","@id":"https:\/\/shopatoa.com\/cz\/impact-whey-isolate-5kg-cokolada-a-karame\/#breadcrumb","itemListElement":[{"@type":"ListItem","position":1,"name":"Dom\u016f","item":"https:\/\/shopatoa.com\/cz\/"},{"@type":"ListItem","position":2,"name":"Produkty","item":"https:\/\/shopatoa.com\/cz\/shop\/"},{"@type":"ListItem","position":3,"name":"Sport","item":"https:\/\/shopatoa.com\/cz\/sport\/"},{"@type":"ListItem","position":4,"name":"Sportovn\u00ed v\u00fd\u017eiva","item":"https:\/\/shopatoa.com\/cz\/sportovni-vyziva\/"},{"@type":"ListItem","position":5,"name":"Impact Whey Isolate &#8211; 5kg &#8211; \u010cokol\u00e1da a Karame"}]},{"@type":"WebSite","@id":"https:\/\/shopatoa.com\/cz\/#website","url":"https:\/\/shopatoa.com\/cz\/","name":"SHOPATOA","description":"","publisher":{"@id":"https:\/\/shopatoa.com\/cz\/#organization"},"potentialAction":[{"@type":"SearchAction","target":{"@type":"EntryPoint","urlTemplate":"https:\/\/shopatoa.com\/cz\/?s={search_term_string}"},"query-input":{"@type":"PropertyValueSpecification","valueRequired":true,"valueName":"search_term_string"}}],"inLanguage":"cs"},{"@type":"Organization","@id":"https:\/\/shopatoa.com\/cz\/#organization","name":"SHOPATOA Digital s.r.o.","url":"https:\/\/shopatoa.com\/cz\/","logo":{"@type":"ImageObject","inLanguage":"cs","@id":"https:\/\/shopatoa.com\/cz\/#\/schema\/logo\/image\/","url":"https:\/\/storage.googleapis.com\/cz-shopatoa-img\/cz\/ebccf434-shopatoa_logo.png","contentUrl":"https:\/\/storage.googleapis.com\/cz-shopatoa-img\/cz\/ebccf434-shopatoa_logo.png","width":416,"height":63,"caption":"SHOPATOA Digital s.r.o."},"image":{"@id":"https:\/\/shopatoa.com\/cz\/#\/schema\/logo\/image\/"}}]}},"_links":{"self":[{"href":"https:\/\/shopatoa.com\/cz\/wp-json\/wp\/v2\/product\/130515","targetHints":{"allow":["GET"]}}],"collection":[{"href":"https:\/\/shopatoa.com\/cz\/wp-json\/wp\/v2\/product"}],"about":[{"href":"https:\/\/shopatoa.com\/cz\/wp-json\/wp\/v2\/types\/product"}],"replies":[{"embeddable":true,"href":"https:\/\/shopatoa.com\/cz\/wp-json\/wp\/v2\/comments?post=130515"}],"wp:featuredmedia":[{"embeddable":true,"href":"https:\/\/shopatoa.com\/cz\/wp-json\/wp\/v2\/media\/130516"}],"wp:attachment":[{"href":"https:\/\/shopatoa.com\/cz\/wp-json\/wp\/v2\/media?parent=130515"}],"wp:term":[{"taxonomy":"product_brand","embeddable":true,"href":"https:\/\/shopatoa.com\/cz\/wp-json\/wp\/v2\/product_brand?post=130515"},{"taxonomy":"product_cat","embeddable":true,"href":"https:\/\/shopatoa.com\/cz\/wp-json\/wp\/v2\/product_cat?post=130515"},{"taxonomy":"product_tag","embeddable":true,"href":"https:\/\/shopatoa.com\/cz\/wp-json\/wp\/v2\/product_tag?post=130515"}],"curies":[{"name":"wp","href":"https:\/\/api.w.org\/{rel}","templated":true}]}}