{"id":130612,"date":"2025-02-14T21:33:14","date_gmt":"2025-02-14T20:33:14","guid":{"rendered":"https:\/\/shopatoa.com\/cz\/dudao-f18-bluetooth-selfie-tyc-cerna-2\/"},"modified":"2025-03-14T21:59:41","modified_gmt":"2025-03-14T20:59:41","slug":"dudao-f18-bluetooth-selfie-tyc-cerna-2","status":"publish","type":"product","link":"https:\/\/shopatoa.com\/cz\/dudao-f18-bluetooth-selfie-tyc-cerna-2\/","title":{"rendered":"Dudao F18 bluetooth selfie ty\u010d, \u010dern\u00e1"},"content":{"rendered":"<p>Selfie ty\u010d se stativem a mo\u017enost\u00ed ovl\u00e1d\u00e1n\u00ed p\u0159es Bluetooth d\u00e1lkov\u00fd ovlada\u010d. D\u00edky stativu se m\u016f\u017eete fotit z v\u011bt\u0161\u00ed vzd\u00e1lenosti a fotografovat nejen tv\u00e1\u0159, ale tak\u00e9 celou postavu. Selfie ty\u010d lze pou\u017e\u00edvat s r\u016fzn\u00fdmi mobiln\u00edmi telefony s opera\u010dn\u00edm syst\u00e9mem jako Android nebo iOS.<\/p>\n<p>Praktick\u00e9 rozm\u011bry, lehk\u00e1 konstrukce a mo\u017enost slo\u017een\u00ed umo\u017e\u0148uj\u00ed m\u00edt tuto vychyt\u00e1vku st\u00e1le u sebe. Odn\u00edmateln\u00e9 Bluetooth d\u00e1lkov\u00e9 ovl\u00e1d\u00e1n\u00ed umo\u017e\u0148uje d\u00e1lkov\u00e9 ovl\u00e1d\u00e1n\u00ed fotospou\u0161t\u011b, co\u017e vyu\u017eijete p\u0159edev\u0161\u00edm b\u011bhem samospou\u0161t\u011b. Stativ m\u00e1 integrovan\u00fd design, tak\u017ee jej lze pou\u017e\u00edt jako dr\u017e\u00e1k telefonu. Odte\u010f m\u016f\u017eete pohodln\u011b po\u0159\u00eddit skupinovou fotografii a uvolnit ruce od dr\u017een\u00ed telefonu.<\/p>\n<h3>Parametry:<\/h3>\n<p>\u2022 Zna\u010dka: Dudao<br \/>\n\u2022 Model: F18B<br \/>\n\u2022 Materi\u00e1l: ABS + hlin\u00edkov\u00e1 slitina<br \/>\n\u2022 Konektivita: Bluetooth<br \/>\n\u2022 D\u00e9lka ty\u010de: 111 cm (30 cm ve slo\u017een\u00e9m stavu)<br \/>\n\u2022 Bluetooth d\u00e1lkov\u00e9 ovl\u00e1d\u00e1n\u00ed<br \/>\n\u2022 Funkce stativu<\/p>\n","protected":false},"excerpt":{"rendered":"<p>Selfie ty\u010d se stativem a mo\u017enost\u00ed ovl\u00e1d\u00e1n\u00ed p\u0159es Bluetooth d\u00e1lkov\u00fd ovlada\u010d. D\u00edky stativu se m\u016f\u017eete fotit z v\u011bt\u0161\u00ed vzd\u00e1lenosti a fotografovat nejen tv\u00e1\u0159, ale tak\u00e9 celou postavu. Selfie ty\u010d lze pou\u017e\u00edvat s r\u016fzn\u00fdmi mobiln\u00edmi telefony s opera\u010dn\u00edm syst\u00e9mem jako Android nebo iOS. Praktick\u00e9 rozm\u011bry, lehk\u00e1 konstrukce a mo\u017enost slo\u017een\u00ed umo\u017e\u0148uj\u00ed m\u00edt tuto vychyt\u00e1vku st\u00e1le u&#8230;<\/p>\n","protected":false},"featured_media":129653,"comment_status":"closed","ping_status":"open","template":"","meta":{"_acf_changed":false,"_kadence_starter_templates_imported_post":false,"_kad_post_transparent":"","_kad_post_title":"","_kad_post_layout":"","_kad_post_sidebar_id":"","_kad_post_content_style":"","_kad_post_vertical_padding":"","_kad_post_feature":"","_kad_post_feature_position":"","_kad_post_header":false,"_kad_post_footer":false,"_kad_post_classname":""},"product_brand":[],"product_cat":[58],"product_tag":[],"class_list":{"0":"post-130612","1":"product","2":"type-product","3":"status-publish","4":"has-post-thumbnail","6":"product_cat-elektronika","7":"pa_obchod-mobilego-cz","9":"first","10":"instock","11":"product-type-external","12":"entry","13":"content-bg","14":"loop-entry"},"acf":[],"yoast_head":"<!-- This site is optimized with the Yoast SEO plugin v27.4 - https:\/\/yoast.com\/product\/yoast-seo-wordpress\/ -->\n<title>Dudao F18 bluetooth selfie ty\u010d, \u010dern\u00e1 - SHOPATOA<\/title>\n<meta name=\"robots\" content=\"index, follow, max-snippet:-1, max-image-preview:large, max-video-preview:-1\" \/>\n<link rel=\"canonical\" href=\"https:\/\/shopatoa.com\/cz\/dudao-f18-bluetooth-selfie-tyc-cerna-2\/\" \/>\n<meta property=\"og:locale\" content=\"cs_CZ\" \/>\n<meta property=\"og:type\" content=\"article\" \/>\n<meta property=\"og:title\" content=\"Dudao F18 bluetooth selfie ty\u010d, \u010dern\u00e1 - SHOPATOA\" \/>\n<meta property=\"og:description\" content=\"Selfie ty\u010d se stativem a mo\u017enost\u00ed ovl\u00e1d\u00e1n\u00ed p\u0159es Bluetooth d\u00e1lkov\u00fd ovlada\u010d. D\u00edky stativu se m\u016f\u017eete fotit z v\u011bt\u0161\u00ed vzd\u00e1lenosti a fotografovat nejen tv\u00e1\u0159, ale tak\u00e9 celou postavu. Selfie ty\u010d lze pou\u017e\u00edvat s r\u016fzn\u00fdmi mobiln\u00edmi telefony s opera\u010dn\u00edm syst\u00e9mem jako Android nebo iOS. Praktick\u00e9 rozm\u011bry, lehk\u00e1 konstrukce a mo\u017enost slo\u017een\u00ed umo\u017e\u0148uj\u00ed m\u00edt tuto vychyt\u00e1vku st\u00e1le u...\" \/>\n<meta property=\"og:url\" content=\"https:\/\/shopatoa.com\/cz\/dudao-f18-bluetooth-selfie-tyc-cerna-2\/\" \/>\n<meta property=\"og:site_name\" content=\"SHOPATOA\" \/>\n<meta property=\"article:modified_time\" content=\"2025-03-14T20:59:41+00:00\" \/>\n<meta property=\"og:image\" content=\"https:\/\/shopatoa.com\/cz\/wp-content\/uploads\/2025\/02\/DUD248338-13e60bde61338863e0aa40ab393ea9a1.jpg\" \/>\n\t<meta property=\"og:image:width\" content=\"460\" \/>\n\t<meta property=\"og:image:height\" content=\"460\" \/>\n\t<meta property=\"og:image:type\" content=\"image\/jpeg\" \/>\n<meta name=\"twitter:card\" content=\"summary_large_image\" \/>\n<meta name=\"twitter:label1\" content=\"Odhadovan\u00e1 doba \u010dten\u00ed\" \/>\n\t<meta name=\"twitter:data1\" content=\"1 minuta\" \/>\n<script type=\"application\/ld+json\" class=\"yoast-schema-graph\">{\"@context\":\"https:\\\/\\\/schema.org\",\"@graph\":[{\"@type\":\"WebPage\",\"@id\":\"https:\\\/\\\/shopatoa.com\\\/cz\\\/dudao-f18-bluetooth-selfie-tyc-cerna-2\\\/\",\"url\":\"https:\\\/\\\/shopatoa.com\\\/cz\\\/dudao-f18-bluetooth-selfie-tyc-cerna-2\\\/\",\"name\":\"Dudao F18 bluetooth selfie ty\u010d, \u010dern\u00e1 - SHOPATOA\",\"isPartOf\":{\"@id\":\"https:\\\/\\\/shopatoa.com\\\/cz\\\/#website\"},\"primaryImageOfPage\":{\"@id\":\"https:\\\/\\\/shopatoa.com\\\/cz\\\/dudao-f18-bluetooth-selfie-tyc-cerna-2\\\/#primaryimage\"},\"image\":{\"@id\":\"https:\\\/\\\/shopatoa.com\\\/cz\\\/dudao-f18-bluetooth-selfie-tyc-cerna-2\\\/#primaryimage\"},\"thumbnailUrl\":\"https:\\\/\\\/shopatoa.com\\\/cz\\\/wp-content\\\/uploads\\\/2025\\\/02\\\/DUD248338-13e60bde61338863e0aa40ab393ea9a1.jpg\",\"datePublished\":\"2025-02-14T20:33:14+00:00\",\"dateModified\":\"2025-03-14T20:59:41+00:00\",\"breadcrumb\":{\"@id\":\"https:\\\/\\\/shopatoa.com\\\/cz\\\/dudao-f18-bluetooth-selfie-tyc-cerna-2\\\/#breadcrumb\"},\"inLanguage\":\"cs\",\"potentialAction\":[{\"@type\":\"ReadAction\",\"target\":[\"https:\\\/\\\/shopatoa.com\\\/cz\\\/dudao-f18-bluetooth-selfie-tyc-cerna-2\\\/\"]}]},{\"@type\":\"ImageObject\",\"inLanguage\":\"cs\",\"@id\":\"https:\\\/\\\/shopatoa.com\\\/cz\\\/dudao-f18-bluetooth-selfie-tyc-cerna-2\\\/#primaryimage\",\"url\":\"https:\\\/\\\/shopatoa.com\\\/cz\\\/wp-content\\\/uploads\\\/2025\\\/02\\\/DUD248338-13e60bde61338863e0aa40ab393ea9a1.jpg\",\"contentUrl\":\"https:\\\/\\\/shopatoa.com\\\/cz\\\/wp-content\\\/uploads\\\/2025\\\/02\\\/DUD248338-13e60bde61338863e0aa40ab393ea9a1.jpg\",\"width\":460,\"height\":460},{\"@type\":\"BreadcrumbList\",\"@id\":\"https:\\\/\\\/shopatoa.com\\\/cz\\\/dudao-f18-bluetooth-selfie-tyc-cerna-2\\\/#breadcrumb\",\"itemListElement\":[{\"@type\":\"ListItem\",\"position\":1,\"name\":\"Dom\u016f\",\"item\":\"https:\\\/\\\/shopatoa.com\\\/cz\\\/\"},{\"@type\":\"ListItem\",\"position\":2,\"name\":\"Produkty\",\"item\":\"https:\\\/\\\/shopatoa.com\\\/cz\\\/shop\\\/\"},{\"@type\":\"ListItem\",\"position\":3,\"name\":\"Elektronika\",\"item\":\"https:\\\/\\\/shopatoa.com\\\/cz\\\/elektronika\\\/\"},{\"@type\":\"ListItem\",\"position\":4,\"name\":\"Dudao F18 bluetooth selfie ty\u010d, \u010dern\u00e1\"}]},{\"@type\":\"WebSite\",\"@id\":\"https:\\\/\\\/shopatoa.com\\\/cz\\\/#website\",\"url\":\"https:\\\/\\\/shopatoa.com\\\/cz\\\/\",\"name\":\"SHOPATOA\",\"description\":\"\",\"publisher\":{\"@id\":\"https:\\\/\\\/shopatoa.com\\\/cz\\\/#organization\"},\"potentialAction\":[{\"@type\":\"SearchAction\",\"target\":{\"@type\":\"EntryPoint\",\"urlTemplate\":\"https:\\\/\\\/shopatoa.com\\\/cz\\\/?s={search_term_string}\"},\"query-input\":{\"@type\":\"PropertyValueSpecification\",\"valueRequired\":true,\"valueName\":\"search_term_string\"}}],\"inLanguage\":\"cs\"},{\"@type\":\"Organization\",\"@id\":\"https:\\\/\\\/shopatoa.com\\\/cz\\\/#organization\",\"name\":\"SHOPATOA Digital s.r.o.\",\"url\":\"https:\\\/\\\/shopatoa.com\\\/cz\\\/\",\"logo\":{\"@type\":\"ImageObject\",\"inLanguage\":\"cs\",\"@id\":\"https:\\\/\\\/shopatoa.com\\\/cz\\\/#\\\/schema\\\/logo\\\/image\\\/\",\"url\":\"https:\\\/\\\/storage.googleapis.com\\\/cz-shopatoa-img\\\/cz\\\/ebccf434-shopatoa_logo.png\",\"contentUrl\":\"https:\\\/\\\/storage.googleapis.com\\\/cz-shopatoa-img\\\/cz\\\/ebccf434-shopatoa_logo.png\",\"width\":416,\"height\":63,\"caption\":\"SHOPATOA Digital s.r.o.\"},\"image\":{\"@id\":\"https:\\\/\\\/shopatoa.com\\\/cz\\\/#\\\/schema\\\/logo\\\/image\\\/\"}}]}<\/script>\n<!-- \/ Yoast SEO plugin. -->","yoast_head_json":{"title":"Dudao F18 bluetooth selfie ty\u010d, \u010dern\u00e1 - SHOPATOA","robots":{"index":"index","follow":"follow","max-snippet":"max-snippet:-1","max-image-preview":"max-image-preview:large","max-video-preview":"max-video-preview:-1"},"canonical":"https:\/\/shopatoa.com\/cz\/dudao-f18-bluetooth-selfie-tyc-cerna-2\/","og_locale":"cs_CZ","og_type":"article","og_title":"Dudao F18 bluetooth selfie ty\u010d, \u010dern\u00e1 - SHOPATOA","og_description":"Selfie ty\u010d se stativem a mo\u017enost\u00ed ovl\u00e1d\u00e1n\u00ed p\u0159es Bluetooth d\u00e1lkov\u00fd ovlada\u010d. D\u00edky stativu se m\u016f\u017eete fotit z v\u011bt\u0161\u00ed vzd\u00e1lenosti a fotografovat nejen tv\u00e1\u0159, ale tak\u00e9 celou postavu. Selfie ty\u010d lze pou\u017e\u00edvat s r\u016fzn\u00fdmi mobiln\u00edmi telefony s opera\u010dn\u00edm syst\u00e9mem jako Android nebo iOS. Praktick\u00e9 rozm\u011bry, lehk\u00e1 konstrukce a mo\u017enost slo\u017een\u00ed umo\u017e\u0148uj\u00ed m\u00edt tuto vychyt\u00e1vku st\u00e1le u...","og_url":"https:\/\/shopatoa.com\/cz\/dudao-f18-bluetooth-selfie-tyc-cerna-2\/","og_site_name":"SHOPATOA","article_modified_time":"2025-03-14T20:59:41+00:00","og_image":[{"width":460,"height":460,"url":"https:\/\/shopatoa.com\/cz\/wp-content\/uploads\/2025\/02\/DUD248338-13e60bde61338863e0aa40ab393ea9a1.jpg","type":"image\/jpeg"}],"twitter_card":"summary_large_image","twitter_misc":{"Odhadovan\u00e1 doba \u010dten\u00ed":"1 minuta"},"schema":{"@context":"https:\/\/schema.org","@graph":[{"@type":"WebPage","@id":"https:\/\/shopatoa.com\/cz\/dudao-f18-bluetooth-selfie-tyc-cerna-2\/","url":"https:\/\/shopatoa.com\/cz\/dudao-f18-bluetooth-selfie-tyc-cerna-2\/","name":"Dudao F18 bluetooth selfie ty\u010d, \u010dern\u00e1 - SHOPATOA","isPartOf":{"@id":"https:\/\/shopatoa.com\/cz\/#website"},"primaryImageOfPage":{"@id":"https:\/\/shopatoa.com\/cz\/dudao-f18-bluetooth-selfie-tyc-cerna-2\/#primaryimage"},"image":{"@id":"https:\/\/shopatoa.com\/cz\/dudao-f18-bluetooth-selfie-tyc-cerna-2\/#primaryimage"},"thumbnailUrl":"https:\/\/shopatoa.com\/cz\/wp-content\/uploads\/2025\/02\/DUD248338-13e60bde61338863e0aa40ab393ea9a1.jpg","datePublished":"2025-02-14T20:33:14+00:00","dateModified":"2025-03-14T20:59:41+00:00","breadcrumb":{"@id":"https:\/\/shopatoa.com\/cz\/dudao-f18-bluetooth-selfie-tyc-cerna-2\/#breadcrumb"},"inLanguage":"cs","potentialAction":[{"@type":"ReadAction","target":["https:\/\/shopatoa.com\/cz\/dudao-f18-bluetooth-selfie-tyc-cerna-2\/"]}]},{"@type":"ImageObject","inLanguage":"cs","@id":"https:\/\/shopatoa.com\/cz\/dudao-f18-bluetooth-selfie-tyc-cerna-2\/#primaryimage","url":"https:\/\/shopatoa.com\/cz\/wp-content\/uploads\/2025\/02\/DUD248338-13e60bde61338863e0aa40ab393ea9a1.jpg","contentUrl":"https:\/\/shopatoa.com\/cz\/wp-content\/uploads\/2025\/02\/DUD248338-13e60bde61338863e0aa40ab393ea9a1.jpg","width":460,"height":460},{"@type":"BreadcrumbList","@id":"https:\/\/shopatoa.com\/cz\/dudao-f18-bluetooth-selfie-tyc-cerna-2\/#breadcrumb","itemListElement":[{"@type":"ListItem","position":1,"name":"Dom\u016f","item":"https:\/\/shopatoa.com\/cz\/"},{"@type":"ListItem","position":2,"name":"Produkty","item":"https:\/\/shopatoa.com\/cz\/shop\/"},{"@type":"ListItem","position":3,"name":"Elektronika","item":"https:\/\/shopatoa.com\/cz\/elektronika\/"},{"@type":"ListItem","position":4,"name":"Dudao F18 bluetooth selfie ty\u010d, \u010dern\u00e1"}]},{"@type":"WebSite","@id":"https:\/\/shopatoa.com\/cz\/#website","url":"https:\/\/shopatoa.com\/cz\/","name":"SHOPATOA","description":"","publisher":{"@id":"https:\/\/shopatoa.com\/cz\/#organization"},"potentialAction":[{"@type":"SearchAction","target":{"@type":"EntryPoint","urlTemplate":"https:\/\/shopatoa.com\/cz\/?s={search_term_string}"},"query-input":{"@type":"PropertyValueSpecification","valueRequired":true,"valueName":"search_term_string"}}],"inLanguage":"cs"},{"@type":"Organization","@id":"https:\/\/shopatoa.com\/cz\/#organization","name":"SHOPATOA Digital s.r.o.","url":"https:\/\/shopatoa.com\/cz\/","logo":{"@type":"ImageObject","inLanguage":"cs","@id":"https:\/\/shopatoa.com\/cz\/#\/schema\/logo\/image\/","url":"https:\/\/storage.googleapis.com\/cz-shopatoa-img\/cz\/ebccf434-shopatoa_logo.png","contentUrl":"https:\/\/storage.googleapis.com\/cz-shopatoa-img\/cz\/ebccf434-shopatoa_logo.png","width":416,"height":63,"caption":"SHOPATOA Digital s.r.o."},"image":{"@id":"https:\/\/shopatoa.com\/cz\/#\/schema\/logo\/image\/"}}]}},"_links":{"self":[{"href":"https:\/\/shopatoa.com\/cz\/wp-json\/wp\/v2\/product\/130612","targetHints":{"allow":["GET"]}}],"collection":[{"href":"https:\/\/shopatoa.com\/cz\/wp-json\/wp\/v2\/product"}],"about":[{"href":"https:\/\/shopatoa.com\/cz\/wp-json\/wp\/v2\/types\/product"}],"replies":[{"embeddable":true,"href":"https:\/\/shopatoa.com\/cz\/wp-json\/wp\/v2\/comments?post=130612"}],"wp:featuredmedia":[{"embeddable":true,"href":"https:\/\/shopatoa.com\/cz\/wp-json\/wp\/v2\/media\/129653"}],"wp:attachment":[{"href":"https:\/\/shopatoa.com\/cz\/wp-json\/wp\/v2\/media?parent=130612"}],"wp:term":[{"taxonomy":"product_brand","embeddable":true,"href":"https:\/\/shopatoa.com\/cz\/wp-json\/wp\/v2\/product_brand?post=130612"},{"taxonomy":"product_cat","embeddable":true,"href":"https:\/\/shopatoa.com\/cz\/wp-json\/wp\/v2\/product_cat?post=130612"},{"taxonomy":"product_tag","embeddable":true,"href":"https:\/\/shopatoa.com\/cz\/wp-json\/wp\/v2\/product_tag?post=130612"}],"curies":[{"name":"wp","href":"https:\/\/api.w.org\/{rel}","templated":true}]}}