{"id":130622,"date":"2025-02-14T21:33:14","date_gmt":"2025-02-14T20:33:14","guid":{"rendered":"https:\/\/shopatoa.com\/cz\/tech-protect-l07s-flexible-bluetooth-selfie-tyc-se-stativem-cerna-2\/"},"modified":"2025-03-14T22:00:04","modified_gmt":"2025-03-14T21:00:04","slug":"tech-protect-l07s-flexible-bluetooth-selfie-tyc-se-stativem-cerna-2","status":"publish","type":"product","link":"https:\/\/shopatoa.com\/cz\/tech-protect-l07s-flexible-bluetooth-selfie-tyc-se-stativem-cerna-2\/","title":{"rendered":"Tech-Protect L07S Flexible bluetooth selfie ty\u010d se stativem, \u010dern\u00e1"},"content":{"rendered":"<p>Tech-Protect L07S je selfie ty\u010d, kter\u00e1 kombinuje odolnost, stabilitu a multifunk\u010dnost, zaji\u0161\u0165uje dokonal\u00e9 z\u00e1b\u011bry p\u0159i focen\u00ed nebo vlogov\u00e1n\u00ed. D\u00edky stativu se m\u016f\u017eete fotit z v\u011bt\u0161\u00ed vzd\u00e1lenosti a fotografovat nejen tv\u00e1\u0159, ale tak\u00e9 celou postavu. Selfie ty\u010d lze pou\u017e\u00edvat s r\u016fzn\u00fdmi mobiln\u00edmi telefony s opera\u010dn\u00edm syst\u00e9mem jako Android nebo iOS<\/p>\n<h3>Flexibiln\u00ed selfie ty\u010d<\/h3>\n<p>Selfie ty\u010d je vybavena inovativn\u00edm stativem s flexibiln\u00edma nohama, co\u017e umo\u017e\u0148uje u\u017eivatel\u016fm objevovat nov\u00e9 mo\u017enosti ve fotografov\u00e1n\u00ed a filmov\u00e1n\u00ed. Selfie ty\u010d m\u00e1 teleskopickou ty\u010d, kter\u00e1 umo\u017e\u0148uje jej\u00ed prodlou\u017een\u00ed na p\u016fsobivou d\u00e9lku. To v\u00e1m umo\u017en\u00ed snadno zachytit \u0161iroko\u00fahl\u00fd z\u00e1b\u011br nebo vyfotografovat skupinu p\u0159\u00e1tel. Flexibiln\u00ed nohy stativu umo\u017e\u0148uj\u00ed snadn\u00e9 p\u0159izp\u016fsoben\u00ed r\u016fzn\u00fdm povrch\u016fm a poskytuj\u00ed va\u0161emu za\u0159\u00edzen\u00ed pevnou oporu.<\/p>\n<p>D\u00edky flexibilit\u011b stativu m\u016f\u017eete tak\u00e9 experimentovat s r\u016fzn\u00fdmi \u00fahly a perspektivy, co\u017e v\u00e1m otev\u00edr\u00e1 nov\u00e9 mo\u017enosti pro vytv\u00e1\u0159en\u00ed jedine\u010dn\u00e9ho a zaj\u00edmav\u00e9ho obsahu. A\u0165 u\u017e nat\u00e1\u010d\u00edte outdoorov\u00e9 aktivity, vytv\u00e1\u0159\u00edte vlogy nebo fot\u00edte zemi, Tech-Protect L07S v\u00e1m poskytne stabilitu a podporu, kterou pot\u0159ebujete k dosa\u017een\u00ed skv\u011bl\u00fdch v\u00fdsledk\u016f.<\/p>\n<h3>Bluetooth p\u0159ipojen\u00ed<\/h3>\n<p>Vestav\u011bn\u00fd Bluetooth modul umo\u017e\u0148uje bezdr\u00e1tov\u00e9 p\u0159ipojen\u00ed ty\u010de k telefonu, co\u017e eliminuje pot\u0159ebu pou\u017eit\u00ed kabel\u016f a usnad\u0148uje obsluhu.Pevn\u011b vyroben\u00e1 rukoje\u0165 zaru\u010duje stabilizaci p\u0159i focen\u00ed a nat\u00e1\u010den\u00ed vide\u00ed. Va\u0161e za\u0159\u00edzen\u00ed bude bezpe\u010dn\u011b p\u0159ipevn\u011bno bez rizika n\u00e1hodn\u00e9ho p\u00e1du. Hlava selfie ty\u010de se m\u016f\u017ee ot\u00e1\u010det o 360 stup\u0148\u016f, co\u017e v\u00e1m umo\u017e\u0148uje snadno p\u0159izp\u016fsobit \u00fahel z\u00e1znamu va\u0161im pot\u0159eb\u00e1m.<\/p>\n<h3>Parametry:<\/h3>\n<p>\u2022 Velikost ve slo\u017een\u00e9m stavu: 34,7 cm<br \/>\n\u2022 Maxim\u00e1ln\u00ed rozlo\u017een\u00fd rozm\u011br: 53,7 cm<br \/>\n\u2022 Hmotnost: 390 g<br \/>\n\u2022 Funkce stativu<br \/>\n\u2022 Kompatibiln\u00ed s iOS, Android<br \/>\n\u2022 Obsah balen\u00ed: selfie ty\u010d, bluetooth d\u00e1lkov\u00e9 ovl\u00e1d\u00e1n<\/p>\n","protected":false},"excerpt":{"rendered":"<p>Tech-Protect L07S je selfie ty\u010d, kter\u00e1 kombinuje odolnost, stabilitu a multifunk\u010dnost, zaji\u0161\u0165uje dokonal\u00e9 z\u00e1b\u011bry p\u0159i focen\u00ed nebo vlogov\u00e1n\u00ed. D\u00edky stativu se m\u016f\u017eete fotit z v\u011bt\u0161\u00ed vzd\u00e1lenosti a fotografovat nejen tv\u00e1\u0159, ale tak\u00e9 celou postavu. Selfie ty\u010d lze pou\u017e\u00edvat s r\u016fzn\u00fdmi mobiln\u00edmi telefony s opera\u010dn\u00edm syst\u00e9mem jako Android nebo iOS Flexibiln\u00ed selfie ty\u010d Selfie ty\u010d je&#8230;<\/p>\n","protected":false},"featured_media":129673,"comment_status":"closed","ping_status":"open","template":"","meta":{"_acf_changed":false,"_kadence_starter_templates_imported_post":false,"_kad_post_transparent":"","_kad_post_title":"","_kad_post_layout":"","_kad_post_sidebar_id":"","_kad_post_content_style":"","_kad_post_vertical_padding":"","_kad_post_feature":"","_kad_post_feature_position":"","_kad_post_header":false,"_kad_post_footer":false,"_kad_post_classname":""},"product_brand":[],"product_cat":[58],"product_tag":[],"class_list":{"0":"post-130622","1":"product","2":"type-product","3":"status-publish","4":"has-post-thumbnail","6":"product_cat-elektronika","7":"pa_obchod-mobilego-cz","9":"first","10":"instock","11":"product-type-external","12":"entry","13":"content-bg","14":"loop-entry"},"acf":[],"yoast_head":"<!-- This site is optimized with the Yoast SEO plugin v27.4 - https:\/\/yoast.com\/product\/yoast-seo-wordpress\/ -->\n<title>Tech-Protect L07S Flexible bluetooth selfie ty\u010d se stativem, \u010dern\u00e1 - SHOPATOA<\/title>\n<meta name=\"robots\" content=\"index, follow, max-snippet:-1, max-image-preview:large, max-video-preview:-1\" \/>\n<link rel=\"canonical\" href=\"https:\/\/shopatoa.com\/cz\/tech-protect-l07s-flexible-bluetooth-selfie-tyc-se-stativem-cerna-2\/\" \/>\n<meta property=\"og:locale\" content=\"cs_CZ\" \/>\n<meta property=\"og:type\" content=\"article\" \/>\n<meta property=\"og:title\" content=\"Tech-Protect L07S Flexible bluetooth selfie ty\u010d se stativem, \u010dern\u00e1 - SHOPATOA\" \/>\n<meta property=\"og:description\" content=\"Tech-Protect L07S je selfie ty\u010d, kter\u00e1 kombinuje odolnost, stabilitu a multifunk\u010dnost, zaji\u0161\u0165uje dokonal\u00e9 z\u00e1b\u011bry p\u0159i focen\u00ed nebo vlogov\u00e1n\u00ed. D\u00edky stativu se m\u016f\u017eete fotit z v\u011bt\u0161\u00ed vzd\u00e1lenosti a fotografovat nejen tv\u00e1\u0159, ale tak\u00e9 celou postavu. Selfie ty\u010d lze pou\u017e\u00edvat s r\u016fzn\u00fdmi mobiln\u00edmi telefony s opera\u010dn\u00edm syst\u00e9mem jako Android nebo iOS Flexibiln\u00ed selfie ty\u010d Selfie ty\u010d je...\" \/>\n<meta property=\"og:url\" content=\"https:\/\/shopatoa.com\/cz\/tech-protect-l07s-flexible-bluetooth-selfie-tyc-se-stativem-cerna-2\/\" \/>\n<meta property=\"og:site_name\" content=\"SHOPATOA\" \/>\n<meta property=\"article:modified_time\" content=\"2025-03-14T21:00:04+00:00\" \/>\n<meta property=\"og:image\" content=\"https:\/\/shopatoa.com\/cz\/wp-content\/uploads\/2025\/02\/TEC691258-64dce9e5999bcd4cb939af692f98dfae.jpg\" \/>\n\t<meta property=\"og:image:width\" content=\"460\" \/>\n\t<meta property=\"og:image:height\" content=\"460\" \/>\n\t<meta property=\"og:image:type\" content=\"image\/jpeg\" \/>\n<meta name=\"twitter:card\" content=\"summary_large_image\" \/>\n<meta name=\"twitter:label1\" content=\"Odhadovan\u00e1 doba \u010dten\u00ed\" \/>\n\t<meta name=\"twitter:data1\" content=\"2 minuty\" \/>\n<script type=\"application\/ld+json\" class=\"yoast-schema-graph\">{\"@context\":\"https:\\\/\\\/schema.org\",\"@graph\":[{\"@type\":\"WebPage\",\"@id\":\"https:\\\/\\\/shopatoa.com\\\/cz\\\/tech-protect-l07s-flexible-bluetooth-selfie-tyc-se-stativem-cerna-2\\\/\",\"url\":\"https:\\\/\\\/shopatoa.com\\\/cz\\\/tech-protect-l07s-flexible-bluetooth-selfie-tyc-se-stativem-cerna-2\\\/\",\"name\":\"Tech-Protect L07S Flexible bluetooth selfie ty\u010d se stativem, \u010dern\u00e1 - SHOPATOA\",\"isPartOf\":{\"@id\":\"https:\\\/\\\/shopatoa.com\\\/cz\\\/#website\"},\"primaryImageOfPage\":{\"@id\":\"https:\\\/\\\/shopatoa.com\\\/cz\\\/tech-protect-l07s-flexible-bluetooth-selfie-tyc-se-stativem-cerna-2\\\/#primaryimage\"},\"image\":{\"@id\":\"https:\\\/\\\/shopatoa.com\\\/cz\\\/tech-protect-l07s-flexible-bluetooth-selfie-tyc-se-stativem-cerna-2\\\/#primaryimage\"},\"thumbnailUrl\":\"https:\\\/\\\/shopatoa.com\\\/cz\\\/wp-content\\\/uploads\\\/2025\\\/02\\\/TEC691258-64dce9e5999bcd4cb939af692f98dfae.jpg\",\"datePublished\":\"2025-02-14T20:33:14+00:00\",\"dateModified\":\"2025-03-14T21:00:04+00:00\",\"breadcrumb\":{\"@id\":\"https:\\\/\\\/shopatoa.com\\\/cz\\\/tech-protect-l07s-flexible-bluetooth-selfie-tyc-se-stativem-cerna-2\\\/#breadcrumb\"},\"inLanguage\":\"cs\",\"potentialAction\":[{\"@type\":\"ReadAction\",\"target\":[\"https:\\\/\\\/shopatoa.com\\\/cz\\\/tech-protect-l07s-flexible-bluetooth-selfie-tyc-se-stativem-cerna-2\\\/\"]}]},{\"@type\":\"ImageObject\",\"inLanguage\":\"cs\",\"@id\":\"https:\\\/\\\/shopatoa.com\\\/cz\\\/tech-protect-l07s-flexible-bluetooth-selfie-tyc-se-stativem-cerna-2\\\/#primaryimage\",\"url\":\"https:\\\/\\\/shopatoa.com\\\/cz\\\/wp-content\\\/uploads\\\/2025\\\/02\\\/TEC691258-64dce9e5999bcd4cb939af692f98dfae.jpg\",\"contentUrl\":\"https:\\\/\\\/shopatoa.com\\\/cz\\\/wp-content\\\/uploads\\\/2025\\\/02\\\/TEC691258-64dce9e5999bcd4cb939af692f98dfae.jpg\",\"width\":460,\"height\":460},{\"@type\":\"BreadcrumbList\",\"@id\":\"https:\\\/\\\/shopatoa.com\\\/cz\\\/tech-protect-l07s-flexible-bluetooth-selfie-tyc-se-stativem-cerna-2\\\/#breadcrumb\",\"itemListElement\":[{\"@type\":\"ListItem\",\"position\":1,\"name\":\"Dom\u016f\",\"item\":\"https:\\\/\\\/shopatoa.com\\\/cz\\\/\"},{\"@type\":\"ListItem\",\"position\":2,\"name\":\"Produkty\",\"item\":\"https:\\\/\\\/shopatoa.com\\\/cz\\\/shop\\\/\"},{\"@type\":\"ListItem\",\"position\":3,\"name\":\"Elektronika\",\"item\":\"https:\\\/\\\/shopatoa.com\\\/cz\\\/elektronika\\\/\"},{\"@type\":\"ListItem\",\"position\":4,\"name\":\"Tech-Protect L07S Flexible bluetooth selfie ty\u010d se stativem, \u010dern\u00e1\"}]},{\"@type\":\"WebSite\",\"@id\":\"https:\\\/\\\/shopatoa.com\\\/cz\\\/#website\",\"url\":\"https:\\\/\\\/shopatoa.com\\\/cz\\\/\",\"name\":\"SHOPATOA\",\"description\":\"\",\"publisher\":{\"@id\":\"https:\\\/\\\/shopatoa.com\\\/cz\\\/#organization\"},\"potentialAction\":[{\"@type\":\"SearchAction\",\"target\":{\"@type\":\"EntryPoint\",\"urlTemplate\":\"https:\\\/\\\/shopatoa.com\\\/cz\\\/?s={search_term_string}\"},\"query-input\":{\"@type\":\"PropertyValueSpecification\",\"valueRequired\":true,\"valueName\":\"search_term_string\"}}],\"inLanguage\":\"cs\"},{\"@type\":\"Organization\",\"@id\":\"https:\\\/\\\/shopatoa.com\\\/cz\\\/#organization\",\"name\":\"SHOPATOA Digital s.r.o.\",\"url\":\"https:\\\/\\\/shopatoa.com\\\/cz\\\/\",\"logo\":{\"@type\":\"ImageObject\",\"inLanguage\":\"cs\",\"@id\":\"https:\\\/\\\/shopatoa.com\\\/cz\\\/#\\\/schema\\\/logo\\\/image\\\/\",\"url\":\"https:\\\/\\\/storage.googleapis.com\\\/cz-shopatoa-img\\\/cz\\\/ebccf434-shopatoa_logo.png\",\"contentUrl\":\"https:\\\/\\\/storage.googleapis.com\\\/cz-shopatoa-img\\\/cz\\\/ebccf434-shopatoa_logo.png\",\"width\":416,\"height\":63,\"caption\":\"SHOPATOA Digital s.r.o.\"},\"image\":{\"@id\":\"https:\\\/\\\/shopatoa.com\\\/cz\\\/#\\\/schema\\\/logo\\\/image\\\/\"}}]}<\/script>\n<!-- \/ Yoast SEO plugin. -->","yoast_head_json":{"title":"Tech-Protect L07S Flexible bluetooth selfie ty\u010d se stativem, \u010dern\u00e1 - SHOPATOA","robots":{"index":"index","follow":"follow","max-snippet":"max-snippet:-1","max-image-preview":"max-image-preview:large","max-video-preview":"max-video-preview:-1"},"canonical":"https:\/\/shopatoa.com\/cz\/tech-protect-l07s-flexible-bluetooth-selfie-tyc-se-stativem-cerna-2\/","og_locale":"cs_CZ","og_type":"article","og_title":"Tech-Protect L07S Flexible bluetooth selfie ty\u010d se stativem, \u010dern\u00e1 - SHOPATOA","og_description":"Tech-Protect L07S je selfie ty\u010d, kter\u00e1 kombinuje odolnost, stabilitu a multifunk\u010dnost, zaji\u0161\u0165uje dokonal\u00e9 z\u00e1b\u011bry p\u0159i focen\u00ed nebo vlogov\u00e1n\u00ed. D\u00edky stativu se m\u016f\u017eete fotit z v\u011bt\u0161\u00ed vzd\u00e1lenosti a fotografovat nejen tv\u00e1\u0159, ale tak\u00e9 celou postavu. Selfie ty\u010d lze pou\u017e\u00edvat s r\u016fzn\u00fdmi mobiln\u00edmi telefony s opera\u010dn\u00edm syst\u00e9mem jako Android nebo iOS Flexibiln\u00ed selfie ty\u010d Selfie ty\u010d je...","og_url":"https:\/\/shopatoa.com\/cz\/tech-protect-l07s-flexible-bluetooth-selfie-tyc-se-stativem-cerna-2\/","og_site_name":"SHOPATOA","article_modified_time":"2025-03-14T21:00:04+00:00","og_image":[{"width":460,"height":460,"url":"https:\/\/shopatoa.com\/cz\/wp-content\/uploads\/2025\/02\/TEC691258-64dce9e5999bcd4cb939af692f98dfae.jpg","type":"image\/jpeg"}],"twitter_card":"summary_large_image","twitter_misc":{"Odhadovan\u00e1 doba \u010dten\u00ed":"2 minuty"},"schema":{"@context":"https:\/\/schema.org","@graph":[{"@type":"WebPage","@id":"https:\/\/shopatoa.com\/cz\/tech-protect-l07s-flexible-bluetooth-selfie-tyc-se-stativem-cerna-2\/","url":"https:\/\/shopatoa.com\/cz\/tech-protect-l07s-flexible-bluetooth-selfie-tyc-se-stativem-cerna-2\/","name":"Tech-Protect L07S Flexible bluetooth selfie ty\u010d se stativem, \u010dern\u00e1 - SHOPATOA","isPartOf":{"@id":"https:\/\/shopatoa.com\/cz\/#website"},"primaryImageOfPage":{"@id":"https:\/\/shopatoa.com\/cz\/tech-protect-l07s-flexible-bluetooth-selfie-tyc-se-stativem-cerna-2\/#primaryimage"},"image":{"@id":"https:\/\/shopatoa.com\/cz\/tech-protect-l07s-flexible-bluetooth-selfie-tyc-se-stativem-cerna-2\/#primaryimage"},"thumbnailUrl":"https:\/\/shopatoa.com\/cz\/wp-content\/uploads\/2025\/02\/TEC691258-64dce9e5999bcd4cb939af692f98dfae.jpg","datePublished":"2025-02-14T20:33:14+00:00","dateModified":"2025-03-14T21:00:04+00:00","breadcrumb":{"@id":"https:\/\/shopatoa.com\/cz\/tech-protect-l07s-flexible-bluetooth-selfie-tyc-se-stativem-cerna-2\/#breadcrumb"},"inLanguage":"cs","potentialAction":[{"@type":"ReadAction","target":["https:\/\/shopatoa.com\/cz\/tech-protect-l07s-flexible-bluetooth-selfie-tyc-se-stativem-cerna-2\/"]}]},{"@type":"ImageObject","inLanguage":"cs","@id":"https:\/\/shopatoa.com\/cz\/tech-protect-l07s-flexible-bluetooth-selfie-tyc-se-stativem-cerna-2\/#primaryimage","url":"https:\/\/shopatoa.com\/cz\/wp-content\/uploads\/2025\/02\/TEC691258-64dce9e5999bcd4cb939af692f98dfae.jpg","contentUrl":"https:\/\/shopatoa.com\/cz\/wp-content\/uploads\/2025\/02\/TEC691258-64dce9e5999bcd4cb939af692f98dfae.jpg","width":460,"height":460},{"@type":"BreadcrumbList","@id":"https:\/\/shopatoa.com\/cz\/tech-protect-l07s-flexible-bluetooth-selfie-tyc-se-stativem-cerna-2\/#breadcrumb","itemListElement":[{"@type":"ListItem","position":1,"name":"Dom\u016f","item":"https:\/\/shopatoa.com\/cz\/"},{"@type":"ListItem","position":2,"name":"Produkty","item":"https:\/\/shopatoa.com\/cz\/shop\/"},{"@type":"ListItem","position":3,"name":"Elektronika","item":"https:\/\/shopatoa.com\/cz\/elektronika\/"},{"@type":"ListItem","position":4,"name":"Tech-Protect L07S Flexible bluetooth selfie ty\u010d se stativem, \u010dern\u00e1"}]},{"@type":"WebSite","@id":"https:\/\/shopatoa.com\/cz\/#website","url":"https:\/\/shopatoa.com\/cz\/","name":"SHOPATOA","description":"","publisher":{"@id":"https:\/\/shopatoa.com\/cz\/#organization"},"potentialAction":[{"@type":"SearchAction","target":{"@type":"EntryPoint","urlTemplate":"https:\/\/shopatoa.com\/cz\/?s={search_term_string}"},"query-input":{"@type":"PropertyValueSpecification","valueRequired":true,"valueName":"search_term_string"}}],"inLanguage":"cs"},{"@type":"Organization","@id":"https:\/\/shopatoa.com\/cz\/#organization","name":"SHOPATOA Digital s.r.o.","url":"https:\/\/shopatoa.com\/cz\/","logo":{"@type":"ImageObject","inLanguage":"cs","@id":"https:\/\/shopatoa.com\/cz\/#\/schema\/logo\/image\/","url":"https:\/\/storage.googleapis.com\/cz-shopatoa-img\/cz\/ebccf434-shopatoa_logo.png","contentUrl":"https:\/\/storage.googleapis.com\/cz-shopatoa-img\/cz\/ebccf434-shopatoa_logo.png","width":416,"height":63,"caption":"SHOPATOA Digital s.r.o."},"image":{"@id":"https:\/\/shopatoa.com\/cz\/#\/schema\/logo\/image\/"}}]}},"_links":{"self":[{"href":"https:\/\/shopatoa.com\/cz\/wp-json\/wp\/v2\/product\/130622","targetHints":{"allow":["GET"]}}],"collection":[{"href":"https:\/\/shopatoa.com\/cz\/wp-json\/wp\/v2\/product"}],"about":[{"href":"https:\/\/shopatoa.com\/cz\/wp-json\/wp\/v2\/types\/product"}],"replies":[{"embeddable":true,"href":"https:\/\/shopatoa.com\/cz\/wp-json\/wp\/v2\/comments?post=130622"}],"wp:featuredmedia":[{"embeddable":true,"href":"https:\/\/shopatoa.com\/cz\/wp-json\/wp\/v2\/media\/129673"}],"wp:attachment":[{"href":"https:\/\/shopatoa.com\/cz\/wp-json\/wp\/v2\/media?parent=130622"}],"wp:term":[{"taxonomy":"product_brand","embeddable":true,"href":"https:\/\/shopatoa.com\/cz\/wp-json\/wp\/v2\/product_brand?post=130622"},{"taxonomy":"product_cat","embeddable":true,"href":"https:\/\/shopatoa.com\/cz\/wp-json\/wp\/v2\/product_cat?post=130622"},{"taxonomy":"product_tag","embeddable":true,"href":"https:\/\/shopatoa.com\/cz\/wp-json\/wp\/v2\/product_tag?post=130622"}],"curies":[{"name":"wp","href":"https:\/\/api.w.org\/{rel}","templated":true}]}}