{"id":130625,"date":"2025-02-14T21:33:14","date_gmt":"2025-02-14T20:33:14","guid":{"rendered":"https:\/\/shopatoa.com\/cz\/mg-telescopic-bluetooth-selfie-tyc-1-3m-cerna-2\/"},"modified":"2025-03-14T22:00:11","modified_gmt":"2025-03-14T21:00:11","slug":"mg-telescopic-bluetooth-selfie-tyc-1-3m-cerna-2","status":"publish","type":"product","link":"https:\/\/shopatoa.com\/cz\/mg-telescopic-bluetooth-selfie-tyc-1-3m-cerna-2\/","title":{"rendered":"MG Telescopic Bluetooth selfie ty\u010d 1.3m, \u010dern\u00e1"},"content":{"rendered":"<p>Bluetooth selfie ty\u010d je navr\u017eena pro ty, kte\u0159\u00ed hledaj\u00ed pohodl\u00ed, stabilitu a flexibilitu p\u0159i focen\u00ed \u010di nat\u00e1\u010den\u00ed vide\u00ed. D\u00edky bezdr\u00e1tov\u00e9mu p\u0159ipojen\u00ed p\u0159es Bluetooth se snadno a rychle sp\u00e1ruje s chytr\u00fdm telefonem, co\u017e v\u00e1m umo\u017e\u0148uje pohodln\u00e9 sn\u00edm\u00e1n\u00ed na d\u00e1lku. Je vybavena nastavitelnou teleskopickou ty\u010d\u00ed, kterou lze rozt\u00e1hnout na ide\u00e1ln\u00ed d\u00e9lku pro perfektn\u00ed z\u00e1b\u011br.<\/p>\n<h3>V\u0161estrann\u00e9 vyu\u017eit\u00ed pro ka\u017ed\u00e9ho<\/h3>\n<p>Pou\u017e\u00edv\u00e1n\u00ed teleskopick\u00e9 selfie ty\u010de v\u00e1m d\u00e1v\u00e1 naprostou svobodu p\u0159i zachycov\u00e1n\u00ed vzpom\u00ednek. M\u016f\u017eete ji pou\u017e\u00edt jako selfie ty\u010d pro zachyt\u00e1v\u00e1n\u00ed \u0161irok\u00fdch z\u00e1b\u011br\u016f se skupinou p\u0159\u00e1tel nebo jako stativ pro nahr\u00e1v\u00e1n\u00ed stabiln\u00edch vide\u00ed. Je to n\u00e1stroj, kter\u00fd bude fungovat v ka\u017ed\u00e9 situaci.<\/p>\n<h3>V\u0161estrannost pou\u017eit\u00ed<\/h3>\n<p>Vestav\u011bn\u00fd stativ p\u0159id\u00e1v\u00e1 dal\u0161\u00ed \u00farove\u0148 flexibility, proto\u017ee selfie ty\u010d se m\u016f\u017ee zm\u011bnit na praktick\u00fd stojan, ide\u00e1ln\u00ed na skupinov\u00e9 fotky, \u017eiv\u00e9 vys\u00edl\u00e1n\u00ed nebo videohovory. Kompaktn\u00ed a lehk\u00fd design \u010din\u00ed tuto ty\u010d skv\u011blou pro cestov\u00e1n\u00ed \u2013 jednodu\u0161e ji slo\u017e\u00edte do mal\u00e9 velikosti a vlo\u017e\u00edte do batohu \u010di kabelky.<\/p>\n<h3>Kompatibilita s mnoha za\u0159\u00edzen\u00edmi<\/h3>\n<p>Nemus\u00edte se b\u00e1t, zda selfie ty\u010d bude pasovat do va\u0161eho telefonu. Je kompatibiln\u00ed s nejpopul\u00e1rn\u011bj\u0161\u00edmi zna\u010dkami jako Apple, Samsung, Xiaomi, Huawei a mnoha dal\u0161\u00edmi. Bez ohledu na to, zda sn\u00edm\u00e1te horizont\u00e1ln\u011b nebo vertik\u00e1ln\u011b, poskytuje naprostou flexibilitu a pohodl\u00ed p\u0159i pou\u017e\u00edv\u00e1n\u00ed.<\/p>\n<h3>D\u00e1lkov\u00e9 ovl\u00e1d\u00e1n\u00ed pro pohodl\u00ed<\/h3>\n<p>D\u00edky tla\u010d\u00edtku Bluetooth v\u00e1m selfie ty\u010d umo\u017e\u0148uje fotografovat a nahr\u00e1vat videa bez dotyku telefonu. D\u00e1lkov\u00e9 ovl\u00e1d\u00e1n\u00ed znamen\u00e1, \u017ee m\u016f\u017eete ud\u011blat dokonal\u00fd z\u00e1b\u011br z d\u00e1lky. Je to perfektn\u00ed \u0159e\u0161en\u00ed pro v\u00fdlety, p\u00e1rty a jakoukoli situaci, kde je d\u016fle\u017eit\u00e9 pohodl\u00ed.<\/p>\n<h3>P\u016fsobiv\u00e1 v\u00fd\u0161ka pro dokonal\u00e9 z\u00e1b\u011bry<\/h3>\n<p>Selfie ty\u010d nab\u00edz\u00ed mo\u017enost vysunut\u00ed stativu do maxim\u00e1ln\u00ed v\u00fd\u0161ky 1,32 m, co\u017e v\u00e1m umo\u017en\u00ed z\u00edskat dokonalou perspektivu v ka\u017ed\u00e9m z\u00e1b\u011bru. D\u00edky 7-segmentov\u00e9 teleskopick\u00e9 ty\u010di si v\u00fd\u0161ku snadno p\u0159izp\u016fsob\u00edte sv\u00fdm pot\u0159eb\u00e1m. Je to ide\u00e1ln\u00ed \u0159e\u0161en\u00ed pro profesion\u00e1ln\u00ed i amat\u00e9rsk\u00e9 fotografy.<\/p>\n<h3>Rotace o 360\u00b0<\/h3>\n<p>Oto\u010den\u00ed o 360\u00b0 v\u00e1m umo\u017e\u0148uje poka\u017ed\u00e9 zachytit dokonal\u00fd \u00fahel. A\u0165 u\u017e d\u011bl\u00e1te selfie, nahr\u00e1v\u00e1te video nebo fotografujete na \u0161\u00ed\u0159ku, pln\u00e9 oto\u010den\u00ed v\u00e1m umo\u017en\u00ed um\u00edstit telefon nebo fotoapar\u00e1t do libovoln\u00e9 polohy. Va\u0161e z\u00e1b\u011bry budou v\u017edy dokonal\u00e9!<\/p>\n<h3>Vlastnosti:<\/h3>\n<p>\u2022 Funguje jako selfie ty\u010d i jako stabiln\u00ed stativ<br \/>\n\u2022 Umo\u017e\u0148uje fotografie horizont\u00e1ln\u00ed i vertik\u00e1ln\u00ed<br \/>\n\u2022 Umo\u017e\u0148uje d\u00e1lkov\u00e9 ovl\u00e1d\u00e1n\u00ed bez dotyku telefonu<br \/>\n\u2022 Selfie ty\u010d m\u00e1 d\u00e1lkov\u00e9 ovl\u00e1d\u00e1n\u00ed s Bluetooth modulem<br \/>\n\u2022 Protiskluzov\u00e1 rukoje\u0165<br \/>\n\u2022 Poskytuje pohodln\u00e9 pou\u017e\u00edv\u00e1n\u00ed s d\u00e1lkov\u00fdm ovl\u00e1d\u00e1n\u00edm Bluetooth<br \/>\n\u2022 Fotit m\u016f\u017eete ze vzd\u00e1lenosti a\u017e 10 metr\u016f<br \/>\n\u2022 Skryt\u00fd stativ poskytuje stabilitu na r\u016fzn\u00fdch povr\u0161\u00edch<br \/>\n\u2022 Rotace o 360 stup\u0148\u016f<\/p>\n<h3>Parametry:<\/h3>\n<p>\u2022 D\u00e9lka selfie ty\u010d: 130 cm<br \/>\n\u2022 D\u00e9lka stativ: 26 &#8211; 95 cm<br \/>\n\u2022 Bluetooth verze d\u00e1lkov\u00e9ho ovlada\u010de: Bluetooth 4.0<br \/>\n\u2022 Dosah d\u00e1lkov\u00e9ho ovl\u00e1d\u00e1n\u00ed: 10 m<br \/>\n\u2022 Nap\u00e1jen\u00ed d\u00e1lkov\u00e9ho ovlada\u010de: baterie CR1632<br \/>\n\u2022 Materi\u00e1l: ABS, nerezav\u011bj\u00edc\u00ed ocel<\/p>\n","protected":false},"excerpt":{"rendered":"<p>Bluetooth selfie ty\u010d je navr\u017eena pro ty, kte\u0159\u00ed hledaj\u00ed pohodl\u00ed, stabilitu a flexibilitu p\u0159i focen\u00ed \u010di nat\u00e1\u010den\u00ed vide\u00ed. D\u00edky bezdr\u00e1tov\u00e9mu p\u0159ipojen\u00ed p\u0159es Bluetooth se snadno a rychle sp\u00e1ruje s chytr\u00fdm telefonem, co\u017e v\u00e1m umo\u017e\u0148uje pohodln\u00e9 sn\u00edm\u00e1n\u00ed na d\u00e1lku. Je vybavena nastavitelnou teleskopickou ty\u010d\u00ed, kterou lze rozt\u00e1hnout na ide\u00e1ln\u00ed d\u00e9lku pro perfektn\u00ed z\u00e1b\u011br. V\u0161estrann\u00e9 vyu\u017eit\u00ed pro&#8230;<\/p>\n","protected":false},"featured_media":129679,"comment_status":"closed","ping_status":"open","template":"","meta":{"_acf_changed":false,"_kadence_starter_templates_imported_post":false,"_kad_post_transparent":"","_kad_post_title":"","_kad_post_layout":"","_kad_post_sidebar_id":"","_kad_post_content_style":"","_kad_post_vertical_padding":"","_kad_post_feature":"","_kad_post_feature_position":"","_kad_post_header":false,"_kad_post_footer":false,"_kad_post_classname":""},"product_brand":[],"product_cat":[58],"product_tag":[],"class_list":{"0":"post-130625","1":"product","2":"type-product","3":"status-publish","4":"has-post-thumbnail","6":"product_cat-elektronika","7":"pa_obchod-mobilego-cz","9":"first","10":"instock","11":"product-type-external","12":"entry","13":"content-bg","14":"loop-entry"},"acf":[],"yoast_head":"<!-- This site is optimized with the Yoast SEO plugin v27.4 - https:\/\/yoast.com\/product\/yoast-seo-wordpress\/ -->\n<title>MG Telescopic Bluetooth selfie ty\u010d 1.3m, \u010dern\u00e1 - SHOPATOA<\/title>\n<meta name=\"robots\" content=\"index, follow, max-snippet:-1, max-image-preview:large, max-video-preview:-1\" \/>\n<link rel=\"canonical\" href=\"https:\/\/shopatoa.com\/cz\/mg-telescopic-bluetooth-selfie-tyc-1-3m-cerna-2\/\" \/>\n<meta property=\"og:locale\" content=\"cs_CZ\" \/>\n<meta property=\"og:type\" content=\"article\" \/>\n<meta property=\"og:title\" content=\"MG Telescopic Bluetooth selfie ty\u010d 1.3m, \u010dern\u00e1 - SHOPATOA\" \/>\n<meta property=\"og:description\" content=\"Bluetooth selfie ty\u010d je navr\u017eena pro ty, kte\u0159\u00ed hledaj\u00ed pohodl\u00ed, stabilitu a flexibilitu p\u0159i focen\u00ed \u010di nat\u00e1\u010den\u00ed vide\u00ed. D\u00edky bezdr\u00e1tov\u00e9mu p\u0159ipojen\u00ed p\u0159es Bluetooth se snadno a rychle sp\u00e1ruje s chytr\u00fdm telefonem, co\u017e v\u00e1m umo\u017e\u0148uje pohodln\u00e9 sn\u00edm\u00e1n\u00ed na d\u00e1lku. Je vybavena nastavitelnou teleskopickou ty\u010d\u00ed, kterou lze rozt\u00e1hnout na ide\u00e1ln\u00ed d\u00e9lku pro perfektn\u00ed z\u00e1b\u011br. V\u0161estrann\u00e9 vyu\u017eit\u00ed pro...\" \/>\n<meta property=\"og:url\" content=\"https:\/\/shopatoa.com\/cz\/mg-telescopic-bluetooth-selfie-tyc-1-3m-cerna-2\/\" \/>\n<meta property=\"og:site_name\" content=\"SHOPATOA\" \/>\n<meta property=\"article:modified_time\" content=\"2025-03-14T21:00:11+00:00\" \/>\n<meta property=\"og:image\" content=\"https:\/\/shopatoa.com\/cz\/wp-content\/uploads\/2025\/02\/HUR103694-9e8787a1df3ea2a4ea5ab2bb5b595aee.jpg\" \/>\n\t<meta property=\"og:image:width\" content=\"460\" \/>\n\t<meta property=\"og:image:height\" content=\"460\" \/>\n\t<meta property=\"og:image:type\" content=\"image\/jpeg\" \/>\n<meta name=\"twitter:card\" content=\"summary_large_image\" \/>\n<meta name=\"twitter:label1\" content=\"Odhadovan\u00e1 doba \u010dten\u00ed\" \/>\n\t<meta name=\"twitter:data1\" content=\"3 minuty\" \/>\n<script type=\"application\/ld+json\" class=\"yoast-schema-graph\">{\"@context\":\"https:\\\/\\\/schema.org\",\"@graph\":[{\"@type\":\"WebPage\",\"@id\":\"https:\\\/\\\/shopatoa.com\\\/cz\\\/mg-telescopic-bluetooth-selfie-tyc-1-3m-cerna-2\\\/\",\"url\":\"https:\\\/\\\/shopatoa.com\\\/cz\\\/mg-telescopic-bluetooth-selfie-tyc-1-3m-cerna-2\\\/\",\"name\":\"MG Telescopic Bluetooth selfie ty\u010d 1.3m, \u010dern\u00e1 - SHOPATOA\",\"isPartOf\":{\"@id\":\"https:\\\/\\\/shopatoa.com\\\/cz\\\/#website\"},\"primaryImageOfPage\":{\"@id\":\"https:\\\/\\\/shopatoa.com\\\/cz\\\/mg-telescopic-bluetooth-selfie-tyc-1-3m-cerna-2\\\/#primaryimage\"},\"image\":{\"@id\":\"https:\\\/\\\/shopatoa.com\\\/cz\\\/mg-telescopic-bluetooth-selfie-tyc-1-3m-cerna-2\\\/#primaryimage\"},\"thumbnailUrl\":\"https:\\\/\\\/shopatoa.com\\\/cz\\\/wp-content\\\/uploads\\\/2025\\\/02\\\/HUR103694-9e8787a1df3ea2a4ea5ab2bb5b595aee.jpg\",\"datePublished\":\"2025-02-14T20:33:14+00:00\",\"dateModified\":\"2025-03-14T21:00:11+00:00\",\"breadcrumb\":{\"@id\":\"https:\\\/\\\/shopatoa.com\\\/cz\\\/mg-telescopic-bluetooth-selfie-tyc-1-3m-cerna-2\\\/#breadcrumb\"},\"inLanguage\":\"cs\",\"potentialAction\":[{\"@type\":\"ReadAction\",\"target\":[\"https:\\\/\\\/shopatoa.com\\\/cz\\\/mg-telescopic-bluetooth-selfie-tyc-1-3m-cerna-2\\\/\"]}]},{\"@type\":\"ImageObject\",\"inLanguage\":\"cs\",\"@id\":\"https:\\\/\\\/shopatoa.com\\\/cz\\\/mg-telescopic-bluetooth-selfie-tyc-1-3m-cerna-2\\\/#primaryimage\",\"url\":\"https:\\\/\\\/shopatoa.com\\\/cz\\\/wp-content\\\/uploads\\\/2025\\\/02\\\/HUR103694-9e8787a1df3ea2a4ea5ab2bb5b595aee.jpg\",\"contentUrl\":\"https:\\\/\\\/shopatoa.com\\\/cz\\\/wp-content\\\/uploads\\\/2025\\\/02\\\/HUR103694-9e8787a1df3ea2a4ea5ab2bb5b595aee.jpg\",\"width\":460,\"height\":460},{\"@type\":\"BreadcrumbList\",\"@id\":\"https:\\\/\\\/shopatoa.com\\\/cz\\\/mg-telescopic-bluetooth-selfie-tyc-1-3m-cerna-2\\\/#breadcrumb\",\"itemListElement\":[{\"@type\":\"ListItem\",\"position\":1,\"name\":\"Dom\u016f\",\"item\":\"https:\\\/\\\/shopatoa.com\\\/cz\\\/\"},{\"@type\":\"ListItem\",\"position\":2,\"name\":\"Produkty\",\"item\":\"https:\\\/\\\/shopatoa.com\\\/cz\\\/shop\\\/\"},{\"@type\":\"ListItem\",\"position\":3,\"name\":\"Elektronika\",\"item\":\"https:\\\/\\\/shopatoa.com\\\/cz\\\/elektronika\\\/\"},{\"@type\":\"ListItem\",\"position\":4,\"name\":\"MG Telescopic Bluetooth selfie ty\u010d 1.3m, \u010dern\u00e1\"}]},{\"@type\":\"WebSite\",\"@id\":\"https:\\\/\\\/shopatoa.com\\\/cz\\\/#website\",\"url\":\"https:\\\/\\\/shopatoa.com\\\/cz\\\/\",\"name\":\"SHOPATOA\",\"description\":\"\",\"publisher\":{\"@id\":\"https:\\\/\\\/shopatoa.com\\\/cz\\\/#organization\"},\"potentialAction\":[{\"@type\":\"SearchAction\",\"target\":{\"@type\":\"EntryPoint\",\"urlTemplate\":\"https:\\\/\\\/shopatoa.com\\\/cz\\\/?s={search_term_string}\"},\"query-input\":{\"@type\":\"PropertyValueSpecification\",\"valueRequired\":true,\"valueName\":\"search_term_string\"}}],\"inLanguage\":\"cs\"},{\"@type\":\"Organization\",\"@id\":\"https:\\\/\\\/shopatoa.com\\\/cz\\\/#organization\",\"name\":\"SHOPATOA Digital s.r.o.\",\"url\":\"https:\\\/\\\/shopatoa.com\\\/cz\\\/\",\"logo\":{\"@type\":\"ImageObject\",\"inLanguage\":\"cs\",\"@id\":\"https:\\\/\\\/shopatoa.com\\\/cz\\\/#\\\/schema\\\/logo\\\/image\\\/\",\"url\":\"https:\\\/\\\/storage.googleapis.com\\\/cz-shopatoa-img\\\/cz\\\/ebccf434-shopatoa_logo.png\",\"contentUrl\":\"https:\\\/\\\/storage.googleapis.com\\\/cz-shopatoa-img\\\/cz\\\/ebccf434-shopatoa_logo.png\",\"width\":416,\"height\":63,\"caption\":\"SHOPATOA Digital s.r.o.\"},\"image\":{\"@id\":\"https:\\\/\\\/shopatoa.com\\\/cz\\\/#\\\/schema\\\/logo\\\/image\\\/\"}}]}<\/script>\n<!-- \/ Yoast SEO plugin. -->","yoast_head_json":{"title":"MG Telescopic Bluetooth selfie ty\u010d 1.3m, \u010dern\u00e1 - SHOPATOA","robots":{"index":"index","follow":"follow","max-snippet":"max-snippet:-1","max-image-preview":"max-image-preview:large","max-video-preview":"max-video-preview:-1"},"canonical":"https:\/\/shopatoa.com\/cz\/mg-telescopic-bluetooth-selfie-tyc-1-3m-cerna-2\/","og_locale":"cs_CZ","og_type":"article","og_title":"MG Telescopic Bluetooth selfie ty\u010d 1.3m, \u010dern\u00e1 - SHOPATOA","og_description":"Bluetooth selfie ty\u010d je navr\u017eena pro ty, kte\u0159\u00ed hledaj\u00ed pohodl\u00ed, stabilitu a flexibilitu p\u0159i focen\u00ed \u010di nat\u00e1\u010den\u00ed vide\u00ed. D\u00edky bezdr\u00e1tov\u00e9mu p\u0159ipojen\u00ed p\u0159es Bluetooth se snadno a rychle sp\u00e1ruje s chytr\u00fdm telefonem, co\u017e v\u00e1m umo\u017e\u0148uje pohodln\u00e9 sn\u00edm\u00e1n\u00ed na d\u00e1lku. Je vybavena nastavitelnou teleskopickou ty\u010d\u00ed, kterou lze rozt\u00e1hnout na ide\u00e1ln\u00ed d\u00e9lku pro perfektn\u00ed z\u00e1b\u011br. V\u0161estrann\u00e9 vyu\u017eit\u00ed pro...","og_url":"https:\/\/shopatoa.com\/cz\/mg-telescopic-bluetooth-selfie-tyc-1-3m-cerna-2\/","og_site_name":"SHOPATOA","article_modified_time":"2025-03-14T21:00:11+00:00","og_image":[{"width":460,"height":460,"url":"https:\/\/shopatoa.com\/cz\/wp-content\/uploads\/2025\/02\/HUR103694-9e8787a1df3ea2a4ea5ab2bb5b595aee.jpg","type":"image\/jpeg"}],"twitter_card":"summary_large_image","twitter_misc":{"Odhadovan\u00e1 doba \u010dten\u00ed":"3 minuty"},"schema":{"@context":"https:\/\/schema.org","@graph":[{"@type":"WebPage","@id":"https:\/\/shopatoa.com\/cz\/mg-telescopic-bluetooth-selfie-tyc-1-3m-cerna-2\/","url":"https:\/\/shopatoa.com\/cz\/mg-telescopic-bluetooth-selfie-tyc-1-3m-cerna-2\/","name":"MG Telescopic Bluetooth selfie ty\u010d 1.3m, \u010dern\u00e1 - SHOPATOA","isPartOf":{"@id":"https:\/\/shopatoa.com\/cz\/#website"},"primaryImageOfPage":{"@id":"https:\/\/shopatoa.com\/cz\/mg-telescopic-bluetooth-selfie-tyc-1-3m-cerna-2\/#primaryimage"},"image":{"@id":"https:\/\/shopatoa.com\/cz\/mg-telescopic-bluetooth-selfie-tyc-1-3m-cerna-2\/#primaryimage"},"thumbnailUrl":"https:\/\/shopatoa.com\/cz\/wp-content\/uploads\/2025\/02\/HUR103694-9e8787a1df3ea2a4ea5ab2bb5b595aee.jpg","datePublished":"2025-02-14T20:33:14+00:00","dateModified":"2025-03-14T21:00:11+00:00","breadcrumb":{"@id":"https:\/\/shopatoa.com\/cz\/mg-telescopic-bluetooth-selfie-tyc-1-3m-cerna-2\/#breadcrumb"},"inLanguage":"cs","potentialAction":[{"@type":"ReadAction","target":["https:\/\/shopatoa.com\/cz\/mg-telescopic-bluetooth-selfie-tyc-1-3m-cerna-2\/"]}]},{"@type":"ImageObject","inLanguage":"cs","@id":"https:\/\/shopatoa.com\/cz\/mg-telescopic-bluetooth-selfie-tyc-1-3m-cerna-2\/#primaryimage","url":"https:\/\/shopatoa.com\/cz\/wp-content\/uploads\/2025\/02\/HUR103694-9e8787a1df3ea2a4ea5ab2bb5b595aee.jpg","contentUrl":"https:\/\/shopatoa.com\/cz\/wp-content\/uploads\/2025\/02\/HUR103694-9e8787a1df3ea2a4ea5ab2bb5b595aee.jpg","width":460,"height":460},{"@type":"BreadcrumbList","@id":"https:\/\/shopatoa.com\/cz\/mg-telescopic-bluetooth-selfie-tyc-1-3m-cerna-2\/#breadcrumb","itemListElement":[{"@type":"ListItem","position":1,"name":"Dom\u016f","item":"https:\/\/shopatoa.com\/cz\/"},{"@type":"ListItem","position":2,"name":"Produkty","item":"https:\/\/shopatoa.com\/cz\/shop\/"},{"@type":"ListItem","position":3,"name":"Elektronika","item":"https:\/\/shopatoa.com\/cz\/elektronika\/"},{"@type":"ListItem","position":4,"name":"MG Telescopic Bluetooth selfie ty\u010d 1.3m, \u010dern\u00e1"}]},{"@type":"WebSite","@id":"https:\/\/shopatoa.com\/cz\/#website","url":"https:\/\/shopatoa.com\/cz\/","name":"SHOPATOA","description":"","publisher":{"@id":"https:\/\/shopatoa.com\/cz\/#organization"},"potentialAction":[{"@type":"SearchAction","target":{"@type":"EntryPoint","urlTemplate":"https:\/\/shopatoa.com\/cz\/?s={search_term_string}"},"query-input":{"@type":"PropertyValueSpecification","valueRequired":true,"valueName":"search_term_string"}}],"inLanguage":"cs"},{"@type":"Organization","@id":"https:\/\/shopatoa.com\/cz\/#organization","name":"SHOPATOA Digital s.r.o.","url":"https:\/\/shopatoa.com\/cz\/","logo":{"@type":"ImageObject","inLanguage":"cs","@id":"https:\/\/shopatoa.com\/cz\/#\/schema\/logo\/image\/","url":"https:\/\/storage.googleapis.com\/cz-shopatoa-img\/cz\/ebccf434-shopatoa_logo.png","contentUrl":"https:\/\/storage.googleapis.com\/cz-shopatoa-img\/cz\/ebccf434-shopatoa_logo.png","width":416,"height":63,"caption":"SHOPATOA Digital s.r.o."},"image":{"@id":"https:\/\/shopatoa.com\/cz\/#\/schema\/logo\/image\/"}}]}},"_links":{"self":[{"href":"https:\/\/shopatoa.com\/cz\/wp-json\/wp\/v2\/product\/130625","targetHints":{"allow":["GET"]}}],"collection":[{"href":"https:\/\/shopatoa.com\/cz\/wp-json\/wp\/v2\/product"}],"about":[{"href":"https:\/\/shopatoa.com\/cz\/wp-json\/wp\/v2\/types\/product"}],"replies":[{"embeddable":true,"href":"https:\/\/shopatoa.com\/cz\/wp-json\/wp\/v2\/comments?post=130625"}],"wp:featuredmedia":[{"embeddable":true,"href":"https:\/\/shopatoa.com\/cz\/wp-json\/wp\/v2\/media\/129679"}],"wp:attachment":[{"href":"https:\/\/shopatoa.com\/cz\/wp-json\/wp\/v2\/media?parent=130625"}],"wp:term":[{"taxonomy":"product_brand","embeddable":true,"href":"https:\/\/shopatoa.com\/cz\/wp-json\/wp\/v2\/product_brand?post=130625"},{"taxonomy":"product_cat","embeddable":true,"href":"https:\/\/shopatoa.com\/cz\/wp-json\/wp\/v2\/product_cat?post=130625"},{"taxonomy":"product_tag","embeddable":true,"href":"https:\/\/shopatoa.com\/cz\/wp-json\/wp\/v2\/product_tag?post=130625"}],"curies":[{"name":"wp","href":"https:\/\/api.w.org\/{rel}","templated":true}]}}