{"id":130629,"date":"2025-02-14T21:33:14","date_gmt":"2025-02-14T20:33:14","guid":{"rendered":"https:\/\/shopatoa.com\/cz\/mg-tripod-bluetooth-selfie-tyc-1-3m-cerna-2\/"},"modified":"2025-03-14T22:00:20","modified_gmt":"2025-03-14T21:00:20","slug":"mg-tripod-bluetooth-selfie-tyc-1-3m-cerna-2","status":"publish","type":"product","link":"https:\/\/shopatoa.com\/cz\/mg-tripod-bluetooth-selfie-tyc-1-3m-cerna-2\/","title":{"rendered":"MG Tripod Bluetooth selfie ty\u010d 1.3m, \u010dern\u00e1"},"content":{"rendered":"<p>Bluetooth selfie ty\u010d je navr\u017eena pro ty, kte\u0159\u00ed hledaj\u00ed pohodl\u00ed, stabilitu a flexibilitu p\u0159i focen\u00ed \u010di nat\u00e1\u010den\u00ed vide\u00ed. D\u00edky bezdr\u00e1tov\u00e9mu p\u0159ipojen\u00ed p\u0159es Bluetooth se snadno a rychle sp\u00e1ruje s chytr\u00fdm telefonem, co\u017e v\u00e1m umo\u017e\u0148uje pohodln\u00e9 sn\u00edm\u00e1n\u00ed na d\u00e1lku. rotace v\u00e1m poskytne \u00faplnou svobodu. poc\u00edt\u00edte pohodl\u00ed odn\u00edmateln\u00e9ho dr\u017e\u00e1ku telefonu<\/p>\n<h3>Lze pou\u017e\u00edt i jako dr\u017e\u00e1k telefonu<\/h3>\n<p>Selfie ty\u010d je skute\u010dn\u00fdm hitem i pro milovn\u00edky mobiln\u00ed fotografie. stabiln\u00ed, beze strachu z vypadnut\u00ed za\u0159\u00edzen\u00ed.<\/p>\n<h3>Kompatibilita s mnoha za\u0159\u00edzen\u00edmi<\/h3>\n<p>Nemus\u00edte se b\u00e1t, zda selfie ty\u010d bude pasovat do va\u0161eho telefonu. Je kompatibiln\u00ed s nejpopul\u00e1rn\u011bj\u0161\u00edmi zna\u010dkami jako Apple, Samsung, Xiaomi, Huawei a mnoha dal\u0161\u00edmi. vertik\u00e1ln\u011b, poskytuje naprostou flexibilitu a pohodl\u00ed p\u0159i pou\u017e\u00edv\u00e1n\u00ed.<\/p>\n<h3>D\u00e1lkov\u00e9 ovl\u00e1d\u00e1n\u00ed pro pohodl\u00ed<\/h3>\n<p>D\u00edky tla\u010d\u00edtku Bluetooth v\u00e1m selfie ty\u010d umo\u017e\u0148uje fotografovat a nahr\u00e1vat videa bez dotyku telefonu. D\u00e1lkov\u00e9 ovl\u00e1d\u00e1n\u00ed znamen\u00e1, \u017ee m\u016f\u017eete ud\u011blat dokonal\u00fd z\u00e1b\u011br z d\u00e1lky. kde je d\u016fle\u017eit\u00e9 pohodl\u00ed.<\/p>\n<h3>Rotace o 360\u00b0<\/h3>\n<p>Oto\u010den\u00ed o 360\u00b0 v\u00e1m umo\u017e\u0148uje poka\u017ed\u00e9 zachytit dokonal\u00fd \u00fahel. dokonal\u00e9!<\/p>\n<h3>1\/4 z\u00e1vit<\/h3>\n<p>D\u00edky 1\/4 palcov\u00e9mu z\u00e1vitu na selfie ty\u010d m\u016f\u017eete p\u0159ipevnit r\u016fzn\u00e9 dopl\u0148ky jako selfie ring, sportovn\u00ed kameru nebo digit\u00e1ln\u00ed fotoapar\u00e1t.<\/p>\n<h3>Vlastnosti:<\/h3>\n<p>\u2022 Funguje jako selfie ty\u010d i jako stabiln\u00ed stativ<br \/>\n\u2022 Umo\u017e\u0148uje d\u00e1lkov\u00e9 ovl\u00e1d\u00e1n\u00ed bez dotyku telefonu<br \/>\n\u2022 Selfie ty\u010d m\u00e1 d\u00e1lkov\u00e9 ovl\u00e1d\u00e1n\u00ed s Bluetooth modulem<br \/>\n\u2022 Poskytuje pohodln\u00e9 pou\u017e\u00edv\u00e1n\u00ed s d\u00e1lkov\u00fdm ovl\u00e1d\u00e1n\u00edm Bluetooth<br \/>\n\u2022 Fotit m\u016f\u017eete ze vzd\u00e1lenosti a\u017e 10 metr\u016f<br \/>\n\u2022 Rotace o 360 stup\u0148\u016f<br \/>\n\u2022 M\u00e1 odn\u00edmateln\u00fd dr\u017e\u00e1k pro chytr\u00e9 telefony o \u0161\u00ed\u0159ce 65 a\u017e 95 mm.<br \/>\n\u2022 Nab\u00edz\u00ed \u0161irokou kompatibilitu se z\u00e1vitem 1\/4 palce<br \/>\n\u2022 D\u00edky z\u00e1vitu 1\/4 je kompatibiln\u00ed nap\u0159\u00edklad se sportovn\u00edmi kamerami.<\/p>\n<h3>Parametry:<\/h3>\n<p>\u2022 Maxim\u00e1ln\u00ed d\u00e9lka: 131 cm<br \/>\n\u2022 Bluetooth verze d\u00e1lkov\u00e9ho ovlada\u010de: Bluetooth 5.2<br \/>\n\u2022 Dosah d\u00e1lkov\u00e9ho ovl\u00e1d\u00e1n\u00ed: 10 m<br \/>\n\u2022 Nap\u00e1jen\u00ed d\u00e1lkov\u00e9ho ovlada\u010de: baterie CR1632<br \/>\n\u2022 Materi\u00e1l: ABS, nerezav\u011bj\u00edc\u00ed ocel<\/p>\n","protected":false},"excerpt":{"rendered":"<p>Bluetooth selfie ty\u010d je navr\u017eena pro ty, kte\u0159\u00ed hledaj\u00ed pohodl\u00ed, stabilitu a flexibilitu p\u0159i focen\u00ed \u010di nat\u00e1\u010den\u00ed vide\u00ed. D\u00edky bezdr\u00e1tov\u00e9mu p\u0159ipojen\u00ed p\u0159es Bluetooth se snadno a rychle sp\u00e1ruje s chytr\u00fdm telefonem, co\u017e v\u00e1m umo\u017e\u0148uje pohodln\u00e9 sn\u00edm\u00e1n\u00ed na d\u00e1lku. rotace v\u00e1m poskytne \u00faplnou svobodu. poc\u00edt\u00edte pohodl\u00ed odn\u00edmateln\u00e9ho dr\u017e\u00e1ku telefonu Lze pou\u017e\u00edt i jako dr\u017e\u00e1k telefonu Selfie&#8230;<\/p>\n","protected":false},"featured_media":129687,"comment_status":"closed","ping_status":"open","template":"","meta":{"_acf_changed":false,"_kadence_starter_templates_imported_post":false,"_kad_post_transparent":"","_kad_post_title":"","_kad_post_layout":"","_kad_post_sidebar_id":"","_kad_post_content_style":"","_kad_post_vertical_padding":"","_kad_post_feature":"","_kad_post_feature_position":"","_kad_post_header":false,"_kad_post_footer":false,"_kad_post_classname":""},"product_brand":[],"product_cat":[58],"product_tag":[],"class_list":{"0":"post-130629","1":"product","2":"type-product","3":"status-publish","4":"has-post-thumbnail","6":"product_cat-elektronika","7":"pa_obchod-mobilego-cz","9":"first","10":"instock","11":"product-type-external","12":"entry","13":"content-bg","14":"loop-entry"},"acf":[],"yoast_head":"<!-- This site is optimized with the Yoast SEO plugin v27.4 - https:\/\/yoast.com\/product\/yoast-seo-wordpress\/ -->\n<title>MG Tripod Bluetooth selfie ty\u010d 1.3m, \u010dern\u00e1 - SHOPATOA<\/title>\n<meta name=\"robots\" content=\"index, follow, max-snippet:-1, max-image-preview:large, max-video-preview:-1\" \/>\n<link rel=\"canonical\" href=\"https:\/\/shopatoa.com\/cz\/mg-tripod-bluetooth-selfie-tyc-1-3m-cerna-2\/\" \/>\n<meta property=\"og:locale\" content=\"cs_CZ\" \/>\n<meta property=\"og:type\" content=\"article\" \/>\n<meta property=\"og:title\" content=\"MG Tripod Bluetooth selfie ty\u010d 1.3m, \u010dern\u00e1 - SHOPATOA\" \/>\n<meta property=\"og:description\" content=\"Bluetooth selfie ty\u010d je navr\u017eena pro ty, kte\u0159\u00ed hledaj\u00ed pohodl\u00ed, stabilitu a flexibilitu p\u0159i focen\u00ed \u010di nat\u00e1\u010den\u00ed vide\u00ed. D\u00edky bezdr\u00e1tov\u00e9mu p\u0159ipojen\u00ed p\u0159es Bluetooth se snadno a rychle sp\u00e1ruje s chytr\u00fdm telefonem, co\u017e v\u00e1m umo\u017e\u0148uje pohodln\u00e9 sn\u00edm\u00e1n\u00ed na d\u00e1lku. rotace v\u00e1m poskytne \u00faplnou svobodu. poc\u00edt\u00edte pohodl\u00ed odn\u00edmateln\u00e9ho dr\u017e\u00e1ku telefonu Lze pou\u017e\u00edt i jako dr\u017e\u00e1k telefonu Selfie...\" \/>\n<meta property=\"og:url\" content=\"https:\/\/shopatoa.com\/cz\/mg-tripod-bluetooth-selfie-tyc-1-3m-cerna-2\/\" \/>\n<meta property=\"og:site_name\" content=\"SHOPATOA\" \/>\n<meta property=\"article:modified_time\" content=\"2025-03-14T21:00:20+00:00\" \/>\n<meta property=\"og:image\" content=\"https:\/\/shopatoa.com\/cz\/wp-content\/uploads\/2025\/02\/HUR103762-9f99e2ffcd4959bc72c401a8705c2e9c.jpg\" \/>\n\t<meta property=\"og:image:width\" content=\"460\" \/>\n\t<meta property=\"og:image:height\" content=\"460\" \/>\n\t<meta property=\"og:image:type\" content=\"image\/jpeg\" \/>\n<meta name=\"twitter:card\" content=\"summary_large_image\" \/>\n<meta name=\"twitter:label1\" content=\"Odhadovan\u00e1 doba \u010dten\u00ed\" \/>\n\t<meta name=\"twitter:data1\" content=\"2 minuty\" \/>\n<script type=\"application\/ld+json\" class=\"yoast-schema-graph\">{\"@context\":\"https:\\\/\\\/schema.org\",\"@graph\":[{\"@type\":\"WebPage\",\"@id\":\"https:\\\/\\\/shopatoa.com\\\/cz\\\/mg-tripod-bluetooth-selfie-tyc-1-3m-cerna-2\\\/\",\"url\":\"https:\\\/\\\/shopatoa.com\\\/cz\\\/mg-tripod-bluetooth-selfie-tyc-1-3m-cerna-2\\\/\",\"name\":\"MG Tripod Bluetooth selfie ty\u010d 1.3m, \u010dern\u00e1 - SHOPATOA\",\"isPartOf\":{\"@id\":\"https:\\\/\\\/shopatoa.com\\\/cz\\\/#website\"},\"primaryImageOfPage\":{\"@id\":\"https:\\\/\\\/shopatoa.com\\\/cz\\\/mg-tripod-bluetooth-selfie-tyc-1-3m-cerna-2\\\/#primaryimage\"},\"image\":{\"@id\":\"https:\\\/\\\/shopatoa.com\\\/cz\\\/mg-tripod-bluetooth-selfie-tyc-1-3m-cerna-2\\\/#primaryimage\"},\"thumbnailUrl\":\"https:\\\/\\\/shopatoa.com\\\/cz\\\/wp-content\\\/uploads\\\/2025\\\/02\\\/HUR103762-9f99e2ffcd4959bc72c401a8705c2e9c.jpg\",\"datePublished\":\"2025-02-14T20:33:14+00:00\",\"dateModified\":\"2025-03-14T21:00:20+00:00\",\"breadcrumb\":{\"@id\":\"https:\\\/\\\/shopatoa.com\\\/cz\\\/mg-tripod-bluetooth-selfie-tyc-1-3m-cerna-2\\\/#breadcrumb\"},\"inLanguage\":\"cs\",\"potentialAction\":[{\"@type\":\"ReadAction\",\"target\":[\"https:\\\/\\\/shopatoa.com\\\/cz\\\/mg-tripod-bluetooth-selfie-tyc-1-3m-cerna-2\\\/\"]}]},{\"@type\":\"ImageObject\",\"inLanguage\":\"cs\",\"@id\":\"https:\\\/\\\/shopatoa.com\\\/cz\\\/mg-tripod-bluetooth-selfie-tyc-1-3m-cerna-2\\\/#primaryimage\",\"url\":\"https:\\\/\\\/shopatoa.com\\\/cz\\\/wp-content\\\/uploads\\\/2025\\\/02\\\/HUR103762-9f99e2ffcd4959bc72c401a8705c2e9c.jpg\",\"contentUrl\":\"https:\\\/\\\/shopatoa.com\\\/cz\\\/wp-content\\\/uploads\\\/2025\\\/02\\\/HUR103762-9f99e2ffcd4959bc72c401a8705c2e9c.jpg\",\"width\":460,\"height\":460},{\"@type\":\"BreadcrumbList\",\"@id\":\"https:\\\/\\\/shopatoa.com\\\/cz\\\/mg-tripod-bluetooth-selfie-tyc-1-3m-cerna-2\\\/#breadcrumb\",\"itemListElement\":[{\"@type\":\"ListItem\",\"position\":1,\"name\":\"Dom\u016f\",\"item\":\"https:\\\/\\\/shopatoa.com\\\/cz\\\/\"},{\"@type\":\"ListItem\",\"position\":2,\"name\":\"Produkty\",\"item\":\"https:\\\/\\\/shopatoa.com\\\/cz\\\/shop\\\/\"},{\"@type\":\"ListItem\",\"position\":3,\"name\":\"Elektronika\",\"item\":\"https:\\\/\\\/shopatoa.com\\\/cz\\\/elektronika\\\/\"},{\"@type\":\"ListItem\",\"position\":4,\"name\":\"MG Tripod Bluetooth selfie ty\u010d 1.3m, \u010dern\u00e1\"}]},{\"@type\":\"WebSite\",\"@id\":\"https:\\\/\\\/shopatoa.com\\\/cz\\\/#website\",\"url\":\"https:\\\/\\\/shopatoa.com\\\/cz\\\/\",\"name\":\"SHOPATOA\",\"description\":\"\",\"publisher\":{\"@id\":\"https:\\\/\\\/shopatoa.com\\\/cz\\\/#organization\"},\"potentialAction\":[{\"@type\":\"SearchAction\",\"target\":{\"@type\":\"EntryPoint\",\"urlTemplate\":\"https:\\\/\\\/shopatoa.com\\\/cz\\\/?s={search_term_string}\"},\"query-input\":{\"@type\":\"PropertyValueSpecification\",\"valueRequired\":true,\"valueName\":\"search_term_string\"}}],\"inLanguage\":\"cs\"},{\"@type\":\"Organization\",\"@id\":\"https:\\\/\\\/shopatoa.com\\\/cz\\\/#organization\",\"name\":\"SHOPATOA Digital s.r.o.\",\"url\":\"https:\\\/\\\/shopatoa.com\\\/cz\\\/\",\"logo\":{\"@type\":\"ImageObject\",\"inLanguage\":\"cs\",\"@id\":\"https:\\\/\\\/shopatoa.com\\\/cz\\\/#\\\/schema\\\/logo\\\/image\\\/\",\"url\":\"https:\\\/\\\/storage.googleapis.com\\\/cz-shopatoa-img\\\/cz\\\/ebccf434-shopatoa_logo.png\",\"contentUrl\":\"https:\\\/\\\/storage.googleapis.com\\\/cz-shopatoa-img\\\/cz\\\/ebccf434-shopatoa_logo.png\",\"width\":416,\"height\":63,\"caption\":\"SHOPATOA Digital s.r.o.\"},\"image\":{\"@id\":\"https:\\\/\\\/shopatoa.com\\\/cz\\\/#\\\/schema\\\/logo\\\/image\\\/\"}}]}<\/script>\n<!-- \/ Yoast SEO plugin. -->","yoast_head_json":{"title":"MG Tripod Bluetooth selfie ty\u010d 1.3m, \u010dern\u00e1 - SHOPATOA","robots":{"index":"index","follow":"follow","max-snippet":"max-snippet:-1","max-image-preview":"max-image-preview:large","max-video-preview":"max-video-preview:-1"},"canonical":"https:\/\/shopatoa.com\/cz\/mg-tripod-bluetooth-selfie-tyc-1-3m-cerna-2\/","og_locale":"cs_CZ","og_type":"article","og_title":"MG Tripod Bluetooth selfie ty\u010d 1.3m, \u010dern\u00e1 - SHOPATOA","og_description":"Bluetooth selfie ty\u010d je navr\u017eena pro ty, kte\u0159\u00ed hledaj\u00ed pohodl\u00ed, stabilitu a flexibilitu p\u0159i focen\u00ed \u010di nat\u00e1\u010den\u00ed vide\u00ed. D\u00edky bezdr\u00e1tov\u00e9mu p\u0159ipojen\u00ed p\u0159es Bluetooth se snadno a rychle sp\u00e1ruje s chytr\u00fdm telefonem, co\u017e v\u00e1m umo\u017e\u0148uje pohodln\u00e9 sn\u00edm\u00e1n\u00ed na d\u00e1lku. rotace v\u00e1m poskytne \u00faplnou svobodu. poc\u00edt\u00edte pohodl\u00ed odn\u00edmateln\u00e9ho dr\u017e\u00e1ku telefonu Lze pou\u017e\u00edt i jako dr\u017e\u00e1k telefonu Selfie...","og_url":"https:\/\/shopatoa.com\/cz\/mg-tripod-bluetooth-selfie-tyc-1-3m-cerna-2\/","og_site_name":"SHOPATOA","article_modified_time":"2025-03-14T21:00:20+00:00","og_image":[{"width":460,"height":460,"url":"https:\/\/shopatoa.com\/cz\/wp-content\/uploads\/2025\/02\/HUR103762-9f99e2ffcd4959bc72c401a8705c2e9c.jpg","type":"image\/jpeg"}],"twitter_card":"summary_large_image","twitter_misc":{"Odhadovan\u00e1 doba \u010dten\u00ed":"2 minuty"},"schema":{"@context":"https:\/\/schema.org","@graph":[{"@type":"WebPage","@id":"https:\/\/shopatoa.com\/cz\/mg-tripod-bluetooth-selfie-tyc-1-3m-cerna-2\/","url":"https:\/\/shopatoa.com\/cz\/mg-tripod-bluetooth-selfie-tyc-1-3m-cerna-2\/","name":"MG Tripod Bluetooth selfie ty\u010d 1.3m, \u010dern\u00e1 - SHOPATOA","isPartOf":{"@id":"https:\/\/shopatoa.com\/cz\/#website"},"primaryImageOfPage":{"@id":"https:\/\/shopatoa.com\/cz\/mg-tripod-bluetooth-selfie-tyc-1-3m-cerna-2\/#primaryimage"},"image":{"@id":"https:\/\/shopatoa.com\/cz\/mg-tripod-bluetooth-selfie-tyc-1-3m-cerna-2\/#primaryimage"},"thumbnailUrl":"https:\/\/shopatoa.com\/cz\/wp-content\/uploads\/2025\/02\/HUR103762-9f99e2ffcd4959bc72c401a8705c2e9c.jpg","datePublished":"2025-02-14T20:33:14+00:00","dateModified":"2025-03-14T21:00:20+00:00","breadcrumb":{"@id":"https:\/\/shopatoa.com\/cz\/mg-tripod-bluetooth-selfie-tyc-1-3m-cerna-2\/#breadcrumb"},"inLanguage":"cs","potentialAction":[{"@type":"ReadAction","target":["https:\/\/shopatoa.com\/cz\/mg-tripod-bluetooth-selfie-tyc-1-3m-cerna-2\/"]}]},{"@type":"ImageObject","inLanguage":"cs","@id":"https:\/\/shopatoa.com\/cz\/mg-tripod-bluetooth-selfie-tyc-1-3m-cerna-2\/#primaryimage","url":"https:\/\/shopatoa.com\/cz\/wp-content\/uploads\/2025\/02\/HUR103762-9f99e2ffcd4959bc72c401a8705c2e9c.jpg","contentUrl":"https:\/\/shopatoa.com\/cz\/wp-content\/uploads\/2025\/02\/HUR103762-9f99e2ffcd4959bc72c401a8705c2e9c.jpg","width":460,"height":460},{"@type":"BreadcrumbList","@id":"https:\/\/shopatoa.com\/cz\/mg-tripod-bluetooth-selfie-tyc-1-3m-cerna-2\/#breadcrumb","itemListElement":[{"@type":"ListItem","position":1,"name":"Dom\u016f","item":"https:\/\/shopatoa.com\/cz\/"},{"@type":"ListItem","position":2,"name":"Produkty","item":"https:\/\/shopatoa.com\/cz\/shop\/"},{"@type":"ListItem","position":3,"name":"Elektronika","item":"https:\/\/shopatoa.com\/cz\/elektronika\/"},{"@type":"ListItem","position":4,"name":"MG Tripod Bluetooth selfie ty\u010d 1.3m, \u010dern\u00e1"}]},{"@type":"WebSite","@id":"https:\/\/shopatoa.com\/cz\/#website","url":"https:\/\/shopatoa.com\/cz\/","name":"SHOPATOA","description":"","publisher":{"@id":"https:\/\/shopatoa.com\/cz\/#organization"},"potentialAction":[{"@type":"SearchAction","target":{"@type":"EntryPoint","urlTemplate":"https:\/\/shopatoa.com\/cz\/?s={search_term_string}"},"query-input":{"@type":"PropertyValueSpecification","valueRequired":true,"valueName":"search_term_string"}}],"inLanguage":"cs"},{"@type":"Organization","@id":"https:\/\/shopatoa.com\/cz\/#organization","name":"SHOPATOA Digital s.r.o.","url":"https:\/\/shopatoa.com\/cz\/","logo":{"@type":"ImageObject","inLanguage":"cs","@id":"https:\/\/shopatoa.com\/cz\/#\/schema\/logo\/image\/","url":"https:\/\/storage.googleapis.com\/cz-shopatoa-img\/cz\/ebccf434-shopatoa_logo.png","contentUrl":"https:\/\/storage.googleapis.com\/cz-shopatoa-img\/cz\/ebccf434-shopatoa_logo.png","width":416,"height":63,"caption":"SHOPATOA Digital s.r.o."},"image":{"@id":"https:\/\/shopatoa.com\/cz\/#\/schema\/logo\/image\/"}}]}},"_links":{"self":[{"href":"https:\/\/shopatoa.com\/cz\/wp-json\/wp\/v2\/product\/130629","targetHints":{"allow":["GET"]}}],"collection":[{"href":"https:\/\/shopatoa.com\/cz\/wp-json\/wp\/v2\/product"}],"about":[{"href":"https:\/\/shopatoa.com\/cz\/wp-json\/wp\/v2\/types\/product"}],"replies":[{"embeddable":true,"href":"https:\/\/shopatoa.com\/cz\/wp-json\/wp\/v2\/comments?post=130629"}],"wp:featuredmedia":[{"embeddable":true,"href":"https:\/\/shopatoa.com\/cz\/wp-json\/wp\/v2\/media\/129687"}],"wp:attachment":[{"href":"https:\/\/shopatoa.com\/cz\/wp-json\/wp\/v2\/media?parent=130629"}],"wp:term":[{"taxonomy":"product_brand","embeddable":true,"href":"https:\/\/shopatoa.com\/cz\/wp-json\/wp\/v2\/product_brand?post=130629"},{"taxonomy":"product_cat","embeddable":true,"href":"https:\/\/shopatoa.com\/cz\/wp-json\/wp\/v2\/product_cat?post=130629"},{"taxonomy":"product_tag","embeddable":true,"href":"https:\/\/shopatoa.com\/cz\/wp-json\/wp\/v2\/product_tag?post=130629"}],"curies":[{"name":"wp","href":"https:\/\/api.w.org\/{rel}","templated":true}]}}