{"id":134832,"date":"2025-02-15T22:03:34","date_gmt":"2025-02-15T21:03:34","guid":{"rendered":"https:\/\/shopatoa.com\/cz\/drontal-pro-kocky-2-tablety\/"},"modified":"2026-01-30T16:51:13","modified_gmt":"2026-01-30T15:51:13","slug":"drontal-pro-kocky-2-tablety","status":"publish","type":"product","link":"https:\/\/shopatoa.com\/cz\/drontal-pro-kocky-2-tablety\/","title":{"rendered":"Drontal pro ko\u010dky 2 tablety"},"content":{"rendered":"<p>Tablety na od\u010derven\u00ed ko\u010dek jsou rozd\u011blen\u00e9 p\u016flic\u00ed r\u00fdhou. P\u016fsob\u00ed proti nej\u010dast\u011bj\u0161\u00edm vnit\u0159n\u00edm parazit\u016fm ko\u010dek: \u0161krkavk\u00e1m, m\u011bchovc\u016fm a tasemnici.<\/p>\n","protected":false},"excerpt":{"rendered":"<p>Tablety na od\u010derven\u00ed ko\u010dek jsou rozd\u011blen\u00e9 p\u016flic\u00ed r\u00fdhou. P\u016fsob\u00ed proti nej\u010dast\u011bj\u0161\u00edm vnit\u0159n\u00edm parazit\u016fm ko\u010dek: \u0161krkavk\u00e1m, m\u011bchovc\u016fm a tasemnici.<\/p>\n","protected":false},"featured_media":134833,"comment_status":"closed","ping_status":"open","template":"","meta":{"_acf_changed":false,"_kadence_starter_templates_imported_post":false,"_kad_post_transparent":"","_kad_post_title":"","_kad_post_layout":"","_kad_post_sidebar_id":"","_kad_post_content_style":"","_kad_post_vertical_padding":"","_kad_post_feature":"","_kad_post_feature_position":"","_kad_post_header":false,"_kad_post_footer":false,"_kad_post_classname":""},"product_brand":[442],"product_cat":[443,438,436,439,437],"product_tag":[],"class_list":{"0":"post-134832","1":"product","2":"type-product","3":"status-publish","4":"has-post-thumbnail","6":"product_brand-drontal","7":"product_cat-antiparazitika-pro-kocky","8":"product_cat-antiparazitika-pro-zvirata","9":"product_cat-chovatelske-potreby-2","10":"product_cat-neveterinarni-antiparazitika","11":"product_cat-veterinarni-lekarna","13":"first","14":"instock","15":"product-type-external","16":"entry","17":"content-bg","18":"loop-entry"},"acf":[],"yoast_head":"<!-- This site is optimized with the Yoast SEO plugin v27.4 - https:\/\/yoast.com\/product\/yoast-seo-wordpress\/ -->\n<title>Drontal pro ko\u010dky 2 tablety - SHOPATOA.COM<\/title>\n<meta name=\"robots\" content=\"index, follow, max-snippet:-1, max-image-preview:large, max-video-preview:-1\" \/>\n<link rel=\"canonical\" href=\"https:\/\/shopatoa.com\/cz\/drontal-pro-kocky-2-tablety\/\" \/>\n<meta property=\"og:locale\" content=\"cs_CZ\" \/>\n<meta property=\"og:type\" content=\"article\" \/>\n<meta property=\"og:title\" content=\"Drontal pro ko\u010dky 2 tablety - SHOPATOA.COM\" \/>\n<meta property=\"og:description\" content=\"Tablety na od\u010derven\u00ed ko\u010dek jsou rozd\u011blen\u00e9 p\u016flic\u00ed r\u00fdhou. P\u016fsob\u00ed proti nej\u010dast\u011bj\u0161\u00edm vnit\u0159n\u00edm parazit\u016fm ko\u010dek: \u0161krkavk\u00e1m, m\u011bchovc\u016fm a tasemnici.\" \/>\n<meta property=\"og:url\" content=\"https:\/\/shopatoa.com\/cz\/drontal-pro-kocky-2-tablety\/\" \/>\n<meta property=\"og:site_name\" content=\"SHOPATOA\" \/>\n<meta property=\"article:modified_time\" content=\"2026-01-30T15:51:13+00:00\" \/>\n<meta property=\"og:image\" content=\"https:\/\/shopatoa.com\/cz\/wp-content\/uploads\/2025\/02\/drontal_cat_2.jpg\" \/>\n\t<meta property=\"og:image:width\" content=\"991\" \/>\n\t<meta property=\"og:image:height\" content=\"1117\" \/>\n\t<meta property=\"og:image:type\" content=\"image\/jpeg\" \/>\n<meta name=\"twitter:card\" content=\"summary_large_image\" \/>\n<script type=\"application\/ld+json\" class=\"yoast-schema-graph\">{\"@context\":\"https:\\\/\\\/schema.org\",\"@graph\":[{\"@type\":\"WebPage\",\"@id\":\"https:\\\/\\\/shopatoa.com\\\/cz\\\/drontal-pro-kocky-2-tablety\\\/\",\"url\":\"https:\\\/\\\/shopatoa.com\\\/cz\\\/drontal-pro-kocky-2-tablety\\\/\",\"name\":\"Drontal pro ko\u010dky 2 tablety - SHOPATOA.COM\",\"isPartOf\":{\"@id\":\"https:\\\/\\\/shopatoa.com\\\/cz\\\/#website\"},\"primaryImageOfPage\":{\"@id\":\"https:\\\/\\\/shopatoa.com\\\/cz\\\/drontal-pro-kocky-2-tablety\\\/#primaryimage\"},\"image\":{\"@id\":\"https:\\\/\\\/shopatoa.com\\\/cz\\\/drontal-pro-kocky-2-tablety\\\/#primaryimage\"},\"thumbnailUrl\":\"https:\\\/\\\/shopatoa.com\\\/cz\\\/wp-content\\\/uploads\\\/2025\\\/02\\\/drontal_cat_2.jpg\",\"datePublished\":\"2025-02-15T21:03:34+00:00\",\"dateModified\":\"2026-01-30T15:51:13+00:00\",\"breadcrumb\":{\"@id\":\"https:\\\/\\\/shopatoa.com\\\/cz\\\/drontal-pro-kocky-2-tablety\\\/#breadcrumb\"},\"inLanguage\":\"cs\",\"potentialAction\":[{\"@type\":\"ReadAction\",\"target\":[\"https:\\\/\\\/shopatoa.com\\\/cz\\\/drontal-pro-kocky-2-tablety\\\/\"]}]},{\"@type\":\"ImageObject\",\"inLanguage\":\"cs\",\"@id\":\"https:\\\/\\\/shopatoa.com\\\/cz\\\/drontal-pro-kocky-2-tablety\\\/#primaryimage\",\"url\":\"https:\\\/\\\/shopatoa.com\\\/cz\\\/wp-content\\\/uploads\\\/2025\\\/02\\\/drontal_cat_2.jpg\",\"contentUrl\":\"https:\\\/\\\/shopatoa.com\\\/cz\\\/wp-content\\\/uploads\\\/2025\\\/02\\\/drontal_cat_2.jpg\",\"width\":991,\"height\":1117},{\"@type\":\"BreadcrumbList\",\"@id\":\"https:\\\/\\\/shopatoa.com\\\/cz\\\/drontal-pro-kocky-2-tablety\\\/#breadcrumb\",\"itemListElement\":[{\"@type\":\"ListItem\",\"position\":1,\"name\":\"Dom\u016f\",\"item\":\"https:\\\/\\\/shopatoa.com\\\/cz\\\/\"},{\"@type\":\"ListItem\",\"position\":2,\"name\":\"Produkty\",\"item\":\"https:\\\/\\\/shopatoa.com\\\/cz\\\/shop\\\/\"},{\"@type\":\"ListItem\",\"position\":3,\"name\":\"Chovatelsk\u00e9 pot\u0159eby\",\"item\":\"https:\\\/\\\/shopatoa.com\\\/cz\\\/chovatelske-potreby-2\\\/\"},{\"@type\":\"ListItem\",\"position\":4,\"name\":\"Veterin\u00e1rn\u00ed l\u00e9k\u00e1rna\",\"item\":\"https:\\\/\\\/shopatoa.com\\\/cz\\\/veterinarni-lekarna\\\/\"},{\"@type\":\"ListItem\",\"position\":5,\"name\":\"Antiparazitika pro zv\u00ed\u0159ata\",\"item\":\"https:\\\/\\\/shopatoa.com\\\/cz\\\/antiparazitika-pro-zvirata\\\/\"},{\"@type\":\"ListItem\",\"position\":6,\"name\":\"Neveterin\u00e1rn\u00ed antiparazitika\",\"item\":\"https:\\\/\\\/shopatoa.com\\\/cz\\\/neveterinarni-antiparazitika\\\/\"},{\"@type\":\"ListItem\",\"position\":7,\"name\":\"Antiparazitika pro ko\u010dky\",\"item\":\"https:\\\/\\\/shopatoa.com\\\/cz\\\/antiparazitika-pro-kocky\\\/\"},{\"@type\":\"ListItem\",\"position\":8,\"name\":\"Drontal pro ko\u010dky 2 tablety\"}]},{\"@type\":\"WebSite\",\"@id\":\"https:\\\/\\\/shopatoa.com\\\/cz\\\/#website\",\"url\":\"https:\\\/\\\/shopatoa.com\\\/cz\\\/\",\"name\":\"SHOPATOA\",\"description\":\"\",\"publisher\":{\"@id\":\"https:\\\/\\\/shopatoa.com\\\/cz\\\/#organization\"},\"potentialAction\":[{\"@type\":\"SearchAction\",\"target\":{\"@type\":\"EntryPoint\",\"urlTemplate\":\"https:\\\/\\\/shopatoa.com\\\/cz\\\/?s={search_term_string}\"},\"query-input\":{\"@type\":\"PropertyValueSpecification\",\"valueRequired\":true,\"valueName\":\"search_term_string\"}}],\"inLanguage\":\"cs\"},{\"@type\":\"Organization\",\"@id\":\"https:\\\/\\\/shopatoa.com\\\/cz\\\/#organization\",\"name\":\"SHOPATOA Digital s.r.o.\",\"url\":\"https:\\\/\\\/shopatoa.com\\\/cz\\\/\",\"logo\":{\"@type\":\"ImageObject\",\"inLanguage\":\"cs\",\"@id\":\"https:\\\/\\\/shopatoa.com\\\/cz\\\/#\\\/schema\\\/logo\\\/image\\\/\",\"url\":\"https:\\\/\\\/storage.googleapis.com\\\/cz-shopatoa-img\\\/cz\\\/ebccf434-shopatoa_logo.png\",\"contentUrl\":\"https:\\\/\\\/storage.googleapis.com\\\/cz-shopatoa-img\\\/cz\\\/ebccf434-shopatoa_logo.png\",\"width\":416,\"height\":63,\"caption\":\"SHOPATOA Digital s.r.o.\"},\"image\":{\"@id\":\"https:\\\/\\\/shopatoa.com\\\/cz\\\/#\\\/schema\\\/logo\\\/image\\\/\"}}]}<\/script>\n<!-- \/ Yoast SEO plugin. -->","yoast_head_json":{"title":"Drontal pro ko\u010dky 2 tablety - SHOPATOA.COM","robots":{"index":"index","follow":"follow","max-snippet":"max-snippet:-1","max-image-preview":"max-image-preview:large","max-video-preview":"max-video-preview:-1"},"canonical":"https:\/\/shopatoa.com\/cz\/drontal-pro-kocky-2-tablety\/","og_locale":"cs_CZ","og_type":"article","og_title":"Drontal pro ko\u010dky 2 tablety - SHOPATOA.COM","og_description":"Tablety na od\u010derven\u00ed ko\u010dek jsou rozd\u011blen\u00e9 p\u016flic\u00ed r\u00fdhou. P\u016fsob\u00ed proti nej\u010dast\u011bj\u0161\u00edm vnit\u0159n\u00edm parazit\u016fm ko\u010dek: \u0161krkavk\u00e1m, m\u011bchovc\u016fm a tasemnici.","og_url":"https:\/\/shopatoa.com\/cz\/drontal-pro-kocky-2-tablety\/","og_site_name":"SHOPATOA","article_modified_time":"2026-01-30T15:51:13+00:00","og_image":[{"width":991,"height":1117,"url":"https:\/\/shopatoa.com\/cz\/wp-content\/uploads\/2025\/02\/drontal_cat_2.jpg","type":"image\/jpeg"}],"twitter_card":"summary_large_image","schema":{"@context":"https:\/\/schema.org","@graph":[{"@type":"WebPage","@id":"https:\/\/shopatoa.com\/cz\/drontal-pro-kocky-2-tablety\/","url":"https:\/\/shopatoa.com\/cz\/drontal-pro-kocky-2-tablety\/","name":"Drontal pro ko\u010dky 2 tablety - SHOPATOA.COM","isPartOf":{"@id":"https:\/\/shopatoa.com\/cz\/#website"},"primaryImageOfPage":{"@id":"https:\/\/shopatoa.com\/cz\/drontal-pro-kocky-2-tablety\/#primaryimage"},"image":{"@id":"https:\/\/shopatoa.com\/cz\/drontal-pro-kocky-2-tablety\/#primaryimage"},"thumbnailUrl":"https:\/\/shopatoa.com\/cz\/wp-content\/uploads\/2025\/02\/drontal_cat_2.jpg","datePublished":"2025-02-15T21:03:34+00:00","dateModified":"2026-01-30T15:51:13+00:00","breadcrumb":{"@id":"https:\/\/shopatoa.com\/cz\/drontal-pro-kocky-2-tablety\/#breadcrumb"},"inLanguage":"cs","potentialAction":[{"@type":"ReadAction","target":["https:\/\/shopatoa.com\/cz\/drontal-pro-kocky-2-tablety\/"]}]},{"@type":"ImageObject","inLanguage":"cs","@id":"https:\/\/shopatoa.com\/cz\/drontal-pro-kocky-2-tablety\/#primaryimage","url":"https:\/\/shopatoa.com\/cz\/wp-content\/uploads\/2025\/02\/drontal_cat_2.jpg","contentUrl":"https:\/\/shopatoa.com\/cz\/wp-content\/uploads\/2025\/02\/drontal_cat_2.jpg","width":991,"height":1117},{"@type":"BreadcrumbList","@id":"https:\/\/shopatoa.com\/cz\/drontal-pro-kocky-2-tablety\/#breadcrumb","itemListElement":[{"@type":"ListItem","position":1,"name":"Dom\u016f","item":"https:\/\/shopatoa.com\/cz\/"},{"@type":"ListItem","position":2,"name":"Produkty","item":"https:\/\/shopatoa.com\/cz\/shop\/"},{"@type":"ListItem","position":3,"name":"Chovatelsk\u00e9 pot\u0159eby","item":"https:\/\/shopatoa.com\/cz\/chovatelske-potreby-2\/"},{"@type":"ListItem","position":4,"name":"Veterin\u00e1rn\u00ed l\u00e9k\u00e1rna","item":"https:\/\/shopatoa.com\/cz\/veterinarni-lekarna\/"},{"@type":"ListItem","position":5,"name":"Antiparazitika pro zv\u00ed\u0159ata","item":"https:\/\/shopatoa.com\/cz\/antiparazitika-pro-zvirata\/"},{"@type":"ListItem","position":6,"name":"Neveterin\u00e1rn\u00ed antiparazitika","item":"https:\/\/shopatoa.com\/cz\/neveterinarni-antiparazitika\/"},{"@type":"ListItem","position":7,"name":"Antiparazitika pro ko\u010dky","item":"https:\/\/shopatoa.com\/cz\/antiparazitika-pro-kocky\/"},{"@type":"ListItem","position":8,"name":"Drontal pro ko\u010dky 2 tablety"}]},{"@type":"WebSite","@id":"https:\/\/shopatoa.com\/cz\/#website","url":"https:\/\/shopatoa.com\/cz\/","name":"SHOPATOA","description":"","publisher":{"@id":"https:\/\/shopatoa.com\/cz\/#organization"},"potentialAction":[{"@type":"SearchAction","target":{"@type":"EntryPoint","urlTemplate":"https:\/\/shopatoa.com\/cz\/?s={search_term_string}"},"query-input":{"@type":"PropertyValueSpecification","valueRequired":true,"valueName":"search_term_string"}}],"inLanguage":"cs"},{"@type":"Organization","@id":"https:\/\/shopatoa.com\/cz\/#organization","name":"SHOPATOA Digital s.r.o.","url":"https:\/\/shopatoa.com\/cz\/","logo":{"@type":"ImageObject","inLanguage":"cs","@id":"https:\/\/shopatoa.com\/cz\/#\/schema\/logo\/image\/","url":"https:\/\/storage.googleapis.com\/cz-shopatoa-img\/cz\/ebccf434-shopatoa_logo.png","contentUrl":"https:\/\/storage.googleapis.com\/cz-shopatoa-img\/cz\/ebccf434-shopatoa_logo.png","width":416,"height":63,"caption":"SHOPATOA Digital s.r.o."},"image":{"@id":"https:\/\/shopatoa.com\/cz\/#\/schema\/logo\/image\/"}}]}},"_links":{"self":[{"href":"https:\/\/shopatoa.com\/cz\/wp-json\/wp\/v2\/product\/134832","targetHints":{"allow":["GET"]}}],"collection":[{"href":"https:\/\/shopatoa.com\/cz\/wp-json\/wp\/v2\/product"}],"about":[{"href":"https:\/\/shopatoa.com\/cz\/wp-json\/wp\/v2\/types\/product"}],"replies":[{"embeddable":true,"href":"https:\/\/shopatoa.com\/cz\/wp-json\/wp\/v2\/comments?post=134832"}],"wp:featuredmedia":[{"embeddable":true,"href":"https:\/\/shopatoa.com\/cz\/wp-json\/wp\/v2\/media\/134833"}],"wp:attachment":[{"href":"https:\/\/shopatoa.com\/cz\/wp-json\/wp\/v2\/media?parent=134832"}],"wp:term":[{"taxonomy":"product_brand","embeddable":true,"href":"https:\/\/shopatoa.com\/cz\/wp-json\/wp\/v2\/product_brand?post=134832"},{"taxonomy":"product_cat","embeddable":true,"href":"https:\/\/shopatoa.com\/cz\/wp-json\/wp\/v2\/product_cat?post=134832"},{"taxonomy":"product_tag","embeddable":true,"href":"https:\/\/shopatoa.com\/cz\/wp-json\/wp\/v2\/product_tag?post=134832"}],"curies":[{"name":"wp","href":"https:\/\/api.w.org\/{rel}","templated":true}]}}