{"id":139389,"date":"2025-02-15T23:39:21","date_gmt":"2025-02-15T22:39:21","guid":{"rendered":"https:\/\/shopatoa.com\/cz\/rosen-octan-sacky-2x2-ks\/"},"modified":"2026-02-04T19:47:51","modified_gmt":"2026-02-04T18:47:51","slug":"rosen-octan-sacky-2x2-ks","status":"publish","type":"product","link":"https:\/\/shopatoa.com\/cz\/rosen-octan-sacky-2x2-ks\/","title":{"rendered":"Rosen Octan s\u00e1\u010dky 2&#215;2 ks"},"content":{"rendered":"<p>Ne\u010dekejte na \u00faraz. M\u011bjte Octan s\u00e1\u010dky (octan hlinit\u00fd) v l\u00e9k\u00e1rni\u010dce. Okam\u017eit\u00e9 pou\u017eit\u00ed usnadn\u00ed o\u0161et\u0159en\u00ed a urychl\u00ed hojen\u00ed.<\/p>\n","protected":false},"excerpt":{"rendered":"<p>Ne\u010dekejte na \u00faraz. M\u011bjte Octan s\u00e1\u010dky (octan hlinit\u00fd) v l\u00e9k\u00e1rni\u010dce. Okam\u017eit\u00e9 pou\u017eit\u00ed usnadn\u00ed o\u0161et\u0159en\u00ed a urychl\u00ed hojen\u00ed.<\/p>\n","protected":false},"featured_media":139390,"comment_status":"closed","ping_status":"open","template":"","meta":{"_acf_changed":false,"_kadence_starter_templates_imported_post":false,"_kad_post_transparent":"","_kad_post_title":"","_kad_post_layout":"","_kad_post_sidebar_id":"","_kad_post_content_style":"","_kad_post_vertical_padding":"","_kad_post_feature":"","_kad_post_feature_position":"","_kad_post_header":false,"_kad_post_footer":false,"_kad_post_classname":""},"product_brand":[672],"product_cat":[340,342,341,393],"product_tag":[],"class_list":{"0":"post-139389","1":"product","2":"type-product","3":"status-publish","4":"has-post-thumbnail","6":"product_brand-rosen","7":"product_cat-kosmetika-a-parfemy","8":"product_cat-pece-o-plet","9":"product_cat-plet","10":"product_cat-specialni-pece-o-plet-pece-o-plet","12":"first","13":"instock","14":"product-type-external","15":"entry","16":"content-bg","17":"loop-entry"},"acf":[],"yoast_head":"<!-- This site is optimized with the Yoast SEO plugin v27.3 - https:\/\/yoast.com\/product\/yoast-seo-wordpress\/ -->\n<title>Rosen Octan s\u00e1\u010dky 2x2 ks - SHOPATOA.COM<\/title>\n<meta name=\"robots\" content=\"index, follow, max-snippet:-1, max-image-preview:large, max-video-preview:-1\" \/>\n<link rel=\"canonical\" href=\"https:\/\/shopatoa.com\/cz\/rosen-octan-sacky-2x2-ks\/\" \/>\n<meta property=\"og:locale\" content=\"cs_CZ\" \/>\n<meta property=\"og:type\" content=\"article\" \/>\n<meta property=\"og:title\" content=\"Rosen Octan s\u00e1\u010dky 2x2 ks - SHOPATOA.COM\" \/>\n<meta property=\"og:description\" content=\"Ne\u010dekejte na \u00faraz. M\u011bjte Octan s\u00e1\u010dky (octan hlinit\u00fd) v l\u00e9k\u00e1rni\u010dce. Okam\u017eit\u00e9 pou\u017eit\u00ed usnadn\u00ed o\u0161et\u0159en\u00ed a urychl\u00ed hojen\u00ed.\" \/>\n<meta property=\"og:url\" content=\"https:\/\/shopatoa.com\/cz\/rosen-octan-sacky-2x2-ks\/\" \/>\n<meta property=\"og:site_name\" content=\"SHOPATOA\" \/>\n<meta property=\"article:modified_time\" content=\"2026-02-04T18:47:51+00:00\" \/>\n<meta property=\"og:image\" content=\"https:\/\/shopatoa.com\/cz\/wp-content\/uploads\/2025\/02\/octan_s_ky_2_mb_.jpg\" \/>\n\t<meta property=\"og:image:width\" content=\"1000\" \/>\n\t<meta property=\"og:image:height\" content=\"904\" \/>\n\t<meta property=\"og:image:type\" content=\"image\/jpeg\" \/>\n<meta name=\"twitter:card\" content=\"summary_large_image\" \/>\n<script type=\"application\/ld+json\" class=\"yoast-schema-graph\">{\"@context\":\"https:\\\/\\\/schema.org\",\"@graph\":[{\"@type\":\"WebPage\",\"@id\":\"https:\\\/\\\/shopatoa.com\\\/cz\\\/rosen-octan-sacky-2x2-ks\\\/\",\"url\":\"https:\\\/\\\/shopatoa.com\\\/cz\\\/rosen-octan-sacky-2x2-ks\\\/\",\"name\":\"Rosen Octan s\u00e1\u010dky 2x2 ks - SHOPATOA.COM\",\"isPartOf\":{\"@id\":\"https:\\\/\\\/shopatoa.com\\\/cz\\\/#website\"},\"primaryImageOfPage\":{\"@id\":\"https:\\\/\\\/shopatoa.com\\\/cz\\\/rosen-octan-sacky-2x2-ks\\\/#primaryimage\"},\"image\":{\"@id\":\"https:\\\/\\\/shopatoa.com\\\/cz\\\/rosen-octan-sacky-2x2-ks\\\/#primaryimage\"},\"thumbnailUrl\":\"https:\\\/\\\/shopatoa.com\\\/cz\\\/wp-content\\\/uploads\\\/2025\\\/02\\\/octan_s_ky_2_mb_.jpg\",\"datePublished\":\"2025-02-15T22:39:21+00:00\",\"dateModified\":\"2026-02-04T18:47:51+00:00\",\"breadcrumb\":{\"@id\":\"https:\\\/\\\/shopatoa.com\\\/cz\\\/rosen-octan-sacky-2x2-ks\\\/#breadcrumb\"},\"inLanguage\":\"cs\",\"potentialAction\":[{\"@type\":\"ReadAction\",\"target\":[\"https:\\\/\\\/shopatoa.com\\\/cz\\\/rosen-octan-sacky-2x2-ks\\\/\"]}]},{\"@type\":\"ImageObject\",\"inLanguage\":\"cs\",\"@id\":\"https:\\\/\\\/shopatoa.com\\\/cz\\\/rosen-octan-sacky-2x2-ks\\\/#primaryimage\",\"url\":\"https:\\\/\\\/shopatoa.com\\\/cz\\\/wp-content\\\/uploads\\\/2025\\\/02\\\/octan_s_ky_2_mb_.jpg\",\"contentUrl\":\"https:\\\/\\\/shopatoa.com\\\/cz\\\/wp-content\\\/uploads\\\/2025\\\/02\\\/octan_s_ky_2_mb_.jpg\",\"width\":1000,\"height\":904},{\"@type\":\"BreadcrumbList\",\"@id\":\"https:\\\/\\\/shopatoa.com\\\/cz\\\/rosen-octan-sacky-2x2-ks\\\/#breadcrumb\",\"itemListElement\":[{\"@type\":\"ListItem\",\"position\":1,\"name\":\"Dom\u016f\",\"item\":\"https:\\\/\\\/shopatoa.com\\\/cz\\\/\"},{\"@type\":\"ListItem\",\"position\":2,\"name\":\"Produkty\",\"item\":\"https:\\\/\\\/shopatoa.com\\\/cz\\\/shop\\\/\"},{\"@type\":\"ListItem\",\"position\":3,\"name\":\"Kosmetika a parf\u00e9my\",\"item\":\"https:\\\/\\\/shopatoa.com\\\/cz\\\/kosmetika-a-parfemy\\\/\"},{\"@type\":\"ListItem\",\"position\":4,\"name\":\"Ple\u0165\",\"item\":\"https:\\\/\\\/shopatoa.com\\\/cz\\\/plet\\\/\"},{\"@type\":\"ListItem\",\"position\":5,\"name\":\"P\u00e9\u010de o ple\u0165\",\"item\":\"https:\\\/\\\/shopatoa.com\\\/cz\\\/pece-o-plet\\\/\"},{\"@type\":\"ListItem\",\"position\":6,\"name\":\"Speci\u00e1ln\u00ed p\u00e9\u010de o ple\u0165\",\"item\":\"https:\\\/\\\/shopatoa.com\\\/cz\\\/specialni-pece-o-plet-pece-o-plet\\\/\"},{\"@type\":\"ListItem\",\"position\":7,\"name\":\"Rosen Octan s\u00e1\u010dky 2&#215;2 ks\"}]},{\"@type\":\"WebSite\",\"@id\":\"https:\\\/\\\/shopatoa.com\\\/cz\\\/#website\",\"url\":\"https:\\\/\\\/shopatoa.com\\\/cz\\\/\",\"name\":\"SHOPATOA\",\"description\":\"\",\"publisher\":{\"@id\":\"https:\\\/\\\/shopatoa.com\\\/cz\\\/#organization\"},\"potentialAction\":[{\"@type\":\"SearchAction\",\"target\":{\"@type\":\"EntryPoint\",\"urlTemplate\":\"https:\\\/\\\/shopatoa.com\\\/cz\\\/?s={search_term_string}\"},\"query-input\":{\"@type\":\"PropertyValueSpecification\",\"valueRequired\":true,\"valueName\":\"search_term_string\"}}],\"inLanguage\":\"cs\"},{\"@type\":\"Organization\",\"@id\":\"https:\\\/\\\/shopatoa.com\\\/cz\\\/#organization\",\"name\":\"SHOPATOA Digital s.r.o.\",\"url\":\"https:\\\/\\\/shopatoa.com\\\/cz\\\/\",\"logo\":{\"@type\":\"ImageObject\",\"inLanguage\":\"cs\",\"@id\":\"https:\\\/\\\/shopatoa.com\\\/cz\\\/#\\\/schema\\\/logo\\\/image\\\/\",\"url\":\"https:\\\/\\\/storage.googleapis.com\\\/cz-shopatoa-img\\\/cz\\\/ebccf434-shopatoa_logo.png\",\"contentUrl\":\"https:\\\/\\\/storage.googleapis.com\\\/cz-shopatoa-img\\\/cz\\\/ebccf434-shopatoa_logo.png\",\"width\":416,\"height\":63,\"caption\":\"SHOPATOA Digital s.r.o.\"},\"image\":{\"@id\":\"https:\\\/\\\/shopatoa.com\\\/cz\\\/#\\\/schema\\\/logo\\\/image\\\/\"}}]}<\/script>\n<!-- \/ Yoast SEO plugin. -->","yoast_head_json":{"title":"Rosen Octan s\u00e1\u010dky 2x2 ks - SHOPATOA.COM","robots":{"index":"index","follow":"follow","max-snippet":"max-snippet:-1","max-image-preview":"max-image-preview:large","max-video-preview":"max-video-preview:-1"},"canonical":"https:\/\/shopatoa.com\/cz\/rosen-octan-sacky-2x2-ks\/","og_locale":"cs_CZ","og_type":"article","og_title":"Rosen Octan s\u00e1\u010dky 2x2 ks - SHOPATOA.COM","og_description":"Ne\u010dekejte na \u00faraz. M\u011bjte Octan s\u00e1\u010dky (octan hlinit\u00fd) v l\u00e9k\u00e1rni\u010dce. Okam\u017eit\u00e9 pou\u017eit\u00ed usnadn\u00ed o\u0161et\u0159en\u00ed a urychl\u00ed hojen\u00ed.","og_url":"https:\/\/shopatoa.com\/cz\/rosen-octan-sacky-2x2-ks\/","og_site_name":"SHOPATOA","article_modified_time":"2026-02-04T18:47:51+00:00","og_image":[{"width":1000,"height":904,"url":"https:\/\/shopatoa.com\/cz\/wp-content\/uploads\/2025\/02\/octan_s_ky_2_mb_.jpg","type":"image\/jpeg"}],"twitter_card":"summary_large_image","schema":{"@context":"https:\/\/schema.org","@graph":[{"@type":"WebPage","@id":"https:\/\/shopatoa.com\/cz\/rosen-octan-sacky-2x2-ks\/","url":"https:\/\/shopatoa.com\/cz\/rosen-octan-sacky-2x2-ks\/","name":"Rosen Octan s\u00e1\u010dky 2x2 ks - SHOPATOA.COM","isPartOf":{"@id":"https:\/\/shopatoa.com\/cz\/#website"},"primaryImageOfPage":{"@id":"https:\/\/shopatoa.com\/cz\/rosen-octan-sacky-2x2-ks\/#primaryimage"},"image":{"@id":"https:\/\/shopatoa.com\/cz\/rosen-octan-sacky-2x2-ks\/#primaryimage"},"thumbnailUrl":"https:\/\/shopatoa.com\/cz\/wp-content\/uploads\/2025\/02\/octan_s_ky_2_mb_.jpg","datePublished":"2025-02-15T22:39:21+00:00","dateModified":"2026-02-04T18:47:51+00:00","breadcrumb":{"@id":"https:\/\/shopatoa.com\/cz\/rosen-octan-sacky-2x2-ks\/#breadcrumb"},"inLanguage":"cs","potentialAction":[{"@type":"ReadAction","target":["https:\/\/shopatoa.com\/cz\/rosen-octan-sacky-2x2-ks\/"]}]},{"@type":"ImageObject","inLanguage":"cs","@id":"https:\/\/shopatoa.com\/cz\/rosen-octan-sacky-2x2-ks\/#primaryimage","url":"https:\/\/shopatoa.com\/cz\/wp-content\/uploads\/2025\/02\/octan_s_ky_2_mb_.jpg","contentUrl":"https:\/\/shopatoa.com\/cz\/wp-content\/uploads\/2025\/02\/octan_s_ky_2_mb_.jpg","width":1000,"height":904},{"@type":"BreadcrumbList","@id":"https:\/\/shopatoa.com\/cz\/rosen-octan-sacky-2x2-ks\/#breadcrumb","itemListElement":[{"@type":"ListItem","position":1,"name":"Dom\u016f","item":"https:\/\/shopatoa.com\/cz\/"},{"@type":"ListItem","position":2,"name":"Produkty","item":"https:\/\/shopatoa.com\/cz\/shop\/"},{"@type":"ListItem","position":3,"name":"Kosmetika a parf\u00e9my","item":"https:\/\/shopatoa.com\/cz\/kosmetika-a-parfemy\/"},{"@type":"ListItem","position":4,"name":"Ple\u0165","item":"https:\/\/shopatoa.com\/cz\/plet\/"},{"@type":"ListItem","position":5,"name":"P\u00e9\u010de o ple\u0165","item":"https:\/\/shopatoa.com\/cz\/pece-o-plet\/"},{"@type":"ListItem","position":6,"name":"Speci\u00e1ln\u00ed p\u00e9\u010de o ple\u0165","item":"https:\/\/shopatoa.com\/cz\/specialni-pece-o-plet-pece-o-plet\/"},{"@type":"ListItem","position":7,"name":"Rosen Octan s\u00e1\u010dky 2&#215;2 ks"}]},{"@type":"WebSite","@id":"https:\/\/shopatoa.com\/cz\/#website","url":"https:\/\/shopatoa.com\/cz\/","name":"SHOPATOA","description":"","publisher":{"@id":"https:\/\/shopatoa.com\/cz\/#organization"},"potentialAction":[{"@type":"SearchAction","target":{"@type":"EntryPoint","urlTemplate":"https:\/\/shopatoa.com\/cz\/?s={search_term_string}"},"query-input":{"@type":"PropertyValueSpecification","valueRequired":true,"valueName":"search_term_string"}}],"inLanguage":"cs"},{"@type":"Organization","@id":"https:\/\/shopatoa.com\/cz\/#organization","name":"SHOPATOA Digital s.r.o.","url":"https:\/\/shopatoa.com\/cz\/","logo":{"@type":"ImageObject","inLanguage":"cs","@id":"https:\/\/shopatoa.com\/cz\/#\/schema\/logo\/image\/","url":"https:\/\/storage.googleapis.com\/cz-shopatoa-img\/cz\/ebccf434-shopatoa_logo.png","contentUrl":"https:\/\/storage.googleapis.com\/cz-shopatoa-img\/cz\/ebccf434-shopatoa_logo.png","width":416,"height":63,"caption":"SHOPATOA Digital s.r.o."},"image":{"@id":"https:\/\/shopatoa.com\/cz\/#\/schema\/logo\/image\/"}}]}},"_links":{"self":[{"href":"https:\/\/shopatoa.com\/cz\/wp-json\/wp\/v2\/product\/139389","targetHints":{"allow":["GET"]}}],"collection":[{"href":"https:\/\/shopatoa.com\/cz\/wp-json\/wp\/v2\/product"}],"about":[{"href":"https:\/\/shopatoa.com\/cz\/wp-json\/wp\/v2\/types\/product"}],"replies":[{"embeddable":true,"href":"https:\/\/shopatoa.com\/cz\/wp-json\/wp\/v2\/comments?post=139389"}],"wp:featuredmedia":[{"embeddable":true,"href":"https:\/\/shopatoa.com\/cz\/wp-json\/wp\/v2\/media\/139390"}],"wp:attachment":[{"href":"https:\/\/shopatoa.com\/cz\/wp-json\/wp\/v2\/media?parent=139389"}],"wp:term":[{"taxonomy":"product_brand","embeddable":true,"href":"https:\/\/shopatoa.com\/cz\/wp-json\/wp\/v2\/product_brand?post=139389"},{"taxonomy":"product_cat","embeddable":true,"href":"https:\/\/shopatoa.com\/cz\/wp-json\/wp\/v2\/product_cat?post=139389"},{"taxonomy":"product_tag","embeddable":true,"href":"https:\/\/shopatoa.com\/cz\/wp-json\/wp\/v2\/product_tag?post=139389"}],"curies":[{"name":"wp","href":"https:\/\/api.w.org\/{rel}","templated":true}]}}