{"id":152781,"date":"2025-02-17T12:59:46","date_gmt":"2025-02-17T11:59:46","guid":{"rendered":"https:\/\/shopatoa.com\/cz\/sencor-sox-012bl-nahradni-nastavce-k-soc-09x-4-ks\/"},"modified":"2026-02-02T00:37:36","modified_gmt":"2026-02-01T23:37:36","slug":"sencor-sox-012bl-nahradni-nastavce-k-soc-09x-4-ks","status":"publish","type":"product","link":"https:\/\/shopatoa.com\/cz\/sencor-sox-012bl-nahradni-nastavce-k-soc-09x-4-ks\/","title":{"rendered":"SENCOR SOX 012BL n\u00e1hradn\u00ed n\u00e1stavce k SOC 09x 4 ks"},"content":{"rendered":"<p>Sada \u010dty\u0159 kus\u016f origin\u00e1ln\u00edch n\u00e1hradn\u00edch hlavic pro d\u011btsk\u00e9 elektrick\u00e9 kart\u00e1\u010dky Sencor SOC 091x v modr\u00e9 barv\u011b.<\/p>\n","protected":false},"excerpt":{"rendered":"<p>Sada \u010dty\u0159 kus\u016f origin\u00e1ln\u00edch n\u00e1hradn\u00edch hlavic pro d\u011btsk\u00e9 elektrick\u00e9 kart\u00e1\u010dky Sencor SOC 091x v modr\u00e9 barv\u011b.<\/p>\n","protected":false},"featured_media":152782,"comment_status":"closed","ping_status":"open","template":"","meta":{"_acf_changed":false,"_kadence_starter_templates_imported_post":false,"_kad_post_transparent":"","_kad_post_title":"","_kad_post_layout":"","_kad_post_sidebar_id":"","_kad_post_content_style":"","_kad_post_vertical_padding":"","_kad_post_feature":"","_kad_post_feature_position":"","_kad_post_header":false,"_kad_post_footer":false,"_kad_post_classname":""},"product_brand":[873],"product_cat":[338,337,187,339],"product_tag":[],"class_list":{"0":"post-152781","1":"product","2":"type-product","3":"status-publish","4":"has-post-thumbnail","6":"product_brand-sencor","7":"product_cat-detska-vyziva-detska-vyziva-a-krmeni","8":"product_cat-detska-vyziva-a-krmeni","9":"product_cat-detske-zbozi","10":"product_cat-kojenecka-mleka-detska-vyziva-detska-vyziva-a-krmeni","12":"first","13":"instock","14":"product-type-external","15":"entry","16":"content-bg","17":"loop-entry"},"acf":[],"yoast_head":"<!-- This site is optimized with the Yoast SEO plugin v27.3 - https:\/\/yoast.com\/product\/yoast-seo-wordpress\/ -->\n<title>SENCOR SOX 012BL n\u00e1hradn\u00ed n\u00e1stavce k SOC 09x 4 ks - SHOPATOA.COM<\/title>\n<meta name=\"robots\" content=\"index, follow, max-snippet:-1, max-image-preview:large, max-video-preview:-1\" \/>\n<link rel=\"canonical\" href=\"https:\/\/shopatoa.com\/cz\/sencor-sox-012bl-nahradni-nastavce-k-soc-09x-4-ks\/\" \/>\n<meta property=\"og:locale\" content=\"cs_CZ\" \/>\n<meta property=\"og:type\" content=\"article\" \/>\n<meta property=\"og:title\" content=\"SENCOR SOX 012BL n\u00e1hradn\u00ed n\u00e1stavce k SOC 09x 4 ks - SHOPATOA.COM\" \/>\n<meta property=\"og:description\" content=\"Sada \u010dty\u0159 kus\u016f origin\u00e1ln\u00edch n\u00e1hradn\u00edch hlavic pro d\u011btsk\u00e9 elektrick\u00e9 kart\u00e1\u010dky Sencor SOC 091x v modr\u00e9 barv\u011b.\" \/>\n<meta property=\"og:url\" content=\"https:\/\/shopatoa.com\/cz\/sencor-sox-012bl-nahradni-nastavce-k-soc-09x-4-ks\/\" \/>\n<meta property=\"og:site_name\" content=\"SHOPATOA\" \/>\n<meta property=\"article:modified_time\" content=\"2026-02-01T23:37:36+00:00\" \/>\n<meta property=\"og:image\" content=\"https:\/\/shopatoa.com\/cz\/wp-content\/uploads\/2025\/02\/41009649.jpg\" \/>\n\t<meta property=\"og:image:width\" content=\"976\" \/>\n\t<meta property=\"og:image:height\" content=\"1812\" \/>\n\t<meta property=\"og:image:type\" content=\"image\/jpeg\" \/>\n<meta name=\"twitter:card\" content=\"summary_large_image\" \/>\n<script type=\"application\/ld+json\" class=\"yoast-schema-graph\">{\"@context\":\"https:\\\/\\\/schema.org\",\"@graph\":[{\"@type\":\"WebPage\",\"@id\":\"https:\\\/\\\/shopatoa.com\\\/cz\\\/sencor-sox-012bl-nahradni-nastavce-k-soc-09x-4-ks\\\/\",\"url\":\"https:\\\/\\\/shopatoa.com\\\/cz\\\/sencor-sox-012bl-nahradni-nastavce-k-soc-09x-4-ks\\\/\",\"name\":\"SENCOR SOX 012BL n\u00e1hradn\u00ed n\u00e1stavce k SOC 09x 4 ks - SHOPATOA.COM\",\"isPartOf\":{\"@id\":\"https:\\\/\\\/shopatoa.com\\\/cz\\\/#website\"},\"primaryImageOfPage\":{\"@id\":\"https:\\\/\\\/shopatoa.com\\\/cz\\\/sencor-sox-012bl-nahradni-nastavce-k-soc-09x-4-ks\\\/#primaryimage\"},\"image\":{\"@id\":\"https:\\\/\\\/shopatoa.com\\\/cz\\\/sencor-sox-012bl-nahradni-nastavce-k-soc-09x-4-ks\\\/#primaryimage\"},\"thumbnailUrl\":\"https:\\\/\\\/shopatoa.com\\\/cz\\\/wp-content\\\/uploads\\\/2025\\\/02\\\/41009649.jpg\",\"datePublished\":\"2025-02-17T11:59:46+00:00\",\"dateModified\":\"2026-02-01T23:37:36+00:00\",\"breadcrumb\":{\"@id\":\"https:\\\/\\\/shopatoa.com\\\/cz\\\/sencor-sox-012bl-nahradni-nastavce-k-soc-09x-4-ks\\\/#breadcrumb\"},\"inLanguage\":\"cs\",\"potentialAction\":[{\"@type\":\"ReadAction\",\"target\":[\"https:\\\/\\\/shopatoa.com\\\/cz\\\/sencor-sox-012bl-nahradni-nastavce-k-soc-09x-4-ks\\\/\"]}]},{\"@type\":\"ImageObject\",\"inLanguage\":\"cs\",\"@id\":\"https:\\\/\\\/shopatoa.com\\\/cz\\\/sencor-sox-012bl-nahradni-nastavce-k-soc-09x-4-ks\\\/#primaryimage\",\"url\":\"https:\\\/\\\/shopatoa.com\\\/cz\\\/wp-content\\\/uploads\\\/2025\\\/02\\\/41009649.jpg\",\"contentUrl\":\"https:\\\/\\\/shopatoa.com\\\/cz\\\/wp-content\\\/uploads\\\/2025\\\/02\\\/41009649.jpg\",\"width\":976,\"height\":1812},{\"@type\":\"BreadcrumbList\",\"@id\":\"https:\\\/\\\/shopatoa.com\\\/cz\\\/sencor-sox-012bl-nahradni-nastavce-k-soc-09x-4-ks\\\/#breadcrumb\",\"itemListElement\":[{\"@type\":\"ListItem\",\"position\":1,\"name\":\"Dom\u016f\",\"item\":\"https:\\\/\\\/shopatoa.com\\\/cz\\\/\"},{\"@type\":\"ListItem\",\"position\":2,\"name\":\"Produkty\",\"item\":\"https:\\\/\\\/shopatoa.com\\\/cz\\\/shop\\\/\"},{\"@type\":\"ListItem\",\"position\":3,\"name\":\"D\u011btsk\u00e9 zbo\u017e\u00ed\",\"item\":\"https:\\\/\\\/shopatoa.com\\\/cz\\\/detske-zbozi\\\/\"},{\"@type\":\"ListItem\",\"position\":4,\"name\":\"D\u011btsk\u00e1 v\u00fd\u017eiva a krmen\u00ed\",\"item\":\"https:\\\/\\\/shopatoa.com\\\/cz\\\/detska-vyziva-a-krmeni\\\/\"},{\"@type\":\"ListItem\",\"position\":5,\"name\":\"D\u011btsk\u00e1 v\u00fd\u017eiva\",\"item\":\"https:\\\/\\\/shopatoa.com\\\/cz\\\/detska-vyziva-detska-vyziva-a-krmeni\\\/\"},{\"@type\":\"ListItem\",\"position\":6,\"name\":\"Kojeneck\u00e1 ml\u00e9ka\",\"item\":\"https:\\\/\\\/shopatoa.com\\\/cz\\\/kojenecka-mleka-detska-vyziva-detska-vyziva-a-krmeni\\\/\"},{\"@type\":\"ListItem\",\"position\":7,\"name\":\"SENCOR SOX 012BL n\u00e1hradn\u00ed n\u00e1stavce k SOC 09x 4 ks\"}]},{\"@type\":\"WebSite\",\"@id\":\"https:\\\/\\\/shopatoa.com\\\/cz\\\/#website\",\"url\":\"https:\\\/\\\/shopatoa.com\\\/cz\\\/\",\"name\":\"SHOPATOA\",\"description\":\"\",\"publisher\":{\"@id\":\"https:\\\/\\\/shopatoa.com\\\/cz\\\/#organization\"},\"potentialAction\":[{\"@type\":\"SearchAction\",\"target\":{\"@type\":\"EntryPoint\",\"urlTemplate\":\"https:\\\/\\\/shopatoa.com\\\/cz\\\/?s={search_term_string}\"},\"query-input\":{\"@type\":\"PropertyValueSpecification\",\"valueRequired\":true,\"valueName\":\"search_term_string\"}}],\"inLanguage\":\"cs\"},{\"@type\":\"Organization\",\"@id\":\"https:\\\/\\\/shopatoa.com\\\/cz\\\/#organization\",\"name\":\"SHOPATOA Digital s.r.o.\",\"url\":\"https:\\\/\\\/shopatoa.com\\\/cz\\\/\",\"logo\":{\"@type\":\"ImageObject\",\"inLanguage\":\"cs\",\"@id\":\"https:\\\/\\\/shopatoa.com\\\/cz\\\/#\\\/schema\\\/logo\\\/image\\\/\",\"url\":\"https:\\\/\\\/storage.googleapis.com\\\/cz-shopatoa-img\\\/cz\\\/ebccf434-shopatoa_logo.png\",\"contentUrl\":\"https:\\\/\\\/storage.googleapis.com\\\/cz-shopatoa-img\\\/cz\\\/ebccf434-shopatoa_logo.png\",\"width\":416,\"height\":63,\"caption\":\"SHOPATOA Digital s.r.o.\"},\"image\":{\"@id\":\"https:\\\/\\\/shopatoa.com\\\/cz\\\/#\\\/schema\\\/logo\\\/image\\\/\"}}]}<\/script>\n<!-- \/ Yoast SEO plugin. -->","yoast_head_json":{"title":"SENCOR SOX 012BL n\u00e1hradn\u00ed n\u00e1stavce k SOC 09x 4 ks - SHOPATOA.COM","robots":{"index":"index","follow":"follow","max-snippet":"max-snippet:-1","max-image-preview":"max-image-preview:large","max-video-preview":"max-video-preview:-1"},"canonical":"https:\/\/shopatoa.com\/cz\/sencor-sox-012bl-nahradni-nastavce-k-soc-09x-4-ks\/","og_locale":"cs_CZ","og_type":"article","og_title":"SENCOR SOX 012BL n\u00e1hradn\u00ed n\u00e1stavce k SOC 09x 4 ks - SHOPATOA.COM","og_description":"Sada \u010dty\u0159 kus\u016f origin\u00e1ln\u00edch n\u00e1hradn\u00edch hlavic pro d\u011btsk\u00e9 elektrick\u00e9 kart\u00e1\u010dky Sencor SOC 091x v modr\u00e9 barv\u011b.","og_url":"https:\/\/shopatoa.com\/cz\/sencor-sox-012bl-nahradni-nastavce-k-soc-09x-4-ks\/","og_site_name":"SHOPATOA","article_modified_time":"2026-02-01T23:37:36+00:00","og_image":[{"width":976,"height":1812,"url":"https:\/\/shopatoa.com\/cz\/wp-content\/uploads\/2025\/02\/41009649.jpg","type":"image\/jpeg"}],"twitter_card":"summary_large_image","schema":{"@context":"https:\/\/schema.org","@graph":[{"@type":"WebPage","@id":"https:\/\/shopatoa.com\/cz\/sencor-sox-012bl-nahradni-nastavce-k-soc-09x-4-ks\/","url":"https:\/\/shopatoa.com\/cz\/sencor-sox-012bl-nahradni-nastavce-k-soc-09x-4-ks\/","name":"SENCOR SOX 012BL n\u00e1hradn\u00ed n\u00e1stavce k SOC 09x 4 ks - SHOPATOA.COM","isPartOf":{"@id":"https:\/\/shopatoa.com\/cz\/#website"},"primaryImageOfPage":{"@id":"https:\/\/shopatoa.com\/cz\/sencor-sox-012bl-nahradni-nastavce-k-soc-09x-4-ks\/#primaryimage"},"image":{"@id":"https:\/\/shopatoa.com\/cz\/sencor-sox-012bl-nahradni-nastavce-k-soc-09x-4-ks\/#primaryimage"},"thumbnailUrl":"https:\/\/shopatoa.com\/cz\/wp-content\/uploads\/2025\/02\/41009649.jpg","datePublished":"2025-02-17T11:59:46+00:00","dateModified":"2026-02-01T23:37:36+00:00","breadcrumb":{"@id":"https:\/\/shopatoa.com\/cz\/sencor-sox-012bl-nahradni-nastavce-k-soc-09x-4-ks\/#breadcrumb"},"inLanguage":"cs","potentialAction":[{"@type":"ReadAction","target":["https:\/\/shopatoa.com\/cz\/sencor-sox-012bl-nahradni-nastavce-k-soc-09x-4-ks\/"]}]},{"@type":"ImageObject","inLanguage":"cs","@id":"https:\/\/shopatoa.com\/cz\/sencor-sox-012bl-nahradni-nastavce-k-soc-09x-4-ks\/#primaryimage","url":"https:\/\/shopatoa.com\/cz\/wp-content\/uploads\/2025\/02\/41009649.jpg","contentUrl":"https:\/\/shopatoa.com\/cz\/wp-content\/uploads\/2025\/02\/41009649.jpg","width":976,"height":1812},{"@type":"BreadcrumbList","@id":"https:\/\/shopatoa.com\/cz\/sencor-sox-012bl-nahradni-nastavce-k-soc-09x-4-ks\/#breadcrumb","itemListElement":[{"@type":"ListItem","position":1,"name":"Dom\u016f","item":"https:\/\/shopatoa.com\/cz\/"},{"@type":"ListItem","position":2,"name":"Produkty","item":"https:\/\/shopatoa.com\/cz\/shop\/"},{"@type":"ListItem","position":3,"name":"D\u011btsk\u00e9 zbo\u017e\u00ed","item":"https:\/\/shopatoa.com\/cz\/detske-zbozi\/"},{"@type":"ListItem","position":4,"name":"D\u011btsk\u00e1 v\u00fd\u017eiva a krmen\u00ed","item":"https:\/\/shopatoa.com\/cz\/detska-vyziva-a-krmeni\/"},{"@type":"ListItem","position":5,"name":"D\u011btsk\u00e1 v\u00fd\u017eiva","item":"https:\/\/shopatoa.com\/cz\/detska-vyziva-detska-vyziva-a-krmeni\/"},{"@type":"ListItem","position":6,"name":"Kojeneck\u00e1 ml\u00e9ka","item":"https:\/\/shopatoa.com\/cz\/kojenecka-mleka-detska-vyziva-detska-vyziva-a-krmeni\/"},{"@type":"ListItem","position":7,"name":"SENCOR SOX 012BL n\u00e1hradn\u00ed n\u00e1stavce k SOC 09x 4 ks"}]},{"@type":"WebSite","@id":"https:\/\/shopatoa.com\/cz\/#website","url":"https:\/\/shopatoa.com\/cz\/","name":"SHOPATOA","description":"","publisher":{"@id":"https:\/\/shopatoa.com\/cz\/#organization"},"potentialAction":[{"@type":"SearchAction","target":{"@type":"EntryPoint","urlTemplate":"https:\/\/shopatoa.com\/cz\/?s={search_term_string}"},"query-input":{"@type":"PropertyValueSpecification","valueRequired":true,"valueName":"search_term_string"}}],"inLanguage":"cs"},{"@type":"Organization","@id":"https:\/\/shopatoa.com\/cz\/#organization","name":"SHOPATOA Digital s.r.o.","url":"https:\/\/shopatoa.com\/cz\/","logo":{"@type":"ImageObject","inLanguage":"cs","@id":"https:\/\/shopatoa.com\/cz\/#\/schema\/logo\/image\/","url":"https:\/\/storage.googleapis.com\/cz-shopatoa-img\/cz\/ebccf434-shopatoa_logo.png","contentUrl":"https:\/\/storage.googleapis.com\/cz-shopatoa-img\/cz\/ebccf434-shopatoa_logo.png","width":416,"height":63,"caption":"SHOPATOA Digital s.r.o."},"image":{"@id":"https:\/\/shopatoa.com\/cz\/#\/schema\/logo\/image\/"}}]}},"_links":{"self":[{"href":"https:\/\/shopatoa.com\/cz\/wp-json\/wp\/v2\/product\/152781","targetHints":{"allow":["GET"]}}],"collection":[{"href":"https:\/\/shopatoa.com\/cz\/wp-json\/wp\/v2\/product"}],"about":[{"href":"https:\/\/shopatoa.com\/cz\/wp-json\/wp\/v2\/types\/product"}],"replies":[{"embeddable":true,"href":"https:\/\/shopatoa.com\/cz\/wp-json\/wp\/v2\/comments?post=152781"}],"wp:featuredmedia":[{"embeddable":true,"href":"https:\/\/shopatoa.com\/cz\/wp-json\/wp\/v2\/media\/152782"}],"wp:attachment":[{"href":"https:\/\/shopatoa.com\/cz\/wp-json\/wp\/v2\/media?parent=152781"}],"wp:term":[{"taxonomy":"product_brand","embeddable":true,"href":"https:\/\/shopatoa.com\/cz\/wp-json\/wp\/v2\/product_brand?post=152781"},{"taxonomy":"product_cat","embeddable":true,"href":"https:\/\/shopatoa.com\/cz\/wp-json\/wp\/v2\/product_cat?post=152781"},{"taxonomy":"product_tag","embeddable":true,"href":"https:\/\/shopatoa.com\/cz\/wp-json\/wp\/v2\/product_tag?post=152781"}],"curies":[{"name":"wp","href":"https:\/\/api.w.org\/{rel}","templated":true}]}}