{"id":160280,"date":"2025-02-17T20:51:55","date_gmt":"2025-02-17T19:51:55","guid":{"rendered":"https:\/\/shopatoa.com\/cz\/bioderma-abcderm-cold-cream-45-ml\/"},"modified":"2026-01-29T04:30:26","modified_gmt":"2026-01-29T03:30:26","slug":"bioderma-abcderm-cold-cream-45-ml","status":"publish","type":"product","link":"https:\/\/shopatoa.com\/cz\/bioderma-abcderm-cold-cream-45-ml\/","title":{"rendered":"BIODERMA ABCDerm Cold-Cream 45 ml"},"content":{"rendered":"<p>BIODERMA ABCDerm Cold-Cream ochr\u00e1n\u00ed poko\u017eku Va\u0161eho d\u011b\u0165\u00e1tka p\u0159ed vn\u011bj\u0161\u00edmi vlivy, jak\u00fdmi jsou nap\u0159\u00edklad v\u00edtr, chlad, tvrd\u00e1 voda \u010di nadm\u011brn\u00e9 teplo.<\/p>\n","protected":false},"excerpt":{"rendered":"<p>BIODERMA ABCDerm Cold-Cream ochr\u00e1n\u00ed poko\u017eku Va\u0161eho d\u011b\u0165\u00e1tka p\u0159ed vn\u011bj\u0161\u00edmi vlivy, jak\u00fdmi jsou nap\u0159\u00edklad v\u00edtr, chlad, tvrd\u00e1 voda \u010di nadm\u011brn\u00e9 teplo.<\/p>\n","protected":false},"featured_media":160281,"comment_status":"closed","ping_status":"open","template":"","meta":{"_acf_changed":false,"_kadence_starter_templates_imported_post":false,"_kad_post_transparent":"","_kad_post_title":"","_kad_post_layout":"","_kad_post_sidebar_id":"","_kad_post_content_style":"","_kad_post_vertical_padding":"","_kad_post_feature":"","_kad_post_feature_position":"","_kad_post_header":false,"_kad_post_footer":false,"_kad_post_classname":""},"product_brand":[190],"product_cat":[338,337,187,339],"product_tag":[],"class_list":{"0":"post-160280","1":"product","2":"type-product","3":"status-publish","4":"has-post-thumbnail","6":"product_brand-bioderma","7":"product_cat-detska-vyziva-detska-vyziva-a-krmeni","8":"product_cat-detska-vyziva-a-krmeni","9":"product_cat-detske-zbozi","10":"product_cat-kojenecka-mleka-detska-vyziva-detska-vyziva-a-krmeni","12":"first","13":"instock","14":"sale","15":"product-type-external","16":"entry","17":"content-bg","18":"loop-entry"},"acf":[],"yoast_head":"<!-- This site is optimized with the Yoast SEO plugin v27.3 - https:\/\/yoast.com\/product\/yoast-seo-wordpress\/ -->\n<title>BIODERMA ABCDerm Cold-Cream 45 ml - SHOPATOA.COM<\/title>\n<meta name=\"robots\" content=\"index, follow, max-snippet:-1, max-image-preview:large, max-video-preview:-1\" \/>\n<link rel=\"canonical\" href=\"https:\/\/shopatoa.com\/cz\/bioderma-abcderm-cold-cream-45-ml\/\" \/>\n<meta property=\"og:locale\" content=\"cs_CZ\" \/>\n<meta property=\"og:type\" content=\"article\" \/>\n<meta property=\"og:title\" content=\"BIODERMA ABCDerm Cold-Cream 45 ml - SHOPATOA.COM\" \/>\n<meta property=\"og:description\" content=\"BIODERMA ABCDerm Cold-Cream ochr\u00e1n\u00ed poko\u017eku Va\u0161eho d\u011b\u0165\u00e1tka p\u0159ed vn\u011bj\u0161\u00edmi vlivy, jak\u00fdmi jsou nap\u0159\u00edklad v\u00edtr, chlad, tvrd\u00e1 voda \u010di nadm\u011brn\u00e9 teplo.\" \/>\n<meta property=\"og:url\" content=\"https:\/\/shopatoa.com\/cz\/bioderma-abcderm-cold-cream-45-ml\/\" \/>\n<meta property=\"og:site_name\" content=\"SHOPATOA\" \/>\n<meta property=\"article:modified_time\" content=\"2026-01-29T03:30:26+00:00\" \/>\n<meta property=\"og:image\" content=\"https:\/\/shopatoa.com\/cz\/wp-content\/uploads\/2025\/02\/1d5a93e459006_3701129801345.jpg\" \/>\n\t<meta property=\"og:image:width\" content=\"671\" \/>\n\t<meta property=\"og:image:height\" content=\"1200\" \/>\n\t<meta property=\"og:image:type\" content=\"image\/jpeg\" \/>\n<meta name=\"twitter:card\" content=\"summary_large_image\" \/>\n<script type=\"application\/ld+json\" class=\"yoast-schema-graph\">{\"@context\":\"https:\\\/\\\/schema.org\",\"@graph\":[{\"@type\":\"WebPage\",\"@id\":\"https:\\\/\\\/shopatoa.com\\\/cz\\\/bioderma-abcderm-cold-cream-45-ml\\\/\",\"url\":\"https:\\\/\\\/shopatoa.com\\\/cz\\\/bioderma-abcderm-cold-cream-45-ml\\\/\",\"name\":\"BIODERMA ABCDerm Cold-Cream 45 ml - SHOPATOA.COM\",\"isPartOf\":{\"@id\":\"https:\\\/\\\/shopatoa.com\\\/cz\\\/#website\"},\"primaryImageOfPage\":{\"@id\":\"https:\\\/\\\/shopatoa.com\\\/cz\\\/bioderma-abcderm-cold-cream-45-ml\\\/#primaryimage\"},\"image\":{\"@id\":\"https:\\\/\\\/shopatoa.com\\\/cz\\\/bioderma-abcderm-cold-cream-45-ml\\\/#primaryimage\"},\"thumbnailUrl\":\"https:\\\/\\\/shopatoa.com\\\/cz\\\/wp-content\\\/uploads\\\/2025\\\/02\\\/1d5a93e459006_3701129801345.jpg\",\"datePublished\":\"2025-02-17T19:51:55+00:00\",\"dateModified\":\"2026-01-29T03:30:26+00:00\",\"breadcrumb\":{\"@id\":\"https:\\\/\\\/shopatoa.com\\\/cz\\\/bioderma-abcderm-cold-cream-45-ml\\\/#breadcrumb\"},\"inLanguage\":\"cs\",\"potentialAction\":[{\"@type\":\"ReadAction\",\"target\":[\"https:\\\/\\\/shopatoa.com\\\/cz\\\/bioderma-abcderm-cold-cream-45-ml\\\/\"]}]},{\"@type\":\"ImageObject\",\"inLanguage\":\"cs\",\"@id\":\"https:\\\/\\\/shopatoa.com\\\/cz\\\/bioderma-abcderm-cold-cream-45-ml\\\/#primaryimage\",\"url\":\"https:\\\/\\\/shopatoa.com\\\/cz\\\/wp-content\\\/uploads\\\/2025\\\/02\\\/1d5a93e459006_3701129801345.jpg\",\"contentUrl\":\"https:\\\/\\\/shopatoa.com\\\/cz\\\/wp-content\\\/uploads\\\/2025\\\/02\\\/1d5a93e459006_3701129801345.jpg\",\"width\":671,\"height\":1200},{\"@type\":\"BreadcrumbList\",\"@id\":\"https:\\\/\\\/shopatoa.com\\\/cz\\\/bioderma-abcderm-cold-cream-45-ml\\\/#breadcrumb\",\"itemListElement\":[{\"@type\":\"ListItem\",\"position\":1,\"name\":\"Dom\u016f\",\"item\":\"https:\\\/\\\/shopatoa.com\\\/cz\\\/\"},{\"@type\":\"ListItem\",\"position\":2,\"name\":\"Produkty\",\"item\":\"https:\\\/\\\/shopatoa.com\\\/cz\\\/shop\\\/\"},{\"@type\":\"ListItem\",\"position\":3,\"name\":\"D\u011btsk\u00e9 zbo\u017e\u00ed\",\"item\":\"https:\\\/\\\/shopatoa.com\\\/cz\\\/detske-zbozi\\\/\"},{\"@type\":\"ListItem\",\"position\":4,\"name\":\"D\u011btsk\u00e1 v\u00fd\u017eiva a krmen\u00ed\",\"item\":\"https:\\\/\\\/shopatoa.com\\\/cz\\\/detska-vyziva-a-krmeni\\\/\"},{\"@type\":\"ListItem\",\"position\":5,\"name\":\"D\u011btsk\u00e1 v\u00fd\u017eiva\",\"item\":\"https:\\\/\\\/shopatoa.com\\\/cz\\\/detska-vyziva-detska-vyziva-a-krmeni\\\/\"},{\"@type\":\"ListItem\",\"position\":6,\"name\":\"Kojeneck\u00e1 ml\u00e9ka\",\"item\":\"https:\\\/\\\/shopatoa.com\\\/cz\\\/kojenecka-mleka-detska-vyziva-detska-vyziva-a-krmeni\\\/\"},{\"@type\":\"ListItem\",\"position\":7,\"name\":\"BIODERMA ABCDerm Cold-Cream 45 ml\"}]},{\"@type\":\"WebSite\",\"@id\":\"https:\\\/\\\/shopatoa.com\\\/cz\\\/#website\",\"url\":\"https:\\\/\\\/shopatoa.com\\\/cz\\\/\",\"name\":\"SHOPATOA\",\"description\":\"\",\"publisher\":{\"@id\":\"https:\\\/\\\/shopatoa.com\\\/cz\\\/#organization\"},\"potentialAction\":[{\"@type\":\"SearchAction\",\"target\":{\"@type\":\"EntryPoint\",\"urlTemplate\":\"https:\\\/\\\/shopatoa.com\\\/cz\\\/?s={search_term_string}\"},\"query-input\":{\"@type\":\"PropertyValueSpecification\",\"valueRequired\":true,\"valueName\":\"search_term_string\"}}],\"inLanguage\":\"cs\"},{\"@type\":\"Organization\",\"@id\":\"https:\\\/\\\/shopatoa.com\\\/cz\\\/#organization\",\"name\":\"SHOPATOA Digital s.r.o.\",\"url\":\"https:\\\/\\\/shopatoa.com\\\/cz\\\/\",\"logo\":{\"@type\":\"ImageObject\",\"inLanguage\":\"cs\",\"@id\":\"https:\\\/\\\/shopatoa.com\\\/cz\\\/#\\\/schema\\\/logo\\\/image\\\/\",\"url\":\"https:\\\/\\\/storage.googleapis.com\\\/cz-shopatoa-img\\\/cz\\\/ebccf434-shopatoa_logo.png\",\"contentUrl\":\"https:\\\/\\\/storage.googleapis.com\\\/cz-shopatoa-img\\\/cz\\\/ebccf434-shopatoa_logo.png\",\"width\":416,\"height\":63,\"caption\":\"SHOPATOA Digital s.r.o.\"},\"image\":{\"@id\":\"https:\\\/\\\/shopatoa.com\\\/cz\\\/#\\\/schema\\\/logo\\\/image\\\/\"}}]}<\/script>\n<!-- \/ Yoast SEO plugin. -->","yoast_head_json":{"title":"BIODERMA ABCDerm Cold-Cream 45 ml - SHOPATOA.COM","robots":{"index":"index","follow":"follow","max-snippet":"max-snippet:-1","max-image-preview":"max-image-preview:large","max-video-preview":"max-video-preview:-1"},"canonical":"https:\/\/shopatoa.com\/cz\/bioderma-abcderm-cold-cream-45-ml\/","og_locale":"cs_CZ","og_type":"article","og_title":"BIODERMA ABCDerm Cold-Cream 45 ml - SHOPATOA.COM","og_description":"BIODERMA ABCDerm Cold-Cream ochr\u00e1n\u00ed poko\u017eku Va\u0161eho d\u011b\u0165\u00e1tka p\u0159ed vn\u011bj\u0161\u00edmi vlivy, jak\u00fdmi jsou nap\u0159\u00edklad v\u00edtr, chlad, tvrd\u00e1 voda \u010di nadm\u011brn\u00e9 teplo.","og_url":"https:\/\/shopatoa.com\/cz\/bioderma-abcderm-cold-cream-45-ml\/","og_site_name":"SHOPATOA","article_modified_time":"2026-01-29T03:30:26+00:00","og_image":[{"width":671,"height":1200,"url":"https:\/\/shopatoa.com\/cz\/wp-content\/uploads\/2025\/02\/1d5a93e459006_3701129801345.jpg","type":"image\/jpeg"}],"twitter_card":"summary_large_image","schema":{"@context":"https:\/\/schema.org","@graph":[{"@type":"WebPage","@id":"https:\/\/shopatoa.com\/cz\/bioderma-abcderm-cold-cream-45-ml\/","url":"https:\/\/shopatoa.com\/cz\/bioderma-abcderm-cold-cream-45-ml\/","name":"BIODERMA ABCDerm Cold-Cream 45 ml - SHOPATOA.COM","isPartOf":{"@id":"https:\/\/shopatoa.com\/cz\/#website"},"primaryImageOfPage":{"@id":"https:\/\/shopatoa.com\/cz\/bioderma-abcderm-cold-cream-45-ml\/#primaryimage"},"image":{"@id":"https:\/\/shopatoa.com\/cz\/bioderma-abcderm-cold-cream-45-ml\/#primaryimage"},"thumbnailUrl":"https:\/\/shopatoa.com\/cz\/wp-content\/uploads\/2025\/02\/1d5a93e459006_3701129801345.jpg","datePublished":"2025-02-17T19:51:55+00:00","dateModified":"2026-01-29T03:30:26+00:00","breadcrumb":{"@id":"https:\/\/shopatoa.com\/cz\/bioderma-abcderm-cold-cream-45-ml\/#breadcrumb"},"inLanguage":"cs","potentialAction":[{"@type":"ReadAction","target":["https:\/\/shopatoa.com\/cz\/bioderma-abcderm-cold-cream-45-ml\/"]}]},{"@type":"ImageObject","inLanguage":"cs","@id":"https:\/\/shopatoa.com\/cz\/bioderma-abcderm-cold-cream-45-ml\/#primaryimage","url":"https:\/\/shopatoa.com\/cz\/wp-content\/uploads\/2025\/02\/1d5a93e459006_3701129801345.jpg","contentUrl":"https:\/\/shopatoa.com\/cz\/wp-content\/uploads\/2025\/02\/1d5a93e459006_3701129801345.jpg","width":671,"height":1200},{"@type":"BreadcrumbList","@id":"https:\/\/shopatoa.com\/cz\/bioderma-abcderm-cold-cream-45-ml\/#breadcrumb","itemListElement":[{"@type":"ListItem","position":1,"name":"Dom\u016f","item":"https:\/\/shopatoa.com\/cz\/"},{"@type":"ListItem","position":2,"name":"Produkty","item":"https:\/\/shopatoa.com\/cz\/shop\/"},{"@type":"ListItem","position":3,"name":"D\u011btsk\u00e9 zbo\u017e\u00ed","item":"https:\/\/shopatoa.com\/cz\/detske-zbozi\/"},{"@type":"ListItem","position":4,"name":"D\u011btsk\u00e1 v\u00fd\u017eiva a krmen\u00ed","item":"https:\/\/shopatoa.com\/cz\/detska-vyziva-a-krmeni\/"},{"@type":"ListItem","position":5,"name":"D\u011btsk\u00e1 v\u00fd\u017eiva","item":"https:\/\/shopatoa.com\/cz\/detska-vyziva-detska-vyziva-a-krmeni\/"},{"@type":"ListItem","position":6,"name":"Kojeneck\u00e1 ml\u00e9ka","item":"https:\/\/shopatoa.com\/cz\/kojenecka-mleka-detska-vyziva-detska-vyziva-a-krmeni\/"},{"@type":"ListItem","position":7,"name":"BIODERMA ABCDerm Cold-Cream 45 ml"}]},{"@type":"WebSite","@id":"https:\/\/shopatoa.com\/cz\/#website","url":"https:\/\/shopatoa.com\/cz\/","name":"SHOPATOA","description":"","publisher":{"@id":"https:\/\/shopatoa.com\/cz\/#organization"},"potentialAction":[{"@type":"SearchAction","target":{"@type":"EntryPoint","urlTemplate":"https:\/\/shopatoa.com\/cz\/?s={search_term_string}"},"query-input":{"@type":"PropertyValueSpecification","valueRequired":true,"valueName":"search_term_string"}}],"inLanguage":"cs"},{"@type":"Organization","@id":"https:\/\/shopatoa.com\/cz\/#organization","name":"SHOPATOA Digital s.r.o.","url":"https:\/\/shopatoa.com\/cz\/","logo":{"@type":"ImageObject","inLanguage":"cs","@id":"https:\/\/shopatoa.com\/cz\/#\/schema\/logo\/image\/","url":"https:\/\/storage.googleapis.com\/cz-shopatoa-img\/cz\/ebccf434-shopatoa_logo.png","contentUrl":"https:\/\/storage.googleapis.com\/cz-shopatoa-img\/cz\/ebccf434-shopatoa_logo.png","width":416,"height":63,"caption":"SHOPATOA Digital s.r.o."},"image":{"@id":"https:\/\/shopatoa.com\/cz\/#\/schema\/logo\/image\/"}}]}},"_links":{"self":[{"href":"https:\/\/shopatoa.com\/cz\/wp-json\/wp\/v2\/product\/160280","targetHints":{"allow":["GET"]}}],"collection":[{"href":"https:\/\/shopatoa.com\/cz\/wp-json\/wp\/v2\/product"}],"about":[{"href":"https:\/\/shopatoa.com\/cz\/wp-json\/wp\/v2\/types\/product"}],"replies":[{"embeddable":true,"href":"https:\/\/shopatoa.com\/cz\/wp-json\/wp\/v2\/comments?post=160280"}],"wp:featuredmedia":[{"embeddable":true,"href":"https:\/\/shopatoa.com\/cz\/wp-json\/wp\/v2\/media\/160281"}],"wp:attachment":[{"href":"https:\/\/shopatoa.com\/cz\/wp-json\/wp\/v2\/media?parent=160280"}],"wp:term":[{"taxonomy":"product_brand","embeddable":true,"href":"https:\/\/shopatoa.com\/cz\/wp-json\/wp\/v2\/product_brand?post=160280"},{"taxonomy":"product_cat","embeddable":true,"href":"https:\/\/shopatoa.com\/cz\/wp-json\/wp\/v2\/product_cat?post=160280"},{"taxonomy":"product_tag","embeddable":true,"href":"https:\/\/shopatoa.com\/cz\/wp-json\/wp\/v2\/product_tag?post=160280"}],"curies":[{"name":"wp","href":"https:\/\/api.w.org\/{rel}","templated":true}]}}