{"id":162844,"date":"2025-02-18T00:20:09","date_gmt":"2025-02-17T23:20:09","guid":{"rendered":"https:\/\/shopatoa.com\/cz\/frontline-spot-on-pro-psy-2-10-kg-s-3-pipety\/"},"modified":"2026-02-03T03:10:18","modified_gmt":"2026-02-03T02:10:18","slug":"frontline-spot-on-pro-psy-2-10-kg-s-3-pipety","status":"publish","type":"product","link":"https:\/\/shopatoa.com\/cz\/frontline-spot-on-pro-psy-2-10-kg-s-3-pipety\/","title":{"rendered":"FRONTLINE SPOT-ON pro psy 2-10 kg (S) 3 pipety"},"content":{"rendered":"<p>Frontline Spot On pro psy S 2-10 kg v praktick\u00e9 pipet\u011b je osv\u011bd\u010den\u00e9 \u0159e\u0161en\u00ed v boji proti blech\u00e1m, kl\u00ed\u0161\u0165at\u016fm a v\u0161enk\u00e1m. \u00da\u010dinek p\u0159etrv\u00e1v\u00e1 n\u011bkolik t\u00fddn\u016f.<\/p>\n","protected":false},"excerpt":{"rendered":"<p>Frontline Spot On pro psy S 2-10 kg v praktick\u00e9 pipet\u011b je osv\u011bd\u010den\u00e9 \u0159e\u0161en\u00ed v boji proti blech\u00e1m, kl\u00ed\u0161\u0165at\u016fm a v\u0161enk\u00e1m. \u00da\u010dinek p\u0159etrv\u00e1v\u00e1 n\u011bkolik t\u00fddn\u016f.<\/p>\n","protected":false},"featured_media":162845,"comment_status":"closed","ping_status":"open","template":"","meta":{"_acf_changed":false,"_kadence_starter_templates_imported_post":false,"_kad_post_transparent":"","_kad_post_title":"","_kad_post_layout":"","_kad_post_sidebar_id":"","_kad_post_content_style":"","_kad_post_vertical_padding":"","_kad_post_feature":"","_kad_post_feature_position":"","_kad_post_header":false,"_kad_post_footer":false,"_kad_post_classname":""},"product_brand":[610],"product_cat":[440,438,436,439,437],"product_tag":[],"class_list":{"0":"post-162844","1":"product","2":"type-product","3":"status-publish","4":"has-post-thumbnail","6":"product_brand-frontline","7":"product_cat-antiparazitika-pro-psy","8":"product_cat-antiparazitika-pro-zvirata","9":"product_cat-chovatelske-potreby-2","10":"product_cat-neveterinarni-antiparazitika","11":"product_cat-veterinarni-lekarna","13":"first","14":"instock","15":"sale","16":"product-type-external","17":"entry","18":"content-bg","19":"loop-entry"},"acf":[],"yoast_head":"<!-- This site is optimized with the Yoast SEO plugin v27.4 - https:\/\/yoast.com\/product\/yoast-seo-wordpress\/ -->\n<title>FRONTLINE SPOT-ON pro psy 2-10 kg (S) 3 pipety - SHOPATOA.COM<\/title>\n<meta name=\"robots\" content=\"index, follow, max-snippet:-1, max-image-preview:large, max-video-preview:-1\" \/>\n<link rel=\"canonical\" href=\"https:\/\/shopatoa.com\/cz\/frontline-spot-on-pro-psy-2-10-kg-s-3-pipety\/\" \/>\n<meta property=\"og:locale\" content=\"cs_CZ\" \/>\n<meta property=\"og:type\" content=\"article\" \/>\n<meta property=\"og:title\" content=\"FRONTLINE SPOT-ON pro psy 2-10 kg (S) 3 pipety - SHOPATOA.COM\" \/>\n<meta property=\"og:description\" content=\"Frontline Spot On pro psy S 2-10 kg v praktick\u00e9 pipet\u011b je osv\u011bd\u010den\u00e9 \u0159e\u0161en\u00ed v boji proti blech\u00e1m, kl\u00ed\u0161\u0165at\u016fm a v\u0161enk\u00e1m. \u00da\u010dinek p\u0159etrv\u00e1v\u00e1 n\u011bkolik t\u00fddn\u016f.\" \/>\n<meta property=\"og:url\" content=\"https:\/\/shopatoa.com\/cz\/frontline-spot-on-pro-psy-2-10-kg-s-3-pipety\/\" \/>\n<meta property=\"og:site_name\" content=\"SHOPATOA\" \/>\n<meta property=\"article:modified_time\" content=\"2026-02-03T02:10:18+00:00\" \/>\n<meta property=\"og:image\" content=\"https:\/\/shopatoa.com\/cz\/wp-content\/uploads\/2025\/02\/f678e57679706_czsk_spot_on_dog_s_3pip_front.jpg\" \/>\n\t<meta property=\"og:image:width\" content=\"1200\" \/>\n\t<meta property=\"og:image:height\" content=\"1200\" \/>\n\t<meta property=\"og:image:type\" content=\"image\/jpeg\" \/>\n<meta name=\"twitter:card\" content=\"summary_large_image\" \/>\n<script type=\"application\/ld+json\" class=\"yoast-schema-graph\">{\"@context\":\"https:\\\/\\\/schema.org\",\"@graph\":[{\"@type\":\"WebPage\",\"@id\":\"https:\\\/\\\/shopatoa.com\\\/cz\\\/frontline-spot-on-pro-psy-2-10-kg-s-3-pipety\\\/\",\"url\":\"https:\\\/\\\/shopatoa.com\\\/cz\\\/frontline-spot-on-pro-psy-2-10-kg-s-3-pipety\\\/\",\"name\":\"FRONTLINE SPOT-ON pro psy 2-10 kg (S) 3 pipety - SHOPATOA.COM\",\"isPartOf\":{\"@id\":\"https:\\\/\\\/shopatoa.com\\\/cz\\\/#website\"},\"primaryImageOfPage\":{\"@id\":\"https:\\\/\\\/shopatoa.com\\\/cz\\\/frontline-spot-on-pro-psy-2-10-kg-s-3-pipety\\\/#primaryimage\"},\"image\":{\"@id\":\"https:\\\/\\\/shopatoa.com\\\/cz\\\/frontline-spot-on-pro-psy-2-10-kg-s-3-pipety\\\/#primaryimage\"},\"thumbnailUrl\":\"https:\\\/\\\/shopatoa.com\\\/cz\\\/wp-content\\\/uploads\\\/2025\\\/02\\\/f678e57679706_czsk_spot_on_dog_s_3pip_front.jpg\",\"datePublished\":\"2025-02-17T23:20:09+00:00\",\"dateModified\":\"2026-02-03T02:10:18+00:00\",\"breadcrumb\":{\"@id\":\"https:\\\/\\\/shopatoa.com\\\/cz\\\/frontline-spot-on-pro-psy-2-10-kg-s-3-pipety\\\/#breadcrumb\"},\"inLanguage\":\"cs\",\"potentialAction\":[{\"@type\":\"ReadAction\",\"target\":[\"https:\\\/\\\/shopatoa.com\\\/cz\\\/frontline-spot-on-pro-psy-2-10-kg-s-3-pipety\\\/\"]}]},{\"@type\":\"ImageObject\",\"inLanguage\":\"cs\",\"@id\":\"https:\\\/\\\/shopatoa.com\\\/cz\\\/frontline-spot-on-pro-psy-2-10-kg-s-3-pipety\\\/#primaryimage\",\"url\":\"https:\\\/\\\/shopatoa.com\\\/cz\\\/wp-content\\\/uploads\\\/2025\\\/02\\\/f678e57679706_czsk_spot_on_dog_s_3pip_front.jpg\",\"contentUrl\":\"https:\\\/\\\/shopatoa.com\\\/cz\\\/wp-content\\\/uploads\\\/2025\\\/02\\\/f678e57679706_czsk_spot_on_dog_s_3pip_front.jpg\",\"width\":1200,\"height\":1200},{\"@type\":\"BreadcrumbList\",\"@id\":\"https:\\\/\\\/shopatoa.com\\\/cz\\\/frontline-spot-on-pro-psy-2-10-kg-s-3-pipety\\\/#breadcrumb\",\"itemListElement\":[{\"@type\":\"ListItem\",\"position\":1,\"name\":\"Dom\u016f\",\"item\":\"https:\\\/\\\/shopatoa.com\\\/cz\\\/\"},{\"@type\":\"ListItem\",\"position\":2,\"name\":\"Produkty\",\"item\":\"https:\\\/\\\/shopatoa.com\\\/cz\\\/shop\\\/\"},{\"@type\":\"ListItem\",\"position\":3,\"name\":\"Chovatelsk\u00e9 pot\u0159eby\",\"item\":\"https:\\\/\\\/shopatoa.com\\\/cz\\\/chovatelske-potreby-2\\\/\"},{\"@type\":\"ListItem\",\"position\":4,\"name\":\"Veterin\u00e1rn\u00ed l\u00e9k\u00e1rna\",\"item\":\"https:\\\/\\\/shopatoa.com\\\/cz\\\/veterinarni-lekarna\\\/\"},{\"@type\":\"ListItem\",\"position\":5,\"name\":\"Antiparazitika pro zv\u00ed\u0159ata\",\"item\":\"https:\\\/\\\/shopatoa.com\\\/cz\\\/antiparazitika-pro-zvirata\\\/\"},{\"@type\":\"ListItem\",\"position\":6,\"name\":\"Neveterin\u00e1rn\u00ed antiparazitika\",\"item\":\"https:\\\/\\\/shopatoa.com\\\/cz\\\/neveterinarni-antiparazitika\\\/\"},{\"@type\":\"ListItem\",\"position\":7,\"name\":\"Antiparazitika pro psy\",\"item\":\"https:\\\/\\\/shopatoa.com\\\/cz\\\/antiparazitika-pro-psy\\\/\"},{\"@type\":\"ListItem\",\"position\":8,\"name\":\"FRONTLINE SPOT-ON pro psy 2-10 kg (S) 3 pipety\"}]},{\"@type\":\"WebSite\",\"@id\":\"https:\\\/\\\/shopatoa.com\\\/cz\\\/#website\",\"url\":\"https:\\\/\\\/shopatoa.com\\\/cz\\\/\",\"name\":\"SHOPATOA\",\"description\":\"\",\"publisher\":{\"@id\":\"https:\\\/\\\/shopatoa.com\\\/cz\\\/#organization\"},\"potentialAction\":[{\"@type\":\"SearchAction\",\"target\":{\"@type\":\"EntryPoint\",\"urlTemplate\":\"https:\\\/\\\/shopatoa.com\\\/cz\\\/?s={search_term_string}\"},\"query-input\":{\"@type\":\"PropertyValueSpecification\",\"valueRequired\":true,\"valueName\":\"search_term_string\"}}],\"inLanguage\":\"cs\"},{\"@type\":\"Organization\",\"@id\":\"https:\\\/\\\/shopatoa.com\\\/cz\\\/#organization\",\"name\":\"SHOPATOA Digital s.r.o.\",\"url\":\"https:\\\/\\\/shopatoa.com\\\/cz\\\/\",\"logo\":{\"@type\":\"ImageObject\",\"inLanguage\":\"cs\",\"@id\":\"https:\\\/\\\/shopatoa.com\\\/cz\\\/#\\\/schema\\\/logo\\\/image\\\/\",\"url\":\"https:\\\/\\\/storage.googleapis.com\\\/cz-shopatoa-img\\\/cz\\\/ebccf434-shopatoa_logo.png\",\"contentUrl\":\"https:\\\/\\\/storage.googleapis.com\\\/cz-shopatoa-img\\\/cz\\\/ebccf434-shopatoa_logo.png\",\"width\":416,\"height\":63,\"caption\":\"SHOPATOA Digital s.r.o.\"},\"image\":{\"@id\":\"https:\\\/\\\/shopatoa.com\\\/cz\\\/#\\\/schema\\\/logo\\\/image\\\/\"}}]}<\/script>\n<!-- \/ Yoast SEO plugin. -->","yoast_head_json":{"title":"FRONTLINE SPOT-ON pro psy 2-10 kg (S) 3 pipety - SHOPATOA.COM","robots":{"index":"index","follow":"follow","max-snippet":"max-snippet:-1","max-image-preview":"max-image-preview:large","max-video-preview":"max-video-preview:-1"},"canonical":"https:\/\/shopatoa.com\/cz\/frontline-spot-on-pro-psy-2-10-kg-s-3-pipety\/","og_locale":"cs_CZ","og_type":"article","og_title":"FRONTLINE SPOT-ON pro psy 2-10 kg (S) 3 pipety - SHOPATOA.COM","og_description":"Frontline Spot On pro psy S 2-10 kg v praktick\u00e9 pipet\u011b je osv\u011bd\u010den\u00e9 \u0159e\u0161en\u00ed v boji proti blech\u00e1m, kl\u00ed\u0161\u0165at\u016fm a v\u0161enk\u00e1m. \u00da\u010dinek p\u0159etrv\u00e1v\u00e1 n\u011bkolik t\u00fddn\u016f.","og_url":"https:\/\/shopatoa.com\/cz\/frontline-spot-on-pro-psy-2-10-kg-s-3-pipety\/","og_site_name":"SHOPATOA","article_modified_time":"2026-02-03T02:10:18+00:00","og_image":[{"width":1200,"height":1200,"url":"https:\/\/shopatoa.com\/cz\/wp-content\/uploads\/2025\/02\/f678e57679706_czsk_spot_on_dog_s_3pip_front.jpg","type":"image\/jpeg"}],"twitter_card":"summary_large_image","schema":{"@context":"https:\/\/schema.org","@graph":[{"@type":"WebPage","@id":"https:\/\/shopatoa.com\/cz\/frontline-spot-on-pro-psy-2-10-kg-s-3-pipety\/","url":"https:\/\/shopatoa.com\/cz\/frontline-spot-on-pro-psy-2-10-kg-s-3-pipety\/","name":"FRONTLINE SPOT-ON pro psy 2-10 kg (S) 3 pipety - SHOPATOA.COM","isPartOf":{"@id":"https:\/\/shopatoa.com\/cz\/#website"},"primaryImageOfPage":{"@id":"https:\/\/shopatoa.com\/cz\/frontline-spot-on-pro-psy-2-10-kg-s-3-pipety\/#primaryimage"},"image":{"@id":"https:\/\/shopatoa.com\/cz\/frontline-spot-on-pro-psy-2-10-kg-s-3-pipety\/#primaryimage"},"thumbnailUrl":"https:\/\/shopatoa.com\/cz\/wp-content\/uploads\/2025\/02\/f678e57679706_czsk_spot_on_dog_s_3pip_front.jpg","datePublished":"2025-02-17T23:20:09+00:00","dateModified":"2026-02-03T02:10:18+00:00","breadcrumb":{"@id":"https:\/\/shopatoa.com\/cz\/frontline-spot-on-pro-psy-2-10-kg-s-3-pipety\/#breadcrumb"},"inLanguage":"cs","potentialAction":[{"@type":"ReadAction","target":["https:\/\/shopatoa.com\/cz\/frontline-spot-on-pro-psy-2-10-kg-s-3-pipety\/"]}]},{"@type":"ImageObject","inLanguage":"cs","@id":"https:\/\/shopatoa.com\/cz\/frontline-spot-on-pro-psy-2-10-kg-s-3-pipety\/#primaryimage","url":"https:\/\/shopatoa.com\/cz\/wp-content\/uploads\/2025\/02\/f678e57679706_czsk_spot_on_dog_s_3pip_front.jpg","contentUrl":"https:\/\/shopatoa.com\/cz\/wp-content\/uploads\/2025\/02\/f678e57679706_czsk_spot_on_dog_s_3pip_front.jpg","width":1200,"height":1200},{"@type":"BreadcrumbList","@id":"https:\/\/shopatoa.com\/cz\/frontline-spot-on-pro-psy-2-10-kg-s-3-pipety\/#breadcrumb","itemListElement":[{"@type":"ListItem","position":1,"name":"Dom\u016f","item":"https:\/\/shopatoa.com\/cz\/"},{"@type":"ListItem","position":2,"name":"Produkty","item":"https:\/\/shopatoa.com\/cz\/shop\/"},{"@type":"ListItem","position":3,"name":"Chovatelsk\u00e9 pot\u0159eby","item":"https:\/\/shopatoa.com\/cz\/chovatelske-potreby-2\/"},{"@type":"ListItem","position":4,"name":"Veterin\u00e1rn\u00ed l\u00e9k\u00e1rna","item":"https:\/\/shopatoa.com\/cz\/veterinarni-lekarna\/"},{"@type":"ListItem","position":5,"name":"Antiparazitika pro zv\u00ed\u0159ata","item":"https:\/\/shopatoa.com\/cz\/antiparazitika-pro-zvirata\/"},{"@type":"ListItem","position":6,"name":"Neveterin\u00e1rn\u00ed antiparazitika","item":"https:\/\/shopatoa.com\/cz\/neveterinarni-antiparazitika\/"},{"@type":"ListItem","position":7,"name":"Antiparazitika pro psy","item":"https:\/\/shopatoa.com\/cz\/antiparazitika-pro-psy\/"},{"@type":"ListItem","position":8,"name":"FRONTLINE SPOT-ON pro psy 2-10 kg (S) 3 pipety"}]},{"@type":"WebSite","@id":"https:\/\/shopatoa.com\/cz\/#website","url":"https:\/\/shopatoa.com\/cz\/","name":"SHOPATOA","description":"","publisher":{"@id":"https:\/\/shopatoa.com\/cz\/#organization"},"potentialAction":[{"@type":"SearchAction","target":{"@type":"EntryPoint","urlTemplate":"https:\/\/shopatoa.com\/cz\/?s={search_term_string}"},"query-input":{"@type":"PropertyValueSpecification","valueRequired":true,"valueName":"search_term_string"}}],"inLanguage":"cs"},{"@type":"Organization","@id":"https:\/\/shopatoa.com\/cz\/#organization","name":"SHOPATOA Digital s.r.o.","url":"https:\/\/shopatoa.com\/cz\/","logo":{"@type":"ImageObject","inLanguage":"cs","@id":"https:\/\/shopatoa.com\/cz\/#\/schema\/logo\/image\/","url":"https:\/\/storage.googleapis.com\/cz-shopatoa-img\/cz\/ebccf434-shopatoa_logo.png","contentUrl":"https:\/\/storage.googleapis.com\/cz-shopatoa-img\/cz\/ebccf434-shopatoa_logo.png","width":416,"height":63,"caption":"SHOPATOA Digital s.r.o."},"image":{"@id":"https:\/\/shopatoa.com\/cz\/#\/schema\/logo\/image\/"}}]}},"_links":{"self":[{"href":"https:\/\/shopatoa.com\/cz\/wp-json\/wp\/v2\/product\/162844","targetHints":{"allow":["GET"]}}],"collection":[{"href":"https:\/\/shopatoa.com\/cz\/wp-json\/wp\/v2\/product"}],"about":[{"href":"https:\/\/shopatoa.com\/cz\/wp-json\/wp\/v2\/types\/product"}],"replies":[{"embeddable":true,"href":"https:\/\/shopatoa.com\/cz\/wp-json\/wp\/v2\/comments?post=162844"}],"wp:featuredmedia":[{"embeddable":true,"href":"https:\/\/shopatoa.com\/cz\/wp-json\/wp\/v2\/media\/162845"}],"wp:attachment":[{"href":"https:\/\/shopatoa.com\/cz\/wp-json\/wp\/v2\/media?parent=162844"}],"wp:term":[{"taxonomy":"product_brand","embeddable":true,"href":"https:\/\/shopatoa.com\/cz\/wp-json\/wp\/v2\/product_brand?post=162844"},{"taxonomy":"product_cat","embeddable":true,"href":"https:\/\/shopatoa.com\/cz\/wp-json\/wp\/v2\/product_cat?post=162844"},{"taxonomy":"product_tag","embeddable":true,"href":"https:\/\/shopatoa.com\/cz\/wp-json\/wp\/v2\/product_tag?post=162844"}],"curies":[{"name":"wp","href":"https:\/\/api.w.org\/{rel}","templated":true}]}}