{"id":165115,"date":"2025-02-18T12:50:33","date_gmt":"2025-02-18T11:50:33","guid":{"rendered":"https:\/\/shopatoa.com\/cz\/philips-gozero-uv-samocistici-lahev-590-ml-cerna\/"},"modified":"2026-02-02T06:37:48","modified_gmt":"2026-02-02T05:37:48","slug":"philips-gozero-uv-samocistici-lahev-590-ml-cerna","status":"publish","type":"product","link":"https:\/\/shopatoa.com\/cz\/philips-gozero-uv-samocistici-lahev-590-ml-cerna\/","title":{"rendered":"Philips GoZero UV Samo\u010distic\u00ed lahev 590 ml \u010dern\u00e1"},"content":{"rendered":"<p>Samo\u010distic\u00ed l\u00e1hev Philips GoZero s\u00a0UV technologi\u00ed zajist\u00ed bezpe\u010dnou a \u010distou vodu kdekoli. Na jedno nabit\u00ed vydr\u017e\u00ed a\u017e 1 m\u011bs\u00edc.<\/p>\n","protected":false},"excerpt":{"rendered":"<p>Samo\u010distic\u00ed l\u00e1hev Philips GoZero s\u00a0UV technologi\u00ed zajist\u00ed bezpe\u010dnou a \u010distou vodu kdekoli. Na jedno nabit\u00ed vydr\u017e\u00ed a\u017e 1 m\u011bs\u00edc.<\/p>\n","protected":false},"featured_media":165116,"comment_status":"closed","ping_status":"open","template":"","meta":{"_acf_changed":false,"_kadence_starter_templates_imported_post":false,"_kad_post_transparent":"","_kad_post_title":"","_kad_post_layout":"","_kad_post_sidebar_id":"","_kad_post_content_style":"","_kad_post_vertical_padding":"","_kad_post_feature":"","_kad_post_feature_position":"","_kad_post_header":false,"_kad_post_footer":false,"_kad_post_classname":""},"product_brand":[729],"product_cat":[431,905,907,909,908,906],"product_tag":[],"class_list":{"0":"post-165115","1":"product","2":"type-product","3":"status-publish","4":"has-post-thumbnail","6":"product_brand-philips","7":"product_cat-domaci-a-osobni-spotrebice","8":"product_cat-kuchynske-spotrebice","9":"product_cat-male-kuchynske-spotrebice","10":"product_cat-mixery","11":"product_cat-mixovani-a-slehani","12":"product_cat-priprava-jidla","14":"first","15":"instock","16":"sale","17":"product-type-external","18":"entry","19":"content-bg","20":"loop-entry"},"acf":[],"yoast_head":"<!-- This site is optimized with the Yoast SEO plugin v27.4 - https:\/\/yoast.com\/product\/yoast-seo-wordpress\/ -->\n<title>Philips GoZero UV Samo\u010distic\u00ed lahev 590 ml \u010dern\u00e1 - SHOPATOA.COM<\/title>\n<meta name=\"robots\" content=\"index, follow, max-snippet:-1, max-image-preview:large, max-video-preview:-1\" \/>\n<link rel=\"canonical\" href=\"https:\/\/shopatoa.com\/cz\/philips-gozero-uv-samocistici-lahev-590-ml-cerna\/\" \/>\n<meta property=\"og:locale\" content=\"cs_CZ\" \/>\n<meta property=\"og:type\" content=\"article\" \/>\n<meta property=\"og:title\" content=\"Philips GoZero UV Samo\u010distic\u00ed lahev 590 ml \u010dern\u00e1 - SHOPATOA.COM\" \/>\n<meta property=\"og:description\" content=\"Samo\u010distic\u00ed l\u00e1hev Philips GoZero s\u00a0UV technologi\u00ed zajist\u00ed bezpe\u010dnou a \u010distou vodu kdekoli. Na jedno nabit\u00ed vydr\u017e\u00ed a\u017e 1 m\u011bs\u00edc.\" \/>\n<meta property=\"og:url\" content=\"https:\/\/shopatoa.com\/cz\/philips-gozero-uv-samocistici-lahev-590-ml-cerna\/\" \/>\n<meta property=\"og:site_name\" content=\"SHOPATOA\" \/>\n<meta property=\"article:modified_time\" content=\"2026-02-02T05:37:48+00:00\" \/>\n<meta property=\"og:image\" content=\"https:\/\/shopatoa.com\/cz\/wp-content\/uploads\/2025\/02\/316b5efd88c06_4565223.jpg\" \/>\n\t<meta property=\"og:image:width\" content=\"389\" \/>\n\t<meta property=\"og:image:height\" content=\"864\" \/>\n\t<meta property=\"og:image:type\" content=\"image\/jpeg\" \/>\n<meta name=\"twitter:card\" content=\"summary_large_image\" \/>\n<script type=\"application\/ld+json\" class=\"yoast-schema-graph\">{\"@context\":\"https:\\\/\\\/schema.org\",\"@graph\":[{\"@type\":\"WebPage\",\"@id\":\"https:\\\/\\\/shopatoa.com\\\/cz\\\/philips-gozero-uv-samocistici-lahev-590-ml-cerna\\\/\",\"url\":\"https:\\\/\\\/shopatoa.com\\\/cz\\\/philips-gozero-uv-samocistici-lahev-590-ml-cerna\\\/\",\"name\":\"Philips GoZero UV Samo\u010distic\u00ed lahev 590 ml \u010dern\u00e1 - SHOPATOA.COM\",\"isPartOf\":{\"@id\":\"https:\\\/\\\/shopatoa.com\\\/cz\\\/#website\"},\"primaryImageOfPage\":{\"@id\":\"https:\\\/\\\/shopatoa.com\\\/cz\\\/philips-gozero-uv-samocistici-lahev-590-ml-cerna\\\/#primaryimage\"},\"image\":{\"@id\":\"https:\\\/\\\/shopatoa.com\\\/cz\\\/philips-gozero-uv-samocistici-lahev-590-ml-cerna\\\/#primaryimage\"},\"thumbnailUrl\":\"https:\\\/\\\/shopatoa.com\\\/cz\\\/wp-content\\\/uploads\\\/2025\\\/02\\\/316b5efd88c06_4565223.jpg\",\"datePublished\":\"2025-02-18T11:50:33+00:00\",\"dateModified\":\"2026-02-02T05:37:48+00:00\",\"breadcrumb\":{\"@id\":\"https:\\\/\\\/shopatoa.com\\\/cz\\\/philips-gozero-uv-samocistici-lahev-590-ml-cerna\\\/#breadcrumb\"},\"inLanguage\":\"cs\",\"potentialAction\":[{\"@type\":\"ReadAction\",\"target\":[\"https:\\\/\\\/shopatoa.com\\\/cz\\\/philips-gozero-uv-samocistici-lahev-590-ml-cerna\\\/\"]}]},{\"@type\":\"ImageObject\",\"inLanguage\":\"cs\",\"@id\":\"https:\\\/\\\/shopatoa.com\\\/cz\\\/philips-gozero-uv-samocistici-lahev-590-ml-cerna\\\/#primaryimage\",\"url\":\"https:\\\/\\\/shopatoa.com\\\/cz\\\/wp-content\\\/uploads\\\/2025\\\/02\\\/316b5efd88c06_4565223.jpg\",\"contentUrl\":\"https:\\\/\\\/shopatoa.com\\\/cz\\\/wp-content\\\/uploads\\\/2025\\\/02\\\/316b5efd88c06_4565223.jpg\",\"width\":389,\"height\":864},{\"@type\":\"BreadcrumbList\",\"@id\":\"https:\\\/\\\/shopatoa.com\\\/cz\\\/philips-gozero-uv-samocistici-lahev-590-ml-cerna\\\/#breadcrumb\",\"itemListElement\":[{\"@type\":\"ListItem\",\"position\":1,\"name\":\"Dom\u016f\",\"item\":\"https:\\\/\\\/shopatoa.com\\\/cz\\\/\"},{\"@type\":\"ListItem\",\"position\":2,\"name\":\"Produkty\",\"item\":\"https:\\\/\\\/shopatoa.com\\\/cz\\\/shop\\\/\"},{\"@type\":\"ListItem\",\"position\":3,\"name\":\"Dom\u00e1c\u00ed a osobn\u00ed spot\u0159ebi\u010de\",\"item\":\"https:\\\/\\\/shopatoa.com\\\/cz\\\/domaci-a-osobni-spotrebice\\\/\"},{\"@type\":\"ListItem\",\"position\":4,\"name\":\"Kuchy\u0148sk\u00e9 spot\u0159ebi\u010de\",\"item\":\"https:\\\/\\\/shopatoa.com\\\/cz\\\/kuchynske-spotrebice\\\/\"},{\"@type\":\"ListItem\",\"position\":5,\"name\":\"P\u0159\u00edprava j\u00eddla\",\"item\":\"https:\\\/\\\/shopatoa.com\\\/cz\\\/priprava-jidla\\\/\"},{\"@type\":\"ListItem\",\"position\":6,\"name\":\"Mal\u00e9 kuchy\u0148sk\u00e9 spot\u0159ebi\u010de\",\"item\":\"https:\\\/\\\/shopatoa.com\\\/cz\\\/male-kuchynske-spotrebice\\\/\"},{\"@type\":\"ListItem\",\"position\":7,\"name\":\"Mixov\u00e1n\u00ed a \u0161leh\u00e1n\u00ed\",\"item\":\"https:\\\/\\\/shopatoa.com\\\/cz\\\/mixovani-a-slehani\\\/\"},{\"@type\":\"ListItem\",\"position\":8,\"name\":\"Mix\u00e9ry\",\"item\":\"https:\\\/\\\/shopatoa.com\\\/cz\\\/mixery\\\/\"},{\"@type\":\"ListItem\",\"position\":9,\"name\":\"Philips GoZero UV Samo\u010distic\u00ed lahev 590 ml \u010dern\u00e1\"}]},{\"@type\":\"WebSite\",\"@id\":\"https:\\\/\\\/shopatoa.com\\\/cz\\\/#website\",\"url\":\"https:\\\/\\\/shopatoa.com\\\/cz\\\/\",\"name\":\"SHOPATOA\",\"description\":\"\",\"publisher\":{\"@id\":\"https:\\\/\\\/shopatoa.com\\\/cz\\\/#organization\"},\"potentialAction\":[{\"@type\":\"SearchAction\",\"target\":{\"@type\":\"EntryPoint\",\"urlTemplate\":\"https:\\\/\\\/shopatoa.com\\\/cz\\\/?s={search_term_string}\"},\"query-input\":{\"@type\":\"PropertyValueSpecification\",\"valueRequired\":true,\"valueName\":\"search_term_string\"}}],\"inLanguage\":\"cs\"},{\"@type\":\"Organization\",\"@id\":\"https:\\\/\\\/shopatoa.com\\\/cz\\\/#organization\",\"name\":\"SHOPATOA Digital s.r.o.\",\"url\":\"https:\\\/\\\/shopatoa.com\\\/cz\\\/\",\"logo\":{\"@type\":\"ImageObject\",\"inLanguage\":\"cs\",\"@id\":\"https:\\\/\\\/shopatoa.com\\\/cz\\\/#\\\/schema\\\/logo\\\/image\\\/\",\"url\":\"https:\\\/\\\/storage.googleapis.com\\\/cz-shopatoa-img\\\/cz\\\/ebccf434-shopatoa_logo.png\",\"contentUrl\":\"https:\\\/\\\/storage.googleapis.com\\\/cz-shopatoa-img\\\/cz\\\/ebccf434-shopatoa_logo.png\",\"width\":416,\"height\":63,\"caption\":\"SHOPATOA Digital s.r.o.\"},\"image\":{\"@id\":\"https:\\\/\\\/shopatoa.com\\\/cz\\\/#\\\/schema\\\/logo\\\/image\\\/\"}}]}<\/script>\n<!-- \/ Yoast SEO plugin. -->","yoast_head_json":{"title":"Philips GoZero UV Samo\u010distic\u00ed lahev 590 ml \u010dern\u00e1 - SHOPATOA.COM","robots":{"index":"index","follow":"follow","max-snippet":"max-snippet:-1","max-image-preview":"max-image-preview:large","max-video-preview":"max-video-preview:-1"},"canonical":"https:\/\/shopatoa.com\/cz\/philips-gozero-uv-samocistici-lahev-590-ml-cerna\/","og_locale":"cs_CZ","og_type":"article","og_title":"Philips GoZero UV Samo\u010distic\u00ed lahev 590 ml \u010dern\u00e1 - SHOPATOA.COM","og_description":"Samo\u010distic\u00ed l\u00e1hev Philips GoZero s\u00a0UV technologi\u00ed zajist\u00ed bezpe\u010dnou a \u010distou vodu kdekoli. Na jedno nabit\u00ed vydr\u017e\u00ed a\u017e 1 m\u011bs\u00edc.","og_url":"https:\/\/shopatoa.com\/cz\/philips-gozero-uv-samocistici-lahev-590-ml-cerna\/","og_site_name":"SHOPATOA","article_modified_time":"2026-02-02T05:37:48+00:00","og_image":[{"width":389,"height":864,"url":"https:\/\/shopatoa.com\/cz\/wp-content\/uploads\/2025\/02\/316b5efd88c06_4565223.jpg","type":"image\/jpeg"}],"twitter_card":"summary_large_image","schema":{"@context":"https:\/\/schema.org","@graph":[{"@type":"WebPage","@id":"https:\/\/shopatoa.com\/cz\/philips-gozero-uv-samocistici-lahev-590-ml-cerna\/","url":"https:\/\/shopatoa.com\/cz\/philips-gozero-uv-samocistici-lahev-590-ml-cerna\/","name":"Philips GoZero UV Samo\u010distic\u00ed lahev 590 ml \u010dern\u00e1 - SHOPATOA.COM","isPartOf":{"@id":"https:\/\/shopatoa.com\/cz\/#website"},"primaryImageOfPage":{"@id":"https:\/\/shopatoa.com\/cz\/philips-gozero-uv-samocistici-lahev-590-ml-cerna\/#primaryimage"},"image":{"@id":"https:\/\/shopatoa.com\/cz\/philips-gozero-uv-samocistici-lahev-590-ml-cerna\/#primaryimage"},"thumbnailUrl":"https:\/\/shopatoa.com\/cz\/wp-content\/uploads\/2025\/02\/316b5efd88c06_4565223.jpg","datePublished":"2025-02-18T11:50:33+00:00","dateModified":"2026-02-02T05:37:48+00:00","breadcrumb":{"@id":"https:\/\/shopatoa.com\/cz\/philips-gozero-uv-samocistici-lahev-590-ml-cerna\/#breadcrumb"},"inLanguage":"cs","potentialAction":[{"@type":"ReadAction","target":["https:\/\/shopatoa.com\/cz\/philips-gozero-uv-samocistici-lahev-590-ml-cerna\/"]}]},{"@type":"ImageObject","inLanguage":"cs","@id":"https:\/\/shopatoa.com\/cz\/philips-gozero-uv-samocistici-lahev-590-ml-cerna\/#primaryimage","url":"https:\/\/shopatoa.com\/cz\/wp-content\/uploads\/2025\/02\/316b5efd88c06_4565223.jpg","contentUrl":"https:\/\/shopatoa.com\/cz\/wp-content\/uploads\/2025\/02\/316b5efd88c06_4565223.jpg","width":389,"height":864},{"@type":"BreadcrumbList","@id":"https:\/\/shopatoa.com\/cz\/philips-gozero-uv-samocistici-lahev-590-ml-cerna\/#breadcrumb","itemListElement":[{"@type":"ListItem","position":1,"name":"Dom\u016f","item":"https:\/\/shopatoa.com\/cz\/"},{"@type":"ListItem","position":2,"name":"Produkty","item":"https:\/\/shopatoa.com\/cz\/shop\/"},{"@type":"ListItem","position":3,"name":"Dom\u00e1c\u00ed a osobn\u00ed spot\u0159ebi\u010de","item":"https:\/\/shopatoa.com\/cz\/domaci-a-osobni-spotrebice\/"},{"@type":"ListItem","position":4,"name":"Kuchy\u0148sk\u00e9 spot\u0159ebi\u010de","item":"https:\/\/shopatoa.com\/cz\/kuchynske-spotrebice\/"},{"@type":"ListItem","position":5,"name":"P\u0159\u00edprava j\u00eddla","item":"https:\/\/shopatoa.com\/cz\/priprava-jidla\/"},{"@type":"ListItem","position":6,"name":"Mal\u00e9 kuchy\u0148sk\u00e9 spot\u0159ebi\u010de","item":"https:\/\/shopatoa.com\/cz\/male-kuchynske-spotrebice\/"},{"@type":"ListItem","position":7,"name":"Mixov\u00e1n\u00ed a \u0161leh\u00e1n\u00ed","item":"https:\/\/shopatoa.com\/cz\/mixovani-a-slehani\/"},{"@type":"ListItem","position":8,"name":"Mix\u00e9ry","item":"https:\/\/shopatoa.com\/cz\/mixery\/"},{"@type":"ListItem","position":9,"name":"Philips GoZero UV Samo\u010distic\u00ed lahev 590 ml \u010dern\u00e1"}]},{"@type":"WebSite","@id":"https:\/\/shopatoa.com\/cz\/#website","url":"https:\/\/shopatoa.com\/cz\/","name":"SHOPATOA","description":"","publisher":{"@id":"https:\/\/shopatoa.com\/cz\/#organization"},"potentialAction":[{"@type":"SearchAction","target":{"@type":"EntryPoint","urlTemplate":"https:\/\/shopatoa.com\/cz\/?s={search_term_string}"},"query-input":{"@type":"PropertyValueSpecification","valueRequired":true,"valueName":"search_term_string"}}],"inLanguage":"cs"},{"@type":"Organization","@id":"https:\/\/shopatoa.com\/cz\/#organization","name":"SHOPATOA Digital s.r.o.","url":"https:\/\/shopatoa.com\/cz\/","logo":{"@type":"ImageObject","inLanguage":"cs","@id":"https:\/\/shopatoa.com\/cz\/#\/schema\/logo\/image\/","url":"https:\/\/storage.googleapis.com\/cz-shopatoa-img\/cz\/ebccf434-shopatoa_logo.png","contentUrl":"https:\/\/storage.googleapis.com\/cz-shopatoa-img\/cz\/ebccf434-shopatoa_logo.png","width":416,"height":63,"caption":"SHOPATOA Digital s.r.o."},"image":{"@id":"https:\/\/shopatoa.com\/cz\/#\/schema\/logo\/image\/"}}]}},"_links":{"self":[{"href":"https:\/\/shopatoa.com\/cz\/wp-json\/wp\/v2\/product\/165115","targetHints":{"allow":["GET"]}}],"collection":[{"href":"https:\/\/shopatoa.com\/cz\/wp-json\/wp\/v2\/product"}],"about":[{"href":"https:\/\/shopatoa.com\/cz\/wp-json\/wp\/v2\/types\/product"}],"replies":[{"embeddable":true,"href":"https:\/\/shopatoa.com\/cz\/wp-json\/wp\/v2\/comments?post=165115"}],"wp:featuredmedia":[{"embeddable":true,"href":"https:\/\/shopatoa.com\/cz\/wp-json\/wp\/v2\/media\/165116"}],"wp:attachment":[{"href":"https:\/\/shopatoa.com\/cz\/wp-json\/wp\/v2\/media?parent=165115"}],"wp:term":[{"taxonomy":"product_brand","embeddable":true,"href":"https:\/\/shopatoa.com\/cz\/wp-json\/wp\/v2\/product_brand?post=165115"},{"taxonomy":"product_cat","embeddable":true,"href":"https:\/\/shopatoa.com\/cz\/wp-json\/wp\/v2\/product_cat?post=165115"},{"taxonomy":"product_tag","embeddable":true,"href":"https:\/\/shopatoa.com\/cz\/wp-json\/wp\/v2\/product_tag?post=165115"}],"curies":[{"name":"wp","href":"https:\/\/api.w.org\/{rel}","templated":true}]}}