{"id":169076,"date":"2025-02-18T15:21:47","date_gmt":"2025-02-18T14:21:47","guid":{"rendered":"https:\/\/shopatoa.com\/cz\/braun-combipack-73s-nahradni-britovy-blok\/"},"modified":"2026-02-03T07:48:28","modified_gmt":"2026-02-03T06:48:28","slug":"braun-combipack-73s-nahradni-britovy-blok","status":"publish","type":"product","link":"https:\/\/shopatoa.com\/cz\/braun-combipack-73s-nahradni-britovy-blok\/","title":{"rendered":"Braun Combipack 73S n\u00e1hradn\u00ed b\u0159itov\u00fd blok"},"content":{"rendered":"<p>Braun Combipack 73S n\u00e1hradn\u00ed b\u0159itov\u00fd blok vr\u00e1t\u00ed Va\u0161emu holic\u00edmu strojku \u0161pi\u010dkovou v\u00fdkonnost. Syst\u00e9m Easy Click umo\u017e\u0148uje jednoduchou v\u00fdm\u011bnu hlavice.<\/p>\n","protected":false},"excerpt":{"rendered":"<p>Braun Combipack 73S n\u00e1hradn\u00ed b\u0159itov\u00fd blok vr\u00e1t\u00ed Va\u0161emu holic\u00edmu strojku \u0161pi\u010dkovou v\u00fdkonnost. Syst\u00e9m Easy Click umo\u017e\u0148uje jednoduchou v\u00fdm\u011bnu hlavice.<\/p>\n","protected":false},"featured_media":169077,"comment_status":"closed","ping_status":"open","template":"","meta":{"_acf_changed":false,"_kadence_starter_templates_imported_post":false,"_kad_post_transparent":"","_kad_post_title":"","_kad_post_layout":"","_kad_post_sidebar_id":"","_kad_post_content_style":"","_kad_post_vertical_padding":"","_kad_post_feature":"","_kad_post_feature_position":"","_kad_post_header":false,"_kad_post_footer":false,"_kad_post_classname":""},"product_brand":[446],"product_cat":[431,1116,432,1115],"product_tag":[],"class_list":{"0":"post-169076","1":"product","2":"type-product","3":"status-publish","4":"has-post-thumbnail","6":"product_brand-braun","7":"product_cat-domaci-a-osobni-spotrebice","8":"product_cat-holici-strojky","9":"product_cat-pece-o-telo-a-zdravi","10":"product_cat-pece-o-vlasy-a-vousy","12":"first","13":"instock","14":"product-type-external","15":"entry","16":"content-bg","17":"loop-entry"},"acf":[],"yoast_head":"<!-- This site is optimized with the Yoast SEO plugin v27.4 - https:\/\/yoast.com\/product\/yoast-seo-wordpress\/ -->\n<title>Braun Combipack 73S n\u00e1hradn\u00ed b\u0159itov\u00fd blok - SHOPATOA.COM<\/title>\n<meta name=\"robots\" content=\"index, follow, max-snippet:-1, max-image-preview:large, max-video-preview:-1\" \/>\n<link rel=\"canonical\" href=\"https:\/\/shopatoa.com\/cz\/braun-combipack-73s-nahradni-britovy-blok\/\" \/>\n<meta property=\"og:locale\" content=\"cs_CZ\" \/>\n<meta property=\"og:type\" content=\"article\" \/>\n<meta property=\"og:title\" content=\"Braun Combipack 73S n\u00e1hradn\u00ed b\u0159itov\u00fd blok - SHOPATOA.COM\" \/>\n<meta property=\"og:description\" content=\"Braun Combipack 73S n\u00e1hradn\u00ed b\u0159itov\u00fd blok vr\u00e1t\u00ed Va\u0161emu holic\u00edmu strojku \u0161pi\u010dkovou v\u00fdkonnost. Syst\u00e9m Easy Click umo\u017e\u0148uje jednoduchou v\u00fdm\u011bnu hlavice.\" \/>\n<meta property=\"og:url\" content=\"https:\/\/shopatoa.com\/cz\/braun-combipack-73s-nahradni-britovy-blok\/\" \/>\n<meta property=\"og:site_name\" content=\"SHOPATOA\" \/>\n<meta property=\"article:modified_time\" content=\"2026-02-03T06:48:28+00:00\" \/>\n<meta property=\"og:image\" content=\"https:\/\/shopatoa.com\/cz\/wp-content\/uploads\/2025\/02\/4210201262855_1.jpg\" \/>\n\t<meta property=\"og:image:width\" content=\"780\" \/>\n\t<meta property=\"og:image:height\" content=\"976\" \/>\n\t<meta property=\"og:image:type\" content=\"image\/jpeg\" \/>\n<meta name=\"twitter:card\" content=\"summary_large_image\" \/>\n<script type=\"application\/ld+json\" class=\"yoast-schema-graph\">{\"@context\":\"https:\\\/\\\/schema.org\",\"@graph\":[{\"@type\":\"WebPage\",\"@id\":\"https:\\\/\\\/shopatoa.com\\\/cz\\\/braun-combipack-73s-nahradni-britovy-blok\\\/\",\"url\":\"https:\\\/\\\/shopatoa.com\\\/cz\\\/braun-combipack-73s-nahradni-britovy-blok\\\/\",\"name\":\"Braun Combipack 73S n\u00e1hradn\u00ed b\u0159itov\u00fd blok - SHOPATOA.COM\",\"isPartOf\":{\"@id\":\"https:\\\/\\\/shopatoa.com\\\/cz\\\/#website\"},\"primaryImageOfPage\":{\"@id\":\"https:\\\/\\\/shopatoa.com\\\/cz\\\/braun-combipack-73s-nahradni-britovy-blok\\\/#primaryimage\"},\"image\":{\"@id\":\"https:\\\/\\\/shopatoa.com\\\/cz\\\/braun-combipack-73s-nahradni-britovy-blok\\\/#primaryimage\"},\"thumbnailUrl\":\"https:\\\/\\\/shopatoa.com\\\/cz\\\/wp-content\\\/uploads\\\/2025\\\/02\\\/4210201262855_1.jpg\",\"datePublished\":\"2025-02-18T14:21:47+00:00\",\"dateModified\":\"2026-02-03T06:48:28+00:00\",\"breadcrumb\":{\"@id\":\"https:\\\/\\\/shopatoa.com\\\/cz\\\/braun-combipack-73s-nahradni-britovy-blok\\\/#breadcrumb\"},\"inLanguage\":\"cs\",\"potentialAction\":[{\"@type\":\"ReadAction\",\"target\":[\"https:\\\/\\\/shopatoa.com\\\/cz\\\/braun-combipack-73s-nahradni-britovy-blok\\\/\"]}]},{\"@type\":\"ImageObject\",\"inLanguage\":\"cs\",\"@id\":\"https:\\\/\\\/shopatoa.com\\\/cz\\\/braun-combipack-73s-nahradni-britovy-blok\\\/#primaryimage\",\"url\":\"https:\\\/\\\/shopatoa.com\\\/cz\\\/wp-content\\\/uploads\\\/2025\\\/02\\\/4210201262855_1.jpg\",\"contentUrl\":\"https:\\\/\\\/shopatoa.com\\\/cz\\\/wp-content\\\/uploads\\\/2025\\\/02\\\/4210201262855_1.jpg\",\"width\":780,\"height\":976},{\"@type\":\"BreadcrumbList\",\"@id\":\"https:\\\/\\\/shopatoa.com\\\/cz\\\/braun-combipack-73s-nahradni-britovy-blok\\\/#breadcrumb\",\"itemListElement\":[{\"@type\":\"ListItem\",\"position\":1,\"name\":\"Dom\u016f\",\"item\":\"https:\\\/\\\/shopatoa.com\\\/cz\\\/\"},{\"@type\":\"ListItem\",\"position\":2,\"name\":\"Produkty\",\"item\":\"https:\\\/\\\/shopatoa.com\\\/cz\\\/shop\\\/\"},{\"@type\":\"ListItem\",\"position\":3,\"name\":\"Dom\u00e1c\u00ed a osobn\u00ed spot\u0159ebi\u010de\",\"item\":\"https:\\\/\\\/shopatoa.com\\\/cz\\\/domaci-a-osobni-spotrebice\\\/\"},{\"@type\":\"ListItem\",\"position\":4,\"name\":\"P\u00e9\u010de o t\u011blo a zdrav\u00ed\",\"item\":\"https:\\\/\\\/shopatoa.com\\\/cz\\\/pece-o-telo-a-zdravi\\\/\"},{\"@type\":\"ListItem\",\"position\":5,\"name\":\"P\u00e9\u010de o vlasy a vousy\",\"item\":\"https:\\\/\\\/shopatoa.com\\\/cz\\\/pece-o-vlasy-a-vousy\\\/\"},{\"@type\":\"ListItem\",\"position\":6,\"name\":\"Holic\u00ed strojky\",\"item\":\"https:\\\/\\\/shopatoa.com\\\/cz\\\/holici-strojky\\\/\"},{\"@type\":\"ListItem\",\"position\":7,\"name\":\"Braun Combipack 73S n\u00e1hradn\u00ed b\u0159itov\u00fd blok\"}]},{\"@type\":\"WebSite\",\"@id\":\"https:\\\/\\\/shopatoa.com\\\/cz\\\/#website\",\"url\":\"https:\\\/\\\/shopatoa.com\\\/cz\\\/\",\"name\":\"SHOPATOA\",\"description\":\"\",\"publisher\":{\"@id\":\"https:\\\/\\\/shopatoa.com\\\/cz\\\/#organization\"},\"potentialAction\":[{\"@type\":\"SearchAction\",\"target\":{\"@type\":\"EntryPoint\",\"urlTemplate\":\"https:\\\/\\\/shopatoa.com\\\/cz\\\/?s={search_term_string}\"},\"query-input\":{\"@type\":\"PropertyValueSpecification\",\"valueRequired\":true,\"valueName\":\"search_term_string\"}}],\"inLanguage\":\"cs\"},{\"@type\":\"Organization\",\"@id\":\"https:\\\/\\\/shopatoa.com\\\/cz\\\/#organization\",\"name\":\"SHOPATOA Digital s.r.o.\",\"url\":\"https:\\\/\\\/shopatoa.com\\\/cz\\\/\",\"logo\":{\"@type\":\"ImageObject\",\"inLanguage\":\"cs\",\"@id\":\"https:\\\/\\\/shopatoa.com\\\/cz\\\/#\\\/schema\\\/logo\\\/image\\\/\",\"url\":\"https:\\\/\\\/storage.googleapis.com\\\/cz-shopatoa-img\\\/cz\\\/ebccf434-shopatoa_logo.png\",\"contentUrl\":\"https:\\\/\\\/storage.googleapis.com\\\/cz-shopatoa-img\\\/cz\\\/ebccf434-shopatoa_logo.png\",\"width\":416,\"height\":63,\"caption\":\"SHOPATOA Digital s.r.o.\"},\"image\":{\"@id\":\"https:\\\/\\\/shopatoa.com\\\/cz\\\/#\\\/schema\\\/logo\\\/image\\\/\"}}]}<\/script>\n<!-- \/ Yoast SEO plugin. -->","yoast_head_json":{"title":"Braun Combipack 73S n\u00e1hradn\u00ed b\u0159itov\u00fd blok - SHOPATOA.COM","robots":{"index":"index","follow":"follow","max-snippet":"max-snippet:-1","max-image-preview":"max-image-preview:large","max-video-preview":"max-video-preview:-1"},"canonical":"https:\/\/shopatoa.com\/cz\/braun-combipack-73s-nahradni-britovy-blok\/","og_locale":"cs_CZ","og_type":"article","og_title":"Braun Combipack 73S n\u00e1hradn\u00ed b\u0159itov\u00fd blok - SHOPATOA.COM","og_description":"Braun Combipack 73S n\u00e1hradn\u00ed b\u0159itov\u00fd blok vr\u00e1t\u00ed Va\u0161emu holic\u00edmu strojku \u0161pi\u010dkovou v\u00fdkonnost. Syst\u00e9m Easy Click umo\u017e\u0148uje jednoduchou v\u00fdm\u011bnu hlavice.","og_url":"https:\/\/shopatoa.com\/cz\/braun-combipack-73s-nahradni-britovy-blok\/","og_site_name":"SHOPATOA","article_modified_time":"2026-02-03T06:48:28+00:00","og_image":[{"width":780,"height":976,"url":"https:\/\/shopatoa.com\/cz\/wp-content\/uploads\/2025\/02\/4210201262855_1.jpg","type":"image\/jpeg"}],"twitter_card":"summary_large_image","schema":{"@context":"https:\/\/schema.org","@graph":[{"@type":"WebPage","@id":"https:\/\/shopatoa.com\/cz\/braun-combipack-73s-nahradni-britovy-blok\/","url":"https:\/\/shopatoa.com\/cz\/braun-combipack-73s-nahradni-britovy-blok\/","name":"Braun Combipack 73S n\u00e1hradn\u00ed b\u0159itov\u00fd blok - SHOPATOA.COM","isPartOf":{"@id":"https:\/\/shopatoa.com\/cz\/#website"},"primaryImageOfPage":{"@id":"https:\/\/shopatoa.com\/cz\/braun-combipack-73s-nahradni-britovy-blok\/#primaryimage"},"image":{"@id":"https:\/\/shopatoa.com\/cz\/braun-combipack-73s-nahradni-britovy-blok\/#primaryimage"},"thumbnailUrl":"https:\/\/shopatoa.com\/cz\/wp-content\/uploads\/2025\/02\/4210201262855_1.jpg","datePublished":"2025-02-18T14:21:47+00:00","dateModified":"2026-02-03T06:48:28+00:00","breadcrumb":{"@id":"https:\/\/shopatoa.com\/cz\/braun-combipack-73s-nahradni-britovy-blok\/#breadcrumb"},"inLanguage":"cs","potentialAction":[{"@type":"ReadAction","target":["https:\/\/shopatoa.com\/cz\/braun-combipack-73s-nahradni-britovy-blok\/"]}]},{"@type":"ImageObject","inLanguage":"cs","@id":"https:\/\/shopatoa.com\/cz\/braun-combipack-73s-nahradni-britovy-blok\/#primaryimage","url":"https:\/\/shopatoa.com\/cz\/wp-content\/uploads\/2025\/02\/4210201262855_1.jpg","contentUrl":"https:\/\/shopatoa.com\/cz\/wp-content\/uploads\/2025\/02\/4210201262855_1.jpg","width":780,"height":976},{"@type":"BreadcrumbList","@id":"https:\/\/shopatoa.com\/cz\/braun-combipack-73s-nahradni-britovy-blok\/#breadcrumb","itemListElement":[{"@type":"ListItem","position":1,"name":"Dom\u016f","item":"https:\/\/shopatoa.com\/cz\/"},{"@type":"ListItem","position":2,"name":"Produkty","item":"https:\/\/shopatoa.com\/cz\/shop\/"},{"@type":"ListItem","position":3,"name":"Dom\u00e1c\u00ed a osobn\u00ed spot\u0159ebi\u010de","item":"https:\/\/shopatoa.com\/cz\/domaci-a-osobni-spotrebice\/"},{"@type":"ListItem","position":4,"name":"P\u00e9\u010de o t\u011blo a zdrav\u00ed","item":"https:\/\/shopatoa.com\/cz\/pece-o-telo-a-zdravi\/"},{"@type":"ListItem","position":5,"name":"P\u00e9\u010de o vlasy a vousy","item":"https:\/\/shopatoa.com\/cz\/pece-o-vlasy-a-vousy\/"},{"@type":"ListItem","position":6,"name":"Holic\u00ed strojky","item":"https:\/\/shopatoa.com\/cz\/holici-strojky\/"},{"@type":"ListItem","position":7,"name":"Braun Combipack 73S n\u00e1hradn\u00ed b\u0159itov\u00fd blok"}]},{"@type":"WebSite","@id":"https:\/\/shopatoa.com\/cz\/#website","url":"https:\/\/shopatoa.com\/cz\/","name":"SHOPATOA","description":"","publisher":{"@id":"https:\/\/shopatoa.com\/cz\/#organization"},"potentialAction":[{"@type":"SearchAction","target":{"@type":"EntryPoint","urlTemplate":"https:\/\/shopatoa.com\/cz\/?s={search_term_string}"},"query-input":{"@type":"PropertyValueSpecification","valueRequired":true,"valueName":"search_term_string"}}],"inLanguage":"cs"},{"@type":"Organization","@id":"https:\/\/shopatoa.com\/cz\/#organization","name":"SHOPATOA Digital s.r.o.","url":"https:\/\/shopatoa.com\/cz\/","logo":{"@type":"ImageObject","inLanguage":"cs","@id":"https:\/\/shopatoa.com\/cz\/#\/schema\/logo\/image\/","url":"https:\/\/storage.googleapis.com\/cz-shopatoa-img\/cz\/ebccf434-shopatoa_logo.png","contentUrl":"https:\/\/storage.googleapis.com\/cz-shopatoa-img\/cz\/ebccf434-shopatoa_logo.png","width":416,"height":63,"caption":"SHOPATOA Digital s.r.o."},"image":{"@id":"https:\/\/shopatoa.com\/cz\/#\/schema\/logo\/image\/"}}]}},"_links":{"self":[{"href":"https:\/\/shopatoa.com\/cz\/wp-json\/wp\/v2\/product\/169076","targetHints":{"allow":["GET"]}}],"collection":[{"href":"https:\/\/shopatoa.com\/cz\/wp-json\/wp\/v2\/product"}],"about":[{"href":"https:\/\/shopatoa.com\/cz\/wp-json\/wp\/v2\/types\/product"}],"replies":[{"embeddable":true,"href":"https:\/\/shopatoa.com\/cz\/wp-json\/wp\/v2\/comments?post=169076"}],"wp:featuredmedia":[{"embeddable":true,"href":"https:\/\/shopatoa.com\/cz\/wp-json\/wp\/v2\/media\/169077"}],"wp:attachment":[{"href":"https:\/\/shopatoa.com\/cz\/wp-json\/wp\/v2\/media?parent=169076"}],"wp:term":[{"taxonomy":"product_brand","embeddable":true,"href":"https:\/\/shopatoa.com\/cz\/wp-json\/wp\/v2\/product_brand?post=169076"},{"taxonomy":"product_cat","embeddable":true,"href":"https:\/\/shopatoa.com\/cz\/wp-json\/wp\/v2\/product_cat?post=169076"},{"taxonomy":"product_tag","embeddable":true,"href":"https:\/\/shopatoa.com\/cz\/wp-json\/wp\/v2\/product_tag?post=169076"}],"curies":[{"name":"wp","href":"https:\/\/api.w.org\/{rel}","templated":true}]}}