{"id":174211,"date":"2025-02-18T18:50:18","date_gmt":"2025-02-18T17:50:18","guid":{"rendered":"https:\/\/shopatoa.com\/cz\/bioderma-ds-sampon-125-ml\/"},"modified":"2026-02-04T14:37:36","modified_gmt":"2026-02-04T13:37:36","slug":"bioderma-ds-sampon-125-ml","status":"publish","type":"product","link":"https:\/\/shopatoa.com\/cz\/bioderma-ds-sampon-125-ml\/","title":{"rendered":"BIODERMA DS+ \u0161ampon 125 ml"},"content":{"rendered":"<p>BIODERMA Nod\u00e9 DS+ \u0161ampon p\u0159\u00edzniv\u011b p\u016fsob\u00ed na vlasovou poko\u017eku se sklonem k tvorb\u011b lup\u016f \u010di seboroick\u00e9 dermatitid\u011b. Zklid\u0148uje ji, usnad\u0148uje \u010di\u0161t\u011bn\u00ed od \u0161upin a lup\u016f.<\/p>\n","protected":false},"excerpt":{"rendered":"<p>BIODERMA Nod\u00e9 DS+ \u0161ampon p\u0159\u00edzniv\u011b p\u016fsob\u00ed na vlasovou poko\u017eku se sklonem k tvorb\u011b lup\u016f \u010di seboroick\u00e9 dermatitid\u011b. Zklid\u0148uje ji, usnad\u0148uje \u010di\u0161t\u011bn\u00ed od \u0161upin a lup\u016f.<\/p>\n","protected":false},"featured_media":174212,"comment_status":"closed","ping_status":"open","template":"","meta":{"_acf_changed":false,"_kadence_starter_templates_imported_post":false,"_kad_post_transparent":"","_kad_post_title":"","_kad_post_layout":"","_kad_post_sidebar_id":"","_kad_post_content_style":"","_kad_post_vertical_padding":"","_kad_post_feature":"","_kad_post_feature_position":"","_kad_post_header":false,"_kad_post_footer":false,"_kad_post_classname":""},"product_brand":[190],"product_cat":[340,365,366,364],"product_tag":[],"class_list":{"0":"post-174211","1":"product","2":"type-product","3":"status-publish","4":"has-post-thumbnail","6":"product_brand-bioderma","7":"product_cat-kosmetika-a-parfemy","8":"product_cat-pece-o-vlasy-vlasy","9":"product_cat-sampony-pece-o-vlasy-vlasy","10":"product_cat-vlasy","12":"first","13":"instock","14":"product-type-external","15":"entry","16":"content-bg","17":"loop-entry"},"acf":[],"yoast_head":"<!-- This site is optimized with the Yoast SEO plugin v27.3 - https:\/\/yoast.com\/product\/yoast-seo-wordpress\/ -->\n<title>BIODERMA DS+ \u0161ampon 125 ml - SHOPATOA.COM<\/title>\n<meta name=\"robots\" content=\"index, follow, max-snippet:-1, max-image-preview:large, max-video-preview:-1\" \/>\n<link rel=\"canonical\" href=\"https:\/\/shopatoa.com\/cz\/bioderma-ds-sampon-125-ml\/\" \/>\n<meta property=\"og:locale\" content=\"cs_CZ\" \/>\n<meta property=\"og:type\" content=\"article\" \/>\n<meta property=\"og:title\" content=\"BIODERMA DS+ \u0161ampon 125 ml - SHOPATOA.COM\" \/>\n<meta property=\"og:description\" content=\"BIODERMA Nod\u00e9 DS+ \u0161ampon p\u0159\u00edzniv\u011b p\u016fsob\u00ed na vlasovou poko\u017eku se sklonem k tvorb\u011b lup\u016f \u010di seboroick\u00e9 dermatitid\u011b. Zklid\u0148uje ji, usnad\u0148uje \u010di\u0161t\u011bn\u00ed od \u0161upin a lup\u016f.\" \/>\n<meta property=\"og:url\" content=\"https:\/\/shopatoa.com\/cz\/bioderma-ds-sampon-125-ml\/\" \/>\n<meta property=\"og:site_name\" content=\"SHOPATOA\" \/>\n<meta property=\"article:modified_time\" content=\"2026-02-04T13:37:36+00:00\" \/>\n<meta property=\"og:image\" content=\"https:\/\/shopatoa.com\/cz\/wp-content\/uploads\/2025\/02\/c03565ce22326_node-dsplus-shampooing-t125ml-28438d-madjan2022.jpg\" \/>\n\t<meta property=\"og:image:width\" content=\"672\" \/>\n\t<meta property=\"og:image:height\" content=\"920\" \/>\n\t<meta property=\"og:image:type\" content=\"image\/jpeg\" \/>\n<meta name=\"twitter:card\" content=\"summary_large_image\" \/>\n<script type=\"application\/ld+json\" class=\"yoast-schema-graph\">{\"@context\":\"https:\\\/\\\/schema.org\",\"@graph\":[{\"@type\":\"WebPage\",\"@id\":\"https:\\\/\\\/shopatoa.com\\\/cz\\\/bioderma-ds-sampon-125-ml\\\/\",\"url\":\"https:\\\/\\\/shopatoa.com\\\/cz\\\/bioderma-ds-sampon-125-ml\\\/\",\"name\":\"BIODERMA DS+ \u0161ampon 125 ml - SHOPATOA.COM\",\"isPartOf\":{\"@id\":\"https:\\\/\\\/shopatoa.com\\\/cz\\\/#website\"},\"primaryImageOfPage\":{\"@id\":\"https:\\\/\\\/shopatoa.com\\\/cz\\\/bioderma-ds-sampon-125-ml\\\/#primaryimage\"},\"image\":{\"@id\":\"https:\\\/\\\/shopatoa.com\\\/cz\\\/bioderma-ds-sampon-125-ml\\\/#primaryimage\"},\"thumbnailUrl\":\"https:\\\/\\\/shopatoa.com\\\/cz\\\/wp-content\\\/uploads\\\/2025\\\/02\\\/c03565ce22326_node-dsplus-shampooing-t125ml-28438d-madjan2022.jpg\",\"datePublished\":\"2025-02-18T17:50:18+00:00\",\"dateModified\":\"2026-02-04T13:37:36+00:00\",\"breadcrumb\":{\"@id\":\"https:\\\/\\\/shopatoa.com\\\/cz\\\/bioderma-ds-sampon-125-ml\\\/#breadcrumb\"},\"inLanguage\":\"cs\",\"potentialAction\":[{\"@type\":\"ReadAction\",\"target\":[\"https:\\\/\\\/shopatoa.com\\\/cz\\\/bioderma-ds-sampon-125-ml\\\/\"]}]},{\"@type\":\"ImageObject\",\"inLanguage\":\"cs\",\"@id\":\"https:\\\/\\\/shopatoa.com\\\/cz\\\/bioderma-ds-sampon-125-ml\\\/#primaryimage\",\"url\":\"https:\\\/\\\/shopatoa.com\\\/cz\\\/wp-content\\\/uploads\\\/2025\\\/02\\\/c03565ce22326_node-dsplus-shampooing-t125ml-28438d-madjan2022.jpg\",\"contentUrl\":\"https:\\\/\\\/shopatoa.com\\\/cz\\\/wp-content\\\/uploads\\\/2025\\\/02\\\/c03565ce22326_node-dsplus-shampooing-t125ml-28438d-madjan2022.jpg\",\"width\":672,\"height\":920},{\"@type\":\"BreadcrumbList\",\"@id\":\"https:\\\/\\\/shopatoa.com\\\/cz\\\/bioderma-ds-sampon-125-ml\\\/#breadcrumb\",\"itemListElement\":[{\"@type\":\"ListItem\",\"position\":1,\"name\":\"Dom\u016f\",\"item\":\"https:\\\/\\\/shopatoa.com\\\/cz\\\/\"},{\"@type\":\"ListItem\",\"position\":2,\"name\":\"Produkty\",\"item\":\"https:\\\/\\\/shopatoa.com\\\/cz\\\/shop\\\/\"},{\"@type\":\"ListItem\",\"position\":3,\"name\":\"Kosmetika a parf\u00e9my\",\"item\":\"https:\\\/\\\/shopatoa.com\\\/cz\\\/kosmetika-a-parfemy\\\/\"},{\"@type\":\"ListItem\",\"position\":4,\"name\":\"Vlasy\",\"item\":\"https:\\\/\\\/shopatoa.com\\\/cz\\\/vlasy\\\/\"},{\"@type\":\"ListItem\",\"position\":5,\"name\":\"P\u00e9\u010de o vlasy\",\"item\":\"https:\\\/\\\/shopatoa.com\\\/cz\\\/pece-o-vlasy-vlasy\\\/\"},{\"@type\":\"ListItem\",\"position\":6,\"name\":\"\u0160ampony\",\"item\":\"https:\\\/\\\/shopatoa.com\\\/cz\\\/sampony-pece-o-vlasy-vlasy\\\/\"},{\"@type\":\"ListItem\",\"position\":7,\"name\":\"BIODERMA DS+ \u0161ampon 125 ml\"}]},{\"@type\":\"WebSite\",\"@id\":\"https:\\\/\\\/shopatoa.com\\\/cz\\\/#website\",\"url\":\"https:\\\/\\\/shopatoa.com\\\/cz\\\/\",\"name\":\"SHOPATOA\",\"description\":\"\",\"publisher\":{\"@id\":\"https:\\\/\\\/shopatoa.com\\\/cz\\\/#organization\"},\"potentialAction\":[{\"@type\":\"SearchAction\",\"target\":{\"@type\":\"EntryPoint\",\"urlTemplate\":\"https:\\\/\\\/shopatoa.com\\\/cz\\\/?s={search_term_string}\"},\"query-input\":{\"@type\":\"PropertyValueSpecification\",\"valueRequired\":true,\"valueName\":\"search_term_string\"}}],\"inLanguage\":\"cs\"},{\"@type\":\"Organization\",\"@id\":\"https:\\\/\\\/shopatoa.com\\\/cz\\\/#organization\",\"name\":\"SHOPATOA Digital s.r.o.\",\"url\":\"https:\\\/\\\/shopatoa.com\\\/cz\\\/\",\"logo\":{\"@type\":\"ImageObject\",\"inLanguage\":\"cs\",\"@id\":\"https:\\\/\\\/shopatoa.com\\\/cz\\\/#\\\/schema\\\/logo\\\/image\\\/\",\"url\":\"https:\\\/\\\/storage.googleapis.com\\\/cz-shopatoa-img\\\/cz\\\/ebccf434-shopatoa_logo.png\",\"contentUrl\":\"https:\\\/\\\/storage.googleapis.com\\\/cz-shopatoa-img\\\/cz\\\/ebccf434-shopatoa_logo.png\",\"width\":416,\"height\":63,\"caption\":\"SHOPATOA Digital s.r.o.\"},\"image\":{\"@id\":\"https:\\\/\\\/shopatoa.com\\\/cz\\\/#\\\/schema\\\/logo\\\/image\\\/\"}}]}<\/script>\n<!-- \/ Yoast SEO plugin. -->","yoast_head_json":{"title":"BIODERMA DS+ \u0161ampon 125 ml - SHOPATOA.COM","robots":{"index":"index","follow":"follow","max-snippet":"max-snippet:-1","max-image-preview":"max-image-preview:large","max-video-preview":"max-video-preview:-1"},"canonical":"https:\/\/shopatoa.com\/cz\/bioderma-ds-sampon-125-ml\/","og_locale":"cs_CZ","og_type":"article","og_title":"BIODERMA DS+ \u0161ampon 125 ml - SHOPATOA.COM","og_description":"BIODERMA Nod\u00e9 DS+ \u0161ampon p\u0159\u00edzniv\u011b p\u016fsob\u00ed na vlasovou poko\u017eku se sklonem k tvorb\u011b lup\u016f \u010di seboroick\u00e9 dermatitid\u011b. Zklid\u0148uje ji, usnad\u0148uje \u010di\u0161t\u011bn\u00ed od \u0161upin a lup\u016f.","og_url":"https:\/\/shopatoa.com\/cz\/bioderma-ds-sampon-125-ml\/","og_site_name":"SHOPATOA","article_modified_time":"2026-02-04T13:37:36+00:00","og_image":[{"width":672,"height":920,"url":"https:\/\/shopatoa.com\/cz\/wp-content\/uploads\/2025\/02\/c03565ce22326_node-dsplus-shampooing-t125ml-28438d-madjan2022.jpg","type":"image\/jpeg"}],"twitter_card":"summary_large_image","schema":{"@context":"https:\/\/schema.org","@graph":[{"@type":"WebPage","@id":"https:\/\/shopatoa.com\/cz\/bioderma-ds-sampon-125-ml\/","url":"https:\/\/shopatoa.com\/cz\/bioderma-ds-sampon-125-ml\/","name":"BIODERMA DS+ \u0161ampon 125 ml - SHOPATOA.COM","isPartOf":{"@id":"https:\/\/shopatoa.com\/cz\/#website"},"primaryImageOfPage":{"@id":"https:\/\/shopatoa.com\/cz\/bioderma-ds-sampon-125-ml\/#primaryimage"},"image":{"@id":"https:\/\/shopatoa.com\/cz\/bioderma-ds-sampon-125-ml\/#primaryimage"},"thumbnailUrl":"https:\/\/shopatoa.com\/cz\/wp-content\/uploads\/2025\/02\/c03565ce22326_node-dsplus-shampooing-t125ml-28438d-madjan2022.jpg","datePublished":"2025-02-18T17:50:18+00:00","dateModified":"2026-02-04T13:37:36+00:00","breadcrumb":{"@id":"https:\/\/shopatoa.com\/cz\/bioderma-ds-sampon-125-ml\/#breadcrumb"},"inLanguage":"cs","potentialAction":[{"@type":"ReadAction","target":["https:\/\/shopatoa.com\/cz\/bioderma-ds-sampon-125-ml\/"]}]},{"@type":"ImageObject","inLanguage":"cs","@id":"https:\/\/shopatoa.com\/cz\/bioderma-ds-sampon-125-ml\/#primaryimage","url":"https:\/\/shopatoa.com\/cz\/wp-content\/uploads\/2025\/02\/c03565ce22326_node-dsplus-shampooing-t125ml-28438d-madjan2022.jpg","contentUrl":"https:\/\/shopatoa.com\/cz\/wp-content\/uploads\/2025\/02\/c03565ce22326_node-dsplus-shampooing-t125ml-28438d-madjan2022.jpg","width":672,"height":920},{"@type":"BreadcrumbList","@id":"https:\/\/shopatoa.com\/cz\/bioderma-ds-sampon-125-ml\/#breadcrumb","itemListElement":[{"@type":"ListItem","position":1,"name":"Dom\u016f","item":"https:\/\/shopatoa.com\/cz\/"},{"@type":"ListItem","position":2,"name":"Produkty","item":"https:\/\/shopatoa.com\/cz\/shop\/"},{"@type":"ListItem","position":3,"name":"Kosmetika a parf\u00e9my","item":"https:\/\/shopatoa.com\/cz\/kosmetika-a-parfemy\/"},{"@type":"ListItem","position":4,"name":"Vlasy","item":"https:\/\/shopatoa.com\/cz\/vlasy\/"},{"@type":"ListItem","position":5,"name":"P\u00e9\u010de o vlasy","item":"https:\/\/shopatoa.com\/cz\/pece-o-vlasy-vlasy\/"},{"@type":"ListItem","position":6,"name":"\u0160ampony","item":"https:\/\/shopatoa.com\/cz\/sampony-pece-o-vlasy-vlasy\/"},{"@type":"ListItem","position":7,"name":"BIODERMA DS+ \u0161ampon 125 ml"}]},{"@type":"WebSite","@id":"https:\/\/shopatoa.com\/cz\/#website","url":"https:\/\/shopatoa.com\/cz\/","name":"SHOPATOA","description":"","publisher":{"@id":"https:\/\/shopatoa.com\/cz\/#organization"},"potentialAction":[{"@type":"SearchAction","target":{"@type":"EntryPoint","urlTemplate":"https:\/\/shopatoa.com\/cz\/?s={search_term_string}"},"query-input":{"@type":"PropertyValueSpecification","valueRequired":true,"valueName":"search_term_string"}}],"inLanguage":"cs"},{"@type":"Organization","@id":"https:\/\/shopatoa.com\/cz\/#organization","name":"SHOPATOA Digital s.r.o.","url":"https:\/\/shopatoa.com\/cz\/","logo":{"@type":"ImageObject","inLanguage":"cs","@id":"https:\/\/shopatoa.com\/cz\/#\/schema\/logo\/image\/","url":"https:\/\/storage.googleapis.com\/cz-shopatoa-img\/cz\/ebccf434-shopatoa_logo.png","contentUrl":"https:\/\/storage.googleapis.com\/cz-shopatoa-img\/cz\/ebccf434-shopatoa_logo.png","width":416,"height":63,"caption":"SHOPATOA Digital s.r.o."},"image":{"@id":"https:\/\/shopatoa.com\/cz\/#\/schema\/logo\/image\/"}}]}},"_links":{"self":[{"href":"https:\/\/shopatoa.com\/cz\/wp-json\/wp\/v2\/product\/174211","targetHints":{"allow":["GET"]}}],"collection":[{"href":"https:\/\/shopatoa.com\/cz\/wp-json\/wp\/v2\/product"}],"about":[{"href":"https:\/\/shopatoa.com\/cz\/wp-json\/wp\/v2\/types\/product"}],"replies":[{"embeddable":true,"href":"https:\/\/shopatoa.com\/cz\/wp-json\/wp\/v2\/comments?post=174211"}],"wp:featuredmedia":[{"embeddable":true,"href":"https:\/\/shopatoa.com\/cz\/wp-json\/wp\/v2\/media\/174212"}],"wp:attachment":[{"href":"https:\/\/shopatoa.com\/cz\/wp-json\/wp\/v2\/media?parent=174211"}],"wp:term":[{"taxonomy":"product_brand","embeddable":true,"href":"https:\/\/shopatoa.com\/cz\/wp-json\/wp\/v2\/product_brand?post=174211"},{"taxonomy":"product_cat","embeddable":true,"href":"https:\/\/shopatoa.com\/cz\/wp-json\/wp\/v2\/product_cat?post=174211"},{"taxonomy":"product_tag","embeddable":true,"href":"https:\/\/shopatoa.com\/cz\/wp-json\/wp\/v2\/product_tag?post=174211"}],"curies":[{"name":"wp","href":"https:\/\/api.w.org\/{rel}","templated":true}]}}