{"id":198281,"date":"2025-02-21T18:52:23","date_gmt":"2025-02-21T17:52:23","guid":{"rendered":"https:\/\/shopatoa.com\/cz\/kay-kartac-oboustranny-plastovy-s\/"},"modified":"2026-02-03T18:38:54","modified_gmt":"2026-02-03T17:38:54","slug":"kay-kartac-oboustranny-plastovy-s","status":"publish","type":"product","link":"https:\/\/shopatoa.com\/cz\/kay-kartac-oboustranny-plastovy-s\/","title":{"rendered":"KAY Kart\u00e1\u010d oboustrann\u00fd plastov\u00fd S"},"content":{"rendered":"<p>Oboustrann\u00fd plastov\u00fd kart\u00e1\u010d velikosti S od zna\u010dky Kay pro v\u0161echna plemena ps\u016f. Zbavuje prachu a ne\u010distot. Zanech\u00e1v\u00e1 srst hebkou na dotek. Netah\u00e1.<\/p>\n","protected":false},"excerpt":{"rendered":"<p>Oboustrann\u00fd plastov\u00fd kart\u00e1\u010d velikosti S od zna\u010dky Kay pro v\u0161echna plemena ps\u016f. Zbavuje prachu a ne\u010distot. Zanech\u00e1v\u00e1 srst hebkou na dotek. Netah\u00e1.<\/p>\n","protected":false},"featured_media":198282,"comment_status":"closed","ping_status":"open","template":"","meta":{"_acf_changed":false,"_kadence_starter_templates_imported_post":false,"_kad_post_transparent":"","_kad_post_title":"","_kad_post_layout":"","_kad_post_sidebar_id":"","_kad_post_content_style":"","_kad_post_vertical_padding":"","_kad_post_feature":"","_kad_post_feature_position":"","_kad_post_header":false,"_kad_post_footer":false,"_kad_post_classname":""},"product_brand":[2045],"product_cat":[436,740,742,741,739],"product_tag":[],"class_list":{"0":"post-198281","1":"product","2":"type-product","3":"status-publish","4":"has-post-thumbnail","6":"product_brand-kay","7":"product_cat-chovatelske-potreby-2","8":"product_cat-hygiena-a-kosmetika-pro-psy","9":"product_cat-kosmetika-a-uprava-psa","10":"product_cat-pece-o-psi-srst","11":"product_cat-pro-psy-chovatelske-potreby-2","13":"first","14":"instock","15":"product-type-external","16":"entry","17":"content-bg","18":"loop-entry"},"acf":[],"yoast_head":"<!-- This site is optimized with the Yoast SEO plugin v27.4 - https:\/\/yoast.com\/product\/yoast-seo-wordpress\/ -->\n<title>KAY Kart\u00e1\u010d oboustrann\u00fd plastov\u00fd S - SHOPATOA.COM<\/title>\n<meta name=\"robots\" content=\"index, follow, max-snippet:-1, max-image-preview:large, max-video-preview:-1\" \/>\n<link rel=\"canonical\" href=\"https:\/\/shopatoa.com\/cz\/kay-kartac-oboustranny-plastovy-s\/\" \/>\n<meta property=\"og:locale\" content=\"cs_CZ\" \/>\n<meta property=\"og:type\" content=\"article\" \/>\n<meta property=\"og:title\" content=\"KAY Kart\u00e1\u010d oboustrann\u00fd plastov\u00fd S - SHOPATOA.COM\" \/>\n<meta property=\"og:description\" content=\"Oboustrann\u00fd plastov\u00fd kart\u00e1\u010d velikosti S od zna\u010dky Kay pro v\u0161echna plemena ps\u016f. Zbavuje prachu a ne\u010distot. Zanech\u00e1v\u00e1 srst hebkou na dotek. Netah\u00e1.\" \/>\n<meta property=\"og:url\" content=\"https:\/\/shopatoa.com\/cz\/kay-kartac-oboustranny-plastovy-s\/\" \/>\n<meta property=\"og:site_name\" content=\"SHOPATOA\" \/>\n<meta property=\"article:modified_time\" content=\"2026-02-03T17:38:54+00:00\" \/>\n<meta property=\"og:image\" content=\"https:\/\/shopatoa.com\/cz\/wp-content\/uploads\/2025\/02\/88d409df60f46_8595091799497.jpg\" \/>\n\t<meta property=\"og:image:width\" content=\"1800\" \/>\n\t<meta property=\"og:image:height\" content=\"1800\" \/>\n\t<meta property=\"og:image:type\" content=\"image\/jpeg\" \/>\n<meta name=\"twitter:card\" content=\"summary_large_image\" \/>\n<script type=\"application\/ld+json\" class=\"yoast-schema-graph\">{\"@context\":\"https:\\\/\\\/schema.org\",\"@graph\":[{\"@type\":\"WebPage\",\"@id\":\"https:\\\/\\\/shopatoa.com\\\/cz\\\/kay-kartac-oboustranny-plastovy-s\\\/\",\"url\":\"https:\\\/\\\/shopatoa.com\\\/cz\\\/kay-kartac-oboustranny-plastovy-s\\\/\",\"name\":\"KAY Kart\u00e1\u010d oboustrann\u00fd plastov\u00fd S - SHOPATOA.COM\",\"isPartOf\":{\"@id\":\"https:\\\/\\\/shopatoa.com\\\/cz\\\/#website\"},\"primaryImageOfPage\":{\"@id\":\"https:\\\/\\\/shopatoa.com\\\/cz\\\/kay-kartac-oboustranny-plastovy-s\\\/#primaryimage\"},\"image\":{\"@id\":\"https:\\\/\\\/shopatoa.com\\\/cz\\\/kay-kartac-oboustranny-plastovy-s\\\/#primaryimage\"},\"thumbnailUrl\":\"https:\\\/\\\/shopatoa.com\\\/cz\\\/wp-content\\\/uploads\\\/2025\\\/02\\\/88d409df60f46_8595091799497.jpg\",\"datePublished\":\"2025-02-21T17:52:23+00:00\",\"dateModified\":\"2026-02-03T17:38:54+00:00\",\"breadcrumb\":{\"@id\":\"https:\\\/\\\/shopatoa.com\\\/cz\\\/kay-kartac-oboustranny-plastovy-s\\\/#breadcrumb\"},\"inLanguage\":\"cs\",\"potentialAction\":[{\"@type\":\"ReadAction\",\"target\":[\"https:\\\/\\\/shopatoa.com\\\/cz\\\/kay-kartac-oboustranny-plastovy-s\\\/\"]}]},{\"@type\":\"ImageObject\",\"inLanguage\":\"cs\",\"@id\":\"https:\\\/\\\/shopatoa.com\\\/cz\\\/kay-kartac-oboustranny-plastovy-s\\\/#primaryimage\",\"url\":\"https:\\\/\\\/shopatoa.com\\\/cz\\\/wp-content\\\/uploads\\\/2025\\\/02\\\/88d409df60f46_8595091799497.jpg\",\"contentUrl\":\"https:\\\/\\\/shopatoa.com\\\/cz\\\/wp-content\\\/uploads\\\/2025\\\/02\\\/88d409df60f46_8595091799497.jpg\",\"width\":1800,\"height\":1800},{\"@type\":\"BreadcrumbList\",\"@id\":\"https:\\\/\\\/shopatoa.com\\\/cz\\\/kay-kartac-oboustranny-plastovy-s\\\/#breadcrumb\",\"itemListElement\":[{\"@type\":\"ListItem\",\"position\":1,\"name\":\"Dom\u016f\",\"item\":\"https:\\\/\\\/shopatoa.com\\\/cz\\\/\"},{\"@type\":\"ListItem\",\"position\":2,\"name\":\"Produkty\",\"item\":\"https:\\\/\\\/shopatoa.com\\\/cz\\\/shop\\\/\"},{\"@type\":\"ListItem\",\"position\":3,\"name\":\"Chovatelsk\u00e9 pot\u0159eby\",\"item\":\"https:\\\/\\\/shopatoa.com\\\/cz\\\/chovatelske-potreby-2\\\/\"},{\"@type\":\"ListItem\",\"position\":4,\"name\":\"Pro psy\",\"item\":\"https:\\\/\\\/shopatoa.com\\\/cz\\\/pro-psy-chovatelske-potreby-2\\\/\"},{\"@type\":\"ListItem\",\"position\":5,\"name\":\"Hygiena a kosmetika pro psy\",\"item\":\"https:\\\/\\\/shopatoa.com\\\/cz\\\/hygiena-a-kosmetika-pro-psy\\\/\"},{\"@type\":\"ListItem\",\"position\":6,\"name\":\"P\u00e9\u010de o ps\u00ed srst\",\"item\":\"https:\\\/\\\/shopatoa.com\\\/cz\\\/pece-o-psi-srst\\\/\"},{\"@type\":\"ListItem\",\"position\":7,\"name\":\"Kosmetika a \u00faprava psa\",\"item\":\"https:\\\/\\\/shopatoa.com\\\/cz\\\/kosmetika-a-uprava-psa\\\/\"},{\"@type\":\"ListItem\",\"position\":8,\"name\":\"KAY Kart\u00e1\u010d oboustrann\u00fd plastov\u00fd S\"}]},{\"@type\":\"WebSite\",\"@id\":\"https:\\\/\\\/shopatoa.com\\\/cz\\\/#website\",\"url\":\"https:\\\/\\\/shopatoa.com\\\/cz\\\/\",\"name\":\"SHOPATOA\",\"description\":\"\",\"publisher\":{\"@id\":\"https:\\\/\\\/shopatoa.com\\\/cz\\\/#organization\"},\"potentialAction\":[{\"@type\":\"SearchAction\",\"target\":{\"@type\":\"EntryPoint\",\"urlTemplate\":\"https:\\\/\\\/shopatoa.com\\\/cz\\\/?s={search_term_string}\"},\"query-input\":{\"@type\":\"PropertyValueSpecification\",\"valueRequired\":true,\"valueName\":\"search_term_string\"}}],\"inLanguage\":\"cs\"},{\"@type\":\"Organization\",\"@id\":\"https:\\\/\\\/shopatoa.com\\\/cz\\\/#organization\",\"name\":\"SHOPATOA Digital s.r.o.\",\"url\":\"https:\\\/\\\/shopatoa.com\\\/cz\\\/\",\"logo\":{\"@type\":\"ImageObject\",\"inLanguage\":\"cs\",\"@id\":\"https:\\\/\\\/shopatoa.com\\\/cz\\\/#\\\/schema\\\/logo\\\/image\\\/\",\"url\":\"https:\\\/\\\/storage.googleapis.com\\\/cz-shopatoa-img\\\/cz\\\/ebccf434-shopatoa_logo.png\",\"contentUrl\":\"https:\\\/\\\/storage.googleapis.com\\\/cz-shopatoa-img\\\/cz\\\/ebccf434-shopatoa_logo.png\",\"width\":416,\"height\":63,\"caption\":\"SHOPATOA Digital s.r.o.\"},\"image\":{\"@id\":\"https:\\\/\\\/shopatoa.com\\\/cz\\\/#\\\/schema\\\/logo\\\/image\\\/\"}}]}<\/script>\n<!-- \/ Yoast SEO plugin. -->","yoast_head_json":{"title":"KAY Kart\u00e1\u010d oboustrann\u00fd plastov\u00fd S - SHOPATOA.COM","robots":{"index":"index","follow":"follow","max-snippet":"max-snippet:-1","max-image-preview":"max-image-preview:large","max-video-preview":"max-video-preview:-1"},"canonical":"https:\/\/shopatoa.com\/cz\/kay-kartac-oboustranny-plastovy-s\/","og_locale":"cs_CZ","og_type":"article","og_title":"KAY Kart\u00e1\u010d oboustrann\u00fd plastov\u00fd S - SHOPATOA.COM","og_description":"Oboustrann\u00fd plastov\u00fd kart\u00e1\u010d velikosti S od zna\u010dky Kay pro v\u0161echna plemena ps\u016f. Zbavuje prachu a ne\u010distot. Zanech\u00e1v\u00e1 srst hebkou na dotek. Netah\u00e1.","og_url":"https:\/\/shopatoa.com\/cz\/kay-kartac-oboustranny-plastovy-s\/","og_site_name":"SHOPATOA","article_modified_time":"2026-02-03T17:38:54+00:00","og_image":[{"width":1800,"height":1800,"url":"https:\/\/shopatoa.com\/cz\/wp-content\/uploads\/2025\/02\/88d409df60f46_8595091799497.jpg","type":"image\/jpeg"}],"twitter_card":"summary_large_image","schema":{"@context":"https:\/\/schema.org","@graph":[{"@type":"WebPage","@id":"https:\/\/shopatoa.com\/cz\/kay-kartac-oboustranny-plastovy-s\/","url":"https:\/\/shopatoa.com\/cz\/kay-kartac-oboustranny-plastovy-s\/","name":"KAY Kart\u00e1\u010d oboustrann\u00fd plastov\u00fd S - SHOPATOA.COM","isPartOf":{"@id":"https:\/\/shopatoa.com\/cz\/#website"},"primaryImageOfPage":{"@id":"https:\/\/shopatoa.com\/cz\/kay-kartac-oboustranny-plastovy-s\/#primaryimage"},"image":{"@id":"https:\/\/shopatoa.com\/cz\/kay-kartac-oboustranny-plastovy-s\/#primaryimage"},"thumbnailUrl":"https:\/\/shopatoa.com\/cz\/wp-content\/uploads\/2025\/02\/88d409df60f46_8595091799497.jpg","datePublished":"2025-02-21T17:52:23+00:00","dateModified":"2026-02-03T17:38:54+00:00","breadcrumb":{"@id":"https:\/\/shopatoa.com\/cz\/kay-kartac-oboustranny-plastovy-s\/#breadcrumb"},"inLanguage":"cs","potentialAction":[{"@type":"ReadAction","target":["https:\/\/shopatoa.com\/cz\/kay-kartac-oboustranny-plastovy-s\/"]}]},{"@type":"ImageObject","inLanguage":"cs","@id":"https:\/\/shopatoa.com\/cz\/kay-kartac-oboustranny-plastovy-s\/#primaryimage","url":"https:\/\/shopatoa.com\/cz\/wp-content\/uploads\/2025\/02\/88d409df60f46_8595091799497.jpg","contentUrl":"https:\/\/shopatoa.com\/cz\/wp-content\/uploads\/2025\/02\/88d409df60f46_8595091799497.jpg","width":1800,"height":1800},{"@type":"BreadcrumbList","@id":"https:\/\/shopatoa.com\/cz\/kay-kartac-oboustranny-plastovy-s\/#breadcrumb","itemListElement":[{"@type":"ListItem","position":1,"name":"Dom\u016f","item":"https:\/\/shopatoa.com\/cz\/"},{"@type":"ListItem","position":2,"name":"Produkty","item":"https:\/\/shopatoa.com\/cz\/shop\/"},{"@type":"ListItem","position":3,"name":"Chovatelsk\u00e9 pot\u0159eby","item":"https:\/\/shopatoa.com\/cz\/chovatelske-potreby-2\/"},{"@type":"ListItem","position":4,"name":"Pro psy","item":"https:\/\/shopatoa.com\/cz\/pro-psy-chovatelske-potreby-2\/"},{"@type":"ListItem","position":5,"name":"Hygiena a kosmetika pro psy","item":"https:\/\/shopatoa.com\/cz\/hygiena-a-kosmetika-pro-psy\/"},{"@type":"ListItem","position":6,"name":"P\u00e9\u010de o ps\u00ed srst","item":"https:\/\/shopatoa.com\/cz\/pece-o-psi-srst\/"},{"@type":"ListItem","position":7,"name":"Kosmetika a \u00faprava psa","item":"https:\/\/shopatoa.com\/cz\/kosmetika-a-uprava-psa\/"},{"@type":"ListItem","position":8,"name":"KAY Kart\u00e1\u010d oboustrann\u00fd plastov\u00fd S"}]},{"@type":"WebSite","@id":"https:\/\/shopatoa.com\/cz\/#website","url":"https:\/\/shopatoa.com\/cz\/","name":"SHOPATOA","description":"","publisher":{"@id":"https:\/\/shopatoa.com\/cz\/#organization"},"potentialAction":[{"@type":"SearchAction","target":{"@type":"EntryPoint","urlTemplate":"https:\/\/shopatoa.com\/cz\/?s={search_term_string}"},"query-input":{"@type":"PropertyValueSpecification","valueRequired":true,"valueName":"search_term_string"}}],"inLanguage":"cs"},{"@type":"Organization","@id":"https:\/\/shopatoa.com\/cz\/#organization","name":"SHOPATOA Digital s.r.o.","url":"https:\/\/shopatoa.com\/cz\/","logo":{"@type":"ImageObject","inLanguage":"cs","@id":"https:\/\/shopatoa.com\/cz\/#\/schema\/logo\/image\/","url":"https:\/\/storage.googleapis.com\/cz-shopatoa-img\/cz\/ebccf434-shopatoa_logo.png","contentUrl":"https:\/\/storage.googleapis.com\/cz-shopatoa-img\/cz\/ebccf434-shopatoa_logo.png","width":416,"height":63,"caption":"SHOPATOA Digital s.r.o."},"image":{"@id":"https:\/\/shopatoa.com\/cz\/#\/schema\/logo\/image\/"}}]}},"_links":{"self":[{"href":"https:\/\/shopatoa.com\/cz\/wp-json\/wp\/v2\/product\/198281","targetHints":{"allow":["GET"]}}],"collection":[{"href":"https:\/\/shopatoa.com\/cz\/wp-json\/wp\/v2\/product"}],"about":[{"href":"https:\/\/shopatoa.com\/cz\/wp-json\/wp\/v2\/types\/product"}],"replies":[{"embeddable":true,"href":"https:\/\/shopatoa.com\/cz\/wp-json\/wp\/v2\/comments?post=198281"}],"wp:featuredmedia":[{"embeddable":true,"href":"https:\/\/shopatoa.com\/cz\/wp-json\/wp\/v2\/media\/198282"}],"wp:attachment":[{"href":"https:\/\/shopatoa.com\/cz\/wp-json\/wp\/v2\/media?parent=198281"}],"wp:term":[{"taxonomy":"product_brand","embeddable":true,"href":"https:\/\/shopatoa.com\/cz\/wp-json\/wp\/v2\/product_brand?post=198281"},{"taxonomy":"product_cat","embeddable":true,"href":"https:\/\/shopatoa.com\/cz\/wp-json\/wp\/v2\/product_cat?post=198281"},{"taxonomy":"product_tag","embeddable":true,"href":"https:\/\/shopatoa.com\/cz\/wp-json\/wp\/v2\/product_tag?post=198281"}],"curies":[{"name":"wp","href":"https:\/\/api.w.org\/{rel}","templated":true}]}}