{"id":198438,"date":"2025-02-21T19:01:59","date_gmt":"2025-02-21T18:01:59","guid":{"rendered":"https:\/\/shopatoa.com\/cz\/dog-fantasy-bludiste-proti-hltani-miska\/"},"modified":"2026-02-03T18:27:38","modified_gmt":"2026-02-03T17:27:38","slug":"dog-fantasy-bludiste-proti-hltani-miska","status":"publish","type":"product","link":"https:\/\/shopatoa.com\/cz\/dog-fantasy-bludiste-proti-hltani-miska\/","title":{"rendered":"Dog Fantasy Bludi\u0161t\u011b proti hlt\u00e1n\u00ed miska"},"content":{"rendered":"<p>Miska Bludi\u0161t\u011b proti hlt\u00e1n\u00ed od spole\u010dnosti Dog Fantasy \u2013 chytr\u00e1 a z\u00e1bavn\u00e1 miska pro pomalej\u0161\u00ed p\u0159\u00edjem krmiva.<\/p>\n","protected":false},"excerpt":{"rendered":"<p>Miska Bludi\u0161t\u011b proti hlt\u00e1n\u00ed od spole\u010dnosti Dog Fantasy \u2013 chytr\u00e1 a z\u00e1bavn\u00e1 miska pro pomalej\u0161\u00ed p\u0159\u00edjem krmiva.<\/p>\n","protected":false},"featured_media":198439,"comment_status":"closed","ping_status":"open","template":"","meta":{"_acf_changed":false,"_kadence_starter_templates_imported_post":false,"_kad_post_transparent":"","_kad_post_title":"","_kad_post_layout":"","_kad_post_sidebar_id":"","_kad_post_content_style":"","_kad_post_vertical_padding":"","_kad_post_feature":"","_kad_post_feature_position":"","_kad_post_header":false,"_kad_post_footer":false,"_kad_post_classname":""},"product_brand":[2039],"product_cat":[15],"product_tag":[],"class_list":{"0":"post-198438","1":"product","2":"type-product","3":"status-publish","4":"has-post-thumbnail","6":"product_brand-dog-fantasy","7":"product_cat-uncategorized","9":"first","10":"instock","11":"product-type-external","12":"entry","13":"content-bg","14":"loop-entry"},"acf":[],"yoast_head":"<!-- This site is optimized with the Yoast SEO plugin v27.4 - https:\/\/yoast.com\/product\/yoast-seo-wordpress\/ -->\n<title>Dog Fantasy Bludi\u0161t\u011b proti hlt\u00e1n\u00ed miska - SHOPATOA.COM<\/title>\n<meta name=\"robots\" content=\"index, follow, max-snippet:-1, max-image-preview:large, max-video-preview:-1\" \/>\n<link rel=\"canonical\" href=\"https:\/\/shopatoa.com\/cz\/dog-fantasy-bludiste-proti-hltani-miska\/\" \/>\n<meta property=\"og:locale\" content=\"cs_CZ\" \/>\n<meta property=\"og:type\" content=\"article\" \/>\n<meta property=\"og:title\" content=\"Dog Fantasy Bludi\u0161t\u011b proti hlt\u00e1n\u00ed miska - SHOPATOA.COM\" \/>\n<meta property=\"og:description\" content=\"Miska Bludi\u0161t\u011b proti hlt\u00e1n\u00ed od spole\u010dnosti Dog Fantasy \u2013 chytr\u00e1 a z\u00e1bavn\u00e1 miska pro pomalej\u0161\u00ed p\u0159\u00edjem krmiva.\" \/>\n<meta property=\"og:url\" content=\"https:\/\/shopatoa.com\/cz\/dog-fantasy-bludiste-proti-hltani-miska\/\" \/>\n<meta property=\"og:site_name\" content=\"SHOPATOA\" \/>\n<meta property=\"article:modified_time\" content=\"2026-02-03T17:27:38+00:00\" \/>\n<meta property=\"og:image\" content=\"https:\/\/shopatoa.com\/cz\/wp-content\/uploads\/2025\/02\/4efa746670f46_8595681811035.jpg\" \/>\n\t<meta property=\"og:image:width\" content=\"1800\" \/>\n\t<meta property=\"og:image:height\" content=\"1800\" \/>\n\t<meta property=\"og:image:type\" content=\"image\/jpeg\" \/>\n<meta name=\"twitter:card\" content=\"summary_large_image\" \/>\n<script type=\"application\/ld+json\" class=\"yoast-schema-graph\">{\"@context\":\"https:\\\/\\\/schema.org\",\"@graph\":[{\"@type\":\"WebPage\",\"@id\":\"https:\\\/\\\/shopatoa.com\\\/cz\\\/dog-fantasy-bludiste-proti-hltani-miska\\\/\",\"url\":\"https:\\\/\\\/shopatoa.com\\\/cz\\\/dog-fantasy-bludiste-proti-hltani-miska\\\/\",\"name\":\"Dog Fantasy Bludi\u0161t\u011b proti hlt\u00e1n\u00ed miska - SHOPATOA.COM\",\"isPartOf\":{\"@id\":\"https:\\\/\\\/shopatoa.com\\\/cz\\\/#website\"},\"primaryImageOfPage\":{\"@id\":\"https:\\\/\\\/shopatoa.com\\\/cz\\\/dog-fantasy-bludiste-proti-hltani-miska\\\/#primaryimage\"},\"image\":{\"@id\":\"https:\\\/\\\/shopatoa.com\\\/cz\\\/dog-fantasy-bludiste-proti-hltani-miska\\\/#primaryimage\"},\"thumbnailUrl\":\"https:\\\/\\\/shopatoa.com\\\/cz\\\/wp-content\\\/uploads\\\/2025\\\/02\\\/4efa746670f46_8595681811035.jpg\",\"datePublished\":\"2025-02-21T18:01:59+00:00\",\"dateModified\":\"2026-02-03T17:27:38+00:00\",\"breadcrumb\":{\"@id\":\"https:\\\/\\\/shopatoa.com\\\/cz\\\/dog-fantasy-bludiste-proti-hltani-miska\\\/#breadcrumb\"},\"inLanguage\":\"cs\",\"potentialAction\":[{\"@type\":\"ReadAction\",\"target\":[\"https:\\\/\\\/shopatoa.com\\\/cz\\\/dog-fantasy-bludiste-proti-hltani-miska\\\/\"]}]},{\"@type\":\"ImageObject\",\"inLanguage\":\"cs\",\"@id\":\"https:\\\/\\\/shopatoa.com\\\/cz\\\/dog-fantasy-bludiste-proti-hltani-miska\\\/#primaryimage\",\"url\":\"https:\\\/\\\/shopatoa.com\\\/cz\\\/wp-content\\\/uploads\\\/2025\\\/02\\\/4efa746670f46_8595681811035.jpg\",\"contentUrl\":\"https:\\\/\\\/shopatoa.com\\\/cz\\\/wp-content\\\/uploads\\\/2025\\\/02\\\/4efa746670f46_8595681811035.jpg\",\"width\":1800,\"height\":1800},{\"@type\":\"BreadcrumbList\",\"@id\":\"https:\\\/\\\/shopatoa.com\\\/cz\\\/dog-fantasy-bludiste-proti-hltani-miska\\\/#breadcrumb\",\"itemListElement\":[{\"@type\":\"ListItem\",\"position\":1,\"name\":\"Dom\u016f\",\"item\":\"https:\\\/\\\/shopatoa.com\\\/cz\\\/\"},{\"@type\":\"ListItem\",\"position\":2,\"name\":\"Produkty\",\"item\":\"https:\\\/\\\/shopatoa.com\\\/cz\\\/shop\\\/\"},{\"@type\":\"ListItem\",\"position\":3,\"name\":\"Uncategorized\",\"item\":\"https:\\\/\\\/shopatoa.com\\\/cz\\\/uncategorized\\\/\"},{\"@type\":\"ListItem\",\"position\":4,\"name\":\"Dog Fantasy Bludi\u0161t\u011b proti hlt\u00e1n\u00ed miska\"}]},{\"@type\":\"WebSite\",\"@id\":\"https:\\\/\\\/shopatoa.com\\\/cz\\\/#website\",\"url\":\"https:\\\/\\\/shopatoa.com\\\/cz\\\/\",\"name\":\"SHOPATOA\",\"description\":\"\",\"publisher\":{\"@id\":\"https:\\\/\\\/shopatoa.com\\\/cz\\\/#organization\"},\"potentialAction\":[{\"@type\":\"SearchAction\",\"target\":{\"@type\":\"EntryPoint\",\"urlTemplate\":\"https:\\\/\\\/shopatoa.com\\\/cz\\\/?s={search_term_string}\"},\"query-input\":{\"@type\":\"PropertyValueSpecification\",\"valueRequired\":true,\"valueName\":\"search_term_string\"}}],\"inLanguage\":\"cs\"},{\"@type\":\"Organization\",\"@id\":\"https:\\\/\\\/shopatoa.com\\\/cz\\\/#organization\",\"name\":\"SHOPATOA Digital s.r.o.\",\"url\":\"https:\\\/\\\/shopatoa.com\\\/cz\\\/\",\"logo\":{\"@type\":\"ImageObject\",\"inLanguage\":\"cs\",\"@id\":\"https:\\\/\\\/shopatoa.com\\\/cz\\\/#\\\/schema\\\/logo\\\/image\\\/\",\"url\":\"https:\\\/\\\/storage.googleapis.com\\\/cz-shopatoa-img\\\/cz\\\/ebccf434-shopatoa_logo.png\",\"contentUrl\":\"https:\\\/\\\/storage.googleapis.com\\\/cz-shopatoa-img\\\/cz\\\/ebccf434-shopatoa_logo.png\",\"width\":416,\"height\":63,\"caption\":\"SHOPATOA Digital s.r.o.\"},\"image\":{\"@id\":\"https:\\\/\\\/shopatoa.com\\\/cz\\\/#\\\/schema\\\/logo\\\/image\\\/\"}}]}<\/script>\n<!-- \/ Yoast SEO plugin. -->","yoast_head_json":{"title":"Dog Fantasy Bludi\u0161t\u011b proti hlt\u00e1n\u00ed miska - SHOPATOA.COM","robots":{"index":"index","follow":"follow","max-snippet":"max-snippet:-1","max-image-preview":"max-image-preview:large","max-video-preview":"max-video-preview:-1"},"canonical":"https:\/\/shopatoa.com\/cz\/dog-fantasy-bludiste-proti-hltani-miska\/","og_locale":"cs_CZ","og_type":"article","og_title":"Dog Fantasy Bludi\u0161t\u011b proti hlt\u00e1n\u00ed miska - SHOPATOA.COM","og_description":"Miska Bludi\u0161t\u011b proti hlt\u00e1n\u00ed od spole\u010dnosti Dog Fantasy \u2013 chytr\u00e1 a z\u00e1bavn\u00e1 miska pro pomalej\u0161\u00ed p\u0159\u00edjem krmiva.","og_url":"https:\/\/shopatoa.com\/cz\/dog-fantasy-bludiste-proti-hltani-miska\/","og_site_name":"SHOPATOA","article_modified_time":"2026-02-03T17:27:38+00:00","og_image":[{"width":1800,"height":1800,"url":"https:\/\/shopatoa.com\/cz\/wp-content\/uploads\/2025\/02\/4efa746670f46_8595681811035.jpg","type":"image\/jpeg"}],"twitter_card":"summary_large_image","schema":{"@context":"https:\/\/schema.org","@graph":[{"@type":"WebPage","@id":"https:\/\/shopatoa.com\/cz\/dog-fantasy-bludiste-proti-hltani-miska\/","url":"https:\/\/shopatoa.com\/cz\/dog-fantasy-bludiste-proti-hltani-miska\/","name":"Dog Fantasy Bludi\u0161t\u011b proti hlt\u00e1n\u00ed miska - SHOPATOA.COM","isPartOf":{"@id":"https:\/\/shopatoa.com\/cz\/#website"},"primaryImageOfPage":{"@id":"https:\/\/shopatoa.com\/cz\/dog-fantasy-bludiste-proti-hltani-miska\/#primaryimage"},"image":{"@id":"https:\/\/shopatoa.com\/cz\/dog-fantasy-bludiste-proti-hltani-miska\/#primaryimage"},"thumbnailUrl":"https:\/\/shopatoa.com\/cz\/wp-content\/uploads\/2025\/02\/4efa746670f46_8595681811035.jpg","datePublished":"2025-02-21T18:01:59+00:00","dateModified":"2026-02-03T17:27:38+00:00","breadcrumb":{"@id":"https:\/\/shopatoa.com\/cz\/dog-fantasy-bludiste-proti-hltani-miska\/#breadcrumb"},"inLanguage":"cs","potentialAction":[{"@type":"ReadAction","target":["https:\/\/shopatoa.com\/cz\/dog-fantasy-bludiste-proti-hltani-miska\/"]}]},{"@type":"ImageObject","inLanguage":"cs","@id":"https:\/\/shopatoa.com\/cz\/dog-fantasy-bludiste-proti-hltani-miska\/#primaryimage","url":"https:\/\/shopatoa.com\/cz\/wp-content\/uploads\/2025\/02\/4efa746670f46_8595681811035.jpg","contentUrl":"https:\/\/shopatoa.com\/cz\/wp-content\/uploads\/2025\/02\/4efa746670f46_8595681811035.jpg","width":1800,"height":1800},{"@type":"BreadcrumbList","@id":"https:\/\/shopatoa.com\/cz\/dog-fantasy-bludiste-proti-hltani-miska\/#breadcrumb","itemListElement":[{"@type":"ListItem","position":1,"name":"Dom\u016f","item":"https:\/\/shopatoa.com\/cz\/"},{"@type":"ListItem","position":2,"name":"Produkty","item":"https:\/\/shopatoa.com\/cz\/shop\/"},{"@type":"ListItem","position":3,"name":"Uncategorized","item":"https:\/\/shopatoa.com\/cz\/uncategorized\/"},{"@type":"ListItem","position":4,"name":"Dog Fantasy Bludi\u0161t\u011b proti hlt\u00e1n\u00ed miska"}]},{"@type":"WebSite","@id":"https:\/\/shopatoa.com\/cz\/#website","url":"https:\/\/shopatoa.com\/cz\/","name":"SHOPATOA","description":"","publisher":{"@id":"https:\/\/shopatoa.com\/cz\/#organization"},"potentialAction":[{"@type":"SearchAction","target":{"@type":"EntryPoint","urlTemplate":"https:\/\/shopatoa.com\/cz\/?s={search_term_string}"},"query-input":{"@type":"PropertyValueSpecification","valueRequired":true,"valueName":"search_term_string"}}],"inLanguage":"cs"},{"@type":"Organization","@id":"https:\/\/shopatoa.com\/cz\/#organization","name":"SHOPATOA Digital s.r.o.","url":"https:\/\/shopatoa.com\/cz\/","logo":{"@type":"ImageObject","inLanguage":"cs","@id":"https:\/\/shopatoa.com\/cz\/#\/schema\/logo\/image\/","url":"https:\/\/storage.googleapis.com\/cz-shopatoa-img\/cz\/ebccf434-shopatoa_logo.png","contentUrl":"https:\/\/storage.googleapis.com\/cz-shopatoa-img\/cz\/ebccf434-shopatoa_logo.png","width":416,"height":63,"caption":"SHOPATOA Digital s.r.o."},"image":{"@id":"https:\/\/shopatoa.com\/cz\/#\/schema\/logo\/image\/"}}]}},"_links":{"self":[{"href":"https:\/\/shopatoa.com\/cz\/wp-json\/wp\/v2\/product\/198438","targetHints":{"allow":["GET"]}}],"collection":[{"href":"https:\/\/shopatoa.com\/cz\/wp-json\/wp\/v2\/product"}],"about":[{"href":"https:\/\/shopatoa.com\/cz\/wp-json\/wp\/v2\/types\/product"}],"replies":[{"embeddable":true,"href":"https:\/\/shopatoa.com\/cz\/wp-json\/wp\/v2\/comments?post=198438"}],"wp:featuredmedia":[{"embeddable":true,"href":"https:\/\/shopatoa.com\/cz\/wp-json\/wp\/v2\/media\/198439"}],"wp:attachment":[{"href":"https:\/\/shopatoa.com\/cz\/wp-json\/wp\/v2\/media?parent=198438"}],"wp:term":[{"taxonomy":"product_brand","embeddable":true,"href":"https:\/\/shopatoa.com\/cz\/wp-json\/wp\/v2\/product_brand?post=198438"},{"taxonomy":"product_cat","embeddable":true,"href":"https:\/\/shopatoa.com\/cz\/wp-json\/wp\/v2\/product_cat?post=198438"},{"taxonomy":"product_tag","embeddable":true,"href":"https:\/\/shopatoa.com\/cz\/wp-json\/wp\/v2\/product_tag?post=198438"}],"curies":[{"name":"wp","href":"https:\/\/api.w.org\/{rel}","templated":true}]}}