{"id":199945,"date":"2025-02-21T20:19:50","date_gmt":"2025-02-21T19:19:50","guid":{"rendered":"https:\/\/shopatoa.com\/cz\/hb-dead-sea-minerals-sul-do-koupele-zluta-vanilka-500-g\/"},"modified":"2026-02-03T16:19:21","modified_gmt":"2026-02-03T15:19:21","slug":"hb-dead-sea-minerals-sul-do-koupele-zluta-vanilka-500-g","status":"publish","type":"product","link":"https:\/\/shopatoa.com\/cz\/hb-dead-sea-minerals-sul-do-koupele-zluta-vanilka-500-g\/","title":{"rendered":"H&amp;B Dead Sea Minerals S\u016fl do koupele \u017dlut\u00e1 vanilka 500 g"},"content":{"rendered":"<p>S\u016fl do koupele s v\u016fn\u00ed \u017elut\u00e9 vanilky H&amp;B Dead Sea Minerals odstra\u0148uje odum\u0159el\u00e9 bu\u0148ky z povrchu poko\u017eky, zjem\u0148uje a zvl\u00e1\u010d\u0148uje. Zklid\u0148uje podr\u00e1\u017ed\u011bn\u00ed.<\/p>\n","protected":false},"excerpt":{"rendered":"<p>S\u016fl do koupele s v\u016fn\u00ed \u017elut\u00e9 vanilky H&amp;B Dead Sea Minerals odstra\u0148uje odum\u0159el\u00e9 bu\u0148ky z povrchu poko\u017eky, zjem\u0148uje a zvl\u00e1\u010d\u0148uje. Zklid\u0148uje podr\u00e1\u017ed\u011bn\u00ed.<\/p>\n","protected":false},"featured_media":199946,"comment_status":"closed","ping_status":"open","template":"","meta":{"_acf_changed":false,"_kadence_starter_templates_imported_post":false,"_kad_post_transparent":"","_kad_post_title":"","_kad_post_layout":"","_kad_post_sidebar_id":"","_kad_post_content_style":"","_kad_post_vertical_padding":"","_kad_post_feature":"","_kad_post_feature_position":"","_kad_post_header":false,"_kad_post_footer":false,"_kad_post_classname":""},"product_brand":[2072],"product_cat":[370,371,378,340],"product_tag":[],"class_list":{"0":"post-199945","1":"product","2":"type-product","3":"status-publish","4":"has-post-thumbnail","6":"product_brand-hb-dead-sea-minerals","7":"product_cat-deti","8":"product_cat-detska-kosmetika-deti","9":"product_cat-detske-peny-do-koupele","10":"product_cat-kosmetika-a-parfemy","12":"first","13":"instock","14":"product-type-external","15":"entry","16":"content-bg","17":"loop-entry"},"acf":[],"yoast_head":"<!-- This site is optimized with the Yoast SEO plugin v27.3 - https:\/\/yoast.com\/product\/yoast-seo-wordpress\/ -->\n<title>H&amp;B Dead Sea Minerals S\u016fl do koupele \u017dlut\u00e1 vanilka 500 g - SHOPATOA.COM<\/title>\n<meta name=\"robots\" content=\"index, follow, max-snippet:-1, max-image-preview:large, max-video-preview:-1\" \/>\n<link rel=\"canonical\" href=\"https:\/\/shopatoa.com\/cz\/hb-dead-sea-minerals-sul-do-koupele-zluta-vanilka-500-g\/\" \/>\n<meta property=\"og:locale\" content=\"cs_CZ\" \/>\n<meta property=\"og:type\" content=\"article\" \/>\n<meta property=\"og:title\" content=\"H&amp;B Dead Sea Minerals S\u016fl do koupele \u017dlut\u00e1 vanilka 500 g - SHOPATOA.COM\" \/>\n<meta property=\"og:description\" content=\"S\u016fl do koupele s v\u016fn\u00ed \u017elut\u00e9 vanilky H&amp;B Dead Sea Minerals odstra\u0148uje odum\u0159el\u00e9 bu\u0148ky z povrchu poko\u017eky, zjem\u0148uje a zvl\u00e1\u010d\u0148uje. Zklid\u0148uje podr\u00e1\u017ed\u011bn\u00ed.\" \/>\n<meta property=\"og:url\" content=\"https:\/\/shopatoa.com\/cz\/hb-dead-sea-minerals-sul-do-koupele-zluta-vanilka-500-g\/\" \/>\n<meta property=\"og:site_name\" content=\"SHOPATOA\" \/>\n<meta property=\"article:modified_time\" content=\"2026-02-03T15:19:21+00:00\" \/>\n<meta property=\"og:image\" content=\"https:\/\/shopatoa.com\/cz\/wp-content\/uploads\/2025\/02\/7290012326523.png\" \/>\n\t<meta property=\"og:image:width\" content=\"800\" \/>\n\t<meta property=\"og:image:height\" content=\"800\" \/>\n\t<meta property=\"og:image:type\" content=\"image\/png\" \/>\n<meta name=\"twitter:card\" content=\"summary_large_image\" \/>\n<script type=\"application\/ld+json\" class=\"yoast-schema-graph\">{\"@context\":\"https:\\\/\\\/schema.org\",\"@graph\":[{\"@type\":\"WebPage\",\"@id\":\"https:\\\/\\\/shopatoa.com\\\/cz\\\/hb-dead-sea-minerals-sul-do-koupele-zluta-vanilka-500-g\\\/\",\"url\":\"https:\\\/\\\/shopatoa.com\\\/cz\\\/hb-dead-sea-minerals-sul-do-koupele-zluta-vanilka-500-g\\\/\",\"name\":\"H&B Dead Sea Minerals S\u016fl do koupele \u017dlut\u00e1 vanilka 500 g - SHOPATOA.COM\",\"isPartOf\":{\"@id\":\"https:\\\/\\\/shopatoa.com\\\/cz\\\/#website\"},\"primaryImageOfPage\":{\"@id\":\"https:\\\/\\\/shopatoa.com\\\/cz\\\/hb-dead-sea-minerals-sul-do-koupele-zluta-vanilka-500-g\\\/#primaryimage\"},\"image\":{\"@id\":\"https:\\\/\\\/shopatoa.com\\\/cz\\\/hb-dead-sea-minerals-sul-do-koupele-zluta-vanilka-500-g\\\/#primaryimage\"},\"thumbnailUrl\":\"https:\\\/\\\/shopatoa.com\\\/cz\\\/wp-content\\\/uploads\\\/2025\\\/02\\\/7290012326523.png\",\"datePublished\":\"2025-02-21T19:19:50+00:00\",\"dateModified\":\"2026-02-03T15:19:21+00:00\",\"breadcrumb\":{\"@id\":\"https:\\\/\\\/shopatoa.com\\\/cz\\\/hb-dead-sea-minerals-sul-do-koupele-zluta-vanilka-500-g\\\/#breadcrumb\"},\"inLanguage\":\"cs\",\"potentialAction\":[{\"@type\":\"ReadAction\",\"target\":[\"https:\\\/\\\/shopatoa.com\\\/cz\\\/hb-dead-sea-minerals-sul-do-koupele-zluta-vanilka-500-g\\\/\"]}]},{\"@type\":\"ImageObject\",\"inLanguage\":\"cs\",\"@id\":\"https:\\\/\\\/shopatoa.com\\\/cz\\\/hb-dead-sea-minerals-sul-do-koupele-zluta-vanilka-500-g\\\/#primaryimage\",\"url\":\"https:\\\/\\\/shopatoa.com\\\/cz\\\/wp-content\\\/uploads\\\/2025\\\/02\\\/7290012326523.png\",\"contentUrl\":\"https:\\\/\\\/shopatoa.com\\\/cz\\\/wp-content\\\/uploads\\\/2025\\\/02\\\/7290012326523.png\",\"width\":800,\"height\":800},{\"@type\":\"BreadcrumbList\",\"@id\":\"https:\\\/\\\/shopatoa.com\\\/cz\\\/hb-dead-sea-minerals-sul-do-koupele-zluta-vanilka-500-g\\\/#breadcrumb\",\"itemListElement\":[{\"@type\":\"ListItem\",\"position\":1,\"name\":\"Dom\u016f\",\"item\":\"https:\\\/\\\/shopatoa.com\\\/cz\\\/\"},{\"@type\":\"ListItem\",\"position\":2,\"name\":\"Produkty\",\"item\":\"https:\\\/\\\/shopatoa.com\\\/cz\\\/shop\\\/\"},{\"@type\":\"ListItem\",\"position\":3,\"name\":\"Kosmetika a parf\u00e9my\",\"item\":\"https:\\\/\\\/shopatoa.com\\\/cz\\\/kosmetika-a-parfemy\\\/\"},{\"@type\":\"ListItem\",\"position\":4,\"name\":\"D\u011bti\",\"item\":\"https:\\\/\\\/shopatoa.com\\\/cz\\\/deti\\\/\"},{\"@type\":\"ListItem\",\"position\":5,\"name\":\"D\u011btsk\u00e1 kosmetika\",\"item\":\"https:\\\/\\\/shopatoa.com\\\/cz\\\/detska-kosmetika-deti\\\/\"},{\"@type\":\"ListItem\",\"position\":6,\"name\":\"D\u011btsk\u00e9 p\u011bny do koupele\",\"item\":\"https:\\\/\\\/shopatoa.com\\\/cz\\\/detske-peny-do-koupele\\\/\"},{\"@type\":\"ListItem\",\"position\":7,\"name\":\"H&amp;B Dead Sea Minerals S\u016fl do koupele \u017dlut\u00e1 vanilka 500 g\"}]},{\"@type\":\"WebSite\",\"@id\":\"https:\\\/\\\/shopatoa.com\\\/cz\\\/#website\",\"url\":\"https:\\\/\\\/shopatoa.com\\\/cz\\\/\",\"name\":\"SHOPATOA\",\"description\":\"\",\"publisher\":{\"@id\":\"https:\\\/\\\/shopatoa.com\\\/cz\\\/#organization\"},\"potentialAction\":[{\"@type\":\"SearchAction\",\"target\":{\"@type\":\"EntryPoint\",\"urlTemplate\":\"https:\\\/\\\/shopatoa.com\\\/cz\\\/?s={search_term_string}\"},\"query-input\":{\"@type\":\"PropertyValueSpecification\",\"valueRequired\":true,\"valueName\":\"search_term_string\"}}],\"inLanguage\":\"cs\"},{\"@type\":\"Organization\",\"@id\":\"https:\\\/\\\/shopatoa.com\\\/cz\\\/#organization\",\"name\":\"SHOPATOA Digital s.r.o.\",\"url\":\"https:\\\/\\\/shopatoa.com\\\/cz\\\/\",\"logo\":{\"@type\":\"ImageObject\",\"inLanguage\":\"cs\",\"@id\":\"https:\\\/\\\/shopatoa.com\\\/cz\\\/#\\\/schema\\\/logo\\\/image\\\/\",\"url\":\"https:\\\/\\\/storage.googleapis.com\\\/cz-shopatoa-img\\\/cz\\\/ebccf434-shopatoa_logo.png\",\"contentUrl\":\"https:\\\/\\\/storage.googleapis.com\\\/cz-shopatoa-img\\\/cz\\\/ebccf434-shopatoa_logo.png\",\"width\":416,\"height\":63,\"caption\":\"SHOPATOA Digital s.r.o.\"},\"image\":{\"@id\":\"https:\\\/\\\/shopatoa.com\\\/cz\\\/#\\\/schema\\\/logo\\\/image\\\/\"}}]}<\/script>\n<!-- \/ Yoast SEO plugin. -->","yoast_head_json":{"title":"H&B Dead Sea Minerals S\u016fl do koupele \u017dlut\u00e1 vanilka 500 g - SHOPATOA.COM","robots":{"index":"index","follow":"follow","max-snippet":"max-snippet:-1","max-image-preview":"max-image-preview:large","max-video-preview":"max-video-preview:-1"},"canonical":"https:\/\/shopatoa.com\/cz\/hb-dead-sea-minerals-sul-do-koupele-zluta-vanilka-500-g\/","og_locale":"cs_CZ","og_type":"article","og_title":"H&B Dead Sea Minerals S\u016fl do koupele \u017dlut\u00e1 vanilka 500 g - SHOPATOA.COM","og_description":"S\u016fl do koupele s v\u016fn\u00ed \u017elut\u00e9 vanilky H&amp;B Dead Sea Minerals odstra\u0148uje odum\u0159el\u00e9 bu\u0148ky z povrchu poko\u017eky, zjem\u0148uje a zvl\u00e1\u010d\u0148uje. Zklid\u0148uje podr\u00e1\u017ed\u011bn\u00ed.","og_url":"https:\/\/shopatoa.com\/cz\/hb-dead-sea-minerals-sul-do-koupele-zluta-vanilka-500-g\/","og_site_name":"SHOPATOA","article_modified_time":"2026-02-03T15:19:21+00:00","og_image":[{"width":800,"height":800,"url":"https:\/\/shopatoa.com\/cz\/wp-content\/uploads\/2025\/02\/7290012326523.png","type":"image\/png"}],"twitter_card":"summary_large_image","schema":{"@context":"https:\/\/schema.org","@graph":[{"@type":"WebPage","@id":"https:\/\/shopatoa.com\/cz\/hb-dead-sea-minerals-sul-do-koupele-zluta-vanilka-500-g\/","url":"https:\/\/shopatoa.com\/cz\/hb-dead-sea-minerals-sul-do-koupele-zluta-vanilka-500-g\/","name":"H&B Dead Sea Minerals S\u016fl do koupele \u017dlut\u00e1 vanilka 500 g - SHOPATOA.COM","isPartOf":{"@id":"https:\/\/shopatoa.com\/cz\/#website"},"primaryImageOfPage":{"@id":"https:\/\/shopatoa.com\/cz\/hb-dead-sea-minerals-sul-do-koupele-zluta-vanilka-500-g\/#primaryimage"},"image":{"@id":"https:\/\/shopatoa.com\/cz\/hb-dead-sea-minerals-sul-do-koupele-zluta-vanilka-500-g\/#primaryimage"},"thumbnailUrl":"https:\/\/shopatoa.com\/cz\/wp-content\/uploads\/2025\/02\/7290012326523.png","datePublished":"2025-02-21T19:19:50+00:00","dateModified":"2026-02-03T15:19:21+00:00","breadcrumb":{"@id":"https:\/\/shopatoa.com\/cz\/hb-dead-sea-minerals-sul-do-koupele-zluta-vanilka-500-g\/#breadcrumb"},"inLanguage":"cs","potentialAction":[{"@type":"ReadAction","target":["https:\/\/shopatoa.com\/cz\/hb-dead-sea-minerals-sul-do-koupele-zluta-vanilka-500-g\/"]}]},{"@type":"ImageObject","inLanguage":"cs","@id":"https:\/\/shopatoa.com\/cz\/hb-dead-sea-minerals-sul-do-koupele-zluta-vanilka-500-g\/#primaryimage","url":"https:\/\/shopatoa.com\/cz\/wp-content\/uploads\/2025\/02\/7290012326523.png","contentUrl":"https:\/\/shopatoa.com\/cz\/wp-content\/uploads\/2025\/02\/7290012326523.png","width":800,"height":800},{"@type":"BreadcrumbList","@id":"https:\/\/shopatoa.com\/cz\/hb-dead-sea-minerals-sul-do-koupele-zluta-vanilka-500-g\/#breadcrumb","itemListElement":[{"@type":"ListItem","position":1,"name":"Dom\u016f","item":"https:\/\/shopatoa.com\/cz\/"},{"@type":"ListItem","position":2,"name":"Produkty","item":"https:\/\/shopatoa.com\/cz\/shop\/"},{"@type":"ListItem","position":3,"name":"Kosmetika a parf\u00e9my","item":"https:\/\/shopatoa.com\/cz\/kosmetika-a-parfemy\/"},{"@type":"ListItem","position":4,"name":"D\u011bti","item":"https:\/\/shopatoa.com\/cz\/deti\/"},{"@type":"ListItem","position":5,"name":"D\u011btsk\u00e1 kosmetika","item":"https:\/\/shopatoa.com\/cz\/detska-kosmetika-deti\/"},{"@type":"ListItem","position":6,"name":"D\u011btsk\u00e9 p\u011bny do koupele","item":"https:\/\/shopatoa.com\/cz\/detske-peny-do-koupele\/"},{"@type":"ListItem","position":7,"name":"H&amp;B Dead Sea Minerals S\u016fl do koupele \u017dlut\u00e1 vanilka 500 g"}]},{"@type":"WebSite","@id":"https:\/\/shopatoa.com\/cz\/#website","url":"https:\/\/shopatoa.com\/cz\/","name":"SHOPATOA","description":"","publisher":{"@id":"https:\/\/shopatoa.com\/cz\/#organization"},"potentialAction":[{"@type":"SearchAction","target":{"@type":"EntryPoint","urlTemplate":"https:\/\/shopatoa.com\/cz\/?s={search_term_string}"},"query-input":{"@type":"PropertyValueSpecification","valueRequired":true,"valueName":"search_term_string"}}],"inLanguage":"cs"},{"@type":"Organization","@id":"https:\/\/shopatoa.com\/cz\/#organization","name":"SHOPATOA Digital s.r.o.","url":"https:\/\/shopatoa.com\/cz\/","logo":{"@type":"ImageObject","inLanguage":"cs","@id":"https:\/\/shopatoa.com\/cz\/#\/schema\/logo\/image\/","url":"https:\/\/storage.googleapis.com\/cz-shopatoa-img\/cz\/ebccf434-shopatoa_logo.png","contentUrl":"https:\/\/storage.googleapis.com\/cz-shopatoa-img\/cz\/ebccf434-shopatoa_logo.png","width":416,"height":63,"caption":"SHOPATOA Digital s.r.o."},"image":{"@id":"https:\/\/shopatoa.com\/cz\/#\/schema\/logo\/image\/"}}]}},"_links":{"self":[{"href":"https:\/\/shopatoa.com\/cz\/wp-json\/wp\/v2\/product\/199945","targetHints":{"allow":["GET"]}}],"collection":[{"href":"https:\/\/shopatoa.com\/cz\/wp-json\/wp\/v2\/product"}],"about":[{"href":"https:\/\/shopatoa.com\/cz\/wp-json\/wp\/v2\/types\/product"}],"replies":[{"embeddable":true,"href":"https:\/\/shopatoa.com\/cz\/wp-json\/wp\/v2\/comments?post=199945"}],"wp:featuredmedia":[{"embeddable":true,"href":"https:\/\/shopatoa.com\/cz\/wp-json\/wp\/v2\/media\/199946"}],"wp:attachment":[{"href":"https:\/\/shopatoa.com\/cz\/wp-json\/wp\/v2\/media?parent=199945"}],"wp:term":[{"taxonomy":"product_brand","embeddable":true,"href":"https:\/\/shopatoa.com\/cz\/wp-json\/wp\/v2\/product_brand?post=199945"},{"taxonomy":"product_cat","embeddable":true,"href":"https:\/\/shopatoa.com\/cz\/wp-json\/wp\/v2\/product_cat?post=199945"},{"taxonomy":"product_tag","embeddable":true,"href":"https:\/\/shopatoa.com\/cz\/wp-json\/wp\/v2\/product_tag?post=199945"}],"curies":[{"name":"wp","href":"https:\/\/api.w.org\/{rel}","templated":true}]}}