{"id":201711,"date":"2025-02-21T21:51:24","date_gmt":"2025-02-21T20:51:24","guid":{"rendered":"https:\/\/shopatoa.com\/cz\/kneipp-wellness-moment-darkova-sada\/"},"modified":"2026-01-31T17:40:49","modified_gmt":"2026-01-31T16:40:49","slug":"kneipp-wellness-moment-darkova-sada","status":"publish","type":"product","link":"https:\/\/shopatoa.com\/cz\/kneipp-wellness-moment-darkova-sada\/","title":{"rendered":"Kneipp Wellness moment d\u00e1rkov\u00e1 sada"},"content":{"rendered":"<p>D\u00e1rkov\u00e1 sada Wellness moment Kneipp pro chvilky relaxace. Obsahuje mix t\u0159\u00ed vo\u0148av\u00fdch koupelov\u00fdch sol\u00ed s\u00a0pe\u010duj\u00edc\u00edmi oleji, kter\u00e9 v\u00e1m okam\u017eit\u011b zp\u0159\u00edjemn\u00ed den.<\/p>\n","protected":false},"excerpt":{"rendered":"<p>D\u00e1rkov\u00e1 sada Wellness moment Kneipp pro chvilky relaxace. Obsahuje mix t\u0159\u00ed vo\u0148av\u00fdch koupelov\u00fdch sol\u00ed s\u00a0pe\u010duj\u00edc\u00edmi oleji, kter\u00e9 v\u00e1m okam\u017eit\u011b zp\u0159\u00edjemn\u00ed den.<\/p>\n","protected":false},"featured_media":201712,"comment_status":"closed","ping_status":"open","template":"","meta":{"_acf_changed":false,"_kadence_starter_templates_imported_post":false,"_kad_post_transparent":"","_kad_post_title":"","_kad_post_layout":"","_kad_post_sidebar_id":"","_kad_post_content_style":"","_kad_post_vertical_padding":"","_kad_post_feature":"","_kad_post_feature_position":"","_kad_post_header":false,"_kad_post_footer":false,"_kad_post_classname":""},"product_brand":[502],"product_cat":[370,371,378,340],"product_tag":[],"class_list":{"0":"post-201711","1":"product","2":"type-product","3":"status-publish","4":"has-post-thumbnail","6":"product_brand-kneipp","7":"product_cat-deti","8":"product_cat-detska-kosmetika-deti","9":"product_cat-detske-peny-do-koupele","10":"product_cat-kosmetika-a-parfemy","12":"first","13":"instock","14":"sale","15":"product-type-external","16":"entry","17":"content-bg","18":"loop-entry"},"acf":[],"yoast_head":"<!-- This site is optimized with the Yoast SEO plugin v27.3 - https:\/\/yoast.com\/product\/yoast-seo-wordpress\/ -->\n<title>Kneipp Wellness moment d\u00e1rkov\u00e1 sada - SHOPATOA.COM<\/title>\n<meta name=\"robots\" content=\"index, follow, max-snippet:-1, max-image-preview:large, max-video-preview:-1\" \/>\n<link rel=\"canonical\" href=\"https:\/\/shopatoa.com\/cz\/kneipp-wellness-moment-darkova-sada\/\" \/>\n<meta property=\"og:locale\" content=\"cs_CZ\" \/>\n<meta property=\"og:type\" content=\"article\" \/>\n<meta property=\"og:title\" content=\"Kneipp Wellness moment d\u00e1rkov\u00e1 sada - SHOPATOA.COM\" \/>\n<meta property=\"og:description\" content=\"D\u00e1rkov\u00e1 sada Wellness moment Kneipp pro chvilky relaxace. Obsahuje mix t\u0159\u00ed vo\u0148av\u00fdch koupelov\u00fdch sol\u00ed s\u00a0pe\u010duj\u00edc\u00edmi oleji, kter\u00e9 v\u00e1m okam\u017eit\u011b zp\u0159\u00edjemn\u00ed den.\" \/>\n<meta property=\"og:url\" content=\"https:\/\/shopatoa.com\/cz\/kneipp-wellness-moment-darkova-sada\/\" \/>\n<meta property=\"og:site_name\" content=\"SHOPATOA\" \/>\n<meta property=\"article:modified_time\" content=\"2026-01-31T16:40:49+00:00\" \/>\n<meta property=\"og:image\" content=\"https:\/\/shopatoa.com\/cz\/wp-content\/uploads\/2025\/02\/4008233170718-kneipp-welnessmoment-darkoovebal-front.png\" \/>\n\t<meta property=\"og:image:width\" content=\"900\" \/>\n\t<meta property=\"og:image:height\" content=\"1200\" \/>\n\t<meta property=\"og:image:type\" content=\"image\/png\" \/>\n<meta name=\"twitter:card\" content=\"summary_large_image\" \/>\n<script type=\"application\/ld+json\" class=\"yoast-schema-graph\">{\"@context\":\"https:\\\/\\\/schema.org\",\"@graph\":[{\"@type\":\"WebPage\",\"@id\":\"https:\\\/\\\/shopatoa.com\\\/cz\\\/kneipp-wellness-moment-darkova-sada\\\/\",\"url\":\"https:\\\/\\\/shopatoa.com\\\/cz\\\/kneipp-wellness-moment-darkova-sada\\\/\",\"name\":\"Kneipp Wellness moment d\u00e1rkov\u00e1 sada - SHOPATOA.COM\",\"isPartOf\":{\"@id\":\"https:\\\/\\\/shopatoa.com\\\/cz\\\/#website\"},\"primaryImageOfPage\":{\"@id\":\"https:\\\/\\\/shopatoa.com\\\/cz\\\/kneipp-wellness-moment-darkova-sada\\\/#primaryimage\"},\"image\":{\"@id\":\"https:\\\/\\\/shopatoa.com\\\/cz\\\/kneipp-wellness-moment-darkova-sada\\\/#primaryimage\"},\"thumbnailUrl\":\"https:\\\/\\\/shopatoa.com\\\/cz\\\/wp-content\\\/uploads\\\/2025\\\/02\\\/4008233170718-kneipp-welnessmoment-darkoovebal-front.png\",\"datePublished\":\"2025-02-21T20:51:24+00:00\",\"dateModified\":\"2026-01-31T16:40:49+00:00\",\"breadcrumb\":{\"@id\":\"https:\\\/\\\/shopatoa.com\\\/cz\\\/kneipp-wellness-moment-darkova-sada\\\/#breadcrumb\"},\"inLanguage\":\"cs\",\"potentialAction\":[{\"@type\":\"ReadAction\",\"target\":[\"https:\\\/\\\/shopatoa.com\\\/cz\\\/kneipp-wellness-moment-darkova-sada\\\/\"]}]},{\"@type\":\"ImageObject\",\"inLanguage\":\"cs\",\"@id\":\"https:\\\/\\\/shopatoa.com\\\/cz\\\/kneipp-wellness-moment-darkova-sada\\\/#primaryimage\",\"url\":\"https:\\\/\\\/shopatoa.com\\\/cz\\\/wp-content\\\/uploads\\\/2025\\\/02\\\/4008233170718-kneipp-welnessmoment-darkoovebal-front.png\",\"contentUrl\":\"https:\\\/\\\/shopatoa.com\\\/cz\\\/wp-content\\\/uploads\\\/2025\\\/02\\\/4008233170718-kneipp-welnessmoment-darkoovebal-front.png\",\"width\":900,\"height\":1200},{\"@type\":\"BreadcrumbList\",\"@id\":\"https:\\\/\\\/shopatoa.com\\\/cz\\\/kneipp-wellness-moment-darkova-sada\\\/#breadcrumb\",\"itemListElement\":[{\"@type\":\"ListItem\",\"position\":1,\"name\":\"Dom\u016f\",\"item\":\"https:\\\/\\\/shopatoa.com\\\/cz\\\/\"},{\"@type\":\"ListItem\",\"position\":2,\"name\":\"Produkty\",\"item\":\"https:\\\/\\\/shopatoa.com\\\/cz\\\/shop\\\/\"},{\"@type\":\"ListItem\",\"position\":3,\"name\":\"Kosmetika a parf\u00e9my\",\"item\":\"https:\\\/\\\/shopatoa.com\\\/cz\\\/kosmetika-a-parfemy\\\/\"},{\"@type\":\"ListItem\",\"position\":4,\"name\":\"D\u011bti\",\"item\":\"https:\\\/\\\/shopatoa.com\\\/cz\\\/deti\\\/\"},{\"@type\":\"ListItem\",\"position\":5,\"name\":\"D\u011btsk\u00e1 kosmetika\",\"item\":\"https:\\\/\\\/shopatoa.com\\\/cz\\\/detska-kosmetika-deti\\\/\"},{\"@type\":\"ListItem\",\"position\":6,\"name\":\"D\u011btsk\u00e9 p\u011bny do koupele\",\"item\":\"https:\\\/\\\/shopatoa.com\\\/cz\\\/detske-peny-do-koupele\\\/\"},{\"@type\":\"ListItem\",\"position\":7,\"name\":\"Kneipp Wellness moment d\u00e1rkov\u00e1 sada\"}]},{\"@type\":\"WebSite\",\"@id\":\"https:\\\/\\\/shopatoa.com\\\/cz\\\/#website\",\"url\":\"https:\\\/\\\/shopatoa.com\\\/cz\\\/\",\"name\":\"SHOPATOA\",\"description\":\"\",\"publisher\":{\"@id\":\"https:\\\/\\\/shopatoa.com\\\/cz\\\/#organization\"},\"potentialAction\":[{\"@type\":\"SearchAction\",\"target\":{\"@type\":\"EntryPoint\",\"urlTemplate\":\"https:\\\/\\\/shopatoa.com\\\/cz\\\/?s={search_term_string}\"},\"query-input\":{\"@type\":\"PropertyValueSpecification\",\"valueRequired\":true,\"valueName\":\"search_term_string\"}}],\"inLanguage\":\"cs\"},{\"@type\":\"Organization\",\"@id\":\"https:\\\/\\\/shopatoa.com\\\/cz\\\/#organization\",\"name\":\"SHOPATOA Digital s.r.o.\",\"url\":\"https:\\\/\\\/shopatoa.com\\\/cz\\\/\",\"logo\":{\"@type\":\"ImageObject\",\"inLanguage\":\"cs\",\"@id\":\"https:\\\/\\\/shopatoa.com\\\/cz\\\/#\\\/schema\\\/logo\\\/image\\\/\",\"url\":\"https:\\\/\\\/storage.googleapis.com\\\/cz-shopatoa-img\\\/cz\\\/ebccf434-shopatoa_logo.png\",\"contentUrl\":\"https:\\\/\\\/storage.googleapis.com\\\/cz-shopatoa-img\\\/cz\\\/ebccf434-shopatoa_logo.png\",\"width\":416,\"height\":63,\"caption\":\"SHOPATOA Digital s.r.o.\"},\"image\":{\"@id\":\"https:\\\/\\\/shopatoa.com\\\/cz\\\/#\\\/schema\\\/logo\\\/image\\\/\"}}]}<\/script>\n<!-- \/ Yoast SEO plugin. -->","yoast_head_json":{"title":"Kneipp Wellness moment d\u00e1rkov\u00e1 sada - SHOPATOA.COM","robots":{"index":"index","follow":"follow","max-snippet":"max-snippet:-1","max-image-preview":"max-image-preview:large","max-video-preview":"max-video-preview:-1"},"canonical":"https:\/\/shopatoa.com\/cz\/kneipp-wellness-moment-darkova-sada\/","og_locale":"cs_CZ","og_type":"article","og_title":"Kneipp Wellness moment d\u00e1rkov\u00e1 sada - SHOPATOA.COM","og_description":"D\u00e1rkov\u00e1 sada Wellness moment Kneipp pro chvilky relaxace. Obsahuje mix t\u0159\u00ed vo\u0148av\u00fdch koupelov\u00fdch sol\u00ed s\u00a0pe\u010duj\u00edc\u00edmi oleji, kter\u00e9 v\u00e1m okam\u017eit\u011b zp\u0159\u00edjemn\u00ed den.","og_url":"https:\/\/shopatoa.com\/cz\/kneipp-wellness-moment-darkova-sada\/","og_site_name":"SHOPATOA","article_modified_time":"2026-01-31T16:40:49+00:00","og_image":[{"width":900,"height":1200,"url":"https:\/\/shopatoa.com\/cz\/wp-content\/uploads\/2025\/02\/4008233170718-kneipp-welnessmoment-darkoovebal-front.png","type":"image\/png"}],"twitter_card":"summary_large_image","schema":{"@context":"https:\/\/schema.org","@graph":[{"@type":"WebPage","@id":"https:\/\/shopatoa.com\/cz\/kneipp-wellness-moment-darkova-sada\/","url":"https:\/\/shopatoa.com\/cz\/kneipp-wellness-moment-darkova-sada\/","name":"Kneipp Wellness moment d\u00e1rkov\u00e1 sada - SHOPATOA.COM","isPartOf":{"@id":"https:\/\/shopatoa.com\/cz\/#website"},"primaryImageOfPage":{"@id":"https:\/\/shopatoa.com\/cz\/kneipp-wellness-moment-darkova-sada\/#primaryimage"},"image":{"@id":"https:\/\/shopatoa.com\/cz\/kneipp-wellness-moment-darkova-sada\/#primaryimage"},"thumbnailUrl":"https:\/\/shopatoa.com\/cz\/wp-content\/uploads\/2025\/02\/4008233170718-kneipp-welnessmoment-darkoovebal-front.png","datePublished":"2025-02-21T20:51:24+00:00","dateModified":"2026-01-31T16:40:49+00:00","breadcrumb":{"@id":"https:\/\/shopatoa.com\/cz\/kneipp-wellness-moment-darkova-sada\/#breadcrumb"},"inLanguage":"cs","potentialAction":[{"@type":"ReadAction","target":["https:\/\/shopatoa.com\/cz\/kneipp-wellness-moment-darkova-sada\/"]}]},{"@type":"ImageObject","inLanguage":"cs","@id":"https:\/\/shopatoa.com\/cz\/kneipp-wellness-moment-darkova-sada\/#primaryimage","url":"https:\/\/shopatoa.com\/cz\/wp-content\/uploads\/2025\/02\/4008233170718-kneipp-welnessmoment-darkoovebal-front.png","contentUrl":"https:\/\/shopatoa.com\/cz\/wp-content\/uploads\/2025\/02\/4008233170718-kneipp-welnessmoment-darkoovebal-front.png","width":900,"height":1200},{"@type":"BreadcrumbList","@id":"https:\/\/shopatoa.com\/cz\/kneipp-wellness-moment-darkova-sada\/#breadcrumb","itemListElement":[{"@type":"ListItem","position":1,"name":"Dom\u016f","item":"https:\/\/shopatoa.com\/cz\/"},{"@type":"ListItem","position":2,"name":"Produkty","item":"https:\/\/shopatoa.com\/cz\/shop\/"},{"@type":"ListItem","position":3,"name":"Kosmetika a parf\u00e9my","item":"https:\/\/shopatoa.com\/cz\/kosmetika-a-parfemy\/"},{"@type":"ListItem","position":4,"name":"D\u011bti","item":"https:\/\/shopatoa.com\/cz\/deti\/"},{"@type":"ListItem","position":5,"name":"D\u011btsk\u00e1 kosmetika","item":"https:\/\/shopatoa.com\/cz\/detska-kosmetika-deti\/"},{"@type":"ListItem","position":6,"name":"D\u011btsk\u00e9 p\u011bny do koupele","item":"https:\/\/shopatoa.com\/cz\/detske-peny-do-koupele\/"},{"@type":"ListItem","position":7,"name":"Kneipp Wellness moment d\u00e1rkov\u00e1 sada"}]},{"@type":"WebSite","@id":"https:\/\/shopatoa.com\/cz\/#website","url":"https:\/\/shopatoa.com\/cz\/","name":"SHOPATOA","description":"","publisher":{"@id":"https:\/\/shopatoa.com\/cz\/#organization"},"potentialAction":[{"@type":"SearchAction","target":{"@type":"EntryPoint","urlTemplate":"https:\/\/shopatoa.com\/cz\/?s={search_term_string}"},"query-input":{"@type":"PropertyValueSpecification","valueRequired":true,"valueName":"search_term_string"}}],"inLanguage":"cs"},{"@type":"Organization","@id":"https:\/\/shopatoa.com\/cz\/#organization","name":"SHOPATOA Digital s.r.o.","url":"https:\/\/shopatoa.com\/cz\/","logo":{"@type":"ImageObject","inLanguage":"cs","@id":"https:\/\/shopatoa.com\/cz\/#\/schema\/logo\/image\/","url":"https:\/\/storage.googleapis.com\/cz-shopatoa-img\/cz\/ebccf434-shopatoa_logo.png","contentUrl":"https:\/\/storage.googleapis.com\/cz-shopatoa-img\/cz\/ebccf434-shopatoa_logo.png","width":416,"height":63,"caption":"SHOPATOA Digital s.r.o."},"image":{"@id":"https:\/\/shopatoa.com\/cz\/#\/schema\/logo\/image\/"}}]}},"_links":{"self":[{"href":"https:\/\/shopatoa.com\/cz\/wp-json\/wp\/v2\/product\/201711","targetHints":{"allow":["GET"]}}],"collection":[{"href":"https:\/\/shopatoa.com\/cz\/wp-json\/wp\/v2\/product"}],"about":[{"href":"https:\/\/shopatoa.com\/cz\/wp-json\/wp\/v2\/types\/product"}],"replies":[{"embeddable":true,"href":"https:\/\/shopatoa.com\/cz\/wp-json\/wp\/v2\/comments?post=201711"}],"wp:featuredmedia":[{"embeddable":true,"href":"https:\/\/shopatoa.com\/cz\/wp-json\/wp\/v2\/media\/201712"}],"wp:attachment":[{"href":"https:\/\/shopatoa.com\/cz\/wp-json\/wp\/v2\/media?parent=201711"}],"wp:term":[{"taxonomy":"product_brand","embeddable":true,"href":"https:\/\/shopatoa.com\/cz\/wp-json\/wp\/v2\/product_brand?post=201711"},{"taxonomy":"product_cat","embeddable":true,"href":"https:\/\/shopatoa.com\/cz\/wp-json\/wp\/v2\/product_cat?post=201711"},{"taxonomy":"product_tag","embeddable":true,"href":"https:\/\/shopatoa.com\/cz\/wp-json\/wp\/v2\/product_tag?post=201711"}],"curies":[{"name":"wp","href":"https:\/\/api.w.org\/{rel}","templated":true}]}}