{"id":236704,"date":"2025-03-06T05:38:03","date_gmt":"2025-03-06T04:38:03","guid":{"rendered":"https:\/\/shopatoa.com\/cz\/lauben-t17bg-toaster\/"},"modified":"2026-02-04T17:11:17","modified_gmt":"2026-02-04T16:11:17","slug":"lauben-t17bg-toaster","status":"publish","type":"product","link":"https:\/\/shopatoa.com\/cz\/lauben-t17bg-toaster\/","title":{"rendered":"Lauben T17BG toaster"},"content":{"rendered":"<p>Toustova\u010d Lauben T17BG toaster nab\u00edz\u00ed 7 stup\u0148\u016f ope\u010den\u00ed, proces op\u00e9k\u00e1n\u00ed m\u016f\u017eete kdykoli zastavit tla\u010d\u00edtkem Cancel, oh\u0159\u00e1t ope\u010den\u00e9 pe\u010divo pomoc\u00ed funkce Reheat nebo rozmrazit funkc\u00ed Defrost.<\/p>\n","protected":false},"excerpt":{"rendered":"<p>Toustova\u010d Lauben T17BG toaster nab\u00edz\u00ed 7 stup\u0148\u016f ope\u010den\u00ed, proces op\u00e9k\u00e1n\u00ed m\u016f\u017eete kdykoli zastavit tla\u010d\u00edtkem Cancel, oh\u0159\u00e1t ope\u010den\u00e9 pe\u010divo pomoc\u00ed funkce Reheat nebo rozmrazit funkc\u00ed Defrost.<\/p>\n","protected":false},"featured_media":236705,"comment_status":"closed","ping_status":"open","template":"","meta":{"_acf_changed":false,"_kadence_starter_templates_imported_post":false,"_kad_post_transparent":"","_kad_post_title":"","_kad_post_layout":"","_kad_post_sidebar_id":"","_kad_post_content_style":"","_kad_post_vertical_padding":"","_kad_post_feature":"","_kad_post_feature_position":"","_kad_post_header":false,"_kad_post_footer":false,"_kad_post_classname":""},"product_brand":[2447],"product_cat":[15],"product_tag":[],"class_list":{"0":"post-236704","1":"product","2":"type-product","3":"status-publish","4":"has-post-thumbnail","6":"product_brand-lauben","7":"product_cat-uncategorized","9":"first","10":"instock","11":"product-type-external","12":"entry","13":"content-bg","14":"loop-entry"},"acf":[],"yoast_head":"<!-- This site is optimized with the Yoast SEO plugin v27.4 - https:\/\/yoast.com\/product\/yoast-seo-wordpress\/ -->\n<title>Lauben T17BG toaster - SHOPATOA.COM<\/title>\n<meta name=\"robots\" content=\"index, follow, max-snippet:-1, max-image-preview:large, max-video-preview:-1\" \/>\n<link rel=\"canonical\" href=\"https:\/\/shopatoa.com\/cz\/lauben-t17bg-toaster\/\" \/>\n<meta property=\"og:locale\" content=\"cs_CZ\" \/>\n<meta property=\"og:type\" content=\"article\" \/>\n<meta property=\"og:title\" content=\"Lauben T17BG toaster - SHOPATOA.COM\" \/>\n<meta property=\"og:description\" content=\"Toustova\u010d Lauben T17BG toaster nab\u00edz\u00ed 7 stup\u0148\u016f ope\u010den\u00ed, proces op\u00e9k\u00e1n\u00ed m\u016f\u017eete kdykoli zastavit tla\u010d\u00edtkem Cancel, oh\u0159\u00e1t ope\u010den\u00e9 pe\u010divo pomoc\u00ed funkce Reheat nebo rozmrazit funkc\u00ed Defrost.\" \/>\n<meta property=\"og:url\" content=\"https:\/\/shopatoa.com\/cz\/lauben-t17bg-toaster\/\" \/>\n<meta property=\"og:site_name\" content=\"SHOPATOA\" \/>\n<meta property=\"article:modified_time\" content=\"2026-02-04T16:11:17+00:00\" \/>\n<meta property=\"og:image\" content=\"https:\/\/shopatoa.com\/cz\/wp-content\/uploads\/2025\/03\/01_lauben_toaster_t17bg_mainproductphoto.jpg\" \/>\n\t<meta property=\"og:image:width\" content=\"1200\" \/>\n\t<meta property=\"og:image:height\" content=\"1200\" \/>\n\t<meta property=\"og:image:type\" content=\"image\/jpeg\" \/>\n<meta name=\"twitter:card\" content=\"summary_large_image\" \/>\n<script type=\"application\/ld+json\" class=\"yoast-schema-graph\">{\"@context\":\"https:\\\/\\\/schema.org\",\"@graph\":[{\"@type\":\"WebPage\",\"@id\":\"https:\\\/\\\/shopatoa.com\\\/cz\\\/lauben-t17bg-toaster\\\/\",\"url\":\"https:\\\/\\\/shopatoa.com\\\/cz\\\/lauben-t17bg-toaster\\\/\",\"name\":\"Lauben T17BG toaster - SHOPATOA.COM\",\"isPartOf\":{\"@id\":\"https:\\\/\\\/shopatoa.com\\\/cz\\\/#website\"},\"primaryImageOfPage\":{\"@id\":\"https:\\\/\\\/shopatoa.com\\\/cz\\\/lauben-t17bg-toaster\\\/#primaryimage\"},\"image\":{\"@id\":\"https:\\\/\\\/shopatoa.com\\\/cz\\\/lauben-t17bg-toaster\\\/#primaryimage\"},\"thumbnailUrl\":\"https:\\\/\\\/shopatoa.com\\\/cz\\\/wp-content\\\/uploads\\\/2025\\\/03\\\/01_lauben_toaster_t17bg_mainproductphoto.jpg\",\"datePublished\":\"2025-03-06T04:38:03+00:00\",\"dateModified\":\"2026-02-04T16:11:17+00:00\",\"breadcrumb\":{\"@id\":\"https:\\\/\\\/shopatoa.com\\\/cz\\\/lauben-t17bg-toaster\\\/#breadcrumb\"},\"inLanguage\":\"cs\",\"potentialAction\":[{\"@type\":\"ReadAction\",\"target\":[\"https:\\\/\\\/shopatoa.com\\\/cz\\\/lauben-t17bg-toaster\\\/\"]}]},{\"@type\":\"ImageObject\",\"inLanguage\":\"cs\",\"@id\":\"https:\\\/\\\/shopatoa.com\\\/cz\\\/lauben-t17bg-toaster\\\/#primaryimage\",\"url\":\"https:\\\/\\\/shopatoa.com\\\/cz\\\/wp-content\\\/uploads\\\/2025\\\/03\\\/01_lauben_toaster_t17bg_mainproductphoto.jpg\",\"contentUrl\":\"https:\\\/\\\/shopatoa.com\\\/cz\\\/wp-content\\\/uploads\\\/2025\\\/03\\\/01_lauben_toaster_t17bg_mainproductphoto.jpg\",\"width\":1200,\"height\":1200},{\"@type\":\"BreadcrumbList\",\"@id\":\"https:\\\/\\\/shopatoa.com\\\/cz\\\/lauben-t17bg-toaster\\\/#breadcrumb\",\"itemListElement\":[{\"@type\":\"ListItem\",\"position\":1,\"name\":\"Dom\u016f\",\"item\":\"https:\\\/\\\/shopatoa.com\\\/cz\\\/\"},{\"@type\":\"ListItem\",\"position\":2,\"name\":\"Produkty\",\"item\":\"https:\\\/\\\/shopatoa.com\\\/cz\\\/shop\\\/\"},{\"@type\":\"ListItem\",\"position\":3,\"name\":\"Uncategorized\",\"item\":\"https:\\\/\\\/shopatoa.com\\\/cz\\\/uncategorized\\\/\"},{\"@type\":\"ListItem\",\"position\":4,\"name\":\"Lauben T17BG toaster\"}]},{\"@type\":\"WebSite\",\"@id\":\"https:\\\/\\\/shopatoa.com\\\/cz\\\/#website\",\"url\":\"https:\\\/\\\/shopatoa.com\\\/cz\\\/\",\"name\":\"SHOPATOA\",\"description\":\"\",\"publisher\":{\"@id\":\"https:\\\/\\\/shopatoa.com\\\/cz\\\/#organization\"},\"potentialAction\":[{\"@type\":\"SearchAction\",\"target\":{\"@type\":\"EntryPoint\",\"urlTemplate\":\"https:\\\/\\\/shopatoa.com\\\/cz\\\/?s={search_term_string}\"},\"query-input\":{\"@type\":\"PropertyValueSpecification\",\"valueRequired\":true,\"valueName\":\"search_term_string\"}}],\"inLanguage\":\"cs\"},{\"@type\":\"Organization\",\"@id\":\"https:\\\/\\\/shopatoa.com\\\/cz\\\/#organization\",\"name\":\"SHOPATOA Digital s.r.o.\",\"url\":\"https:\\\/\\\/shopatoa.com\\\/cz\\\/\",\"logo\":{\"@type\":\"ImageObject\",\"inLanguage\":\"cs\",\"@id\":\"https:\\\/\\\/shopatoa.com\\\/cz\\\/#\\\/schema\\\/logo\\\/image\\\/\",\"url\":\"https:\\\/\\\/storage.googleapis.com\\\/cz-shopatoa-img\\\/cz\\\/ebccf434-shopatoa_logo.png\",\"contentUrl\":\"https:\\\/\\\/storage.googleapis.com\\\/cz-shopatoa-img\\\/cz\\\/ebccf434-shopatoa_logo.png\",\"width\":416,\"height\":63,\"caption\":\"SHOPATOA Digital s.r.o.\"},\"image\":{\"@id\":\"https:\\\/\\\/shopatoa.com\\\/cz\\\/#\\\/schema\\\/logo\\\/image\\\/\"}}]}<\/script>\n<!-- \/ Yoast SEO plugin. -->","yoast_head_json":{"title":"Lauben T17BG toaster - SHOPATOA.COM","robots":{"index":"index","follow":"follow","max-snippet":"max-snippet:-1","max-image-preview":"max-image-preview:large","max-video-preview":"max-video-preview:-1"},"canonical":"https:\/\/shopatoa.com\/cz\/lauben-t17bg-toaster\/","og_locale":"cs_CZ","og_type":"article","og_title":"Lauben T17BG toaster - SHOPATOA.COM","og_description":"Toustova\u010d Lauben T17BG toaster nab\u00edz\u00ed 7 stup\u0148\u016f ope\u010den\u00ed, proces op\u00e9k\u00e1n\u00ed m\u016f\u017eete kdykoli zastavit tla\u010d\u00edtkem Cancel, oh\u0159\u00e1t ope\u010den\u00e9 pe\u010divo pomoc\u00ed funkce Reheat nebo rozmrazit funkc\u00ed Defrost.","og_url":"https:\/\/shopatoa.com\/cz\/lauben-t17bg-toaster\/","og_site_name":"SHOPATOA","article_modified_time":"2026-02-04T16:11:17+00:00","og_image":[{"width":1200,"height":1200,"url":"https:\/\/shopatoa.com\/cz\/wp-content\/uploads\/2025\/03\/01_lauben_toaster_t17bg_mainproductphoto.jpg","type":"image\/jpeg"}],"twitter_card":"summary_large_image","schema":{"@context":"https:\/\/schema.org","@graph":[{"@type":"WebPage","@id":"https:\/\/shopatoa.com\/cz\/lauben-t17bg-toaster\/","url":"https:\/\/shopatoa.com\/cz\/lauben-t17bg-toaster\/","name":"Lauben T17BG toaster - SHOPATOA.COM","isPartOf":{"@id":"https:\/\/shopatoa.com\/cz\/#website"},"primaryImageOfPage":{"@id":"https:\/\/shopatoa.com\/cz\/lauben-t17bg-toaster\/#primaryimage"},"image":{"@id":"https:\/\/shopatoa.com\/cz\/lauben-t17bg-toaster\/#primaryimage"},"thumbnailUrl":"https:\/\/shopatoa.com\/cz\/wp-content\/uploads\/2025\/03\/01_lauben_toaster_t17bg_mainproductphoto.jpg","datePublished":"2025-03-06T04:38:03+00:00","dateModified":"2026-02-04T16:11:17+00:00","breadcrumb":{"@id":"https:\/\/shopatoa.com\/cz\/lauben-t17bg-toaster\/#breadcrumb"},"inLanguage":"cs","potentialAction":[{"@type":"ReadAction","target":["https:\/\/shopatoa.com\/cz\/lauben-t17bg-toaster\/"]}]},{"@type":"ImageObject","inLanguage":"cs","@id":"https:\/\/shopatoa.com\/cz\/lauben-t17bg-toaster\/#primaryimage","url":"https:\/\/shopatoa.com\/cz\/wp-content\/uploads\/2025\/03\/01_lauben_toaster_t17bg_mainproductphoto.jpg","contentUrl":"https:\/\/shopatoa.com\/cz\/wp-content\/uploads\/2025\/03\/01_lauben_toaster_t17bg_mainproductphoto.jpg","width":1200,"height":1200},{"@type":"BreadcrumbList","@id":"https:\/\/shopatoa.com\/cz\/lauben-t17bg-toaster\/#breadcrumb","itemListElement":[{"@type":"ListItem","position":1,"name":"Dom\u016f","item":"https:\/\/shopatoa.com\/cz\/"},{"@type":"ListItem","position":2,"name":"Produkty","item":"https:\/\/shopatoa.com\/cz\/shop\/"},{"@type":"ListItem","position":3,"name":"Uncategorized","item":"https:\/\/shopatoa.com\/cz\/uncategorized\/"},{"@type":"ListItem","position":4,"name":"Lauben T17BG toaster"}]},{"@type":"WebSite","@id":"https:\/\/shopatoa.com\/cz\/#website","url":"https:\/\/shopatoa.com\/cz\/","name":"SHOPATOA","description":"","publisher":{"@id":"https:\/\/shopatoa.com\/cz\/#organization"},"potentialAction":[{"@type":"SearchAction","target":{"@type":"EntryPoint","urlTemplate":"https:\/\/shopatoa.com\/cz\/?s={search_term_string}"},"query-input":{"@type":"PropertyValueSpecification","valueRequired":true,"valueName":"search_term_string"}}],"inLanguage":"cs"},{"@type":"Organization","@id":"https:\/\/shopatoa.com\/cz\/#organization","name":"SHOPATOA Digital s.r.o.","url":"https:\/\/shopatoa.com\/cz\/","logo":{"@type":"ImageObject","inLanguage":"cs","@id":"https:\/\/shopatoa.com\/cz\/#\/schema\/logo\/image\/","url":"https:\/\/storage.googleapis.com\/cz-shopatoa-img\/cz\/ebccf434-shopatoa_logo.png","contentUrl":"https:\/\/storage.googleapis.com\/cz-shopatoa-img\/cz\/ebccf434-shopatoa_logo.png","width":416,"height":63,"caption":"SHOPATOA Digital s.r.o."},"image":{"@id":"https:\/\/shopatoa.com\/cz\/#\/schema\/logo\/image\/"}}]}},"_links":{"self":[{"href":"https:\/\/shopatoa.com\/cz\/wp-json\/wp\/v2\/product\/236704","targetHints":{"allow":["GET"]}}],"collection":[{"href":"https:\/\/shopatoa.com\/cz\/wp-json\/wp\/v2\/product"}],"about":[{"href":"https:\/\/shopatoa.com\/cz\/wp-json\/wp\/v2\/types\/product"}],"replies":[{"embeddable":true,"href":"https:\/\/shopatoa.com\/cz\/wp-json\/wp\/v2\/comments?post=236704"}],"wp:featuredmedia":[{"embeddable":true,"href":"https:\/\/shopatoa.com\/cz\/wp-json\/wp\/v2\/media\/236705"}],"wp:attachment":[{"href":"https:\/\/shopatoa.com\/cz\/wp-json\/wp\/v2\/media?parent=236704"}],"wp:term":[{"taxonomy":"product_brand","embeddable":true,"href":"https:\/\/shopatoa.com\/cz\/wp-json\/wp\/v2\/product_brand?post=236704"},{"taxonomy":"product_cat","embeddable":true,"href":"https:\/\/shopatoa.com\/cz\/wp-json\/wp\/v2\/product_cat?post=236704"},{"taxonomy":"product_tag","embeddable":true,"href":"https:\/\/shopatoa.com\/cz\/wp-json\/wp\/v2\/product_tag?post=236704"}],"curies":[{"name":"wp","href":"https:\/\/api.w.org\/{rel}","templated":true}]}}