{"id":238106,"date":"2025-03-12T15:06:28","date_gmt":"2025-03-12T14:06:28","guid":{"rendered":"https:\/\/shopatoa.com\/cz\/benecos-lak-na-nehty-sharp-rose-8-free-5-ml\/"},"modified":"2026-02-04T15:59:13","modified_gmt":"2026-02-04T14:59:13","slug":"benecos-lak-na-nehty-sharp-rose-8-free-5-ml","status":"publish","type":"product","link":"https:\/\/shopatoa.com\/cz\/benecos-lak-na-nehty-sharp-rose-8-free-5-ml\/","title":{"rendered":"Benecos Lak na nehty sharp ros\u00e9 8 free 5 ml"},"content":{"rendered":"<p>Benecos Lak na nehty sharp ros\u00e9 8 free obsahuje v\u00edce ne\u017e 90 % p\u0159\u00edrodn\u00edch slo\u017eek. Obohacen\u00fd o v\u00fd\u017eivn\u00fd avok\u00e1dov\u00fd olej a biotin, tak\u017ee va\u0161e nehty budou\u00a0p\u0159ekr\u00e1sn\u00e9.<\/p>\n","protected":false},"excerpt":{"rendered":"<p>Benecos Lak na nehty sharp ros\u00e9 8 free obsahuje v\u00edce ne\u017e 90 % p\u0159\u00edrodn\u00edch slo\u017eek. Obohacen\u00fd o v\u00fd\u017eivn\u00fd avok\u00e1dov\u00fd olej a biotin, tak\u017ee va\u0161e nehty budou\u00a0p\u0159ekr\u00e1sn\u00e9.<\/p>\n","protected":false},"featured_media":155513,"comment_status":"closed","ping_status":"open","template":"","meta":{"_acf_changed":false,"_kadence_starter_templates_imported_post":false,"_kad_post_transparent":"","_kad_post_title":"","_kad_post_layout":"","_kad_post_sidebar_id":"","_kad_post_content_style":"","_kad_post_vertical_padding":"","_kad_post_feature":"","_kad_post_feature_position":"","_kad_post_header":false,"_kad_post_footer":false,"_kad_post_classname":""},"product_brand":[1135],"product_cat":[367,340,368,369],"product_tag":[],"class_list":{"0":"post-238106","1":"product","2":"type-product","3":"status-publish","4":"has-post-thumbnail","6":"product_brand-benecos","7":"product_cat-dekorativni-kosmetika-kosmetika-a-parfemy","8":"product_cat-kosmetika-a-parfemy","9":"product_cat-oci-a-oboci","10":"product_cat-pripravky-na-oboci","12":"first","13":"instock","14":"sale","15":"product-type-external","16":"entry","17":"content-bg","18":"loop-entry"},"acf":[],"yoast_head":"<!-- This site is optimized with the Yoast SEO plugin v27.3 - https:\/\/yoast.com\/product\/yoast-seo-wordpress\/ -->\n<title>Benecos Lak na nehty sharp ros\u00e9 8 free 5 ml - SHOPATOA.COM<\/title>\n<meta name=\"robots\" content=\"index, follow, max-snippet:-1, max-image-preview:large, max-video-preview:-1\" \/>\n<link rel=\"canonical\" href=\"https:\/\/shopatoa.com\/cz\/benecos-lak-na-nehty-sharp-rose-8-free-5-ml\/\" \/>\n<meta property=\"og:locale\" content=\"cs_CZ\" \/>\n<meta property=\"og:type\" content=\"article\" \/>\n<meta property=\"og:title\" content=\"Benecos Lak na nehty sharp ros\u00e9 8 free 5 ml - SHOPATOA.COM\" \/>\n<meta property=\"og:description\" content=\"Benecos Lak na nehty sharp ros\u00e9 8 free obsahuje v\u00edce ne\u017e 90 % p\u0159\u00edrodn\u00edch slo\u017eek. Obohacen\u00fd o v\u00fd\u017eivn\u00fd avok\u00e1dov\u00fd olej a biotin, tak\u017ee va\u0161e nehty budou\u00a0p\u0159ekr\u00e1sn\u00e9.\" \/>\n<meta property=\"og:url\" content=\"https:\/\/shopatoa.com\/cz\/benecos-lak-na-nehty-sharp-rose-8-free-5-ml\/\" \/>\n<meta property=\"og:site_name\" content=\"SHOPATOA\" \/>\n<meta property=\"article:modified_time\" content=\"2026-02-04T14:59:13+00:00\" \/>\n<meta property=\"og:image\" content=\"https:\/\/shopatoa.com\/cz\/wp-content\/uploads\/2025\/02\/7ed8e190e7ae5_4260198094663.jpg\" \/>\n\t<meta property=\"og:image:width\" content=\"673\" \/>\n\t<meta property=\"og:image:height\" content=\"882\" \/>\n\t<meta property=\"og:image:type\" content=\"image\/jpeg\" \/>\n<meta name=\"twitter:card\" content=\"summary_large_image\" \/>\n<script type=\"application\/ld+json\" class=\"yoast-schema-graph\">{\"@context\":\"https:\\\/\\\/schema.org\",\"@graph\":[{\"@type\":\"WebPage\",\"@id\":\"https:\\\/\\\/shopatoa.com\\\/cz\\\/benecos-lak-na-nehty-sharp-rose-8-free-5-ml\\\/\",\"url\":\"https:\\\/\\\/shopatoa.com\\\/cz\\\/benecos-lak-na-nehty-sharp-rose-8-free-5-ml\\\/\",\"name\":\"Benecos Lak na nehty sharp ros\u00e9 8 free 5 ml - SHOPATOA.COM\",\"isPartOf\":{\"@id\":\"https:\\\/\\\/shopatoa.com\\\/cz\\\/#website\"},\"primaryImageOfPage\":{\"@id\":\"https:\\\/\\\/shopatoa.com\\\/cz\\\/benecos-lak-na-nehty-sharp-rose-8-free-5-ml\\\/#primaryimage\"},\"image\":{\"@id\":\"https:\\\/\\\/shopatoa.com\\\/cz\\\/benecos-lak-na-nehty-sharp-rose-8-free-5-ml\\\/#primaryimage\"},\"thumbnailUrl\":\"https:\\\/\\\/shopatoa.com\\\/cz\\\/wp-content\\\/uploads\\\/2025\\\/02\\\/7ed8e190e7ae5_4260198094663.jpg\",\"datePublished\":\"2025-03-12T14:06:28+00:00\",\"dateModified\":\"2026-02-04T14:59:13+00:00\",\"breadcrumb\":{\"@id\":\"https:\\\/\\\/shopatoa.com\\\/cz\\\/benecos-lak-na-nehty-sharp-rose-8-free-5-ml\\\/#breadcrumb\"},\"inLanguage\":\"cs\",\"potentialAction\":[{\"@type\":\"ReadAction\",\"target\":[\"https:\\\/\\\/shopatoa.com\\\/cz\\\/benecos-lak-na-nehty-sharp-rose-8-free-5-ml\\\/\"]}]},{\"@type\":\"ImageObject\",\"inLanguage\":\"cs\",\"@id\":\"https:\\\/\\\/shopatoa.com\\\/cz\\\/benecos-lak-na-nehty-sharp-rose-8-free-5-ml\\\/#primaryimage\",\"url\":\"https:\\\/\\\/shopatoa.com\\\/cz\\\/wp-content\\\/uploads\\\/2025\\\/02\\\/7ed8e190e7ae5_4260198094663.jpg\",\"contentUrl\":\"https:\\\/\\\/shopatoa.com\\\/cz\\\/wp-content\\\/uploads\\\/2025\\\/02\\\/7ed8e190e7ae5_4260198094663.jpg\",\"width\":673,\"height\":882},{\"@type\":\"BreadcrumbList\",\"@id\":\"https:\\\/\\\/shopatoa.com\\\/cz\\\/benecos-lak-na-nehty-sharp-rose-8-free-5-ml\\\/#breadcrumb\",\"itemListElement\":[{\"@type\":\"ListItem\",\"position\":1,\"name\":\"Dom\u016f\",\"item\":\"https:\\\/\\\/shopatoa.com\\\/cz\\\/\"},{\"@type\":\"ListItem\",\"position\":2,\"name\":\"Produkty\",\"item\":\"https:\\\/\\\/shopatoa.com\\\/cz\\\/shop\\\/\"},{\"@type\":\"ListItem\",\"position\":3,\"name\":\"Kosmetika a parf\u00e9my\",\"item\":\"https:\\\/\\\/shopatoa.com\\\/cz\\\/kosmetika-a-parfemy\\\/\"},{\"@type\":\"ListItem\",\"position\":4,\"name\":\"Dekorativn\u00ed kosmetika\",\"item\":\"https:\\\/\\\/shopatoa.com\\\/cz\\\/dekorativni-kosmetika-kosmetika-a-parfemy\\\/\"},{\"@type\":\"ListItem\",\"position\":5,\"name\":\"O\u010di a obo\u010d\u00ed\",\"item\":\"https:\\\/\\\/shopatoa.com\\\/cz\\\/oci-a-oboci\\\/\"},{\"@type\":\"ListItem\",\"position\":6,\"name\":\"P\u0159\u00edpravky na obo\u010d\u00ed\",\"item\":\"https:\\\/\\\/shopatoa.com\\\/cz\\\/pripravky-na-oboci\\\/\"},{\"@type\":\"ListItem\",\"position\":7,\"name\":\"Benecos Lak na nehty sharp ros\u00e9 8 free 5 ml\"}]},{\"@type\":\"WebSite\",\"@id\":\"https:\\\/\\\/shopatoa.com\\\/cz\\\/#website\",\"url\":\"https:\\\/\\\/shopatoa.com\\\/cz\\\/\",\"name\":\"SHOPATOA\",\"description\":\"\",\"publisher\":{\"@id\":\"https:\\\/\\\/shopatoa.com\\\/cz\\\/#organization\"},\"potentialAction\":[{\"@type\":\"SearchAction\",\"target\":{\"@type\":\"EntryPoint\",\"urlTemplate\":\"https:\\\/\\\/shopatoa.com\\\/cz\\\/?s={search_term_string}\"},\"query-input\":{\"@type\":\"PropertyValueSpecification\",\"valueRequired\":true,\"valueName\":\"search_term_string\"}}],\"inLanguage\":\"cs\"},{\"@type\":\"Organization\",\"@id\":\"https:\\\/\\\/shopatoa.com\\\/cz\\\/#organization\",\"name\":\"SHOPATOA Digital s.r.o.\",\"url\":\"https:\\\/\\\/shopatoa.com\\\/cz\\\/\",\"logo\":{\"@type\":\"ImageObject\",\"inLanguage\":\"cs\",\"@id\":\"https:\\\/\\\/shopatoa.com\\\/cz\\\/#\\\/schema\\\/logo\\\/image\\\/\",\"url\":\"https:\\\/\\\/storage.googleapis.com\\\/cz-shopatoa-img\\\/cz\\\/ebccf434-shopatoa_logo.png\",\"contentUrl\":\"https:\\\/\\\/storage.googleapis.com\\\/cz-shopatoa-img\\\/cz\\\/ebccf434-shopatoa_logo.png\",\"width\":416,\"height\":63,\"caption\":\"SHOPATOA Digital s.r.o.\"},\"image\":{\"@id\":\"https:\\\/\\\/shopatoa.com\\\/cz\\\/#\\\/schema\\\/logo\\\/image\\\/\"}}]}<\/script>\n<!-- \/ Yoast SEO plugin. -->","yoast_head_json":{"title":"Benecos Lak na nehty sharp ros\u00e9 8 free 5 ml - SHOPATOA.COM","robots":{"index":"index","follow":"follow","max-snippet":"max-snippet:-1","max-image-preview":"max-image-preview:large","max-video-preview":"max-video-preview:-1"},"canonical":"https:\/\/shopatoa.com\/cz\/benecos-lak-na-nehty-sharp-rose-8-free-5-ml\/","og_locale":"cs_CZ","og_type":"article","og_title":"Benecos Lak na nehty sharp ros\u00e9 8 free 5 ml - SHOPATOA.COM","og_description":"Benecos Lak na nehty sharp ros\u00e9 8 free obsahuje v\u00edce ne\u017e 90 % p\u0159\u00edrodn\u00edch slo\u017eek. Obohacen\u00fd o v\u00fd\u017eivn\u00fd avok\u00e1dov\u00fd olej a biotin, tak\u017ee va\u0161e nehty budou\u00a0p\u0159ekr\u00e1sn\u00e9.","og_url":"https:\/\/shopatoa.com\/cz\/benecos-lak-na-nehty-sharp-rose-8-free-5-ml\/","og_site_name":"SHOPATOA","article_modified_time":"2026-02-04T14:59:13+00:00","og_image":[{"width":673,"height":882,"url":"https:\/\/shopatoa.com\/cz\/wp-content\/uploads\/2025\/02\/7ed8e190e7ae5_4260198094663.jpg","type":"image\/jpeg"}],"twitter_card":"summary_large_image","schema":{"@context":"https:\/\/schema.org","@graph":[{"@type":"WebPage","@id":"https:\/\/shopatoa.com\/cz\/benecos-lak-na-nehty-sharp-rose-8-free-5-ml\/","url":"https:\/\/shopatoa.com\/cz\/benecos-lak-na-nehty-sharp-rose-8-free-5-ml\/","name":"Benecos Lak na nehty sharp ros\u00e9 8 free 5 ml - SHOPATOA.COM","isPartOf":{"@id":"https:\/\/shopatoa.com\/cz\/#website"},"primaryImageOfPage":{"@id":"https:\/\/shopatoa.com\/cz\/benecos-lak-na-nehty-sharp-rose-8-free-5-ml\/#primaryimage"},"image":{"@id":"https:\/\/shopatoa.com\/cz\/benecos-lak-na-nehty-sharp-rose-8-free-5-ml\/#primaryimage"},"thumbnailUrl":"https:\/\/shopatoa.com\/cz\/wp-content\/uploads\/2025\/02\/7ed8e190e7ae5_4260198094663.jpg","datePublished":"2025-03-12T14:06:28+00:00","dateModified":"2026-02-04T14:59:13+00:00","breadcrumb":{"@id":"https:\/\/shopatoa.com\/cz\/benecos-lak-na-nehty-sharp-rose-8-free-5-ml\/#breadcrumb"},"inLanguage":"cs","potentialAction":[{"@type":"ReadAction","target":["https:\/\/shopatoa.com\/cz\/benecos-lak-na-nehty-sharp-rose-8-free-5-ml\/"]}]},{"@type":"ImageObject","inLanguage":"cs","@id":"https:\/\/shopatoa.com\/cz\/benecos-lak-na-nehty-sharp-rose-8-free-5-ml\/#primaryimage","url":"https:\/\/shopatoa.com\/cz\/wp-content\/uploads\/2025\/02\/7ed8e190e7ae5_4260198094663.jpg","contentUrl":"https:\/\/shopatoa.com\/cz\/wp-content\/uploads\/2025\/02\/7ed8e190e7ae5_4260198094663.jpg","width":673,"height":882},{"@type":"BreadcrumbList","@id":"https:\/\/shopatoa.com\/cz\/benecos-lak-na-nehty-sharp-rose-8-free-5-ml\/#breadcrumb","itemListElement":[{"@type":"ListItem","position":1,"name":"Dom\u016f","item":"https:\/\/shopatoa.com\/cz\/"},{"@type":"ListItem","position":2,"name":"Produkty","item":"https:\/\/shopatoa.com\/cz\/shop\/"},{"@type":"ListItem","position":3,"name":"Kosmetika a parf\u00e9my","item":"https:\/\/shopatoa.com\/cz\/kosmetika-a-parfemy\/"},{"@type":"ListItem","position":4,"name":"Dekorativn\u00ed kosmetika","item":"https:\/\/shopatoa.com\/cz\/dekorativni-kosmetika-kosmetika-a-parfemy\/"},{"@type":"ListItem","position":5,"name":"O\u010di a obo\u010d\u00ed","item":"https:\/\/shopatoa.com\/cz\/oci-a-oboci\/"},{"@type":"ListItem","position":6,"name":"P\u0159\u00edpravky na obo\u010d\u00ed","item":"https:\/\/shopatoa.com\/cz\/pripravky-na-oboci\/"},{"@type":"ListItem","position":7,"name":"Benecos Lak na nehty sharp ros\u00e9 8 free 5 ml"}]},{"@type":"WebSite","@id":"https:\/\/shopatoa.com\/cz\/#website","url":"https:\/\/shopatoa.com\/cz\/","name":"SHOPATOA","description":"","publisher":{"@id":"https:\/\/shopatoa.com\/cz\/#organization"},"potentialAction":[{"@type":"SearchAction","target":{"@type":"EntryPoint","urlTemplate":"https:\/\/shopatoa.com\/cz\/?s={search_term_string}"},"query-input":{"@type":"PropertyValueSpecification","valueRequired":true,"valueName":"search_term_string"}}],"inLanguage":"cs"},{"@type":"Organization","@id":"https:\/\/shopatoa.com\/cz\/#organization","name":"SHOPATOA Digital s.r.o.","url":"https:\/\/shopatoa.com\/cz\/","logo":{"@type":"ImageObject","inLanguage":"cs","@id":"https:\/\/shopatoa.com\/cz\/#\/schema\/logo\/image\/","url":"https:\/\/storage.googleapis.com\/cz-shopatoa-img\/cz\/ebccf434-shopatoa_logo.png","contentUrl":"https:\/\/storage.googleapis.com\/cz-shopatoa-img\/cz\/ebccf434-shopatoa_logo.png","width":416,"height":63,"caption":"SHOPATOA Digital s.r.o."},"image":{"@id":"https:\/\/shopatoa.com\/cz\/#\/schema\/logo\/image\/"}}]}},"_links":{"self":[{"href":"https:\/\/shopatoa.com\/cz\/wp-json\/wp\/v2\/product\/238106","targetHints":{"allow":["GET"]}}],"collection":[{"href":"https:\/\/shopatoa.com\/cz\/wp-json\/wp\/v2\/product"}],"about":[{"href":"https:\/\/shopatoa.com\/cz\/wp-json\/wp\/v2\/types\/product"}],"replies":[{"embeddable":true,"href":"https:\/\/shopatoa.com\/cz\/wp-json\/wp\/v2\/comments?post=238106"}],"wp:featuredmedia":[{"embeddable":true,"href":"https:\/\/shopatoa.com\/cz\/wp-json\/wp\/v2\/media\/155513"}],"wp:attachment":[{"href":"https:\/\/shopatoa.com\/cz\/wp-json\/wp\/v2\/media?parent=238106"}],"wp:term":[{"taxonomy":"product_brand","embeddable":true,"href":"https:\/\/shopatoa.com\/cz\/wp-json\/wp\/v2\/product_brand?post=238106"},{"taxonomy":"product_cat","embeddable":true,"href":"https:\/\/shopatoa.com\/cz\/wp-json\/wp\/v2\/product_cat?post=238106"},{"taxonomy":"product_tag","embeddable":true,"href":"https:\/\/shopatoa.com\/cz\/wp-json\/wp\/v2\/product_tag?post=238106"}],"curies":[{"name":"wp","href":"https:\/\/api.w.org\/{rel}","templated":true}]}}