{"id":238927,"date":"2025-03-27T18:04:37","date_gmt":"2025-03-27T17:04:37","guid":{"rendered":"https:\/\/shopatoa.com\/cz\/avicentra-krmivo-classic-morce-1-kg\/"},"modified":"2025-03-27T18:04:39","modified_gmt":"2025-03-27T17:04:39","slug":"avicentra-krmivo-classic-morce-1-kg","status":"publish","type":"product","link":"https:\/\/shopatoa.com\/cz\/avicentra-krmivo-classic-morce-1-kg\/","title":{"rendered":"Avicentra Krmivo Classic mor\u010de 1 kg"},"content":{"rendered":"<p>Avicentra Krmivo Classic mor\u010de je kompletn\u00ed sm\u011bs obsahuj\u00edc\u00ed oves, p\u0161enici, kuku\u0159ici, je\u010dmen a \u010dirok, obohacen\u00e1 o hr\u00e1ch, \u00fasu\u0161ky a svatoj\u00e1nsk\u00fd chl\u00e9b.<\/p>\n","protected":false},"excerpt":{"rendered":"<p>Avicentra Krmivo Classic mor\u010de je kompletn\u00ed sm\u011bs obsahuj\u00edc\u00ed oves, p\u0161enici, kuku\u0159ici, je\u010dmen a \u010dirok, obohacen\u00e1 o hr\u00e1ch, \u00fasu\u0161ky a svatoj\u00e1nsk\u00fd chl\u00e9b.<\/p>\n","protected":false},"featured_media":238928,"comment_status":"closed","ping_status":"open","template":"","meta":{"_acf_changed":false,"_kadence_starter_templates_imported_post":false,"_kad_post_transparent":"","_kad_post_title":"","_kad_post_layout":"","_kad_post_sidebar_id":"","_kad_post_content_style":"","_kad_post_vertical_padding":"","_kad_post_feature":"","_kad_post_feature_position":"","_kad_post_header":false,"_kad_post_footer":false,"_kad_post_classname":""},"product_brand":[2474],"product_cat":[15],"product_tag":[],"class_list":{"0":"post-238927","1":"product","2":"type-product","3":"status-publish","4":"has-post-thumbnail","6":"product_brand-avicentra","7":"product_cat-uncategorized","9":"first","10":"instock","11":"product-type-external","12":"entry","13":"content-bg","14":"loop-entry"},"acf":[],"yoast_head":"<!-- This site is optimized with the Yoast SEO plugin v27.4 - https:\/\/yoast.com\/product\/yoast-seo-wordpress\/ -->\n<title>Avicentra Krmivo Classic mor\u010de 1 kg - SHOPATOA.COM<\/title>\n<meta name=\"robots\" content=\"index, follow, max-snippet:-1, max-image-preview:large, max-video-preview:-1\" \/>\n<link rel=\"canonical\" href=\"https:\/\/shopatoa.com\/cz\/avicentra-krmivo-classic-morce-1-kg\/\" \/>\n<meta property=\"og:locale\" content=\"cs_CZ\" \/>\n<meta property=\"og:type\" content=\"article\" \/>\n<meta property=\"og:title\" content=\"Avicentra Krmivo Classic mor\u010de 1 kg - SHOPATOA.COM\" \/>\n<meta property=\"og:description\" content=\"Avicentra Krmivo Classic mor\u010de je kompletn\u00ed sm\u011bs obsahuj\u00edc\u00ed oves, p\u0161enici, kuku\u0159ici, je\u010dmen a \u010dirok, obohacen\u00e1 o hr\u00e1ch, \u00fasu\u0161ky a svatoj\u00e1nsk\u00fd chl\u00e9b.\" \/>\n<meta property=\"og:url\" content=\"https:\/\/shopatoa.com\/cz\/avicentra-krmivo-classic-morce-1-kg\/\" \/>\n<meta property=\"og:site_name\" content=\"SHOPATOA\" \/>\n<meta property=\"article:modified_time\" content=\"2025-03-27T17:04:39+00:00\" \/>\n<meta property=\"og:image\" content=\"https:\/\/storage.googleapis.com\/cz-shopatoa-img\/cz\/9465ab21-7ae2dff2d6e56_8594048032243.jpg\" \/>\n\t<meta property=\"og:image:width\" content=\"1800\" \/>\n\t<meta property=\"og:image:height\" content=\"1800\" \/>\n\t<meta property=\"og:image:type\" content=\"image\/jpeg\" \/>\n<meta name=\"twitter:card\" content=\"summary_large_image\" \/>\n<script type=\"application\/ld+json\" class=\"yoast-schema-graph\">{\"@context\":\"https:\\\/\\\/schema.org\",\"@graph\":[{\"@type\":\"WebPage\",\"@id\":\"https:\\\/\\\/shopatoa.com\\\/cz\\\/avicentra-krmivo-classic-morce-1-kg\\\/\",\"url\":\"https:\\\/\\\/shopatoa.com\\\/cz\\\/avicentra-krmivo-classic-morce-1-kg\\\/\",\"name\":\"Avicentra Krmivo Classic mor\u010de 1 kg - SHOPATOA.COM\",\"isPartOf\":{\"@id\":\"https:\\\/\\\/shopatoa.com\\\/cz\\\/#website\"},\"primaryImageOfPage\":{\"@id\":\"https:\\\/\\\/shopatoa.com\\\/cz\\\/avicentra-krmivo-classic-morce-1-kg\\\/#primaryimage\"},\"image\":{\"@id\":\"https:\\\/\\\/shopatoa.com\\\/cz\\\/avicentra-krmivo-classic-morce-1-kg\\\/#primaryimage\"},\"thumbnailUrl\":\"https:\\\/\\\/storage.googleapis.com\\\/cz-shopatoa-img\\\/cz\\\/9465ab21-7ae2dff2d6e56_8594048032243.jpg\",\"datePublished\":\"2025-03-27T17:04:37+00:00\",\"dateModified\":\"2025-03-27T17:04:39+00:00\",\"breadcrumb\":{\"@id\":\"https:\\\/\\\/shopatoa.com\\\/cz\\\/avicentra-krmivo-classic-morce-1-kg\\\/#breadcrumb\"},\"inLanguage\":\"cs\",\"potentialAction\":[{\"@type\":\"ReadAction\",\"target\":[\"https:\\\/\\\/shopatoa.com\\\/cz\\\/avicentra-krmivo-classic-morce-1-kg\\\/\"]}]},{\"@type\":\"ImageObject\",\"inLanguage\":\"cs\",\"@id\":\"https:\\\/\\\/shopatoa.com\\\/cz\\\/avicentra-krmivo-classic-morce-1-kg\\\/#primaryimage\",\"url\":\"https:\\\/\\\/storage.googleapis.com\\\/cz-shopatoa-img\\\/cz\\\/9465ab21-7ae2dff2d6e56_8594048032243.jpg\",\"contentUrl\":\"https:\\\/\\\/storage.googleapis.com\\\/cz-shopatoa-img\\\/cz\\\/9465ab21-7ae2dff2d6e56_8594048032243.jpg\",\"width\":1800,\"height\":1800},{\"@type\":\"BreadcrumbList\",\"@id\":\"https:\\\/\\\/shopatoa.com\\\/cz\\\/avicentra-krmivo-classic-morce-1-kg\\\/#breadcrumb\",\"itemListElement\":[{\"@type\":\"ListItem\",\"position\":1,\"name\":\"Dom\u016f\",\"item\":\"https:\\\/\\\/shopatoa.com\\\/cz\\\/\"},{\"@type\":\"ListItem\",\"position\":2,\"name\":\"Produkty\",\"item\":\"https:\\\/\\\/shopatoa.com\\\/cz\\\/shop\\\/\"},{\"@type\":\"ListItem\",\"position\":3,\"name\":\"Avicentra Krmivo Classic mor\u010de 1 kg\"}]},{\"@type\":\"WebSite\",\"@id\":\"https:\\\/\\\/shopatoa.com\\\/cz\\\/#website\",\"url\":\"https:\\\/\\\/shopatoa.com\\\/cz\\\/\",\"name\":\"SHOPATOA\",\"description\":\"\",\"publisher\":{\"@id\":\"https:\\\/\\\/shopatoa.com\\\/cz\\\/#organization\"},\"potentialAction\":[{\"@type\":\"SearchAction\",\"target\":{\"@type\":\"EntryPoint\",\"urlTemplate\":\"https:\\\/\\\/shopatoa.com\\\/cz\\\/?s={search_term_string}\"},\"query-input\":{\"@type\":\"PropertyValueSpecification\",\"valueRequired\":true,\"valueName\":\"search_term_string\"}}],\"inLanguage\":\"cs\"},{\"@type\":\"Organization\",\"@id\":\"https:\\\/\\\/shopatoa.com\\\/cz\\\/#organization\",\"name\":\"SHOPATOA Digital s.r.o.\",\"url\":\"https:\\\/\\\/shopatoa.com\\\/cz\\\/\",\"logo\":{\"@type\":\"ImageObject\",\"inLanguage\":\"cs\",\"@id\":\"https:\\\/\\\/shopatoa.com\\\/cz\\\/#\\\/schema\\\/logo\\\/image\\\/\",\"url\":\"https:\\\/\\\/storage.googleapis.com\\\/cz-shopatoa-img\\\/cz\\\/ebccf434-shopatoa_logo.png\",\"contentUrl\":\"https:\\\/\\\/storage.googleapis.com\\\/cz-shopatoa-img\\\/cz\\\/ebccf434-shopatoa_logo.png\",\"width\":416,\"height\":63,\"caption\":\"SHOPATOA Digital s.r.o.\"},\"image\":{\"@id\":\"https:\\\/\\\/shopatoa.com\\\/cz\\\/#\\\/schema\\\/logo\\\/image\\\/\"}}]}<\/script>\n<!-- \/ Yoast SEO plugin. -->","yoast_head_json":{"title":"Avicentra Krmivo Classic mor\u010de 1 kg - SHOPATOA.COM","robots":{"index":"index","follow":"follow","max-snippet":"max-snippet:-1","max-image-preview":"max-image-preview:large","max-video-preview":"max-video-preview:-1"},"canonical":"https:\/\/shopatoa.com\/cz\/avicentra-krmivo-classic-morce-1-kg\/","og_locale":"cs_CZ","og_type":"article","og_title":"Avicentra Krmivo Classic mor\u010de 1 kg - SHOPATOA.COM","og_description":"Avicentra Krmivo Classic mor\u010de je kompletn\u00ed sm\u011bs obsahuj\u00edc\u00ed oves, p\u0161enici, kuku\u0159ici, je\u010dmen a \u010dirok, obohacen\u00e1 o hr\u00e1ch, \u00fasu\u0161ky a svatoj\u00e1nsk\u00fd chl\u00e9b.","og_url":"https:\/\/shopatoa.com\/cz\/avicentra-krmivo-classic-morce-1-kg\/","og_site_name":"SHOPATOA","article_modified_time":"2025-03-27T17:04:39+00:00","og_image":[{"width":1800,"height":1800,"url":"https:\/\/storage.googleapis.com\/cz-shopatoa-img\/cz\/9465ab21-7ae2dff2d6e56_8594048032243.jpg","type":"image\/jpeg"}],"twitter_card":"summary_large_image","schema":{"@context":"https:\/\/schema.org","@graph":[{"@type":"WebPage","@id":"https:\/\/shopatoa.com\/cz\/avicentra-krmivo-classic-morce-1-kg\/","url":"https:\/\/shopatoa.com\/cz\/avicentra-krmivo-classic-morce-1-kg\/","name":"Avicentra Krmivo Classic mor\u010de 1 kg - SHOPATOA.COM","isPartOf":{"@id":"https:\/\/shopatoa.com\/cz\/#website"},"primaryImageOfPage":{"@id":"https:\/\/shopatoa.com\/cz\/avicentra-krmivo-classic-morce-1-kg\/#primaryimage"},"image":{"@id":"https:\/\/shopatoa.com\/cz\/avicentra-krmivo-classic-morce-1-kg\/#primaryimage"},"thumbnailUrl":"https:\/\/storage.googleapis.com\/cz-shopatoa-img\/cz\/9465ab21-7ae2dff2d6e56_8594048032243.jpg","datePublished":"2025-03-27T17:04:37+00:00","dateModified":"2025-03-27T17:04:39+00:00","breadcrumb":{"@id":"https:\/\/shopatoa.com\/cz\/avicentra-krmivo-classic-morce-1-kg\/#breadcrumb"},"inLanguage":"cs","potentialAction":[{"@type":"ReadAction","target":["https:\/\/shopatoa.com\/cz\/avicentra-krmivo-classic-morce-1-kg\/"]}]},{"@type":"ImageObject","inLanguage":"cs","@id":"https:\/\/shopatoa.com\/cz\/avicentra-krmivo-classic-morce-1-kg\/#primaryimage","url":"https:\/\/storage.googleapis.com\/cz-shopatoa-img\/cz\/9465ab21-7ae2dff2d6e56_8594048032243.jpg","contentUrl":"https:\/\/storage.googleapis.com\/cz-shopatoa-img\/cz\/9465ab21-7ae2dff2d6e56_8594048032243.jpg","width":1800,"height":1800},{"@type":"BreadcrumbList","@id":"https:\/\/shopatoa.com\/cz\/avicentra-krmivo-classic-morce-1-kg\/#breadcrumb","itemListElement":[{"@type":"ListItem","position":1,"name":"Dom\u016f","item":"https:\/\/shopatoa.com\/cz\/"},{"@type":"ListItem","position":2,"name":"Produkty","item":"https:\/\/shopatoa.com\/cz\/shop\/"},{"@type":"ListItem","position":3,"name":"Avicentra Krmivo Classic mor\u010de 1 kg"}]},{"@type":"WebSite","@id":"https:\/\/shopatoa.com\/cz\/#website","url":"https:\/\/shopatoa.com\/cz\/","name":"SHOPATOA","description":"","publisher":{"@id":"https:\/\/shopatoa.com\/cz\/#organization"},"potentialAction":[{"@type":"SearchAction","target":{"@type":"EntryPoint","urlTemplate":"https:\/\/shopatoa.com\/cz\/?s={search_term_string}"},"query-input":{"@type":"PropertyValueSpecification","valueRequired":true,"valueName":"search_term_string"}}],"inLanguage":"cs"},{"@type":"Organization","@id":"https:\/\/shopatoa.com\/cz\/#organization","name":"SHOPATOA Digital s.r.o.","url":"https:\/\/shopatoa.com\/cz\/","logo":{"@type":"ImageObject","inLanguage":"cs","@id":"https:\/\/shopatoa.com\/cz\/#\/schema\/logo\/image\/","url":"https:\/\/storage.googleapis.com\/cz-shopatoa-img\/cz\/ebccf434-shopatoa_logo.png","contentUrl":"https:\/\/storage.googleapis.com\/cz-shopatoa-img\/cz\/ebccf434-shopatoa_logo.png","width":416,"height":63,"caption":"SHOPATOA Digital s.r.o."},"image":{"@id":"https:\/\/shopatoa.com\/cz\/#\/schema\/logo\/image\/"}}]}},"_links":{"self":[{"href":"https:\/\/shopatoa.com\/cz\/wp-json\/wp\/v2\/product\/238927","targetHints":{"allow":["GET"]}}],"collection":[{"href":"https:\/\/shopatoa.com\/cz\/wp-json\/wp\/v2\/product"}],"about":[{"href":"https:\/\/shopatoa.com\/cz\/wp-json\/wp\/v2\/types\/product"}],"replies":[{"embeddable":true,"href":"https:\/\/shopatoa.com\/cz\/wp-json\/wp\/v2\/comments?post=238927"}],"wp:featuredmedia":[{"embeddable":true,"href":"https:\/\/shopatoa.com\/cz\/wp-json\/wp\/v2\/media\/238928"}],"wp:attachment":[{"href":"https:\/\/shopatoa.com\/cz\/wp-json\/wp\/v2\/media?parent=238927"}],"wp:term":[{"taxonomy":"product_brand","embeddable":true,"href":"https:\/\/shopatoa.com\/cz\/wp-json\/wp\/v2\/product_brand?post=238927"},{"taxonomy":"product_cat","embeddable":true,"href":"https:\/\/shopatoa.com\/cz\/wp-json\/wp\/v2\/product_cat?post=238927"},{"taxonomy":"product_tag","embeddable":true,"href":"https:\/\/shopatoa.com\/cz\/wp-json\/wp\/v2\/product_tag?post=238927"}],"curies":[{"name":"wp","href":"https:\/\/api.w.org\/{rel}","templated":true}]}}