{"id":240461,"date":"2025-03-29T07:14:36","date_gmt":"2025-03-29T06:14:36","guid":{"rendered":"https:\/\/shopatoa.com\/cz\/allnature-epsomska-sul-darkove-baleni-4x250-g\/"},"modified":"2025-03-29T07:14:41","modified_gmt":"2025-03-29T06:14:41","slug":"allnature-epsomska-sul-darkove-baleni-4x250-g","status":"publish","type":"product","link":"https:\/\/shopatoa.com\/cz\/allnature-epsomska-sul-darkove-baleni-4x250-g\/","title":{"rendered":"Allnature Epsomsk\u00e1 s\u016fl d\u00e1rkov\u00e9 balen\u00ed 4&#215;250 g"},"content":{"rendered":"<p>Allnature Epsomsk\u00e1 s\u016fl v d\u00e1rkov\u00e9m balen\u00ed ve \u010dty\u0159ech variant\u00e1ch. P\u0159ipravte si relaxa\u010dn\u00ed koupel s v\u016fn\u00ed bylinek, kter\u00e1 pom\u016f\u017ee uvolnit svaly a odbourat stres.<\/p>\n","protected":false},"excerpt":{"rendered":"<p>Allnature Epsomsk\u00e1 s\u016fl v d\u00e1rkov\u00e9m balen\u00ed ve \u010dty\u0159ech variant\u00e1ch. P\u0159ipravte si relaxa\u010dn\u00ed koupel s v\u016fn\u00ed bylinek, kter\u00e1 pom\u016f\u017ee uvolnit svaly a odbourat stres.<\/p>\n","protected":false},"featured_media":158530,"comment_status":"closed","ping_status":"open","template":"","meta":{"_acf_changed":false,"_kadence_starter_templates_imported_post":false,"_kad_post_transparent":"","_kad_post_title":"","_kad_post_layout":"","_kad_post_sidebar_id":"","_kad_post_content_style":"","_kad_post_vertical_padding":"","_kad_post_feature":"","_kad_post_feature_position":"","_kad_post_header":false,"_kad_post_footer":false,"_kad_post_classname":""},"product_brand":[677],"product_cat":[370,371,378,340],"product_tag":[],"class_list":{"0":"post-240461","1":"product","2":"type-product","3":"status-publish","4":"has-post-thumbnail","6":"product_brand-allnature","7":"product_cat-deti","8":"product_cat-detska-kosmetika-deti","9":"product_cat-detske-peny-do-koupele","10":"product_cat-kosmetika-a-parfemy","12":"first","13":"instock","14":"product-type-external","15":"entry","16":"content-bg","17":"loop-entry"},"acf":[],"yoast_head":"<!-- This site is optimized with the Yoast SEO plugin v27.3 - https:\/\/yoast.com\/product\/yoast-seo-wordpress\/ -->\n<title>Allnature Epsomsk\u00e1 s\u016fl d\u00e1rkov\u00e9 balen\u00ed 4x250 g - SHOPATOA.COM<\/title>\n<meta name=\"robots\" content=\"index, follow, max-snippet:-1, max-image-preview:large, max-video-preview:-1\" \/>\n<link rel=\"canonical\" href=\"https:\/\/shopatoa.com\/cz\/allnature-epsomska-sul-darkove-baleni-4x250-g\/\" \/>\n<meta property=\"og:locale\" content=\"cs_CZ\" \/>\n<meta property=\"og:type\" content=\"article\" \/>\n<meta property=\"og:title\" content=\"Allnature Epsomsk\u00e1 s\u016fl d\u00e1rkov\u00e9 balen\u00ed 4x250 g - SHOPATOA.COM\" \/>\n<meta property=\"og:description\" content=\"Allnature Epsomsk\u00e1 s\u016fl v d\u00e1rkov\u00e9m balen\u00ed ve \u010dty\u0159ech variant\u00e1ch. P\u0159ipravte si relaxa\u010dn\u00ed koupel s v\u016fn\u00ed bylinek, kter\u00e1 pom\u016f\u017ee uvolnit svaly a odbourat stres.\" \/>\n<meta property=\"og:url\" content=\"https:\/\/shopatoa.com\/cz\/allnature-epsomska-sul-darkove-baleni-4x250-g\/\" \/>\n<meta property=\"og:site_name\" content=\"SHOPATOA\" \/>\n<meta property=\"article:modified_time\" content=\"2025-03-29T06:14:41+00:00\" \/>\n<meta property=\"og:image\" content=\"https:\/\/shopatoa.com\/cz\/wp-content\/uploads\/2025\/02\/67cab39bff9f5_thumbnail_8595674634467.jpg\" \/>\n\t<meta property=\"og:image:width\" content=\"635\" \/>\n\t<meta property=\"og:image:height\" content=\"666\" \/>\n\t<meta property=\"og:image:type\" content=\"image\/jpeg\" \/>\n<meta name=\"twitter:card\" content=\"summary_large_image\" \/>\n<script type=\"application\/ld+json\" class=\"yoast-schema-graph\">{\"@context\":\"https:\\\/\\\/schema.org\",\"@graph\":[{\"@type\":\"WebPage\",\"@id\":\"https:\\\/\\\/shopatoa.com\\\/cz\\\/allnature-epsomska-sul-darkove-baleni-4x250-g\\\/\",\"url\":\"https:\\\/\\\/shopatoa.com\\\/cz\\\/allnature-epsomska-sul-darkove-baleni-4x250-g\\\/\",\"name\":\"Allnature Epsomsk\u00e1 s\u016fl d\u00e1rkov\u00e9 balen\u00ed 4x250 g - SHOPATOA.COM\",\"isPartOf\":{\"@id\":\"https:\\\/\\\/shopatoa.com\\\/cz\\\/#website\"},\"primaryImageOfPage\":{\"@id\":\"https:\\\/\\\/shopatoa.com\\\/cz\\\/allnature-epsomska-sul-darkove-baleni-4x250-g\\\/#primaryimage\"},\"image\":{\"@id\":\"https:\\\/\\\/shopatoa.com\\\/cz\\\/allnature-epsomska-sul-darkove-baleni-4x250-g\\\/#primaryimage\"},\"thumbnailUrl\":\"https:\\\/\\\/shopatoa.com\\\/cz\\\/wp-content\\\/uploads\\\/2025\\\/02\\\/67cab39bff9f5_thumbnail_8595674634467.jpg\",\"datePublished\":\"2025-03-29T06:14:36+00:00\",\"dateModified\":\"2025-03-29T06:14:41+00:00\",\"breadcrumb\":{\"@id\":\"https:\\\/\\\/shopatoa.com\\\/cz\\\/allnature-epsomska-sul-darkove-baleni-4x250-g\\\/#breadcrumb\"},\"inLanguage\":\"cs\",\"potentialAction\":[{\"@type\":\"ReadAction\",\"target\":[\"https:\\\/\\\/shopatoa.com\\\/cz\\\/allnature-epsomska-sul-darkove-baleni-4x250-g\\\/\"]}]},{\"@type\":\"ImageObject\",\"inLanguage\":\"cs\",\"@id\":\"https:\\\/\\\/shopatoa.com\\\/cz\\\/allnature-epsomska-sul-darkove-baleni-4x250-g\\\/#primaryimage\",\"url\":\"https:\\\/\\\/shopatoa.com\\\/cz\\\/wp-content\\\/uploads\\\/2025\\\/02\\\/67cab39bff9f5_thumbnail_8595674634467.jpg\",\"contentUrl\":\"https:\\\/\\\/shopatoa.com\\\/cz\\\/wp-content\\\/uploads\\\/2025\\\/02\\\/67cab39bff9f5_thumbnail_8595674634467.jpg\",\"width\":635,\"height\":666},{\"@type\":\"BreadcrumbList\",\"@id\":\"https:\\\/\\\/shopatoa.com\\\/cz\\\/allnature-epsomska-sul-darkove-baleni-4x250-g\\\/#breadcrumb\",\"itemListElement\":[{\"@type\":\"ListItem\",\"position\":1,\"name\":\"Dom\u016f\",\"item\":\"https:\\\/\\\/shopatoa.com\\\/cz\\\/\"},{\"@type\":\"ListItem\",\"position\":2,\"name\":\"Produkty\",\"item\":\"https:\\\/\\\/shopatoa.com\\\/cz\\\/shop\\\/\"},{\"@type\":\"ListItem\",\"position\":3,\"name\":\"Allnature Epsomsk\u00e1 s\u016fl d\u00e1rkov\u00e9 balen\u00ed 4&#215;250 g\"}]},{\"@type\":\"WebSite\",\"@id\":\"https:\\\/\\\/shopatoa.com\\\/cz\\\/#website\",\"url\":\"https:\\\/\\\/shopatoa.com\\\/cz\\\/\",\"name\":\"SHOPATOA\",\"description\":\"\",\"publisher\":{\"@id\":\"https:\\\/\\\/shopatoa.com\\\/cz\\\/#organization\"},\"potentialAction\":[{\"@type\":\"SearchAction\",\"target\":{\"@type\":\"EntryPoint\",\"urlTemplate\":\"https:\\\/\\\/shopatoa.com\\\/cz\\\/?s={search_term_string}\"},\"query-input\":{\"@type\":\"PropertyValueSpecification\",\"valueRequired\":true,\"valueName\":\"search_term_string\"}}],\"inLanguage\":\"cs\"},{\"@type\":\"Organization\",\"@id\":\"https:\\\/\\\/shopatoa.com\\\/cz\\\/#organization\",\"name\":\"SHOPATOA Digital s.r.o.\",\"url\":\"https:\\\/\\\/shopatoa.com\\\/cz\\\/\",\"logo\":{\"@type\":\"ImageObject\",\"inLanguage\":\"cs\",\"@id\":\"https:\\\/\\\/shopatoa.com\\\/cz\\\/#\\\/schema\\\/logo\\\/image\\\/\",\"url\":\"https:\\\/\\\/storage.googleapis.com\\\/cz-shopatoa-img\\\/cz\\\/ebccf434-shopatoa_logo.png\",\"contentUrl\":\"https:\\\/\\\/storage.googleapis.com\\\/cz-shopatoa-img\\\/cz\\\/ebccf434-shopatoa_logo.png\",\"width\":416,\"height\":63,\"caption\":\"SHOPATOA Digital s.r.o.\"},\"image\":{\"@id\":\"https:\\\/\\\/shopatoa.com\\\/cz\\\/#\\\/schema\\\/logo\\\/image\\\/\"}}]}<\/script>\n<!-- \/ Yoast SEO plugin. -->","yoast_head_json":{"title":"Allnature Epsomsk\u00e1 s\u016fl d\u00e1rkov\u00e9 balen\u00ed 4x250 g - SHOPATOA.COM","robots":{"index":"index","follow":"follow","max-snippet":"max-snippet:-1","max-image-preview":"max-image-preview:large","max-video-preview":"max-video-preview:-1"},"canonical":"https:\/\/shopatoa.com\/cz\/allnature-epsomska-sul-darkove-baleni-4x250-g\/","og_locale":"cs_CZ","og_type":"article","og_title":"Allnature Epsomsk\u00e1 s\u016fl d\u00e1rkov\u00e9 balen\u00ed 4x250 g - SHOPATOA.COM","og_description":"Allnature Epsomsk\u00e1 s\u016fl v d\u00e1rkov\u00e9m balen\u00ed ve \u010dty\u0159ech variant\u00e1ch. P\u0159ipravte si relaxa\u010dn\u00ed koupel s v\u016fn\u00ed bylinek, kter\u00e1 pom\u016f\u017ee uvolnit svaly a odbourat stres.","og_url":"https:\/\/shopatoa.com\/cz\/allnature-epsomska-sul-darkove-baleni-4x250-g\/","og_site_name":"SHOPATOA","article_modified_time":"2025-03-29T06:14:41+00:00","og_image":[{"width":635,"height":666,"url":"https:\/\/shopatoa.com\/cz\/wp-content\/uploads\/2025\/02\/67cab39bff9f5_thumbnail_8595674634467.jpg","type":"image\/jpeg"}],"twitter_card":"summary_large_image","schema":{"@context":"https:\/\/schema.org","@graph":[{"@type":"WebPage","@id":"https:\/\/shopatoa.com\/cz\/allnature-epsomska-sul-darkove-baleni-4x250-g\/","url":"https:\/\/shopatoa.com\/cz\/allnature-epsomska-sul-darkove-baleni-4x250-g\/","name":"Allnature Epsomsk\u00e1 s\u016fl d\u00e1rkov\u00e9 balen\u00ed 4x250 g - SHOPATOA.COM","isPartOf":{"@id":"https:\/\/shopatoa.com\/cz\/#website"},"primaryImageOfPage":{"@id":"https:\/\/shopatoa.com\/cz\/allnature-epsomska-sul-darkove-baleni-4x250-g\/#primaryimage"},"image":{"@id":"https:\/\/shopatoa.com\/cz\/allnature-epsomska-sul-darkove-baleni-4x250-g\/#primaryimage"},"thumbnailUrl":"https:\/\/shopatoa.com\/cz\/wp-content\/uploads\/2025\/02\/67cab39bff9f5_thumbnail_8595674634467.jpg","datePublished":"2025-03-29T06:14:36+00:00","dateModified":"2025-03-29T06:14:41+00:00","breadcrumb":{"@id":"https:\/\/shopatoa.com\/cz\/allnature-epsomska-sul-darkove-baleni-4x250-g\/#breadcrumb"},"inLanguage":"cs","potentialAction":[{"@type":"ReadAction","target":["https:\/\/shopatoa.com\/cz\/allnature-epsomska-sul-darkove-baleni-4x250-g\/"]}]},{"@type":"ImageObject","inLanguage":"cs","@id":"https:\/\/shopatoa.com\/cz\/allnature-epsomska-sul-darkove-baleni-4x250-g\/#primaryimage","url":"https:\/\/shopatoa.com\/cz\/wp-content\/uploads\/2025\/02\/67cab39bff9f5_thumbnail_8595674634467.jpg","contentUrl":"https:\/\/shopatoa.com\/cz\/wp-content\/uploads\/2025\/02\/67cab39bff9f5_thumbnail_8595674634467.jpg","width":635,"height":666},{"@type":"BreadcrumbList","@id":"https:\/\/shopatoa.com\/cz\/allnature-epsomska-sul-darkove-baleni-4x250-g\/#breadcrumb","itemListElement":[{"@type":"ListItem","position":1,"name":"Dom\u016f","item":"https:\/\/shopatoa.com\/cz\/"},{"@type":"ListItem","position":2,"name":"Produkty","item":"https:\/\/shopatoa.com\/cz\/shop\/"},{"@type":"ListItem","position":3,"name":"Allnature Epsomsk\u00e1 s\u016fl d\u00e1rkov\u00e9 balen\u00ed 4&#215;250 g"}]},{"@type":"WebSite","@id":"https:\/\/shopatoa.com\/cz\/#website","url":"https:\/\/shopatoa.com\/cz\/","name":"SHOPATOA","description":"","publisher":{"@id":"https:\/\/shopatoa.com\/cz\/#organization"},"potentialAction":[{"@type":"SearchAction","target":{"@type":"EntryPoint","urlTemplate":"https:\/\/shopatoa.com\/cz\/?s={search_term_string}"},"query-input":{"@type":"PropertyValueSpecification","valueRequired":true,"valueName":"search_term_string"}}],"inLanguage":"cs"},{"@type":"Organization","@id":"https:\/\/shopatoa.com\/cz\/#organization","name":"SHOPATOA Digital s.r.o.","url":"https:\/\/shopatoa.com\/cz\/","logo":{"@type":"ImageObject","inLanguage":"cs","@id":"https:\/\/shopatoa.com\/cz\/#\/schema\/logo\/image\/","url":"https:\/\/storage.googleapis.com\/cz-shopatoa-img\/cz\/ebccf434-shopatoa_logo.png","contentUrl":"https:\/\/storage.googleapis.com\/cz-shopatoa-img\/cz\/ebccf434-shopatoa_logo.png","width":416,"height":63,"caption":"SHOPATOA Digital s.r.o."},"image":{"@id":"https:\/\/shopatoa.com\/cz\/#\/schema\/logo\/image\/"}}]}},"_links":{"self":[{"href":"https:\/\/shopatoa.com\/cz\/wp-json\/wp\/v2\/product\/240461","targetHints":{"allow":["GET"]}}],"collection":[{"href":"https:\/\/shopatoa.com\/cz\/wp-json\/wp\/v2\/product"}],"about":[{"href":"https:\/\/shopatoa.com\/cz\/wp-json\/wp\/v2\/types\/product"}],"replies":[{"embeddable":true,"href":"https:\/\/shopatoa.com\/cz\/wp-json\/wp\/v2\/comments?post=240461"}],"wp:featuredmedia":[{"embeddable":true,"href":"https:\/\/shopatoa.com\/cz\/wp-json\/wp\/v2\/media\/158530"}],"wp:attachment":[{"href":"https:\/\/shopatoa.com\/cz\/wp-json\/wp\/v2\/media?parent=240461"}],"wp:term":[{"taxonomy":"product_brand","embeddable":true,"href":"https:\/\/shopatoa.com\/cz\/wp-json\/wp\/v2\/product_brand?post=240461"},{"taxonomy":"product_cat","embeddable":true,"href":"https:\/\/shopatoa.com\/cz\/wp-json\/wp\/v2\/product_cat?post=240461"},{"taxonomy":"product_tag","embeddable":true,"href":"https:\/\/shopatoa.com\/cz\/wp-json\/wp\/v2\/product_tag?post=240461"}],"curies":[{"name":"wp","href":"https:\/\/api.w.org\/{rel}","templated":true}]}}