{"id":240547,"date":"2025-04-01T15:01:52","date_gmt":"2025-04-01T13:01:52","guid":{"rendered":"https:\/\/shopatoa.com\/cz\/?post_type=product&#038;p=240547"},"modified":"2026-02-04T10:10:46","modified_gmt":"2026-02-04T09:10:46","slug":"kompresor-marina-50","status":"publish","type":"product","link":"https:\/\/shopatoa.com\/cz\/kompresor-marina-50\/","title":{"rendered":"Kompresor MARINA 50"},"content":{"rendered":"<p>Kompresor pro akv\u00e1ria do 60 litr\u016f.<\/p>\n<p>Vzduchovac\u00ed motorek k vytvo\u0159en\u00ed jemn\u00fdch vzduchov\u00fdch bublin vhodn\u00fd pro v\u0161echny typy akv\u00e1ri\u00ed.<\/p>\n<p>Lze k n\u011bmu p\u0159ipojit vzduchovac\u00ed kameny a r\u016fzn\u00e9 dekorace.<\/p>\n<p>V\u00fdkon: 50 l \/ h.<\/p>\n","protected":false},"excerpt":{"rendered":"<p>Kompresor pro akv\u00e1ria do 60 litr\u016f. Vzduchovac\u00ed motorek k vytvo\u0159en\u00ed jemn\u00fdch vzduchov\u00fdch bublin vhodn\u00fd pro v\u0161echny typy akv\u00e1ri\u00ed. Lze k n\u011bmu p\u0159ipojit vzduchovac\u00ed kameny a r\u016fzn\u00e9 dekorace. V\u00fdkon: 50 l \/ h.<\/p>\n","protected":false},"featured_media":240548,"comment_status":"closed","ping_status":"open","template":"","meta":{"_acf_changed":false,"_kadence_starter_templates_imported_post":false,"_kad_post_transparent":"","_kad_post_title":"","_kad_post_layout":"","_kad_post_sidebar_id":"","_kad_post_content_style":"","_kad_post_vertical_padding":"","_kad_post_feature":"","_kad_post_feature_position":"","_kad_post_header":false,"_kad_post_footer":false,"_kad_post_classname":""},"product_brand":[2509],"product_cat":[2520,2511,2510,436,2519],"product_tag":[],"class_list":{"0":"post-240547","1":"product","2":"type-product","3":"status-publish","4":"has-post-thumbnail","6":"product_brand-marina","7":"product_cat-akvarijni-kompresory","8":"product_cat-akvarijni-technika","9":"product_cat-akvaristika","10":"product_cat-chovatelske-potreby-2","11":"product_cat-vzduchovani-do-akvaria","12":"pa_obchod-superzoo-cz","14":"first","15":"instock","16":"product-type-external","17":"entry","18":"content-bg","19":"loop-entry"},"acf":[],"yoast_head":"<!-- This site is optimized with the Yoast SEO plugin v27.4 - https:\/\/yoast.com\/product\/yoast-seo-wordpress\/ -->\n<title>Kompresor MARINA 50 - SHOPATOA.COM<\/title>\n<meta name=\"robots\" content=\"index, follow, max-snippet:-1, max-image-preview:large, max-video-preview:-1\" \/>\n<link rel=\"canonical\" href=\"https:\/\/shopatoa.com\/cz\/kompresor-marina-50\/\" \/>\n<meta property=\"og:locale\" content=\"cs_CZ\" \/>\n<meta property=\"og:type\" content=\"article\" \/>\n<meta property=\"og:title\" content=\"Kompresor MARINA 50 - SHOPATOA.COM\" \/>\n<meta property=\"og:description\" content=\"Kompresor pro akv\u00e1ria do 60 litr\u016f. Vzduchovac\u00ed motorek k vytvo\u0159en\u00ed jemn\u00fdch vzduchov\u00fdch bublin vhodn\u00fd pro v\u0161echny typy akv\u00e1ri\u00ed. Lze k n\u011bmu p\u0159ipojit vzduchovac\u00ed kameny a r\u016fzn\u00e9 dekorace. V\u00fdkon: 50 l \/ h.\" \/>\n<meta property=\"og:url\" content=\"https:\/\/shopatoa.com\/cz\/kompresor-marina-50\/\" \/>\n<meta property=\"og:site_name\" content=\"SHOPATOA\" \/>\n<meta property=\"article:modified_time\" content=\"2026-02-04T09:10:46+00:00\" \/>\n<meta property=\"og:image\" content=\"https:\/\/storage.googleapis.com\/cz-shopatoa-img\/cz\/81380b9c-1_24365.jpg\" \/>\n\t<meta property=\"og:image:width\" content=\"600\" \/>\n\t<meta property=\"og:image:height\" content=\"600\" \/>\n\t<meta property=\"og:image:type\" content=\"image\/jpeg\" \/>\n<meta name=\"twitter:card\" content=\"summary_large_image\" \/>\n<script type=\"application\/ld+json\" class=\"yoast-schema-graph\">{\"@context\":\"https:\\\/\\\/schema.org\",\"@graph\":[{\"@type\":\"WebPage\",\"@id\":\"https:\\\/\\\/shopatoa.com\\\/cz\\\/kompresor-marina-50\\\/\",\"url\":\"https:\\\/\\\/shopatoa.com\\\/cz\\\/kompresor-marina-50\\\/\",\"name\":\"Kompresor MARINA 50 - SHOPATOA.COM\",\"isPartOf\":{\"@id\":\"https:\\\/\\\/shopatoa.com\\\/cz\\\/#website\"},\"primaryImageOfPage\":{\"@id\":\"https:\\\/\\\/shopatoa.com\\\/cz\\\/kompresor-marina-50\\\/#primaryimage\"},\"image\":{\"@id\":\"https:\\\/\\\/shopatoa.com\\\/cz\\\/kompresor-marina-50\\\/#primaryimage\"},\"thumbnailUrl\":\"https:\\\/\\\/storage.googleapis.com\\\/cz-shopatoa-img\\\/cz\\\/81380b9c-1_24365.jpg\",\"datePublished\":\"2025-04-01T13:01:52+00:00\",\"dateModified\":\"2026-02-04T09:10:46+00:00\",\"breadcrumb\":{\"@id\":\"https:\\\/\\\/shopatoa.com\\\/cz\\\/kompresor-marina-50\\\/#breadcrumb\"},\"inLanguage\":\"cs\",\"potentialAction\":[{\"@type\":\"ReadAction\",\"target\":[\"https:\\\/\\\/shopatoa.com\\\/cz\\\/kompresor-marina-50\\\/\"]}]},{\"@type\":\"ImageObject\",\"inLanguage\":\"cs\",\"@id\":\"https:\\\/\\\/shopatoa.com\\\/cz\\\/kompresor-marina-50\\\/#primaryimage\",\"url\":\"https:\\\/\\\/storage.googleapis.com\\\/cz-shopatoa-img\\\/cz\\\/81380b9c-1_24365.jpg\",\"contentUrl\":\"https:\\\/\\\/storage.googleapis.com\\\/cz-shopatoa-img\\\/cz\\\/81380b9c-1_24365.jpg\",\"width\":600,\"height\":600},{\"@type\":\"BreadcrumbList\",\"@id\":\"https:\\\/\\\/shopatoa.com\\\/cz\\\/kompresor-marina-50\\\/#breadcrumb\",\"itemListElement\":[{\"@type\":\"ListItem\",\"position\":1,\"name\":\"Dom\u016f\",\"item\":\"https:\\\/\\\/shopatoa.com\\\/cz\\\/\"},{\"@type\":\"ListItem\",\"position\":2,\"name\":\"Produkty\",\"item\":\"https:\\\/\\\/shopatoa.com\\\/cz\\\/shop\\\/\"},{\"@type\":\"ListItem\",\"position\":3,\"name\":\"Chovatelsk\u00e9 pot\u0159eby\",\"item\":\"https:\\\/\\\/shopatoa.com\\\/cz\\\/chovatelske-potreby-2\\\/\"},{\"@type\":\"ListItem\",\"position\":4,\"name\":\"Akvaristika\",\"item\":\"https:\\\/\\\/shopatoa.com\\\/cz\\\/akvaristika\\\/\"},{\"@type\":\"ListItem\",\"position\":5,\"name\":\"Akvarijn\u00ed technika\",\"item\":\"https:\\\/\\\/shopatoa.com\\\/cz\\\/akvarijni-technika\\\/\"},{\"@type\":\"ListItem\",\"position\":6,\"name\":\"Vzduchov\u00e1n\u00ed do akv\u00e1ria\",\"item\":\"https:\\\/\\\/shopatoa.com\\\/cz\\\/vzduchovani-do-akvaria\\\/\"},{\"@type\":\"ListItem\",\"position\":7,\"name\":\"Akvarijn\u00ed kompresory\",\"item\":\"https:\\\/\\\/shopatoa.com\\\/cz\\\/akvarijni-kompresory\\\/\"},{\"@type\":\"ListItem\",\"position\":8,\"name\":\"Kompresor MARINA 50\"}]},{\"@type\":\"WebSite\",\"@id\":\"https:\\\/\\\/shopatoa.com\\\/cz\\\/#website\",\"url\":\"https:\\\/\\\/shopatoa.com\\\/cz\\\/\",\"name\":\"SHOPATOA\",\"description\":\"\",\"publisher\":{\"@id\":\"https:\\\/\\\/shopatoa.com\\\/cz\\\/#organization\"},\"potentialAction\":[{\"@type\":\"SearchAction\",\"target\":{\"@type\":\"EntryPoint\",\"urlTemplate\":\"https:\\\/\\\/shopatoa.com\\\/cz\\\/?s={search_term_string}\"},\"query-input\":{\"@type\":\"PropertyValueSpecification\",\"valueRequired\":true,\"valueName\":\"search_term_string\"}}],\"inLanguage\":\"cs\"},{\"@type\":\"Organization\",\"@id\":\"https:\\\/\\\/shopatoa.com\\\/cz\\\/#organization\",\"name\":\"SHOPATOA Digital s.r.o.\",\"url\":\"https:\\\/\\\/shopatoa.com\\\/cz\\\/\",\"logo\":{\"@type\":\"ImageObject\",\"inLanguage\":\"cs\",\"@id\":\"https:\\\/\\\/shopatoa.com\\\/cz\\\/#\\\/schema\\\/logo\\\/image\\\/\",\"url\":\"https:\\\/\\\/storage.googleapis.com\\\/cz-shopatoa-img\\\/cz\\\/ebccf434-shopatoa_logo.png\",\"contentUrl\":\"https:\\\/\\\/storage.googleapis.com\\\/cz-shopatoa-img\\\/cz\\\/ebccf434-shopatoa_logo.png\",\"width\":416,\"height\":63,\"caption\":\"SHOPATOA Digital s.r.o.\"},\"image\":{\"@id\":\"https:\\\/\\\/shopatoa.com\\\/cz\\\/#\\\/schema\\\/logo\\\/image\\\/\"}}]}<\/script>\n<!-- \/ Yoast SEO plugin. -->","yoast_head_json":{"title":"Kompresor MARINA 50 - SHOPATOA.COM","robots":{"index":"index","follow":"follow","max-snippet":"max-snippet:-1","max-image-preview":"max-image-preview:large","max-video-preview":"max-video-preview:-1"},"canonical":"https:\/\/shopatoa.com\/cz\/kompresor-marina-50\/","og_locale":"cs_CZ","og_type":"article","og_title":"Kompresor MARINA 50 - SHOPATOA.COM","og_description":"Kompresor pro akv\u00e1ria do 60 litr\u016f. Vzduchovac\u00ed motorek k vytvo\u0159en\u00ed jemn\u00fdch vzduchov\u00fdch bublin vhodn\u00fd pro v\u0161echny typy akv\u00e1ri\u00ed. Lze k n\u011bmu p\u0159ipojit vzduchovac\u00ed kameny a r\u016fzn\u00e9 dekorace. V\u00fdkon: 50 l \/ h.","og_url":"https:\/\/shopatoa.com\/cz\/kompresor-marina-50\/","og_site_name":"SHOPATOA","article_modified_time":"2026-02-04T09:10:46+00:00","og_image":[{"width":600,"height":600,"url":"https:\/\/storage.googleapis.com\/cz-shopatoa-img\/cz\/81380b9c-1_24365.jpg","type":"image\/jpeg"}],"twitter_card":"summary_large_image","schema":{"@context":"https:\/\/schema.org","@graph":[{"@type":"WebPage","@id":"https:\/\/shopatoa.com\/cz\/kompresor-marina-50\/","url":"https:\/\/shopatoa.com\/cz\/kompresor-marina-50\/","name":"Kompresor MARINA 50 - SHOPATOA.COM","isPartOf":{"@id":"https:\/\/shopatoa.com\/cz\/#website"},"primaryImageOfPage":{"@id":"https:\/\/shopatoa.com\/cz\/kompresor-marina-50\/#primaryimage"},"image":{"@id":"https:\/\/shopatoa.com\/cz\/kompresor-marina-50\/#primaryimage"},"thumbnailUrl":"https:\/\/storage.googleapis.com\/cz-shopatoa-img\/cz\/81380b9c-1_24365.jpg","datePublished":"2025-04-01T13:01:52+00:00","dateModified":"2026-02-04T09:10:46+00:00","breadcrumb":{"@id":"https:\/\/shopatoa.com\/cz\/kompresor-marina-50\/#breadcrumb"},"inLanguage":"cs","potentialAction":[{"@type":"ReadAction","target":["https:\/\/shopatoa.com\/cz\/kompresor-marina-50\/"]}]},{"@type":"ImageObject","inLanguage":"cs","@id":"https:\/\/shopatoa.com\/cz\/kompresor-marina-50\/#primaryimage","url":"https:\/\/storage.googleapis.com\/cz-shopatoa-img\/cz\/81380b9c-1_24365.jpg","contentUrl":"https:\/\/storage.googleapis.com\/cz-shopatoa-img\/cz\/81380b9c-1_24365.jpg","width":600,"height":600},{"@type":"BreadcrumbList","@id":"https:\/\/shopatoa.com\/cz\/kompresor-marina-50\/#breadcrumb","itemListElement":[{"@type":"ListItem","position":1,"name":"Dom\u016f","item":"https:\/\/shopatoa.com\/cz\/"},{"@type":"ListItem","position":2,"name":"Produkty","item":"https:\/\/shopatoa.com\/cz\/shop\/"},{"@type":"ListItem","position":3,"name":"Chovatelsk\u00e9 pot\u0159eby","item":"https:\/\/shopatoa.com\/cz\/chovatelske-potreby-2\/"},{"@type":"ListItem","position":4,"name":"Akvaristika","item":"https:\/\/shopatoa.com\/cz\/akvaristika\/"},{"@type":"ListItem","position":5,"name":"Akvarijn\u00ed technika","item":"https:\/\/shopatoa.com\/cz\/akvarijni-technika\/"},{"@type":"ListItem","position":6,"name":"Vzduchov\u00e1n\u00ed do akv\u00e1ria","item":"https:\/\/shopatoa.com\/cz\/vzduchovani-do-akvaria\/"},{"@type":"ListItem","position":7,"name":"Akvarijn\u00ed kompresory","item":"https:\/\/shopatoa.com\/cz\/akvarijni-kompresory\/"},{"@type":"ListItem","position":8,"name":"Kompresor MARINA 50"}]},{"@type":"WebSite","@id":"https:\/\/shopatoa.com\/cz\/#website","url":"https:\/\/shopatoa.com\/cz\/","name":"SHOPATOA","description":"","publisher":{"@id":"https:\/\/shopatoa.com\/cz\/#organization"},"potentialAction":[{"@type":"SearchAction","target":{"@type":"EntryPoint","urlTemplate":"https:\/\/shopatoa.com\/cz\/?s={search_term_string}"},"query-input":{"@type":"PropertyValueSpecification","valueRequired":true,"valueName":"search_term_string"}}],"inLanguage":"cs"},{"@type":"Organization","@id":"https:\/\/shopatoa.com\/cz\/#organization","name":"SHOPATOA Digital s.r.o.","url":"https:\/\/shopatoa.com\/cz\/","logo":{"@type":"ImageObject","inLanguage":"cs","@id":"https:\/\/shopatoa.com\/cz\/#\/schema\/logo\/image\/","url":"https:\/\/storage.googleapis.com\/cz-shopatoa-img\/cz\/ebccf434-shopatoa_logo.png","contentUrl":"https:\/\/storage.googleapis.com\/cz-shopatoa-img\/cz\/ebccf434-shopatoa_logo.png","width":416,"height":63,"caption":"SHOPATOA Digital s.r.o."},"image":{"@id":"https:\/\/shopatoa.com\/cz\/#\/schema\/logo\/image\/"}}]}},"_links":{"self":[{"href":"https:\/\/shopatoa.com\/cz\/wp-json\/wp\/v2\/product\/240547","targetHints":{"allow":["GET"]}}],"collection":[{"href":"https:\/\/shopatoa.com\/cz\/wp-json\/wp\/v2\/product"}],"about":[{"href":"https:\/\/shopatoa.com\/cz\/wp-json\/wp\/v2\/types\/product"}],"replies":[{"embeddable":true,"href":"https:\/\/shopatoa.com\/cz\/wp-json\/wp\/v2\/comments?post=240547"}],"wp:featuredmedia":[{"embeddable":true,"href":"https:\/\/shopatoa.com\/cz\/wp-json\/wp\/v2\/media\/240548"}],"wp:attachment":[{"href":"https:\/\/shopatoa.com\/cz\/wp-json\/wp\/v2\/media?parent=240547"}],"wp:term":[{"taxonomy":"product_brand","embeddable":true,"href":"https:\/\/shopatoa.com\/cz\/wp-json\/wp\/v2\/product_brand?post=240547"},{"taxonomy":"product_cat","embeddable":true,"href":"https:\/\/shopatoa.com\/cz\/wp-json\/wp\/v2\/product_cat?post=240547"},{"taxonomy":"product_tag","embeddable":true,"href":"https:\/\/shopatoa.com\/cz\/wp-json\/wp\/v2\/product_tag?post=240547"}],"curies":[{"name":"wp","href":"https:\/\/api.w.org\/{rel}","templated":true}]}}