{"id":240817,"date":"2025-04-01T15:16:28","date_gmt":"2025-04-01T13:16:28","guid":{"rendered":"https:\/\/shopatoa.com\/cz\/?post_type=product&#038;p=240817"},"modified":"2026-02-04T09:31:05","modified_gmt":"2026-02-04T08:31:05","slug":"cerpadlo-exo-terra-repti-flo-200","status":"publish","type":"product","link":"https:\/\/shopatoa.com\/cz\/cerpadlo-exo-terra-repti-flo-200\/","title":{"rendered":"\u010cerpadlo Exo Terra Repti Flo 200"},"content":{"rendered":"<p>V\u00edce\u00fa\u010delov\u00e9 ponorn\u00e9 \u010derpadlo pro ter\u00e1ria i akv\u00e1ria.Ur\u010deno pouze pro sladkou vodu.<\/p>\n<p>\u010cerpadlo je ur\u010deno k pou\u017eit\u00ed v akv\u00e1ri\u00edch nebo ter\u00e1ri\u00edch jako nap\u0159\u00edklad pro terarijn\u00ed vodop\u00e1dy, cirkulaci vody apod. \u010cerpadlo um\u00edst\u011bte na dno ter\u00e1ria, do \u010dist\u00e9 vody. P\u00edsek, \u010di naplaveniny zp\u016fsob\u00ed p\u0159ed\u010dasn\u00e9 zan\u00e1\u0161en\u00ed vnit\u0159n\u00edch \u010d\u00e1st\u00ed \u010derpadla, nebo mohou \u010dinnost \u010derpadla zastavit \u00fapln\u011b. Zajist\u011bte proto, aby voda neobsahovala velk\u00e9 \u010d\u00e1sti ne\u010distot, proto\u017ee jedin\u011b tak zabr\u00e1n\u00edte po\u0161kozen\u00ed krytu vrtulky, nebo vrtulky sam\u00e9. Je-li v akv\u00e1riu jemn\u00fd p\u00edsek je t\u0159eba jako prevenci p\u0159ed ucp\u00e1n\u00edm pou\u017e\u00edt Repti Flo molitan (lze zakoupit samostatn\u011b). Zapojte \u010derpadlo do elektrick\u00e9 s\u00edt\u011b. P\u0159i prvn\u00edm pou\u017eit\u00ed mus\u00ed b\u00fdt \u010derpadlo napln\u011bno \u010distou vodou. Jestli\u017ee \u010derpadlo neza\u010dne ihned fungovat, zat\u0159epte jemn\u011b \u010derpadlem, aby byly uvoln\u011bny p\u0159\u00edpadn\u00e9 vzduchov\u00e9 bubliny.<\/p>\n<p>Rozm\u011bry<\/p>\n<p>\u00a05 x 3,5 x 4,5 cm<\/p>\n<p>\u010cerpadlo je vhodn\u00e9 k pou\u017eit\u00ed ve vod\u011b do +35 oC.\u00a0<\/p>\n<p>Zajist\u011bte, aby \u010derpadlo bylo b\u011bhem provozu zcela pono\u0159en\u00e9 ve vod\u011b &#8211; \u010derpadlo&#8230;<\/p>\n","protected":false},"excerpt":{"rendered":"<p>V\u00edce\u00fa\u010delov\u00e9 ponorn\u00e9 \u010derpadlo pro ter\u00e1ria i akv\u00e1ria.Ur\u010deno pouze pro sladkou vodu. \u010cerpadlo je ur\u010deno k pou\u017eit\u00ed v akv\u00e1ri\u00edch nebo ter\u00e1ri\u00edch jako nap\u0159\u00edklad pro terarijn\u00ed vodop\u00e1dy, cirkulaci vody apod. \u010cerpadlo um\u00edst\u011bte na dno ter\u00e1ria, do \u010dist\u00e9 vody. P\u00edsek, \u010di naplaveniny zp\u016fsob\u00ed p\u0159ed\u010dasn\u00e9 zan\u00e1\u0161en\u00ed vnit\u0159n\u00edch \u010d\u00e1st\u00ed \u010derpadla, nebo mohou \u010dinnost \u010derpadla zastavit \u00fapln\u011b. Zajist\u011bte proto, aby voda&#8230;<\/p>\n","protected":false},"featured_media":240818,"comment_status":"closed","ping_status":"open","template":"","meta":{"_acf_changed":false,"_kadence_starter_templates_imported_post":false,"_kad_post_transparent":"","_kad_post_title":"","_kad_post_layout":"","_kad_post_sidebar_id":"","_kad_post_content_style":"","_kad_post_vertical_padding":"","_kad_post_feature":"","_kad_post_feature_position":"","_kad_post_header":false,"_kad_post_footer":false,"_kad_post_classname":""},"product_brand":[2552],"product_cat":[436,2553,2528],"product_tag":[],"class_list":{"0":"post-240817","1":"product","2":"type-product","3":"status-publish","4":"has-post-thumbnail","6":"product_brand-exo-terra","7":"product_cat-chovatelske-potreby-2","8":"product_cat-terarijni-technika","9":"product_cat-teraristika","10":"pa_obchod-superzoo-cz","12":"first","13":"instock","14":"product-type-external","15":"entry","16":"content-bg","17":"loop-entry"},"acf":[],"yoast_head":"<!-- This site is optimized with the Yoast SEO plugin v27.4 - https:\/\/yoast.com\/product\/yoast-seo-wordpress\/ -->\n<title>\u010cerpadlo Exo Terra Repti Flo 200 - SHOPATOA.COM<\/title>\n<meta name=\"robots\" content=\"index, follow, max-snippet:-1, max-image-preview:large, max-video-preview:-1\" \/>\n<link rel=\"canonical\" href=\"https:\/\/shopatoa.com\/cz\/cerpadlo-exo-terra-repti-flo-200\/\" \/>\n<meta property=\"og:locale\" content=\"cs_CZ\" \/>\n<meta property=\"og:type\" content=\"article\" \/>\n<meta property=\"og:title\" content=\"\u010cerpadlo Exo Terra Repti Flo 200 - SHOPATOA.COM\" \/>\n<meta property=\"og:description\" content=\"V\u00edce\u00fa\u010delov\u00e9 ponorn\u00e9 \u010derpadlo pro ter\u00e1ria i akv\u00e1ria.Ur\u010deno pouze pro sladkou vodu. \u010cerpadlo je ur\u010deno k pou\u017eit\u00ed v akv\u00e1ri\u00edch nebo ter\u00e1ri\u00edch jako nap\u0159\u00edklad pro terarijn\u00ed vodop\u00e1dy, cirkulaci vody apod. \u010cerpadlo um\u00edst\u011bte na dno ter\u00e1ria, do \u010dist\u00e9 vody. P\u00edsek, \u010di naplaveniny zp\u016fsob\u00ed p\u0159ed\u010dasn\u00e9 zan\u00e1\u0161en\u00ed vnit\u0159n\u00edch \u010d\u00e1st\u00ed \u010derpadla, nebo mohou \u010dinnost \u010derpadla zastavit \u00fapln\u011b. Zajist\u011bte proto, aby voda...\" \/>\n<meta property=\"og:url\" content=\"https:\/\/shopatoa.com\/cz\/cerpadlo-exo-terra-repti-flo-200\/\" \/>\n<meta property=\"og:site_name\" content=\"SHOPATOA\" \/>\n<meta property=\"article:modified_time\" content=\"2026-02-04T08:31:05+00:00\" \/>\n<meta property=\"og:image\" content=\"https:\/\/storage.googleapis.com\/cz-shopatoa-img\/cz\/03abaebb-1_24123.jpg\" \/>\n\t<meta property=\"og:image:width\" content=\"600\" \/>\n\t<meta property=\"og:image:height\" content=\"600\" \/>\n\t<meta property=\"og:image:type\" content=\"image\/jpeg\" \/>\n<meta name=\"twitter:card\" content=\"summary_large_image\" \/>\n<meta name=\"twitter:label1\" content=\"Odhadovan\u00e1 doba \u010dten\u00ed\" \/>\n\t<meta name=\"twitter:data1\" content=\"1 minuta\" \/>\n<script type=\"application\/ld+json\" class=\"yoast-schema-graph\">{\"@context\":\"https:\\\/\\\/schema.org\",\"@graph\":[{\"@type\":\"WebPage\",\"@id\":\"https:\\\/\\\/shopatoa.com\\\/cz\\\/cerpadlo-exo-terra-repti-flo-200\\\/\",\"url\":\"https:\\\/\\\/shopatoa.com\\\/cz\\\/cerpadlo-exo-terra-repti-flo-200\\\/\",\"name\":\"\u010cerpadlo Exo Terra Repti Flo 200 - SHOPATOA.COM\",\"isPartOf\":{\"@id\":\"https:\\\/\\\/shopatoa.com\\\/cz\\\/#website\"},\"primaryImageOfPage\":{\"@id\":\"https:\\\/\\\/shopatoa.com\\\/cz\\\/cerpadlo-exo-terra-repti-flo-200\\\/#primaryimage\"},\"image\":{\"@id\":\"https:\\\/\\\/shopatoa.com\\\/cz\\\/cerpadlo-exo-terra-repti-flo-200\\\/#primaryimage\"},\"thumbnailUrl\":\"https:\\\/\\\/storage.googleapis.com\\\/cz-shopatoa-img\\\/cz\\\/03abaebb-1_24123.jpg\",\"datePublished\":\"2025-04-01T13:16:28+00:00\",\"dateModified\":\"2026-02-04T08:31:05+00:00\",\"breadcrumb\":{\"@id\":\"https:\\\/\\\/shopatoa.com\\\/cz\\\/cerpadlo-exo-terra-repti-flo-200\\\/#breadcrumb\"},\"inLanguage\":\"cs\",\"potentialAction\":[{\"@type\":\"ReadAction\",\"target\":[\"https:\\\/\\\/shopatoa.com\\\/cz\\\/cerpadlo-exo-terra-repti-flo-200\\\/\"]}]},{\"@type\":\"ImageObject\",\"inLanguage\":\"cs\",\"@id\":\"https:\\\/\\\/shopatoa.com\\\/cz\\\/cerpadlo-exo-terra-repti-flo-200\\\/#primaryimage\",\"url\":\"https:\\\/\\\/storage.googleapis.com\\\/cz-shopatoa-img\\\/cz\\\/03abaebb-1_24123.jpg\",\"contentUrl\":\"https:\\\/\\\/storage.googleapis.com\\\/cz-shopatoa-img\\\/cz\\\/03abaebb-1_24123.jpg\",\"width\":600,\"height\":600},{\"@type\":\"BreadcrumbList\",\"@id\":\"https:\\\/\\\/shopatoa.com\\\/cz\\\/cerpadlo-exo-terra-repti-flo-200\\\/#breadcrumb\",\"itemListElement\":[{\"@type\":\"ListItem\",\"position\":1,\"name\":\"Dom\u016f\",\"item\":\"https:\\\/\\\/shopatoa.com\\\/cz\\\/\"},{\"@type\":\"ListItem\",\"position\":2,\"name\":\"Produkty\",\"item\":\"https:\\\/\\\/shopatoa.com\\\/cz\\\/shop\\\/\"},{\"@type\":\"ListItem\",\"position\":3,\"name\":\"Chovatelsk\u00e9 pot\u0159eby\",\"item\":\"https:\\\/\\\/shopatoa.com\\\/cz\\\/chovatelske-potreby-2\\\/\"},{\"@type\":\"ListItem\",\"position\":4,\"name\":\"Teraristika\",\"item\":\"https:\\\/\\\/shopatoa.com\\\/cz\\\/teraristika\\\/\"},{\"@type\":\"ListItem\",\"position\":5,\"name\":\"Terarijn\u00ed technika\",\"item\":\"https:\\\/\\\/shopatoa.com\\\/cz\\\/terarijni-technika\\\/\"},{\"@type\":\"ListItem\",\"position\":6,\"name\":\"\u010cerpadlo Exo Terra Repti Flo 200\"}]},{\"@type\":\"WebSite\",\"@id\":\"https:\\\/\\\/shopatoa.com\\\/cz\\\/#website\",\"url\":\"https:\\\/\\\/shopatoa.com\\\/cz\\\/\",\"name\":\"SHOPATOA\",\"description\":\"\",\"publisher\":{\"@id\":\"https:\\\/\\\/shopatoa.com\\\/cz\\\/#organization\"},\"potentialAction\":[{\"@type\":\"SearchAction\",\"target\":{\"@type\":\"EntryPoint\",\"urlTemplate\":\"https:\\\/\\\/shopatoa.com\\\/cz\\\/?s={search_term_string}\"},\"query-input\":{\"@type\":\"PropertyValueSpecification\",\"valueRequired\":true,\"valueName\":\"search_term_string\"}}],\"inLanguage\":\"cs\"},{\"@type\":\"Organization\",\"@id\":\"https:\\\/\\\/shopatoa.com\\\/cz\\\/#organization\",\"name\":\"SHOPATOA Digital s.r.o.\",\"url\":\"https:\\\/\\\/shopatoa.com\\\/cz\\\/\",\"logo\":{\"@type\":\"ImageObject\",\"inLanguage\":\"cs\",\"@id\":\"https:\\\/\\\/shopatoa.com\\\/cz\\\/#\\\/schema\\\/logo\\\/image\\\/\",\"url\":\"https:\\\/\\\/storage.googleapis.com\\\/cz-shopatoa-img\\\/cz\\\/ebccf434-shopatoa_logo.png\",\"contentUrl\":\"https:\\\/\\\/storage.googleapis.com\\\/cz-shopatoa-img\\\/cz\\\/ebccf434-shopatoa_logo.png\",\"width\":416,\"height\":63,\"caption\":\"SHOPATOA Digital s.r.o.\"},\"image\":{\"@id\":\"https:\\\/\\\/shopatoa.com\\\/cz\\\/#\\\/schema\\\/logo\\\/image\\\/\"}}]}<\/script>\n<!-- \/ Yoast SEO plugin. -->","yoast_head_json":{"title":"\u010cerpadlo Exo Terra Repti Flo 200 - SHOPATOA.COM","robots":{"index":"index","follow":"follow","max-snippet":"max-snippet:-1","max-image-preview":"max-image-preview:large","max-video-preview":"max-video-preview:-1"},"canonical":"https:\/\/shopatoa.com\/cz\/cerpadlo-exo-terra-repti-flo-200\/","og_locale":"cs_CZ","og_type":"article","og_title":"\u010cerpadlo Exo Terra Repti Flo 200 - SHOPATOA.COM","og_description":"V\u00edce\u00fa\u010delov\u00e9 ponorn\u00e9 \u010derpadlo pro ter\u00e1ria i akv\u00e1ria.Ur\u010deno pouze pro sladkou vodu. \u010cerpadlo je ur\u010deno k pou\u017eit\u00ed v akv\u00e1ri\u00edch nebo ter\u00e1ri\u00edch jako nap\u0159\u00edklad pro terarijn\u00ed vodop\u00e1dy, cirkulaci vody apod. \u010cerpadlo um\u00edst\u011bte na dno ter\u00e1ria, do \u010dist\u00e9 vody. P\u00edsek, \u010di naplaveniny zp\u016fsob\u00ed p\u0159ed\u010dasn\u00e9 zan\u00e1\u0161en\u00ed vnit\u0159n\u00edch \u010d\u00e1st\u00ed \u010derpadla, nebo mohou \u010dinnost \u010derpadla zastavit \u00fapln\u011b. Zajist\u011bte proto, aby voda...","og_url":"https:\/\/shopatoa.com\/cz\/cerpadlo-exo-terra-repti-flo-200\/","og_site_name":"SHOPATOA","article_modified_time":"2026-02-04T08:31:05+00:00","og_image":[{"width":600,"height":600,"url":"https:\/\/storage.googleapis.com\/cz-shopatoa-img\/cz\/03abaebb-1_24123.jpg","type":"image\/jpeg"}],"twitter_card":"summary_large_image","twitter_misc":{"Odhadovan\u00e1 doba \u010dten\u00ed":"1 minuta"},"schema":{"@context":"https:\/\/schema.org","@graph":[{"@type":"WebPage","@id":"https:\/\/shopatoa.com\/cz\/cerpadlo-exo-terra-repti-flo-200\/","url":"https:\/\/shopatoa.com\/cz\/cerpadlo-exo-terra-repti-flo-200\/","name":"\u010cerpadlo Exo Terra Repti Flo 200 - SHOPATOA.COM","isPartOf":{"@id":"https:\/\/shopatoa.com\/cz\/#website"},"primaryImageOfPage":{"@id":"https:\/\/shopatoa.com\/cz\/cerpadlo-exo-terra-repti-flo-200\/#primaryimage"},"image":{"@id":"https:\/\/shopatoa.com\/cz\/cerpadlo-exo-terra-repti-flo-200\/#primaryimage"},"thumbnailUrl":"https:\/\/storage.googleapis.com\/cz-shopatoa-img\/cz\/03abaebb-1_24123.jpg","datePublished":"2025-04-01T13:16:28+00:00","dateModified":"2026-02-04T08:31:05+00:00","breadcrumb":{"@id":"https:\/\/shopatoa.com\/cz\/cerpadlo-exo-terra-repti-flo-200\/#breadcrumb"},"inLanguage":"cs","potentialAction":[{"@type":"ReadAction","target":["https:\/\/shopatoa.com\/cz\/cerpadlo-exo-terra-repti-flo-200\/"]}]},{"@type":"ImageObject","inLanguage":"cs","@id":"https:\/\/shopatoa.com\/cz\/cerpadlo-exo-terra-repti-flo-200\/#primaryimage","url":"https:\/\/storage.googleapis.com\/cz-shopatoa-img\/cz\/03abaebb-1_24123.jpg","contentUrl":"https:\/\/storage.googleapis.com\/cz-shopatoa-img\/cz\/03abaebb-1_24123.jpg","width":600,"height":600},{"@type":"BreadcrumbList","@id":"https:\/\/shopatoa.com\/cz\/cerpadlo-exo-terra-repti-flo-200\/#breadcrumb","itemListElement":[{"@type":"ListItem","position":1,"name":"Dom\u016f","item":"https:\/\/shopatoa.com\/cz\/"},{"@type":"ListItem","position":2,"name":"Produkty","item":"https:\/\/shopatoa.com\/cz\/shop\/"},{"@type":"ListItem","position":3,"name":"Chovatelsk\u00e9 pot\u0159eby","item":"https:\/\/shopatoa.com\/cz\/chovatelske-potreby-2\/"},{"@type":"ListItem","position":4,"name":"Teraristika","item":"https:\/\/shopatoa.com\/cz\/teraristika\/"},{"@type":"ListItem","position":5,"name":"Terarijn\u00ed technika","item":"https:\/\/shopatoa.com\/cz\/terarijni-technika\/"},{"@type":"ListItem","position":6,"name":"\u010cerpadlo Exo Terra Repti Flo 200"}]},{"@type":"WebSite","@id":"https:\/\/shopatoa.com\/cz\/#website","url":"https:\/\/shopatoa.com\/cz\/","name":"SHOPATOA","description":"","publisher":{"@id":"https:\/\/shopatoa.com\/cz\/#organization"},"potentialAction":[{"@type":"SearchAction","target":{"@type":"EntryPoint","urlTemplate":"https:\/\/shopatoa.com\/cz\/?s={search_term_string}"},"query-input":{"@type":"PropertyValueSpecification","valueRequired":true,"valueName":"search_term_string"}}],"inLanguage":"cs"},{"@type":"Organization","@id":"https:\/\/shopatoa.com\/cz\/#organization","name":"SHOPATOA Digital s.r.o.","url":"https:\/\/shopatoa.com\/cz\/","logo":{"@type":"ImageObject","inLanguage":"cs","@id":"https:\/\/shopatoa.com\/cz\/#\/schema\/logo\/image\/","url":"https:\/\/storage.googleapis.com\/cz-shopatoa-img\/cz\/ebccf434-shopatoa_logo.png","contentUrl":"https:\/\/storage.googleapis.com\/cz-shopatoa-img\/cz\/ebccf434-shopatoa_logo.png","width":416,"height":63,"caption":"SHOPATOA Digital s.r.o."},"image":{"@id":"https:\/\/shopatoa.com\/cz\/#\/schema\/logo\/image\/"}}]}},"_links":{"self":[{"href":"https:\/\/shopatoa.com\/cz\/wp-json\/wp\/v2\/product\/240817","targetHints":{"allow":["GET"]}}],"collection":[{"href":"https:\/\/shopatoa.com\/cz\/wp-json\/wp\/v2\/product"}],"about":[{"href":"https:\/\/shopatoa.com\/cz\/wp-json\/wp\/v2\/types\/product"}],"replies":[{"embeddable":true,"href":"https:\/\/shopatoa.com\/cz\/wp-json\/wp\/v2\/comments?post=240817"}],"wp:featuredmedia":[{"embeddable":true,"href":"https:\/\/shopatoa.com\/cz\/wp-json\/wp\/v2\/media\/240818"}],"wp:attachment":[{"href":"https:\/\/shopatoa.com\/cz\/wp-json\/wp\/v2\/media?parent=240817"}],"wp:term":[{"taxonomy":"product_brand","embeddable":true,"href":"https:\/\/shopatoa.com\/cz\/wp-json\/wp\/v2\/product_brand?post=240817"},{"taxonomy":"product_cat","embeddable":true,"href":"https:\/\/shopatoa.com\/cz\/wp-json\/wp\/v2\/product_cat?post=240817"},{"taxonomy":"product_tag","embeddable":true,"href":"https:\/\/shopatoa.com\/cz\/wp-json\/wp\/v2\/product_tag?post=240817"}],"curies":[{"name":"wp","href":"https:\/\/api.w.org\/{rel}","templated":true}]}}