{"id":240885,"date":"2025-04-01T15:19:29","date_gmt":"2025-04-01T13:19:29","guid":{"rendered":"https:\/\/shopatoa.com\/cz\/?post_type=product&#038;p=240885"},"modified":"2026-02-04T09:23:12","modified_gmt":"2026-02-04T08:23:12","slug":"cricket-pen-exo-terra-s","status":"publish","type":"product","link":"https:\/\/shopatoa.com\/cz\/cricket-pen-exo-terra-s\/","title":{"rendered":"Cricket Pen EXO TERRA S"},"content":{"rendered":"<p>P\u0159enosn\u00fd pr\u016fhledn\u00fd plastov\u00fd box s d\u00e1vkova\u010dem pro p\u0159echov\u00e1n\u00ed, o\u0161et\u0159ov\u00e1n\u00ed a pod\u00e1v\u00e1n\u00ed cvr\u010dk\u016f.<\/p>\n<p>Kompletn\u00ed sada p\u00e9\u010de o cvr\u010dky. Sou\u010d\u00e1st\u00ed je miska na vodu a krmivo pro cvr\u010dky. Cvr\u010dci by m\u011bli b\u00fdt dr\u017eeni v dob\u0159e v\u011btran\u00e9 m\u00edstnosti o teplot\u011b mezi 21-24\u00b0C s n\u00edzkou vzdu\u0161nou vlhkost\u00ed. Udr\u017eujte z\u00e1sobn\u00edk mimo dosah slune\u010dn\u00edch paprsk\u016f a chladn\u00e9ho vzduchu. V\u017edy udr\u017eujte z\u00e1sobn\u00edk v \u010distot\u011b a suchu. Cvr\u010dci by v\u017edy m\u011bli m\u00edt dostate\u010dnou z\u00e1sobu kvalitn\u00edho krmiva a vody, oboj\u00ed um\u00edst\u011bte do p\u0159ilo\u017een\u00fdch n\u00e1dobek. Cvr\u010dci nemohou m\u00edt p\u0159\u00edstup k otev\u0159en\u00e9 vod\u011b. P\u0159ilo\u017een\u00fd molitan zabra\u0148uje utonut\u00ed cvr\u010dk\u016f.<\/p>\n<p>Velikost:\u00a016x9x14 cm<\/p>\n","protected":false},"excerpt":{"rendered":"<p>P\u0159enosn\u00fd pr\u016fhledn\u00fd plastov\u00fd box s d\u00e1vkova\u010dem pro p\u0159echov\u00e1n\u00ed, o\u0161et\u0159ov\u00e1n\u00ed a pod\u00e1v\u00e1n\u00ed cvr\u010dk\u016f. Kompletn\u00ed sada p\u00e9\u010de o cvr\u010dky. Sou\u010d\u00e1st\u00ed je miska na vodu a krmivo pro cvr\u010dky. Cvr\u010dci by m\u011bli b\u00fdt dr\u017eeni v dob\u0159e v\u011btran\u00e9 m\u00edstnosti o teplot\u011b mezi 21-24\u00b0C s n\u00edzkou vzdu\u0161nou vlhkost\u00ed. Udr\u017eujte z\u00e1sobn\u00edk mimo dosah slune\u010dn\u00edch paprsk\u016f a chladn\u00e9ho vzduchu. V\u017edy udr\u017eujte z\u00e1sobn\u00edk&#8230;<\/p>\n","protected":false},"featured_media":240886,"comment_status":"closed","ping_status":"open","template":"","meta":{"_acf_changed":false,"_kadence_starter_templates_imported_post":false,"_kad_post_transparent":"","_kad_post_title":"","_kad_post_layout":"","_kad_post_sidebar_id":"","_kad_post_content_style":"","_kad_post_vertical_padding":"","_kad_post_feature":"","_kad_post_feature_position":"","_kad_post_header":false,"_kad_post_footer":false,"_kad_post_classname":""},"product_brand":[2552],"product_cat":[436,2555,2528],"product_tag":[],"class_list":{"0":"post-240885","1":"product","2":"type-product","3":"status-publish","4":"has-post-thumbnail","6":"product_brand-exo-terra","7":"product_cat-chovatelske-potreby-2","8":"product_cat-teraria","9":"product_cat-teraristika","10":"pa_obchod-superzoo-cz","12":"first","13":"instock","14":"product-type-external","15":"entry","16":"content-bg","17":"loop-entry"},"acf":[],"yoast_head":"<!-- This site is optimized with the Yoast SEO plugin v27.4 - https:\/\/yoast.com\/product\/yoast-seo-wordpress\/ -->\n<title>Cricket Pen EXO TERRA S - SHOPATOA.COM<\/title>\n<meta name=\"robots\" content=\"index, follow, max-snippet:-1, max-image-preview:large, max-video-preview:-1\" \/>\n<link rel=\"canonical\" href=\"https:\/\/shopatoa.com\/cz\/cricket-pen-exo-terra-s\/\" \/>\n<meta property=\"og:locale\" content=\"cs_CZ\" \/>\n<meta property=\"og:type\" content=\"article\" \/>\n<meta property=\"og:title\" content=\"Cricket Pen EXO TERRA S - SHOPATOA.COM\" \/>\n<meta property=\"og:description\" content=\"P\u0159enosn\u00fd pr\u016fhledn\u00fd plastov\u00fd box s d\u00e1vkova\u010dem pro p\u0159echov\u00e1n\u00ed, o\u0161et\u0159ov\u00e1n\u00ed a pod\u00e1v\u00e1n\u00ed cvr\u010dk\u016f. Kompletn\u00ed sada p\u00e9\u010de o cvr\u010dky. Sou\u010d\u00e1st\u00ed je miska na vodu a krmivo pro cvr\u010dky. Cvr\u010dci by m\u011bli b\u00fdt dr\u017eeni v dob\u0159e v\u011btran\u00e9 m\u00edstnosti o teplot\u011b mezi 21-24\u00b0C s n\u00edzkou vzdu\u0161nou vlhkost\u00ed. Udr\u017eujte z\u00e1sobn\u00edk mimo dosah slune\u010dn\u00edch paprsk\u016f a chladn\u00e9ho vzduchu. V\u017edy udr\u017eujte z\u00e1sobn\u00edk...\" \/>\n<meta property=\"og:url\" content=\"https:\/\/shopatoa.com\/cz\/cricket-pen-exo-terra-s\/\" \/>\n<meta property=\"og:site_name\" content=\"SHOPATOA\" \/>\n<meta property=\"article:modified_time\" content=\"2026-02-04T08:23:12+00:00\" \/>\n<meta property=\"og:image\" content=\"https:\/\/storage.googleapis.com\/cz-shopatoa-img\/cz\/5e1f1dcd-1_24071.jpg\" \/>\n\t<meta property=\"og:image:width\" content=\"600\" \/>\n\t<meta property=\"og:image:height\" content=\"600\" \/>\n\t<meta property=\"og:image:type\" content=\"image\/jpeg\" \/>\n<meta name=\"twitter:card\" content=\"summary_large_image\" \/>\n<meta name=\"twitter:label1\" content=\"Odhadovan\u00e1 doba \u010dten\u00ed\" \/>\n\t<meta name=\"twitter:data1\" content=\"1 minuta\" \/>\n<script type=\"application\/ld+json\" class=\"yoast-schema-graph\">{\"@context\":\"https:\\\/\\\/schema.org\",\"@graph\":[{\"@type\":\"WebPage\",\"@id\":\"https:\\\/\\\/shopatoa.com\\\/cz\\\/cricket-pen-exo-terra-s\\\/\",\"url\":\"https:\\\/\\\/shopatoa.com\\\/cz\\\/cricket-pen-exo-terra-s\\\/\",\"name\":\"Cricket Pen EXO TERRA S - SHOPATOA.COM\",\"isPartOf\":{\"@id\":\"https:\\\/\\\/shopatoa.com\\\/cz\\\/#website\"},\"primaryImageOfPage\":{\"@id\":\"https:\\\/\\\/shopatoa.com\\\/cz\\\/cricket-pen-exo-terra-s\\\/#primaryimage\"},\"image\":{\"@id\":\"https:\\\/\\\/shopatoa.com\\\/cz\\\/cricket-pen-exo-terra-s\\\/#primaryimage\"},\"thumbnailUrl\":\"https:\\\/\\\/storage.googleapis.com\\\/cz-shopatoa-img\\\/cz\\\/5e1f1dcd-1_24071.jpg\",\"datePublished\":\"2025-04-01T13:19:29+00:00\",\"dateModified\":\"2026-02-04T08:23:12+00:00\",\"breadcrumb\":{\"@id\":\"https:\\\/\\\/shopatoa.com\\\/cz\\\/cricket-pen-exo-terra-s\\\/#breadcrumb\"},\"inLanguage\":\"cs\",\"potentialAction\":[{\"@type\":\"ReadAction\",\"target\":[\"https:\\\/\\\/shopatoa.com\\\/cz\\\/cricket-pen-exo-terra-s\\\/\"]}]},{\"@type\":\"ImageObject\",\"inLanguage\":\"cs\",\"@id\":\"https:\\\/\\\/shopatoa.com\\\/cz\\\/cricket-pen-exo-terra-s\\\/#primaryimage\",\"url\":\"https:\\\/\\\/storage.googleapis.com\\\/cz-shopatoa-img\\\/cz\\\/5e1f1dcd-1_24071.jpg\",\"contentUrl\":\"https:\\\/\\\/storage.googleapis.com\\\/cz-shopatoa-img\\\/cz\\\/5e1f1dcd-1_24071.jpg\",\"width\":600,\"height\":600},{\"@type\":\"BreadcrumbList\",\"@id\":\"https:\\\/\\\/shopatoa.com\\\/cz\\\/cricket-pen-exo-terra-s\\\/#breadcrumb\",\"itemListElement\":[{\"@type\":\"ListItem\",\"position\":1,\"name\":\"Dom\u016f\",\"item\":\"https:\\\/\\\/shopatoa.com\\\/cz\\\/\"},{\"@type\":\"ListItem\",\"position\":2,\"name\":\"Produkty\",\"item\":\"https:\\\/\\\/shopatoa.com\\\/cz\\\/shop\\\/\"},{\"@type\":\"ListItem\",\"position\":3,\"name\":\"Chovatelsk\u00e9 pot\u0159eby\",\"item\":\"https:\\\/\\\/shopatoa.com\\\/cz\\\/chovatelske-potreby-2\\\/\"},{\"@type\":\"ListItem\",\"position\":4,\"name\":\"Teraristika\",\"item\":\"https:\\\/\\\/shopatoa.com\\\/cz\\\/teraristika\\\/\"},{\"@type\":\"ListItem\",\"position\":5,\"name\":\"Ter\u00e1ria\",\"item\":\"https:\\\/\\\/shopatoa.com\\\/cz\\\/teraria\\\/\"},{\"@type\":\"ListItem\",\"position\":6,\"name\":\"Cricket Pen EXO TERRA S\"}]},{\"@type\":\"WebSite\",\"@id\":\"https:\\\/\\\/shopatoa.com\\\/cz\\\/#website\",\"url\":\"https:\\\/\\\/shopatoa.com\\\/cz\\\/\",\"name\":\"SHOPATOA\",\"description\":\"\",\"publisher\":{\"@id\":\"https:\\\/\\\/shopatoa.com\\\/cz\\\/#organization\"},\"potentialAction\":[{\"@type\":\"SearchAction\",\"target\":{\"@type\":\"EntryPoint\",\"urlTemplate\":\"https:\\\/\\\/shopatoa.com\\\/cz\\\/?s={search_term_string}\"},\"query-input\":{\"@type\":\"PropertyValueSpecification\",\"valueRequired\":true,\"valueName\":\"search_term_string\"}}],\"inLanguage\":\"cs\"},{\"@type\":\"Organization\",\"@id\":\"https:\\\/\\\/shopatoa.com\\\/cz\\\/#organization\",\"name\":\"SHOPATOA Digital s.r.o.\",\"url\":\"https:\\\/\\\/shopatoa.com\\\/cz\\\/\",\"logo\":{\"@type\":\"ImageObject\",\"inLanguage\":\"cs\",\"@id\":\"https:\\\/\\\/shopatoa.com\\\/cz\\\/#\\\/schema\\\/logo\\\/image\\\/\",\"url\":\"https:\\\/\\\/storage.googleapis.com\\\/cz-shopatoa-img\\\/cz\\\/ebccf434-shopatoa_logo.png\",\"contentUrl\":\"https:\\\/\\\/storage.googleapis.com\\\/cz-shopatoa-img\\\/cz\\\/ebccf434-shopatoa_logo.png\",\"width\":416,\"height\":63,\"caption\":\"SHOPATOA Digital s.r.o.\"},\"image\":{\"@id\":\"https:\\\/\\\/shopatoa.com\\\/cz\\\/#\\\/schema\\\/logo\\\/image\\\/\"}}]}<\/script>\n<!-- \/ Yoast SEO plugin. -->","yoast_head_json":{"title":"Cricket Pen EXO TERRA S - SHOPATOA.COM","robots":{"index":"index","follow":"follow","max-snippet":"max-snippet:-1","max-image-preview":"max-image-preview:large","max-video-preview":"max-video-preview:-1"},"canonical":"https:\/\/shopatoa.com\/cz\/cricket-pen-exo-terra-s\/","og_locale":"cs_CZ","og_type":"article","og_title":"Cricket Pen EXO TERRA S - SHOPATOA.COM","og_description":"P\u0159enosn\u00fd pr\u016fhledn\u00fd plastov\u00fd box s d\u00e1vkova\u010dem pro p\u0159echov\u00e1n\u00ed, o\u0161et\u0159ov\u00e1n\u00ed a pod\u00e1v\u00e1n\u00ed cvr\u010dk\u016f. Kompletn\u00ed sada p\u00e9\u010de o cvr\u010dky. Sou\u010d\u00e1st\u00ed je miska na vodu a krmivo pro cvr\u010dky. Cvr\u010dci by m\u011bli b\u00fdt dr\u017eeni v dob\u0159e v\u011btran\u00e9 m\u00edstnosti o teplot\u011b mezi 21-24\u00b0C s n\u00edzkou vzdu\u0161nou vlhkost\u00ed. Udr\u017eujte z\u00e1sobn\u00edk mimo dosah slune\u010dn\u00edch paprsk\u016f a chladn\u00e9ho vzduchu. V\u017edy udr\u017eujte z\u00e1sobn\u00edk...","og_url":"https:\/\/shopatoa.com\/cz\/cricket-pen-exo-terra-s\/","og_site_name":"SHOPATOA","article_modified_time":"2026-02-04T08:23:12+00:00","og_image":[{"width":600,"height":600,"url":"https:\/\/storage.googleapis.com\/cz-shopatoa-img\/cz\/5e1f1dcd-1_24071.jpg","type":"image\/jpeg"}],"twitter_card":"summary_large_image","twitter_misc":{"Odhadovan\u00e1 doba \u010dten\u00ed":"1 minuta"},"schema":{"@context":"https:\/\/schema.org","@graph":[{"@type":"WebPage","@id":"https:\/\/shopatoa.com\/cz\/cricket-pen-exo-terra-s\/","url":"https:\/\/shopatoa.com\/cz\/cricket-pen-exo-terra-s\/","name":"Cricket Pen EXO TERRA S - SHOPATOA.COM","isPartOf":{"@id":"https:\/\/shopatoa.com\/cz\/#website"},"primaryImageOfPage":{"@id":"https:\/\/shopatoa.com\/cz\/cricket-pen-exo-terra-s\/#primaryimage"},"image":{"@id":"https:\/\/shopatoa.com\/cz\/cricket-pen-exo-terra-s\/#primaryimage"},"thumbnailUrl":"https:\/\/storage.googleapis.com\/cz-shopatoa-img\/cz\/5e1f1dcd-1_24071.jpg","datePublished":"2025-04-01T13:19:29+00:00","dateModified":"2026-02-04T08:23:12+00:00","breadcrumb":{"@id":"https:\/\/shopatoa.com\/cz\/cricket-pen-exo-terra-s\/#breadcrumb"},"inLanguage":"cs","potentialAction":[{"@type":"ReadAction","target":["https:\/\/shopatoa.com\/cz\/cricket-pen-exo-terra-s\/"]}]},{"@type":"ImageObject","inLanguage":"cs","@id":"https:\/\/shopatoa.com\/cz\/cricket-pen-exo-terra-s\/#primaryimage","url":"https:\/\/storage.googleapis.com\/cz-shopatoa-img\/cz\/5e1f1dcd-1_24071.jpg","contentUrl":"https:\/\/storage.googleapis.com\/cz-shopatoa-img\/cz\/5e1f1dcd-1_24071.jpg","width":600,"height":600},{"@type":"BreadcrumbList","@id":"https:\/\/shopatoa.com\/cz\/cricket-pen-exo-terra-s\/#breadcrumb","itemListElement":[{"@type":"ListItem","position":1,"name":"Dom\u016f","item":"https:\/\/shopatoa.com\/cz\/"},{"@type":"ListItem","position":2,"name":"Produkty","item":"https:\/\/shopatoa.com\/cz\/shop\/"},{"@type":"ListItem","position":3,"name":"Chovatelsk\u00e9 pot\u0159eby","item":"https:\/\/shopatoa.com\/cz\/chovatelske-potreby-2\/"},{"@type":"ListItem","position":4,"name":"Teraristika","item":"https:\/\/shopatoa.com\/cz\/teraristika\/"},{"@type":"ListItem","position":5,"name":"Ter\u00e1ria","item":"https:\/\/shopatoa.com\/cz\/teraria\/"},{"@type":"ListItem","position":6,"name":"Cricket Pen EXO TERRA S"}]},{"@type":"WebSite","@id":"https:\/\/shopatoa.com\/cz\/#website","url":"https:\/\/shopatoa.com\/cz\/","name":"SHOPATOA","description":"","publisher":{"@id":"https:\/\/shopatoa.com\/cz\/#organization"},"potentialAction":[{"@type":"SearchAction","target":{"@type":"EntryPoint","urlTemplate":"https:\/\/shopatoa.com\/cz\/?s={search_term_string}"},"query-input":{"@type":"PropertyValueSpecification","valueRequired":true,"valueName":"search_term_string"}}],"inLanguage":"cs"},{"@type":"Organization","@id":"https:\/\/shopatoa.com\/cz\/#organization","name":"SHOPATOA Digital s.r.o.","url":"https:\/\/shopatoa.com\/cz\/","logo":{"@type":"ImageObject","inLanguage":"cs","@id":"https:\/\/shopatoa.com\/cz\/#\/schema\/logo\/image\/","url":"https:\/\/storage.googleapis.com\/cz-shopatoa-img\/cz\/ebccf434-shopatoa_logo.png","contentUrl":"https:\/\/storage.googleapis.com\/cz-shopatoa-img\/cz\/ebccf434-shopatoa_logo.png","width":416,"height":63,"caption":"SHOPATOA Digital s.r.o."},"image":{"@id":"https:\/\/shopatoa.com\/cz\/#\/schema\/logo\/image\/"}}]}},"_links":{"self":[{"href":"https:\/\/shopatoa.com\/cz\/wp-json\/wp\/v2\/product\/240885","targetHints":{"allow":["GET"]}}],"collection":[{"href":"https:\/\/shopatoa.com\/cz\/wp-json\/wp\/v2\/product"}],"about":[{"href":"https:\/\/shopatoa.com\/cz\/wp-json\/wp\/v2\/types\/product"}],"replies":[{"embeddable":true,"href":"https:\/\/shopatoa.com\/cz\/wp-json\/wp\/v2\/comments?post=240885"}],"wp:featuredmedia":[{"embeddable":true,"href":"https:\/\/shopatoa.com\/cz\/wp-json\/wp\/v2\/media\/240886"}],"wp:attachment":[{"href":"https:\/\/shopatoa.com\/cz\/wp-json\/wp\/v2\/media?parent=240885"}],"wp:term":[{"taxonomy":"product_brand","embeddable":true,"href":"https:\/\/shopatoa.com\/cz\/wp-json\/wp\/v2\/product_brand?post=240885"},{"taxonomy":"product_cat","embeddable":true,"href":"https:\/\/shopatoa.com\/cz\/wp-json\/wp\/v2\/product_cat?post=240885"},{"taxonomy":"product_tag","embeddable":true,"href":"https:\/\/shopatoa.com\/cz\/wp-json\/wp\/v2\/product_tag?post=240885"}],"curies":[{"name":"wp","href":"https:\/\/api.w.org\/{rel}","templated":true}]}}