{"id":240907,"date":"2025-04-01T15:20:33","date_gmt":"2025-04-01T13:20:33","guid":{"rendered":"https:\/\/shopatoa.com\/cz\/?post_type=product&#038;p=240907"},"modified":"2026-02-04T09:22:21","modified_gmt":"2026-02-04T08:22:21","slug":"terarium-exo-terra-30x30x45cm","status":"publish","type":"product","link":"https:\/\/shopatoa.com\/cz\/terarium-exo-terra-30x30x45cm\/","title":{"rendered":"Ter\u00e1rium Exo Terra 30x30x45cm"},"content":{"rendered":"<p>Sklen\u011bn\u00e9 ter\u00e1rium pro plazy a oboj\u017eiveln\u00edky.<\/p>\n<p>Ter\u00e1rium Exo Terra Terrarium je ide\u00e1ln\u00ed p\u0159\u00edbytek pro plazy a oboj\u017eiveln\u00edky, navr\u017een\u00fd evropsk\u00fdmi herpetology.<\/p>\n<p>\tP\u0159edn\u00ed otev\u00edrac\u00ed dve\u0159e umo\u017e\u0148uj\u00ed snadn\u00fd p\u0159\u00edstup pro \u00fadr\u017ebu a krmen\u00ed.<br \/>\n\tSpeci\u00e1ln\u011b navr\u017een\u00fd z\u00e1mek zabra\u0148uje \u00faniku\u00a0a dve\u0159e se daj\u00ed otev\u00edrat samostatn\u011b.\u00a0<br \/>\n\tHorn\u00ed v\u011btrac\u00ed s\u00ed\u0165ov\u00fd kryt\u00a0umo\u017e\u0148uje pr\u016fnik ultrafialov\u00e9ho z\u00e1\u0159en\u00ed UVB a infra\u010derven\u00e9ho z\u00e1\u0159en\u00ed a lze ho zcela demontovat, aby byl usnadn\u011bn p\u0159\u00edstup, p\u0159i\u010dem\u017e m\u00e1 i dekorativn\u00ed a \u010distic\u00ed funkci.<br \/>\n\tNa zadn\u00ed stran\u011b krytu je\u00a05 uzav\u00edrateln\u00fdch vstup\u016f pro vodi\u010de a hadice\u00a0na obou stran\u00e1ch, je vhodn\u00fd pro instalaci skal vyd\u00e1vaj\u00edc\u00edch tepeln\u00e9 vlny, vodop\u00e1d\u016f, sn\u00edma\u010d\u016f atd. dovnit\u0159 ter\u00e1ria.\u00a0<br \/>\n\tDoln\u00ed deska ter\u00e1ria se zved\u00e1 a umo\u017e\u0148uje vlo\u017een\u00ed topn\u00e9ho t\u011blesa\u00a0pro vyh\u0159\u00edv\u00e1n\u00ed.\u00a0<br \/>\n\tVysok\u00e9 p\u0159edn\u00ed okno je ide\u00e1ln\u00ed pro silnou vrstvu substr\u00e1tu (plazi \u017eij\u00edc\u00ed v d\u011br\u00e1ch), vodn\u00ed \u010d\u00e1st (palud\u00e1rium) nebo pro upevn\u011bn\u00ed doup\u011bte Exo Terra Reptile Den.\u00a0<br \/>\n\tP\u0159\u00edrodn\u00ed pozad\u00ed je stejn\u00e9 barvy jako v\u0161echny ostatn\u00ed dekora\u010dn\u00ed&#8230;<\/p>\n","protected":false},"excerpt":{"rendered":"<p>Sklen\u011bn\u00e9 ter\u00e1rium pro plazy a oboj\u017eiveln\u00edky. Ter\u00e1rium Exo Terra Terrarium je ide\u00e1ln\u00ed p\u0159\u00edbytek pro plazy a oboj\u017eiveln\u00edky, navr\u017een\u00fd evropsk\u00fdmi herpetology. P\u0159edn\u00ed otev\u00edrac\u00ed dve\u0159e umo\u017e\u0148uj\u00ed snadn\u00fd p\u0159\u00edstup pro \u00fadr\u017ebu a krmen\u00ed. Speci\u00e1ln\u011b navr\u017een\u00fd z\u00e1mek zabra\u0148uje \u00faniku\u00a0a dve\u0159e se daj\u00ed otev\u00edrat samostatn\u011b.\u00a0 Horn\u00ed v\u011btrac\u00ed s\u00ed\u0165ov\u00fd kryt\u00a0umo\u017e\u0148uje pr\u016fnik ultrafialov\u00e9ho z\u00e1\u0159en\u00ed UVB a infra\u010derven\u00e9ho z\u00e1\u0159en\u00ed a lze ho zcela&#8230;<\/p>\n","protected":false},"featured_media":240908,"comment_status":"closed","ping_status":"open","template":"","meta":{"_acf_changed":false,"_kadence_starter_templates_imported_post":false,"_kad_post_transparent":"","_kad_post_title":"","_kad_post_layout":"","_kad_post_sidebar_id":"","_kad_post_content_style":"","_kad_post_vertical_padding":"","_kad_post_feature":"","_kad_post_feature_position":"","_kad_post_header":false,"_kad_post_footer":false,"_kad_post_classname":""},"product_brand":[2552],"product_cat":[436,2555,2528],"product_tag":[],"class_list":{"0":"post-240907","1":"product","2":"type-product","3":"status-publish","4":"has-post-thumbnail","6":"product_brand-exo-terra","7":"product_cat-chovatelske-potreby-2","8":"product_cat-teraria","9":"product_cat-teraristika","10":"pa_obchod-superzoo-cz","12":"first","13":"instock","14":"product-type-external","15":"entry","16":"content-bg","17":"loop-entry"},"acf":[],"yoast_head":"<!-- This site is optimized with the Yoast SEO plugin v27.4 - https:\/\/yoast.com\/product\/yoast-seo-wordpress\/ -->\n<title>Ter\u00e1rium Exo Terra 30x30x45cm - SHOPATOA.COM<\/title>\n<meta name=\"robots\" content=\"index, follow, max-snippet:-1, max-image-preview:large, max-video-preview:-1\" \/>\n<link rel=\"canonical\" href=\"https:\/\/shopatoa.com\/cz\/terarium-exo-terra-30x30x45cm\/\" \/>\n<meta property=\"og:locale\" content=\"cs_CZ\" \/>\n<meta property=\"og:type\" content=\"article\" \/>\n<meta property=\"og:title\" content=\"Ter\u00e1rium Exo Terra 30x30x45cm - SHOPATOA.COM\" \/>\n<meta property=\"og:description\" content=\"Sklen\u011bn\u00e9 ter\u00e1rium pro plazy a oboj\u017eiveln\u00edky. Ter\u00e1rium Exo Terra Terrarium je ide\u00e1ln\u00ed p\u0159\u00edbytek pro plazy a oboj\u017eiveln\u00edky, navr\u017een\u00fd evropsk\u00fdmi herpetology. P\u0159edn\u00ed otev\u00edrac\u00ed dve\u0159e umo\u017e\u0148uj\u00ed snadn\u00fd p\u0159\u00edstup pro \u00fadr\u017ebu a krmen\u00ed. Speci\u00e1ln\u011b navr\u017een\u00fd z\u00e1mek zabra\u0148uje \u00faniku\u00a0a dve\u0159e se daj\u00ed otev\u00edrat samostatn\u011b.\u00a0 Horn\u00ed v\u011btrac\u00ed s\u00ed\u0165ov\u00fd kryt\u00a0umo\u017e\u0148uje pr\u016fnik ultrafialov\u00e9ho z\u00e1\u0159en\u00ed UVB a infra\u010derven\u00e9ho z\u00e1\u0159en\u00ed a lze ho zcela...\" \/>\n<meta property=\"og:url\" content=\"https:\/\/shopatoa.com\/cz\/terarium-exo-terra-30x30x45cm\/\" \/>\n<meta property=\"og:site_name\" content=\"SHOPATOA\" \/>\n<meta property=\"article:modified_time\" content=\"2026-02-04T08:22:21+00:00\" \/>\n<meta property=\"og:image\" content=\"https:\/\/storage.googleapis.com\/cz-shopatoa-img\/cz\/4c3d96f8-1_24038.jpg\" \/>\n\t<meta property=\"og:image:width\" content=\"600\" \/>\n\t<meta property=\"og:image:height\" content=\"600\" \/>\n\t<meta property=\"og:image:type\" content=\"image\/jpeg\" \/>\n<meta name=\"twitter:card\" content=\"summary_large_image\" \/>\n<meta name=\"twitter:label1\" content=\"Odhadovan\u00e1 doba \u010dten\u00ed\" \/>\n\t<meta name=\"twitter:data1\" content=\"1 minuta\" \/>\n<script type=\"application\/ld+json\" class=\"yoast-schema-graph\">{\"@context\":\"https:\\\/\\\/schema.org\",\"@graph\":[{\"@type\":\"WebPage\",\"@id\":\"https:\\\/\\\/shopatoa.com\\\/cz\\\/terarium-exo-terra-30x30x45cm\\\/\",\"url\":\"https:\\\/\\\/shopatoa.com\\\/cz\\\/terarium-exo-terra-30x30x45cm\\\/\",\"name\":\"Ter\u00e1rium Exo Terra 30x30x45cm - SHOPATOA.COM\",\"isPartOf\":{\"@id\":\"https:\\\/\\\/shopatoa.com\\\/cz\\\/#website\"},\"primaryImageOfPage\":{\"@id\":\"https:\\\/\\\/shopatoa.com\\\/cz\\\/terarium-exo-terra-30x30x45cm\\\/#primaryimage\"},\"image\":{\"@id\":\"https:\\\/\\\/shopatoa.com\\\/cz\\\/terarium-exo-terra-30x30x45cm\\\/#primaryimage\"},\"thumbnailUrl\":\"https:\\\/\\\/storage.googleapis.com\\\/cz-shopatoa-img\\\/cz\\\/4c3d96f8-1_24038.jpg\",\"datePublished\":\"2025-04-01T13:20:33+00:00\",\"dateModified\":\"2026-02-04T08:22:21+00:00\",\"breadcrumb\":{\"@id\":\"https:\\\/\\\/shopatoa.com\\\/cz\\\/terarium-exo-terra-30x30x45cm\\\/#breadcrumb\"},\"inLanguage\":\"cs\",\"potentialAction\":[{\"@type\":\"ReadAction\",\"target\":[\"https:\\\/\\\/shopatoa.com\\\/cz\\\/terarium-exo-terra-30x30x45cm\\\/\"]}]},{\"@type\":\"ImageObject\",\"inLanguage\":\"cs\",\"@id\":\"https:\\\/\\\/shopatoa.com\\\/cz\\\/terarium-exo-terra-30x30x45cm\\\/#primaryimage\",\"url\":\"https:\\\/\\\/storage.googleapis.com\\\/cz-shopatoa-img\\\/cz\\\/4c3d96f8-1_24038.jpg\",\"contentUrl\":\"https:\\\/\\\/storage.googleapis.com\\\/cz-shopatoa-img\\\/cz\\\/4c3d96f8-1_24038.jpg\",\"width\":600,\"height\":600},{\"@type\":\"BreadcrumbList\",\"@id\":\"https:\\\/\\\/shopatoa.com\\\/cz\\\/terarium-exo-terra-30x30x45cm\\\/#breadcrumb\",\"itemListElement\":[{\"@type\":\"ListItem\",\"position\":1,\"name\":\"Dom\u016f\",\"item\":\"https:\\\/\\\/shopatoa.com\\\/cz\\\/\"},{\"@type\":\"ListItem\",\"position\":2,\"name\":\"Produkty\",\"item\":\"https:\\\/\\\/shopatoa.com\\\/cz\\\/shop\\\/\"},{\"@type\":\"ListItem\",\"position\":3,\"name\":\"Chovatelsk\u00e9 pot\u0159eby\",\"item\":\"https:\\\/\\\/shopatoa.com\\\/cz\\\/chovatelske-potreby-2\\\/\"},{\"@type\":\"ListItem\",\"position\":4,\"name\":\"Teraristika\",\"item\":\"https:\\\/\\\/shopatoa.com\\\/cz\\\/teraristika\\\/\"},{\"@type\":\"ListItem\",\"position\":5,\"name\":\"Ter\u00e1ria\",\"item\":\"https:\\\/\\\/shopatoa.com\\\/cz\\\/teraria\\\/\"},{\"@type\":\"ListItem\",\"position\":6,\"name\":\"Ter\u00e1rium Exo Terra 30x30x45cm\"}]},{\"@type\":\"WebSite\",\"@id\":\"https:\\\/\\\/shopatoa.com\\\/cz\\\/#website\",\"url\":\"https:\\\/\\\/shopatoa.com\\\/cz\\\/\",\"name\":\"SHOPATOA\",\"description\":\"\",\"publisher\":{\"@id\":\"https:\\\/\\\/shopatoa.com\\\/cz\\\/#organization\"},\"potentialAction\":[{\"@type\":\"SearchAction\",\"target\":{\"@type\":\"EntryPoint\",\"urlTemplate\":\"https:\\\/\\\/shopatoa.com\\\/cz\\\/?s={search_term_string}\"},\"query-input\":{\"@type\":\"PropertyValueSpecification\",\"valueRequired\":true,\"valueName\":\"search_term_string\"}}],\"inLanguage\":\"cs\"},{\"@type\":\"Organization\",\"@id\":\"https:\\\/\\\/shopatoa.com\\\/cz\\\/#organization\",\"name\":\"SHOPATOA Digital s.r.o.\",\"url\":\"https:\\\/\\\/shopatoa.com\\\/cz\\\/\",\"logo\":{\"@type\":\"ImageObject\",\"inLanguage\":\"cs\",\"@id\":\"https:\\\/\\\/shopatoa.com\\\/cz\\\/#\\\/schema\\\/logo\\\/image\\\/\",\"url\":\"https:\\\/\\\/storage.googleapis.com\\\/cz-shopatoa-img\\\/cz\\\/ebccf434-shopatoa_logo.png\",\"contentUrl\":\"https:\\\/\\\/storage.googleapis.com\\\/cz-shopatoa-img\\\/cz\\\/ebccf434-shopatoa_logo.png\",\"width\":416,\"height\":63,\"caption\":\"SHOPATOA Digital s.r.o.\"},\"image\":{\"@id\":\"https:\\\/\\\/shopatoa.com\\\/cz\\\/#\\\/schema\\\/logo\\\/image\\\/\"}}]}<\/script>\n<!-- \/ Yoast SEO plugin. -->","yoast_head_json":{"title":"Ter\u00e1rium Exo Terra 30x30x45cm - SHOPATOA.COM","robots":{"index":"index","follow":"follow","max-snippet":"max-snippet:-1","max-image-preview":"max-image-preview:large","max-video-preview":"max-video-preview:-1"},"canonical":"https:\/\/shopatoa.com\/cz\/terarium-exo-terra-30x30x45cm\/","og_locale":"cs_CZ","og_type":"article","og_title":"Ter\u00e1rium Exo Terra 30x30x45cm - SHOPATOA.COM","og_description":"Sklen\u011bn\u00e9 ter\u00e1rium pro plazy a oboj\u017eiveln\u00edky. Ter\u00e1rium Exo Terra Terrarium je ide\u00e1ln\u00ed p\u0159\u00edbytek pro plazy a oboj\u017eiveln\u00edky, navr\u017een\u00fd evropsk\u00fdmi herpetology. P\u0159edn\u00ed otev\u00edrac\u00ed dve\u0159e umo\u017e\u0148uj\u00ed snadn\u00fd p\u0159\u00edstup pro \u00fadr\u017ebu a krmen\u00ed. Speci\u00e1ln\u011b navr\u017een\u00fd z\u00e1mek zabra\u0148uje \u00faniku\u00a0a dve\u0159e se daj\u00ed otev\u00edrat samostatn\u011b.\u00a0 Horn\u00ed v\u011btrac\u00ed s\u00ed\u0165ov\u00fd kryt\u00a0umo\u017e\u0148uje pr\u016fnik ultrafialov\u00e9ho z\u00e1\u0159en\u00ed UVB a infra\u010derven\u00e9ho z\u00e1\u0159en\u00ed a lze ho zcela...","og_url":"https:\/\/shopatoa.com\/cz\/terarium-exo-terra-30x30x45cm\/","og_site_name":"SHOPATOA","article_modified_time":"2026-02-04T08:22:21+00:00","og_image":[{"width":600,"height":600,"url":"https:\/\/storage.googleapis.com\/cz-shopatoa-img\/cz\/4c3d96f8-1_24038.jpg","type":"image\/jpeg"}],"twitter_card":"summary_large_image","twitter_misc":{"Odhadovan\u00e1 doba \u010dten\u00ed":"1 minuta"},"schema":{"@context":"https:\/\/schema.org","@graph":[{"@type":"WebPage","@id":"https:\/\/shopatoa.com\/cz\/terarium-exo-terra-30x30x45cm\/","url":"https:\/\/shopatoa.com\/cz\/terarium-exo-terra-30x30x45cm\/","name":"Ter\u00e1rium Exo Terra 30x30x45cm - SHOPATOA.COM","isPartOf":{"@id":"https:\/\/shopatoa.com\/cz\/#website"},"primaryImageOfPage":{"@id":"https:\/\/shopatoa.com\/cz\/terarium-exo-terra-30x30x45cm\/#primaryimage"},"image":{"@id":"https:\/\/shopatoa.com\/cz\/terarium-exo-terra-30x30x45cm\/#primaryimage"},"thumbnailUrl":"https:\/\/storage.googleapis.com\/cz-shopatoa-img\/cz\/4c3d96f8-1_24038.jpg","datePublished":"2025-04-01T13:20:33+00:00","dateModified":"2026-02-04T08:22:21+00:00","breadcrumb":{"@id":"https:\/\/shopatoa.com\/cz\/terarium-exo-terra-30x30x45cm\/#breadcrumb"},"inLanguage":"cs","potentialAction":[{"@type":"ReadAction","target":["https:\/\/shopatoa.com\/cz\/terarium-exo-terra-30x30x45cm\/"]}]},{"@type":"ImageObject","inLanguage":"cs","@id":"https:\/\/shopatoa.com\/cz\/terarium-exo-terra-30x30x45cm\/#primaryimage","url":"https:\/\/storage.googleapis.com\/cz-shopatoa-img\/cz\/4c3d96f8-1_24038.jpg","contentUrl":"https:\/\/storage.googleapis.com\/cz-shopatoa-img\/cz\/4c3d96f8-1_24038.jpg","width":600,"height":600},{"@type":"BreadcrumbList","@id":"https:\/\/shopatoa.com\/cz\/terarium-exo-terra-30x30x45cm\/#breadcrumb","itemListElement":[{"@type":"ListItem","position":1,"name":"Dom\u016f","item":"https:\/\/shopatoa.com\/cz\/"},{"@type":"ListItem","position":2,"name":"Produkty","item":"https:\/\/shopatoa.com\/cz\/shop\/"},{"@type":"ListItem","position":3,"name":"Chovatelsk\u00e9 pot\u0159eby","item":"https:\/\/shopatoa.com\/cz\/chovatelske-potreby-2\/"},{"@type":"ListItem","position":4,"name":"Teraristika","item":"https:\/\/shopatoa.com\/cz\/teraristika\/"},{"@type":"ListItem","position":5,"name":"Ter\u00e1ria","item":"https:\/\/shopatoa.com\/cz\/teraria\/"},{"@type":"ListItem","position":6,"name":"Ter\u00e1rium Exo Terra 30x30x45cm"}]},{"@type":"WebSite","@id":"https:\/\/shopatoa.com\/cz\/#website","url":"https:\/\/shopatoa.com\/cz\/","name":"SHOPATOA","description":"","publisher":{"@id":"https:\/\/shopatoa.com\/cz\/#organization"},"potentialAction":[{"@type":"SearchAction","target":{"@type":"EntryPoint","urlTemplate":"https:\/\/shopatoa.com\/cz\/?s={search_term_string}"},"query-input":{"@type":"PropertyValueSpecification","valueRequired":true,"valueName":"search_term_string"}}],"inLanguage":"cs"},{"@type":"Organization","@id":"https:\/\/shopatoa.com\/cz\/#organization","name":"SHOPATOA Digital s.r.o.","url":"https:\/\/shopatoa.com\/cz\/","logo":{"@type":"ImageObject","inLanguage":"cs","@id":"https:\/\/shopatoa.com\/cz\/#\/schema\/logo\/image\/","url":"https:\/\/storage.googleapis.com\/cz-shopatoa-img\/cz\/ebccf434-shopatoa_logo.png","contentUrl":"https:\/\/storage.googleapis.com\/cz-shopatoa-img\/cz\/ebccf434-shopatoa_logo.png","width":416,"height":63,"caption":"SHOPATOA Digital s.r.o."},"image":{"@id":"https:\/\/shopatoa.com\/cz\/#\/schema\/logo\/image\/"}}]}},"_links":{"self":[{"href":"https:\/\/shopatoa.com\/cz\/wp-json\/wp\/v2\/product\/240907","targetHints":{"allow":["GET"]}}],"collection":[{"href":"https:\/\/shopatoa.com\/cz\/wp-json\/wp\/v2\/product"}],"about":[{"href":"https:\/\/shopatoa.com\/cz\/wp-json\/wp\/v2\/types\/product"}],"replies":[{"embeddable":true,"href":"https:\/\/shopatoa.com\/cz\/wp-json\/wp\/v2\/comments?post=240907"}],"wp:featuredmedia":[{"embeddable":true,"href":"https:\/\/shopatoa.com\/cz\/wp-json\/wp\/v2\/media\/240908"}],"wp:attachment":[{"href":"https:\/\/shopatoa.com\/cz\/wp-json\/wp\/v2\/media?parent=240907"}],"wp:term":[{"taxonomy":"product_brand","embeddable":true,"href":"https:\/\/shopatoa.com\/cz\/wp-json\/wp\/v2\/product_brand?post=240907"},{"taxonomy":"product_cat","embeddable":true,"href":"https:\/\/shopatoa.com\/cz\/wp-json\/wp\/v2\/product_cat?post=240907"},{"taxonomy":"product_tag","embeddable":true,"href":"https:\/\/shopatoa.com\/cz\/wp-json\/wp\/v2\/product_tag?post=240907"}],"curies":[{"name":"wp","href":"https:\/\/api.w.org\/{rel}","templated":true}]}}