{"id":240925,"date":"2025-04-01T15:21:19","date_gmt":"2025-04-01T13:21:19","guid":{"rendered":"https:\/\/shopatoa.com\/cz\/?post_type=product&#038;p=240925"},"modified":"2026-02-04T09:11:16","modified_gmt":"2026-02-04T08:11:16","slug":"krmitko-exo-terra-na-cervy","status":"publish","type":"product","link":"https:\/\/shopatoa.com\/cz\/krmitko-exo-terra-na-cervy\/","title":{"rendered":"Krm\u00edtko EXO TERRA na \u010dervy"},"content":{"rendered":"<p>Krm\u00edtko na mou\u010dn\u00e9 \u010dervy. Velikost: 12 x 9,5 x 4,5 cm. Miska na \u010dervy umo\u017e\u0148uje plaz\u016fm pozorovat potravu ( \u010dervy ), ale speci\u00e1ln\u011b zkonstruovan\u00fd okraj zabra\u0148uje \u010derv\u016fm v \u00faniku. Do misky lze snadno p\u0159id\u00e1vat vitam\u00ednov\u00e9 a miner\u00e1ln\u00ed dopl\u0148ky a nadbyte\u010dn\u00fd pr\u00e1\u0161ek lze opakovan\u011b pou\u017e\u00edt. Miska je tvo\u0159ena dv\u011bma \u010d\u00e1stmi, co\u017e usnad\u0148uje \u010di\u0161t\u011bn\u00ed. \u010cervy je nutn\u00e9 do ter\u00e1ria um\u00edstit tak, aby nemohli uniknout a rozl\u00e9zt se. Pokud tomu nezabr\u00e1n\u00edte, rychle ute\u010dou a najdou si cestu do substr\u00e1tu. Zde z\u016fstanou ukryti, dokud se nevyvinou do nepo\u017eivateln\u00e9ho brouka. Pravd\u011bpodobn\u011b ji\u017e v\u0161ak jednodu\u0161e zahynou a jejich rozkl\u00e1daj\u00edc\u00ed se t\u011bla vytvo\u0159\u00ed hostinu pro \u0161kodliv\u00e9 bakterie.<\/p>\n","protected":false},"excerpt":{"rendered":"<p>Krm\u00edtko na mou\u010dn\u00e9 \u010dervy. Velikost: 12 x 9,5 x 4,5 cm. Miska na \u010dervy umo\u017e\u0148uje plaz\u016fm pozorovat potravu ( \u010dervy ), ale speci\u00e1ln\u011b zkonstruovan\u00fd okraj zabra\u0148uje \u010derv\u016fm v \u00faniku. Do misky lze snadno p\u0159id\u00e1vat vitam\u00ednov\u00e9 a miner\u00e1ln\u00ed dopl\u0148ky a nadbyte\u010dn\u00fd pr\u00e1\u0161ek lze opakovan\u011b pou\u017e\u00edt. Miska je tvo\u0159ena dv\u011bma \u010d\u00e1stmi, co\u017e usnad\u0148uje \u010di\u0161t\u011bn\u00ed. \u010cervy je nutn\u00e9&#8230;<\/p>\n","protected":false},"featured_media":240926,"comment_status":"closed","ping_status":"open","template":"","meta":{"_acf_changed":false,"_kadence_starter_templates_imported_post":false,"_kad_post_transparent":"","_kad_post_title":"","_kad_post_layout":"","_kad_post_sidebar_id":"","_kad_post_content_style":"","_kad_post_vertical_padding":"","_kad_post_feature":"","_kad_post_feature_position":"","_kad_post_header":false,"_kad_post_footer":false,"_kad_post_classname":""},"product_brand":[2552],"product_cat":[436,2528],"product_tag":[],"class_list":{"0":"post-240925","1":"product","2":"type-product","3":"status-publish","4":"has-post-thumbnail","6":"product_brand-exo-terra","7":"product_cat-chovatelske-potreby-2","8":"product_cat-teraristika","9":"pa_obchod-superzoo-cz","11":"first","12":"instock","13":"product-type-external","14":"entry","15":"content-bg","16":"loop-entry"},"acf":[],"yoast_head":"<!-- This site is optimized with the Yoast SEO plugin v27.4 - https:\/\/yoast.com\/product\/yoast-seo-wordpress\/ -->\n<title>Krm\u00edtko EXO TERRA na \u010dervy - SHOPATOA.COM<\/title>\n<meta name=\"robots\" content=\"index, follow, max-snippet:-1, max-image-preview:large, max-video-preview:-1\" \/>\n<link rel=\"canonical\" href=\"https:\/\/shopatoa.com\/cz\/krmitko-exo-terra-na-cervy\/\" \/>\n<meta property=\"og:locale\" content=\"cs_CZ\" \/>\n<meta property=\"og:type\" content=\"article\" \/>\n<meta property=\"og:title\" content=\"Krm\u00edtko EXO TERRA na \u010dervy - SHOPATOA.COM\" \/>\n<meta property=\"og:description\" content=\"Krm\u00edtko na mou\u010dn\u00e9 \u010dervy. Velikost: 12 x 9,5 x 4,5 cm. Miska na \u010dervy umo\u017e\u0148uje plaz\u016fm pozorovat potravu ( \u010dervy ), ale speci\u00e1ln\u011b zkonstruovan\u00fd okraj zabra\u0148uje \u010derv\u016fm v \u00faniku. Do misky lze snadno p\u0159id\u00e1vat vitam\u00ednov\u00e9 a miner\u00e1ln\u00ed dopl\u0148ky a nadbyte\u010dn\u00fd pr\u00e1\u0161ek lze opakovan\u011b pou\u017e\u00edt. Miska je tvo\u0159ena dv\u011bma \u010d\u00e1stmi, co\u017e usnad\u0148uje \u010di\u0161t\u011bn\u00ed. \u010cervy je nutn\u00e9...\" \/>\n<meta property=\"og:url\" content=\"https:\/\/shopatoa.com\/cz\/krmitko-exo-terra-na-cervy\/\" \/>\n<meta property=\"og:site_name\" content=\"SHOPATOA\" \/>\n<meta property=\"article:modified_time\" content=\"2026-02-04T08:11:16+00:00\" \/>\n<meta property=\"og:image\" content=\"https:\/\/storage.googleapis.com\/cz-shopatoa-img\/cz\/38a3e9c1-1_24010.jpg\" \/>\n\t<meta property=\"og:image:width\" content=\"600\" \/>\n\t<meta property=\"og:image:height\" content=\"600\" \/>\n\t<meta property=\"og:image:type\" content=\"image\/jpeg\" \/>\n<meta name=\"twitter:card\" content=\"summary_large_image\" \/>\n<meta name=\"twitter:label1\" content=\"Odhadovan\u00e1 doba \u010dten\u00ed\" \/>\n\t<meta name=\"twitter:data1\" content=\"1 minuta\" \/>\n<script type=\"application\/ld+json\" class=\"yoast-schema-graph\">{\"@context\":\"https:\\\/\\\/schema.org\",\"@graph\":[{\"@type\":\"WebPage\",\"@id\":\"https:\\\/\\\/shopatoa.com\\\/cz\\\/krmitko-exo-terra-na-cervy\\\/\",\"url\":\"https:\\\/\\\/shopatoa.com\\\/cz\\\/krmitko-exo-terra-na-cervy\\\/\",\"name\":\"Krm\u00edtko EXO TERRA na \u010dervy - SHOPATOA.COM\",\"isPartOf\":{\"@id\":\"https:\\\/\\\/shopatoa.com\\\/cz\\\/#website\"},\"primaryImageOfPage\":{\"@id\":\"https:\\\/\\\/shopatoa.com\\\/cz\\\/krmitko-exo-terra-na-cervy\\\/#primaryimage\"},\"image\":{\"@id\":\"https:\\\/\\\/shopatoa.com\\\/cz\\\/krmitko-exo-terra-na-cervy\\\/#primaryimage\"},\"thumbnailUrl\":\"https:\\\/\\\/storage.googleapis.com\\\/cz-shopatoa-img\\\/cz\\\/38a3e9c1-1_24010.jpg\",\"datePublished\":\"2025-04-01T13:21:19+00:00\",\"dateModified\":\"2026-02-04T08:11:16+00:00\",\"breadcrumb\":{\"@id\":\"https:\\\/\\\/shopatoa.com\\\/cz\\\/krmitko-exo-terra-na-cervy\\\/#breadcrumb\"},\"inLanguage\":\"cs\",\"potentialAction\":[{\"@type\":\"ReadAction\",\"target\":[\"https:\\\/\\\/shopatoa.com\\\/cz\\\/krmitko-exo-terra-na-cervy\\\/\"]}]},{\"@type\":\"ImageObject\",\"inLanguage\":\"cs\",\"@id\":\"https:\\\/\\\/shopatoa.com\\\/cz\\\/krmitko-exo-terra-na-cervy\\\/#primaryimage\",\"url\":\"https:\\\/\\\/storage.googleapis.com\\\/cz-shopatoa-img\\\/cz\\\/38a3e9c1-1_24010.jpg\",\"contentUrl\":\"https:\\\/\\\/storage.googleapis.com\\\/cz-shopatoa-img\\\/cz\\\/38a3e9c1-1_24010.jpg\",\"width\":600,\"height\":600},{\"@type\":\"BreadcrumbList\",\"@id\":\"https:\\\/\\\/shopatoa.com\\\/cz\\\/krmitko-exo-terra-na-cervy\\\/#breadcrumb\",\"itemListElement\":[{\"@type\":\"ListItem\",\"position\":1,\"name\":\"Dom\u016f\",\"item\":\"https:\\\/\\\/shopatoa.com\\\/cz\\\/\"},{\"@type\":\"ListItem\",\"position\":2,\"name\":\"Produkty\",\"item\":\"https:\\\/\\\/shopatoa.com\\\/cz\\\/shop\\\/\"},{\"@type\":\"ListItem\",\"position\":3,\"name\":\"Chovatelsk\u00e9 pot\u0159eby\",\"item\":\"https:\\\/\\\/shopatoa.com\\\/cz\\\/chovatelske-potreby-2\\\/\"},{\"@type\":\"ListItem\",\"position\":4,\"name\":\"Teraristika\",\"item\":\"https:\\\/\\\/shopatoa.com\\\/cz\\\/teraristika\\\/\"},{\"@type\":\"ListItem\",\"position\":5,\"name\":\"Krm\u00edtko EXO TERRA na \u010dervy\"}]},{\"@type\":\"WebSite\",\"@id\":\"https:\\\/\\\/shopatoa.com\\\/cz\\\/#website\",\"url\":\"https:\\\/\\\/shopatoa.com\\\/cz\\\/\",\"name\":\"SHOPATOA\",\"description\":\"\",\"publisher\":{\"@id\":\"https:\\\/\\\/shopatoa.com\\\/cz\\\/#organization\"},\"potentialAction\":[{\"@type\":\"SearchAction\",\"target\":{\"@type\":\"EntryPoint\",\"urlTemplate\":\"https:\\\/\\\/shopatoa.com\\\/cz\\\/?s={search_term_string}\"},\"query-input\":{\"@type\":\"PropertyValueSpecification\",\"valueRequired\":true,\"valueName\":\"search_term_string\"}}],\"inLanguage\":\"cs\"},{\"@type\":\"Organization\",\"@id\":\"https:\\\/\\\/shopatoa.com\\\/cz\\\/#organization\",\"name\":\"SHOPATOA Digital s.r.o.\",\"url\":\"https:\\\/\\\/shopatoa.com\\\/cz\\\/\",\"logo\":{\"@type\":\"ImageObject\",\"inLanguage\":\"cs\",\"@id\":\"https:\\\/\\\/shopatoa.com\\\/cz\\\/#\\\/schema\\\/logo\\\/image\\\/\",\"url\":\"https:\\\/\\\/storage.googleapis.com\\\/cz-shopatoa-img\\\/cz\\\/ebccf434-shopatoa_logo.png\",\"contentUrl\":\"https:\\\/\\\/storage.googleapis.com\\\/cz-shopatoa-img\\\/cz\\\/ebccf434-shopatoa_logo.png\",\"width\":416,\"height\":63,\"caption\":\"SHOPATOA Digital s.r.o.\"},\"image\":{\"@id\":\"https:\\\/\\\/shopatoa.com\\\/cz\\\/#\\\/schema\\\/logo\\\/image\\\/\"}}]}<\/script>\n<!-- \/ Yoast SEO plugin. -->","yoast_head_json":{"title":"Krm\u00edtko EXO TERRA na \u010dervy - SHOPATOA.COM","robots":{"index":"index","follow":"follow","max-snippet":"max-snippet:-1","max-image-preview":"max-image-preview:large","max-video-preview":"max-video-preview:-1"},"canonical":"https:\/\/shopatoa.com\/cz\/krmitko-exo-terra-na-cervy\/","og_locale":"cs_CZ","og_type":"article","og_title":"Krm\u00edtko EXO TERRA na \u010dervy - SHOPATOA.COM","og_description":"Krm\u00edtko na mou\u010dn\u00e9 \u010dervy. Velikost: 12 x 9,5 x 4,5 cm. Miska na \u010dervy umo\u017e\u0148uje plaz\u016fm pozorovat potravu ( \u010dervy ), ale speci\u00e1ln\u011b zkonstruovan\u00fd okraj zabra\u0148uje \u010derv\u016fm v \u00faniku. Do misky lze snadno p\u0159id\u00e1vat vitam\u00ednov\u00e9 a miner\u00e1ln\u00ed dopl\u0148ky a nadbyte\u010dn\u00fd pr\u00e1\u0161ek lze opakovan\u011b pou\u017e\u00edt. Miska je tvo\u0159ena dv\u011bma \u010d\u00e1stmi, co\u017e usnad\u0148uje \u010di\u0161t\u011bn\u00ed. \u010cervy je nutn\u00e9...","og_url":"https:\/\/shopatoa.com\/cz\/krmitko-exo-terra-na-cervy\/","og_site_name":"SHOPATOA","article_modified_time":"2026-02-04T08:11:16+00:00","og_image":[{"width":600,"height":600,"url":"https:\/\/storage.googleapis.com\/cz-shopatoa-img\/cz\/38a3e9c1-1_24010.jpg","type":"image\/jpeg"}],"twitter_card":"summary_large_image","twitter_misc":{"Odhadovan\u00e1 doba \u010dten\u00ed":"1 minuta"},"schema":{"@context":"https:\/\/schema.org","@graph":[{"@type":"WebPage","@id":"https:\/\/shopatoa.com\/cz\/krmitko-exo-terra-na-cervy\/","url":"https:\/\/shopatoa.com\/cz\/krmitko-exo-terra-na-cervy\/","name":"Krm\u00edtko EXO TERRA na \u010dervy - SHOPATOA.COM","isPartOf":{"@id":"https:\/\/shopatoa.com\/cz\/#website"},"primaryImageOfPage":{"@id":"https:\/\/shopatoa.com\/cz\/krmitko-exo-terra-na-cervy\/#primaryimage"},"image":{"@id":"https:\/\/shopatoa.com\/cz\/krmitko-exo-terra-na-cervy\/#primaryimage"},"thumbnailUrl":"https:\/\/storage.googleapis.com\/cz-shopatoa-img\/cz\/38a3e9c1-1_24010.jpg","datePublished":"2025-04-01T13:21:19+00:00","dateModified":"2026-02-04T08:11:16+00:00","breadcrumb":{"@id":"https:\/\/shopatoa.com\/cz\/krmitko-exo-terra-na-cervy\/#breadcrumb"},"inLanguage":"cs","potentialAction":[{"@type":"ReadAction","target":["https:\/\/shopatoa.com\/cz\/krmitko-exo-terra-na-cervy\/"]}]},{"@type":"ImageObject","inLanguage":"cs","@id":"https:\/\/shopatoa.com\/cz\/krmitko-exo-terra-na-cervy\/#primaryimage","url":"https:\/\/storage.googleapis.com\/cz-shopatoa-img\/cz\/38a3e9c1-1_24010.jpg","contentUrl":"https:\/\/storage.googleapis.com\/cz-shopatoa-img\/cz\/38a3e9c1-1_24010.jpg","width":600,"height":600},{"@type":"BreadcrumbList","@id":"https:\/\/shopatoa.com\/cz\/krmitko-exo-terra-na-cervy\/#breadcrumb","itemListElement":[{"@type":"ListItem","position":1,"name":"Dom\u016f","item":"https:\/\/shopatoa.com\/cz\/"},{"@type":"ListItem","position":2,"name":"Produkty","item":"https:\/\/shopatoa.com\/cz\/shop\/"},{"@type":"ListItem","position":3,"name":"Chovatelsk\u00e9 pot\u0159eby","item":"https:\/\/shopatoa.com\/cz\/chovatelske-potreby-2\/"},{"@type":"ListItem","position":4,"name":"Teraristika","item":"https:\/\/shopatoa.com\/cz\/teraristika\/"},{"@type":"ListItem","position":5,"name":"Krm\u00edtko EXO TERRA na \u010dervy"}]},{"@type":"WebSite","@id":"https:\/\/shopatoa.com\/cz\/#website","url":"https:\/\/shopatoa.com\/cz\/","name":"SHOPATOA","description":"","publisher":{"@id":"https:\/\/shopatoa.com\/cz\/#organization"},"potentialAction":[{"@type":"SearchAction","target":{"@type":"EntryPoint","urlTemplate":"https:\/\/shopatoa.com\/cz\/?s={search_term_string}"},"query-input":{"@type":"PropertyValueSpecification","valueRequired":true,"valueName":"search_term_string"}}],"inLanguage":"cs"},{"@type":"Organization","@id":"https:\/\/shopatoa.com\/cz\/#organization","name":"SHOPATOA Digital s.r.o.","url":"https:\/\/shopatoa.com\/cz\/","logo":{"@type":"ImageObject","inLanguage":"cs","@id":"https:\/\/shopatoa.com\/cz\/#\/schema\/logo\/image\/","url":"https:\/\/storage.googleapis.com\/cz-shopatoa-img\/cz\/ebccf434-shopatoa_logo.png","contentUrl":"https:\/\/storage.googleapis.com\/cz-shopatoa-img\/cz\/ebccf434-shopatoa_logo.png","width":416,"height":63,"caption":"SHOPATOA Digital s.r.o."},"image":{"@id":"https:\/\/shopatoa.com\/cz\/#\/schema\/logo\/image\/"}}]}},"_links":{"self":[{"href":"https:\/\/shopatoa.com\/cz\/wp-json\/wp\/v2\/product\/240925","targetHints":{"allow":["GET"]}}],"collection":[{"href":"https:\/\/shopatoa.com\/cz\/wp-json\/wp\/v2\/product"}],"about":[{"href":"https:\/\/shopatoa.com\/cz\/wp-json\/wp\/v2\/types\/product"}],"replies":[{"embeddable":true,"href":"https:\/\/shopatoa.com\/cz\/wp-json\/wp\/v2\/comments?post=240925"}],"wp:featuredmedia":[{"embeddable":true,"href":"https:\/\/shopatoa.com\/cz\/wp-json\/wp\/v2\/media\/240926"}],"wp:attachment":[{"href":"https:\/\/shopatoa.com\/cz\/wp-json\/wp\/v2\/media?parent=240925"}],"wp:term":[{"taxonomy":"product_brand","embeddable":true,"href":"https:\/\/shopatoa.com\/cz\/wp-json\/wp\/v2\/product_brand?post=240925"},{"taxonomy":"product_cat","embeddable":true,"href":"https:\/\/shopatoa.com\/cz\/wp-json\/wp\/v2\/product_cat?post=240925"},{"taxonomy":"product_tag","embeddable":true,"href":"https:\/\/shopatoa.com\/cz\/wp-json\/wp\/v2\/product_tag?post=240925"}],"curies":[{"name":"wp","href":"https:\/\/api.w.org\/{rel}","templated":true}]}}