{"id":241063,"date":"2025-04-01T15:28:24","date_gmt":"2025-04-01T13:28:24","guid":{"rendered":"https:\/\/shopatoa.com\/cz\/?post_type=product&#038;p=241063"},"modified":"2026-02-04T08:52:14","modified_gmt":"2026-02-04T07:52:14","slug":"eukanuba-mature-small-3kg","status":"publish","type":"product","link":"https:\/\/shopatoa.com\/cz\/eukanuba-mature-small-3kg\/","title":{"rendered":"Eukanuba Mature Small 3kg"},"content":{"rendered":"<p>Kompletn\u00ed krmivo pro star\u0161\u00ed psy od 8 let s hmotnost\u00ed do 25 kg<\/p>\n<p>Nov\u00e1 EUKANUBA vylep\u0161en\u00e1 receptura se zam\u011b\u0159en\u00edm na konkr\u00e9tn\u00ed f\u00e1zi \u017eivota &#8211; pro star\u0161\u00ed psy mal\u00fdch plemen od 8 do 11 let \u2013 poskytuje na m\u00edru upravenou v\u00fd\u017eivu pro zdrav\u00e9 st\u00e1rnut\u00ed va\u0161eho star\u0161\u00edho psa. Na\u0161e jedine\u010dn\u00e1 na m\u00edru upraven\u00e1 receptura pro mal\u00e9 star\u0161\u00ed psy obsahuje sm\u011bs vl\u00e1kniny, prebiotika FOS a \u0159epn\u00e9 du\u017einy pro podporu zdrav\u00e9ho za\u017e\u00edv\u00e1n\u00ed, v\u00e1pn\u00edk pro zdrav\u00e9 kosti, glukosamin pro zdrav\u00e9 klouby, p\u0159irozen\u00fd zdroj mastn\u00fdch kyselin omega-6 a omega-3 pro zdravou k\u016f\u017ei a srst, L-karnitin, kter\u00fd pom\u00e1h\u00e1 s udr\u017een\u00edm ide\u00e1ln\u00ed v\u00e1hy a antioxidanty, vitamin E a C pro podporu imunitn\u00edho syst\u00e9mu. Na\u0161e unik\u00e1tn\u00ed granule ve tvaru \u0161esti\u00faheln\u00edku s p\u0159\u00eddavkem DentaDefense tak\u00e9 pom\u00e1haj\u00ed s udr\u017eov\u00e1n\u00edm \u010dist\u00fdch a zdrav\u00fdch zub\u016f. Pokro\u010dil\u00e1 v\u00fd\u017eiva pro mal\u00e9 star\u0161\u00ed psy se zam\u011b\u0159en\u00edm na podporu optim\u00e1ln\u00edho t\u011blesn\u00e9ho stavu a celo\u017eivotn\u00ed pohodu.<\/p>\n<p>Znaky krmiva:<\/p>\n<p>Napom\u00e1h\u00e1 dent\u00e1ln\u00ed hygien\u011b<\/p>\n<p>Podporuje zdrav\u00e9 zuby t\u00edm, \u017ee sni\u017euje hromad\u011bn\u00ed zubn\u00edho&#8230;<\/p>\n","protected":false},"excerpt":{"rendered":"<p>Kompletn\u00ed krmivo pro star\u0161\u00ed psy od 8 let s hmotnost\u00ed do 25 kg Nov\u00e1 EUKANUBA vylep\u0161en\u00e1 receptura se zam\u011b\u0159en\u00edm na konkr\u00e9tn\u00ed f\u00e1zi \u017eivota &#8211; pro star\u0161\u00ed psy mal\u00fdch plemen od 8 do 11 let \u2013 poskytuje na m\u00edru upravenou v\u00fd\u017eivu pro zdrav\u00e9 st\u00e1rnut\u00ed va\u0161eho star\u0161\u00edho psa. Na\u0161e jedine\u010dn\u00e1 na m\u00edru upraven\u00e1 receptura pro mal\u00e9 star\u0161\u00ed&#8230;<\/p>\n","protected":false},"featured_media":241064,"comment_status":"closed","ping_status":"open","template":"","meta":{"_acf_changed":false,"_kadence_starter_templates_imported_post":false,"_kad_post_transparent":"","_kad_post_title":"","_kad_post_layout":"","_kad_post_sidebar_id":"","_kad_post_content_style":"","_kad_post_vertical_padding":"","_kad_post_feature":"","_kad_post_feature_position":"","_kad_post_header":false,"_kad_post_footer":false,"_kad_post_classname":""},"product_brand":[2048],"product_cat":[436,2569,2568,739],"product_tag":[],"class_list":{"0":"post-241063","1":"product","2":"type-product","3":"status-publish","4":"has-post-thumbnail","6":"product_brand-eukanuba","7":"product_cat-chovatelske-potreby-2","8":"product_cat-granule-pro-psy","9":"product_cat-krmivo-pro-psy-pro-psy-chovatelske-potreby-2","10":"product_cat-pro-psy-chovatelske-potreby-2","11":"pa_obchod-superzoo-cz","13":"first","14":"instock","15":"product-type-external","16":"entry","17":"content-bg","18":"loop-entry"},"acf":[],"yoast_head":"<!-- This site is optimized with the Yoast SEO plugin v27.4 - https:\/\/yoast.com\/product\/yoast-seo-wordpress\/ -->\n<title>Eukanuba Mature Small 3kg - SHOPATOA.COM<\/title>\n<meta name=\"robots\" content=\"index, follow, max-snippet:-1, max-image-preview:large, max-video-preview:-1\" \/>\n<link rel=\"canonical\" href=\"https:\/\/shopatoa.com\/cz\/eukanuba-mature-small-3kg\/\" \/>\n<meta property=\"og:locale\" content=\"cs_CZ\" \/>\n<meta property=\"og:type\" content=\"article\" \/>\n<meta property=\"og:title\" content=\"Eukanuba Mature Small 3kg - SHOPATOA.COM\" \/>\n<meta property=\"og:description\" content=\"Kompletn\u00ed krmivo pro star\u0161\u00ed psy od 8 let s hmotnost\u00ed do 25 kg Nov\u00e1 EUKANUBA vylep\u0161en\u00e1 receptura se zam\u011b\u0159en\u00edm na konkr\u00e9tn\u00ed f\u00e1zi \u017eivota &#8211; pro star\u0161\u00ed psy mal\u00fdch plemen od 8 do 11 let \u2013 poskytuje na m\u00edru upravenou v\u00fd\u017eivu pro zdrav\u00e9 st\u00e1rnut\u00ed va\u0161eho star\u0161\u00edho psa. Na\u0161e jedine\u010dn\u00e1 na m\u00edru upraven\u00e1 receptura pro mal\u00e9 star\u0161\u00ed...\" \/>\n<meta property=\"og:url\" content=\"https:\/\/shopatoa.com\/cz\/eukanuba-mature-small-3kg\/\" \/>\n<meta property=\"og:site_name\" content=\"SHOPATOA\" \/>\n<meta property=\"article:modified_time\" content=\"2026-02-04T07:52:14+00:00\" \/>\n<meta property=\"og:image\" content=\"https:\/\/storage.googleapis.com\/cz-shopatoa-img\/cz\/412a6fc9-1_80789.jpg\" \/>\n\t<meta property=\"og:image:width\" content=\"600\" \/>\n\t<meta property=\"og:image:height\" content=\"600\" \/>\n\t<meta property=\"og:image:type\" content=\"image\/jpeg\" \/>\n<meta name=\"twitter:card\" content=\"summary_large_image\" \/>\n<meta name=\"twitter:label1\" content=\"Odhadovan\u00e1 doba \u010dten\u00ed\" \/>\n\t<meta name=\"twitter:data1\" content=\"1 minuta\" \/>\n<script type=\"application\/ld+json\" class=\"yoast-schema-graph\">{\"@context\":\"https:\\\/\\\/schema.org\",\"@graph\":[{\"@type\":\"WebPage\",\"@id\":\"https:\\\/\\\/shopatoa.com\\\/cz\\\/eukanuba-mature-small-3kg\\\/\",\"url\":\"https:\\\/\\\/shopatoa.com\\\/cz\\\/eukanuba-mature-small-3kg\\\/\",\"name\":\"Eukanuba Mature Small 3kg - SHOPATOA.COM\",\"isPartOf\":{\"@id\":\"https:\\\/\\\/shopatoa.com\\\/cz\\\/#website\"},\"primaryImageOfPage\":{\"@id\":\"https:\\\/\\\/shopatoa.com\\\/cz\\\/eukanuba-mature-small-3kg\\\/#primaryimage\"},\"image\":{\"@id\":\"https:\\\/\\\/shopatoa.com\\\/cz\\\/eukanuba-mature-small-3kg\\\/#primaryimage\"},\"thumbnailUrl\":\"https:\\\/\\\/storage.googleapis.com\\\/cz-shopatoa-img\\\/cz\\\/412a6fc9-1_80789.jpg\",\"datePublished\":\"2025-04-01T13:28:24+00:00\",\"dateModified\":\"2026-02-04T07:52:14+00:00\",\"breadcrumb\":{\"@id\":\"https:\\\/\\\/shopatoa.com\\\/cz\\\/eukanuba-mature-small-3kg\\\/#breadcrumb\"},\"inLanguage\":\"cs\",\"potentialAction\":[{\"@type\":\"ReadAction\",\"target\":[\"https:\\\/\\\/shopatoa.com\\\/cz\\\/eukanuba-mature-small-3kg\\\/\"]}]},{\"@type\":\"ImageObject\",\"inLanguage\":\"cs\",\"@id\":\"https:\\\/\\\/shopatoa.com\\\/cz\\\/eukanuba-mature-small-3kg\\\/#primaryimage\",\"url\":\"https:\\\/\\\/storage.googleapis.com\\\/cz-shopatoa-img\\\/cz\\\/412a6fc9-1_80789.jpg\",\"contentUrl\":\"https:\\\/\\\/storage.googleapis.com\\\/cz-shopatoa-img\\\/cz\\\/412a6fc9-1_80789.jpg\",\"width\":600,\"height\":600},{\"@type\":\"BreadcrumbList\",\"@id\":\"https:\\\/\\\/shopatoa.com\\\/cz\\\/eukanuba-mature-small-3kg\\\/#breadcrumb\",\"itemListElement\":[{\"@type\":\"ListItem\",\"position\":1,\"name\":\"Dom\u016f\",\"item\":\"https:\\\/\\\/shopatoa.com\\\/cz\\\/\"},{\"@type\":\"ListItem\",\"position\":2,\"name\":\"Produkty\",\"item\":\"https:\\\/\\\/shopatoa.com\\\/cz\\\/shop\\\/\"},{\"@type\":\"ListItem\",\"position\":3,\"name\":\"Chovatelsk\u00e9 pot\u0159eby\",\"item\":\"https:\\\/\\\/shopatoa.com\\\/cz\\\/chovatelske-potreby-2\\\/\"},{\"@type\":\"ListItem\",\"position\":4,\"name\":\"Pro psy\",\"item\":\"https:\\\/\\\/shopatoa.com\\\/cz\\\/pro-psy-chovatelske-potreby-2\\\/\"},{\"@type\":\"ListItem\",\"position\":5,\"name\":\"Krmivo pro psy\",\"item\":\"https:\\\/\\\/shopatoa.com\\\/cz\\\/krmivo-pro-psy-pro-psy-chovatelske-potreby-2\\\/\"},{\"@type\":\"ListItem\",\"position\":6,\"name\":\"Granule pro psy\",\"item\":\"https:\\\/\\\/shopatoa.com\\\/cz\\\/granule-pro-psy\\\/\"},{\"@type\":\"ListItem\",\"position\":7,\"name\":\"Eukanuba Mature Small 3kg\"}]},{\"@type\":\"WebSite\",\"@id\":\"https:\\\/\\\/shopatoa.com\\\/cz\\\/#website\",\"url\":\"https:\\\/\\\/shopatoa.com\\\/cz\\\/\",\"name\":\"SHOPATOA\",\"description\":\"\",\"publisher\":{\"@id\":\"https:\\\/\\\/shopatoa.com\\\/cz\\\/#organization\"},\"potentialAction\":[{\"@type\":\"SearchAction\",\"target\":{\"@type\":\"EntryPoint\",\"urlTemplate\":\"https:\\\/\\\/shopatoa.com\\\/cz\\\/?s={search_term_string}\"},\"query-input\":{\"@type\":\"PropertyValueSpecification\",\"valueRequired\":true,\"valueName\":\"search_term_string\"}}],\"inLanguage\":\"cs\"},{\"@type\":\"Organization\",\"@id\":\"https:\\\/\\\/shopatoa.com\\\/cz\\\/#organization\",\"name\":\"SHOPATOA Digital s.r.o.\",\"url\":\"https:\\\/\\\/shopatoa.com\\\/cz\\\/\",\"logo\":{\"@type\":\"ImageObject\",\"inLanguage\":\"cs\",\"@id\":\"https:\\\/\\\/shopatoa.com\\\/cz\\\/#\\\/schema\\\/logo\\\/image\\\/\",\"url\":\"https:\\\/\\\/storage.googleapis.com\\\/cz-shopatoa-img\\\/cz\\\/ebccf434-shopatoa_logo.png\",\"contentUrl\":\"https:\\\/\\\/storage.googleapis.com\\\/cz-shopatoa-img\\\/cz\\\/ebccf434-shopatoa_logo.png\",\"width\":416,\"height\":63,\"caption\":\"SHOPATOA Digital s.r.o.\"},\"image\":{\"@id\":\"https:\\\/\\\/shopatoa.com\\\/cz\\\/#\\\/schema\\\/logo\\\/image\\\/\"}}]}<\/script>\n<!-- \/ Yoast SEO plugin. -->","yoast_head_json":{"title":"Eukanuba Mature Small 3kg - SHOPATOA.COM","robots":{"index":"index","follow":"follow","max-snippet":"max-snippet:-1","max-image-preview":"max-image-preview:large","max-video-preview":"max-video-preview:-1"},"canonical":"https:\/\/shopatoa.com\/cz\/eukanuba-mature-small-3kg\/","og_locale":"cs_CZ","og_type":"article","og_title":"Eukanuba Mature Small 3kg - SHOPATOA.COM","og_description":"Kompletn\u00ed krmivo pro star\u0161\u00ed psy od 8 let s hmotnost\u00ed do 25 kg Nov\u00e1 EUKANUBA vylep\u0161en\u00e1 receptura se zam\u011b\u0159en\u00edm na konkr\u00e9tn\u00ed f\u00e1zi \u017eivota &#8211; pro star\u0161\u00ed psy mal\u00fdch plemen od 8 do 11 let \u2013 poskytuje na m\u00edru upravenou v\u00fd\u017eivu pro zdrav\u00e9 st\u00e1rnut\u00ed va\u0161eho star\u0161\u00edho psa. Na\u0161e jedine\u010dn\u00e1 na m\u00edru upraven\u00e1 receptura pro mal\u00e9 star\u0161\u00ed...","og_url":"https:\/\/shopatoa.com\/cz\/eukanuba-mature-small-3kg\/","og_site_name":"SHOPATOA","article_modified_time":"2026-02-04T07:52:14+00:00","og_image":[{"width":600,"height":600,"url":"https:\/\/storage.googleapis.com\/cz-shopatoa-img\/cz\/412a6fc9-1_80789.jpg","type":"image\/jpeg"}],"twitter_card":"summary_large_image","twitter_misc":{"Odhadovan\u00e1 doba \u010dten\u00ed":"1 minuta"},"schema":{"@context":"https:\/\/schema.org","@graph":[{"@type":"WebPage","@id":"https:\/\/shopatoa.com\/cz\/eukanuba-mature-small-3kg\/","url":"https:\/\/shopatoa.com\/cz\/eukanuba-mature-small-3kg\/","name":"Eukanuba Mature Small 3kg - SHOPATOA.COM","isPartOf":{"@id":"https:\/\/shopatoa.com\/cz\/#website"},"primaryImageOfPage":{"@id":"https:\/\/shopatoa.com\/cz\/eukanuba-mature-small-3kg\/#primaryimage"},"image":{"@id":"https:\/\/shopatoa.com\/cz\/eukanuba-mature-small-3kg\/#primaryimage"},"thumbnailUrl":"https:\/\/storage.googleapis.com\/cz-shopatoa-img\/cz\/412a6fc9-1_80789.jpg","datePublished":"2025-04-01T13:28:24+00:00","dateModified":"2026-02-04T07:52:14+00:00","breadcrumb":{"@id":"https:\/\/shopatoa.com\/cz\/eukanuba-mature-small-3kg\/#breadcrumb"},"inLanguage":"cs","potentialAction":[{"@type":"ReadAction","target":["https:\/\/shopatoa.com\/cz\/eukanuba-mature-small-3kg\/"]}]},{"@type":"ImageObject","inLanguage":"cs","@id":"https:\/\/shopatoa.com\/cz\/eukanuba-mature-small-3kg\/#primaryimage","url":"https:\/\/storage.googleapis.com\/cz-shopatoa-img\/cz\/412a6fc9-1_80789.jpg","contentUrl":"https:\/\/storage.googleapis.com\/cz-shopatoa-img\/cz\/412a6fc9-1_80789.jpg","width":600,"height":600},{"@type":"BreadcrumbList","@id":"https:\/\/shopatoa.com\/cz\/eukanuba-mature-small-3kg\/#breadcrumb","itemListElement":[{"@type":"ListItem","position":1,"name":"Dom\u016f","item":"https:\/\/shopatoa.com\/cz\/"},{"@type":"ListItem","position":2,"name":"Produkty","item":"https:\/\/shopatoa.com\/cz\/shop\/"},{"@type":"ListItem","position":3,"name":"Chovatelsk\u00e9 pot\u0159eby","item":"https:\/\/shopatoa.com\/cz\/chovatelske-potreby-2\/"},{"@type":"ListItem","position":4,"name":"Pro psy","item":"https:\/\/shopatoa.com\/cz\/pro-psy-chovatelske-potreby-2\/"},{"@type":"ListItem","position":5,"name":"Krmivo pro psy","item":"https:\/\/shopatoa.com\/cz\/krmivo-pro-psy-pro-psy-chovatelske-potreby-2\/"},{"@type":"ListItem","position":6,"name":"Granule pro psy","item":"https:\/\/shopatoa.com\/cz\/granule-pro-psy\/"},{"@type":"ListItem","position":7,"name":"Eukanuba Mature Small 3kg"}]},{"@type":"WebSite","@id":"https:\/\/shopatoa.com\/cz\/#website","url":"https:\/\/shopatoa.com\/cz\/","name":"SHOPATOA","description":"","publisher":{"@id":"https:\/\/shopatoa.com\/cz\/#organization"},"potentialAction":[{"@type":"SearchAction","target":{"@type":"EntryPoint","urlTemplate":"https:\/\/shopatoa.com\/cz\/?s={search_term_string}"},"query-input":{"@type":"PropertyValueSpecification","valueRequired":true,"valueName":"search_term_string"}}],"inLanguage":"cs"},{"@type":"Organization","@id":"https:\/\/shopatoa.com\/cz\/#organization","name":"SHOPATOA Digital s.r.o.","url":"https:\/\/shopatoa.com\/cz\/","logo":{"@type":"ImageObject","inLanguage":"cs","@id":"https:\/\/shopatoa.com\/cz\/#\/schema\/logo\/image\/","url":"https:\/\/storage.googleapis.com\/cz-shopatoa-img\/cz\/ebccf434-shopatoa_logo.png","contentUrl":"https:\/\/storage.googleapis.com\/cz-shopatoa-img\/cz\/ebccf434-shopatoa_logo.png","width":416,"height":63,"caption":"SHOPATOA Digital s.r.o."},"image":{"@id":"https:\/\/shopatoa.com\/cz\/#\/schema\/logo\/image\/"}}]}},"_links":{"self":[{"href":"https:\/\/shopatoa.com\/cz\/wp-json\/wp\/v2\/product\/241063","targetHints":{"allow":["GET"]}}],"collection":[{"href":"https:\/\/shopatoa.com\/cz\/wp-json\/wp\/v2\/product"}],"about":[{"href":"https:\/\/shopatoa.com\/cz\/wp-json\/wp\/v2\/types\/product"}],"replies":[{"embeddable":true,"href":"https:\/\/shopatoa.com\/cz\/wp-json\/wp\/v2\/comments?post=241063"}],"wp:featuredmedia":[{"embeddable":true,"href":"https:\/\/shopatoa.com\/cz\/wp-json\/wp\/v2\/media\/241064"}],"wp:attachment":[{"href":"https:\/\/shopatoa.com\/cz\/wp-json\/wp\/v2\/media?parent=241063"}],"wp:term":[{"taxonomy":"product_brand","embeddable":true,"href":"https:\/\/shopatoa.com\/cz\/wp-json\/wp\/v2\/product_brand?post=241063"},{"taxonomy":"product_cat","embeddable":true,"href":"https:\/\/shopatoa.com\/cz\/wp-json\/wp\/v2\/product_cat?post=241063"},{"taxonomy":"product_tag","embeddable":true,"href":"https:\/\/shopatoa.com\/cz\/wp-json\/wp\/v2\/product_tag?post=241063"}],"curies":[{"name":"wp","href":"https:\/\/api.w.org\/{rel}","templated":true}]}}