{"id":241073,"date":"2025-04-01T15:28:51","date_gmt":"2025-04-01T13:28:51","guid":{"rendered":"https:\/\/shopatoa.com\/cz\/?post_type=product&#038;p=241073"},"modified":"2026-02-04T08:52:04","modified_gmt":"2026-02-04T07:52:04","slug":"eukanuba-daily-care-excess-weight-23kg","status":"publish","type":"product","link":"https:\/\/shopatoa.com\/cz\/eukanuba-daily-care-excess-weight-23kg\/","title":{"rendered":"Eukanuba Daily Care Excess Weight 2,3kg"},"content":{"rendered":"<p>Kompletn\u00ed krmivo pro dosp\u011bl\u00e9 psy od 1 roku s nadv\u00e1hou nebo po kastraci<\/p>\n<p>Pro udr\u017een\u00ed ide\u00e1ln\u00ed hmotnosti<\/p>\n<p>Obsahuje nezbytn\u00e9 vitam\u00edny a miner\u00e1ly, kter\u00e9 v\u00e1\u0161 pes pot\u0159ebuje.\u00a0Spr\u00e1vn\u00e1 hmotnost\u00a0je kl\u00ed\u010dov\u00fd faktor pro zdrav\u00ed a pohodu psa. P\u0159esto\u00a0po\u010det ps\u016f s nadv\u00e1hou roste. Nadv\u00e1ha\u00a0zvy\u0161uje riziko chorob, jako je cukrovka, onemocn\u011bn\u00ed srdce a probl\u00e9my s klouby. V\u00fd\u017eiva hraje p\u0159i kontrole hmotnosti\u00a0kl\u00ed\u010dovou roli. Proto spole\u010dnost Eukanuba vyvinula krmivo Eukanuba Excess Weight, kter\u00e9 dosp\u011bl\u00fdm ps\u016fm pom\u00e1h\u00e1 dos\u00e1hnout \u0161t\u00edhl\u00e9ho t\u011bla a u\u017e\u00edt si aktivn\u00ed interakce s jejich p\u00e1n\u00ed\u010dky.<\/p>\n<p>Ka\u017ed\u00fd zn\u00e1 jojo efekt diet. Lid\u00e9 m\u011bn\u00ed svou stravu, aby zhubli. Kdy\u017e dos\u00e1hnou ide\u00e1ln\u00ed v\u00e1hy, vr\u00e1t\u00ed se ke sv\u00fdm star\u00fdm stravovac\u00edm n\u00e1vyk\u016fm a v\u00e1hu\u00a0znovu naberou. Pro udr\u017een\u00ed zdrav\u00e9 hmotnosti se\u00a0mus\u00edte dr\u017eet sv\u00fdch \u00fa\u010dinn\u00fdch zvyk\u016f. Krmivo Daily Care pro psy s nadv\u00e1hou, po kastraci se \u0159\u00edd\u00ed stejn\u00fdm principem.\u00a0Psi jsou n\u00e1chyln\u00ed k p\u0159ib\u00edr\u00e1n\u00ed po kastraci\u00a0v d\u016fsledku zm\u011bn hladiny hormon\u016f. \u0158i\u010fte se na\u0161imi doporu\u010den\u00edmi pro krmen\u00ed, a pomozte&#8230;<\/p>\n","protected":false},"excerpt":{"rendered":"<p>Kompletn\u00ed krmivo pro dosp\u011bl\u00e9 psy od 1 roku s nadv\u00e1hou nebo po kastraci Pro udr\u017een\u00ed ide\u00e1ln\u00ed hmotnosti Obsahuje nezbytn\u00e9 vitam\u00edny a miner\u00e1ly, kter\u00e9 v\u00e1\u0161 pes pot\u0159ebuje.\u00a0Spr\u00e1vn\u00e1 hmotnost\u00a0je kl\u00ed\u010dov\u00fd faktor pro zdrav\u00ed a pohodu psa. P\u0159esto\u00a0po\u010det ps\u016f s nadv\u00e1hou roste. Nadv\u00e1ha\u00a0zvy\u0161uje riziko chorob, jako je cukrovka, onemocn\u011bn\u00ed srdce a probl\u00e9my s klouby. V\u00fd\u017eiva hraje p\u0159i kontrole&#8230;<\/p>\n","protected":false},"featured_media":241074,"comment_status":"closed","ping_status":"open","template":"","meta":{"_acf_changed":false,"_kadence_starter_templates_imported_post":false,"_kad_post_transparent":"","_kad_post_title":"","_kad_post_layout":"","_kad_post_sidebar_id":"","_kad_post_content_style":"","_kad_post_vertical_padding":"","_kad_post_feature":"","_kad_post_feature_position":"","_kad_post_header":false,"_kad_post_footer":false,"_kad_post_classname":""},"product_brand":[2048],"product_cat":[436,2569,2568,739],"product_tag":[],"class_list":{"0":"post-241073","1":"product","2":"type-product","3":"status-publish","4":"has-post-thumbnail","6":"product_brand-eukanuba","7":"product_cat-chovatelske-potreby-2","8":"product_cat-granule-pro-psy","9":"product_cat-krmivo-pro-psy-pro-psy-chovatelske-potreby-2","10":"product_cat-pro-psy-chovatelske-potreby-2","11":"pa_obchod-superzoo-cz","13":"first","14":"instock","15":"product-type-external","16":"entry","17":"content-bg","18":"loop-entry"},"acf":[],"yoast_head":"<!-- This site is optimized with the Yoast SEO plugin v27.4 - https:\/\/yoast.com\/product\/yoast-seo-wordpress\/ -->\n<title>Eukanuba Daily Care Excess Weight 2,3kg - SHOPATOA.COM<\/title>\n<meta name=\"robots\" content=\"index, follow, max-snippet:-1, max-image-preview:large, max-video-preview:-1\" \/>\n<link rel=\"canonical\" href=\"https:\/\/shopatoa.com\/cz\/eukanuba-daily-care-excess-weight-23kg\/\" \/>\n<meta property=\"og:locale\" content=\"cs_CZ\" \/>\n<meta property=\"og:type\" content=\"article\" \/>\n<meta property=\"og:title\" content=\"Eukanuba Daily Care Excess Weight 2,3kg - SHOPATOA.COM\" \/>\n<meta property=\"og:description\" content=\"Kompletn\u00ed krmivo pro dosp\u011bl\u00e9 psy od 1 roku s nadv\u00e1hou nebo po kastraci Pro udr\u017een\u00ed ide\u00e1ln\u00ed hmotnosti Obsahuje nezbytn\u00e9 vitam\u00edny a miner\u00e1ly, kter\u00e9 v\u00e1\u0161 pes pot\u0159ebuje.\u00a0Spr\u00e1vn\u00e1 hmotnost\u00a0je kl\u00ed\u010dov\u00fd faktor pro zdrav\u00ed a pohodu psa. P\u0159esto\u00a0po\u010det ps\u016f s nadv\u00e1hou roste. Nadv\u00e1ha\u00a0zvy\u0161uje riziko chorob, jako je cukrovka, onemocn\u011bn\u00ed srdce a probl\u00e9my s klouby. V\u00fd\u017eiva hraje p\u0159i kontrole...\" \/>\n<meta property=\"og:url\" content=\"https:\/\/shopatoa.com\/cz\/eukanuba-daily-care-excess-weight-23kg\/\" \/>\n<meta property=\"og:site_name\" content=\"SHOPATOA\" \/>\n<meta property=\"article:modified_time\" content=\"2026-02-04T07:52:04+00:00\" \/>\n<meta property=\"og:image\" content=\"https:\/\/storage.googleapis.com\/cz-shopatoa-img\/cz\/a175c08e-1_80703.jpg\" \/>\n\t<meta property=\"og:image:width\" content=\"600\" \/>\n\t<meta property=\"og:image:height\" content=\"600\" \/>\n\t<meta property=\"og:image:type\" content=\"image\/jpeg\" \/>\n<meta name=\"twitter:card\" content=\"summary_large_image\" \/>\n<meta name=\"twitter:label1\" content=\"Odhadovan\u00e1 doba \u010dten\u00ed\" \/>\n\t<meta name=\"twitter:data1\" content=\"1 minuta\" \/>\n<script type=\"application\/ld+json\" class=\"yoast-schema-graph\">{\"@context\":\"https:\\\/\\\/schema.org\",\"@graph\":[{\"@type\":\"WebPage\",\"@id\":\"https:\\\/\\\/shopatoa.com\\\/cz\\\/eukanuba-daily-care-excess-weight-23kg\\\/\",\"url\":\"https:\\\/\\\/shopatoa.com\\\/cz\\\/eukanuba-daily-care-excess-weight-23kg\\\/\",\"name\":\"Eukanuba Daily Care Excess Weight 2,3kg - SHOPATOA.COM\",\"isPartOf\":{\"@id\":\"https:\\\/\\\/shopatoa.com\\\/cz\\\/#website\"},\"primaryImageOfPage\":{\"@id\":\"https:\\\/\\\/shopatoa.com\\\/cz\\\/eukanuba-daily-care-excess-weight-23kg\\\/#primaryimage\"},\"image\":{\"@id\":\"https:\\\/\\\/shopatoa.com\\\/cz\\\/eukanuba-daily-care-excess-weight-23kg\\\/#primaryimage\"},\"thumbnailUrl\":\"https:\\\/\\\/storage.googleapis.com\\\/cz-shopatoa-img\\\/cz\\\/a175c08e-1_80703.jpg\",\"datePublished\":\"2025-04-01T13:28:51+00:00\",\"dateModified\":\"2026-02-04T07:52:04+00:00\",\"breadcrumb\":{\"@id\":\"https:\\\/\\\/shopatoa.com\\\/cz\\\/eukanuba-daily-care-excess-weight-23kg\\\/#breadcrumb\"},\"inLanguage\":\"cs\",\"potentialAction\":[{\"@type\":\"ReadAction\",\"target\":[\"https:\\\/\\\/shopatoa.com\\\/cz\\\/eukanuba-daily-care-excess-weight-23kg\\\/\"]}]},{\"@type\":\"ImageObject\",\"inLanguage\":\"cs\",\"@id\":\"https:\\\/\\\/shopatoa.com\\\/cz\\\/eukanuba-daily-care-excess-weight-23kg\\\/#primaryimage\",\"url\":\"https:\\\/\\\/storage.googleapis.com\\\/cz-shopatoa-img\\\/cz\\\/a175c08e-1_80703.jpg\",\"contentUrl\":\"https:\\\/\\\/storage.googleapis.com\\\/cz-shopatoa-img\\\/cz\\\/a175c08e-1_80703.jpg\",\"width\":600,\"height\":600},{\"@type\":\"BreadcrumbList\",\"@id\":\"https:\\\/\\\/shopatoa.com\\\/cz\\\/eukanuba-daily-care-excess-weight-23kg\\\/#breadcrumb\",\"itemListElement\":[{\"@type\":\"ListItem\",\"position\":1,\"name\":\"Dom\u016f\",\"item\":\"https:\\\/\\\/shopatoa.com\\\/cz\\\/\"},{\"@type\":\"ListItem\",\"position\":2,\"name\":\"Produkty\",\"item\":\"https:\\\/\\\/shopatoa.com\\\/cz\\\/shop\\\/\"},{\"@type\":\"ListItem\",\"position\":3,\"name\":\"Chovatelsk\u00e9 pot\u0159eby\",\"item\":\"https:\\\/\\\/shopatoa.com\\\/cz\\\/chovatelske-potreby-2\\\/\"},{\"@type\":\"ListItem\",\"position\":4,\"name\":\"Pro psy\",\"item\":\"https:\\\/\\\/shopatoa.com\\\/cz\\\/pro-psy-chovatelske-potreby-2\\\/\"},{\"@type\":\"ListItem\",\"position\":5,\"name\":\"Krmivo pro psy\",\"item\":\"https:\\\/\\\/shopatoa.com\\\/cz\\\/krmivo-pro-psy-pro-psy-chovatelske-potreby-2\\\/\"},{\"@type\":\"ListItem\",\"position\":6,\"name\":\"Granule pro psy\",\"item\":\"https:\\\/\\\/shopatoa.com\\\/cz\\\/granule-pro-psy\\\/\"},{\"@type\":\"ListItem\",\"position\":7,\"name\":\"Eukanuba Daily Care Excess Weight 2,3kg\"}]},{\"@type\":\"WebSite\",\"@id\":\"https:\\\/\\\/shopatoa.com\\\/cz\\\/#website\",\"url\":\"https:\\\/\\\/shopatoa.com\\\/cz\\\/\",\"name\":\"SHOPATOA\",\"description\":\"\",\"publisher\":{\"@id\":\"https:\\\/\\\/shopatoa.com\\\/cz\\\/#organization\"},\"potentialAction\":[{\"@type\":\"SearchAction\",\"target\":{\"@type\":\"EntryPoint\",\"urlTemplate\":\"https:\\\/\\\/shopatoa.com\\\/cz\\\/?s={search_term_string}\"},\"query-input\":{\"@type\":\"PropertyValueSpecification\",\"valueRequired\":true,\"valueName\":\"search_term_string\"}}],\"inLanguage\":\"cs\"},{\"@type\":\"Organization\",\"@id\":\"https:\\\/\\\/shopatoa.com\\\/cz\\\/#organization\",\"name\":\"SHOPATOA Digital s.r.o.\",\"url\":\"https:\\\/\\\/shopatoa.com\\\/cz\\\/\",\"logo\":{\"@type\":\"ImageObject\",\"inLanguage\":\"cs\",\"@id\":\"https:\\\/\\\/shopatoa.com\\\/cz\\\/#\\\/schema\\\/logo\\\/image\\\/\",\"url\":\"https:\\\/\\\/storage.googleapis.com\\\/cz-shopatoa-img\\\/cz\\\/ebccf434-shopatoa_logo.png\",\"contentUrl\":\"https:\\\/\\\/storage.googleapis.com\\\/cz-shopatoa-img\\\/cz\\\/ebccf434-shopatoa_logo.png\",\"width\":416,\"height\":63,\"caption\":\"SHOPATOA Digital s.r.o.\"},\"image\":{\"@id\":\"https:\\\/\\\/shopatoa.com\\\/cz\\\/#\\\/schema\\\/logo\\\/image\\\/\"}}]}<\/script>\n<!-- \/ Yoast SEO plugin. -->","yoast_head_json":{"title":"Eukanuba Daily Care Excess Weight 2,3kg - SHOPATOA.COM","robots":{"index":"index","follow":"follow","max-snippet":"max-snippet:-1","max-image-preview":"max-image-preview:large","max-video-preview":"max-video-preview:-1"},"canonical":"https:\/\/shopatoa.com\/cz\/eukanuba-daily-care-excess-weight-23kg\/","og_locale":"cs_CZ","og_type":"article","og_title":"Eukanuba Daily Care Excess Weight 2,3kg - SHOPATOA.COM","og_description":"Kompletn\u00ed krmivo pro dosp\u011bl\u00e9 psy od 1 roku s nadv\u00e1hou nebo po kastraci Pro udr\u017een\u00ed ide\u00e1ln\u00ed hmotnosti Obsahuje nezbytn\u00e9 vitam\u00edny a miner\u00e1ly, kter\u00e9 v\u00e1\u0161 pes pot\u0159ebuje.\u00a0Spr\u00e1vn\u00e1 hmotnost\u00a0je kl\u00ed\u010dov\u00fd faktor pro zdrav\u00ed a pohodu psa. P\u0159esto\u00a0po\u010det ps\u016f s nadv\u00e1hou roste. Nadv\u00e1ha\u00a0zvy\u0161uje riziko chorob, jako je cukrovka, onemocn\u011bn\u00ed srdce a probl\u00e9my s klouby. V\u00fd\u017eiva hraje p\u0159i kontrole...","og_url":"https:\/\/shopatoa.com\/cz\/eukanuba-daily-care-excess-weight-23kg\/","og_site_name":"SHOPATOA","article_modified_time":"2026-02-04T07:52:04+00:00","og_image":[{"width":600,"height":600,"url":"https:\/\/storage.googleapis.com\/cz-shopatoa-img\/cz\/a175c08e-1_80703.jpg","type":"image\/jpeg"}],"twitter_card":"summary_large_image","twitter_misc":{"Odhadovan\u00e1 doba \u010dten\u00ed":"1 minuta"},"schema":{"@context":"https:\/\/schema.org","@graph":[{"@type":"WebPage","@id":"https:\/\/shopatoa.com\/cz\/eukanuba-daily-care-excess-weight-23kg\/","url":"https:\/\/shopatoa.com\/cz\/eukanuba-daily-care-excess-weight-23kg\/","name":"Eukanuba Daily Care Excess Weight 2,3kg - SHOPATOA.COM","isPartOf":{"@id":"https:\/\/shopatoa.com\/cz\/#website"},"primaryImageOfPage":{"@id":"https:\/\/shopatoa.com\/cz\/eukanuba-daily-care-excess-weight-23kg\/#primaryimage"},"image":{"@id":"https:\/\/shopatoa.com\/cz\/eukanuba-daily-care-excess-weight-23kg\/#primaryimage"},"thumbnailUrl":"https:\/\/storage.googleapis.com\/cz-shopatoa-img\/cz\/a175c08e-1_80703.jpg","datePublished":"2025-04-01T13:28:51+00:00","dateModified":"2026-02-04T07:52:04+00:00","breadcrumb":{"@id":"https:\/\/shopatoa.com\/cz\/eukanuba-daily-care-excess-weight-23kg\/#breadcrumb"},"inLanguage":"cs","potentialAction":[{"@type":"ReadAction","target":["https:\/\/shopatoa.com\/cz\/eukanuba-daily-care-excess-weight-23kg\/"]}]},{"@type":"ImageObject","inLanguage":"cs","@id":"https:\/\/shopatoa.com\/cz\/eukanuba-daily-care-excess-weight-23kg\/#primaryimage","url":"https:\/\/storage.googleapis.com\/cz-shopatoa-img\/cz\/a175c08e-1_80703.jpg","contentUrl":"https:\/\/storage.googleapis.com\/cz-shopatoa-img\/cz\/a175c08e-1_80703.jpg","width":600,"height":600},{"@type":"BreadcrumbList","@id":"https:\/\/shopatoa.com\/cz\/eukanuba-daily-care-excess-weight-23kg\/#breadcrumb","itemListElement":[{"@type":"ListItem","position":1,"name":"Dom\u016f","item":"https:\/\/shopatoa.com\/cz\/"},{"@type":"ListItem","position":2,"name":"Produkty","item":"https:\/\/shopatoa.com\/cz\/shop\/"},{"@type":"ListItem","position":3,"name":"Chovatelsk\u00e9 pot\u0159eby","item":"https:\/\/shopatoa.com\/cz\/chovatelske-potreby-2\/"},{"@type":"ListItem","position":4,"name":"Pro psy","item":"https:\/\/shopatoa.com\/cz\/pro-psy-chovatelske-potreby-2\/"},{"@type":"ListItem","position":5,"name":"Krmivo pro psy","item":"https:\/\/shopatoa.com\/cz\/krmivo-pro-psy-pro-psy-chovatelske-potreby-2\/"},{"@type":"ListItem","position":6,"name":"Granule pro psy","item":"https:\/\/shopatoa.com\/cz\/granule-pro-psy\/"},{"@type":"ListItem","position":7,"name":"Eukanuba Daily Care Excess Weight 2,3kg"}]},{"@type":"WebSite","@id":"https:\/\/shopatoa.com\/cz\/#website","url":"https:\/\/shopatoa.com\/cz\/","name":"SHOPATOA","description":"","publisher":{"@id":"https:\/\/shopatoa.com\/cz\/#organization"},"potentialAction":[{"@type":"SearchAction","target":{"@type":"EntryPoint","urlTemplate":"https:\/\/shopatoa.com\/cz\/?s={search_term_string}"},"query-input":{"@type":"PropertyValueSpecification","valueRequired":true,"valueName":"search_term_string"}}],"inLanguage":"cs"},{"@type":"Organization","@id":"https:\/\/shopatoa.com\/cz\/#organization","name":"SHOPATOA Digital s.r.o.","url":"https:\/\/shopatoa.com\/cz\/","logo":{"@type":"ImageObject","inLanguage":"cs","@id":"https:\/\/shopatoa.com\/cz\/#\/schema\/logo\/image\/","url":"https:\/\/storage.googleapis.com\/cz-shopatoa-img\/cz\/ebccf434-shopatoa_logo.png","contentUrl":"https:\/\/storage.googleapis.com\/cz-shopatoa-img\/cz\/ebccf434-shopatoa_logo.png","width":416,"height":63,"caption":"SHOPATOA Digital s.r.o."},"image":{"@id":"https:\/\/shopatoa.com\/cz\/#\/schema\/logo\/image\/"}}]}},"_links":{"self":[{"href":"https:\/\/shopatoa.com\/cz\/wp-json\/wp\/v2\/product\/241073","targetHints":{"allow":["GET"]}}],"collection":[{"href":"https:\/\/shopatoa.com\/cz\/wp-json\/wp\/v2\/product"}],"about":[{"href":"https:\/\/shopatoa.com\/cz\/wp-json\/wp\/v2\/types\/product"}],"replies":[{"embeddable":true,"href":"https:\/\/shopatoa.com\/cz\/wp-json\/wp\/v2\/comments?post=241073"}],"wp:featuredmedia":[{"embeddable":true,"href":"https:\/\/shopatoa.com\/cz\/wp-json\/wp\/v2\/media\/241074"}],"wp:attachment":[{"href":"https:\/\/shopatoa.com\/cz\/wp-json\/wp\/v2\/media?parent=241073"}],"wp:term":[{"taxonomy":"product_brand","embeddable":true,"href":"https:\/\/shopatoa.com\/cz\/wp-json\/wp\/v2\/product_brand?post=241073"},{"taxonomy":"product_cat","embeddable":true,"href":"https:\/\/shopatoa.com\/cz\/wp-json\/wp\/v2\/product_cat?post=241073"},{"taxonomy":"product_tag","embeddable":true,"href":"https:\/\/shopatoa.com\/cz\/wp-json\/wp\/v2\/product_tag?post=241073"}],"curies":[{"name":"wp","href":"https:\/\/api.w.org\/{rel}","templated":true}]}}