{"id":241075,"date":"2025-04-01T15:28:56","date_gmt":"2025-04-01T13:28:56","guid":{"rendered":"https:\/\/shopatoa.com\/cz\/?post_type=product&#038;p=241075"},"modified":"2025-04-26T02:35:41","modified_gmt":"2025-04-26T00:35:41","slug":"eukanuba-daily-care-excess-weight-12kg","status":"publish","type":"product","link":"https:\/\/shopatoa.com\/cz\/eukanuba-daily-care-excess-weight-12kg\/","title":{"rendered":"Eukanuba Daily Care Excess Weight 12kg"},"content":{"rendered":"<p>Kompletn\u00ed krmivo pro dosp\u011bl\u00e9 psy v\u0161ech plemen od 1 roku s nadv\u00e1hou nebo po kastraci.<\/p>\n<p>Krmivo EUKANUBA Daily Care pro psy s nadv\u00e1hou a kastrovan\u00e9 psy m\u00e1 o 50\u00a0% m\u00e9n\u011b tuku (oproti krmivu Eukanuba pro dosp\u011bl\u00e9 psy st\u0159edn\u00edch plemen), tak\u017ee pom\u00e1h\u00e1 redukovat tuk p\u0159i zachov\u00e1n\u00ed \u0161t\u00edhl\u00e9 svalov\u00e9 hmoty. Dodate\u010dn\u00fd obsah L-karnitinu d\u00e1le napom\u00e1h\u00e1 zdrav\u00e9 hmotnosti. V\u00e1pn\u00edk a glukosamin udr\u017euj\u00ed kosti a klouby zdrav\u00e9 a klouby pohybliv\u00e9. Toto such\u00e9 krmivo obsahuje tak\u00e9 p\u0159\u00edrodn\u00ed zdroje omega-6 a omega-3 mastn\u00fdch kyselin pro zdravou k\u016f\u017ei a srst.<\/p>\n<p>Slo\u017een\u00ed:<\/p>\n<p>Kuku\u0159ice, su\u0161en\u00e9 ku\u0159ec\u00ed a kr\u016ft\u00ed maso (19%, p\u0159\u00edrodn\u00ed zdroj glukosaminu a chondroitin sulf\u00e1tu), p\u0161enice, \u010dirok, je\u010dmen, su\u0161en\u00e1 \u0159epn\u00e1 du\u017eina (3,6%), su\u0161en\u00e1 cel\u00e1 vejce, hydrolyzovan\u00e9 \u017eivo\u010di\u0161n\u00e9 b\u00edlkoviny, \u017eivo\u010di\u0161n\u00fd tuk, chlorid draseln\u00fd, uhli\u010ditan v\u00e1penat\u00fd, ln\u011bn\u00e9 sem\u00ednko, chlorid sodn\u00fd, hexametafosfore\u010dnan, fruktooligosacharidy (0,38%), ryb\u00ed tuk. Neobsahuje dochucovadla, barviva ani konzerva\u010dn\u00ed l\u00e1tky.<\/p>\n<p>Jakostn\u00ed znaky:<\/p>\n<p>Proteiny 22%, vlhkost 8%,&#8230;<\/p>\n","protected":false},"excerpt":{"rendered":"<p>Kompletn\u00ed krmivo pro dosp\u011bl\u00e9 psy v\u0161ech plemen od 1 roku s nadv\u00e1hou nebo po kastraci. Krmivo EUKANUBA Daily Care pro psy s nadv\u00e1hou a kastrovan\u00e9 psy m\u00e1 o 50\u00a0% m\u00e9n\u011b tuku (oproti krmivu Eukanuba pro dosp\u011bl\u00e9 psy st\u0159edn\u00edch plemen), tak\u017ee pom\u00e1h\u00e1 redukovat tuk p\u0159i zachov\u00e1n\u00ed \u0161t\u00edhl\u00e9 svalov\u00e9 hmoty. Dodate\u010dn\u00fd obsah L-karnitinu d\u00e1le napom\u00e1h\u00e1 zdrav\u00e9 hmotnosti&#8230;.<\/p>\n","protected":false},"featured_media":241076,"comment_status":"closed","ping_status":"open","template":"","meta":{"_acf_changed":false,"_kadence_starter_templates_imported_post":false,"_kad_post_transparent":"","_kad_post_title":"","_kad_post_layout":"","_kad_post_sidebar_id":"","_kad_post_content_style":"","_kad_post_vertical_padding":"","_kad_post_feature":"","_kad_post_feature_position":"","_kad_post_header":false,"_kad_post_footer":false,"_kad_post_classname":""},"product_brand":[2048],"product_cat":[436,2569,2568,739],"product_tag":[],"class_list":{"0":"post-241075","1":"product","2":"type-product","3":"status-publish","4":"has-post-thumbnail","6":"product_brand-eukanuba","7":"product_cat-chovatelske-potreby-2","8":"product_cat-granule-pro-psy","9":"product_cat-krmivo-pro-psy-pro-psy-chovatelske-potreby-2","10":"product_cat-pro-psy-chovatelske-potreby-2","11":"pa_obchod-superzoo-cz","13":"first","14":"instock","15":"product-type-external","16":"entry","17":"content-bg","18":"loop-entry"},"acf":[],"yoast_head":"<!-- This site is optimized with the Yoast SEO plugin v27.4 - https:\/\/yoast.com\/product\/yoast-seo-wordpress\/ -->\n<title>Eukanuba Daily Care Excess Weight 12kg - SHOPATOA.COM<\/title>\n<meta name=\"robots\" content=\"index, follow, max-snippet:-1, max-image-preview:large, max-video-preview:-1\" \/>\n<link rel=\"canonical\" href=\"https:\/\/shopatoa.com\/cz\/eukanuba-daily-care-excess-weight-12kg\/\" \/>\n<meta property=\"og:locale\" content=\"cs_CZ\" \/>\n<meta property=\"og:type\" content=\"article\" \/>\n<meta property=\"og:title\" content=\"Eukanuba Daily Care Excess Weight 12kg - SHOPATOA.COM\" \/>\n<meta property=\"og:description\" content=\"Kompletn\u00ed krmivo pro dosp\u011bl\u00e9 psy v\u0161ech plemen od 1 roku s nadv\u00e1hou nebo po kastraci. Krmivo EUKANUBA Daily Care pro psy s nadv\u00e1hou a kastrovan\u00e9 psy m\u00e1 o 50\u00a0% m\u00e9n\u011b tuku (oproti krmivu Eukanuba pro dosp\u011bl\u00e9 psy st\u0159edn\u00edch plemen), tak\u017ee pom\u00e1h\u00e1 redukovat tuk p\u0159i zachov\u00e1n\u00ed \u0161t\u00edhl\u00e9 svalov\u00e9 hmoty. Dodate\u010dn\u00fd obsah L-karnitinu d\u00e1le napom\u00e1h\u00e1 zdrav\u00e9 hmotnosti....\" \/>\n<meta property=\"og:url\" content=\"https:\/\/shopatoa.com\/cz\/eukanuba-daily-care-excess-weight-12kg\/\" \/>\n<meta property=\"og:site_name\" content=\"SHOPATOA\" \/>\n<meta property=\"article:modified_time\" content=\"2025-04-26T00:35:41+00:00\" \/>\n<meta property=\"og:image\" content=\"https:\/\/storage.googleapis.com\/cz-shopatoa-img\/cz\/da5dd89e-1_77029.jpg\" \/>\n\t<meta property=\"og:image:width\" content=\"600\" \/>\n\t<meta property=\"og:image:height\" content=\"600\" \/>\n\t<meta property=\"og:image:type\" content=\"image\/jpeg\" \/>\n<meta name=\"twitter:card\" content=\"summary_large_image\" \/>\n<meta name=\"twitter:label1\" content=\"Odhadovan\u00e1 doba \u010dten\u00ed\" \/>\n\t<meta name=\"twitter:data1\" content=\"1 minuta\" \/>\n<script type=\"application\/ld+json\" class=\"yoast-schema-graph\">{\"@context\":\"https:\\\/\\\/schema.org\",\"@graph\":[{\"@type\":\"WebPage\",\"@id\":\"https:\\\/\\\/shopatoa.com\\\/cz\\\/eukanuba-daily-care-excess-weight-12kg\\\/\",\"url\":\"https:\\\/\\\/shopatoa.com\\\/cz\\\/eukanuba-daily-care-excess-weight-12kg\\\/\",\"name\":\"Eukanuba Daily Care Excess Weight 12kg - SHOPATOA.COM\",\"isPartOf\":{\"@id\":\"https:\\\/\\\/shopatoa.com\\\/cz\\\/#website\"},\"primaryImageOfPage\":{\"@id\":\"https:\\\/\\\/shopatoa.com\\\/cz\\\/eukanuba-daily-care-excess-weight-12kg\\\/#primaryimage\"},\"image\":{\"@id\":\"https:\\\/\\\/shopatoa.com\\\/cz\\\/eukanuba-daily-care-excess-weight-12kg\\\/#primaryimage\"},\"thumbnailUrl\":\"https:\\\/\\\/storage.googleapis.com\\\/cz-shopatoa-img\\\/cz\\\/da5dd89e-1_77029.jpg\",\"datePublished\":\"2025-04-01T13:28:56+00:00\",\"dateModified\":\"2025-04-26T00:35:41+00:00\",\"breadcrumb\":{\"@id\":\"https:\\\/\\\/shopatoa.com\\\/cz\\\/eukanuba-daily-care-excess-weight-12kg\\\/#breadcrumb\"},\"inLanguage\":\"cs\",\"potentialAction\":[{\"@type\":\"ReadAction\",\"target\":[\"https:\\\/\\\/shopatoa.com\\\/cz\\\/eukanuba-daily-care-excess-weight-12kg\\\/\"]}]},{\"@type\":\"ImageObject\",\"inLanguage\":\"cs\",\"@id\":\"https:\\\/\\\/shopatoa.com\\\/cz\\\/eukanuba-daily-care-excess-weight-12kg\\\/#primaryimage\",\"url\":\"https:\\\/\\\/storage.googleapis.com\\\/cz-shopatoa-img\\\/cz\\\/da5dd89e-1_77029.jpg\",\"contentUrl\":\"https:\\\/\\\/storage.googleapis.com\\\/cz-shopatoa-img\\\/cz\\\/da5dd89e-1_77029.jpg\",\"width\":600,\"height\":600},{\"@type\":\"BreadcrumbList\",\"@id\":\"https:\\\/\\\/shopatoa.com\\\/cz\\\/eukanuba-daily-care-excess-weight-12kg\\\/#breadcrumb\",\"itemListElement\":[{\"@type\":\"ListItem\",\"position\":1,\"name\":\"Dom\u016f\",\"item\":\"https:\\\/\\\/shopatoa.com\\\/cz\\\/\"},{\"@type\":\"ListItem\",\"position\":2,\"name\":\"Produkty\",\"item\":\"https:\\\/\\\/shopatoa.com\\\/cz\\\/shop\\\/\"},{\"@type\":\"ListItem\",\"position\":3,\"name\":\"Chovatelsk\u00e9 pot\u0159eby\",\"item\":\"https:\\\/\\\/shopatoa.com\\\/cz\\\/chovatelske-potreby-2\\\/\"},{\"@type\":\"ListItem\",\"position\":4,\"name\":\"Pro psy\",\"item\":\"https:\\\/\\\/shopatoa.com\\\/cz\\\/pro-psy-chovatelske-potreby-2\\\/\"},{\"@type\":\"ListItem\",\"position\":5,\"name\":\"Krmivo pro psy\",\"item\":\"https:\\\/\\\/shopatoa.com\\\/cz\\\/krmivo-pro-psy-pro-psy-chovatelske-potreby-2\\\/\"},{\"@type\":\"ListItem\",\"position\":6,\"name\":\"Granule pro psy\",\"item\":\"https:\\\/\\\/shopatoa.com\\\/cz\\\/granule-pro-psy\\\/\"},{\"@type\":\"ListItem\",\"position\":7,\"name\":\"Eukanuba Daily Care Excess Weight 12kg\"}]},{\"@type\":\"WebSite\",\"@id\":\"https:\\\/\\\/shopatoa.com\\\/cz\\\/#website\",\"url\":\"https:\\\/\\\/shopatoa.com\\\/cz\\\/\",\"name\":\"SHOPATOA\",\"description\":\"\",\"publisher\":{\"@id\":\"https:\\\/\\\/shopatoa.com\\\/cz\\\/#organization\"},\"potentialAction\":[{\"@type\":\"SearchAction\",\"target\":{\"@type\":\"EntryPoint\",\"urlTemplate\":\"https:\\\/\\\/shopatoa.com\\\/cz\\\/?s={search_term_string}\"},\"query-input\":{\"@type\":\"PropertyValueSpecification\",\"valueRequired\":true,\"valueName\":\"search_term_string\"}}],\"inLanguage\":\"cs\"},{\"@type\":\"Organization\",\"@id\":\"https:\\\/\\\/shopatoa.com\\\/cz\\\/#organization\",\"name\":\"SHOPATOA Digital s.r.o.\",\"url\":\"https:\\\/\\\/shopatoa.com\\\/cz\\\/\",\"logo\":{\"@type\":\"ImageObject\",\"inLanguage\":\"cs\",\"@id\":\"https:\\\/\\\/shopatoa.com\\\/cz\\\/#\\\/schema\\\/logo\\\/image\\\/\",\"url\":\"https:\\\/\\\/storage.googleapis.com\\\/cz-shopatoa-img\\\/cz\\\/ebccf434-shopatoa_logo.png\",\"contentUrl\":\"https:\\\/\\\/storage.googleapis.com\\\/cz-shopatoa-img\\\/cz\\\/ebccf434-shopatoa_logo.png\",\"width\":416,\"height\":63,\"caption\":\"SHOPATOA Digital s.r.o.\"},\"image\":{\"@id\":\"https:\\\/\\\/shopatoa.com\\\/cz\\\/#\\\/schema\\\/logo\\\/image\\\/\"}}]}<\/script>\n<!-- \/ Yoast SEO plugin. -->","yoast_head_json":{"title":"Eukanuba Daily Care Excess Weight 12kg - SHOPATOA.COM","robots":{"index":"index","follow":"follow","max-snippet":"max-snippet:-1","max-image-preview":"max-image-preview:large","max-video-preview":"max-video-preview:-1"},"canonical":"https:\/\/shopatoa.com\/cz\/eukanuba-daily-care-excess-weight-12kg\/","og_locale":"cs_CZ","og_type":"article","og_title":"Eukanuba Daily Care Excess Weight 12kg - SHOPATOA.COM","og_description":"Kompletn\u00ed krmivo pro dosp\u011bl\u00e9 psy v\u0161ech plemen od 1 roku s nadv\u00e1hou nebo po kastraci. Krmivo EUKANUBA Daily Care pro psy s nadv\u00e1hou a kastrovan\u00e9 psy m\u00e1 o 50\u00a0% m\u00e9n\u011b tuku (oproti krmivu Eukanuba pro dosp\u011bl\u00e9 psy st\u0159edn\u00edch plemen), tak\u017ee pom\u00e1h\u00e1 redukovat tuk p\u0159i zachov\u00e1n\u00ed \u0161t\u00edhl\u00e9 svalov\u00e9 hmoty. Dodate\u010dn\u00fd obsah L-karnitinu d\u00e1le napom\u00e1h\u00e1 zdrav\u00e9 hmotnosti....","og_url":"https:\/\/shopatoa.com\/cz\/eukanuba-daily-care-excess-weight-12kg\/","og_site_name":"SHOPATOA","article_modified_time":"2025-04-26T00:35:41+00:00","og_image":[{"width":600,"height":600,"url":"https:\/\/storage.googleapis.com\/cz-shopatoa-img\/cz\/da5dd89e-1_77029.jpg","type":"image\/jpeg"}],"twitter_card":"summary_large_image","twitter_misc":{"Odhadovan\u00e1 doba \u010dten\u00ed":"1 minuta"},"schema":{"@context":"https:\/\/schema.org","@graph":[{"@type":"WebPage","@id":"https:\/\/shopatoa.com\/cz\/eukanuba-daily-care-excess-weight-12kg\/","url":"https:\/\/shopatoa.com\/cz\/eukanuba-daily-care-excess-weight-12kg\/","name":"Eukanuba Daily Care Excess Weight 12kg - SHOPATOA.COM","isPartOf":{"@id":"https:\/\/shopatoa.com\/cz\/#website"},"primaryImageOfPage":{"@id":"https:\/\/shopatoa.com\/cz\/eukanuba-daily-care-excess-weight-12kg\/#primaryimage"},"image":{"@id":"https:\/\/shopatoa.com\/cz\/eukanuba-daily-care-excess-weight-12kg\/#primaryimage"},"thumbnailUrl":"https:\/\/storage.googleapis.com\/cz-shopatoa-img\/cz\/da5dd89e-1_77029.jpg","datePublished":"2025-04-01T13:28:56+00:00","dateModified":"2025-04-26T00:35:41+00:00","breadcrumb":{"@id":"https:\/\/shopatoa.com\/cz\/eukanuba-daily-care-excess-weight-12kg\/#breadcrumb"},"inLanguage":"cs","potentialAction":[{"@type":"ReadAction","target":["https:\/\/shopatoa.com\/cz\/eukanuba-daily-care-excess-weight-12kg\/"]}]},{"@type":"ImageObject","inLanguage":"cs","@id":"https:\/\/shopatoa.com\/cz\/eukanuba-daily-care-excess-weight-12kg\/#primaryimage","url":"https:\/\/storage.googleapis.com\/cz-shopatoa-img\/cz\/da5dd89e-1_77029.jpg","contentUrl":"https:\/\/storage.googleapis.com\/cz-shopatoa-img\/cz\/da5dd89e-1_77029.jpg","width":600,"height":600},{"@type":"BreadcrumbList","@id":"https:\/\/shopatoa.com\/cz\/eukanuba-daily-care-excess-weight-12kg\/#breadcrumb","itemListElement":[{"@type":"ListItem","position":1,"name":"Dom\u016f","item":"https:\/\/shopatoa.com\/cz\/"},{"@type":"ListItem","position":2,"name":"Produkty","item":"https:\/\/shopatoa.com\/cz\/shop\/"},{"@type":"ListItem","position":3,"name":"Chovatelsk\u00e9 pot\u0159eby","item":"https:\/\/shopatoa.com\/cz\/chovatelske-potreby-2\/"},{"@type":"ListItem","position":4,"name":"Pro psy","item":"https:\/\/shopatoa.com\/cz\/pro-psy-chovatelske-potreby-2\/"},{"@type":"ListItem","position":5,"name":"Krmivo pro psy","item":"https:\/\/shopatoa.com\/cz\/krmivo-pro-psy-pro-psy-chovatelske-potreby-2\/"},{"@type":"ListItem","position":6,"name":"Granule pro psy","item":"https:\/\/shopatoa.com\/cz\/granule-pro-psy\/"},{"@type":"ListItem","position":7,"name":"Eukanuba Daily Care Excess Weight 12kg"}]},{"@type":"WebSite","@id":"https:\/\/shopatoa.com\/cz\/#website","url":"https:\/\/shopatoa.com\/cz\/","name":"SHOPATOA","description":"","publisher":{"@id":"https:\/\/shopatoa.com\/cz\/#organization"},"potentialAction":[{"@type":"SearchAction","target":{"@type":"EntryPoint","urlTemplate":"https:\/\/shopatoa.com\/cz\/?s={search_term_string}"},"query-input":{"@type":"PropertyValueSpecification","valueRequired":true,"valueName":"search_term_string"}}],"inLanguage":"cs"},{"@type":"Organization","@id":"https:\/\/shopatoa.com\/cz\/#organization","name":"SHOPATOA Digital s.r.o.","url":"https:\/\/shopatoa.com\/cz\/","logo":{"@type":"ImageObject","inLanguage":"cs","@id":"https:\/\/shopatoa.com\/cz\/#\/schema\/logo\/image\/","url":"https:\/\/storage.googleapis.com\/cz-shopatoa-img\/cz\/ebccf434-shopatoa_logo.png","contentUrl":"https:\/\/storage.googleapis.com\/cz-shopatoa-img\/cz\/ebccf434-shopatoa_logo.png","width":416,"height":63,"caption":"SHOPATOA Digital s.r.o."},"image":{"@id":"https:\/\/shopatoa.com\/cz\/#\/schema\/logo\/image\/"}}]}},"_links":{"self":[{"href":"https:\/\/shopatoa.com\/cz\/wp-json\/wp\/v2\/product\/241075","targetHints":{"allow":["GET"]}}],"collection":[{"href":"https:\/\/shopatoa.com\/cz\/wp-json\/wp\/v2\/product"}],"about":[{"href":"https:\/\/shopatoa.com\/cz\/wp-json\/wp\/v2\/types\/product"}],"replies":[{"embeddable":true,"href":"https:\/\/shopatoa.com\/cz\/wp-json\/wp\/v2\/comments?post=241075"}],"wp:featuredmedia":[{"embeddable":true,"href":"https:\/\/shopatoa.com\/cz\/wp-json\/wp\/v2\/media\/241076"}],"wp:attachment":[{"href":"https:\/\/shopatoa.com\/cz\/wp-json\/wp\/v2\/media?parent=241075"}],"wp:term":[{"taxonomy":"product_brand","embeddable":true,"href":"https:\/\/shopatoa.com\/cz\/wp-json\/wp\/v2\/product_brand?post=241075"},{"taxonomy":"product_cat","embeddable":true,"href":"https:\/\/shopatoa.com\/cz\/wp-json\/wp\/v2\/product_cat?post=241075"},{"taxonomy":"product_tag","embeddable":true,"href":"https:\/\/shopatoa.com\/cz\/wp-json\/wp\/v2\/product_tag?post=241075"}],"curies":[{"name":"wp","href":"https:\/\/api.w.org\/{rel}","templated":true}]}}