{"id":241083,"date":"2025-04-01T15:29:17","date_gmt":"2025-04-01T13:29:17","guid":{"rendered":"https:\/\/shopatoa.com\/cz\/?post_type=product&#038;p=241083"},"modified":"2025-04-26T02:35:24","modified_gmt":"2025-04-26T00:35:24","slug":"eukanuba-daily-care-sensitive-joints-12kg","status":"publish","type":"product","link":"https:\/\/shopatoa.com\/cz\/eukanuba-daily-care-sensitive-joints-12kg\/","title":{"rendered":"Eukanuba Daily Care Sensitive Joints 12kg"},"content":{"rendered":"<p>Kompletn\u00ed a vyv\u00e1\u017een\u00e9 krmivo pro psy s citliv\u00fdmi klouby.<\/p>\n<p>Vhodn\u00e9 pro dosp\u011bl\u00e9 psy v\u0161ech plemen od 1 roku.<\/p>\n<p>Pro zdrav\u00e9 klouby<\/p>\n<p>Krmivo obsahuje nezbytn\u00e9 vitam\u00edny a miner\u00e1ly, kter\u00e9 v\u00e1\u0161 pes pot\u0159ebuje. Schopnost svobodn\u00e9ho pohybu je znakem dobr\u00e9ho zdrav\u00ed, ale u mnoha ps\u016f mohou citliv\u00e9 klouby a nadm\u011brn\u00e1 hmotnost omezit aktivity, kter\u00e9 z nich d\u011blaj\u00ed psy. Nemoci kloub\u016f jsou vlastn\u011b zdravotn\u00edm probl\u00e9mem \u010d\u00edslo jedna mezi psy velk\u00fdch plemen. To, co v\u00e1\u0161 pes j\u00ed, hraje kl\u00ed\u010dovou roli pro zdrav\u00ed kloub\u016f a spr\u00e1vnou kontrolu hmotnosti. Tento fakt si uv\u011bdomovala spole\u010dnost Eukanuba p\u0159i tvorb\u011b tohoto krmiva na m\u00edru: v\u00fdsledkem je krmivo Eukanuba Sensitive Joints, kter\u00e9 va\u0161emu psovi pom\u016f\u017ee udr\u017eet si dobrou kondici a u\u017e\u00edt si aktivn\u00ed \u017eivot. Pokud byste m\u011bli probl\u00e9m s klouby a zm\u011bna j\u00eddeln\u00ed\u010dku by pomohla jej zvl\u00e1dnout, vr\u00e1tili byste se ke sv\u00e9 p\u016fvodn\u00ed strav\u011b? S nejv\u011bt\u0161\u00ed pravd\u011bpodobnost\u00ed ne.<\/p>\n<p>S obsahem p\u0159\u00edrodn\u00edch ryb\u00edch olej\u016f<\/p>\n<p>Krmivo Daily Care pro citliv\u00e9 klouby se \u0159\u00edd\u00ed stejn\u00fdm principem. Je to&#8230;<\/p>\n","protected":false},"excerpt":{"rendered":"<p>Kompletn\u00ed a vyv\u00e1\u017een\u00e9 krmivo pro psy s citliv\u00fdmi klouby. Vhodn\u00e9 pro dosp\u011bl\u00e9 psy v\u0161ech plemen od 1 roku. Pro zdrav\u00e9 klouby Krmivo obsahuje nezbytn\u00e9 vitam\u00edny a miner\u00e1ly, kter\u00e9 v\u00e1\u0161 pes pot\u0159ebuje. Schopnost svobodn\u00e9ho pohybu je znakem dobr\u00e9ho zdrav\u00ed, ale u mnoha ps\u016f mohou citliv\u00e9 klouby a nadm\u011brn\u00e1 hmotnost omezit aktivity, kter\u00e9 z nich d\u011blaj\u00ed psy&#8230;.<\/p>\n","protected":false},"featured_media":241084,"comment_status":"closed","ping_status":"open","template":"","meta":{"_acf_changed":false,"_kadence_starter_templates_imported_post":false,"_kad_post_transparent":"","_kad_post_title":"","_kad_post_layout":"","_kad_post_sidebar_id":"","_kad_post_content_style":"","_kad_post_vertical_padding":"","_kad_post_feature":"","_kad_post_feature_position":"","_kad_post_header":false,"_kad_post_footer":false,"_kad_post_classname":""},"product_brand":[2048],"product_cat":[436,2569,2568,739],"product_tag":[],"class_list":{"0":"post-241083","1":"product","2":"type-product","3":"status-publish","4":"has-post-thumbnail","6":"product_brand-eukanuba","7":"product_cat-chovatelske-potreby-2","8":"product_cat-granule-pro-psy","9":"product_cat-krmivo-pro-psy-pro-psy-chovatelske-potreby-2","10":"product_cat-pro-psy-chovatelske-potreby-2","11":"pa_obchod-superzoo-cz","13":"first","14":"instock","15":"product-type-external","16":"entry","17":"content-bg","18":"loop-entry"},"acf":[],"yoast_head":"<!-- This site is optimized with the Yoast SEO plugin v27.4 - https:\/\/yoast.com\/product\/yoast-seo-wordpress\/ -->\n<title>Eukanuba Daily Care Sensitive Joints 12kg - SHOPATOA.COM<\/title>\n<meta name=\"robots\" content=\"index, follow, max-snippet:-1, max-image-preview:large, max-video-preview:-1\" \/>\n<link rel=\"canonical\" href=\"https:\/\/shopatoa.com\/cz\/eukanuba-daily-care-sensitive-joints-12kg\/\" \/>\n<meta property=\"og:locale\" content=\"cs_CZ\" \/>\n<meta property=\"og:type\" content=\"article\" \/>\n<meta property=\"og:title\" content=\"Eukanuba Daily Care Sensitive Joints 12kg - SHOPATOA.COM\" \/>\n<meta property=\"og:description\" content=\"Kompletn\u00ed a vyv\u00e1\u017een\u00e9 krmivo pro psy s citliv\u00fdmi klouby. Vhodn\u00e9 pro dosp\u011bl\u00e9 psy v\u0161ech plemen od 1 roku. Pro zdrav\u00e9 klouby Krmivo obsahuje nezbytn\u00e9 vitam\u00edny a miner\u00e1ly, kter\u00e9 v\u00e1\u0161 pes pot\u0159ebuje. Schopnost svobodn\u00e9ho pohybu je znakem dobr\u00e9ho zdrav\u00ed, ale u mnoha ps\u016f mohou citliv\u00e9 klouby a nadm\u011brn\u00e1 hmotnost omezit aktivity, kter\u00e9 z nich d\u011blaj\u00ed psy....\" \/>\n<meta property=\"og:url\" content=\"https:\/\/shopatoa.com\/cz\/eukanuba-daily-care-sensitive-joints-12kg\/\" \/>\n<meta property=\"og:site_name\" content=\"SHOPATOA\" \/>\n<meta property=\"article:modified_time\" content=\"2025-04-26T00:35:24+00:00\" \/>\n<meta property=\"og:image\" content=\"https:\/\/storage.googleapis.com\/cz-shopatoa-img\/cz\/48e56182-1_77318.jpg\" \/>\n\t<meta property=\"og:image:width\" content=\"600\" \/>\n\t<meta property=\"og:image:height\" content=\"600\" \/>\n\t<meta property=\"og:image:type\" content=\"image\/jpeg\" \/>\n<meta name=\"twitter:card\" content=\"summary_large_image\" \/>\n<meta name=\"twitter:label1\" content=\"Odhadovan\u00e1 doba \u010dten\u00ed\" \/>\n\t<meta name=\"twitter:data1\" content=\"1 minuta\" \/>\n<script type=\"application\/ld+json\" class=\"yoast-schema-graph\">{\"@context\":\"https:\\\/\\\/schema.org\",\"@graph\":[{\"@type\":\"WebPage\",\"@id\":\"https:\\\/\\\/shopatoa.com\\\/cz\\\/eukanuba-daily-care-sensitive-joints-12kg\\\/\",\"url\":\"https:\\\/\\\/shopatoa.com\\\/cz\\\/eukanuba-daily-care-sensitive-joints-12kg\\\/\",\"name\":\"Eukanuba Daily Care Sensitive Joints 12kg - SHOPATOA.COM\",\"isPartOf\":{\"@id\":\"https:\\\/\\\/shopatoa.com\\\/cz\\\/#website\"},\"primaryImageOfPage\":{\"@id\":\"https:\\\/\\\/shopatoa.com\\\/cz\\\/eukanuba-daily-care-sensitive-joints-12kg\\\/#primaryimage\"},\"image\":{\"@id\":\"https:\\\/\\\/shopatoa.com\\\/cz\\\/eukanuba-daily-care-sensitive-joints-12kg\\\/#primaryimage\"},\"thumbnailUrl\":\"https:\\\/\\\/storage.googleapis.com\\\/cz-shopatoa-img\\\/cz\\\/48e56182-1_77318.jpg\",\"datePublished\":\"2025-04-01T13:29:17+00:00\",\"dateModified\":\"2025-04-26T00:35:24+00:00\",\"breadcrumb\":{\"@id\":\"https:\\\/\\\/shopatoa.com\\\/cz\\\/eukanuba-daily-care-sensitive-joints-12kg\\\/#breadcrumb\"},\"inLanguage\":\"cs\",\"potentialAction\":[{\"@type\":\"ReadAction\",\"target\":[\"https:\\\/\\\/shopatoa.com\\\/cz\\\/eukanuba-daily-care-sensitive-joints-12kg\\\/\"]}]},{\"@type\":\"ImageObject\",\"inLanguage\":\"cs\",\"@id\":\"https:\\\/\\\/shopatoa.com\\\/cz\\\/eukanuba-daily-care-sensitive-joints-12kg\\\/#primaryimage\",\"url\":\"https:\\\/\\\/storage.googleapis.com\\\/cz-shopatoa-img\\\/cz\\\/48e56182-1_77318.jpg\",\"contentUrl\":\"https:\\\/\\\/storage.googleapis.com\\\/cz-shopatoa-img\\\/cz\\\/48e56182-1_77318.jpg\",\"width\":600,\"height\":600},{\"@type\":\"BreadcrumbList\",\"@id\":\"https:\\\/\\\/shopatoa.com\\\/cz\\\/eukanuba-daily-care-sensitive-joints-12kg\\\/#breadcrumb\",\"itemListElement\":[{\"@type\":\"ListItem\",\"position\":1,\"name\":\"Dom\u016f\",\"item\":\"https:\\\/\\\/shopatoa.com\\\/cz\\\/\"},{\"@type\":\"ListItem\",\"position\":2,\"name\":\"Produkty\",\"item\":\"https:\\\/\\\/shopatoa.com\\\/cz\\\/shop\\\/\"},{\"@type\":\"ListItem\",\"position\":3,\"name\":\"Chovatelsk\u00e9 pot\u0159eby\",\"item\":\"https:\\\/\\\/shopatoa.com\\\/cz\\\/chovatelske-potreby-2\\\/\"},{\"@type\":\"ListItem\",\"position\":4,\"name\":\"Pro psy\",\"item\":\"https:\\\/\\\/shopatoa.com\\\/cz\\\/pro-psy-chovatelske-potreby-2\\\/\"},{\"@type\":\"ListItem\",\"position\":5,\"name\":\"Krmivo pro psy\",\"item\":\"https:\\\/\\\/shopatoa.com\\\/cz\\\/krmivo-pro-psy-pro-psy-chovatelske-potreby-2\\\/\"},{\"@type\":\"ListItem\",\"position\":6,\"name\":\"Granule pro psy\",\"item\":\"https:\\\/\\\/shopatoa.com\\\/cz\\\/granule-pro-psy\\\/\"},{\"@type\":\"ListItem\",\"position\":7,\"name\":\"Eukanuba Daily Care Sensitive Joints 12kg\"}]},{\"@type\":\"WebSite\",\"@id\":\"https:\\\/\\\/shopatoa.com\\\/cz\\\/#website\",\"url\":\"https:\\\/\\\/shopatoa.com\\\/cz\\\/\",\"name\":\"SHOPATOA\",\"description\":\"\",\"publisher\":{\"@id\":\"https:\\\/\\\/shopatoa.com\\\/cz\\\/#organization\"},\"potentialAction\":[{\"@type\":\"SearchAction\",\"target\":{\"@type\":\"EntryPoint\",\"urlTemplate\":\"https:\\\/\\\/shopatoa.com\\\/cz\\\/?s={search_term_string}\"},\"query-input\":{\"@type\":\"PropertyValueSpecification\",\"valueRequired\":true,\"valueName\":\"search_term_string\"}}],\"inLanguage\":\"cs\"},{\"@type\":\"Organization\",\"@id\":\"https:\\\/\\\/shopatoa.com\\\/cz\\\/#organization\",\"name\":\"SHOPATOA Digital s.r.o.\",\"url\":\"https:\\\/\\\/shopatoa.com\\\/cz\\\/\",\"logo\":{\"@type\":\"ImageObject\",\"inLanguage\":\"cs\",\"@id\":\"https:\\\/\\\/shopatoa.com\\\/cz\\\/#\\\/schema\\\/logo\\\/image\\\/\",\"url\":\"https:\\\/\\\/storage.googleapis.com\\\/cz-shopatoa-img\\\/cz\\\/ebccf434-shopatoa_logo.png\",\"contentUrl\":\"https:\\\/\\\/storage.googleapis.com\\\/cz-shopatoa-img\\\/cz\\\/ebccf434-shopatoa_logo.png\",\"width\":416,\"height\":63,\"caption\":\"SHOPATOA Digital s.r.o.\"},\"image\":{\"@id\":\"https:\\\/\\\/shopatoa.com\\\/cz\\\/#\\\/schema\\\/logo\\\/image\\\/\"}}]}<\/script>\n<!-- \/ Yoast SEO plugin. -->","yoast_head_json":{"title":"Eukanuba Daily Care Sensitive Joints 12kg - SHOPATOA.COM","robots":{"index":"index","follow":"follow","max-snippet":"max-snippet:-1","max-image-preview":"max-image-preview:large","max-video-preview":"max-video-preview:-1"},"canonical":"https:\/\/shopatoa.com\/cz\/eukanuba-daily-care-sensitive-joints-12kg\/","og_locale":"cs_CZ","og_type":"article","og_title":"Eukanuba Daily Care Sensitive Joints 12kg - SHOPATOA.COM","og_description":"Kompletn\u00ed a vyv\u00e1\u017een\u00e9 krmivo pro psy s citliv\u00fdmi klouby. Vhodn\u00e9 pro dosp\u011bl\u00e9 psy v\u0161ech plemen od 1 roku. Pro zdrav\u00e9 klouby Krmivo obsahuje nezbytn\u00e9 vitam\u00edny a miner\u00e1ly, kter\u00e9 v\u00e1\u0161 pes pot\u0159ebuje. Schopnost svobodn\u00e9ho pohybu je znakem dobr\u00e9ho zdrav\u00ed, ale u mnoha ps\u016f mohou citliv\u00e9 klouby a nadm\u011brn\u00e1 hmotnost omezit aktivity, kter\u00e9 z nich d\u011blaj\u00ed psy....","og_url":"https:\/\/shopatoa.com\/cz\/eukanuba-daily-care-sensitive-joints-12kg\/","og_site_name":"SHOPATOA","article_modified_time":"2025-04-26T00:35:24+00:00","og_image":[{"width":600,"height":600,"url":"https:\/\/storage.googleapis.com\/cz-shopatoa-img\/cz\/48e56182-1_77318.jpg","type":"image\/jpeg"}],"twitter_card":"summary_large_image","twitter_misc":{"Odhadovan\u00e1 doba \u010dten\u00ed":"1 minuta"},"schema":{"@context":"https:\/\/schema.org","@graph":[{"@type":"WebPage","@id":"https:\/\/shopatoa.com\/cz\/eukanuba-daily-care-sensitive-joints-12kg\/","url":"https:\/\/shopatoa.com\/cz\/eukanuba-daily-care-sensitive-joints-12kg\/","name":"Eukanuba Daily Care Sensitive Joints 12kg - SHOPATOA.COM","isPartOf":{"@id":"https:\/\/shopatoa.com\/cz\/#website"},"primaryImageOfPage":{"@id":"https:\/\/shopatoa.com\/cz\/eukanuba-daily-care-sensitive-joints-12kg\/#primaryimage"},"image":{"@id":"https:\/\/shopatoa.com\/cz\/eukanuba-daily-care-sensitive-joints-12kg\/#primaryimage"},"thumbnailUrl":"https:\/\/storage.googleapis.com\/cz-shopatoa-img\/cz\/48e56182-1_77318.jpg","datePublished":"2025-04-01T13:29:17+00:00","dateModified":"2025-04-26T00:35:24+00:00","breadcrumb":{"@id":"https:\/\/shopatoa.com\/cz\/eukanuba-daily-care-sensitive-joints-12kg\/#breadcrumb"},"inLanguage":"cs","potentialAction":[{"@type":"ReadAction","target":["https:\/\/shopatoa.com\/cz\/eukanuba-daily-care-sensitive-joints-12kg\/"]}]},{"@type":"ImageObject","inLanguage":"cs","@id":"https:\/\/shopatoa.com\/cz\/eukanuba-daily-care-sensitive-joints-12kg\/#primaryimage","url":"https:\/\/storage.googleapis.com\/cz-shopatoa-img\/cz\/48e56182-1_77318.jpg","contentUrl":"https:\/\/storage.googleapis.com\/cz-shopatoa-img\/cz\/48e56182-1_77318.jpg","width":600,"height":600},{"@type":"BreadcrumbList","@id":"https:\/\/shopatoa.com\/cz\/eukanuba-daily-care-sensitive-joints-12kg\/#breadcrumb","itemListElement":[{"@type":"ListItem","position":1,"name":"Dom\u016f","item":"https:\/\/shopatoa.com\/cz\/"},{"@type":"ListItem","position":2,"name":"Produkty","item":"https:\/\/shopatoa.com\/cz\/shop\/"},{"@type":"ListItem","position":3,"name":"Chovatelsk\u00e9 pot\u0159eby","item":"https:\/\/shopatoa.com\/cz\/chovatelske-potreby-2\/"},{"@type":"ListItem","position":4,"name":"Pro psy","item":"https:\/\/shopatoa.com\/cz\/pro-psy-chovatelske-potreby-2\/"},{"@type":"ListItem","position":5,"name":"Krmivo pro psy","item":"https:\/\/shopatoa.com\/cz\/krmivo-pro-psy-pro-psy-chovatelske-potreby-2\/"},{"@type":"ListItem","position":6,"name":"Granule pro psy","item":"https:\/\/shopatoa.com\/cz\/granule-pro-psy\/"},{"@type":"ListItem","position":7,"name":"Eukanuba Daily Care Sensitive Joints 12kg"}]},{"@type":"WebSite","@id":"https:\/\/shopatoa.com\/cz\/#website","url":"https:\/\/shopatoa.com\/cz\/","name":"SHOPATOA","description":"","publisher":{"@id":"https:\/\/shopatoa.com\/cz\/#organization"},"potentialAction":[{"@type":"SearchAction","target":{"@type":"EntryPoint","urlTemplate":"https:\/\/shopatoa.com\/cz\/?s={search_term_string}"},"query-input":{"@type":"PropertyValueSpecification","valueRequired":true,"valueName":"search_term_string"}}],"inLanguage":"cs"},{"@type":"Organization","@id":"https:\/\/shopatoa.com\/cz\/#organization","name":"SHOPATOA Digital s.r.o.","url":"https:\/\/shopatoa.com\/cz\/","logo":{"@type":"ImageObject","inLanguage":"cs","@id":"https:\/\/shopatoa.com\/cz\/#\/schema\/logo\/image\/","url":"https:\/\/storage.googleapis.com\/cz-shopatoa-img\/cz\/ebccf434-shopatoa_logo.png","contentUrl":"https:\/\/storage.googleapis.com\/cz-shopatoa-img\/cz\/ebccf434-shopatoa_logo.png","width":416,"height":63,"caption":"SHOPATOA Digital s.r.o."},"image":{"@id":"https:\/\/shopatoa.com\/cz\/#\/schema\/logo\/image\/"}}]}},"_links":{"self":[{"href":"https:\/\/shopatoa.com\/cz\/wp-json\/wp\/v2\/product\/241083","targetHints":{"allow":["GET"]}}],"collection":[{"href":"https:\/\/shopatoa.com\/cz\/wp-json\/wp\/v2\/product"}],"about":[{"href":"https:\/\/shopatoa.com\/cz\/wp-json\/wp\/v2\/types\/product"}],"replies":[{"embeddable":true,"href":"https:\/\/shopatoa.com\/cz\/wp-json\/wp\/v2\/comments?post=241083"}],"wp:featuredmedia":[{"embeddable":true,"href":"https:\/\/shopatoa.com\/cz\/wp-json\/wp\/v2\/media\/241084"}],"wp:attachment":[{"href":"https:\/\/shopatoa.com\/cz\/wp-json\/wp\/v2\/media?parent=241083"}],"wp:term":[{"taxonomy":"product_brand","embeddable":true,"href":"https:\/\/shopatoa.com\/cz\/wp-json\/wp\/v2\/product_brand?post=241083"},{"taxonomy":"product_cat","embeddable":true,"href":"https:\/\/shopatoa.com\/cz\/wp-json\/wp\/v2\/product_cat?post=241083"},{"taxonomy":"product_tag","embeddable":true,"href":"https:\/\/shopatoa.com\/cz\/wp-json\/wp\/v2\/product_tag?post=241083"}],"curies":[{"name":"wp","href":"https:\/\/api.w.org\/{rel}","templated":true}]}}