{"id":241087,"date":"2025-04-01T15:29:27","date_gmt":"2025-04-01T13:29:27","guid":{"rendered":"https:\/\/shopatoa.com\/cz\/?post_type=product&#038;p=241087"},"modified":"2025-04-26T02:35:15","modified_gmt":"2025-04-26T00:35:15","slug":"eukanuba-daily-care-sensitive-skin-12kg","status":"publish","type":"product","link":"https:\/\/shopatoa.com\/cz\/eukanuba-daily-care-sensitive-skin-12kg\/","title":{"rendered":"Eukanuba Daily Care Sensitive Skin 12kg"},"content":{"rendered":"<p>Kompletn\u00ed krmivo pro dosp\u011bl\u00e9 psy v\u0161ech plemen s citlivou poko\u017ekou.<\/p>\n<p>Vhodn\u00e9 pro\u00a0dosp\u011bl\u00e9 psy v\u0161ech plemen\u00a0od 1 roku.<\/p>\n<p>Aby v\u00e1\u0161 pes vypadal a c\u00edtil se skv\u011ble.<\/p>\n<p>Krmivo obsahuje nezbytn\u00e9 vitam\u00edny a miner\u00e1ly, kter\u00e9 v\u00e1\u0161 pes pot\u0159ebuje. Leskl\u00e1 srst a zdrav\u00e1 poko\u017eka nejen\u017ee skv\u011ble vypadaj\u00ed a jsou velmi p\u0159\u00edjemn\u00e9 na dotek \u2013 jsou tak\u00e9 nejz\u0159eteln\u011bj\u0161\u00edm znamen\u00edm vnit\u0159n\u00edho zdrav\u00ed psa. N\u011bkte\u0159\u00ed psi jsou v\u0161ak n\u00e1chyln\u00ed k citliv\u00e9 poko\u017ece. Mohou m\u00edt suchou a odlupuj\u00edc\u00ed se poko\u017eku, matnou srst a ob\u010dasn\u00e9 sv\u011bd\u011bn\u00ed. Spole\u010dnost Eukanuba si uv\u011bdomuje v\u00fdznam, jak\u00fd hraje v\u00fd\u017eiva pro zdrav\u00ed poko\u017eky a srsti, a tak vytvo\u0159ila krmivo Eukanuba Sensitive Skin, aby v\u00e1\u0161 pes vypadal a c\u00edtil se skv\u011ble. Pokud byste m\u011bli probl\u00e9m s plet\u00ed a zm\u011bna j\u00eddeln\u00ed\u010dku by pomohla jej zvl\u00e1dnout, vr\u00e1tili byste se ke sv\u00e9 p\u016fvodn\u00ed strav\u011b? S nejv\u011bt\u0161\u00ed pravd\u011bpodobnost\u00ed ne.<\/p>\n<p>Krmivo Daily Care pro citlivou poko\u017eku se \u0159\u00edd\u00ed stejn\u00fdm principem. Nejprve va\u0161emu psovi pod\u00e1vejte tuto stravu na podporu zdrav\u00e9 poko\u017eky a srsti, a i kdy\u017e pak jeho srst z\u00e1\u0159\u00ed&#8230;<\/p>\n","protected":false},"excerpt":{"rendered":"<p>Kompletn\u00ed krmivo pro dosp\u011bl\u00e9 psy v\u0161ech plemen s citlivou poko\u017ekou. Vhodn\u00e9 pro\u00a0dosp\u011bl\u00e9 psy v\u0161ech plemen\u00a0od 1 roku. Aby v\u00e1\u0161 pes vypadal a c\u00edtil se skv\u011ble. Krmivo obsahuje nezbytn\u00e9 vitam\u00edny a miner\u00e1ly, kter\u00e9 v\u00e1\u0161 pes pot\u0159ebuje. Leskl\u00e1 srst a zdrav\u00e1 poko\u017eka nejen\u017ee skv\u011ble vypadaj\u00ed a jsou velmi p\u0159\u00edjemn\u00e9 na dotek \u2013 jsou tak\u00e9 nejz\u0159eteln\u011bj\u0161\u00edm znamen\u00edm vnit\u0159n\u00edho&#8230;<\/p>\n","protected":false},"featured_media":241088,"comment_status":"closed","ping_status":"open","template":"","meta":{"_acf_changed":false,"_kadence_starter_templates_imported_post":false,"_kad_post_transparent":"","_kad_post_title":"","_kad_post_layout":"","_kad_post_sidebar_id":"","_kad_post_content_style":"","_kad_post_vertical_padding":"","_kad_post_feature":"","_kad_post_feature_position":"","_kad_post_header":false,"_kad_post_footer":false,"_kad_post_classname":""},"product_brand":[2048],"product_cat":[436,2569,2568,739],"product_tag":[],"class_list":{"0":"post-241087","1":"product","2":"type-product","3":"status-publish","4":"has-post-thumbnail","6":"product_brand-eukanuba","7":"product_cat-chovatelske-potreby-2","8":"product_cat-granule-pro-psy","9":"product_cat-krmivo-pro-psy-pro-psy-chovatelske-potreby-2","10":"product_cat-pro-psy-chovatelske-potreby-2","11":"pa_obchod-superzoo-cz","13":"first","14":"instock","15":"product-type-external","16":"entry","17":"content-bg","18":"loop-entry"},"acf":[],"yoast_head":"<!-- This site is optimized with the Yoast SEO plugin v27.4 - https:\/\/yoast.com\/product\/yoast-seo-wordpress\/ -->\n<title>Eukanuba Daily Care Sensitive Skin 12kg - SHOPATOA.COM<\/title>\n<meta name=\"robots\" content=\"index, follow, max-snippet:-1, max-image-preview:large, max-video-preview:-1\" \/>\n<link rel=\"canonical\" href=\"https:\/\/shopatoa.com\/cz\/eukanuba-daily-care-sensitive-skin-12kg\/\" \/>\n<meta property=\"og:locale\" content=\"cs_CZ\" \/>\n<meta property=\"og:type\" content=\"article\" \/>\n<meta property=\"og:title\" content=\"Eukanuba Daily Care Sensitive Skin 12kg - SHOPATOA.COM\" \/>\n<meta property=\"og:description\" content=\"Kompletn\u00ed krmivo pro dosp\u011bl\u00e9 psy v\u0161ech plemen s citlivou poko\u017ekou. Vhodn\u00e9 pro\u00a0dosp\u011bl\u00e9 psy v\u0161ech plemen\u00a0od 1 roku. Aby v\u00e1\u0161 pes vypadal a c\u00edtil se skv\u011ble. Krmivo obsahuje nezbytn\u00e9 vitam\u00edny a miner\u00e1ly, kter\u00e9 v\u00e1\u0161 pes pot\u0159ebuje. Leskl\u00e1 srst a zdrav\u00e1 poko\u017eka nejen\u017ee skv\u011ble vypadaj\u00ed a jsou velmi p\u0159\u00edjemn\u00e9 na dotek \u2013 jsou tak\u00e9 nejz\u0159eteln\u011bj\u0161\u00edm znamen\u00edm vnit\u0159n\u00edho...\" \/>\n<meta property=\"og:url\" content=\"https:\/\/shopatoa.com\/cz\/eukanuba-daily-care-sensitive-skin-12kg\/\" \/>\n<meta property=\"og:site_name\" content=\"SHOPATOA\" \/>\n<meta property=\"article:modified_time\" content=\"2025-04-26T00:35:15+00:00\" \/>\n<meta property=\"og:image\" content=\"https:\/\/storage.googleapis.com\/cz-shopatoa-img\/cz\/2541f0d0-1_77317.jpg\" \/>\n\t<meta property=\"og:image:width\" content=\"600\" \/>\n\t<meta property=\"og:image:height\" content=\"600\" \/>\n\t<meta property=\"og:image:type\" content=\"image\/jpeg\" \/>\n<meta name=\"twitter:card\" content=\"summary_large_image\" \/>\n<meta name=\"twitter:label1\" content=\"Odhadovan\u00e1 doba \u010dten\u00ed\" \/>\n\t<meta name=\"twitter:data1\" content=\"1 minuta\" \/>\n<script type=\"application\/ld+json\" class=\"yoast-schema-graph\">{\"@context\":\"https:\\\/\\\/schema.org\",\"@graph\":[{\"@type\":\"WebPage\",\"@id\":\"https:\\\/\\\/shopatoa.com\\\/cz\\\/eukanuba-daily-care-sensitive-skin-12kg\\\/\",\"url\":\"https:\\\/\\\/shopatoa.com\\\/cz\\\/eukanuba-daily-care-sensitive-skin-12kg\\\/\",\"name\":\"Eukanuba Daily Care Sensitive Skin 12kg - SHOPATOA.COM\",\"isPartOf\":{\"@id\":\"https:\\\/\\\/shopatoa.com\\\/cz\\\/#website\"},\"primaryImageOfPage\":{\"@id\":\"https:\\\/\\\/shopatoa.com\\\/cz\\\/eukanuba-daily-care-sensitive-skin-12kg\\\/#primaryimage\"},\"image\":{\"@id\":\"https:\\\/\\\/shopatoa.com\\\/cz\\\/eukanuba-daily-care-sensitive-skin-12kg\\\/#primaryimage\"},\"thumbnailUrl\":\"https:\\\/\\\/storage.googleapis.com\\\/cz-shopatoa-img\\\/cz\\\/2541f0d0-1_77317.jpg\",\"datePublished\":\"2025-04-01T13:29:27+00:00\",\"dateModified\":\"2025-04-26T00:35:15+00:00\",\"breadcrumb\":{\"@id\":\"https:\\\/\\\/shopatoa.com\\\/cz\\\/eukanuba-daily-care-sensitive-skin-12kg\\\/#breadcrumb\"},\"inLanguage\":\"cs\",\"potentialAction\":[{\"@type\":\"ReadAction\",\"target\":[\"https:\\\/\\\/shopatoa.com\\\/cz\\\/eukanuba-daily-care-sensitive-skin-12kg\\\/\"]}]},{\"@type\":\"ImageObject\",\"inLanguage\":\"cs\",\"@id\":\"https:\\\/\\\/shopatoa.com\\\/cz\\\/eukanuba-daily-care-sensitive-skin-12kg\\\/#primaryimage\",\"url\":\"https:\\\/\\\/storage.googleapis.com\\\/cz-shopatoa-img\\\/cz\\\/2541f0d0-1_77317.jpg\",\"contentUrl\":\"https:\\\/\\\/storage.googleapis.com\\\/cz-shopatoa-img\\\/cz\\\/2541f0d0-1_77317.jpg\",\"width\":600,\"height\":600},{\"@type\":\"BreadcrumbList\",\"@id\":\"https:\\\/\\\/shopatoa.com\\\/cz\\\/eukanuba-daily-care-sensitive-skin-12kg\\\/#breadcrumb\",\"itemListElement\":[{\"@type\":\"ListItem\",\"position\":1,\"name\":\"Dom\u016f\",\"item\":\"https:\\\/\\\/shopatoa.com\\\/cz\\\/\"},{\"@type\":\"ListItem\",\"position\":2,\"name\":\"Produkty\",\"item\":\"https:\\\/\\\/shopatoa.com\\\/cz\\\/shop\\\/\"},{\"@type\":\"ListItem\",\"position\":3,\"name\":\"Chovatelsk\u00e9 pot\u0159eby\",\"item\":\"https:\\\/\\\/shopatoa.com\\\/cz\\\/chovatelske-potreby-2\\\/\"},{\"@type\":\"ListItem\",\"position\":4,\"name\":\"Pro psy\",\"item\":\"https:\\\/\\\/shopatoa.com\\\/cz\\\/pro-psy-chovatelske-potreby-2\\\/\"},{\"@type\":\"ListItem\",\"position\":5,\"name\":\"Krmivo pro psy\",\"item\":\"https:\\\/\\\/shopatoa.com\\\/cz\\\/krmivo-pro-psy-pro-psy-chovatelske-potreby-2\\\/\"},{\"@type\":\"ListItem\",\"position\":6,\"name\":\"Granule pro psy\",\"item\":\"https:\\\/\\\/shopatoa.com\\\/cz\\\/granule-pro-psy\\\/\"},{\"@type\":\"ListItem\",\"position\":7,\"name\":\"Eukanuba Daily Care Sensitive Skin 12kg\"}]},{\"@type\":\"WebSite\",\"@id\":\"https:\\\/\\\/shopatoa.com\\\/cz\\\/#website\",\"url\":\"https:\\\/\\\/shopatoa.com\\\/cz\\\/\",\"name\":\"SHOPATOA\",\"description\":\"\",\"publisher\":{\"@id\":\"https:\\\/\\\/shopatoa.com\\\/cz\\\/#organization\"},\"potentialAction\":[{\"@type\":\"SearchAction\",\"target\":{\"@type\":\"EntryPoint\",\"urlTemplate\":\"https:\\\/\\\/shopatoa.com\\\/cz\\\/?s={search_term_string}\"},\"query-input\":{\"@type\":\"PropertyValueSpecification\",\"valueRequired\":true,\"valueName\":\"search_term_string\"}}],\"inLanguage\":\"cs\"},{\"@type\":\"Organization\",\"@id\":\"https:\\\/\\\/shopatoa.com\\\/cz\\\/#organization\",\"name\":\"SHOPATOA Digital s.r.o.\",\"url\":\"https:\\\/\\\/shopatoa.com\\\/cz\\\/\",\"logo\":{\"@type\":\"ImageObject\",\"inLanguage\":\"cs\",\"@id\":\"https:\\\/\\\/shopatoa.com\\\/cz\\\/#\\\/schema\\\/logo\\\/image\\\/\",\"url\":\"https:\\\/\\\/storage.googleapis.com\\\/cz-shopatoa-img\\\/cz\\\/ebccf434-shopatoa_logo.png\",\"contentUrl\":\"https:\\\/\\\/storage.googleapis.com\\\/cz-shopatoa-img\\\/cz\\\/ebccf434-shopatoa_logo.png\",\"width\":416,\"height\":63,\"caption\":\"SHOPATOA Digital s.r.o.\"},\"image\":{\"@id\":\"https:\\\/\\\/shopatoa.com\\\/cz\\\/#\\\/schema\\\/logo\\\/image\\\/\"}}]}<\/script>\n<!-- \/ Yoast SEO plugin. -->","yoast_head_json":{"title":"Eukanuba Daily Care Sensitive Skin 12kg - SHOPATOA.COM","robots":{"index":"index","follow":"follow","max-snippet":"max-snippet:-1","max-image-preview":"max-image-preview:large","max-video-preview":"max-video-preview:-1"},"canonical":"https:\/\/shopatoa.com\/cz\/eukanuba-daily-care-sensitive-skin-12kg\/","og_locale":"cs_CZ","og_type":"article","og_title":"Eukanuba Daily Care Sensitive Skin 12kg - SHOPATOA.COM","og_description":"Kompletn\u00ed krmivo pro dosp\u011bl\u00e9 psy v\u0161ech plemen s citlivou poko\u017ekou. Vhodn\u00e9 pro\u00a0dosp\u011bl\u00e9 psy v\u0161ech plemen\u00a0od 1 roku. Aby v\u00e1\u0161 pes vypadal a c\u00edtil se skv\u011ble. Krmivo obsahuje nezbytn\u00e9 vitam\u00edny a miner\u00e1ly, kter\u00e9 v\u00e1\u0161 pes pot\u0159ebuje. Leskl\u00e1 srst a zdrav\u00e1 poko\u017eka nejen\u017ee skv\u011ble vypadaj\u00ed a jsou velmi p\u0159\u00edjemn\u00e9 na dotek \u2013 jsou tak\u00e9 nejz\u0159eteln\u011bj\u0161\u00edm znamen\u00edm vnit\u0159n\u00edho...","og_url":"https:\/\/shopatoa.com\/cz\/eukanuba-daily-care-sensitive-skin-12kg\/","og_site_name":"SHOPATOA","article_modified_time":"2025-04-26T00:35:15+00:00","og_image":[{"width":600,"height":600,"url":"https:\/\/storage.googleapis.com\/cz-shopatoa-img\/cz\/2541f0d0-1_77317.jpg","type":"image\/jpeg"}],"twitter_card":"summary_large_image","twitter_misc":{"Odhadovan\u00e1 doba \u010dten\u00ed":"1 minuta"},"schema":{"@context":"https:\/\/schema.org","@graph":[{"@type":"WebPage","@id":"https:\/\/shopatoa.com\/cz\/eukanuba-daily-care-sensitive-skin-12kg\/","url":"https:\/\/shopatoa.com\/cz\/eukanuba-daily-care-sensitive-skin-12kg\/","name":"Eukanuba Daily Care Sensitive Skin 12kg - SHOPATOA.COM","isPartOf":{"@id":"https:\/\/shopatoa.com\/cz\/#website"},"primaryImageOfPage":{"@id":"https:\/\/shopatoa.com\/cz\/eukanuba-daily-care-sensitive-skin-12kg\/#primaryimage"},"image":{"@id":"https:\/\/shopatoa.com\/cz\/eukanuba-daily-care-sensitive-skin-12kg\/#primaryimage"},"thumbnailUrl":"https:\/\/storage.googleapis.com\/cz-shopatoa-img\/cz\/2541f0d0-1_77317.jpg","datePublished":"2025-04-01T13:29:27+00:00","dateModified":"2025-04-26T00:35:15+00:00","breadcrumb":{"@id":"https:\/\/shopatoa.com\/cz\/eukanuba-daily-care-sensitive-skin-12kg\/#breadcrumb"},"inLanguage":"cs","potentialAction":[{"@type":"ReadAction","target":["https:\/\/shopatoa.com\/cz\/eukanuba-daily-care-sensitive-skin-12kg\/"]}]},{"@type":"ImageObject","inLanguage":"cs","@id":"https:\/\/shopatoa.com\/cz\/eukanuba-daily-care-sensitive-skin-12kg\/#primaryimage","url":"https:\/\/storage.googleapis.com\/cz-shopatoa-img\/cz\/2541f0d0-1_77317.jpg","contentUrl":"https:\/\/storage.googleapis.com\/cz-shopatoa-img\/cz\/2541f0d0-1_77317.jpg","width":600,"height":600},{"@type":"BreadcrumbList","@id":"https:\/\/shopatoa.com\/cz\/eukanuba-daily-care-sensitive-skin-12kg\/#breadcrumb","itemListElement":[{"@type":"ListItem","position":1,"name":"Dom\u016f","item":"https:\/\/shopatoa.com\/cz\/"},{"@type":"ListItem","position":2,"name":"Produkty","item":"https:\/\/shopatoa.com\/cz\/shop\/"},{"@type":"ListItem","position":3,"name":"Chovatelsk\u00e9 pot\u0159eby","item":"https:\/\/shopatoa.com\/cz\/chovatelske-potreby-2\/"},{"@type":"ListItem","position":4,"name":"Pro psy","item":"https:\/\/shopatoa.com\/cz\/pro-psy-chovatelske-potreby-2\/"},{"@type":"ListItem","position":5,"name":"Krmivo pro psy","item":"https:\/\/shopatoa.com\/cz\/krmivo-pro-psy-pro-psy-chovatelske-potreby-2\/"},{"@type":"ListItem","position":6,"name":"Granule pro psy","item":"https:\/\/shopatoa.com\/cz\/granule-pro-psy\/"},{"@type":"ListItem","position":7,"name":"Eukanuba Daily Care Sensitive Skin 12kg"}]},{"@type":"WebSite","@id":"https:\/\/shopatoa.com\/cz\/#website","url":"https:\/\/shopatoa.com\/cz\/","name":"SHOPATOA","description":"","publisher":{"@id":"https:\/\/shopatoa.com\/cz\/#organization"},"potentialAction":[{"@type":"SearchAction","target":{"@type":"EntryPoint","urlTemplate":"https:\/\/shopatoa.com\/cz\/?s={search_term_string}"},"query-input":{"@type":"PropertyValueSpecification","valueRequired":true,"valueName":"search_term_string"}}],"inLanguage":"cs"},{"@type":"Organization","@id":"https:\/\/shopatoa.com\/cz\/#organization","name":"SHOPATOA Digital s.r.o.","url":"https:\/\/shopatoa.com\/cz\/","logo":{"@type":"ImageObject","inLanguage":"cs","@id":"https:\/\/shopatoa.com\/cz\/#\/schema\/logo\/image\/","url":"https:\/\/storage.googleapis.com\/cz-shopatoa-img\/cz\/ebccf434-shopatoa_logo.png","contentUrl":"https:\/\/storage.googleapis.com\/cz-shopatoa-img\/cz\/ebccf434-shopatoa_logo.png","width":416,"height":63,"caption":"SHOPATOA Digital s.r.o."},"image":{"@id":"https:\/\/shopatoa.com\/cz\/#\/schema\/logo\/image\/"}}]}},"_links":{"self":[{"href":"https:\/\/shopatoa.com\/cz\/wp-json\/wp\/v2\/product\/241087","targetHints":{"allow":["GET"]}}],"collection":[{"href":"https:\/\/shopatoa.com\/cz\/wp-json\/wp\/v2\/product"}],"about":[{"href":"https:\/\/shopatoa.com\/cz\/wp-json\/wp\/v2\/types\/product"}],"replies":[{"embeddable":true,"href":"https:\/\/shopatoa.com\/cz\/wp-json\/wp\/v2\/comments?post=241087"}],"wp:featuredmedia":[{"embeddable":true,"href":"https:\/\/shopatoa.com\/cz\/wp-json\/wp\/v2\/media\/241088"}],"wp:attachment":[{"href":"https:\/\/shopatoa.com\/cz\/wp-json\/wp\/v2\/media?parent=241087"}],"wp:term":[{"taxonomy":"product_brand","embeddable":true,"href":"https:\/\/shopatoa.com\/cz\/wp-json\/wp\/v2\/product_brand?post=241087"},{"taxonomy":"product_cat","embeddable":true,"href":"https:\/\/shopatoa.com\/cz\/wp-json\/wp\/v2\/product_cat?post=241087"},{"taxonomy":"product_tag","embeddable":true,"href":"https:\/\/shopatoa.com\/cz\/wp-json\/wp\/v2\/product_tag?post=241087"}],"curies":[{"name":"wp","href":"https:\/\/api.w.org\/{rel}","templated":true}]}}