{"id":241101,"date":"2025-04-01T15:30:04","date_gmt":"2025-04-01T13:30:04","guid":{"rendered":"https:\/\/shopatoa.com\/cz\/?post_type=product&#038;p=241101"},"modified":"2026-02-04T08:51:48","modified_gmt":"2026-02-04T07:51:48","slug":"eukanuba-boxer-12kg","status":"publish","type":"product","link":"https:\/\/shopatoa.com\/cz\/eukanuba-boxer-12kg\/","title":{"rendered":"Eukanuba Boxer 12kg"},"content":{"rendered":"<p>Kompletn\u00ed a vyv\u00e1\u017een\u00e9 krmivo pro dosp\u011bl\u00e9 boxery<\/p>\n<p>Je vhodn\u00e9 tak\u00e9 pro rotvajlery, anglick\u00e9, irsk\u00e9 setry a dobrmany, jejich\u017e nutri\u010dn\u00ed po\u017eadavky jsou stejn\u00e9.<\/p>\n<p>Kompletn\u00ed a vyv\u00e1\u017een\u00e1 strava<\/p>\n<p>Boxe\u0159i jsou atleti\u010dt\u00ed, energi\u010dt\u00ed a aktivn\u00ed psi s v\u011brn\u00fdm temperamentem.<\/p>\n<p>Pro udr\u017een\u00ed zdrav\u00e9ho srdce a imunitn\u00edho syst\u00e9mu jim m\u016f\u017ee prosp\u00edvat speci\u00e1ln\u00ed v\u00fd\u017eiva. Krmivo Eukanuba Boxer je kompletn\u00ed a vyv\u00e1\u017een\u00e1 denn\u00ed strava ur\u010den\u00e1 k udr\u017een\u00ed zdrav\u00e9ho srdce boxer\u016f a pos\u00edlen\u00ed jejich imunitn\u00edho syst\u00e9mu, co\u017e podpo\u0159\u00ed jejich zdrav\u00ed a aktivitu.<\/p>\n<p>Znaky krmiva<\/p>\n<p>Pro podporu kloub\u016f<\/p>\n<p>Kloubn\u00ed v\u00fd\u017eivov\u00e9 prepar\u00e1ty jako jsou sulf\u00e1ty glukosaminu a chondroitinu pro zdrav\u00e9 klouby a pohyblivost.<\/p>\n<p>Podporuje srde\u010dn\u00ed \u010dinnost<\/p>\n<p>P\u0159irozen\u00fd zdroj taurinu + L\u2013karnitinu na podporu zdrav\u00e9ho srdce.<\/p>\n<p>Pro psy s citliv\u00fdm za\u017e\u00edv\u00e1n\u00edm<\/p>\n<p>Podporuje zdrav\u00fd tr\u00e1vic\u00ed trakt, zdrav\u00e1 st\u0159eva a v\u00fdborn\u00e9 vst\u0159eb\u00e1v\u00e1n\u00ed \u017eivin. Obsahuje exkluzivn\u00ed slo\u017een\u00ed fermentovan\u00e9 vl\u00e1kniny (\u0159epnou d\u0159e\u0148 + FOS). V\u00fd\u017eivov\u00e9 slo\u017eky napom\u00e1haj\u00ed k&#8230;<\/p>\n","protected":false},"excerpt":{"rendered":"<p>Kompletn\u00ed a vyv\u00e1\u017een\u00e9 krmivo pro dosp\u011bl\u00e9 boxery Je vhodn\u00e9 tak\u00e9 pro rotvajlery, anglick\u00e9, irsk\u00e9 setry a dobrmany, jejich\u017e nutri\u010dn\u00ed po\u017eadavky jsou stejn\u00e9. Kompletn\u00ed a vyv\u00e1\u017een\u00e1 strava Boxe\u0159i jsou atleti\u010dt\u00ed, energi\u010dt\u00ed a aktivn\u00ed psi s v\u011brn\u00fdm temperamentem. Pro udr\u017een\u00ed zdrav\u00e9ho srdce a imunitn\u00edho syst\u00e9mu jim m\u016f\u017ee prosp\u00edvat speci\u00e1ln\u00ed v\u00fd\u017eiva. Krmivo Eukanuba Boxer je kompletn\u00ed a vyv\u00e1\u017een\u00e1&#8230;<\/p>\n","protected":false},"featured_media":241102,"comment_status":"closed","ping_status":"open","template":"","meta":{"_acf_changed":false,"_kadence_starter_templates_imported_post":false,"_kad_post_transparent":"","_kad_post_title":"","_kad_post_layout":"","_kad_post_sidebar_id":"","_kad_post_content_style":"","_kad_post_vertical_padding":"","_kad_post_feature":"","_kad_post_feature_position":"","_kad_post_header":false,"_kad_post_footer":false,"_kad_post_classname":""},"product_brand":[2048],"product_cat":[436,2569,2568,739],"product_tag":[],"class_list":{"0":"post-241101","1":"product","2":"type-product","3":"status-publish","4":"has-post-thumbnail","6":"product_brand-eukanuba","7":"product_cat-chovatelske-potreby-2","8":"product_cat-granule-pro-psy","9":"product_cat-krmivo-pro-psy-pro-psy-chovatelske-potreby-2","10":"product_cat-pro-psy-chovatelske-potreby-2","11":"pa_obchod-superzoo-cz","13":"first","14":"instock","15":"product-type-external","16":"entry","17":"content-bg","18":"loop-entry"},"acf":[],"yoast_head":"<!-- This site is optimized with the Yoast SEO plugin v27.4 - https:\/\/yoast.com\/product\/yoast-seo-wordpress\/ -->\n<title>Eukanuba Boxer 12kg - SHOPATOA.COM<\/title>\n<meta name=\"robots\" content=\"index, follow, max-snippet:-1, max-image-preview:large, max-video-preview:-1\" \/>\n<link rel=\"canonical\" href=\"https:\/\/shopatoa.com\/cz\/eukanuba-boxer-12kg\/\" \/>\n<meta property=\"og:locale\" content=\"cs_CZ\" \/>\n<meta property=\"og:type\" content=\"article\" \/>\n<meta property=\"og:title\" content=\"Eukanuba Boxer 12kg - SHOPATOA.COM\" \/>\n<meta property=\"og:description\" content=\"Kompletn\u00ed a vyv\u00e1\u017een\u00e9 krmivo pro dosp\u011bl\u00e9 boxery Je vhodn\u00e9 tak\u00e9 pro rotvajlery, anglick\u00e9, irsk\u00e9 setry a dobrmany, jejich\u017e nutri\u010dn\u00ed po\u017eadavky jsou stejn\u00e9. Kompletn\u00ed a vyv\u00e1\u017een\u00e1 strava Boxe\u0159i jsou atleti\u010dt\u00ed, energi\u010dt\u00ed a aktivn\u00ed psi s v\u011brn\u00fdm temperamentem. Pro udr\u017een\u00ed zdrav\u00e9ho srdce a imunitn\u00edho syst\u00e9mu jim m\u016f\u017ee prosp\u00edvat speci\u00e1ln\u00ed v\u00fd\u017eiva. Krmivo Eukanuba Boxer je kompletn\u00ed a vyv\u00e1\u017een\u00e1...\" \/>\n<meta property=\"og:url\" content=\"https:\/\/shopatoa.com\/cz\/eukanuba-boxer-12kg\/\" \/>\n<meta property=\"og:site_name\" content=\"SHOPATOA\" \/>\n<meta property=\"article:modified_time\" content=\"2026-02-04T07:51:48+00:00\" \/>\n<meta property=\"og:image\" content=\"https:\/\/storage.googleapis.com\/cz-shopatoa-img\/cz\/4ffeb918-1_80729.jpg\" \/>\n\t<meta property=\"og:image:width\" content=\"600\" \/>\n\t<meta property=\"og:image:height\" content=\"600\" \/>\n\t<meta property=\"og:image:type\" content=\"image\/jpeg\" \/>\n<meta name=\"twitter:card\" content=\"summary_large_image\" \/>\n<meta name=\"twitter:label1\" content=\"Odhadovan\u00e1 doba \u010dten\u00ed\" \/>\n\t<meta name=\"twitter:data1\" content=\"1 minuta\" \/>\n<script type=\"application\/ld+json\" class=\"yoast-schema-graph\">{\"@context\":\"https:\\\/\\\/schema.org\",\"@graph\":[{\"@type\":\"WebPage\",\"@id\":\"https:\\\/\\\/shopatoa.com\\\/cz\\\/eukanuba-boxer-12kg\\\/\",\"url\":\"https:\\\/\\\/shopatoa.com\\\/cz\\\/eukanuba-boxer-12kg\\\/\",\"name\":\"Eukanuba Boxer 12kg - SHOPATOA.COM\",\"isPartOf\":{\"@id\":\"https:\\\/\\\/shopatoa.com\\\/cz\\\/#website\"},\"primaryImageOfPage\":{\"@id\":\"https:\\\/\\\/shopatoa.com\\\/cz\\\/eukanuba-boxer-12kg\\\/#primaryimage\"},\"image\":{\"@id\":\"https:\\\/\\\/shopatoa.com\\\/cz\\\/eukanuba-boxer-12kg\\\/#primaryimage\"},\"thumbnailUrl\":\"https:\\\/\\\/storage.googleapis.com\\\/cz-shopatoa-img\\\/cz\\\/4ffeb918-1_80729.jpg\",\"datePublished\":\"2025-04-01T13:30:04+00:00\",\"dateModified\":\"2026-02-04T07:51:48+00:00\",\"breadcrumb\":{\"@id\":\"https:\\\/\\\/shopatoa.com\\\/cz\\\/eukanuba-boxer-12kg\\\/#breadcrumb\"},\"inLanguage\":\"cs\",\"potentialAction\":[{\"@type\":\"ReadAction\",\"target\":[\"https:\\\/\\\/shopatoa.com\\\/cz\\\/eukanuba-boxer-12kg\\\/\"]}]},{\"@type\":\"ImageObject\",\"inLanguage\":\"cs\",\"@id\":\"https:\\\/\\\/shopatoa.com\\\/cz\\\/eukanuba-boxer-12kg\\\/#primaryimage\",\"url\":\"https:\\\/\\\/storage.googleapis.com\\\/cz-shopatoa-img\\\/cz\\\/4ffeb918-1_80729.jpg\",\"contentUrl\":\"https:\\\/\\\/storage.googleapis.com\\\/cz-shopatoa-img\\\/cz\\\/4ffeb918-1_80729.jpg\",\"width\":600,\"height\":600},{\"@type\":\"BreadcrumbList\",\"@id\":\"https:\\\/\\\/shopatoa.com\\\/cz\\\/eukanuba-boxer-12kg\\\/#breadcrumb\",\"itemListElement\":[{\"@type\":\"ListItem\",\"position\":1,\"name\":\"Dom\u016f\",\"item\":\"https:\\\/\\\/shopatoa.com\\\/cz\\\/\"},{\"@type\":\"ListItem\",\"position\":2,\"name\":\"Produkty\",\"item\":\"https:\\\/\\\/shopatoa.com\\\/cz\\\/shop\\\/\"},{\"@type\":\"ListItem\",\"position\":3,\"name\":\"Chovatelsk\u00e9 pot\u0159eby\",\"item\":\"https:\\\/\\\/shopatoa.com\\\/cz\\\/chovatelske-potreby-2\\\/\"},{\"@type\":\"ListItem\",\"position\":4,\"name\":\"Pro psy\",\"item\":\"https:\\\/\\\/shopatoa.com\\\/cz\\\/pro-psy-chovatelske-potreby-2\\\/\"},{\"@type\":\"ListItem\",\"position\":5,\"name\":\"Krmivo pro psy\",\"item\":\"https:\\\/\\\/shopatoa.com\\\/cz\\\/krmivo-pro-psy-pro-psy-chovatelske-potreby-2\\\/\"},{\"@type\":\"ListItem\",\"position\":6,\"name\":\"Granule pro psy\",\"item\":\"https:\\\/\\\/shopatoa.com\\\/cz\\\/granule-pro-psy\\\/\"},{\"@type\":\"ListItem\",\"position\":7,\"name\":\"Eukanuba Boxer 12kg\"}]},{\"@type\":\"WebSite\",\"@id\":\"https:\\\/\\\/shopatoa.com\\\/cz\\\/#website\",\"url\":\"https:\\\/\\\/shopatoa.com\\\/cz\\\/\",\"name\":\"SHOPATOA\",\"description\":\"\",\"publisher\":{\"@id\":\"https:\\\/\\\/shopatoa.com\\\/cz\\\/#organization\"},\"potentialAction\":[{\"@type\":\"SearchAction\",\"target\":{\"@type\":\"EntryPoint\",\"urlTemplate\":\"https:\\\/\\\/shopatoa.com\\\/cz\\\/?s={search_term_string}\"},\"query-input\":{\"@type\":\"PropertyValueSpecification\",\"valueRequired\":true,\"valueName\":\"search_term_string\"}}],\"inLanguage\":\"cs\"},{\"@type\":\"Organization\",\"@id\":\"https:\\\/\\\/shopatoa.com\\\/cz\\\/#organization\",\"name\":\"SHOPATOA Digital s.r.o.\",\"url\":\"https:\\\/\\\/shopatoa.com\\\/cz\\\/\",\"logo\":{\"@type\":\"ImageObject\",\"inLanguage\":\"cs\",\"@id\":\"https:\\\/\\\/shopatoa.com\\\/cz\\\/#\\\/schema\\\/logo\\\/image\\\/\",\"url\":\"https:\\\/\\\/storage.googleapis.com\\\/cz-shopatoa-img\\\/cz\\\/ebccf434-shopatoa_logo.png\",\"contentUrl\":\"https:\\\/\\\/storage.googleapis.com\\\/cz-shopatoa-img\\\/cz\\\/ebccf434-shopatoa_logo.png\",\"width\":416,\"height\":63,\"caption\":\"SHOPATOA Digital s.r.o.\"},\"image\":{\"@id\":\"https:\\\/\\\/shopatoa.com\\\/cz\\\/#\\\/schema\\\/logo\\\/image\\\/\"}}]}<\/script>\n<!-- \/ Yoast SEO plugin. -->","yoast_head_json":{"title":"Eukanuba Boxer 12kg - SHOPATOA.COM","robots":{"index":"index","follow":"follow","max-snippet":"max-snippet:-1","max-image-preview":"max-image-preview:large","max-video-preview":"max-video-preview:-1"},"canonical":"https:\/\/shopatoa.com\/cz\/eukanuba-boxer-12kg\/","og_locale":"cs_CZ","og_type":"article","og_title":"Eukanuba Boxer 12kg - SHOPATOA.COM","og_description":"Kompletn\u00ed a vyv\u00e1\u017een\u00e9 krmivo pro dosp\u011bl\u00e9 boxery Je vhodn\u00e9 tak\u00e9 pro rotvajlery, anglick\u00e9, irsk\u00e9 setry a dobrmany, jejich\u017e nutri\u010dn\u00ed po\u017eadavky jsou stejn\u00e9. Kompletn\u00ed a vyv\u00e1\u017een\u00e1 strava Boxe\u0159i jsou atleti\u010dt\u00ed, energi\u010dt\u00ed a aktivn\u00ed psi s v\u011brn\u00fdm temperamentem. Pro udr\u017een\u00ed zdrav\u00e9ho srdce a imunitn\u00edho syst\u00e9mu jim m\u016f\u017ee prosp\u00edvat speci\u00e1ln\u00ed v\u00fd\u017eiva. Krmivo Eukanuba Boxer je kompletn\u00ed a vyv\u00e1\u017een\u00e1...","og_url":"https:\/\/shopatoa.com\/cz\/eukanuba-boxer-12kg\/","og_site_name":"SHOPATOA","article_modified_time":"2026-02-04T07:51:48+00:00","og_image":[{"width":600,"height":600,"url":"https:\/\/storage.googleapis.com\/cz-shopatoa-img\/cz\/4ffeb918-1_80729.jpg","type":"image\/jpeg"}],"twitter_card":"summary_large_image","twitter_misc":{"Odhadovan\u00e1 doba \u010dten\u00ed":"1 minuta"},"schema":{"@context":"https:\/\/schema.org","@graph":[{"@type":"WebPage","@id":"https:\/\/shopatoa.com\/cz\/eukanuba-boxer-12kg\/","url":"https:\/\/shopatoa.com\/cz\/eukanuba-boxer-12kg\/","name":"Eukanuba Boxer 12kg - SHOPATOA.COM","isPartOf":{"@id":"https:\/\/shopatoa.com\/cz\/#website"},"primaryImageOfPage":{"@id":"https:\/\/shopatoa.com\/cz\/eukanuba-boxer-12kg\/#primaryimage"},"image":{"@id":"https:\/\/shopatoa.com\/cz\/eukanuba-boxer-12kg\/#primaryimage"},"thumbnailUrl":"https:\/\/storage.googleapis.com\/cz-shopatoa-img\/cz\/4ffeb918-1_80729.jpg","datePublished":"2025-04-01T13:30:04+00:00","dateModified":"2026-02-04T07:51:48+00:00","breadcrumb":{"@id":"https:\/\/shopatoa.com\/cz\/eukanuba-boxer-12kg\/#breadcrumb"},"inLanguage":"cs","potentialAction":[{"@type":"ReadAction","target":["https:\/\/shopatoa.com\/cz\/eukanuba-boxer-12kg\/"]}]},{"@type":"ImageObject","inLanguage":"cs","@id":"https:\/\/shopatoa.com\/cz\/eukanuba-boxer-12kg\/#primaryimage","url":"https:\/\/storage.googleapis.com\/cz-shopatoa-img\/cz\/4ffeb918-1_80729.jpg","contentUrl":"https:\/\/storage.googleapis.com\/cz-shopatoa-img\/cz\/4ffeb918-1_80729.jpg","width":600,"height":600},{"@type":"BreadcrumbList","@id":"https:\/\/shopatoa.com\/cz\/eukanuba-boxer-12kg\/#breadcrumb","itemListElement":[{"@type":"ListItem","position":1,"name":"Dom\u016f","item":"https:\/\/shopatoa.com\/cz\/"},{"@type":"ListItem","position":2,"name":"Produkty","item":"https:\/\/shopatoa.com\/cz\/shop\/"},{"@type":"ListItem","position":3,"name":"Chovatelsk\u00e9 pot\u0159eby","item":"https:\/\/shopatoa.com\/cz\/chovatelske-potreby-2\/"},{"@type":"ListItem","position":4,"name":"Pro psy","item":"https:\/\/shopatoa.com\/cz\/pro-psy-chovatelske-potreby-2\/"},{"@type":"ListItem","position":5,"name":"Krmivo pro psy","item":"https:\/\/shopatoa.com\/cz\/krmivo-pro-psy-pro-psy-chovatelske-potreby-2\/"},{"@type":"ListItem","position":6,"name":"Granule pro psy","item":"https:\/\/shopatoa.com\/cz\/granule-pro-psy\/"},{"@type":"ListItem","position":7,"name":"Eukanuba Boxer 12kg"}]},{"@type":"WebSite","@id":"https:\/\/shopatoa.com\/cz\/#website","url":"https:\/\/shopatoa.com\/cz\/","name":"SHOPATOA","description":"","publisher":{"@id":"https:\/\/shopatoa.com\/cz\/#organization"},"potentialAction":[{"@type":"SearchAction","target":{"@type":"EntryPoint","urlTemplate":"https:\/\/shopatoa.com\/cz\/?s={search_term_string}"},"query-input":{"@type":"PropertyValueSpecification","valueRequired":true,"valueName":"search_term_string"}}],"inLanguage":"cs"},{"@type":"Organization","@id":"https:\/\/shopatoa.com\/cz\/#organization","name":"SHOPATOA Digital s.r.o.","url":"https:\/\/shopatoa.com\/cz\/","logo":{"@type":"ImageObject","inLanguage":"cs","@id":"https:\/\/shopatoa.com\/cz\/#\/schema\/logo\/image\/","url":"https:\/\/storage.googleapis.com\/cz-shopatoa-img\/cz\/ebccf434-shopatoa_logo.png","contentUrl":"https:\/\/storage.googleapis.com\/cz-shopatoa-img\/cz\/ebccf434-shopatoa_logo.png","width":416,"height":63,"caption":"SHOPATOA Digital s.r.o."},"image":{"@id":"https:\/\/shopatoa.com\/cz\/#\/schema\/logo\/image\/"}}]}},"_links":{"self":[{"href":"https:\/\/shopatoa.com\/cz\/wp-json\/wp\/v2\/product\/241101","targetHints":{"allow":["GET"]}}],"collection":[{"href":"https:\/\/shopatoa.com\/cz\/wp-json\/wp\/v2\/product"}],"about":[{"href":"https:\/\/shopatoa.com\/cz\/wp-json\/wp\/v2\/types\/product"}],"replies":[{"embeddable":true,"href":"https:\/\/shopatoa.com\/cz\/wp-json\/wp\/v2\/comments?post=241101"}],"wp:featuredmedia":[{"embeddable":true,"href":"https:\/\/shopatoa.com\/cz\/wp-json\/wp\/v2\/media\/241102"}],"wp:attachment":[{"href":"https:\/\/shopatoa.com\/cz\/wp-json\/wp\/v2\/media?parent=241101"}],"wp:term":[{"taxonomy":"product_brand","embeddable":true,"href":"https:\/\/shopatoa.com\/cz\/wp-json\/wp\/v2\/product_brand?post=241101"},{"taxonomy":"product_cat","embeddable":true,"href":"https:\/\/shopatoa.com\/cz\/wp-json\/wp\/v2\/product_cat?post=241101"},{"taxonomy":"product_tag","embeddable":true,"href":"https:\/\/shopatoa.com\/cz\/wp-json\/wp\/v2\/product_tag?post=241101"}],"curies":[{"name":"wp","href":"https:\/\/api.w.org\/{rel}","templated":true}]}}