{"id":241107,"date":"2025-04-01T15:30:20","date_gmt":"2025-04-01T13:30:20","guid":{"rendered":"https:\/\/shopatoa.com\/cz\/?post_type=product&#038;p=241107"},"modified":"2025-04-26T02:34:27","modified_gmt":"2025-04-26T00:34:27","slug":"eukanuba-labrador-retriever-12kg","status":"publish","type":"product","link":"https:\/\/shopatoa.com\/cz\/eukanuba-labrador-retriever-12kg\/","title":{"rendered":"Eukanuba Labrador Retriever 12kg"},"content":{"rendered":"<p>Kompletn\u00ed a vyv\u00e1\u017een\u00e9 krmivo pro Labradorsk\u00e9 retr\u00edvry od 1 roku.<\/p>\n<p>Je rovn\u011b\u017e vhodn\u00e9 pro Curly coated retr\u00edvry a Chesapeake Bay retr\u00edvry, kte\u0159\u00ed maj\u00ed stejn\u00e9 v\u00fd\u017eivov\u00e9 po\u017eadavky.<\/p>\n<p>Kompletn\u00ed a vyv\u00e1\u017een\u00e1 strava pro udr\u017een\u00ed zdrav\u00fdch kloub\u016f a kontrolu v\u00e1hy<\/p>\n<p>Labrador\u0161t\u00ed retr\u00edv\u0159i jsou mimo\u0159\u00e1dn\u011b obl\u00edben\u00fdm ps\u00edm plemenem, kter\u00e9 je jak m\u00edrn\u00e9, tak miluj\u00edc\u00ed. Pokud se pravideln\u011b nepohybuj\u00ed, mohou snadno p\u0159ib\u00edrat na v\u00e1ze. Nadm\u011brn\u00e1 v\u00e1ha pak m\u016f\u017ee zat\u011b\u017eovat jejich klouby, co\u017e znamen\u00e1, \u017ee mohou vyu\u017e\u00edvat v\u00fdhod zvl\u00e1\u0161tn\u00ed p\u00e9\u010de a v\u00fd\u017eivy. Krmivo Eukanuba Labrador Retriever je kompletn\u00ed a vyv\u00e1\u017een\u00e1 denn\u00ed strava ur\u010den\u00e1 k udr\u017eov\u00e1n\u00ed zdrav\u00fdch kloub\u016f, kter\u00e1 napom\u00e1h\u00e1 kontrole hmotnosti a p\u0159isp\u00edv\u00e1 k jejich celkov\u00e9mu zdrav\u00ed.<\/p>\n<p>Znaky krmiva:<\/p>\n<p>Pro kontrolu v\u00e1hy<\/p>\n<p>L\u2013karnitin pro optim\u00e1ln\u00ed hmotnost.<\/p>\n<p>Podpora zdrav\u00e9 k\u016f\u017ee a srsti<\/p>\n<p>Omega\u20133 a omega\u20136 mastn\u00e9 kyseliny, zinek a m\u011b\u010f pro optim\u00e1ln\u00ed p\u00e9\u010di o poko\u017eku a srst.<\/p>\n<p>Pro podporu cekov\u00e9 imunity<\/p>\n<p>Obsahuje vitam\u00edn E k podpo\u0159e imunitn\u00edho syst\u00e9mu&#8230;.<\/p>\n","protected":false},"excerpt":{"rendered":"<p>Kompletn\u00ed a vyv\u00e1\u017een\u00e9 krmivo pro Labradorsk\u00e9 retr\u00edvry od 1 roku. Je rovn\u011b\u017e vhodn\u00e9 pro Curly coated retr\u00edvry a Chesapeake Bay retr\u00edvry, kte\u0159\u00ed maj\u00ed stejn\u00e9 v\u00fd\u017eivov\u00e9 po\u017eadavky. Kompletn\u00ed a vyv\u00e1\u017een\u00e1 strava pro udr\u017een\u00ed zdrav\u00fdch kloub\u016f a kontrolu v\u00e1hy Labrador\u0161t\u00ed retr\u00edv\u0159i jsou mimo\u0159\u00e1dn\u011b obl\u00edben\u00fdm ps\u00edm plemenem, kter\u00e9 je jak m\u00edrn\u00e9, tak miluj\u00edc\u00ed. Pokud se pravideln\u011b nepohybuj\u00ed, mohou&#8230;<\/p>\n","protected":false},"featured_media":241108,"comment_status":"closed","ping_status":"open","template":"","meta":{"_acf_changed":false,"_kadence_starter_templates_imported_post":false,"_kad_post_transparent":"","_kad_post_title":"","_kad_post_layout":"","_kad_post_sidebar_id":"","_kad_post_content_style":"","_kad_post_vertical_padding":"","_kad_post_feature":"","_kad_post_feature_position":"","_kad_post_header":false,"_kad_post_footer":false,"_kad_post_classname":""},"product_brand":[2048],"product_cat":[436,2569,2568,739],"product_tag":[],"class_list":{"0":"post-241107","1":"product","2":"type-product","3":"status-publish","4":"has-post-thumbnail","6":"product_brand-eukanuba","7":"product_cat-chovatelske-potreby-2","8":"product_cat-granule-pro-psy","9":"product_cat-krmivo-pro-psy-pro-psy-chovatelske-potreby-2","10":"product_cat-pro-psy-chovatelske-potreby-2","11":"pa_obchod-superzoo-cz","13":"first","14":"instock","15":"product-type-external","16":"entry","17":"content-bg","18":"loop-entry"},"acf":[],"yoast_head":"<!-- This site is optimized with the Yoast SEO plugin v27.4 - https:\/\/yoast.com\/product\/yoast-seo-wordpress\/ -->\n<title>Eukanuba Labrador Retriever 12kg - SHOPATOA.COM<\/title>\n<meta name=\"robots\" content=\"index, follow, max-snippet:-1, max-image-preview:large, max-video-preview:-1\" \/>\n<link rel=\"canonical\" href=\"https:\/\/shopatoa.com\/cz\/eukanuba-labrador-retriever-12kg\/\" \/>\n<meta property=\"og:locale\" content=\"cs_CZ\" \/>\n<meta property=\"og:type\" content=\"article\" \/>\n<meta property=\"og:title\" content=\"Eukanuba Labrador Retriever 12kg - SHOPATOA.COM\" \/>\n<meta property=\"og:description\" content=\"Kompletn\u00ed a vyv\u00e1\u017een\u00e9 krmivo pro Labradorsk\u00e9 retr\u00edvry od 1 roku. Je rovn\u011b\u017e vhodn\u00e9 pro Curly coated retr\u00edvry a Chesapeake Bay retr\u00edvry, kte\u0159\u00ed maj\u00ed stejn\u00e9 v\u00fd\u017eivov\u00e9 po\u017eadavky. Kompletn\u00ed a vyv\u00e1\u017een\u00e1 strava pro udr\u017een\u00ed zdrav\u00fdch kloub\u016f a kontrolu v\u00e1hy Labrador\u0161t\u00ed retr\u00edv\u0159i jsou mimo\u0159\u00e1dn\u011b obl\u00edben\u00fdm ps\u00edm plemenem, kter\u00e9 je jak m\u00edrn\u00e9, tak miluj\u00edc\u00ed. Pokud se pravideln\u011b nepohybuj\u00ed, mohou...\" \/>\n<meta property=\"og:url\" content=\"https:\/\/shopatoa.com\/cz\/eukanuba-labrador-retriever-12kg\/\" \/>\n<meta property=\"og:site_name\" content=\"SHOPATOA\" \/>\n<meta property=\"article:modified_time\" content=\"2025-04-26T00:34:27+00:00\" \/>\n<meta property=\"og:image\" content=\"https:\/\/storage.googleapis.com\/cz-shopatoa-img\/cz\/ddcd8cd2-1_78504.jpg\" \/>\n\t<meta property=\"og:image:width\" content=\"600\" \/>\n\t<meta property=\"og:image:height\" content=\"600\" \/>\n\t<meta property=\"og:image:type\" content=\"image\/jpeg\" \/>\n<meta name=\"twitter:card\" content=\"summary_large_image\" \/>\n<meta name=\"twitter:label1\" content=\"Odhadovan\u00e1 doba \u010dten\u00ed\" \/>\n\t<meta name=\"twitter:data1\" content=\"1 minuta\" \/>\n<script type=\"application\/ld+json\" class=\"yoast-schema-graph\">{\"@context\":\"https:\\\/\\\/schema.org\",\"@graph\":[{\"@type\":\"WebPage\",\"@id\":\"https:\\\/\\\/shopatoa.com\\\/cz\\\/eukanuba-labrador-retriever-12kg\\\/\",\"url\":\"https:\\\/\\\/shopatoa.com\\\/cz\\\/eukanuba-labrador-retriever-12kg\\\/\",\"name\":\"Eukanuba Labrador Retriever 12kg - SHOPATOA.COM\",\"isPartOf\":{\"@id\":\"https:\\\/\\\/shopatoa.com\\\/cz\\\/#website\"},\"primaryImageOfPage\":{\"@id\":\"https:\\\/\\\/shopatoa.com\\\/cz\\\/eukanuba-labrador-retriever-12kg\\\/#primaryimage\"},\"image\":{\"@id\":\"https:\\\/\\\/shopatoa.com\\\/cz\\\/eukanuba-labrador-retriever-12kg\\\/#primaryimage\"},\"thumbnailUrl\":\"https:\\\/\\\/storage.googleapis.com\\\/cz-shopatoa-img\\\/cz\\\/ddcd8cd2-1_78504.jpg\",\"datePublished\":\"2025-04-01T13:30:20+00:00\",\"dateModified\":\"2025-04-26T00:34:27+00:00\",\"breadcrumb\":{\"@id\":\"https:\\\/\\\/shopatoa.com\\\/cz\\\/eukanuba-labrador-retriever-12kg\\\/#breadcrumb\"},\"inLanguage\":\"cs\",\"potentialAction\":[{\"@type\":\"ReadAction\",\"target\":[\"https:\\\/\\\/shopatoa.com\\\/cz\\\/eukanuba-labrador-retriever-12kg\\\/\"]}]},{\"@type\":\"ImageObject\",\"inLanguage\":\"cs\",\"@id\":\"https:\\\/\\\/shopatoa.com\\\/cz\\\/eukanuba-labrador-retriever-12kg\\\/#primaryimage\",\"url\":\"https:\\\/\\\/storage.googleapis.com\\\/cz-shopatoa-img\\\/cz\\\/ddcd8cd2-1_78504.jpg\",\"contentUrl\":\"https:\\\/\\\/storage.googleapis.com\\\/cz-shopatoa-img\\\/cz\\\/ddcd8cd2-1_78504.jpg\",\"width\":600,\"height\":600},{\"@type\":\"BreadcrumbList\",\"@id\":\"https:\\\/\\\/shopatoa.com\\\/cz\\\/eukanuba-labrador-retriever-12kg\\\/#breadcrumb\",\"itemListElement\":[{\"@type\":\"ListItem\",\"position\":1,\"name\":\"Dom\u016f\",\"item\":\"https:\\\/\\\/shopatoa.com\\\/cz\\\/\"},{\"@type\":\"ListItem\",\"position\":2,\"name\":\"Produkty\",\"item\":\"https:\\\/\\\/shopatoa.com\\\/cz\\\/shop\\\/\"},{\"@type\":\"ListItem\",\"position\":3,\"name\":\"Chovatelsk\u00e9 pot\u0159eby\",\"item\":\"https:\\\/\\\/shopatoa.com\\\/cz\\\/chovatelske-potreby-2\\\/\"},{\"@type\":\"ListItem\",\"position\":4,\"name\":\"Pro psy\",\"item\":\"https:\\\/\\\/shopatoa.com\\\/cz\\\/pro-psy-chovatelske-potreby-2\\\/\"},{\"@type\":\"ListItem\",\"position\":5,\"name\":\"Krmivo pro psy\",\"item\":\"https:\\\/\\\/shopatoa.com\\\/cz\\\/krmivo-pro-psy-pro-psy-chovatelske-potreby-2\\\/\"},{\"@type\":\"ListItem\",\"position\":6,\"name\":\"Granule pro psy\",\"item\":\"https:\\\/\\\/shopatoa.com\\\/cz\\\/granule-pro-psy\\\/\"},{\"@type\":\"ListItem\",\"position\":7,\"name\":\"Eukanuba Labrador Retriever 12kg\"}]},{\"@type\":\"WebSite\",\"@id\":\"https:\\\/\\\/shopatoa.com\\\/cz\\\/#website\",\"url\":\"https:\\\/\\\/shopatoa.com\\\/cz\\\/\",\"name\":\"SHOPATOA\",\"description\":\"\",\"publisher\":{\"@id\":\"https:\\\/\\\/shopatoa.com\\\/cz\\\/#organization\"},\"potentialAction\":[{\"@type\":\"SearchAction\",\"target\":{\"@type\":\"EntryPoint\",\"urlTemplate\":\"https:\\\/\\\/shopatoa.com\\\/cz\\\/?s={search_term_string}\"},\"query-input\":{\"@type\":\"PropertyValueSpecification\",\"valueRequired\":true,\"valueName\":\"search_term_string\"}}],\"inLanguage\":\"cs\"},{\"@type\":\"Organization\",\"@id\":\"https:\\\/\\\/shopatoa.com\\\/cz\\\/#organization\",\"name\":\"SHOPATOA Digital s.r.o.\",\"url\":\"https:\\\/\\\/shopatoa.com\\\/cz\\\/\",\"logo\":{\"@type\":\"ImageObject\",\"inLanguage\":\"cs\",\"@id\":\"https:\\\/\\\/shopatoa.com\\\/cz\\\/#\\\/schema\\\/logo\\\/image\\\/\",\"url\":\"https:\\\/\\\/storage.googleapis.com\\\/cz-shopatoa-img\\\/cz\\\/ebccf434-shopatoa_logo.png\",\"contentUrl\":\"https:\\\/\\\/storage.googleapis.com\\\/cz-shopatoa-img\\\/cz\\\/ebccf434-shopatoa_logo.png\",\"width\":416,\"height\":63,\"caption\":\"SHOPATOA Digital s.r.o.\"},\"image\":{\"@id\":\"https:\\\/\\\/shopatoa.com\\\/cz\\\/#\\\/schema\\\/logo\\\/image\\\/\"}}]}<\/script>\n<!-- \/ Yoast SEO plugin. -->","yoast_head_json":{"title":"Eukanuba Labrador Retriever 12kg - SHOPATOA.COM","robots":{"index":"index","follow":"follow","max-snippet":"max-snippet:-1","max-image-preview":"max-image-preview:large","max-video-preview":"max-video-preview:-1"},"canonical":"https:\/\/shopatoa.com\/cz\/eukanuba-labrador-retriever-12kg\/","og_locale":"cs_CZ","og_type":"article","og_title":"Eukanuba Labrador Retriever 12kg - SHOPATOA.COM","og_description":"Kompletn\u00ed a vyv\u00e1\u017een\u00e9 krmivo pro Labradorsk\u00e9 retr\u00edvry od 1 roku. Je rovn\u011b\u017e vhodn\u00e9 pro Curly coated retr\u00edvry a Chesapeake Bay retr\u00edvry, kte\u0159\u00ed maj\u00ed stejn\u00e9 v\u00fd\u017eivov\u00e9 po\u017eadavky. Kompletn\u00ed a vyv\u00e1\u017een\u00e1 strava pro udr\u017een\u00ed zdrav\u00fdch kloub\u016f a kontrolu v\u00e1hy Labrador\u0161t\u00ed retr\u00edv\u0159i jsou mimo\u0159\u00e1dn\u011b obl\u00edben\u00fdm ps\u00edm plemenem, kter\u00e9 je jak m\u00edrn\u00e9, tak miluj\u00edc\u00ed. Pokud se pravideln\u011b nepohybuj\u00ed, mohou...","og_url":"https:\/\/shopatoa.com\/cz\/eukanuba-labrador-retriever-12kg\/","og_site_name":"SHOPATOA","article_modified_time":"2025-04-26T00:34:27+00:00","og_image":[{"width":600,"height":600,"url":"https:\/\/storage.googleapis.com\/cz-shopatoa-img\/cz\/ddcd8cd2-1_78504.jpg","type":"image\/jpeg"}],"twitter_card":"summary_large_image","twitter_misc":{"Odhadovan\u00e1 doba \u010dten\u00ed":"1 minuta"},"schema":{"@context":"https:\/\/schema.org","@graph":[{"@type":"WebPage","@id":"https:\/\/shopatoa.com\/cz\/eukanuba-labrador-retriever-12kg\/","url":"https:\/\/shopatoa.com\/cz\/eukanuba-labrador-retriever-12kg\/","name":"Eukanuba Labrador Retriever 12kg - SHOPATOA.COM","isPartOf":{"@id":"https:\/\/shopatoa.com\/cz\/#website"},"primaryImageOfPage":{"@id":"https:\/\/shopatoa.com\/cz\/eukanuba-labrador-retriever-12kg\/#primaryimage"},"image":{"@id":"https:\/\/shopatoa.com\/cz\/eukanuba-labrador-retriever-12kg\/#primaryimage"},"thumbnailUrl":"https:\/\/storage.googleapis.com\/cz-shopatoa-img\/cz\/ddcd8cd2-1_78504.jpg","datePublished":"2025-04-01T13:30:20+00:00","dateModified":"2025-04-26T00:34:27+00:00","breadcrumb":{"@id":"https:\/\/shopatoa.com\/cz\/eukanuba-labrador-retriever-12kg\/#breadcrumb"},"inLanguage":"cs","potentialAction":[{"@type":"ReadAction","target":["https:\/\/shopatoa.com\/cz\/eukanuba-labrador-retriever-12kg\/"]}]},{"@type":"ImageObject","inLanguage":"cs","@id":"https:\/\/shopatoa.com\/cz\/eukanuba-labrador-retriever-12kg\/#primaryimage","url":"https:\/\/storage.googleapis.com\/cz-shopatoa-img\/cz\/ddcd8cd2-1_78504.jpg","contentUrl":"https:\/\/storage.googleapis.com\/cz-shopatoa-img\/cz\/ddcd8cd2-1_78504.jpg","width":600,"height":600},{"@type":"BreadcrumbList","@id":"https:\/\/shopatoa.com\/cz\/eukanuba-labrador-retriever-12kg\/#breadcrumb","itemListElement":[{"@type":"ListItem","position":1,"name":"Dom\u016f","item":"https:\/\/shopatoa.com\/cz\/"},{"@type":"ListItem","position":2,"name":"Produkty","item":"https:\/\/shopatoa.com\/cz\/shop\/"},{"@type":"ListItem","position":3,"name":"Chovatelsk\u00e9 pot\u0159eby","item":"https:\/\/shopatoa.com\/cz\/chovatelske-potreby-2\/"},{"@type":"ListItem","position":4,"name":"Pro psy","item":"https:\/\/shopatoa.com\/cz\/pro-psy-chovatelske-potreby-2\/"},{"@type":"ListItem","position":5,"name":"Krmivo pro psy","item":"https:\/\/shopatoa.com\/cz\/krmivo-pro-psy-pro-psy-chovatelske-potreby-2\/"},{"@type":"ListItem","position":6,"name":"Granule pro psy","item":"https:\/\/shopatoa.com\/cz\/granule-pro-psy\/"},{"@type":"ListItem","position":7,"name":"Eukanuba Labrador Retriever 12kg"}]},{"@type":"WebSite","@id":"https:\/\/shopatoa.com\/cz\/#website","url":"https:\/\/shopatoa.com\/cz\/","name":"SHOPATOA","description":"","publisher":{"@id":"https:\/\/shopatoa.com\/cz\/#organization"},"potentialAction":[{"@type":"SearchAction","target":{"@type":"EntryPoint","urlTemplate":"https:\/\/shopatoa.com\/cz\/?s={search_term_string}"},"query-input":{"@type":"PropertyValueSpecification","valueRequired":true,"valueName":"search_term_string"}}],"inLanguage":"cs"},{"@type":"Organization","@id":"https:\/\/shopatoa.com\/cz\/#organization","name":"SHOPATOA Digital s.r.o.","url":"https:\/\/shopatoa.com\/cz\/","logo":{"@type":"ImageObject","inLanguage":"cs","@id":"https:\/\/shopatoa.com\/cz\/#\/schema\/logo\/image\/","url":"https:\/\/storage.googleapis.com\/cz-shopatoa-img\/cz\/ebccf434-shopatoa_logo.png","contentUrl":"https:\/\/storage.googleapis.com\/cz-shopatoa-img\/cz\/ebccf434-shopatoa_logo.png","width":416,"height":63,"caption":"SHOPATOA Digital s.r.o."},"image":{"@id":"https:\/\/shopatoa.com\/cz\/#\/schema\/logo\/image\/"}}]}},"_links":{"self":[{"href":"https:\/\/shopatoa.com\/cz\/wp-json\/wp\/v2\/product\/241107","targetHints":{"allow":["GET"]}}],"collection":[{"href":"https:\/\/shopatoa.com\/cz\/wp-json\/wp\/v2\/product"}],"about":[{"href":"https:\/\/shopatoa.com\/cz\/wp-json\/wp\/v2\/types\/product"}],"replies":[{"embeddable":true,"href":"https:\/\/shopatoa.com\/cz\/wp-json\/wp\/v2\/comments?post=241107"}],"wp:featuredmedia":[{"embeddable":true,"href":"https:\/\/shopatoa.com\/cz\/wp-json\/wp\/v2\/media\/241108"}],"wp:attachment":[{"href":"https:\/\/shopatoa.com\/cz\/wp-json\/wp\/v2\/media?parent=241107"}],"wp:term":[{"taxonomy":"product_brand","embeddable":true,"href":"https:\/\/shopatoa.com\/cz\/wp-json\/wp\/v2\/product_brand?post=241107"},{"taxonomy":"product_cat","embeddable":true,"href":"https:\/\/shopatoa.com\/cz\/wp-json\/wp\/v2\/product_cat?post=241107"},{"taxonomy":"product_tag","embeddable":true,"href":"https:\/\/shopatoa.com\/cz\/wp-json\/wp\/v2\/product_tag?post=241107"}],"curies":[{"name":"wp","href":"https:\/\/api.w.org\/{rel}","templated":true}]}}