{"id":241147,"date":"2025-04-01T15:32:13","date_gmt":"2025-04-01T13:32:13","guid":{"rendered":"https:\/\/shopatoa.com\/cz\/?post_type=product&#038;p=241147"},"modified":"2026-02-04T08:51:01","modified_gmt":"2026-02-04T07:51:01","slug":"pelety-jrs-pets-dream-paper-pure-10l","status":"publish","type":"product","link":"https:\/\/shopatoa.com\/cz\/pelety-jrs-pets-dream-paper-pure-10l\/","title":{"rendered":"Pelety JRS Pet\u00b4s Dream Paper Pure 10l"},"content":{"rendered":"<p>Pelety ze 100% recyklovan\u00fdch pap\u00edrov\u00fdch vl\u00e1ken.<\/p>\n<p>Podest\u00fdlka je vhodn\u00e1\u00a0pro kr\u00e1l\u00edky, ko\u010dky, fretky a jin\u00e1 drobn\u00e1 dom\u00e1c\u00ed zv\u00ed\u0159ata.<\/p>\n<p>Tyto pelety jsou \u0161etrn\u00e9 k \u017eivotn\u00edmu prost\u0159ed\u00ed, jeliko\u017e jsou vyrobeny z recyklovan\u00fdch p\u0159\u00edrodn\u00edch produkt\u016f a jsou 100% biologicky odbourateln\u00e9. Nas\u00e1kav\u00e9 stelivo s vysokou m\u00edru savosti (&gt;230%) efektivn\u011b v\u00e1\u017ee kapalinu a to zaji\u0161\u0165uje toaletu, klec nebo kotec such\u00fd. V\u00e1\u017ee pachy.<\/p>\n<p>Slo\u017een\u00ed: 100% recyklovan\u00e1 pap\u00edrov\u00e1 vl\u00e1kna, 100% biologicky rozlo\u017eiteln\u00e1.<\/p>\n<p>Pou\u017eit\u00ed: do toalety nebo klece nasypte vrstvu pelet cca 5 cm.<\/p>\n<p>Balen\u00ed:\u00a04,8\u00a0kg, 10\u00a0litr\u016f<\/p>\n","protected":false},"excerpt":{"rendered":"<p>Pelety ze 100% recyklovan\u00fdch pap\u00edrov\u00fdch vl\u00e1ken. Podest\u00fdlka je vhodn\u00e1\u00a0pro kr\u00e1l\u00edky, ko\u010dky, fretky a jin\u00e1 drobn\u00e1 dom\u00e1c\u00ed zv\u00ed\u0159ata. Tyto pelety jsou \u0161etrn\u00e9 k \u017eivotn\u00edmu prost\u0159ed\u00ed, jeliko\u017e jsou vyrobeny z recyklovan\u00fdch p\u0159\u00edrodn\u00edch produkt\u016f a jsou 100% biologicky odbourateln\u00e9. Nas\u00e1kav\u00e9 stelivo s vysokou m\u00edru savosti (&gt;230%) efektivn\u011b v\u00e1\u017ee kapalinu a to zaji\u0161\u0165uje toaletu, klec nebo kotec such\u00fd. V\u00e1\u017ee&#8230;<\/p>\n","protected":false},"featured_media":241148,"comment_status":"closed","ping_status":"open","template":"","meta":{"_acf_changed":false,"_kadence_starter_templates_imported_post":false,"_kad_post_transparent":"","_kad_post_title":"","_kad_post_layout":"","_kad_post_sidebar_id":"","_kad_post_content_style":"","_kad_post_vertical_padding":"","_kad_post_feature":"","_kad_post_feature_position":"","_kad_post_header":false,"_kad_post_footer":false,"_kad_post_classname":""},"product_brand":[2572],"product_cat":[436,2502,2503,2501],"product_tag":[],"class_list":{"0":"post-241147","1":"product","2":"type-product","3":"status-publish","4":"has-post-thumbnail","6":"product_brand-pets-dream","7":"product_cat-chovatelske-potreby-2","8":"product_cat-hygiena-a-kosmetika-pro-hlodavce","9":"product_cat-podestylky-pro-hlodavce","10":"product_cat-pro-hlodavce","11":"pa_obchod-superzoo-cz","13":"first","14":"instock","15":"product-type-external","16":"entry","17":"content-bg","18":"loop-entry"},"acf":[],"yoast_head":"<!-- This site is optimized with the Yoast SEO plugin v27.4 - https:\/\/yoast.com\/product\/yoast-seo-wordpress\/ -->\n<title>Pelety JRS Pet\u00b4s Dream Paper Pure 10l - SHOPATOA.COM<\/title>\n<meta name=\"robots\" content=\"index, follow, max-snippet:-1, max-image-preview:large, max-video-preview:-1\" \/>\n<link rel=\"canonical\" href=\"https:\/\/shopatoa.com\/cz\/pelety-jrs-pets-dream-paper-pure-10l\/\" \/>\n<meta property=\"og:locale\" content=\"cs_CZ\" \/>\n<meta property=\"og:type\" content=\"article\" \/>\n<meta property=\"og:title\" content=\"Pelety JRS Pet\u00b4s Dream Paper Pure 10l - SHOPATOA.COM\" \/>\n<meta property=\"og:description\" content=\"Pelety ze 100% recyklovan\u00fdch pap\u00edrov\u00fdch vl\u00e1ken. Podest\u00fdlka je vhodn\u00e1\u00a0pro kr\u00e1l\u00edky, ko\u010dky, fretky a jin\u00e1 drobn\u00e1 dom\u00e1c\u00ed zv\u00ed\u0159ata. Tyto pelety jsou \u0161etrn\u00e9 k \u017eivotn\u00edmu prost\u0159ed\u00ed, jeliko\u017e jsou vyrobeny z recyklovan\u00fdch p\u0159\u00edrodn\u00edch produkt\u016f a jsou 100% biologicky odbourateln\u00e9. Nas\u00e1kav\u00e9 stelivo s vysokou m\u00edru savosti (&gt;230%) efektivn\u011b v\u00e1\u017ee kapalinu a to zaji\u0161\u0165uje toaletu, klec nebo kotec such\u00fd. V\u00e1\u017ee...\" \/>\n<meta property=\"og:url\" content=\"https:\/\/shopatoa.com\/cz\/pelety-jrs-pets-dream-paper-pure-10l\/\" \/>\n<meta property=\"og:site_name\" content=\"SHOPATOA\" \/>\n<meta property=\"article:modified_time\" content=\"2026-02-04T07:51:01+00:00\" \/>\n<meta property=\"og:image\" content=\"https:\/\/storage.googleapis.com\/cz-shopatoa-img\/cz\/47a19d48-1_90474.jpg\" \/>\n\t<meta property=\"og:image:width\" content=\"600\" \/>\n\t<meta property=\"og:image:height\" content=\"600\" \/>\n\t<meta property=\"og:image:type\" content=\"image\/jpeg\" \/>\n<meta name=\"twitter:card\" content=\"summary_large_image\" \/>\n<script type=\"application\/ld+json\" class=\"yoast-schema-graph\">{\"@context\":\"https:\\\/\\\/schema.org\",\"@graph\":[{\"@type\":\"WebPage\",\"@id\":\"https:\\\/\\\/shopatoa.com\\\/cz\\\/pelety-jrs-pets-dream-paper-pure-10l\\\/\",\"url\":\"https:\\\/\\\/shopatoa.com\\\/cz\\\/pelety-jrs-pets-dream-paper-pure-10l\\\/\",\"name\":\"Pelety JRS Pet\u00b4s Dream Paper Pure 10l - SHOPATOA.COM\",\"isPartOf\":{\"@id\":\"https:\\\/\\\/shopatoa.com\\\/cz\\\/#website\"},\"primaryImageOfPage\":{\"@id\":\"https:\\\/\\\/shopatoa.com\\\/cz\\\/pelety-jrs-pets-dream-paper-pure-10l\\\/#primaryimage\"},\"image\":{\"@id\":\"https:\\\/\\\/shopatoa.com\\\/cz\\\/pelety-jrs-pets-dream-paper-pure-10l\\\/#primaryimage\"},\"thumbnailUrl\":\"https:\\\/\\\/storage.googleapis.com\\\/cz-shopatoa-img\\\/cz\\\/47a19d48-1_90474.jpg\",\"datePublished\":\"2025-04-01T13:32:13+00:00\",\"dateModified\":\"2026-02-04T07:51:01+00:00\",\"breadcrumb\":{\"@id\":\"https:\\\/\\\/shopatoa.com\\\/cz\\\/pelety-jrs-pets-dream-paper-pure-10l\\\/#breadcrumb\"},\"inLanguage\":\"cs\",\"potentialAction\":[{\"@type\":\"ReadAction\",\"target\":[\"https:\\\/\\\/shopatoa.com\\\/cz\\\/pelety-jrs-pets-dream-paper-pure-10l\\\/\"]}]},{\"@type\":\"ImageObject\",\"inLanguage\":\"cs\",\"@id\":\"https:\\\/\\\/shopatoa.com\\\/cz\\\/pelety-jrs-pets-dream-paper-pure-10l\\\/#primaryimage\",\"url\":\"https:\\\/\\\/storage.googleapis.com\\\/cz-shopatoa-img\\\/cz\\\/47a19d48-1_90474.jpg\",\"contentUrl\":\"https:\\\/\\\/storage.googleapis.com\\\/cz-shopatoa-img\\\/cz\\\/47a19d48-1_90474.jpg\",\"width\":600,\"height\":600},{\"@type\":\"BreadcrumbList\",\"@id\":\"https:\\\/\\\/shopatoa.com\\\/cz\\\/pelety-jrs-pets-dream-paper-pure-10l\\\/#breadcrumb\",\"itemListElement\":[{\"@type\":\"ListItem\",\"position\":1,\"name\":\"Dom\u016f\",\"item\":\"https:\\\/\\\/shopatoa.com\\\/cz\\\/\"},{\"@type\":\"ListItem\",\"position\":2,\"name\":\"Produkty\",\"item\":\"https:\\\/\\\/shopatoa.com\\\/cz\\\/shop\\\/\"},{\"@type\":\"ListItem\",\"position\":3,\"name\":\"Chovatelsk\u00e9 pot\u0159eby\",\"item\":\"https:\\\/\\\/shopatoa.com\\\/cz\\\/chovatelske-potreby-2\\\/\"},{\"@type\":\"ListItem\",\"position\":4,\"name\":\"Pro hlodavce\",\"item\":\"https:\\\/\\\/shopatoa.com\\\/cz\\\/pro-hlodavce\\\/\"},{\"@type\":\"ListItem\",\"position\":5,\"name\":\"Hygiena a kosmetika pro hlodavce\",\"item\":\"https:\\\/\\\/shopatoa.com\\\/cz\\\/hygiena-a-kosmetika-pro-hlodavce\\\/\"},{\"@type\":\"ListItem\",\"position\":6,\"name\":\"Podest\u00fdlky pro hlodavce\",\"item\":\"https:\\\/\\\/shopatoa.com\\\/cz\\\/podestylky-pro-hlodavce\\\/\"},{\"@type\":\"ListItem\",\"position\":7,\"name\":\"Pelety JRS Pet\u00b4s Dream Paper Pure 10l\"}]},{\"@type\":\"WebSite\",\"@id\":\"https:\\\/\\\/shopatoa.com\\\/cz\\\/#website\",\"url\":\"https:\\\/\\\/shopatoa.com\\\/cz\\\/\",\"name\":\"SHOPATOA\",\"description\":\"\",\"publisher\":{\"@id\":\"https:\\\/\\\/shopatoa.com\\\/cz\\\/#organization\"},\"potentialAction\":[{\"@type\":\"SearchAction\",\"target\":{\"@type\":\"EntryPoint\",\"urlTemplate\":\"https:\\\/\\\/shopatoa.com\\\/cz\\\/?s={search_term_string}\"},\"query-input\":{\"@type\":\"PropertyValueSpecification\",\"valueRequired\":true,\"valueName\":\"search_term_string\"}}],\"inLanguage\":\"cs\"},{\"@type\":\"Organization\",\"@id\":\"https:\\\/\\\/shopatoa.com\\\/cz\\\/#organization\",\"name\":\"SHOPATOA Digital s.r.o.\",\"url\":\"https:\\\/\\\/shopatoa.com\\\/cz\\\/\",\"logo\":{\"@type\":\"ImageObject\",\"inLanguage\":\"cs\",\"@id\":\"https:\\\/\\\/shopatoa.com\\\/cz\\\/#\\\/schema\\\/logo\\\/image\\\/\",\"url\":\"https:\\\/\\\/storage.googleapis.com\\\/cz-shopatoa-img\\\/cz\\\/ebccf434-shopatoa_logo.png\",\"contentUrl\":\"https:\\\/\\\/storage.googleapis.com\\\/cz-shopatoa-img\\\/cz\\\/ebccf434-shopatoa_logo.png\",\"width\":416,\"height\":63,\"caption\":\"SHOPATOA Digital s.r.o.\"},\"image\":{\"@id\":\"https:\\\/\\\/shopatoa.com\\\/cz\\\/#\\\/schema\\\/logo\\\/image\\\/\"}}]}<\/script>\n<!-- \/ Yoast SEO plugin. -->","yoast_head_json":{"title":"Pelety JRS Pet\u00b4s Dream Paper Pure 10l - SHOPATOA.COM","robots":{"index":"index","follow":"follow","max-snippet":"max-snippet:-1","max-image-preview":"max-image-preview:large","max-video-preview":"max-video-preview:-1"},"canonical":"https:\/\/shopatoa.com\/cz\/pelety-jrs-pets-dream-paper-pure-10l\/","og_locale":"cs_CZ","og_type":"article","og_title":"Pelety JRS Pet\u00b4s Dream Paper Pure 10l - SHOPATOA.COM","og_description":"Pelety ze 100% recyklovan\u00fdch pap\u00edrov\u00fdch vl\u00e1ken. Podest\u00fdlka je vhodn\u00e1\u00a0pro kr\u00e1l\u00edky, ko\u010dky, fretky a jin\u00e1 drobn\u00e1 dom\u00e1c\u00ed zv\u00ed\u0159ata. Tyto pelety jsou \u0161etrn\u00e9 k \u017eivotn\u00edmu prost\u0159ed\u00ed, jeliko\u017e jsou vyrobeny z recyklovan\u00fdch p\u0159\u00edrodn\u00edch produkt\u016f a jsou 100% biologicky odbourateln\u00e9. Nas\u00e1kav\u00e9 stelivo s vysokou m\u00edru savosti (&gt;230%) efektivn\u011b v\u00e1\u017ee kapalinu a to zaji\u0161\u0165uje toaletu, klec nebo kotec such\u00fd. V\u00e1\u017ee...","og_url":"https:\/\/shopatoa.com\/cz\/pelety-jrs-pets-dream-paper-pure-10l\/","og_site_name":"SHOPATOA","article_modified_time":"2026-02-04T07:51:01+00:00","og_image":[{"width":600,"height":600,"url":"https:\/\/storage.googleapis.com\/cz-shopatoa-img\/cz\/47a19d48-1_90474.jpg","type":"image\/jpeg"}],"twitter_card":"summary_large_image","schema":{"@context":"https:\/\/schema.org","@graph":[{"@type":"WebPage","@id":"https:\/\/shopatoa.com\/cz\/pelety-jrs-pets-dream-paper-pure-10l\/","url":"https:\/\/shopatoa.com\/cz\/pelety-jrs-pets-dream-paper-pure-10l\/","name":"Pelety JRS Pet\u00b4s Dream Paper Pure 10l - SHOPATOA.COM","isPartOf":{"@id":"https:\/\/shopatoa.com\/cz\/#website"},"primaryImageOfPage":{"@id":"https:\/\/shopatoa.com\/cz\/pelety-jrs-pets-dream-paper-pure-10l\/#primaryimage"},"image":{"@id":"https:\/\/shopatoa.com\/cz\/pelety-jrs-pets-dream-paper-pure-10l\/#primaryimage"},"thumbnailUrl":"https:\/\/storage.googleapis.com\/cz-shopatoa-img\/cz\/47a19d48-1_90474.jpg","datePublished":"2025-04-01T13:32:13+00:00","dateModified":"2026-02-04T07:51:01+00:00","breadcrumb":{"@id":"https:\/\/shopatoa.com\/cz\/pelety-jrs-pets-dream-paper-pure-10l\/#breadcrumb"},"inLanguage":"cs","potentialAction":[{"@type":"ReadAction","target":["https:\/\/shopatoa.com\/cz\/pelety-jrs-pets-dream-paper-pure-10l\/"]}]},{"@type":"ImageObject","inLanguage":"cs","@id":"https:\/\/shopatoa.com\/cz\/pelety-jrs-pets-dream-paper-pure-10l\/#primaryimage","url":"https:\/\/storage.googleapis.com\/cz-shopatoa-img\/cz\/47a19d48-1_90474.jpg","contentUrl":"https:\/\/storage.googleapis.com\/cz-shopatoa-img\/cz\/47a19d48-1_90474.jpg","width":600,"height":600},{"@type":"BreadcrumbList","@id":"https:\/\/shopatoa.com\/cz\/pelety-jrs-pets-dream-paper-pure-10l\/#breadcrumb","itemListElement":[{"@type":"ListItem","position":1,"name":"Dom\u016f","item":"https:\/\/shopatoa.com\/cz\/"},{"@type":"ListItem","position":2,"name":"Produkty","item":"https:\/\/shopatoa.com\/cz\/shop\/"},{"@type":"ListItem","position":3,"name":"Chovatelsk\u00e9 pot\u0159eby","item":"https:\/\/shopatoa.com\/cz\/chovatelske-potreby-2\/"},{"@type":"ListItem","position":4,"name":"Pro hlodavce","item":"https:\/\/shopatoa.com\/cz\/pro-hlodavce\/"},{"@type":"ListItem","position":5,"name":"Hygiena a kosmetika pro hlodavce","item":"https:\/\/shopatoa.com\/cz\/hygiena-a-kosmetika-pro-hlodavce\/"},{"@type":"ListItem","position":6,"name":"Podest\u00fdlky pro hlodavce","item":"https:\/\/shopatoa.com\/cz\/podestylky-pro-hlodavce\/"},{"@type":"ListItem","position":7,"name":"Pelety JRS Pet\u00b4s Dream Paper Pure 10l"}]},{"@type":"WebSite","@id":"https:\/\/shopatoa.com\/cz\/#website","url":"https:\/\/shopatoa.com\/cz\/","name":"SHOPATOA","description":"","publisher":{"@id":"https:\/\/shopatoa.com\/cz\/#organization"},"potentialAction":[{"@type":"SearchAction","target":{"@type":"EntryPoint","urlTemplate":"https:\/\/shopatoa.com\/cz\/?s={search_term_string}"},"query-input":{"@type":"PropertyValueSpecification","valueRequired":true,"valueName":"search_term_string"}}],"inLanguage":"cs"},{"@type":"Organization","@id":"https:\/\/shopatoa.com\/cz\/#organization","name":"SHOPATOA Digital s.r.o.","url":"https:\/\/shopatoa.com\/cz\/","logo":{"@type":"ImageObject","inLanguage":"cs","@id":"https:\/\/shopatoa.com\/cz\/#\/schema\/logo\/image\/","url":"https:\/\/storage.googleapis.com\/cz-shopatoa-img\/cz\/ebccf434-shopatoa_logo.png","contentUrl":"https:\/\/storage.googleapis.com\/cz-shopatoa-img\/cz\/ebccf434-shopatoa_logo.png","width":416,"height":63,"caption":"SHOPATOA Digital s.r.o."},"image":{"@id":"https:\/\/shopatoa.com\/cz\/#\/schema\/logo\/image\/"}}]}},"_links":{"self":[{"href":"https:\/\/shopatoa.com\/cz\/wp-json\/wp\/v2\/product\/241147","targetHints":{"allow":["GET"]}}],"collection":[{"href":"https:\/\/shopatoa.com\/cz\/wp-json\/wp\/v2\/product"}],"about":[{"href":"https:\/\/shopatoa.com\/cz\/wp-json\/wp\/v2\/types\/product"}],"replies":[{"embeddable":true,"href":"https:\/\/shopatoa.com\/cz\/wp-json\/wp\/v2\/comments?post=241147"}],"wp:featuredmedia":[{"embeddable":true,"href":"https:\/\/shopatoa.com\/cz\/wp-json\/wp\/v2\/media\/241148"}],"wp:attachment":[{"href":"https:\/\/shopatoa.com\/cz\/wp-json\/wp\/v2\/media?parent=241147"}],"wp:term":[{"taxonomy":"product_brand","embeddable":true,"href":"https:\/\/shopatoa.com\/cz\/wp-json\/wp\/v2\/product_brand?post=241147"},{"taxonomy":"product_cat","embeddable":true,"href":"https:\/\/shopatoa.com\/cz\/wp-json\/wp\/v2\/product_cat?post=241147"},{"taxonomy":"product_tag","embeddable":true,"href":"https:\/\/shopatoa.com\/cz\/wp-json\/wp\/v2\/product_tag?post=241147"}],"curies":[{"name":"wp","href":"https:\/\/api.w.org\/{rel}","templated":true}]}}