{"id":241167,"date":"2025-04-01T15:33:38","date_gmt":"2025-04-01T13:33:38","guid":{"rendered":"https:\/\/shopatoa.com\/cz\/?post_type=product&#038;p=241167"},"modified":"2025-04-26T02:32:14","modified_gmt":"2025-04-26T00:32:14","slug":"interierovy-odpuzovac-kocek-beaphar-stop-it-cat-100-ml","status":"publish","type":"product","link":"https:\/\/shopatoa.com\/cz\/interierovy-odpuzovac-kocek-beaphar-stop-it-cat-100-ml\/","title":{"rendered":"Interi\u00e9rov\u00fd odpuzova\u010d ko\u010dek Beaphar Stop It Cat 100 ml"},"content":{"rendered":"<p>Stop It Cat je speci\u00e1ln\u011b vyvinut\u00fd interi\u00e9rov\u00fd sprej, kter\u00fd udr\u017e\u00ed ko\u010dky z dosahu m\u00edst, kde je jejich p\u0159\u00edtomnost ne\u017e\u00e1douc\u00ed. <\/p>\n<p>\tV\u016fn\u011b p\u0159\u00edpravku je\u00a0pro ko\u010dky nep\u0159\u00edjemn\u00e1<br \/>\n\tP\u0159\u00edpravek\u00a0nen\u00ed nijak nebezpe\u010dn\u00fd ani zdrav\u00ed \u0161kodliv\u00fd<\/p>\n<p>N\u00e1vod k pou\u017eit\u00ed: Nast\u0159\u00edkejte po\u017eadovan\u00e1 m\u00edsta ze vzd\u00e1lenosti 30 cm, opakujte ka\u017ed\u00fdch 24 hodin dokud se va\u0161e ko\u010dka nenau\u010d\u00ed vyh\u00fdbat t\u011bmto m\u00edst\u016fm.<\/p>\n<p>Obsahuje citronelal, geraniol, citronelol.<\/p>\n<p>M\u016f\u017ee zp\u016fsobit alergick\u00e9 reakce.<\/p>\n<p>Bezpe\u010dnostn\u00ed opat\u0159en\u00ed: neaplikujte na zv\u00ed\u0159ata a rostliny! Pou\u017e\u00edvejte pouze v\u00a0dob\u0159e v\u011btran\u00fdch prostorech. Skladujte p\u0159i pokojov\u00e9 teplot\u011b na such\u00e9m a tmav\u00e9m m\u00edst\u011b mimo dosah d\u011bt\u00ed. M\u016f\u017ee zp\u016fsobit alergick\u00e9 reakce.<\/p>\n","protected":false},"excerpt":{"rendered":"<p>Stop It Cat je speci\u00e1ln\u011b vyvinut\u00fd interi\u00e9rov\u00fd sprej, kter\u00fd udr\u017e\u00ed ko\u010dky z dosahu m\u00edst, kde je jejich p\u0159\u00edtomnost ne\u017e\u00e1douc\u00ed. V\u016fn\u011b p\u0159\u00edpravku je\u00a0pro ko\u010dky nep\u0159\u00edjemn\u00e1 P\u0159\u00edpravek\u00a0nen\u00ed nijak nebezpe\u010dn\u00fd ani zdrav\u00ed \u0161kodliv\u00fd N\u00e1vod k pou\u017eit\u00ed: Nast\u0159\u00edkejte po\u017eadovan\u00e1 m\u00edsta ze vzd\u00e1lenosti 30 cm, opakujte ka\u017ed\u00fdch 24 hodin dokud se va\u0161e ko\u010dka nenau\u010d\u00ed vyh\u00fdbat t\u011bmto m\u00edst\u016fm. Obsahuje citronelal, geraniol,&#8230;<\/p>\n","protected":false},"featured_media":241168,"comment_status":"closed","ping_status":"open","template":"","meta":{"_acf_changed":false,"_kadence_starter_templates_imported_post":false,"_kad_post_transparent":"","_kad_post_title":"","_kad_post_layout":"","_kad_post_sidebar_id":"","_kad_post_content_style":"","_kad_post_vertical_padding":"","_kad_post_feature":"","_kad_post_feature_position":"","_kad_post_header":false,"_kad_post_footer":false,"_kad_post_classname":""},"product_brand":[2037],"product_cat":[683,2580,2579],"product_tag":[],"class_list":{"0":"post-241167","1":"product","2":"type-product","3":"status-publish","4":"has-post-thumbnail","6":"product_brand-beaphar","7":"product_cat-dilna-stavba-zahrada","8":"product_cat-lapace-a-odpuzovace","9":"product_cat-zahrada-dilna-stavba-zahrada","10":"pa_obchod-superzoo-cz","12":"first","13":"instock","14":"product-type-external","15":"entry","16":"content-bg","17":"loop-entry"},"acf":[],"yoast_head":"<!-- This site is optimized with the Yoast SEO plugin v27.4 - https:\/\/yoast.com\/product\/yoast-seo-wordpress\/ -->\n<title>Interi\u00e9rov\u00fd odpuzova\u010d ko\u010dek Beaphar Stop It Cat 100 ml - SHOPATOA.COM<\/title>\n<meta name=\"robots\" content=\"index, follow, max-snippet:-1, max-image-preview:large, max-video-preview:-1\" \/>\n<link rel=\"canonical\" href=\"https:\/\/shopatoa.com\/cz\/interierovy-odpuzovac-kocek-beaphar-stop-it-cat-100-ml\/\" \/>\n<meta property=\"og:locale\" content=\"cs_CZ\" \/>\n<meta property=\"og:type\" content=\"article\" \/>\n<meta property=\"og:title\" content=\"Interi\u00e9rov\u00fd odpuzova\u010d ko\u010dek Beaphar Stop It Cat 100 ml - SHOPATOA.COM\" \/>\n<meta property=\"og:description\" content=\"Stop It Cat je speci\u00e1ln\u011b vyvinut\u00fd interi\u00e9rov\u00fd sprej, kter\u00fd udr\u017e\u00ed ko\u010dky z dosahu m\u00edst, kde je jejich p\u0159\u00edtomnost ne\u017e\u00e1douc\u00ed. V\u016fn\u011b p\u0159\u00edpravku je\u00a0pro ko\u010dky nep\u0159\u00edjemn\u00e1 P\u0159\u00edpravek\u00a0nen\u00ed nijak nebezpe\u010dn\u00fd ani zdrav\u00ed \u0161kodliv\u00fd N\u00e1vod k pou\u017eit\u00ed: Nast\u0159\u00edkejte po\u017eadovan\u00e1 m\u00edsta ze vzd\u00e1lenosti 30 cm, opakujte ka\u017ed\u00fdch 24 hodin dokud se va\u0161e ko\u010dka nenau\u010d\u00ed vyh\u00fdbat t\u011bmto m\u00edst\u016fm. Obsahuje citronelal, geraniol,...\" \/>\n<meta property=\"og:url\" content=\"https:\/\/shopatoa.com\/cz\/interierovy-odpuzovac-kocek-beaphar-stop-it-cat-100-ml\/\" \/>\n<meta property=\"og:site_name\" content=\"SHOPATOA\" \/>\n<meta property=\"article:modified_time\" content=\"2025-04-26T00:32:14+00:00\" \/>\n<meta property=\"og:image\" content=\"https:\/\/storage.googleapis.com\/cz-shopatoa-img\/cz\/b1cf72ca-1_40386.jpg\" \/>\n\t<meta property=\"og:image:width\" content=\"600\" \/>\n\t<meta property=\"og:image:height\" content=\"600\" \/>\n\t<meta property=\"og:image:type\" content=\"image\/jpeg\" \/>\n<meta name=\"twitter:card\" content=\"summary_large_image\" \/>\n<meta name=\"twitter:label1\" content=\"Odhadovan\u00e1 doba \u010dten\u00ed\" \/>\n\t<meta name=\"twitter:data1\" content=\"1 minuta\" \/>\n<script type=\"application\/ld+json\" class=\"yoast-schema-graph\">{\"@context\":\"https:\\\/\\\/schema.org\",\"@graph\":[{\"@type\":\"WebPage\",\"@id\":\"https:\\\/\\\/shopatoa.com\\\/cz\\\/interierovy-odpuzovac-kocek-beaphar-stop-it-cat-100-ml\\\/\",\"url\":\"https:\\\/\\\/shopatoa.com\\\/cz\\\/interierovy-odpuzovac-kocek-beaphar-stop-it-cat-100-ml\\\/\",\"name\":\"Interi\u00e9rov\u00fd odpuzova\u010d ko\u010dek Beaphar Stop It Cat 100 ml - SHOPATOA.COM\",\"isPartOf\":{\"@id\":\"https:\\\/\\\/shopatoa.com\\\/cz\\\/#website\"},\"primaryImageOfPage\":{\"@id\":\"https:\\\/\\\/shopatoa.com\\\/cz\\\/interierovy-odpuzovac-kocek-beaphar-stop-it-cat-100-ml\\\/#primaryimage\"},\"image\":{\"@id\":\"https:\\\/\\\/shopatoa.com\\\/cz\\\/interierovy-odpuzovac-kocek-beaphar-stop-it-cat-100-ml\\\/#primaryimage\"},\"thumbnailUrl\":\"https:\\\/\\\/storage.googleapis.com\\\/cz-shopatoa-img\\\/cz\\\/b1cf72ca-1_40386.jpg\",\"datePublished\":\"2025-04-01T13:33:38+00:00\",\"dateModified\":\"2025-04-26T00:32:14+00:00\",\"breadcrumb\":{\"@id\":\"https:\\\/\\\/shopatoa.com\\\/cz\\\/interierovy-odpuzovac-kocek-beaphar-stop-it-cat-100-ml\\\/#breadcrumb\"},\"inLanguage\":\"cs\",\"potentialAction\":[{\"@type\":\"ReadAction\",\"target\":[\"https:\\\/\\\/shopatoa.com\\\/cz\\\/interierovy-odpuzovac-kocek-beaphar-stop-it-cat-100-ml\\\/\"]}]},{\"@type\":\"ImageObject\",\"inLanguage\":\"cs\",\"@id\":\"https:\\\/\\\/shopatoa.com\\\/cz\\\/interierovy-odpuzovac-kocek-beaphar-stop-it-cat-100-ml\\\/#primaryimage\",\"url\":\"https:\\\/\\\/storage.googleapis.com\\\/cz-shopatoa-img\\\/cz\\\/b1cf72ca-1_40386.jpg\",\"contentUrl\":\"https:\\\/\\\/storage.googleapis.com\\\/cz-shopatoa-img\\\/cz\\\/b1cf72ca-1_40386.jpg\",\"width\":600,\"height\":600},{\"@type\":\"BreadcrumbList\",\"@id\":\"https:\\\/\\\/shopatoa.com\\\/cz\\\/interierovy-odpuzovac-kocek-beaphar-stop-it-cat-100-ml\\\/#breadcrumb\",\"itemListElement\":[{\"@type\":\"ListItem\",\"position\":1,\"name\":\"Dom\u016f\",\"item\":\"https:\\\/\\\/shopatoa.com\\\/cz\\\/\"},{\"@type\":\"ListItem\",\"position\":2,\"name\":\"Produkty\",\"item\":\"https:\\\/\\\/shopatoa.com\\\/cz\\\/shop\\\/\"},{\"@type\":\"ListItem\",\"position\":3,\"name\":\"D\u00edlna, stavba, zahrada\",\"item\":\"https:\\\/\\\/shopatoa.com\\\/cz\\\/dilna-stavba-zahrada\\\/\"},{\"@type\":\"ListItem\",\"position\":4,\"name\":\"Zahrada\",\"item\":\"https:\\\/\\\/shopatoa.com\\\/cz\\\/zahrada-dilna-stavba-zahrada\\\/\"},{\"@type\":\"ListItem\",\"position\":5,\"name\":\"Lapa\u010de a odpuzova\u010de\",\"item\":\"https:\\\/\\\/shopatoa.com\\\/cz\\\/lapace-a-odpuzovace\\\/\"},{\"@type\":\"ListItem\",\"position\":6,\"name\":\"Interi\u00e9rov\u00fd odpuzova\u010d ko\u010dek Beaphar Stop It Cat 100 ml\"}]},{\"@type\":\"WebSite\",\"@id\":\"https:\\\/\\\/shopatoa.com\\\/cz\\\/#website\",\"url\":\"https:\\\/\\\/shopatoa.com\\\/cz\\\/\",\"name\":\"SHOPATOA\",\"description\":\"\",\"publisher\":{\"@id\":\"https:\\\/\\\/shopatoa.com\\\/cz\\\/#organization\"},\"potentialAction\":[{\"@type\":\"SearchAction\",\"target\":{\"@type\":\"EntryPoint\",\"urlTemplate\":\"https:\\\/\\\/shopatoa.com\\\/cz\\\/?s={search_term_string}\"},\"query-input\":{\"@type\":\"PropertyValueSpecification\",\"valueRequired\":true,\"valueName\":\"search_term_string\"}}],\"inLanguage\":\"cs\"},{\"@type\":\"Organization\",\"@id\":\"https:\\\/\\\/shopatoa.com\\\/cz\\\/#organization\",\"name\":\"SHOPATOA Digital s.r.o.\",\"url\":\"https:\\\/\\\/shopatoa.com\\\/cz\\\/\",\"logo\":{\"@type\":\"ImageObject\",\"inLanguage\":\"cs\",\"@id\":\"https:\\\/\\\/shopatoa.com\\\/cz\\\/#\\\/schema\\\/logo\\\/image\\\/\",\"url\":\"https:\\\/\\\/storage.googleapis.com\\\/cz-shopatoa-img\\\/cz\\\/ebccf434-shopatoa_logo.png\",\"contentUrl\":\"https:\\\/\\\/storage.googleapis.com\\\/cz-shopatoa-img\\\/cz\\\/ebccf434-shopatoa_logo.png\",\"width\":416,\"height\":63,\"caption\":\"SHOPATOA Digital s.r.o.\"},\"image\":{\"@id\":\"https:\\\/\\\/shopatoa.com\\\/cz\\\/#\\\/schema\\\/logo\\\/image\\\/\"}}]}<\/script>\n<!-- \/ Yoast SEO plugin. -->","yoast_head_json":{"title":"Interi\u00e9rov\u00fd odpuzova\u010d ko\u010dek Beaphar Stop It Cat 100 ml - SHOPATOA.COM","robots":{"index":"index","follow":"follow","max-snippet":"max-snippet:-1","max-image-preview":"max-image-preview:large","max-video-preview":"max-video-preview:-1"},"canonical":"https:\/\/shopatoa.com\/cz\/interierovy-odpuzovac-kocek-beaphar-stop-it-cat-100-ml\/","og_locale":"cs_CZ","og_type":"article","og_title":"Interi\u00e9rov\u00fd odpuzova\u010d ko\u010dek Beaphar Stop It Cat 100 ml - SHOPATOA.COM","og_description":"Stop It Cat je speci\u00e1ln\u011b vyvinut\u00fd interi\u00e9rov\u00fd sprej, kter\u00fd udr\u017e\u00ed ko\u010dky z dosahu m\u00edst, kde je jejich p\u0159\u00edtomnost ne\u017e\u00e1douc\u00ed. V\u016fn\u011b p\u0159\u00edpravku je\u00a0pro ko\u010dky nep\u0159\u00edjemn\u00e1 P\u0159\u00edpravek\u00a0nen\u00ed nijak nebezpe\u010dn\u00fd ani zdrav\u00ed \u0161kodliv\u00fd N\u00e1vod k pou\u017eit\u00ed: Nast\u0159\u00edkejte po\u017eadovan\u00e1 m\u00edsta ze vzd\u00e1lenosti 30 cm, opakujte ka\u017ed\u00fdch 24 hodin dokud se va\u0161e ko\u010dka nenau\u010d\u00ed vyh\u00fdbat t\u011bmto m\u00edst\u016fm. Obsahuje citronelal, geraniol,...","og_url":"https:\/\/shopatoa.com\/cz\/interierovy-odpuzovac-kocek-beaphar-stop-it-cat-100-ml\/","og_site_name":"SHOPATOA","article_modified_time":"2025-04-26T00:32:14+00:00","og_image":[{"width":600,"height":600,"url":"https:\/\/storage.googleapis.com\/cz-shopatoa-img\/cz\/b1cf72ca-1_40386.jpg","type":"image\/jpeg"}],"twitter_card":"summary_large_image","twitter_misc":{"Odhadovan\u00e1 doba \u010dten\u00ed":"1 minuta"},"schema":{"@context":"https:\/\/schema.org","@graph":[{"@type":"WebPage","@id":"https:\/\/shopatoa.com\/cz\/interierovy-odpuzovac-kocek-beaphar-stop-it-cat-100-ml\/","url":"https:\/\/shopatoa.com\/cz\/interierovy-odpuzovac-kocek-beaphar-stop-it-cat-100-ml\/","name":"Interi\u00e9rov\u00fd odpuzova\u010d ko\u010dek Beaphar Stop It Cat 100 ml - SHOPATOA.COM","isPartOf":{"@id":"https:\/\/shopatoa.com\/cz\/#website"},"primaryImageOfPage":{"@id":"https:\/\/shopatoa.com\/cz\/interierovy-odpuzovac-kocek-beaphar-stop-it-cat-100-ml\/#primaryimage"},"image":{"@id":"https:\/\/shopatoa.com\/cz\/interierovy-odpuzovac-kocek-beaphar-stop-it-cat-100-ml\/#primaryimage"},"thumbnailUrl":"https:\/\/storage.googleapis.com\/cz-shopatoa-img\/cz\/b1cf72ca-1_40386.jpg","datePublished":"2025-04-01T13:33:38+00:00","dateModified":"2025-04-26T00:32:14+00:00","breadcrumb":{"@id":"https:\/\/shopatoa.com\/cz\/interierovy-odpuzovac-kocek-beaphar-stop-it-cat-100-ml\/#breadcrumb"},"inLanguage":"cs","potentialAction":[{"@type":"ReadAction","target":["https:\/\/shopatoa.com\/cz\/interierovy-odpuzovac-kocek-beaphar-stop-it-cat-100-ml\/"]}]},{"@type":"ImageObject","inLanguage":"cs","@id":"https:\/\/shopatoa.com\/cz\/interierovy-odpuzovac-kocek-beaphar-stop-it-cat-100-ml\/#primaryimage","url":"https:\/\/storage.googleapis.com\/cz-shopatoa-img\/cz\/b1cf72ca-1_40386.jpg","contentUrl":"https:\/\/storage.googleapis.com\/cz-shopatoa-img\/cz\/b1cf72ca-1_40386.jpg","width":600,"height":600},{"@type":"BreadcrumbList","@id":"https:\/\/shopatoa.com\/cz\/interierovy-odpuzovac-kocek-beaphar-stop-it-cat-100-ml\/#breadcrumb","itemListElement":[{"@type":"ListItem","position":1,"name":"Dom\u016f","item":"https:\/\/shopatoa.com\/cz\/"},{"@type":"ListItem","position":2,"name":"Produkty","item":"https:\/\/shopatoa.com\/cz\/shop\/"},{"@type":"ListItem","position":3,"name":"D\u00edlna, stavba, zahrada","item":"https:\/\/shopatoa.com\/cz\/dilna-stavba-zahrada\/"},{"@type":"ListItem","position":4,"name":"Zahrada","item":"https:\/\/shopatoa.com\/cz\/zahrada-dilna-stavba-zahrada\/"},{"@type":"ListItem","position":5,"name":"Lapa\u010de a odpuzova\u010de","item":"https:\/\/shopatoa.com\/cz\/lapace-a-odpuzovace\/"},{"@type":"ListItem","position":6,"name":"Interi\u00e9rov\u00fd odpuzova\u010d ko\u010dek Beaphar Stop It Cat 100 ml"}]},{"@type":"WebSite","@id":"https:\/\/shopatoa.com\/cz\/#website","url":"https:\/\/shopatoa.com\/cz\/","name":"SHOPATOA","description":"","publisher":{"@id":"https:\/\/shopatoa.com\/cz\/#organization"},"potentialAction":[{"@type":"SearchAction","target":{"@type":"EntryPoint","urlTemplate":"https:\/\/shopatoa.com\/cz\/?s={search_term_string}"},"query-input":{"@type":"PropertyValueSpecification","valueRequired":true,"valueName":"search_term_string"}}],"inLanguage":"cs"},{"@type":"Organization","@id":"https:\/\/shopatoa.com\/cz\/#organization","name":"SHOPATOA Digital s.r.o.","url":"https:\/\/shopatoa.com\/cz\/","logo":{"@type":"ImageObject","inLanguage":"cs","@id":"https:\/\/shopatoa.com\/cz\/#\/schema\/logo\/image\/","url":"https:\/\/storage.googleapis.com\/cz-shopatoa-img\/cz\/ebccf434-shopatoa_logo.png","contentUrl":"https:\/\/storage.googleapis.com\/cz-shopatoa-img\/cz\/ebccf434-shopatoa_logo.png","width":416,"height":63,"caption":"SHOPATOA Digital s.r.o."},"image":{"@id":"https:\/\/shopatoa.com\/cz\/#\/schema\/logo\/image\/"}}]}},"_links":{"self":[{"href":"https:\/\/shopatoa.com\/cz\/wp-json\/wp\/v2\/product\/241167","targetHints":{"allow":["GET"]}}],"collection":[{"href":"https:\/\/shopatoa.com\/cz\/wp-json\/wp\/v2\/product"}],"about":[{"href":"https:\/\/shopatoa.com\/cz\/wp-json\/wp\/v2\/types\/product"}],"replies":[{"embeddable":true,"href":"https:\/\/shopatoa.com\/cz\/wp-json\/wp\/v2\/comments?post=241167"}],"wp:featuredmedia":[{"embeddable":true,"href":"https:\/\/shopatoa.com\/cz\/wp-json\/wp\/v2\/media\/241168"}],"wp:attachment":[{"href":"https:\/\/shopatoa.com\/cz\/wp-json\/wp\/v2\/media?parent=241167"}],"wp:term":[{"taxonomy":"product_brand","embeddable":true,"href":"https:\/\/shopatoa.com\/cz\/wp-json\/wp\/v2\/product_brand?post=241167"},{"taxonomy":"product_cat","embeddable":true,"href":"https:\/\/shopatoa.com\/cz\/wp-json\/wp\/v2\/product_cat?post=241167"},{"taxonomy":"product_tag","embeddable":true,"href":"https:\/\/shopatoa.com\/cz\/wp-json\/wp\/v2\/product_tag?post=241167"}],"curies":[{"name":"wp","href":"https:\/\/api.w.org\/{rel}","templated":true}]}}