{"id":241183,"date":"2025-04-01T15:34:34","date_gmt":"2025-04-01T13:34:34","guid":{"rendered":"https:\/\/shopatoa.com\/cz\/?post_type=product&#038;p=241183"},"modified":"2026-02-04T08:50:23","modified_gmt":"2026-02-04T07:50:23","slug":"repelentni-obojek-pro-psy-beaphar-bio-band-65-cm","status":"publish","type":"product","link":"https:\/\/shopatoa.com\/cz\/repelentni-obojek-pro-psy-beaphar-bio-band-65-cm\/","title":{"rendered":"Repelentn\u00ed obojek pro psy Beaphar Bio Band 65 cm"},"content":{"rendered":"<p>Repelentn\u00ed obojek pro psy a \u0161t\u011b\u0148ata je zalo\u017een\u00fd na b\u00e1zi p\u0159\u00edrodn\u00edch olej\u016f. Odpuzuje hmyz saj\u00edc\u00ed krev a redukuje sv\u011bd\u011bn\u00ed a podr\u00e1\u017ed\u011bn\u00ed k\u016f\u017ee. K\u016f\u017ee psa bude d\u00edky \u00fa\u010dinn\u00fdm p\u0159\u00edrodn\u00edm l\u00e1tk\u00e1m vo\u0148av\u00e1, hebk\u00e1 a z\u00e1rove\u0148 bude odpuzovat \u0161kodliv\u00e9 parazity. Vysoce \u00fa\u010dinn\u00e9 vlastnosti \u010dist\u011b biologick\u00fdch esenc\u00ed p\u016fsob\u00ed jako trval\u00fd ochrann\u00fd pl\u00e1\u0161\u0165.<\/p>\n<p>\tVhodn\u00fd od 2 m\u011bs\u00edc\u016f v\u011bku psa<br \/>\n\t\u00da\u010dinkuje 4 m\u011bs\u00edce<br \/>\n\tObsahuje \u00fa\u010dinn\u00fd extrakt z\u00a0margozy a levandulov\u00e9ho oleje<br \/>\n\tVod\u011bodoln\u00fd obojek<br \/>\n\tD\u00e9lka 65 cm<br \/>\n\tBarva zelen\u00e1<\/p>\n<p>Slo\u017een\u00ed: extrakt z\u00a0margozy 2 %, levandulov\u00fd olej 1,5 %<\/p>\n<p>N\u00e1vod k pou\u017eit\u00ed: Upevn\u011bte obojek voln\u011b kolem krku. Po upevn\u011bn\u00ed obojku se p\u0159\u00edrodn\u00ed olej rozprost\u0159e na srst psa a za\u010dne \u00fa\u010dinkovat.<br \/>\nPozor na p\u0159\u00edm\u00fd kontakt mezi sliznicemi \u010dlov\u011bka a obojkem, m\u016f\u017ee vyvolat alergickou reakci.\u00a0Uchov\u00e1vejte mimo dosah d\u011bt\u00ed.<\/p>\n<p>Doporu\u010den\u00ed proti ne\u017e\u00e1douc\u00edm parazit\u016fm\u00a0d\u00edky kombinaci produkt\u016f Beaphar z\u00a0antiparazitn\u00edho BIO bal\u00ed\u010dku pro psy:<\/p>\n<p>\tZlikvidujte parazity p\u0159\u00edmo na zv\u00ed\u0159eti \u2013 antiparazitn\u00ed \u0161ampon IMMO Shield&#8230;<\/p>\n","protected":false},"excerpt":{"rendered":"<p>Repelentn\u00ed obojek pro psy a \u0161t\u011b\u0148ata je zalo\u017een\u00fd na b\u00e1zi p\u0159\u00edrodn\u00edch olej\u016f. Odpuzuje hmyz saj\u00edc\u00ed krev a redukuje sv\u011bd\u011bn\u00ed a podr\u00e1\u017ed\u011bn\u00ed k\u016f\u017ee. K\u016f\u017ee psa bude d\u00edky \u00fa\u010dinn\u00fdm p\u0159\u00edrodn\u00edm l\u00e1tk\u00e1m vo\u0148av\u00e1, hebk\u00e1 a z\u00e1rove\u0148 bude odpuzovat \u0161kodliv\u00e9 parazity. Vysoce \u00fa\u010dinn\u00e9 vlastnosti \u010dist\u011b biologick\u00fdch esenc\u00ed p\u016fsob\u00ed jako trval\u00fd ochrann\u00fd pl\u00e1\u0161\u0165. Vhodn\u00fd od 2 m\u011bs\u00edc\u016f v\u011bku psa \u00da\u010dinkuje&#8230;<\/p>\n","protected":false},"featured_media":241184,"comment_status":"closed","ping_status":"open","template":"","meta":{"_acf_changed":false,"_kadence_starter_templates_imported_post":false,"_kad_post_transparent":"","_kad_post_title":"","_kad_post_layout":"","_kad_post_sidebar_id":"","_kad_post_content_style":"","_kad_post_vertical_padding":"","_kad_post_feature":"","_kad_post_feature_position":"","_kad_post_header":false,"_kad_post_footer":false,"_kad_post_classname":""},"product_brand":[2037],"product_cat":[438,436,437],"product_tag":[],"class_list":{"0":"post-241183","1":"product","2":"type-product","3":"status-publish","4":"has-post-thumbnail","6":"product_brand-beaphar","7":"product_cat-antiparazitika-pro-zvirata","8":"product_cat-chovatelske-potreby-2","9":"product_cat-veterinarni-lekarna","10":"pa_obchod-superzoo-cz","12":"first","13":"instock","14":"product-type-external","15":"entry","16":"content-bg","17":"loop-entry"},"acf":[],"yoast_head":"<!-- This site is optimized with the Yoast SEO plugin v27.4 - https:\/\/yoast.com\/product\/yoast-seo-wordpress\/ -->\n<title>Repelentn\u00ed obojek pro psy Beaphar Bio Band 65 cm - SHOPATOA.COM<\/title>\n<meta name=\"robots\" content=\"index, follow, max-snippet:-1, max-image-preview:large, max-video-preview:-1\" \/>\n<link rel=\"canonical\" href=\"https:\/\/shopatoa.com\/cz\/repelentni-obojek-pro-psy-beaphar-bio-band-65-cm\/\" \/>\n<meta property=\"og:locale\" content=\"cs_CZ\" \/>\n<meta property=\"og:type\" content=\"article\" \/>\n<meta property=\"og:title\" content=\"Repelentn\u00ed obojek pro psy Beaphar Bio Band 65 cm - SHOPATOA.COM\" \/>\n<meta property=\"og:description\" content=\"Repelentn\u00ed obojek pro psy a \u0161t\u011b\u0148ata je zalo\u017een\u00fd na b\u00e1zi p\u0159\u00edrodn\u00edch olej\u016f. Odpuzuje hmyz saj\u00edc\u00ed krev a redukuje sv\u011bd\u011bn\u00ed a podr\u00e1\u017ed\u011bn\u00ed k\u016f\u017ee. K\u016f\u017ee psa bude d\u00edky \u00fa\u010dinn\u00fdm p\u0159\u00edrodn\u00edm l\u00e1tk\u00e1m vo\u0148av\u00e1, hebk\u00e1 a z\u00e1rove\u0148 bude odpuzovat \u0161kodliv\u00e9 parazity. Vysoce \u00fa\u010dinn\u00e9 vlastnosti \u010dist\u011b biologick\u00fdch esenc\u00ed p\u016fsob\u00ed jako trval\u00fd ochrann\u00fd pl\u00e1\u0161\u0165. Vhodn\u00fd od 2 m\u011bs\u00edc\u016f v\u011bku psa \u00da\u010dinkuje...\" \/>\n<meta property=\"og:url\" content=\"https:\/\/shopatoa.com\/cz\/repelentni-obojek-pro-psy-beaphar-bio-band-65-cm\/\" \/>\n<meta property=\"og:site_name\" content=\"SHOPATOA\" \/>\n<meta property=\"article:modified_time\" content=\"2026-02-04T07:50:23+00:00\" \/>\n<meta property=\"og:image\" content=\"https:\/\/storage.googleapis.com\/cz-shopatoa-img\/cz\/e4e40cb8-1_39288.jpg\" \/>\n\t<meta property=\"og:image:width\" content=\"600\" \/>\n\t<meta property=\"og:image:height\" content=\"600\" \/>\n\t<meta property=\"og:image:type\" content=\"image\/jpeg\" \/>\n<meta name=\"twitter:card\" content=\"summary_large_image\" \/>\n<meta name=\"twitter:label1\" content=\"Odhadovan\u00e1 doba \u010dten\u00ed\" \/>\n\t<meta name=\"twitter:data1\" content=\"1 minuta\" \/>\n<script type=\"application\/ld+json\" class=\"yoast-schema-graph\">{\"@context\":\"https:\\\/\\\/schema.org\",\"@graph\":[{\"@type\":\"WebPage\",\"@id\":\"https:\\\/\\\/shopatoa.com\\\/cz\\\/repelentni-obojek-pro-psy-beaphar-bio-band-65-cm\\\/\",\"url\":\"https:\\\/\\\/shopatoa.com\\\/cz\\\/repelentni-obojek-pro-psy-beaphar-bio-band-65-cm\\\/\",\"name\":\"Repelentn\u00ed obojek pro psy Beaphar Bio Band 65 cm - SHOPATOA.COM\",\"isPartOf\":{\"@id\":\"https:\\\/\\\/shopatoa.com\\\/cz\\\/#website\"},\"primaryImageOfPage\":{\"@id\":\"https:\\\/\\\/shopatoa.com\\\/cz\\\/repelentni-obojek-pro-psy-beaphar-bio-band-65-cm\\\/#primaryimage\"},\"image\":{\"@id\":\"https:\\\/\\\/shopatoa.com\\\/cz\\\/repelentni-obojek-pro-psy-beaphar-bio-band-65-cm\\\/#primaryimage\"},\"thumbnailUrl\":\"https:\\\/\\\/storage.googleapis.com\\\/cz-shopatoa-img\\\/cz\\\/e4e40cb8-1_39288.jpg\",\"datePublished\":\"2025-04-01T13:34:34+00:00\",\"dateModified\":\"2026-02-04T07:50:23+00:00\",\"breadcrumb\":{\"@id\":\"https:\\\/\\\/shopatoa.com\\\/cz\\\/repelentni-obojek-pro-psy-beaphar-bio-band-65-cm\\\/#breadcrumb\"},\"inLanguage\":\"cs\",\"potentialAction\":[{\"@type\":\"ReadAction\",\"target\":[\"https:\\\/\\\/shopatoa.com\\\/cz\\\/repelentni-obojek-pro-psy-beaphar-bio-band-65-cm\\\/\"]}]},{\"@type\":\"ImageObject\",\"inLanguage\":\"cs\",\"@id\":\"https:\\\/\\\/shopatoa.com\\\/cz\\\/repelentni-obojek-pro-psy-beaphar-bio-band-65-cm\\\/#primaryimage\",\"url\":\"https:\\\/\\\/storage.googleapis.com\\\/cz-shopatoa-img\\\/cz\\\/e4e40cb8-1_39288.jpg\",\"contentUrl\":\"https:\\\/\\\/storage.googleapis.com\\\/cz-shopatoa-img\\\/cz\\\/e4e40cb8-1_39288.jpg\",\"width\":600,\"height\":600},{\"@type\":\"BreadcrumbList\",\"@id\":\"https:\\\/\\\/shopatoa.com\\\/cz\\\/repelentni-obojek-pro-psy-beaphar-bio-band-65-cm\\\/#breadcrumb\",\"itemListElement\":[{\"@type\":\"ListItem\",\"position\":1,\"name\":\"Dom\u016f\",\"item\":\"https:\\\/\\\/shopatoa.com\\\/cz\\\/\"},{\"@type\":\"ListItem\",\"position\":2,\"name\":\"Produkty\",\"item\":\"https:\\\/\\\/shopatoa.com\\\/cz\\\/shop\\\/\"},{\"@type\":\"ListItem\",\"position\":3,\"name\":\"Chovatelsk\u00e9 pot\u0159eby\",\"item\":\"https:\\\/\\\/shopatoa.com\\\/cz\\\/chovatelske-potreby-2\\\/\"},{\"@type\":\"ListItem\",\"position\":4,\"name\":\"Veterin\u00e1rn\u00ed l\u00e9k\u00e1rna\",\"item\":\"https:\\\/\\\/shopatoa.com\\\/cz\\\/veterinarni-lekarna\\\/\"},{\"@type\":\"ListItem\",\"position\":5,\"name\":\"Antiparazitika pro zv\u00ed\u0159ata\",\"item\":\"https:\\\/\\\/shopatoa.com\\\/cz\\\/antiparazitika-pro-zvirata\\\/\"},{\"@type\":\"ListItem\",\"position\":6,\"name\":\"Repelentn\u00ed obojek pro psy Beaphar Bio Band 65 cm\"}]},{\"@type\":\"WebSite\",\"@id\":\"https:\\\/\\\/shopatoa.com\\\/cz\\\/#website\",\"url\":\"https:\\\/\\\/shopatoa.com\\\/cz\\\/\",\"name\":\"SHOPATOA\",\"description\":\"\",\"publisher\":{\"@id\":\"https:\\\/\\\/shopatoa.com\\\/cz\\\/#organization\"},\"potentialAction\":[{\"@type\":\"SearchAction\",\"target\":{\"@type\":\"EntryPoint\",\"urlTemplate\":\"https:\\\/\\\/shopatoa.com\\\/cz\\\/?s={search_term_string}\"},\"query-input\":{\"@type\":\"PropertyValueSpecification\",\"valueRequired\":true,\"valueName\":\"search_term_string\"}}],\"inLanguage\":\"cs\"},{\"@type\":\"Organization\",\"@id\":\"https:\\\/\\\/shopatoa.com\\\/cz\\\/#organization\",\"name\":\"SHOPATOA Digital s.r.o.\",\"url\":\"https:\\\/\\\/shopatoa.com\\\/cz\\\/\",\"logo\":{\"@type\":\"ImageObject\",\"inLanguage\":\"cs\",\"@id\":\"https:\\\/\\\/shopatoa.com\\\/cz\\\/#\\\/schema\\\/logo\\\/image\\\/\",\"url\":\"https:\\\/\\\/storage.googleapis.com\\\/cz-shopatoa-img\\\/cz\\\/ebccf434-shopatoa_logo.png\",\"contentUrl\":\"https:\\\/\\\/storage.googleapis.com\\\/cz-shopatoa-img\\\/cz\\\/ebccf434-shopatoa_logo.png\",\"width\":416,\"height\":63,\"caption\":\"SHOPATOA Digital s.r.o.\"},\"image\":{\"@id\":\"https:\\\/\\\/shopatoa.com\\\/cz\\\/#\\\/schema\\\/logo\\\/image\\\/\"}}]}<\/script>\n<!-- \/ Yoast SEO plugin. -->","yoast_head_json":{"title":"Repelentn\u00ed obojek pro psy Beaphar Bio Band 65 cm - SHOPATOA.COM","robots":{"index":"index","follow":"follow","max-snippet":"max-snippet:-1","max-image-preview":"max-image-preview:large","max-video-preview":"max-video-preview:-1"},"canonical":"https:\/\/shopatoa.com\/cz\/repelentni-obojek-pro-psy-beaphar-bio-band-65-cm\/","og_locale":"cs_CZ","og_type":"article","og_title":"Repelentn\u00ed obojek pro psy Beaphar Bio Band 65 cm - SHOPATOA.COM","og_description":"Repelentn\u00ed obojek pro psy a \u0161t\u011b\u0148ata je zalo\u017een\u00fd na b\u00e1zi p\u0159\u00edrodn\u00edch olej\u016f. Odpuzuje hmyz saj\u00edc\u00ed krev a redukuje sv\u011bd\u011bn\u00ed a podr\u00e1\u017ed\u011bn\u00ed k\u016f\u017ee. K\u016f\u017ee psa bude d\u00edky \u00fa\u010dinn\u00fdm p\u0159\u00edrodn\u00edm l\u00e1tk\u00e1m vo\u0148av\u00e1, hebk\u00e1 a z\u00e1rove\u0148 bude odpuzovat \u0161kodliv\u00e9 parazity. Vysoce \u00fa\u010dinn\u00e9 vlastnosti \u010dist\u011b biologick\u00fdch esenc\u00ed p\u016fsob\u00ed jako trval\u00fd ochrann\u00fd pl\u00e1\u0161\u0165. Vhodn\u00fd od 2 m\u011bs\u00edc\u016f v\u011bku psa \u00da\u010dinkuje...","og_url":"https:\/\/shopatoa.com\/cz\/repelentni-obojek-pro-psy-beaphar-bio-band-65-cm\/","og_site_name":"SHOPATOA","article_modified_time":"2026-02-04T07:50:23+00:00","og_image":[{"width":600,"height":600,"url":"https:\/\/storage.googleapis.com\/cz-shopatoa-img\/cz\/e4e40cb8-1_39288.jpg","type":"image\/jpeg"}],"twitter_card":"summary_large_image","twitter_misc":{"Odhadovan\u00e1 doba \u010dten\u00ed":"1 minuta"},"schema":{"@context":"https:\/\/schema.org","@graph":[{"@type":"WebPage","@id":"https:\/\/shopatoa.com\/cz\/repelentni-obojek-pro-psy-beaphar-bio-band-65-cm\/","url":"https:\/\/shopatoa.com\/cz\/repelentni-obojek-pro-psy-beaphar-bio-band-65-cm\/","name":"Repelentn\u00ed obojek pro psy Beaphar Bio Band 65 cm - SHOPATOA.COM","isPartOf":{"@id":"https:\/\/shopatoa.com\/cz\/#website"},"primaryImageOfPage":{"@id":"https:\/\/shopatoa.com\/cz\/repelentni-obojek-pro-psy-beaphar-bio-band-65-cm\/#primaryimage"},"image":{"@id":"https:\/\/shopatoa.com\/cz\/repelentni-obojek-pro-psy-beaphar-bio-band-65-cm\/#primaryimage"},"thumbnailUrl":"https:\/\/storage.googleapis.com\/cz-shopatoa-img\/cz\/e4e40cb8-1_39288.jpg","datePublished":"2025-04-01T13:34:34+00:00","dateModified":"2026-02-04T07:50:23+00:00","breadcrumb":{"@id":"https:\/\/shopatoa.com\/cz\/repelentni-obojek-pro-psy-beaphar-bio-band-65-cm\/#breadcrumb"},"inLanguage":"cs","potentialAction":[{"@type":"ReadAction","target":["https:\/\/shopatoa.com\/cz\/repelentni-obojek-pro-psy-beaphar-bio-band-65-cm\/"]}]},{"@type":"ImageObject","inLanguage":"cs","@id":"https:\/\/shopatoa.com\/cz\/repelentni-obojek-pro-psy-beaphar-bio-band-65-cm\/#primaryimage","url":"https:\/\/storage.googleapis.com\/cz-shopatoa-img\/cz\/e4e40cb8-1_39288.jpg","contentUrl":"https:\/\/storage.googleapis.com\/cz-shopatoa-img\/cz\/e4e40cb8-1_39288.jpg","width":600,"height":600},{"@type":"BreadcrumbList","@id":"https:\/\/shopatoa.com\/cz\/repelentni-obojek-pro-psy-beaphar-bio-band-65-cm\/#breadcrumb","itemListElement":[{"@type":"ListItem","position":1,"name":"Dom\u016f","item":"https:\/\/shopatoa.com\/cz\/"},{"@type":"ListItem","position":2,"name":"Produkty","item":"https:\/\/shopatoa.com\/cz\/shop\/"},{"@type":"ListItem","position":3,"name":"Chovatelsk\u00e9 pot\u0159eby","item":"https:\/\/shopatoa.com\/cz\/chovatelske-potreby-2\/"},{"@type":"ListItem","position":4,"name":"Veterin\u00e1rn\u00ed l\u00e9k\u00e1rna","item":"https:\/\/shopatoa.com\/cz\/veterinarni-lekarna\/"},{"@type":"ListItem","position":5,"name":"Antiparazitika pro zv\u00ed\u0159ata","item":"https:\/\/shopatoa.com\/cz\/antiparazitika-pro-zvirata\/"},{"@type":"ListItem","position":6,"name":"Repelentn\u00ed obojek pro psy Beaphar Bio Band 65 cm"}]},{"@type":"WebSite","@id":"https:\/\/shopatoa.com\/cz\/#website","url":"https:\/\/shopatoa.com\/cz\/","name":"SHOPATOA","description":"","publisher":{"@id":"https:\/\/shopatoa.com\/cz\/#organization"},"potentialAction":[{"@type":"SearchAction","target":{"@type":"EntryPoint","urlTemplate":"https:\/\/shopatoa.com\/cz\/?s={search_term_string}"},"query-input":{"@type":"PropertyValueSpecification","valueRequired":true,"valueName":"search_term_string"}}],"inLanguage":"cs"},{"@type":"Organization","@id":"https:\/\/shopatoa.com\/cz\/#organization","name":"SHOPATOA Digital s.r.o.","url":"https:\/\/shopatoa.com\/cz\/","logo":{"@type":"ImageObject","inLanguage":"cs","@id":"https:\/\/shopatoa.com\/cz\/#\/schema\/logo\/image\/","url":"https:\/\/storage.googleapis.com\/cz-shopatoa-img\/cz\/ebccf434-shopatoa_logo.png","contentUrl":"https:\/\/storage.googleapis.com\/cz-shopatoa-img\/cz\/ebccf434-shopatoa_logo.png","width":416,"height":63,"caption":"SHOPATOA Digital s.r.o."},"image":{"@id":"https:\/\/shopatoa.com\/cz\/#\/schema\/logo\/image\/"}}]}},"_links":{"self":[{"href":"https:\/\/shopatoa.com\/cz\/wp-json\/wp\/v2\/product\/241183","targetHints":{"allow":["GET"]}}],"collection":[{"href":"https:\/\/shopatoa.com\/cz\/wp-json\/wp\/v2\/product"}],"about":[{"href":"https:\/\/shopatoa.com\/cz\/wp-json\/wp\/v2\/types\/product"}],"replies":[{"embeddable":true,"href":"https:\/\/shopatoa.com\/cz\/wp-json\/wp\/v2\/comments?post=241183"}],"wp:featuredmedia":[{"embeddable":true,"href":"https:\/\/shopatoa.com\/cz\/wp-json\/wp\/v2\/media\/241184"}],"wp:attachment":[{"href":"https:\/\/shopatoa.com\/cz\/wp-json\/wp\/v2\/media?parent=241183"}],"wp:term":[{"taxonomy":"product_brand","embeddable":true,"href":"https:\/\/shopatoa.com\/cz\/wp-json\/wp\/v2\/product_brand?post=241183"},{"taxonomy":"product_cat","embeddable":true,"href":"https:\/\/shopatoa.com\/cz\/wp-json\/wp\/v2\/product_cat?post=241183"},{"taxonomy":"product_tag","embeddable":true,"href":"https:\/\/shopatoa.com\/cz\/wp-json\/wp\/v2\/product_tag?post=241183"}],"curies":[{"name":"wp","href":"https:\/\/api.w.org\/{rel}","templated":true}]}}