{"id":241189,"date":"2025-04-01T15:34:51","date_gmt":"2025-04-01T13:34:51","guid":{"rendered":"https:\/\/shopatoa.com\/cz\/?post_type=product&#038;p=241189"},"modified":"2026-02-04T08:50:18","modified_gmt":"2026-02-04T07:50:18","slug":"vitaminove-kapky-beaphar-b-komplex-50-ml","status":"publish","type":"product","link":"https:\/\/shopatoa.com\/cz\/vitaminove-kapky-beaphar-b-komplex-50-ml\/","title":{"rendered":"Vitaminov\u00e9 kapky Beaphar B-komplex 50 ml"},"content":{"rendered":"<p>Vitaminov\u00e9 kapky B-komplex jsou vhodn\u00e9 dopl\u0148kov\u00e9 krmivo pro v\u0161echna dom\u00e1c\u00ed zv\u00ed\u0159ata\u00a0\u2013 psy, ko\u010dky, okrasn\u00e9\u00a0ptactvo\u00a0a hlodavce.<br \/>\nVitam\u00edny skupiny B podporuj\u00ed: <\/p>\n<p>\tzdravou srst a pe\u0159\u00ed<br \/>\n\tvyrovnan\u00fd nervov\u00fd syst\u00e9m<br \/>\n\tmetabolismus<\/p>\n<p>N\u00e1vod na pou\u017eit\u00ed: P\u0159ed pou\u017eit\u00edm prot\u0159epejte. P\u0159im\u00edchejte denn\u00ed d\u00e1vku vitam\u00edn\u016f do krmiva \u010di pitn\u00e9 vody. <\/p>\n<p>D\u00e1vkov\u00e1n\u00ed:<br \/>\nPsi mal\u00fdch plemen \u2013 5-10 kapek<br \/>\nPsi st\u0159edn\u00edch plemen \u2013 10-25 kapek<br \/>\nPsi velk\u00fdch plemen \u2013 25-50<br \/>\nKo\u010dky \u2013 2-25 kapek<br \/>\nHlodavci \u2013 1-17 kapek<br \/>\nKr\u00e1l\u00edci \u2013 58 kapek<br \/>\nLaboratorn\u00ed zv\u00ed\u0159ata a okrasn\u00e9 ptactvo \u2013 1-18 kapek<\/p>\n<p>Slo\u017een\u00ed: cukry, obiloviny<\/p>\n<p>Analytick\u00e9 slo\u017eky: hrub\u00fd protein 1,1 %, hrub\u00e9 oleje a tuky 0,0005 %, hrub\u00fd popel 1,0 %, vlhkost 96 %, v\u00e1pn\u00edk 0,024 %, sod\u00edk 0,0046 %, fosfor 0,31 %, drasl\u00edk 0,027 % <\/p>\n<p>Nutri\u010dn\u00ed dopl\u0148kov\u00e9 l\u00e1tky: vitamin B1 208-312 mg, vitamin B2 304-456 mg, nikotinamid 4560-6840 mg, kyselina pantothenov\u00e1 (vitamin B5) 2080-3100 mg, vitamin B6 304-456 mg, vitamin B12 5440-8160 \u03bcg, biotin 5440-8160 \u03bcg<\/p>\n<p>Skladujte p\u0159i&#8230;<\/p>\n","protected":false},"excerpt":{"rendered":"<p>Vitaminov\u00e9 kapky B-komplex jsou vhodn\u00e9 dopl\u0148kov\u00e9 krmivo pro v\u0161echna dom\u00e1c\u00ed zv\u00ed\u0159ata\u00a0\u2013 psy, ko\u010dky, okrasn\u00e9\u00a0ptactvo\u00a0a hlodavce. Vitam\u00edny skupiny B podporuj\u00ed: zdravou srst a pe\u0159\u00ed vyrovnan\u00fd nervov\u00fd syst\u00e9m metabolismus N\u00e1vod na pou\u017eit\u00ed: P\u0159ed pou\u017eit\u00edm prot\u0159epejte. P\u0159im\u00edchejte denn\u00ed d\u00e1vku vitam\u00edn\u016f do krmiva \u010di pitn\u00e9 vody. D\u00e1vkov\u00e1n\u00ed: Psi mal\u00fdch plemen \u2013 5-10 kapek Psi st\u0159edn\u00edch plemen \u2013 10-25 kapek&#8230;<\/p>\n","protected":false},"featured_media":241190,"comment_status":"closed","ping_status":"open","template":"","meta":{"_acf_changed":false,"_kadence_starter_templates_imported_post":false,"_kad_post_transparent":"","_kad_post_title":"","_kad_post_layout":"","_kad_post_sidebar_id":"","_kad_post_content_style":"","_kad_post_vertical_padding":"","_kad_post_feature":"","_kad_post_feature_position":"","_kad_post_header":false,"_kad_post_footer":false,"_kad_post_classname":""},"product_brand":[2037],"product_cat":[436,1465,2581,1464],"product_tag":[],"class_list":{"0":"post-241189","1":"product","2":"type-product","3":"status-publish","4":"has-post-thumbnail","6":"product_brand-beaphar","7":"product_cat-chovatelske-potreby-2","8":"product_cat-krmivo-pro-kocky-pro-kocky-chovatelske-potreby-2","9":"product_cat-pamlsky-pro-kocky","10":"product_cat-pro-kocky-chovatelske-potreby-2","11":"pa_obchod-superzoo-cz","13":"first","14":"instock","15":"product-type-external","16":"entry","17":"content-bg","18":"loop-entry"},"acf":[],"yoast_head":"<!-- This site is optimized with the Yoast SEO plugin v27.4 - https:\/\/yoast.com\/product\/yoast-seo-wordpress\/ -->\n<title>Vitaminov\u00e9 kapky Beaphar B-komplex 50 ml - SHOPATOA.COM<\/title>\n<meta name=\"robots\" content=\"index, follow, max-snippet:-1, max-image-preview:large, max-video-preview:-1\" \/>\n<link rel=\"canonical\" href=\"https:\/\/shopatoa.com\/cz\/vitaminove-kapky-beaphar-b-komplex-50-ml\/\" \/>\n<meta property=\"og:locale\" content=\"cs_CZ\" \/>\n<meta property=\"og:type\" content=\"article\" \/>\n<meta property=\"og:title\" content=\"Vitaminov\u00e9 kapky Beaphar B-komplex 50 ml - SHOPATOA.COM\" \/>\n<meta property=\"og:description\" content=\"Vitaminov\u00e9 kapky B-komplex jsou vhodn\u00e9 dopl\u0148kov\u00e9 krmivo pro v\u0161echna dom\u00e1c\u00ed zv\u00ed\u0159ata\u00a0\u2013 psy, ko\u010dky, okrasn\u00e9\u00a0ptactvo\u00a0a hlodavce. Vitam\u00edny skupiny B podporuj\u00ed: zdravou srst a pe\u0159\u00ed vyrovnan\u00fd nervov\u00fd syst\u00e9m metabolismus N\u00e1vod na pou\u017eit\u00ed: P\u0159ed pou\u017eit\u00edm prot\u0159epejte. P\u0159im\u00edchejte denn\u00ed d\u00e1vku vitam\u00edn\u016f do krmiva \u010di pitn\u00e9 vody. D\u00e1vkov\u00e1n\u00ed: Psi mal\u00fdch plemen \u2013 5-10 kapek Psi st\u0159edn\u00edch plemen \u2013 10-25 kapek...\" \/>\n<meta property=\"og:url\" content=\"https:\/\/shopatoa.com\/cz\/vitaminove-kapky-beaphar-b-komplex-50-ml\/\" \/>\n<meta property=\"og:site_name\" content=\"SHOPATOA\" \/>\n<meta property=\"article:modified_time\" content=\"2026-02-04T07:50:18+00:00\" \/>\n<meta property=\"og:image\" content=\"https:\/\/storage.googleapis.com\/cz-shopatoa-img\/cz\/a2a01d49-1_39303.jpg\" \/>\n\t<meta property=\"og:image:width\" content=\"600\" \/>\n\t<meta property=\"og:image:height\" content=\"600\" \/>\n\t<meta property=\"og:image:type\" content=\"image\/jpeg\" \/>\n<meta name=\"twitter:card\" content=\"summary_large_image\" \/>\n<meta name=\"twitter:label1\" content=\"Odhadovan\u00e1 doba \u010dten\u00ed\" \/>\n\t<meta name=\"twitter:data1\" content=\"1 minuta\" \/>\n<script type=\"application\/ld+json\" class=\"yoast-schema-graph\">{\"@context\":\"https:\\\/\\\/schema.org\",\"@graph\":[{\"@type\":\"WebPage\",\"@id\":\"https:\\\/\\\/shopatoa.com\\\/cz\\\/vitaminove-kapky-beaphar-b-komplex-50-ml\\\/\",\"url\":\"https:\\\/\\\/shopatoa.com\\\/cz\\\/vitaminove-kapky-beaphar-b-komplex-50-ml\\\/\",\"name\":\"Vitaminov\u00e9 kapky Beaphar B-komplex 50 ml - SHOPATOA.COM\",\"isPartOf\":{\"@id\":\"https:\\\/\\\/shopatoa.com\\\/cz\\\/#website\"},\"primaryImageOfPage\":{\"@id\":\"https:\\\/\\\/shopatoa.com\\\/cz\\\/vitaminove-kapky-beaphar-b-komplex-50-ml\\\/#primaryimage\"},\"image\":{\"@id\":\"https:\\\/\\\/shopatoa.com\\\/cz\\\/vitaminove-kapky-beaphar-b-komplex-50-ml\\\/#primaryimage\"},\"thumbnailUrl\":\"https:\\\/\\\/storage.googleapis.com\\\/cz-shopatoa-img\\\/cz\\\/a2a01d49-1_39303.jpg\",\"datePublished\":\"2025-04-01T13:34:51+00:00\",\"dateModified\":\"2026-02-04T07:50:18+00:00\",\"breadcrumb\":{\"@id\":\"https:\\\/\\\/shopatoa.com\\\/cz\\\/vitaminove-kapky-beaphar-b-komplex-50-ml\\\/#breadcrumb\"},\"inLanguage\":\"cs\",\"potentialAction\":[{\"@type\":\"ReadAction\",\"target\":[\"https:\\\/\\\/shopatoa.com\\\/cz\\\/vitaminove-kapky-beaphar-b-komplex-50-ml\\\/\"]}]},{\"@type\":\"ImageObject\",\"inLanguage\":\"cs\",\"@id\":\"https:\\\/\\\/shopatoa.com\\\/cz\\\/vitaminove-kapky-beaphar-b-komplex-50-ml\\\/#primaryimage\",\"url\":\"https:\\\/\\\/storage.googleapis.com\\\/cz-shopatoa-img\\\/cz\\\/a2a01d49-1_39303.jpg\",\"contentUrl\":\"https:\\\/\\\/storage.googleapis.com\\\/cz-shopatoa-img\\\/cz\\\/a2a01d49-1_39303.jpg\",\"width\":600,\"height\":600},{\"@type\":\"BreadcrumbList\",\"@id\":\"https:\\\/\\\/shopatoa.com\\\/cz\\\/vitaminove-kapky-beaphar-b-komplex-50-ml\\\/#breadcrumb\",\"itemListElement\":[{\"@type\":\"ListItem\",\"position\":1,\"name\":\"Dom\u016f\",\"item\":\"https:\\\/\\\/shopatoa.com\\\/cz\\\/\"},{\"@type\":\"ListItem\",\"position\":2,\"name\":\"Produkty\",\"item\":\"https:\\\/\\\/shopatoa.com\\\/cz\\\/shop\\\/\"},{\"@type\":\"ListItem\",\"position\":3,\"name\":\"Chovatelsk\u00e9 pot\u0159eby\",\"item\":\"https:\\\/\\\/shopatoa.com\\\/cz\\\/chovatelske-potreby-2\\\/\"},{\"@type\":\"ListItem\",\"position\":4,\"name\":\"Pro ko\u010dky\",\"item\":\"https:\\\/\\\/shopatoa.com\\\/cz\\\/pro-kocky-chovatelske-potreby-2\\\/\"},{\"@type\":\"ListItem\",\"position\":5,\"name\":\"Krmivo pro ko\u010dky\",\"item\":\"https:\\\/\\\/shopatoa.com\\\/cz\\\/krmivo-pro-kocky-pro-kocky-chovatelske-potreby-2\\\/\"},{\"@type\":\"ListItem\",\"position\":6,\"name\":\"Pamlsky pro ko\u010dky\",\"item\":\"https:\\\/\\\/shopatoa.com\\\/cz\\\/pamlsky-pro-kocky\\\/\"},{\"@type\":\"ListItem\",\"position\":7,\"name\":\"Vitaminov\u00e9 kapky Beaphar B-komplex 50 ml\"}]},{\"@type\":\"WebSite\",\"@id\":\"https:\\\/\\\/shopatoa.com\\\/cz\\\/#website\",\"url\":\"https:\\\/\\\/shopatoa.com\\\/cz\\\/\",\"name\":\"SHOPATOA\",\"description\":\"\",\"publisher\":{\"@id\":\"https:\\\/\\\/shopatoa.com\\\/cz\\\/#organization\"},\"potentialAction\":[{\"@type\":\"SearchAction\",\"target\":{\"@type\":\"EntryPoint\",\"urlTemplate\":\"https:\\\/\\\/shopatoa.com\\\/cz\\\/?s={search_term_string}\"},\"query-input\":{\"@type\":\"PropertyValueSpecification\",\"valueRequired\":true,\"valueName\":\"search_term_string\"}}],\"inLanguage\":\"cs\"},{\"@type\":\"Organization\",\"@id\":\"https:\\\/\\\/shopatoa.com\\\/cz\\\/#organization\",\"name\":\"SHOPATOA Digital s.r.o.\",\"url\":\"https:\\\/\\\/shopatoa.com\\\/cz\\\/\",\"logo\":{\"@type\":\"ImageObject\",\"inLanguage\":\"cs\",\"@id\":\"https:\\\/\\\/shopatoa.com\\\/cz\\\/#\\\/schema\\\/logo\\\/image\\\/\",\"url\":\"https:\\\/\\\/storage.googleapis.com\\\/cz-shopatoa-img\\\/cz\\\/ebccf434-shopatoa_logo.png\",\"contentUrl\":\"https:\\\/\\\/storage.googleapis.com\\\/cz-shopatoa-img\\\/cz\\\/ebccf434-shopatoa_logo.png\",\"width\":416,\"height\":63,\"caption\":\"SHOPATOA Digital s.r.o.\"},\"image\":{\"@id\":\"https:\\\/\\\/shopatoa.com\\\/cz\\\/#\\\/schema\\\/logo\\\/image\\\/\"}}]}<\/script>\n<!-- \/ Yoast SEO plugin. -->","yoast_head_json":{"title":"Vitaminov\u00e9 kapky Beaphar B-komplex 50 ml - SHOPATOA.COM","robots":{"index":"index","follow":"follow","max-snippet":"max-snippet:-1","max-image-preview":"max-image-preview:large","max-video-preview":"max-video-preview:-1"},"canonical":"https:\/\/shopatoa.com\/cz\/vitaminove-kapky-beaphar-b-komplex-50-ml\/","og_locale":"cs_CZ","og_type":"article","og_title":"Vitaminov\u00e9 kapky Beaphar B-komplex 50 ml - SHOPATOA.COM","og_description":"Vitaminov\u00e9 kapky B-komplex jsou vhodn\u00e9 dopl\u0148kov\u00e9 krmivo pro v\u0161echna dom\u00e1c\u00ed zv\u00ed\u0159ata\u00a0\u2013 psy, ko\u010dky, okrasn\u00e9\u00a0ptactvo\u00a0a hlodavce. Vitam\u00edny skupiny B podporuj\u00ed: zdravou srst a pe\u0159\u00ed vyrovnan\u00fd nervov\u00fd syst\u00e9m metabolismus N\u00e1vod na pou\u017eit\u00ed: P\u0159ed pou\u017eit\u00edm prot\u0159epejte. P\u0159im\u00edchejte denn\u00ed d\u00e1vku vitam\u00edn\u016f do krmiva \u010di pitn\u00e9 vody. D\u00e1vkov\u00e1n\u00ed: Psi mal\u00fdch plemen \u2013 5-10 kapek Psi st\u0159edn\u00edch plemen \u2013 10-25 kapek...","og_url":"https:\/\/shopatoa.com\/cz\/vitaminove-kapky-beaphar-b-komplex-50-ml\/","og_site_name":"SHOPATOA","article_modified_time":"2026-02-04T07:50:18+00:00","og_image":[{"width":600,"height":600,"url":"https:\/\/storage.googleapis.com\/cz-shopatoa-img\/cz\/a2a01d49-1_39303.jpg","type":"image\/jpeg"}],"twitter_card":"summary_large_image","twitter_misc":{"Odhadovan\u00e1 doba \u010dten\u00ed":"1 minuta"},"schema":{"@context":"https:\/\/schema.org","@graph":[{"@type":"WebPage","@id":"https:\/\/shopatoa.com\/cz\/vitaminove-kapky-beaphar-b-komplex-50-ml\/","url":"https:\/\/shopatoa.com\/cz\/vitaminove-kapky-beaphar-b-komplex-50-ml\/","name":"Vitaminov\u00e9 kapky Beaphar B-komplex 50 ml - SHOPATOA.COM","isPartOf":{"@id":"https:\/\/shopatoa.com\/cz\/#website"},"primaryImageOfPage":{"@id":"https:\/\/shopatoa.com\/cz\/vitaminove-kapky-beaphar-b-komplex-50-ml\/#primaryimage"},"image":{"@id":"https:\/\/shopatoa.com\/cz\/vitaminove-kapky-beaphar-b-komplex-50-ml\/#primaryimage"},"thumbnailUrl":"https:\/\/storage.googleapis.com\/cz-shopatoa-img\/cz\/a2a01d49-1_39303.jpg","datePublished":"2025-04-01T13:34:51+00:00","dateModified":"2026-02-04T07:50:18+00:00","breadcrumb":{"@id":"https:\/\/shopatoa.com\/cz\/vitaminove-kapky-beaphar-b-komplex-50-ml\/#breadcrumb"},"inLanguage":"cs","potentialAction":[{"@type":"ReadAction","target":["https:\/\/shopatoa.com\/cz\/vitaminove-kapky-beaphar-b-komplex-50-ml\/"]}]},{"@type":"ImageObject","inLanguage":"cs","@id":"https:\/\/shopatoa.com\/cz\/vitaminove-kapky-beaphar-b-komplex-50-ml\/#primaryimage","url":"https:\/\/storage.googleapis.com\/cz-shopatoa-img\/cz\/a2a01d49-1_39303.jpg","contentUrl":"https:\/\/storage.googleapis.com\/cz-shopatoa-img\/cz\/a2a01d49-1_39303.jpg","width":600,"height":600},{"@type":"BreadcrumbList","@id":"https:\/\/shopatoa.com\/cz\/vitaminove-kapky-beaphar-b-komplex-50-ml\/#breadcrumb","itemListElement":[{"@type":"ListItem","position":1,"name":"Dom\u016f","item":"https:\/\/shopatoa.com\/cz\/"},{"@type":"ListItem","position":2,"name":"Produkty","item":"https:\/\/shopatoa.com\/cz\/shop\/"},{"@type":"ListItem","position":3,"name":"Chovatelsk\u00e9 pot\u0159eby","item":"https:\/\/shopatoa.com\/cz\/chovatelske-potreby-2\/"},{"@type":"ListItem","position":4,"name":"Pro ko\u010dky","item":"https:\/\/shopatoa.com\/cz\/pro-kocky-chovatelske-potreby-2\/"},{"@type":"ListItem","position":5,"name":"Krmivo pro ko\u010dky","item":"https:\/\/shopatoa.com\/cz\/krmivo-pro-kocky-pro-kocky-chovatelske-potreby-2\/"},{"@type":"ListItem","position":6,"name":"Pamlsky pro ko\u010dky","item":"https:\/\/shopatoa.com\/cz\/pamlsky-pro-kocky\/"},{"@type":"ListItem","position":7,"name":"Vitaminov\u00e9 kapky Beaphar B-komplex 50 ml"}]},{"@type":"WebSite","@id":"https:\/\/shopatoa.com\/cz\/#website","url":"https:\/\/shopatoa.com\/cz\/","name":"SHOPATOA","description":"","publisher":{"@id":"https:\/\/shopatoa.com\/cz\/#organization"},"potentialAction":[{"@type":"SearchAction","target":{"@type":"EntryPoint","urlTemplate":"https:\/\/shopatoa.com\/cz\/?s={search_term_string}"},"query-input":{"@type":"PropertyValueSpecification","valueRequired":true,"valueName":"search_term_string"}}],"inLanguage":"cs"},{"@type":"Organization","@id":"https:\/\/shopatoa.com\/cz\/#organization","name":"SHOPATOA Digital s.r.o.","url":"https:\/\/shopatoa.com\/cz\/","logo":{"@type":"ImageObject","inLanguage":"cs","@id":"https:\/\/shopatoa.com\/cz\/#\/schema\/logo\/image\/","url":"https:\/\/storage.googleapis.com\/cz-shopatoa-img\/cz\/ebccf434-shopatoa_logo.png","contentUrl":"https:\/\/storage.googleapis.com\/cz-shopatoa-img\/cz\/ebccf434-shopatoa_logo.png","width":416,"height":63,"caption":"SHOPATOA Digital s.r.o."},"image":{"@id":"https:\/\/shopatoa.com\/cz\/#\/schema\/logo\/image\/"}}]}},"_links":{"self":[{"href":"https:\/\/shopatoa.com\/cz\/wp-json\/wp\/v2\/product\/241189","targetHints":{"allow":["GET"]}}],"collection":[{"href":"https:\/\/shopatoa.com\/cz\/wp-json\/wp\/v2\/product"}],"about":[{"href":"https:\/\/shopatoa.com\/cz\/wp-json\/wp\/v2\/types\/product"}],"replies":[{"embeddable":true,"href":"https:\/\/shopatoa.com\/cz\/wp-json\/wp\/v2\/comments?post=241189"}],"wp:featuredmedia":[{"embeddable":true,"href":"https:\/\/shopatoa.com\/cz\/wp-json\/wp\/v2\/media\/241190"}],"wp:attachment":[{"href":"https:\/\/shopatoa.com\/cz\/wp-json\/wp\/v2\/media?parent=241189"}],"wp:term":[{"taxonomy":"product_brand","embeddable":true,"href":"https:\/\/shopatoa.com\/cz\/wp-json\/wp\/v2\/product_brand?post=241189"},{"taxonomy":"product_cat","embeddable":true,"href":"https:\/\/shopatoa.com\/cz\/wp-json\/wp\/v2\/product_cat?post=241189"},{"taxonomy":"product_tag","embeddable":true,"href":"https:\/\/shopatoa.com\/cz\/wp-json\/wp\/v2\/product_tag?post=241189"}],"curies":[{"name":"wp","href":"https:\/\/api.w.org\/{rel}","templated":true}]}}