{"id":241207,"date":"2025-04-01T15:35:47","date_gmt":"2025-04-01T13:35:47","guid":{"rendered":"https:\/\/shopatoa.com\/cz\/?post_type=product&#038;p=241207"},"modified":"2026-02-04T08:33:52","modified_gmt":"2026-02-04T07:33:52","slug":"usni-kapky-beaphar-ear-cleaner-50-ml","status":"publish","type":"product","link":"https:\/\/shopatoa.com\/cz\/usni-kapky-beaphar-ear-cleaner-50-ml\/","title":{"rendered":"U\u0161n\u00ed kapky Beaphar Ear Cleaner 50 ml"},"content":{"rendered":"<p>U\u0161n\u00ed kapky Ear Cleaner jsou p\u0159\u00edpravek k \u0161etrn\u00e9mu \u010di\u0161t\u011bn\u00ed u\u0161\u00ed ps\u016f a ko\u010dek. Nadm\u011brn\u00fd u\u0161n\u00ed maz m\u016f\u017ee dr\u00e1\u017edit zvukovod, a vytv\u00e1\u0159et tak p\u0159\u00edzniv\u00e9 prost\u0159ed\u00ed pro rozvoj r\u016fzn\u00fdch druh\u016f infekce. Pravideln\u00fdm \u010di\u0161t\u011bn\u00edm u\u0161\u00ed sv\u00e9ho mazl\u00ed\u010dka p\u0159edejdete zdravotn\u00edm probl\u00e9m\u016fm s\u00a0u\u0161ima.<\/p>\n<p>\tMaj\u00ed antiseptick\u00e9 vlastnosti<br \/>\n\tRozpou\u0161t\u00ed u\u0161n\u00ed maz<br \/>\n\tUsnad\u0148uj\u00ed \u010di\u0161t\u011bn\u00ed zevn\u00edho zvukovodu\u00a0<br \/>\n\tNeobsahuj\u00ed alkohol<\/p>\n<p>N\u00e1vod k pou\u017eit\u00ed: Nakapejte 2x t\u00fddn\u011b 6-8 kapek do zvukovodu a lehce mas\u00edrujte u ko\u0159ene ucha. N\u00e1sledn\u011b o\u010dist\u011bte pap\u00edrov\u00fdm kapesn\u00edkem nebo vatov\u00fdm tamp\u00f3nem. Nepou\u017e\u00edvejte vatov\u00e9 ty\u010dinky ani nic nevtla\u010dujte do sluchov\u00fdch cest.<\/p>\n<p>Nepou\u017e\u00edvejte preventivn\u011b u b\u0159ez\u00edch a koj\u00edc\u00edch samic, nemocn\u00fdch \u010di oslaben\u00fdch jedinc\u016f,\u00a0u ml\u00e1\u010fatdo 2 m\u011bs\u00edc\u016f v\u011bku a p\u0159i po\u0161kozen\u00ed u\u0161n\u00edho bub\u00ednku.<\/p>\n<p>Slo\u017een\u00ed: cetrimid 1,5 g\/l, chlorhexidin diglukon\u00e1t 0,15 g\/l, mentol 1,0 g\/l, dimethylsulfon (MSM)<\/p>\n<p>Uchovejte v chladu a suchu mimo dosah d\u011bt\u00ed.<\/p>\n<p>Registra\u010dn\u00ed \u010d\u00edslo:\u00a0173-09\/C<\/p>\n","protected":false},"excerpt":{"rendered":"<p>U\u0161n\u00ed kapky Ear Cleaner jsou p\u0159\u00edpravek k \u0161etrn\u00e9mu \u010di\u0161t\u011bn\u00ed u\u0161\u00ed ps\u016f a ko\u010dek. Nadm\u011brn\u00fd u\u0161n\u00ed maz m\u016f\u017ee dr\u00e1\u017edit zvukovod, a vytv\u00e1\u0159et tak p\u0159\u00edzniv\u00e9 prost\u0159ed\u00ed pro rozvoj r\u016fzn\u00fdch druh\u016f infekce. Pravideln\u00fdm \u010di\u0161t\u011bn\u00edm u\u0161\u00ed sv\u00e9ho mazl\u00ed\u010dka p\u0159edejdete zdravotn\u00edm probl\u00e9m\u016fm s\u00a0u\u0161ima. Maj\u00ed antiseptick\u00e9 vlastnosti Rozpou\u0161t\u00ed u\u0161n\u00ed maz Usnad\u0148uj\u00ed \u010di\u0161t\u011bn\u00ed zevn\u00edho zvukovodu\u00a0 Neobsahuj\u00ed alkohol N\u00e1vod k pou\u017eit\u00ed: Nakapejte 2x&#8230;<\/p>\n","protected":false},"featured_media":241208,"comment_status":"closed","ping_status":"open","template":"","meta":{"_acf_changed":false,"_kadence_starter_templates_imported_post":false,"_kad_post_transparent":"","_kad_post_title":"","_kad_post_layout":"","_kad_post_sidebar_id":"","_kad_post_content_style":"","_kad_post_vertical_padding":"","_kad_post_feature":"","_kad_post_feature_position":"","_kad_post_header":false,"_kad_post_footer":false,"_kad_post_classname":""},"product_brand":[2037],"product_cat":[431,545,432],"product_tag":[],"class_list":{"0":"post-241207","1":"product","2":"type-product","3":"status-publish","4":"has-post-thumbnail","6":"product_brand-beaphar","7":"product_cat-domaci-a-osobni-spotrebice","8":"product_cat-pece-o-telo","9":"product_cat-pece-o-telo-a-zdravi","10":"pa_obchod-superzoo-cz","12":"first","13":"instock","14":"product-type-external","15":"entry","16":"content-bg","17":"loop-entry"},"acf":[],"yoast_head":"<!-- This site is optimized with the Yoast SEO plugin v27.4 - https:\/\/yoast.com\/product\/yoast-seo-wordpress\/ -->\n<title>U\u0161n\u00ed kapky Beaphar Ear Cleaner 50 ml - SHOPATOA.COM<\/title>\n<meta name=\"robots\" content=\"index, follow, max-snippet:-1, max-image-preview:large, max-video-preview:-1\" \/>\n<link rel=\"canonical\" href=\"https:\/\/shopatoa.com\/cz\/usni-kapky-beaphar-ear-cleaner-50-ml\/\" \/>\n<meta property=\"og:locale\" content=\"cs_CZ\" \/>\n<meta property=\"og:type\" content=\"article\" \/>\n<meta property=\"og:title\" content=\"U\u0161n\u00ed kapky Beaphar Ear Cleaner 50 ml - SHOPATOA.COM\" \/>\n<meta property=\"og:description\" content=\"U\u0161n\u00ed kapky Ear Cleaner jsou p\u0159\u00edpravek k \u0161etrn\u00e9mu \u010di\u0161t\u011bn\u00ed u\u0161\u00ed ps\u016f a ko\u010dek. Nadm\u011brn\u00fd u\u0161n\u00ed maz m\u016f\u017ee dr\u00e1\u017edit zvukovod, a vytv\u00e1\u0159et tak p\u0159\u00edzniv\u00e9 prost\u0159ed\u00ed pro rozvoj r\u016fzn\u00fdch druh\u016f infekce. Pravideln\u00fdm \u010di\u0161t\u011bn\u00edm u\u0161\u00ed sv\u00e9ho mazl\u00ed\u010dka p\u0159edejdete zdravotn\u00edm probl\u00e9m\u016fm s\u00a0u\u0161ima. Maj\u00ed antiseptick\u00e9 vlastnosti Rozpou\u0161t\u00ed u\u0161n\u00ed maz Usnad\u0148uj\u00ed \u010di\u0161t\u011bn\u00ed zevn\u00edho zvukovodu\u00a0 Neobsahuj\u00ed alkohol N\u00e1vod k pou\u017eit\u00ed: Nakapejte 2x...\" \/>\n<meta property=\"og:url\" content=\"https:\/\/shopatoa.com\/cz\/usni-kapky-beaphar-ear-cleaner-50-ml\/\" \/>\n<meta property=\"og:site_name\" content=\"SHOPATOA\" \/>\n<meta property=\"article:modified_time\" content=\"2026-02-04T07:33:52+00:00\" \/>\n<meta property=\"og:image\" content=\"https:\/\/storage.googleapis.com\/cz-shopatoa-img\/cz\/a7312e4e-1_90879.jpg\" \/>\n\t<meta property=\"og:image:width\" content=\"600\" \/>\n\t<meta property=\"og:image:height\" content=\"600\" \/>\n\t<meta property=\"og:image:type\" content=\"image\/jpeg\" \/>\n<meta name=\"twitter:card\" content=\"summary_large_image\" \/>\n<meta name=\"twitter:label1\" content=\"Odhadovan\u00e1 doba \u010dten\u00ed\" \/>\n\t<meta name=\"twitter:data1\" content=\"1 minuta\" \/>\n<script type=\"application\/ld+json\" class=\"yoast-schema-graph\">{\"@context\":\"https:\\\/\\\/schema.org\",\"@graph\":[{\"@type\":\"WebPage\",\"@id\":\"https:\\\/\\\/shopatoa.com\\\/cz\\\/usni-kapky-beaphar-ear-cleaner-50-ml\\\/\",\"url\":\"https:\\\/\\\/shopatoa.com\\\/cz\\\/usni-kapky-beaphar-ear-cleaner-50-ml\\\/\",\"name\":\"U\u0161n\u00ed kapky Beaphar Ear Cleaner 50 ml - SHOPATOA.COM\",\"isPartOf\":{\"@id\":\"https:\\\/\\\/shopatoa.com\\\/cz\\\/#website\"},\"primaryImageOfPage\":{\"@id\":\"https:\\\/\\\/shopatoa.com\\\/cz\\\/usni-kapky-beaphar-ear-cleaner-50-ml\\\/#primaryimage\"},\"image\":{\"@id\":\"https:\\\/\\\/shopatoa.com\\\/cz\\\/usni-kapky-beaphar-ear-cleaner-50-ml\\\/#primaryimage\"},\"thumbnailUrl\":\"https:\\\/\\\/storage.googleapis.com\\\/cz-shopatoa-img\\\/cz\\\/a7312e4e-1_90879.jpg\",\"datePublished\":\"2025-04-01T13:35:47+00:00\",\"dateModified\":\"2026-02-04T07:33:52+00:00\",\"breadcrumb\":{\"@id\":\"https:\\\/\\\/shopatoa.com\\\/cz\\\/usni-kapky-beaphar-ear-cleaner-50-ml\\\/#breadcrumb\"},\"inLanguage\":\"cs\",\"potentialAction\":[{\"@type\":\"ReadAction\",\"target\":[\"https:\\\/\\\/shopatoa.com\\\/cz\\\/usni-kapky-beaphar-ear-cleaner-50-ml\\\/\"]}]},{\"@type\":\"ImageObject\",\"inLanguage\":\"cs\",\"@id\":\"https:\\\/\\\/shopatoa.com\\\/cz\\\/usni-kapky-beaphar-ear-cleaner-50-ml\\\/#primaryimage\",\"url\":\"https:\\\/\\\/storage.googleapis.com\\\/cz-shopatoa-img\\\/cz\\\/a7312e4e-1_90879.jpg\",\"contentUrl\":\"https:\\\/\\\/storage.googleapis.com\\\/cz-shopatoa-img\\\/cz\\\/a7312e4e-1_90879.jpg\",\"width\":600,\"height\":600},{\"@type\":\"BreadcrumbList\",\"@id\":\"https:\\\/\\\/shopatoa.com\\\/cz\\\/usni-kapky-beaphar-ear-cleaner-50-ml\\\/#breadcrumb\",\"itemListElement\":[{\"@type\":\"ListItem\",\"position\":1,\"name\":\"Dom\u016f\",\"item\":\"https:\\\/\\\/shopatoa.com\\\/cz\\\/\"},{\"@type\":\"ListItem\",\"position\":2,\"name\":\"Produkty\",\"item\":\"https:\\\/\\\/shopatoa.com\\\/cz\\\/shop\\\/\"},{\"@type\":\"ListItem\",\"position\":3,\"name\":\"Dom\u00e1c\u00ed a osobn\u00ed spot\u0159ebi\u010de\",\"item\":\"https:\\\/\\\/shopatoa.com\\\/cz\\\/domaci-a-osobni-spotrebice\\\/\"},{\"@type\":\"ListItem\",\"position\":4,\"name\":\"P\u00e9\u010de o t\u011blo a zdrav\u00ed\",\"item\":\"https:\\\/\\\/shopatoa.com\\\/cz\\\/pece-o-telo-a-zdravi\\\/\"},{\"@type\":\"ListItem\",\"position\":5,\"name\":\"P\u00e9\u010de o t\u011blo\",\"item\":\"https:\\\/\\\/shopatoa.com\\\/cz\\\/pece-o-telo\\\/\"},{\"@type\":\"ListItem\",\"position\":6,\"name\":\"U\u0161n\u00ed kapky Beaphar Ear Cleaner 50 ml\"}]},{\"@type\":\"WebSite\",\"@id\":\"https:\\\/\\\/shopatoa.com\\\/cz\\\/#website\",\"url\":\"https:\\\/\\\/shopatoa.com\\\/cz\\\/\",\"name\":\"SHOPATOA\",\"description\":\"\",\"publisher\":{\"@id\":\"https:\\\/\\\/shopatoa.com\\\/cz\\\/#organization\"},\"potentialAction\":[{\"@type\":\"SearchAction\",\"target\":{\"@type\":\"EntryPoint\",\"urlTemplate\":\"https:\\\/\\\/shopatoa.com\\\/cz\\\/?s={search_term_string}\"},\"query-input\":{\"@type\":\"PropertyValueSpecification\",\"valueRequired\":true,\"valueName\":\"search_term_string\"}}],\"inLanguage\":\"cs\"},{\"@type\":\"Organization\",\"@id\":\"https:\\\/\\\/shopatoa.com\\\/cz\\\/#organization\",\"name\":\"SHOPATOA Digital s.r.o.\",\"url\":\"https:\\\/\\\/shopatoa.com\\\/cz\\\/\",\"logo\":{\"@type\":\"ImageObject\",\"inLanguage\":\"cs\",\"@id\":\"https:\\\/\\\/shopatoa.com\\\/cz\\\/#\\\/schema\\\/logo\\\/image\\\/\",\"url\":\"https:\\\/\\\/storage.googleapis.com\\\/cz-shopatoa-img\\\/cz\\\/ebccf434-shopatoa_logo.png\",\"contentUrl\":\"https:\\\/\\\/storage.googleapis.com\\\/cz-shopatoa-img\\\/cz\\\/ebccf434-shopatoa_logo.png\",\"width\":416,\"height\":63,\"caption\":\"SHOPATOA Digital s.r.o.\"},\"image\":{\"@id\":\"https:\\\/\\\/shopatoa.com\\\/cz\\\/#\\\/schema\\\/logo\\\/image\\\/\"}}]}<\/script>\n<!-- \/ Yoast SEO plugin. -->","yoast_head_json":{"title":"U\u0161n\u00ed kapky Beaphar Ear Cleaner 50 ml - SHOPATOA.COM","robots":{"index":"index","follow":"follow","max-snippet":"max-snippet:-1","max-image-preview":"max-image-preview:large","max-video-preview":"max-video-preview:-1"},"canonical":"https:\/\/shopatoa.com\/cz\/usni-kapky-beaphar-ear-cleaner-50-ml\/","og_locale":"cs_CZ","og_type":"article","og_title":"U\u0161n\u00ed kapky Beaphar Ear Cleaner 50 ml - SHOPATOA.COM","og_description":"U\u0161n\u00ed kapky Ear Cleaner jsou p\u0159\u00edpravek k \u0161etrn\u00e9mu \u010di\u0161t\u011bn\u00ed u\u0161\u00ed ps\u016f a ko\u010dek. Nadm\u011brn\u00fd u\u0161n\u00ed maz m\u016f\u017ee dr\u00e1\u017edit zvukovod, a vytv\u00e1\u0159et tak p\u0159\u00edzniv\u00e9 prost\u0159ed\u00ed pro rozvoj r\u016fzn\u00fdch druh\u016f infekce. Pravideln\u00fdm \u010di\u0161t\u011bn\u00edm u\u0161\u00ed sv\u00e9ho mazl\u00ed\u010dka p\u0159edejdete zdravotn\u00edm probl\u00e9m\u016fm s\u00a0u\u0161ima. Maj\u00ed antiseptick\u00e9 vlastnosti Rozpou\u0161t\u00ed u\u0161n\u00ed maz Usnad\u0148uj\u00ed \u010di\u0161t\u011bn\u00ed zevn\u00edho zvukovodu\u00a0 Neobsahuj\u00ed alkohol N\u00e1vod k pou\u017eit\u00ed: Nakapejte 2x...","og_url":"https:\/\/shopatoa.com\/cz\/usni-kapky-beaphar-ear-cleaner-50-ml\/","og_site_name":"SHOPATOA","article_modified_time":"2026-02-04T07:33:52+00:00","og_image":[{"width":600,"height":600,"url":"https:\/\/storage.googleapis.com\/cz-shopatoa-img\/cz\/a7312e4e-1_90879.jpg","type":"image\/jpeg"}],"twitter_card":"summary_large_image","twitter_misc":{"Odhadovan\u00e1 doba \u010dten\u00ed":"1 minuta"},"schema":{"@context":"https:\/\/schema.org","@graph":[{"@type":"WebPage","@id":"https:\/\/shopatoa.com\/cz\/usni-kapky-beaphar-ear-cleaner-50-ml\/","url":"https:\/\/shopatoa.com\/cz\/usni-kapky-beaphar-ear-cleaner-50-ml\/","name":"U\u0161n\u00ed kapky Beaphar Ear Cleaner 50 ml - SHOPATOA.COM","isPartOf":{"@id":"https:\/\/shopatoa.com\/cz\/#website"},"primaryImageOfPage":{"@id":"https:\/\/shopatoa.com\/cz\/usni-kapky-beaphar-ear-cleaner-50-ml\/#primaryimage"},"image":{"@id":"https:\/\/shopatoa.com\/cz\/usni-kapky-beaphar-ear-cleaner-50-ml\/#primaryimage"},"thumbnailUrl":"https:\/\/storage.googleapis.com\/cz-shopatoa-img\/cz\/a7312e4e-1_90879.jpg","datePublished":"2025-04-01T13:35:47+00:00","dateModified":"2026-02-04T07:33:52+00:00","breadcrumb":{"@id":"https:\/\/shopatoa.com\/cz\/usni-kapky-beaphar-ear-cleaner-50-ml\/#breadcrumb"},"inLanguage":"cs","potentialAction":[{"@type":"ReadAction","target":["https:\/\/shopatoa.com\/cz\/usni-kapky-beaphar-ear-cleaner-50-ml\/"]}]},{"@type":"ImageObject","inLanguage":"cs","@id":"https:\/\/shopatoa.com\/cz\/usni-kapky-beaphar-ear-cleaner-50-ml\/#primaryimage","url":"https:\/\/storage.googleapis.com\/cz-shopatoa-img\/cz\/a7312e4e-1_90879.jpg","contentUrl":"https:\/\/storage.googleapis.com\/cz-shopatoa-img\/cz\/a7312e4e-1_90879.jpg","width":600,"height":600},{"@type":"BreadcrumbList","@id":"https:\/\/shopatoa.com\/cz\/usni-kapky-beaphar-ear-cleaner-50-ml\/#breadcrumb","itemListElement":[{"@type":"ListItem","position":1,"name":"Dom\u016f","item":"https:\/\/shopatoa.com\/cz\/"},{"@type":"ListItem","position":2,"name":"Produkty","item":"https:\/\/shopatoa.com\/cz\/shop\/"},{"@type":"ListItem","position":3,"name":"Dom\u00e1c\u00ed a osobn\u00ed spot\u0159ebi\u010de","item":"https:\/\/shopatoa.com\/cz\/domaci-a-osobni-spotrebice\/"},{"@type":"ListItem","position":4,"name":"P\u00e9\u010de o t\u011blo a zdrav\u00ed","item":"https:\/\/shopatoa.com\/cz\/pece-o-telo-a-zdravi\/"},{"@type":"ListItem","position":5,"name":"P\u00e9\u010de o t\u011blo","item":"https:\/\/shopatoa.com\/cz\/pece-o-telo\/"},{"@type":"ListItem","position":6,"name":"U\u0161n\u00ed kapky Beaphar Ear Cleaner 50 ml"}]},{"@type":"WebSite","@id":"https:\/\/shopatoa.com\/cz\/#website","url":"https:\/\/shopatoa.com\/cz\/","name":"SHOPATOA","description":"","publisher":{"@id":"https:\/\/shopatoa.com\/cz\/#organization"},"potentialAction":[{"@type":"SearchAction","target":{"@type":"EntryPoint","urlTemplate":"https:\/\/shopatoa.com\/cz\/?s={search_term_string}"},"query-input":{"@type":"PropertyValueSpecification","valueRequired":true,"valueName":"search_term_string"}}],"inLanguage":"cs"},{"@type":"Organization","@id":"https:\/\/shopatoa.com\/cz\/#organization","name":"SHOPATOA Digital s.r.o.","url":"https:\/\/shopatoa.com\/cz\/","logo":{"@type":"ImageObject","inLanguage":"cs","@id":"https:\/\/shopatoa.com\/cz\/#\/schema\/logo\/image\/","url":"https:\/\/storage.googleapis.com\/cz-shopatoa-img\/cz\/ebccf434-shopatoa_logo.png","contentUrl":"https:\/\/storage.googleapis.com\/cz-shopatoa-img\/cz\/ebccf434-shopatoa_logo.png","width":416,"height":63,"caption":"SHOPATOA Digital s.r.o."},"image":{"@id":"https:\/\/shopatoa.com\/cz\/#\/schema\/logo\/image\/"}}]}},"_links":{"self":[{"href":"https:\/\/shopatoa.com\/cz\/wp-json\/wp\/v2\/product\/241207","targetHints":{"allow":["GET"]}}],"collection":[{"href":"https:\/\/shopatoa.com\/cz\/wp-json\/wp\/v2\/product"}],"about":[{"href":"https:\/\/shopatoa.com\/cz\/wp-json\/wp\/v2\/types\/product"}],"replies":[{"embeddable":true,"href":"https:\/\/shopatoa.com\/cz\/wp-json\/wp\/v2\/comments?post=241207"}],"wp:featuredmedia":[{"embeddable":true,"href":"https:\/\/shopatoa.com\/cz\/wp-json\/wp\/v2\/media\/241208"}],"wp:attachment":[{"href":"https:\/\/shopatoa.com\/cz\/wp-json\/wp\/v2\/media?parent=241207"}],"wp:term":[{"taxonomy":"product_brand","embeddable":true,"href":"https:\/\/shopatoa.com\/cz\/wp-json\/wp\/v2\/product_brand?post=241207"},{"taxonomy":"product_cat","embeddable":true,"href":"https:\/\/shopatoa.com\/cz\/wp-json\/wp\/v2\/product_cat?post=241207"},{"taxonomy":"product_tag","embeddable":true,"href":"https:\/\/shopatoa.com\/cz\/wp-json\/wp\/v2\/product_tag?post=241207"}],"curies":[{"name":"wp","href":"https:\/\/api.w.org\/{rel}","templated":true}]}}