{"id":241209,"date":"2025-04-01T15:35:52","date_gmt":"2025-04-01T13:35:52","guid":{"rendered":"https:\/\/shopatoa.com\/cz\/?post_type=product&#038;p=241209"},"modified":"2026-02-04T08:33:49","modified_gmt":"2026-02-04T07:33:49","slug":"vycvikove-kapky-pro-stenata-beaphar-puppy-trainer-50-ml","status":"publish","type":"product","link":"https:\/\/shopatoa.com\/cz\/vycvikove-kapky-pro-stenata-beaphar-puppy-trainer-50-ml\/","title":{"rendered":"V\u00fdcvikov\u00e9 kapky pro \u0161t\u011b\u0148ata Beaphar Puppy Trainer 50 ml"},"content":{"rendered":"<p>V\u00fdcvikov\u00e9 kapky pro \u0161t\u011b\u0148ata Puppy Trainer pomohou nau\u010dit va\u0161e \u0161t\u011bn\u011b chodit vykon\u00e1vat pot\u0159ebu na jemu vyhrazen\u00e9 m\u00edsto.<\/p>\n<p>\tPou\u017e\u00edvejte pravideln\u011b do t\u00e9 doby, a\u017e si \u0161t\u011bn\u011b na dan\u00e9 m\u00edsto zvykne chodit<br \/>\n\tVhodn\u00e9 kombinovat s hygienick\u00fdmi podlo\u017ekami Beaphar Puppy Pads<\/p>\n<p>N\u00e1vod k pou\u017eit\u00ed: Nakapejte 5-10 kapek na hygienickou podlo\u017eku (pap\u00edr, noviny) a nechte je \u0161t\u011bn\u011b o\u010dichat. Pou\u017e\u00edvejte 3x denn\u011b, a to hlavn\u011b po krmen\u00ed. Chvalte psa, jakmile pou\u017eije ur\u010den\u00e9 m\u00edsto. Zohledn\u011bte, \u017ee doba tr\u00e9ninku je u ka\u017ed\u00e9ho \u0161t\u011bn\u011bte jin\u00e1.<\/p>\n","protected":false},"excerpt":{"rendered":"<p>V\u00fdcvikov\u00e9 kapky pro \u0161t\u011b\u0148ata Puppy Trainer pomohou nau\u010dit va\u0161e \u0161t\u011bn\u011b chodit vykon\u00e1vat pot\u0159ebu na jemu vyhrazen\u00e9 m\u00edsto. Pou\u017e\u00edvejte pravideln\u011b do t\u00e9 doby, a\u017e si \u0161t\u011bn\u011b na dan\u00e9 m\u00edsto zvykne chodit Vhodn\u00e9 kombinovat s hygienick\u00fdmi podlo\u017ekami Beaphar Puppy Pads N\u00e1vod k pou\u017eit\u00ed: Nakapejte 5-10 kapek na hygienickou podlo\u017eku (pap\u00edr, noviny) a nechte je \u0161t\u011bn\u011b o\u010dichat. Pou\u017e\u00edvejte&#8230;<\/p>\n","protected":false},"featured_media":241210,"comment_status":"closed","ping_status":"open","template":"","meta":{"_acf_changed":false,"_kadence_starter_templates_imported_post":false,"_kad_post_transparent":"","_kad_post_title":"","_kad_post_layout":"","_kad_post_sidebar_id":"","_kad_post_content_style":"","_kad_post_vertical_padding":"","_kad_post_feature":"","_kad_post_feature_position":"","_kad_post_header":false,"_kad_post_footer":false,"_kad_post_classname":""},"product_brand":[2037],"product_cat":[436,739,2546],"product_tag":[],"class_list":{"0":"post-241209","1":"product","2":"type-product","3":"status-publish","4":"has-post-thumbnail","6":"product_brand-beaphar","7":"product_cat-chovatelske-potreby-2","8":"product_cat-pro-psy-chovatelske-potreby-2","9":"product_cat-vycvik-a-psi-sporty","10":"pa_obchod-superzoo-cz","12":"first","13":"instock","14":"product-type-external","15":"entry","16":"content-bg","17":"loop-entry"},"acf":[],"yoast_head":"<!-- This site is optimized with the Yoast SEO plugin v27.4 - https:\/\/yoast.com\/product\/yoast-seo-wordpress\/ -->\n<title>V\u00fdcvikov\u00e9 kapky pro \u0161t\u011b\u0148ata Beaphar Puppy Trainer 50 ml - SHOPATOA.COM<\/title>\n<meta name=\"robots\" content=\"index, follow, max-snippet:-1, max-image-preview:large, max-video-preview:-1\" \/>\n<link rel=\"canonical\" href=\"https:\/\/shopatoa.com\/cz\/vycvikove-kapky-pro-stenata-beaphar-puppy-trainer-50-ml\/\" \/>\n<meta property=\"og:locale\" content=\"cs_CZ\" \/>\n<meta property=\"og:type\" content=\"article\" \/>\n<meta property=\"og:title\" content=\"V\u00fdcvikov\u00e9 kapky pro \u0161t\u011b\u0148ata Beaphar Puppy Trainer 50 ml - SHOPATOA.COM\" \/>\n<meta property=\"og:description\" content=\"V\u00fdcvikov\u00e9 kapky pro \u0161t\u011b\u0148ata Puppy Trainer pomohou nau\u010dit va\u0161e \u0161t\u011bn\u011b chodit vykon\u00e1vat pot\u0159ebu na jemu vyhrazen\u00e9 m\u00edsto. Pou\u017e\u00edvejte pravideln\u011b do t\u00e9 doby, a\u017e si \u0161t\u011bn\u011b na dan\u00e9 m\u00edsto zvykne chodit Vhodn\u00e9 kombinovat s hygienick\u00fdmi podlo\u017ekami Beaphar Puppy Pads N\u00e1vod k pou\u017eit\u00ed: Nakapejte 5-10 kapek na hygienickou podlo\u017eku (pap\u00edr, noviny) a nechte je \u0161t\u011bn\u011b o\u010dichat. Pou\u017e\u00edvejte...\" \/>\n<meta property=\"og:url\" content=\"https:\/\/shopatoa.com\/cz\/vycvikove-kapky-pro-stenata-beaphar-puppy-trainer-50-ml\/\" \/>\n<meta property=\"og:site_name\" content=\"SHOPATOA\" \/>\n<meta property=\"article:modified_time\" content=\"2026-02-04T07:33:49+00:00\" \/>\n<meta property=\"og:image\" content=\"https:\/\/storage.googleapis.com\/cz-shopatoa-img\/cz\/12adef3c-1_27747.jpg\" \/>\n\t<meta property=\"og:image:width\" content=\"600\" \/>\n\t<meta property=\"og:image:height\" content=\"600\" \/>\n\t<meta property=\"og:image:type\" content=\"image\/jpeg\" \/>\n<meta name=\"twitter:card\" content=\"summary_large_image\" \/>\n<meta name=\"twitter:label1\" content=\"Odhadovan\u00e1 doba \u010dten\u00ed\" \/>\n\t<meta name=\"twitter:data1\" content=\"1 minuta\" \/>\n<script type=\"application\/ld+json\" class=\"yoast-schema-graph\">{\"@context\":\"https:\\\/\\\/schema.org\",\"@graph\":[{\"@type\":\"WebPage\",\"@id\":\"https:\\\/\\\/shopatoa.com\\\/cz\\\/vycvikove-kapky-pro-stenata-beaphar-puppy-trainer-50-ml\\\/\",\"url\":\"https:\\\/\\\/shopatoa.com\\\/cz\\\/vycvikove-kapky-pro-stenata-beaphar-puppy-trainer-50-ml\\\/\",\"name\":\"V\u00fdcvikov\u00e9 kapky pro \u0161t\u011b\u0148ata Beaphar Puppy Trainer 50 ml - SHOPATOA.COM\",\"isPartOf\":{\"@id\":\"https:\\\/\\\/shopatoa.com\\\/cz\\\/#website\"},\"primaryImageOfPage\":{\"@id\":\"https:\\\/\\\/shopatoa.com\\\/cz\\\/vycvikove-kapky-pro-stenata-beaphar-puppy-trainer-50-ml\\\/#primaryimage\"},\"image\":{\"@id\":\"https:\\\/\\\/shopatoa.com\\\/cz\\\/vycvikove-kapky-pro-stenata-beaphar-puppy-trainer-50-ml\\\/#primaryimage\"},\"thumbnailUrl\":\"https:\\\/\\\/storage.googleapis.com\\\/cz-shopatoa-img\\\/cz\\\/12adef3c-1_27747.jpg\",\"datePublished\":\"2025-04-01T13:35:52+00:00\",\"dateModified\":\"2026-02-04T07:33:49+00:00\",\"breadcrumb\":{\"@id\":\"https:\\\/\\\/shopatoa.com\\\/cz\\\/vycvikove-kapky-pro-stenata-beaphar-puppy-trainer-50-ml\\\/#breadcrumb\"},\"inLanguage\":\"cs\",\"potentialAction\":[{\"@type\":\"ReadAction\",\"target\":[\"https:\\\/\\\/shopatoa.com\\\/cz\\\/vycvikove-kapky-pro-stenata-beaphar-puppy-trainer-50-ml\\\/\"]}]},{\"@type\":\"ImageObject\",\"inLanguage\":\"cs\",\"@id\":\"https:\\\/\\\/shopatoa.com\\\/cz\\\/vycvikove-kapky-pro-stenata-beaphar-puppy-trainer-50-ml\\\/#primaryimage\",\"url\":\"https:\\\/\\\/storage.googleapis.com\\\/cz-shopatoa-img\\\/cz\\\/12adef3c-1_27747.jpg\",\"contentUrl\":\"https:\\\/\\\/storage.googleapis.com\\\/cz-shopatoa-img\\\/cz\\\/12adef3c-1_27747.jpg\",\"width\":600,\"height\":600},{\"@type\":\"BreadcrumbList\",\"@id\":\"https:\\\/\\\/shopatoa.com\\\/cz\\\/vycvikove-kapky-pro-stenata-beaphar-puppy-trainer-50-ml\\\/#breadcrumb\",\"itemListElement\":[{\"@type\":\"ListItem\",\"position\":1,\"name\":\"Dom\u016f\",\"item\":\"https:\\\/\\\/shopatoa.com\\\/cz\\\/\"},{\"@type\":\"ListItem\",\"position\":2,\"name\":\"Produkty\",\"item\":\"https:\\\/\\\/shopatoa.com\\\/cz\\\/shop\\\/\"},{\"@type\":\"ListItem\",\"position\":3,\"name\":\"Chovatelsk\u00e9 pot\u0159eby\",\"item\":\"https:\\\/\\\/shopatoa.com\\\/cz\\\/chovatelske-potreby-2\\\/\"},{\"@type\":\"ListItem\",\"position\":4,\"name\":\"Pro psy\",\"item\":\"https:\\\/\\\/shopatoa.com\\\/cz\\\/pro-psy-chovatelske-potreby-2\\\/\"},{\"@type\":\"ListItem\",\"position\":5,\"name\":\"V\u00fdcvik a ps\u00ed sporty\",\"item\":\"https:\\\/\\\/shopatoa.com\\\/cz\\\/vycvik-a-psi-sporty\\\/\"},{\"@type\":\"ListItem\",\"position\":6,\"name\":\"V\u00fdcvikov\u00e9 kapky pro \u0161t\u011b\u0148ata Beaphar Puppy Trainer 50 ml\"}]},{\"@type\":\"WebSite\",\"@id\":\"https:\\\/\\\/shopatoa.com\\\/cz\\\/#website\",\"url\":\"https:\\\/\\\/shopatoa.com\\\/cz\\\/\",\"name\":\"SHOPATOA\",\"description\":\"\",\"publisher\":{\"@id\":\"https:\\\/\\\/shopatoa.com\\\/cz\\\/#organization\"},\"potentialAction\":[{\"@type\":\"SearchAction\",\"target\":{\"@type\":\"EntryPoint\",\"urlTemplate\":\"https:\\\/\\\/shopatoa.com\\\/cz\\\/?s={search_term_string}\"},\"query-input\":{\"@type\":\"PropertyValueSpecification\",\"valueRequired\":true,\"valueName\":\"search_term_string\"}}],\"inLanguage\":\"cs\"},{\"@type\":\"Organization\",\"@id\":\"https:\\\/\\\/shopatoa.com\\\/cz\\\/#organization\",\"name\":\"SHOPATOA Digital s.r.o.\",\"url\":\"https:\\\/\\\/shopatoa.com\\\/cz\\\/\",\"logo\":{\"@type\":\"ImageObject\",\"inLanguage\":\"cs\",\"@id\":\"https:\\\/\\\/shopatoa.com\\\/cz\\\/#\\\/schema\\\/logo\\\/image\\\/\",\"url\":\"https:\\\/\\\/storage.googleapis.com\\\/cz-shopatoa-img\\\/cz\\\/ebccf434-shopatoa_logo.png\",\"contentUrl\":\"https:\\\/\\\/storage.googleapis.com\\\/cz-shopatoa-img\\\/cz\\\/ebccf434-shopatoa_logo.png\",\"width\":416,\"height\":63,\"caption\":\"SHOPATOA Digital s.r.o.\"},\"image\":{\"@id\":\"https:\\\/\\\/shopatoa.com\\\/cz\\\/#\\\/schema\\\/logo\\\/image\\\/\"}}]}<\/script>\n<!-- \/ Yoast SEO plugin. -->","yoast_head_json":{"title":"V\u00fdcvikov\u00e9 kapky pro \u0161t\u011b\u0148ata Beaphar Puppy Trainer 50 ml - SHOPATOA.COM","robots":{"index":"index","follow":"follow","max-snippet":"max-snippet:-1","max-image-preview":"max-image-preview:large","max-video-preview":"max-video-preview:-1"},"canonical":"https:\/\/shopatoa.com\/cz\/vycvikove-kapky-pro-stenata-beaphar-puppy-trainer-50-ml\/","og_locale":"cs_CZ","og_type":"article","og_title":"V\u00fdcvikov\u00e9 kapky pro \u0161t\u011b\u0148ata Beaphar Puppy Trainer 50 ml - SHOPATOA.COM","og_description":"V\u00fdcvikov\u00e9 kapky pro \u0161t\u011b\u0148ata Puppy Trainer pomohou nau\u010dit va\u0161e \u0161t\u011bn\u011b chodit vykon\u00e1vat pot\u0159ebu na jemu vyhrazen\u00e9 m\u00edsto. Pou\u017e\u00edvejte pravideln\u011b do t\u00e9 doby, a\u017e si \u0161t\u011bn\u011b na dan\u00e9 m\u00edsto zvykne chodit Vhodn\u00e9 kombinovat s hygienick\u00fdmi podlo\u017ekami Beaphar Puppy Pads N\u00e1vod k pou\u017eit\u00ed: Nakapejte 5-10 kapek na hygienickou podlo\u017eku (pap\u00edr, noviny) a nechte je \u0161t\u011bn\u011b o\u010dichat. Pou\u017e\u00edvejte...","og_url":"https:\/\/shopatoa.com\/cz\/vycvikove-kapky-pro-stenata-beaphar-puppy-trainer-50-ml\/","og_site_name":"SHOPATOA","article_modified_time":"2026-02-04T07:33:49+00:00","og_image":[{"width":600,"height":600,"url":"https:\/\/storage.googleapis.com\/cz-shopatoa-img\/cz\/12adef3c-1_27747.jpg","type":"image\/jpeg"}],"twitter_card":"summary_large_image","twitter_misc":{"Odhadovan\u00e1 doba \u010dten\u00ed":"1 minuta"},"schema":{"@context":"https:\/\/schema.org","@graph":[{"@type":"WebPage","@id":"https:\/\/shopatoa.com\/cz\/vycvikove-kapky-pro-stenata-beaphar-puppy-trainer-50-ml\/","url":"https:\/\/shopatoa.com\/cz\/vycvikove-kapky-pro-stenata-beaphar-puppy-trainer-50-ml\/","name":"V\u00fdcvikov\u00e9 kapky pro \u0161t\u011b\u0148ata Beaphar Puppy Trainer 50 ml - SHOPATOA.COM","isPartOf":{"@id":"https:\/\/shopatoa.com\/cz\/#website"},"primaryImageOfPage":{"@id":"https:\/\/shopatoa.com\/cz\/vycvikove-kapky-pro-stenata-beaphar-puppy-trainer-50-ml\/#primaryimage"},"image":{"@id":"https:\/\/shopatoa.com\/cz\/vycvikove-kapky-pro-stenata-beaphar-puppy-trainer-50-ml\/#primaryimage"},"thumbnailUrl":"https:\/\/storage.googleapis.com\/cz-shopatoa-img\/cz\/12adef3c-1_27747.jpg","datePublished":"2025-04-01T13:35:52+00:00","dateModified":"2026-02-04T07:33:49+00:00","breadcrumb":{"@id":"https:\/\/shopatoa.com\/cz\/vycvikove-kapky-pro-stenata-beaphar-puppy-trainer-50-ml\/#breadcrumb"},"inLanguage":"cs","potentialAction":[{"@type":"ReadAction","target":["https:\/\/shopatoa.com\/cz\/vycvikove-kapky-pro-stenata-beaphar-puppy-trainer-50-ml\/"]}]},{"@type":"ImageObject","inLanguage":"cs","@id":"https:\/\/shopatoa.com\/cz\/vycvikove-kapky-pro-stenata-beaphar-puppy-trainer-50-ml\/#primaryimage","url":"https:\/\/storage.googleapis.com\/cz-shopatoa-img\/cz\/12adef3c-1_27747.jpg","contentUrl":"https:\/\/storage.googleapis.com\/cz-shopatoa-img\/cz\/12adef3c-1_27747.jpg","width":600,"height":600},{"@type":"BreadcrumbList","@id":"https:\/\/shopatoa.com\/cz\/vycvikove-kapky-pro-stenata-beaphar-puppy-trainer-50-ml\/#breadcrumb","itemListElement":[{"@type":"ListItem","position":1,"name":"Dom\u016f","item":"https:\/\/shopatoa.com\/cz\/"},{"@type":"ListItem","position":2,"name":"Produkty","item":"https:\/\/shopatoa.com\/cz\/shop\/"},{"@type":"ListItem","position":3,"name":"Chovatelsk\u00e9 pot\u0159eby","item":"https:\/\/shopatoa.com\/cz\/chovatelske-potreby-2\/"},{"@type":"ListItem","position":4,"name":"Pro psy","item":"https:\/\/shopatoa.com\/cz\/pro-psy-chovatelske-potreby-2\/"},{"@type":"ListItem","position":5,"name":"V\u00fdcvik a ps\u00ed sporty","item":"https:\/\/shopatoa.com\/cz\/vycvik-a-psi-sporty\/"},{"@type":"ListItem","position":6,"name":"V\u00fdcvikov\u00e9 kapky pro \u0161t\u011b\u0148ata Beaphar Puppy Trainer 50 ml"}]},{"@type":"WebSite","@id":"https:\/\/shopatoa.com\/cz\/#website","url":"https:\/\/shopatoa.com\/cz\/","name":"SHOPATOA","description":"","publisher":{"@id":"https:\/\/shopatoa.com\/cz\/#organization"},"potentialAction":[{"@type":"SearchAction","target":{"@type":"EntryPoint","urlTemplate":"https:\/\/shopatoa.com\/cz\/?s={search_term_string}"},"query-input":{"@type":"PropertyValueSpecification","valueRequired":true,"valueName":"search_term_string"}}],"inLanguage":"cs"},{"@type":"Organization","@id":"https:\/\/shopatoa.com\/cz\/#organization","name":"SHOPATOA Digital s.r.o.","url":"https:\/\/shopatoa.com\/cz\/","logo":{"@type":"ImageObject","inLanguage":"cs","@id":"https:\/\/shopatoa.com\/cz\/#\/schema\/logo\/image\/","url":"https:\/\/storage.googleapis.com\/cz-shopatoa-img\/cz\/ebccf434-shopatoa_logo.png","contentUrl":"https:\/\/storage.googleapis.com\/cz-shopatoa-img\/cz\/ebccf434-shopatoa_logo.png","width":416,"height":63,"caption":"SHOPATOA Digital s.r.o."},"image":{"@id":"https:\/\/shopatoa.com\/cz\/#\/schema\/logo\/image\/"}}]}},"_links":{"self":[{"href":"https:\/\/shopatoa.com\/cz\/wp-json\/wp\/v2\/product\/241209","targetHints":{"allow":["GET"]}}],"collection":[{"href":"https:\/\/shopatoa.com\/cz\/wp-json\/wp\/v2\/product"}],"about":[{"href":"https:\/\/shopatoa.com\/cz\/wp-json\/wp\/v2\/types\/product"}],"replies":[{"embeddable":true,"href":"https:\/\/shopatoa.com\/cz\/wp-json\/wp\/v2\/comments?post=241209"}],"wp:featuredmedia":[{"embeddable":true,"href":"https:\/\/shopatoa.com\/cz\/wp-json\/wp\/v2\/media\/241210"}],"wp:attachment":[{"href":"https:\/\/shopatoa.com\/cz\/wp-json\/wp\/v2\/media?parent=241209"}],"wp:term":[{"taxonomy":"product_brand","embeddable":true,"href":"https:\/\/shopatoa.com\/cz\/wp-json\/wp\/v2\/product_brand?post=241209"},{"taxonomy":"product_cat","embeddable":true,"href":"https:\/\/shopatoa.com\/cz\/wp-json\/wp\/v2\/product_cat?post=241209"},{"taxonomy":"product_tag","embeddable":true,"href":"https:\/\/shopatoa.com\/cz\/wp-json\/wp\/v2\/product_tag?post=241209"}],"curies":[{"name":"wp","href":"https:\/\/api.w.org\/{rel}","templated":true}]}}