{"id":241221,"date":"2025-04-01T15:36:29","date_gmt":"2025-04-01T13:36:29","guid":{"rendered":"https:\/\/shopatoa.com\/cz\/?post_type=product&#038;p=241221"},"modified":"2026-02-04T08:33:36","modified_gmt":"2026-02-04T07:33:36","slug":"ustni-voda-beaphar-mouth-wash-250-ml","status":"publish","type":"product","link":"https:\/\/shopatoa.com\/cz\/ustni-voda-beaphar-mouth-wash-250-ml\/","title":{"rendered":"\u00dastn\u00ed voda Beaphar Mouth Wash 250 ml"},"content":{"rendered":"<p>\u00dastn\u00ed voda Mouth Wash neutralizuje nep\u0159\u00edjemn\u00fd z\u00e1pach z \u00fast ps\u016f a ko\u010dek. <\/p>\n<p>\tP\u016fsob\u00ed proti zubn\u00edmu plaku, zubn\u00edmu kameni a bakteri\u00edm<br \/>\n\tVhodn\u00e1 pro \u0161t\u011b\u0148ata a ko\u0165ata od 6 m\u011bs\u00edc\u016f v\u011bku<br \/>\n\tObsahuje enzym prote\u00e1za<br \/>\n\tP\u0159id\u00e1v\u00e1 se do vody<\/p>\n<p>N\u00e1vod k pou\u017eit\u00ed: P\u0159ed pou\u017eit\u00edm d\u016fkladn\u011b prot\u0159epte. Ka\u017ed\u00fd den p\u0159idejte 10 ml \u00fastn\u00ed vody do 1000 ml pitn\u00e9 vody zv\u00ed\u0159ete.<br \/>\nNepou\u017e\u00edvejte ne\u0159ed\u011bn\u00e9. Nenavy\u0161ujte pom\u011br d\u00e1vkov\u00e1n\u00ed. <\/p>\n<p>Slo\u017een\u00ed: destilovan\u00e1 voda, PEG-35 ricinov\u00fd olej, mentol, kyselina fosforov\u00e1, propylenglykol, chlorohexidindiglukon\u00e1t, chlorid v\u00e1penat\u00fd, chlorid sodn\u00fd, Echinacea purpurea, prote\u00e1za, rozpou\u0161t\u011bdla, konzerva\u010dn\u00ed l\u00e1tky, barviva<\/p>\n<p>Skladujte p\u0159i pokojov\u00e9 teplot\u011b. Uchovejte mimo dosah d\u011bt\u00ed.<\/p>\n<p>Registra\u010dn\u00ed \u010d\u00edslo:\u00a0287-21\/C<\/p>\n","protected":false},"excerpt":{"rendered":"<p>\u00dastn\u00ed voda Mouth Wash neutralizuje nep\u0159\u00edjemn\u00fd z\u00e1pach z \u00fast ps\u016f a ko\u010dek. P\u016fsob\u00ed proti zubn\u00edmu plaku, zubn\u00edmu kameni a bakteri\u00edm Vhodn\u00e1 pro \u0161t\u011b\u0148ata a ko\u0165ata od 6 m\u011bs\u00edc\u016f v\u011bku Obsahuje enzym prote\u00e1za P\u0159id\u00e1v\u00e1 se do vody N\u00e1vod k pou\u017eit\u00ed: P\u0159ed pou\u017eit\u00edm d\u016fkladn\u011b prot\u0159epte. Ka\u017ed\u00fd den p\u0159idejte 10 ml \u00fastn\u00ed vody do 1000 ml pitn\u00e9 vody&#8230;<\/p>\n","protected":false},"featured_media":241222,"comment_status":"closed","ping_status":"open","template":"","meta":{"_acf_changed":false,"_kadence_starter_templates_imported_post":false,"_kad_post_transparent":"","_kad_post_title":"","_kad_post_layout":"","_kad_post_sidebar_id":"","_kad_post_content_style":"","_kad_post_vertical_padding":"","_kad_post_feature":"","_kad_post_feature_position":"","_kad_post_header":false,"_kad_post_footer":false,"_kad_post_classname":""},"product_brand":[2037],"product_cat":[436,740,2584,739],"product_tag":[],"class_list":{"0":"post-241221","1":"product","2":"type-product","3":"status-publish","4":"has-post-thumbnail","6":"product_brand-beaphar","7":"product_cat-chovatelske-potreby-2","8":"product_cat-hygiena-a-kosmetika-pro-psy","9":"product_cat-pece-o-psi-chrup","10":"product_cat-pro-psy-chovatelske-potreby-2","11":"pa_obchod-superzoo-cz","13":"first","14":"instock","15":"product-type-external","16":"entry","17":"content-bg","18":"loop-entry"},"acf":[],"yoast_head":"<!-- This site is optimized with the Yoast SEO plugin v27.4 - https:\/\/yoast.com\/product\/yoast-seo-wordpress\/ -->\n<title>\u00dastn\u00ed voda Beaphar Mouth Wash 250 ml - SHOPATOA.COM<\/title>\n<meta name=\"robots\" content=\"index, follow, max-snippet:-1, max-image-preview:large, max-video-preview:-1\" \/>\n<link rel=\"canonical\" href=\"https:\/\/shopatoa.com\/cz\/ustni-voda-beaphar-mouth-wash-250-ml\/\" \/>\n<meta property=\"og:locale\" content=\"cs_CZ\" \/>\n<meta property=\"og:type\" content=\"article\" \/>\n<meta property=\"og:title\" content=\"\u00dastn\u00ed voda Beaphar Mouth Wash 250 ml - SHOPATOA.COM\" \/>\n<meta property=\"og:description\" content=\"\u00dastn\u00ed voda Mouth Wash neutralizuje nep\u0159\u00edjemn\u00fd z\u00e1pach z \u00fast ps\u016f a ko\u010dek. P\u016fsob\u00ed proti zubn\u00edmu plaku, zubn\u00edmu kameni a bakteri\u00edm Vhodn\u00e1 pro \u0161t\u011b\u0148ata a ko\u0165ata od 6 m\u011bs\u00edc\u016f v\u011bku Obsahuje enzym prote\u00e1za P\u0159id\u00e1v\u00e1 se do vody N\u00e1vod k pou\u017eit\u00ed: P\u0159ed pou\u017eit\u00edm d\u016fkladn\u011b prot\u0159epte. Ka\u017ed\u00fd den p\u0159idejte 10 ml \u00fastn\u00ed vody do 1000 ml pitn\u00e9 vody...\" \/>\n<meta property=\"og:url\" content=\"https:\/\/shopatoa.com\/cz\/ustni-voda-beaphar-mouth-wash-250-ml\/\" \/>\n<meta property=\"og:site_name\" content=\"SHOPATOA\" \/>\n<meta property=\"article:modified_time\" content=\"2026-02-04T07:33:36+00:00\" \/>\n<meta property=\"og:image\" content=\"https:\/\/storage.googleapis.com\/cz-shopatoa-img\/cz\/63542c0b-1_43166.jpg\" \/>\n\t<meta property=\"og:image:width\" content=\"600\" \/>\n\t<meta property=\"og:image:height\" content=\"600\" \/>\n\t<meta property=\"og:image:type\" content=\"image\/jpeg\" \/>\n<meta name=\"twitter:card\" content=\"summary_large_image\" \/>\n<meta name=\"twitter:label1\" content=\"Odhadovan\u00e1 doba \u010dten\u00ed\" \/>\n\t<meta name=\"twitter:data1\" content=\"1 minuta\" \/>\n<script type=\"application\/ld+json\" class=\"yoast-schema-graph\">{\"@context\":\"https:\\\/\\\/schema.org\",\"@graph\":[{\"@type\":\"WebPage\",\"@id\":\"https:\\\/\\\/shopatoa.com\\\/cz\\\/ustni-voda-beaphar-mouth-wash-250-ml\\\/\",\"url\":\"https:\\\/\\\/shopatoa.com\\\/cz\\\/ustni-voda-beaphar-mouth-wash-250-ml\\\/\",\"name\":\"\u00dastn\u00ed voda Beaphar Mouth Wash 250 ml - SHOPATOA.COM\",\"isPartOf\":{\"@id\":\"https:\\\/\\\/shopatoa.com\\\/cz\\\/#website\"},\"primaryImageOfPage\":{\"@id\":\"https:\\\/\\\/shopatoa.com\\\/cz\\\/ustni-voda-beaphar-mouth-wash-250-ml\\\/#primaryimage\"},\"image\":{\"@id\":\"https:\\\/\\\/shopatoa.com\\\/cz\\\/ustni-voda-beaphar-mouth-wash-250-ml\\\/#primaryimage\"},\"thumbnailUrl\":\"https:\\\/\\\/storage.googleapis.com\\\/cz-shopatoa-img\\\/cz\\\/63542c0b-1_43166.jpg\",\"datePublished\":\"2025-04-01T13:36:29+00:00\",\"dateModified\":\"2026-02-04T07:33:36+00:00\",\"breadcrumb\":{\"@id\":\"https:\\\/\\\/shopatoa.com\\\/cz\\\/ustni-voda-beaphar-mouth-wash-250-ml\\\/#breadcrumb\"},\"inLanguage\":\"cs\",\"potentialAction\":[{\"@type\":\"ReadAction\",\"target\":[\"https:\\\/\\\/shopatoa.com\\\/cz\\\/ustni-voda-beaphar-mouth-wash-250-ml\\\/\"]}]},{\"@type\":\"ImageObject\",\"inLanguage\":\"cs\",\"@id\":\"https:\\\/\\\/shopatoa.com\\\/cz\\\/ustni-voda-beaphar-mouth-wash-250-ml\\\/#primaryimage\",\"url\":\"https:\\\/\\\/storage.googleapis.com\\\/cz-shopatoa-img\\\/cz\\\/63542c0b-1_43166.jpg\",\"contentUrl\":\"https:\\\/\\\/storage.googleapis.com\\\/cz-shopatoa-img\\\/cz\\\/63542c0b-1_43166.jpg\",\"width\":600,\"height\":600},{\"@type\":\"BreadcrumbList\",\"@id\":\"https:\\\/\\\/shopatoa.com\\\/cz\\\/ustni-voda-beaphar-mouth-wash-250-ml\\\/#breadcrumb\",\"itemListElement\":[{\"@type\":\"ListItem\",\"position\":1,\"name\":\"Dom\u016f\",\"item\":\"https:\\\/\\\/shopatoa.com\\\/cz\\\/\"},{\"@type\":\"ListItem\",\"position\":2,\"name\":\"Produkty\",\"item\":\"https:\\\/\\\/shopatoa.com\\\/cz\\\/shop\\\/\"},{\"@type\":\"ListItem\",\"position\":3,\"name\":\"Chovatelsk\u00e9 pot\u0159eby\",\"item\":\"https:\\\/\\\/shopatoa.com\\\/cz\\\/chovatelske-potreby-2\\\/\"},{\"@type\":\"ListItem\",\"position\":4,\"name\":\"Pro psy\",\"item\":\"https:\\\/\\\/shopatoa.com\\\/cz\\\/pro-psy-chovatelske-potreby-2\\\/\"},{\"@type\":\"ListItem\",\"position\":5,\"name\":\"Hygiena a kosmetika pro psy\",\"item\":\"https:\\\/\\\/shopatoa.com\\\/cz\\\/hygiena-a-kosmetika-pro-psy\\\/\"},{\"@type\":\"ListItem\",\"position\":6,\"name\":\"P\u00e9\u010de o ps\u00ed chrup\",\"item\":\"https:\\\/\\\/shopatoa.com\\\/cz\\\/pece-o-psi-chrup\\\/\"},{\"@type\":\"ListItem\",\"position\":7,\"name\":\"\u00dastn\u00ed voda Beaphar Mouth Wash 250 ml\"}]},{\"@type\":\"WebSite\",\"@id\":\"https:\\\/\\\/shopatoa.com\\\/cz\\\/#website\",\"url\":\"https:\\\/\\\/shopatoa.com\\\/cz\\\/\",\"name\":\"SHOPATOA\",\"description\":\"\",\"publisher\":{\"@id\":\"https:\\\/\\\/shopatoa.com\\\/cz\\\/#organization\"},\"potentialAction\":[{\"@type\":\"SearchAction\",\"target\":{\"@type\":\"EntryPoint\",\"urlTemplate\":\"https:\\\/\\\/shopatoa.com\\\/cz\\\/?s={search_term_string}\"},\"query-input\":{\"@type\":\"PropertyValueSpecification\",\"valueRequired\":true,\"valueName\":\"search_term_string\"}}],\"inLanguage\":\"cs\"},{\"@type\":\"Organization\",\"@id\":\"https:\\\/\\\/shopatoa.com\\\/cz\\\/#organization\",\"name\":\"SHOPATOA Digital s.r.o.\",\"url\":\"https:\\\/\\\/shopatoa.com\\\/cz\\\/\",\"logo\":{\"@type\":\"ImageObject\",\"inLanguage\":\"cs\",\"@id\":\"https:\\\/\\\/shopatoa.com\\\/cz\\\/#\\\/schema\\\/logo\\\/image\\\/\",\"url\":\"https:\\\/\\\/storage.googleapis.com\\\/cz-shopatoa-img\\\/cz\\\/ebccf434-shopatoa_logo.png\",\"contentUrl\":\"https:\\\/\\\/storage.googleapis.com\\\/cz-shopatoa-img\\\/cz\\\/ebccf434-shopatoa_logo.png\",\"width\":416,\"height\":63,\"caption\":\"SHOPATOA Digital s.r.o.\"},\"image\":{\"@id\":\"https:\\\/\\\/shopatoa.com\\\/cz\\\/#\\\/schema\\\/logo\\\/image\\\/\"}}]}<\/script>\n<!-- \/ Yoast SEO plugin. -->","yoast_head_json":{"title":"\u00dastn\u00ed voda Beaphar Mouth Wash 250 ml - SHOPATOA.COM","robots":{"index":"index","follow":"follow","max-snippet":"max-snippet:-1","max-image-preview":"max-image-preview:large","max-video-preview":"max-video-preview:-1"},"canonical":"https:\/\/shopatoa.com\/cz\/ustni-voda-beaphar-mouth-wash-250-ml\/","og_locale":"cs_CZ","og_type":"article","og_title":"\u00dastn\u00ed voda Beaphar Mouth Wash 250 ml - SHOPATOA.COM","og_description":"\u00dastn\u00ed voda Mouth Wash neutralizuje nep\u0159\u00edjemn\u00fd z\u00e1pach z \u00fast ps\u016f a ko\u010dek. P\u016fsob\u00ed proti zubn\u00edmu plaku, zubn\u00edmu kameni a bakteri\u00edm Vhodn\u00e1 pro \u0161t\u011b\u0148ata a ko\u0165ata od 6 m\u011bs\u00edc\u016f v\u011bku Obsahuje enzym prote\u00e1za P\u0159id\u00e1v\u00e1 se do vody N\u00e1vod k pou\u017eit\u00ed: P\u0159ed pou\u017eit\u00edm d\u016fkladn\u011b prot\u0159epte. Ka\u017ed\u00fd den p\u0159idejte 10 ml \u00fastn\u00ed vody do 1000 ml pitn\u00e9 vody...","og_url":"https:\/\/shopatoa.com\/cz\/ustni-voda-beaphar-mouth-wash-250-ml\/","og_site_name":"SHOPATOA","article_modified_time":"2026-02-04T07:33:36+00:00","og_image":[{"width":600,"height":600,"url":"https:\/\/storage.googleapis.com\/cz-shopatoa-img\/cz\/63542c0b-1_43166.jpg","type":"image\/jpeg"}],"twitter_card":"summary_large_image","twitter_misc":{"Odhadovan\u00e1 doba \u010dten\u00ed":"1 minuta"},"schema":{"@context":"https:\/\/schema.org","@graph":[{"@type":"WebPage","@id":"https:\/\/shopatoa.com\/cz\/ustni-voda-beaphar-mouth-wash-250-ml\/","url":"https:\/\/shopatoa.com\/cz\/ustni-voda-beaphar-mouth-wash-250-ml\/","name":"\u00dastn\u00ed voda Beaphar Mouth Wash 250 ml - SHOPATOA.COM","isPartOf":{"@id":"https:\/\/shopatoa.com\/cz\/#website"},"primaryImageOfPage":{"@id":"https:\/\/shopatoa.com\/cz\/ustni-voda-beaphar-mouth-wash-250-ml\/#primaryimage"},"image":{"@id":"https:\/\/shopatoa.com\/cz\/ustni-voda-beaphar-mouth-wash-250-ml\/#primaryimage"},"thumbnailUrl":"https:\/\/storage.googleapis.com\/cz-shopatoa-img\/cz\/63542c0b-1_43166.jpg","datePublished":"2025-04-01T13:36:29+00:00","dateModified":"2026-02-04T07:33:36+00:00","breadcrumb":{"@id":"https:\/\/shopatoa.com\/cz\/ustni-voda-beaphar-mouth-wash-250-ml\/#breadcrumb"},"inLanguage":"cs","potentialAction":[{"@type":"ReadAction","target":["https:\/\/shopatoa.com\/cz\/ustni-voda-beaphar-mouth-wash-250-ml\/"]}]},{"@type":"ImageObject","inLanguage":"cs","@id":"https:\/\/shopatoa.com\/cz\/ustni-voda-beaphar-mouth-wash-250-ml\/#primaryimage","url":"https:\/\/storage.googleapis.com\/cz-shopatoa-img\/cz\/63542c0b-1_43166.jpg","contentUrl":"https:\/\/storage.googleapis.com\/cz-shopatoa-img\/cz\/63542c0b-1_43166.jpg","width":600,"height":600},{"@type":"BreadcrumbList","@id":"https:\/\/shopatoa.com\/cz\/ustni-voda-beaphar-mouth-wash-250-ml\/#breadcrumb","itemListElement":[{"@type":"ListItem","position":1,"name":"Dom\u016f","item":"https:\/\/shopatoa.com\/cz\/"},{"@type":"ListItem","position":2,"name":"Produkty","item":"https:\/\/shopatoa.com\/cz\/shop\/"},{"@type":"ListItem","position":3,"name":"Chovatelsk\u00e9 pot\u0159eby","item":"https:\/\/shopatoa.com\/cz\/chovatelske-potreby-2\/"},{"@type":"ListItem","position":4,"name":"Pro psy","item":"https:\/\/shopatoa.com\/cz\/pro-psy-chovatelske-potreby-2\/"},{"@type":"ListItem","position":5,"name":"Hygiena a kosmetika pro psy","item":"https:\/\/shopatoa.com\/cz\/hygiena-a-kosmetika-pro-psy\/"},{"@type":"ListItem","position":6,"name":"P\u00e9\u010de o ps\u00ed chrup","item":"https:\/\/shopatoa.com\/cz\/pece-o-psi-chrup\/"},{"@type":"ListItem","position":7,"name":"\u00dastn\u00ed voda Beaphar Mouth Wash 250 ml"}]},{"@type":"WebSite","@id":"https:\/\/shopatoa.com\/cz\/#website","url":"https:\/\/shopatoa.com\/cz\/","name":"SHOPATOA","description":"","publisher":{"@id":"https:\/\/shopatoa.com\/cz\/#organization"},"potentialAction":[{"@type":"SearchAction","target":{"@type":"EntryPoint","urlTemplate":"https:\/\/shopatoa.com\/cz\/?s={search_term_string}"},"query-input":{"@type":"PropertyValueSpecification","valueRequired":true,"valueName":"search_term_string"}}],"inLanguage":"cs"},{"@type":"Organization","@id":"https:\/\/shopatoa.com\/cz\/#organization","name":"SHOPATOA Digital s.r.o.","url":"https:\/\/shopatoa.com\/cz\/","logo":{"@type":"ImageObject","inLanguage":"cs","@id":"https:\/\/shopatoa.com\/cz\/#\/schema\/logo\/image\/","url":"https:\/\/storage.googleapis.com\/cz-shopatoa-img\/cz\/ebccf434-shopatoa_logo.png","contentUrl":"https:\/\/storage.googleapis.com\/cz-shopatoa-img\/cz\/ebccf434-shopatoa_logo.png","width":416,"height":63,"caption":"SHOPATOA Digital s.r.o."},"image":{"@id":"https:\/\/shopatoa.com\/cz\/#\/schema\/logo\/image\/"}}]}},"_links":{"self":[{"href":"https:\/\/shopatoa.com\/cz\/wp-json\/wp\/v2\/product\/241221","targetHints":{"allow":["GET"]}}],"collection":[{"href":"https:\/\/shopatoa.com\/cz\/wp-json\/wp\/v2\/product"}],"about":[{"href":"https:\/\/shopatoa.com\/cz\/wp-json\/wp\/v2\/types\/product"}],"replies":[{"embeddable":true,"href":"https:\/\/shopatoa.com\/cz\/wp-json\/wp\/v2\/comments?post=241221"}],"wp:featuredmedia":[{"embeddable":true,"href":"https:\/\/shopatoa.com\/cz\/wp-json\/wp\/v2\/media\/241222"}],"wp:attachment":[{"href":"https:\/\/shopatoa.com\/cz\/wp-json\/wp\/v2\/media?parent=241221"}],"wp:term":[{"taxonomy":"product_brand","embeddable":true,"href":"https:\/\/shopatoa.com\/cz\/wp-json\/wp\/v2\/product_brand?post=241221"},{"taxonomy":"product_cat","embeddable":true,"href":"https:\/\/shopatoa.com\/cz\/wp-json\/wp\/v2\/product_cat?post=241221"},{"taxonomy":"product_tag","embeddable":true,"href":"https:\/\/shopatoa.com\/cz\/wp-json\/wp\/v2\/product_tag?post=241221"}],"curies":[{"name":"wp","href":"https:\/\/api.w.org\/{rel}","templated":true}]}}