{"id":241225,"date":"2025-04-01T15:36:46","date_gmt":"2025-04-01T13:36:46","guid":{"rendered":"https:\/\/shopatoa.com\/cz\/?post_type=product&#038;p=241225"},"modified":"2025-04-26T02:29:59","modified_gmt":"2025-04-26T00:29:59","slug":"sampon-pro-lesklou-srst-beaphar-shampooing-250-ml","status":"publish","type":"product","link":"https:\/\/shopatoa.com\/cz\/sampon-pro-lesklou-srst-beaphar-shampooing-250-ml\/","title":{"rendered":"\u0160ampon pro lesklou srst Beaphar Shampooing 250 ml"},"content":{"rendered":"<p>Superpr\u00e9miov\u00fd \u0161ampon s\u00a0extraktem z\u00a0manga a kiwi vyvinuli na\u0161i veterin\u00e1\u0159i pro obnovu lesku srsti va\u0161eho psa.<\/p>\n<p>\tVy\u017eivuje matnou a suchou srst<br \/>\n\tObsahuje vysok\u00e9 mno\u017estv\u00ed vitam\u00edn\u016f B, C, E a provitam\u00ednu A, kter\u00e9 revitalizuj\u00ed srst<br \/>\n\tNeutr\u00e1ln\u00ed pH je \u0161etrn\u00e9 ke ps\u00ed poko\u017ece<\/p>\n<p>N\u00e1vod k pou\u017eit\u00ed: Navlh\u010dete srst psa vla\u017enou vodou. \u0160ampon naneste pod\u00e9l p\u00e1te\u0159e psa a na zadn\u00ed \u010d\u00e1st jeho hlavy, pot\u00e9 nap\u011b\u0148te po cel\u00e9m t\u011ble psa a vmas\u00edrujte jej a\u017e na k\u016f\u017ei, \u0159\u00e1dn\u011b opl\u00e1chn\u011bte. V p\u0159\u00edpad\u011b, \u017ee se \u0161ampon dostane psovi do o\u010d\u00ed, o\u010di okam\u017eit\u011b vypl\u00e1chn\u011bte vla\u017enou vodou.<\/p>\n<p>Slo\u017een\u00ed: voda, laurethyl sulf\u00e1t sodn\u00fd, chlorid sodn\u00fd, cocamidopropyl betaine, benzyl alkohol, lauryl glukozid, stearyl citr\u00e1t, parf\u00e9m, hydroxid sodn\u00fd, amyl cinamal, geraniol, extract z plodu actinidia chinensis, maltodextrin, extrakt z jable\u010dn\u00e9ho octa, glycerol, citronelol, kalcium pantoten\u00e1t, pyridoxin, extrakt z plodu vitis vinifera, extrakt z plodu magnifera indica, ci 15985, methylchloroisothiazolinone, methylisothiazolinone, ci&#8230;<\/p>\n","protected":false},"excerpt":{"rendered":"<p>Superpr\u00e9miov\u00fd \u0161ampon s\u00a0extraktem z\u00a0manga a kiwi vyvinuli na\u0161i veterin\u00e1\u0159i pro obnovu lesku srsti va\u0161eho psa. Vy\u017eivuje matnou a suchou srst Obsahuje vysok\u00e9 mno\u017estv\u00ed vitam\u00edn\u016f B, C, E a provitam\u00ednu A, kter\u00e9 revitalizuj\u00ed srst Neutr\u00e1ln\u00ed pH je \u0161etrn\u00e9 ke ps\u00ed poko\u017ece N\u00e1vod k pou\u017eit\u00ed: Navlh\u010dete srst psa vla\u017enou vodou. \u0160ampon naneste pod\u00e9l p\u00e1te\u0159e psa a na&#8230;<\/p>\n","protected":false},"featured_media":241226,"comment_status":"closed","ping_status":"open","template":"","meta":{"_acf_changed":false,"_kadence_starter_templates_imported_post":false,"_kad_post_transparent":"","_kad_post_title":"","_kad_post_layout":"","_kad_post_sidebar_id":"","_kad_post_content_style":"","_kad_post_vertical_padding":"","_kad_post_feature":"","_kad_post_feature_position":"","_kad_post_header":false,"_kad_post_footer":false,"_kad_post_classname":""},"product_brand":[2037],"product_cat":[436,740,742,741,739],"product_tag":[],"class_list":{"0":"post-241225","1":"product","2":"type-product","3":"status-publish","4":"has-post-thumbnail","6":"product_brand-beaphar","7":"product_cat-chovatelske-potreby-2","8":"product_cat-hygiena-a-kosmetika-pro-psy","9":"product_cat-kosmetika-a-uprava-psa","10":"product_cat-pece-o-psi-srst","11":"product_cat-pro-psy-chovatelske-potreby-2","12":"pa_obchod-superzoo-cz","14":"first","15":"instock","16":"product-type-external","17":"entry","18":"content-bg","19":"loop-entry"},"acf":[],"yoast_head":"<!-- This site is optimized with the Yoast SEO plugin v27.4 - https:\/\/yoast.com\/product\/yoast-seo-wordpress\/ -->\n<title>\u0160ampon pro lesklou srst Beaphar Shampooing 250 ml - SHOPATOA.COM<\/title>\n<meta name=\"robots\" content=\"index, follow, max-snippet:-1, max-image-preview:large, max-video-preview:-1\" \/>\n<link rel=\"canonical\" href=\"https:\/\/shopatoa.com\/cz\/sampon-pro-lesklou-srst-beaphar-shampooing-250-ml\/\" \/>\n<meta property=\"og:locale\" content=\"cs_CZ\" \/>\n<meta property=\"og:type\" content=\"article\" \/>\n<meta property=\"og:title\" content=\"\u0160ampon pro lesklou srst Beaphar Shampooing 250 ml - SHOPATOA.COM\" \/>\n<meta property=\"og:description\" content=\"Superpr\u00e9miov\u00fd \u0161ampon s\u00a0extraktem z\u00a0manga a kiwi vyvinuli na\u0161i veterin\u00e1\u0159i pro obnovu lesku srsti va\u0161eho psa. Vy\u017eivuje matnou a suchou srst Obsahuje vysok\u00e9 mno\u017estv\u00ed vitam\u00edn\u016f B, C, E a provitam\u00ednu A, kter\u00e9 revitalizuj\u00ed srst Neutr\u00e1ln\u00ed pH je \u0161etrn\u00e9 ke ps\u00ed poko\u017ece N\u00e1vod k pou\u017eit\u00ed: Navlh\u010dete srst psa vla\u017enou vodou. \u0160ampon naneste pod\u00e9l p\u00e1te\u0159e psa a na...\" \/>\n<meta property=\"og:url\" content=\"https:\/\/shopatoa.com\/cz\/sampon-pro-lesklou-srst-beaphar-shampooing-250-ml\/\" \/>\n<meta property=\"og:site_name\" content=\"SHOPATOA\" \/>\n<meta property=\"article:modified_time\" content=\"2025-04-26T00:29:59+00:00\" \/>\n<meta property=\"og:image\" content=\"https:\/\/storage.googleapis.com\/cz-shopatoa-img\/cz\/8592c46b-1_27733.jpg\" \/>\n\t<meta property=\"og:image:width\" content=\"600\" \/>\n\t<meta property=\"og:image:height\" content=\"600\" \/>\n\t<meta property=\"og:image:type\" content=\"image\/jpeg\" \/>\n<meta name=\"twitter:card\" content=\"summary_large_image\" \/>\n<meta name=\"twitter:label1\" content=\"Odhadovan\u00e1 doba \u010dten\u00ed\" \/>\n\t<meta name=\"twitter:data1\" content=\"1 minuta\" \/>\n<script type=\"application\/ld+json\" class=\"yoast-schema-graph\">{\"@context\":\"https:\\\/\\\/schema.org\",\"@graph\":[{\"@type\":\"WebPage\",\"@id\":\"https:\\\/\\\/shopatoa.com\\\/cz\\\/sampon-pro-lesklou-srst-beaphar-shampooing-250-ml\\\/\",\"url\":\"https:\\\/\\\/shopatoa.com\\\/cz\\\/sampon-pro-lesklou-srst-beaphar-shampooing-250-ml\\\/\",\"name\":\"\u0160ampon pro lesklou srst Beaphar Shampooing 250 ml - SHOPATOA.COM\",\"isPartOf\":{\"@id\":\"https:\\\/\\\/shopatoa.com\\\/cz\\\/#website\"},\"primaryImageOfPage\":{\"@id\":\"https:\\\/\\\/shopatoa.com\\\/cz\\\/sampon-pro-lesklou-srst-beaphar-shampooing-250-ml\\\/#primaryimage\"},\"image\":{\"@id\":\"https:\\\/\\\/shopatoa.com\\\/cz\\\/sampon-pro-lesklou-srst-beaphar-shampooing-250-ml\\\/#primaryimage\"},\"thumbnailUrl\":\"https:\\\/\\\/storage.googleapis.com\\\/cz-shopatoa-img\\\/cz\\\/8592c46b-1_27733.jpg\",\"datePublished\":\"2025-04-01T13:36:46+00:00\",\"dateModified\":\"2025-04-26T00:29:59+00:00\",\"breadcrumb\":{\"@id\":\"https:\\\/\\\/shopatoa.com\\\/cz\\\/sampon-pro-lesklou-srst-beaphar-shampooing-250-ml\\\/#breadcrumb\"},\"inLanguage\":\"cs\",\"potentialAction\":[{\"@type\":\"ReadAction\",\"target\":[\"https:\\\/\\\/shopatoa.com\\\/cz\\\/sampon-pro-lesklou-srst-beaphar-shampooing-250-ml\\\/\"]}]},{\"@type\":\"ImageObject\",\"inLanguage\":\"cs\",\"@id\":\"https:\\\/\\\/shopatoa.com\\\/cz\\\/sampon-pro-lesklou-srst-beaphar-shampooing-250-ml\\\/#primaryimage\",\"url\":\"https:\\\/\\\/storage.googleapis.com\\\/cz-shopatoa-img\\\/cz\\\/8592c46b-1_27733.jpg\",\"contentUrl\":\"https:\\\/\\\/storage.googleapis.com\\\/cz-shopatoa-img\\\/cz\\\/8592c46b-1_27733.jpg\",\"width\":600,\"height\":600},{\"@type\":\"BreadcrumbList\",\"@id\":\"https:\\\/\\\/shopatoa.com\\\/cz\\\/sampon-pro-lesklou-srst-beaphar-shampooing-250-ml\\\/#breadcrumb\",\"itemListElement\":[{\"@type\":\"ListItem\",\"position\":1,\"name\":\"Dom\u016f\",\"item\":\"https:\\\/\\\/shopatoa.com\\\/cz\\\/\"},{\"@type\":\"ListItem\",\"position\":2,\"name\":\"Produkty\",\"item\":\"https:\\\/\\\/shopatoa.com\\\/cz\\\/shop\\\/\"},{\"@type\":\"ListItem\",\"position\":3,\"name\":\"Chovatelsk\u00e9 pot\u0159eby\",\"item\":\"https:\\\/\\\/shopatoa.com\\\/cz\\\/chovatelske-potreby-2\\\/\"},{\"@type\":\"ListItem\",\"position\":4,\"name\":\"Pro psy\",\"item\":\"https:\\\/\\\/shopatoa.com\\\/cz\\\/pro-psy-chovatelske-potreby-2\\\/\"},{\"@type\":\"ListItem\",\"position\":5,\"name\":\"Hygiena a kosmetika pro psy\",\"item\":\"https:\\\/\\\/shopatoa.com\\\/cz\\\/hygiena-a-kosmetika-pro-psy\\\/\"},{\"@type\":\"ListItem\",\"position\":6,\"name\":\"P\u00e9\u010de o ps\u00ed srst\",\"item\":\"https:\\\/\\\/shopatoa.com\\\/cz\\\/pece-o-psi-srst\\\/\"},{\"@type\":\"ListItem\",\"position\":7,\"name\":\"Kosmetika a \u00faprava psa\",\"item\":\"https:\\\/\\\/shopatoa.com\\\/cz\\\/kosmetika-a-uprava-psa\\\/\"},{\"@type\":\"ListItem\",\"position\":8,\"name\":\"\u0160ampon pro lesklou srst Beaphar Shampooing 250 ml\"}]},{\"@type\":\"WebSite\",\"@id\":\"https:\\\/\\\/shopatoa.com\\\/cz\\\/#website\",\"url\":\"https:\\\/\\\/shopatoa.com\\\/cz\\\/\",\"name\":\"SHOPATOA\",\"description\":\"\",\"publisher\":{\"@id\":\"https:\\\/\\\/shopatoa.com\\\/cz\\\/#organization\"},\"potentialAction\":[{\"@type\":\"SearchAction\",\"target\":{\"@type\":\"EntryPoint\",\"urlTemplate\":\"https:\\\/\\\/shopatoa.com\\\/cz\\\/?s={search_term_string}\"},\"query-input\":{\"@type\":\"PropertyValueSpecification\",\"valueRequired\":true,\"valueName\":\"search_term_string\"}}],\"inLanguage\":\"cs\"},{\"@type\":\"Organization\",\"@id\":\"https:\\\/\\\/shopatoa.com\\\/cz\\\/#organization\",\"name\":\"SHOPATOA Digital s.r.o.\",\"url\":\"https:\\\/\\\/shopatoa.com\\\/cz\\\/\",\"logo\":{\"@type\":\"ImageObject\",\"inLanguage\":\"cs\",\"@id\":\"https:\\\/\\\/shopatoa.com\\\/cz\\\/#\\\/schema\\\/logo\\\/image\\\/\",\"url\":\"https:\\\/\\\/storage.googleapis.com\\\/cz-shopatoa-img\\\/cz\\\/ebccf434-shopatoa_logo.png\",\"contentUrl\":\"https:\\\/\\\/storage.googleapis.com\\\/cz-shopatoa-img\\\/cz\\\/ebccf434-shopatoa_logo.png\",\"width\":416,\"height\":63,\"caption\":\"SHOPATOA Digital s.r.o.\"},\"image\":{\"@id\":\"https:\\\/\\\/shopatoa.com\\\/cz\\\/#\\\/schema\\\/logo\\\/image\\\/\"}}]}<\/script>\n<!-- \/ Yoast SEO plugin. -->","yoast_head_json":{"title":"\u0160ampon pro lesklou srst Beaphar Shampooing 250 ml - SHOPATOA.COM","robots":{"index":"index","follow":"follow","max-snippet":"max-snippet:-1","max-image-preview":"max-image-preview:large","max-video-preview":"max-video-preview:-1"},"canonical":"https:\/\/shopatoa.com\/cz\/sampon-pro-lesklou-srst-beaphar-shampooing-250-ml\/","og_locale":"cs_CZ","og_type":"article","og_title":"\u0160ampon pro lesklou srst Beaphar Shampooing 250 ml - SHOPATOA.COM","og_description":"Superpr\u00e9miov\u00fd \u0161ampon s\u00a0extraktem z\u00a0manga a kiwi vyvinuli na\u0161i veterin\u00e1\u0159i pro obnovu lesku srsti va\u0161eho psa. Vy\u017eivuje matnou a suchou srst Obsahuje vysok\u00e9 mno\u017estv\u00ed vitam\u00edn\u016f B, C, E a provitam\u00ednu A, kter\u00e9 revitalizuj\u00ed srst Neutr\u00e1ln\u00ed pH je \u0161etrn\u00e9 ke ps\u00ed poko\u017ece N\u00e1vod k pou\u017eit\u00ed: Navlh\u010dete srst psa vla\u017enou vodou. \u0160ampon naneste pod\u00e9l p\u00e1te\u0159e psa a na...","og_url":"https:\/\/shopatoa.com\/cz\/sampon-pro-lesklou-srst-beaphar-shampooing-250-ml\/","og_site_name":"SHOPATOA","article_modified_time":"2025-04-26T00:29:59+00:00","og_image":[{"width":600,"height":600,"url":"https:\/\/storage.googleapis.com\/cz-shopatoa-img\/cz\/8592c46b-1_27733.jpg","type":"image\/jpeg"}],"twitter_card":"summary_large_image","twitter_misc":{"Odhadovan\u00e1 doba \u010dten\u00ed":"1 minuta"},"schema":{"@context":"https:\/\/schema.org","@graph":[{"@type":"WebPage","@id":"https:\/\/shopatoa.com\/cz\/sampon-pro-lesklou-srst-beaphar-shampooing-250-ml\/","url":"https:\/\/shopatoa.com\/cz\/sampon-pro-lesklou-srst-beaphar-shampooing-250-ml\/","name":"\u0160ampon pro lesklou srst Beaphar Shampooing 250 ml - SHOPATOA.COM","isPartOf":{"@id":"https:\/\/shopatoa.com\/cz\/#website"},"primaryImageOfPage":{"@id":"https:\/\/shopatoa.com\/cz\/sampon-pro-lesklou-srst-beaphar-shampooing-250-ml\/#primaryimage"},"image":{"@id":"https:\/\/shopatoa.com\/cz\/sampon-pro-lesklou-srst-beaphar-shampooing-250-ml\/#primaryimage"},"thumbnailUrl":"https:\/\/storage.googleapis.com\/cz-shopatoa-img\/cz\/8592c46b-1_27733.jpg","datePublished":"2025-04-01T13:36:46+00:00","dateModified":"2025-04-26T00:29:59+00:00","breadcrumb":{"@id":"https:\/\/shopatoa.com\/cz\/sampon-pro-lesklou-srst-beaphar-shampooing-250-ml\/#breadcrumb"},"inLanguage":"cs","potentialAction":[{"@type":"ReadAction","target":["https:\/\/shopatoa.com\/cz\/sampon-pro-lesklou-srst-beaphar-shampooing-250-ml\/"]}]},{"@type":"ImageObject","inLanguage":"cs","@id":"https:\/\/shopatoa.com\/cz\/sampon-pro-lesklou-srst-beaphar-shampooing-250-ml\/#primaryimage","url":"https:\/\/storage.googleapis.com\/cz-shopatoa-img\/cz\/8592c46b-1_27733.jpg","contentUrl":"https:\/\/storage.googleapis.com\/cz-shopatoa-img\/cz\/8592c46b-1_27733.jpg","width":600,"height":600},{"@type":"BreadcrumbList","@id":"https:\/\/shopatoa.com\/cz\/sampon-pro-lesklou-srst-beaphar-shampooing-250-ml\/#breadcrumb","itemListElement":[{"@type":"ListItem","position":1,"name":"Dom\u016f","item":"https:\/\/shopatoa.com\/cz\/"},{"@type":"ListItem","position":2,"name":"Produkty","item":"https:\/\/shopatoa.com\/cz\/shop\/"},{"@type":"ListItem","position":3,"name":"Chovatelsk\u00e9 pot\u0159eby","item":"https:\/\/shopatoa.com\/cz\/chovatelske-potreby-2\/"},{"@type":"ListItem","position":4,"name":"Pro psy","item":"https:\/\/shopatoa.com\/cz\/pro-psy-chovatelske-potreby-2\/"},{"@type":"ListItem","position":5,"name":"Hygiena a kosmetika pro psy","item":"https:\/\/shopatoa.com\/cz\/hygiena-a-kosmetika-pro-psy\/"},{"@type":"ListItem","position":6,"name":"P\u00e9\u010de o ps\u00ed srst","item":"https:\/\/shopatoa.com\/cz\/pece-o-psi-srst\/"},{"@type":"ListItem","position":7,"name":"Kosmetika a \u00faprava psa","item":"https:\/\/shopatoa.com\/cz\/kosmetika-a-uprava-psa\/"},{"@type":"ListItem","position":8,"name":"\u0160ampon pro lesklou srst Beaphar Shampooing 250 ml"}]},{"@type":"WebSite","@id":"https:\/\/shopatoa.com\/cz\/#website","url":"https:\/\/shopatoa.com\/cz\/","name":"SHOPATOA","description":"","publisher":{"@id":"https:\/\/shopatoa.com\/cz\/#organization"},"potentialAction":[{"@type":"SearchAction","target":{"@type":"EntryPoint","urlTemplate":"https:\/\/shopatoa.com\/cz\/?s={search_term_string}"},"query-input":{"@type":"PropertyValueSpecification","valueRequired":true,"valueName":"search_term_string"}}],"inLanguage":"cs"},{"@type":"Organization","@id":"https:\/\/shopatoa.com\/cz\/#organization","name":"SHOPATOA Digital s.r.o.","url":"https:\/\/shopatoa.com\/cz\/","logo":{"@type":"ImageObject","inLanguage":"cs","@id":"https:\/\/shopatoa.com\/cz\/#\/schema\/logo\/image\/","url":"https:\/\/storage.googleapis.com\/cz-shopatoa-img\/cz\/ebccf434-shopatoa_logo.png","contentUrl":"https:\/\/storage.googleapis.com\/cz-shopatoa-img\/cz\/ebccf434-shopatoa_logo.png","width":416,"height":63,"caption":"SHOPATOA Digital s.r.o."},"image":{"@id":"https:\/\/shopatoa.com\/cz\/#\/schema\/logo\/image\/"}}]}},"_links":{"self":[{"href":"https:\/\/shopatoa.com\/cz\/wp-json\/wp\/v2\/product\/241225","targetHints":{"allow":["GET"]}}],"collection":[{"href":"https:\/\/shopatoa.com\/cz\/wp-json\/wp\/v2\/product"}],"about":[{"href":"https:\/\/shopatoa.com\/cz\/wp-json\/wp\/v2\/types\/product"}],"replies":[{"embeddable":true,"href":"https:\/\/shopatoa.com\/cz\/wp-json\/wp\/v2\/comments?post=241225"}],"wp:featuredmedia":[{"embeddable":true,"href":"https:\/\/shopatoa.com\/cz\/wp-json\/wp\/v2\/media\/241226"}],"wp:attachment":[{"href":"https:\/\/shopatoa.com\/cz\/wp-json\/wp\/v2\/media?parent=241225"}],"wp:term":[{"taxonomy":"product_brand","embeddable":true,"href":"https:\/\/shopatoa.com\/cz\/wp-json\/wp\/v2\/product_brand?post=241225"},{"taxonomy":"product_cat","embeddable":true,"href":"https:\/\/shopatoa.com\/cz\/wp-json\/wp\/v2\/product_cat?post=241225"},{"taxonomy":"product_tag","embeddable":true,"href":"https:\/\/shopatoa.com\/cz\/wp-json\/wp\/v2\/product_tag?post=241225"}],"curies":[{"name":"wp","href":"https:\/\/api.w.org\/{rel}","templated":true}]}}