{"id":241241,"date":"2025-04-01T15:37:33","date_gmt":"2025-04-01T13:37:33","guid":{"rendered":"https:\/\/shopatoa.com\/cz\/?post_type=product&#038;p=241241"},"modified":"2026-02-04T08:33:05","modified_gmt":"2026-02-04T07:33:05","slug":"krmivo-beaphar-xtravital-kralik-25-kg","status":"publish","type":"product","link":"https:\/\/shopatoa.com\/cz\/krmivo-beaphar-xtravital-kralik-25-kg\/","title":{"rendered":"Krmivo Beaphar XtraVital kr\u00e1l\u00edk 2,5 kg"},"content":{"rendered":"<p>XtraVital\u00a0je kompletn\u00ed krmivo pr\u00e9miov\u00e9 kvality pro kr\u00e1l\u00edky, kter\u00e9 vyvinuli experti na v\u00fd\u017eivu ve spolupr\u00e1ci s veterin\u00e1\u0159i.<\/p>\n<p>\tVysok\u00fd obsah vl\u00e1kniny, n\u00edzk\u00fd obsah tuk\u016f<br \/>\n\tNezbytn\u00e9 vitam\u00edny a miner\u00e1ly v chel\u00e1tov\u00e9 form\u011b<br \/>\n\tPln\u00e9 protein\u016f a vl\u00e1kniny\u00a0pro optim\u00e1ln\u00ed stimulaci za\u017e\u00edv\u00e1n\u00ed<br \/>\n\tObohaceno o extrakt z\u00a0echinacey\u00a0pro siln\u00fd imunitn\u00ed syst\u00e9m<br \/>\n\tMOS pro\u00a0podporu zdrav\u00e9ho za\u017e\u00edv\u00e1n\u00ed<\/p>\n<p>N\u00e1vod k\u00a0pou\u017eit\u00ed:\u00a0Prvn\u00ed dny sm\u00edchejte nov\u00e9 krmivo se star\u00fdm, d\u00e1vku postupn\u011b zvy\u0161ujte, a\u017e zcela p\u0159ejdete na nov\u00e9 krmivo. Zajist\u011bte p\u0159\u00edsun \u010derstv\u00e9 pitn\u00e9 vody.<\/p>\n<p>D\u00e1vkov\u00e1n\u00ed:<br \/>\nZakrsl\u00fd kr\u00e1l\u00edk, zakrsl\u00fd holandsk\u00fd kr\u00e1l\u00edk\u00a0\u2013\u00a060 g denn\u011b<br \/>\nHolandsk\u00fd Rex\u00a0\u2013\u00a0115 g denn\u011b<br \/>\nOb\u0159\u00ed kr\u00e1l\u00edk\u00a0\u2013\u200b\u00a0170-450 g denn\u011b<\/p>\n<p>Slo\u017een\u00ed:\u00a0zeleniny, obiloviny, vedlej\u0161\u00ed produkty rostlinn\u00e9ho p\u016fvodu (v\u00fdta\u017eek z echinacea 0,0005 %), miner\u00e1ln\u00ed l\u00e1tky, oleje a tuky, b\u00edlkovinn\u00e9 extrakty, kvasnice (MOS 0,2 %)<\/p>\n<p>Analytick\u00e9 slo\u017eky: hrub\u00fd protein 15 %, hrub\u00e1 vl\u00e1knina 11 %, hrub\u00e9 oleje a tuky 3,4 %, hrub\u00fd popel 5,1 %, v\u00e1pn\u00edk 0,69 %, sod\u00edk 0,45 %, fosfor 0,39 %, ho\u0159\u010d\u00edk&#8230;<\/p>\n","protected":false},"excerpt":{"rendered":"<p>XtraVital\u00a0je kompletn\u00ed krmivo pr\u00e9miov\u00e9 kvality pro kr\u00e1l\u00edky, kter\u00e9 vyvinuli experti na v\u00fd\u017eivu ve spolupr\u00e1ci s veterin\u00e1\u0159i. Vysok\u00fd obsah vl\u00e1kniny, n\u00edzk\u00fd obsah tuk\u016f Nezbytn\u00e9 vitam\u00edny a miner\u00e1ly v chel\u00e1tov\u00e9 form\u011b Pln\u00e9 protein\u016f a vl\u00e1kniny\u00a0pro optim\u00e1ln\u00ed stimulaci za\u017e\u00edv\u00e1n\u00ed Obohaceno o extrakt z\u00a0echinacey\u00a0pro siln\u00fd imunitn\u00ed syst\u00e9m MOS pro\u00a0podporu zdrav\u00e9ho za\u017e\u00edv\u00e1n\u00ed N\u00e1vod k\u00a0pou\u017eit\u00ed:\u00a0Prvn\u00ed dny sm\u00edchejte nov\u00e9 krmivo se star\u00fdm,&#8230;<\/p>\n","protected":false},"featured_media":241242,"comment_status":"closed","ping_status":"open","template":"","meta":{"_acf_changed":false,"_kadence_starter_templates_imported_post":false,"_kad_post_transparent":"","_kad_post_title":"","_kad_post_layout":"","_kad_post_sidebar_id":"","_kad_post_content_style":"","_kad_post_vertical_padding":"","_kad_post_feature":"","_kad_post_feature_position":"","_kad_post_header":false,"_kad_post_footer":false,"_kad_post_classname":""},"product_brand":[2037],"product_cat":[436,1465,1464],"product_tag":[],"class_list":{"0":"post-241241","1":"product","2":"type-product","3":"status-publish","4":"has-post-thumbnail","6":"product_brand-beaphar","7":"product_cat-chovatelske-potreby-2","8":"product_cat-krmivo-pro-kocky-pro-kocky-chovatelske-potreby-2","9":"product_cat-pro-kocky-chovatelske-potreby-2","10":"pa_obchod-superzoo-cz","12":"first","13":"instock","14":"product-type-external","15":"entry","16":"content-bg","17":"loop-entry"},"acf":[],"yoast_head":"<!-- This site is optimized with the Yoast SEO plugin v27.4 - https:\/\/yoast.com\/product\/yoast-seo-wordpress\/ -->\n<title>Krmivo Beaphar XtraVital kr\u00e1l\u00edk 2,5 kg - SHOPATOA.COM<\/title>\n<meta name=\"robots\" content=\"index, follow, max-snippet:-1, max-image-preview:large, max-video-preview:-1\" \/>\n<link rel=\"canonical\" href=\"https:\/\/shopatoa.com\/cz\/krmivo-beaphar-xtravital-kralik-25-kg\/\" \/>\n<meta property=\"og:locale\" content=\"cs_CZ\" \/>\n<meta property=\"og:type\" content=\"article\" \/>\n<meta property=\"og:title\" content=\"Krmivo Beaphar XtraVital kr\u00e1l\u00edk 2,5 kg - SHOPATOA.COM\" \/>\n<meta property=\"og:description\" content=\"XtraVital\u00a0je kompletn\u00ed krmivo pr\u00e9miov\u00e9 kvality pro kr\u00e1l\u00edky, kter\u00e9 vyvinuli experti na v\u00fd\u017eivu ve spolupr\u00e1ci s veterin\u00e1\u0159i. Vysok\u00fd obsah vl\u00e1kniny, n\u00edzk\u00fd obsah tuk\u016f Nezbytn\u00e9 vitam\u00edny a miner\u00e1ly v chel\u00e1tov\u00e9 form\u011b Pln\u00e9 protein\u016f a vl\u00e1kniny\u00a0pro optim\u00e1ln\u00ed stimulaci za\u017e\u00edv\u00e1n\u00ed Obohaceno o extrakt z\u00a0echinacey\u00a0pro siln\u00fd imunitn\u00ed syst\u00e9m MOS pro\u00a0podporu zdrav\u00e9ho za\u017e\u00edv\u00e1n\u00ed N\u00e1vod k\u00a0pou\u017eit\u00ed:\u00a0Prvn\u00ed dny sm\u00edchejte nov\u00e9 krmivo se star\u00fdm,...\" \/>\n<meta property=\"og:url\" content=\"https:\/\/shopatoa.com\/cz\/krmivo-beaphar-xtravital-kralik-25-kg\/\" \/>\n<meta property=\"og:site_name\" content=\"SHOPATOA\" \/>\n<meta property=\"article:modified_time\" content=\"2026-02-04T07:33:05+00:00\" \/>\n<meta property=\"og:image\" content=\"https:\/\/storage.googleapis.com\/cz-shopatoa-img\/cz\/e6fee602-1_23209.jpg\" \/>\n\t<meta property=\"og:image:width\" content=\"600\" \/>\n\t<meta property=\"og:image:height\" content=\"600\" \/>\n\t<meta property=\"og:image:type\" content=\"image\/jpeg\" \/>\n<meta name=\"twitter:card\" content=\"summary_large_image\" \/>\n<meta name=\"twitter:label1\" content=\"Odhadovan\u00e1 doba \u010dten\u00ed\" \/>\n\t<meta name=\"twitter:data1\" content=\"1 minuta\" \/>\n<script type=\"application\/ld+json\" class=\"yoast-schema-graph\">{\"@context\":\"https:\\\/\\\/schema.org\",\"@graph\":[{\"@type\":\"WebPage\",\"@id\":\"https:\\\/\\\/shopatoa.com\\\/cz\\\/krmivo-beaphar-xtravital-kralik-25-kg\\\/\",\"url\":\"https:\\\/\\\/shopatoa.com\\\/cz\\\/krmivo-beaphar-xtravital-kralik-25-kg\\\/\",\"name\":\"Krmivo Beaphar XtraVital kr\u00e1l\u00edk 2,5 kg - SHOPATOA.COM\",\"isPartOf\":{\"@id\":\"https:\\\/\\\/shopatoa.com\\\/cz\\\/#website\"},\"primaryImageOfPage\":{\"@id\":\"https:\\\/\\\/shopatoa.com\\\/cz\\\/krmivo-beaphar-xtravital-kralik-25-kg\\\/#primaryimage\"},\"image\":{\"@id\":\"https:\\\/\\\/shopatoa.com\\\/cz\\\/krmivo-beaphar-xtravital-kralik-25-kg\\\/#primaryimage\"},\"thumbnailUrl\":\"https:\\\/\\\/storage.googleapis.com\\\/cz-shopatoa-img\\\/cz\\\/e6fee602-1_23209.jpg\",\"datePublished\":\"2025-04-01T13:37:33+00:00\",\"dateModified\":\"2026-02-04T07:33:05+00:00\",\"breadcrumb\":{\"@id\":\"https:\\\/\\\/shopatoa.com\\\/cz\\\/krmivo-beaphar-xtravital-kralik-25-kg\\\/#breadcrumb\"},\"inLanguage\":\"cs\",\"potentialAction\":[{\"@type\":\"ReadAction\",\"target\":[\"https:\\\/\\\/shopatoa.com\\\/cz\\\/krmivo-beaphar-xtravital-kralik-25-kg\\\/\"]}]},{\"@type\":\"ImageObject\",\"inLanguage\":\"cs\",\"@id\":\"https:\\\/\\\/shopatoa.com\\\/cz\\\/krmivo-beaphar-xtravital-kralik-25-kg\\\/#primaryimage\",\"url\":\"https:\\\/\\\/storage.googleapis.com\\\/cz-shopatoa-img\\\/cz\\\/e6fee602-1_23209.jpg\",\"contentUrl\":\"https:\\\/\\\/storage.googleapis.com\\\/cz-shopatoa-img\\\/cz\\\/e6fee602-1_23209.jpg\",\"width\":600,\"height\":600},{\"@type\":\"BreadcrumbList\",\"@id\":\"https:\\\/\\\/shopatoa.com\\\/cz\\\/krmivo-beaphar-xtravital-kralik-25-kg\\\/#breadcrumb\",\"itemListElement\":[{\"@type\":\"ListItem\",\"position\":1,\"name\":\"Dom\u016f\",\"item\":\"https:\\\/\\\/shopatoa.com\\\/cz\\\/\"},{\"@type\":\"ListItem\",\"position\":2,\"name\":\"Produkty\",\"item\":\"https:\\\/\\\/shopatoa.com\\\/cz\\\/shop\\\/\"},{\"@type\":\"ListItem\",\"position\":3,\"name\":\"Chovatelsk\u00e9 pot\u0159eby\",\"item\":\"https:\\\/\\\/shopatoa.com\\\/cz\\\/chovatelske-potreby-2\\\/\"},{\"@type\":\"ListItem\",\"position\":4,\"name\":\"Pro ko\u010dky\",\"item\":\"https:\\\/\\\/shopatoa.com\\\/cz\\\/pro-kocky-chovatelske-potreby-2\\\/\"},{\"@type\":\"ListItem\",\"position\":5,\"name\":\"Krmivo pro ko\u010dky\",\"item\":\"https:\\\/\\\/shopatoa.com\\\/cz\\\/krmivo-pro-kocky-pro-kocky-chovatelske-potreby-2\\\/\"},{\"@type\":\"ListItem\",\"position\":6,\"name\":\"Krmivo Beaphar XtraVital kr\u00e1l\u00edk 2,5 kg\"}]},{\"@type\":\"WebSite\",\"@id\":\"https:\\\/\\\/shopatoa.com\\\/cz\\\/#website\",\"url\":\"https:\\\/\\\/shopatoa.com\\\/cz\\\/\",\"name\":\"SHOPATOA\",\"description\":\"\",\"publisher\":{\"@id\":\"https:\\\/\\\/shopatoa.com\\\/cz\\\/#organization\"},\"potentialAction\":[{\"@type\":\"SearchAction\",\"target\":{\"@type\":\"EntryPoint\",\"urlTemplate\":\"https:\\\/\\\/shopatoa.com\\\/cz\\\/?s={search_term_string}\"},\"query-input\":{\"@type\":\"PropertyValueSpecification\",\"valueRequired\":true,\"valueName\":\"search_term_string\"}}],\"inLanguage\":\"cs\"},{\"@type\":\"Organization\",\"@id\":\"https:\\\/\\\/shopatoa.com\\\/cz\\\/#organization\",\"name\":\"SHOPATOA Digital s.r.o.\",\"url\":\"https:\\\/\\\/shopatoa.com\\\/cz\\\/\",\"logo\":{\"@type\":\"ImageObject\",\"inLanguage\":\"cs\",\"@id\":\"https:\\\/\\\/shopatoa.com\\\/cz\\\/#\\\/schema\\\/logo\\\/image\\\/\",\"url\":\"https:\\\/\\\/storage.googleapis.com\\\/cz-shopatoa-img\\\/cz\\\/ebccf434-shopatoa_logo.png\",\"contentUrl\":\"https:\\\/\\\/storage.googleapis.com\\\/cz-shopatoa-img\\\/cz\\\/ebccf434-shopatoa_logo.png\",\"width\":416,\"height\":63,\"caption\":\"SHOPATOA Digital s.r.o.\"},\"image\":{\"@id\":\"https:\\\/\\\/shopatoa.com\\\/cz\\\/#\\\/schema\\\/logo\\\/image\\\/\"}}]}<\/script>\n<!-- \/ Yoast SEO plugin. -->","yoast_head_json":{"title":"Krmivo Beaphar XtraVital kr\u00e1l\u00edk 2,5 kg - SHOPATOA.COM","robots":{"index":"index","follow":"follow","max-snippet":"max-snippet:-1","max-image-preview":"max-image-preview:large","max-video-preview":"max-video-preview:-1"},"canonical":"https:\/\/shopatoa.com\/cz\/krmivo-beaphar-xtravital-kralik-25-kg\/","og_locale":"cs_CZ","og_type":"article","og_title":"Krmivo Beaphar XtraVital kr\u00e1l\u00edk 2,5 kg - SHOPATOA.COM","og_description":"XtraVital\u00a0je kompletn\u00ed krmivo pr\u00e9miov\u00e9 kvality pro kr\u00e1l\u00edky, kter\u00e9 vyvinuli experti na v\u00fd\u017eivu ve spolupr\u00e1ci s veterin\u00e1\u0159i. Vysok\u00fd obsah vl\u00e1kniny, n\u00edzk\u00fd obsah tuk\u016f Nezbytn\u00e9 vitam\u00edny a miner\u00e1ly v chel\u00e1tov\u00e9 form\u011b Pln\u00e9 protein\u016f a vl\u00e1kniny\u00a0pro optim\u00e1ln\u00ed stimulaci za\u017e\u00edv\u00e1n\u00ed Obohaceno o extrakt z\u00a0echinacey\u00a0pro siln\u00fd imunitn\u00ed syst\u00e9m MOS pro\u00a0podporu zdrav\u00e9ho za\u017e\u00edv\u00e1n\u00ed N\u00e1vod k\u00a0pou\u017eit\u00ed:\u00a0Prvn\u00ed dny sm\u00edchejte nov\u00e9 krmivo se star\u00fdm,...","og_url":"https:\/\/shopatoa.com\/cz\/krmivo-beaphar-xtravital-kralik-25-kg\/","og_site_name":"SHOPATOA","article_modified_time":"2026-02-04T07:33:05+00:00","og_image":[{"width":600,"height":600,"url":"https:\/\/storage.googleapis.com\/cz-shopatoa-img\/cz\/e6fee602-1_23209.jpg","type":"image\/jpeg"}],"twitter_card":"summary_large_image","twitter_misc":{"Odhadovan\u00e1 doba \u010dten\u00ed":"1 minuta"},"schema":{"@context":"https:\/\/schema.org","@graph":[{"@type":"WebPage","@id":"https:\/\/shopatoa.com\/cz\/krmivo-beaphar-xtravital-kralik-25-kg\/","url":"https:\/\/shopatoa.com\/cz\/krmivo-beaphar-xtravital-kralik-25-kg\/","name":"Krmivo Beaphar XtraVital kr\u00e1l\u00edk 2,5 kg - SHOPATOA.COM","isPartOf":{"@id":"https:\/\/shopatoa.com\/cz\/#website"},"primaryImageOfPage":{"@id":"https:\/\/shopatoa.com\/cz\/krmivo-beaphar-xtravital-kralik-25-kg\/#primaryimage"},"image":{"@id":"https:\/\/shopatoa.com\/cz\/krmivo-beaphar-xtravital-kralik-25-kg\/#primaryimage"},"thumbnailUrl":"https:\/\/storage.googleapis.com\/cz-shopatoa-img\/cz\/e6fee602-1_23209.jpg","datePublished":"2025-04-01T13:37:33+00:00","dateModified":"2026-02-04T07:33:05+00:00","breadcrumb":{"@id":"https:\/\/shopatoa.com\/cz\/krmivo-beaphar-xtravital-kralik-25-kg\/#breadcrumb"},"inLanguage":"cs","potentialAction":[{"@type":"ReadAction","target":["https:\/\/shopatoa.com\/cz\/krmivo-beaphar-xtravital-kralik-25-kg\/"]}]},{"@type":"ImageObject","inLanguage":"cs","@id":"https:\/\/shopatoa.com\/cz\/krmivo-beaphar-xtravital-kralik-25-kg\/#primaryimage","url":"https:\/\/storage.googleapis.com\/cz-shopatoa-img\/cz\/e6fee602-1_23209.jpg","contentUrl":"https:\/\/storage.googleapis.com\/cz-shopatoa-img\/cz\/e6fee602-1_23209.jpg","width":600,"height":600},{"@type":"BreadcrumbList","@id":"https:\/\/shopatoa.com\/cz\/krmivo-beaphar-xtravital-kralik-25-kg\/#breadcrumb","itemListElement":[{"@type":"ListItem","position":1,"name":"Dom\u016f","item":"https:\/\/shopatoa.com\/cz\/"},{"@type":"ListItem","position":2,"name":"Produkty","item":"https:\/\/shopatoa.com\/cz\/shop\/"},{"@type":"ListItem","position":3,"name":"Chovatelsk\u00e9 pot\u0159eby","item":"https:\/\/shopatoa.com\/cz\/chovatelske-potreby-2\/"},{"@type":"ListItem","position":4,"name":"Pro ko\u010dky","item":"https:\/\/shopatoa.com\/cz\/pro-kocky-chovatelske-potreby-2\/"},{"@type":"ListItem","position":5,"name":"Krmivo pro ko\u010dky","item":"https:\/\/shopatoa.com\/cz\/krmivo-pro-kocky-pro-kocky-chovatelske-potreby-2\/"},{"@type":"ListItem","position":6,"name":"Krmivo Beaphar XtraVital kr\u00e1l\u00edk 2,5 kg"}]},{"@type":"WebSite","@id":"https:\/\/shopatoa.com\/cz\/#website","url":"https:\/\/shopatoa.com\/cz\/","name":"SHOPATOA","description":"","publisher":{"@id":"https:\/\/shopatoa.com\/cz\/#organization"},"potentialAction":[{"@type":"SearchAction","target":{"@type":"EntryPoint","urlTemplate":"https:\/\/shopatoa.com\/cz\/?s={search_term_string}"},"query-input":{"@type":"PropertyValueSpecification","valueRequired":true,"valueName":"search_term_string"}}],"inLanguage":"cs"},{"@type":"Organization","@id":"https:\/\/shopatoa.com\/cz\/#organization","name":"SHOPATOA Digital s.r.o.","url":"https:\/\/shopatoa.com\/cz\/","logo":{"@type":"ImageObject","inLanguage":"cs","@id":"https:\/\/shopatoa.com\/cz\/#\/schema\/logo\/image\/","url":"https:\/\/storage.googleapis.com\/cz-shopatoa-img\/cz\/ebccf434-shopatoa_logo.png","contentUrl":"https:\/\/storage.googleapis.com\/cz-shopatoa-img\/cz\/ebccf434-shopatoa_logo.png","width":416,"height":63,"caption":"SHOPATOA Digital s.r.o."},"image":{"@id":"https:\/\/shopatoa.com\/cz\/#\/schema\/logo\/image\/"}}]}},"_links":{"self":[{"href":"https:\/\/shopatoa.com\/cz\/wp-json\/wp\/v2\/product\/241241","targetHints":{"allow":["GET"]}}],"collection":[{"href":"https:\/\/shopatoa.com\/cz\/wp-json\/wp\/v2\/product"}],"about":[{"href":"https:\/\/shopatoa.com\/cz\/wp-json\/wp\/v2\/types\/product"}],"replies":[{"embeddable":true,"href":"https:\/\/shopatoa.com\/cz\/wp-json\/wp\/v2\/comments?post=241241"}],"wp:featuredmedia":[{"embeddable":true,"href":"https:\/\/shopatoa.com\/cz\/wp-json\/wp\/v2\/media\/241242"}],"wp:attachment":[{"href":"https:\/\/shopatoa.com\/cz\/wp-json\/wp\/v2\/media?parent=241241"}],"wp:term":[{"taxonomy":"product_brand","embeddable":true,"href":"https:\/\/shopatoa.com\/cz\/wp-json\/wp\/v2\/product_brand?post=241241"},{"taxonomy":"product_cat","embeddable":true,"href":"https:\/\/shopatoa.com\/cz\/wp-json\/wp\/v2\/product_cat?post=241241"},{"taxonomy":"product_tag","embeddable":true,"href":"https:\/\/shopatoa.com\/cz\/wp-json\/wp\/v2\/product_tag?post=241241"}],"curies":[{"name":"wp","href":"https:\/\/api.w.org\/{rel}","templated":true}]}}