{"id":241289,"date":"2025-04-01T15:39:54","date_gmt":"2025-04-01T13:39:54","guid":{"rendered":"https:\/\/shopatoa.com\/cz\/?post_type=product&#038;p=241289"},"modified":"2026-02-04T08:22:08","modified_gmt":"2026-02-04T07:22:08","slug":"obojek-scalibor-antiparazitni-maly-48cm","status":"publish","type":"product","link":"https:\/\/shopatoa.com\/cz\/obojek-scalibor-antiparazitni-maly-48cm\/","title":{"rendered":"Obojek Scalibor antiparazitn\u00ed mal\u00fd 48cm"},"content":{"rendered":"<p>Antiparazitn\u00ed obojek pro psy proti kl\u00ed\u0161\u0165at\u016fm, kom\u00e1r\u016fm a pakom\u00e1r\u016fm.<\/p>\n<p>\tod 7 t\u00fddn\u016f v\u011bku<br \/>\n\tochrana\u00a0a\u017e 6 m\u011bs\u00edc\u016f proti kl\u00ed\u0161\u0165at\u016fm a pakom\u00e1r\u016fm<br \/>\n\tochrana proti kom\u00e1r\u016fm a\u017e\u00a05 m\u011bs\u00edc\u016f<br \/>\n\tvod\u011bodoln\u00fd<br \/>\n\tzcela bez z\u00e1pachu<br \/>\n\t\u00fa\u010dinn\u00e1 l\u00e1tka:\u00a0Deltametrin\u00a0<br \/>\n\td\u00e9lka:\u00a0\u00a048cm<\/p>\n<p>Obojek je t\u0159eba nasadit t\u00fdden p\u0159ed pobytem v infikovan\u00e9m prost\u0159ed\u00ed, jeliko\u017e \u00fa\u010dinn\u00e1 l\u00e1tka\u00a0je z obojku uvol\u0148ov\u00e1na pozvolna p\u0159\u00edmo na psa, a roz\u0161i\u0159uje se lipidovou vrstvou k\u016f\u017ee na cel\u00e9 t\u011blo zv\u00ed\u0159ete.<br \/>\n\u00a0<\/p>\n<p>Upozorn\u011bn\u00ed:\u00a0Po manipulaci s obojkem si umyjte ruce m\u00fddlem a vodou. Uchov\u00e1vejte mimo dosah d\u011bt\u00ed, nedovolte d\u011btem hr\u00e1t si s obojkem nebo jej dokonce cucat.<\/p>\n<p>Zamezte\u00a0kontaktu s ko\u010dkami, je pro n\u011b toxick\u00fd.<\/p>\n<p>Registra\u010dn\u00ed \u010d\u00edslo:\u00a096\/089\/14-C<\/p>\n","protected":false},"excerpt":{"rendered":"<p>Antiparazitn\u00ed obojek pro psy proti kl\u00ed\u0161\u0165at\u016fm, kom\u00e1r\u016fm a pakom\u00e1r\u016fm. od 7 t\u00fddn\u016f v\u011bku ochrana\u00a0a\u017e 6 m\u011bs\u00edc\u016f proti kl\u00ed\u0161\u0165at\u016fm a pakom\u00e1r\u016fm ochrana proti kom\u00e1r\u016fm a\u017e\u00a05 m\u011bs\u00edc\u016f vod\u011bodoln\u00fd zcela bez z\u00e1pachu \u00fa\u010dinn\u00e1 l\u00e1tka:\u00a0Deltametrin\u00a0 d\u00e9lka:\u00a0\u00a048cm Obojek je t\u0159eba nasadit t\u00fdden p\u0159ed pobytem v infikovan\u00e9m prost\u0159ed\u00ed, jeliko\u017e \u00fa\u010dinn\u00e1 l\u00e1tka\u00a0je z obojku uvol\u0148ov\u00e1na pozvolna p\u0159\u00edmo na psa, a roz\u0161i\u0159uje se&#8230;<\/p>\n","protected":false},"featured_media":241290,"comment_status":"closed","ping_status":"open","template":"","meta":{"_acf_changed":false,"_kadence_starter_templates_imported_post":false,"_kad_post_transparent":"","_kad_post_title":"","_kad_post_layout":"","_kad_post_sidebar_id":"","_kad_post_content_style":"","_kad_post_vertical_padding":"","_kad_post_feature":"","_kad_post_feature_position":"","_kad_post_header":false,"_kad_post_footer":false,"_kad_post_classname":""},"product_brand":[2588],"product_cat":[438,436,437],"product_tag":[],"class_list":{"0":"post-241289","1":"product","2":"type-product","3":"status-publish","4":"has-post-thumbnail","6":"product_brand-scalibor","7":"product_cat-antiparazitika-pro-zvirata","8":"product_cat-chovatelske-potreby-2","9":"product_cat-veterinarni-lekarna","10":"pa_obchod-superzoo-cz","12":"first","13":"instock","14":"product-type-external","15":"entry","16":"content-bg","17":"loop-entry"},"acf":[],"yoast_head":"<!-- This site is optimized with the Yoast SEO plugin v27.4 - https:\/\/yoast.com\/product\/yoast-seo-wordpress\/ -->\n<title>Obojek Scalibor antiparazitn\u00ed mal\u00fd 48cm - SHOPATOA.COM<\/title>\n<meta name=\"robots\" content=\"index, follow, max-snippet:-1, max-image-preview:large, max-video-preview:-1\" \/>\n<link rel=\"canonical\" href=\"https:\/\/shopatoa.com\/cz\/obojek-scalibor-antiparazitni-maly-48cm\/\" \/>\n<meta property=\"og:locale\" content=\"cs_CZ\" \/>\n<meta property=\"og:type\" content=\"article\" \/>\n<meta property=\"og:title\" content=\"Obojek Scalibor antiparazitn\u00ed mal\u00fd 48cm - SHOPATOA.COM\" \/>\n<meta property=\"og:description\" content=\"Antiparazitn\u00ed obojek pro psy proti kl\u00ed\u0161\u0165at\u016fm, kom\u00e1r\u016fm a pakom\u00e1r\u016fm. od 7 t\u00fddn\u016f v\u011bku ochrana\u00a0a\u017e 6 m\u011bs\u00edc\u016f proti kl\u00ed\u0161\u0165at\u016fm a pakom\u00e1r\u016fm ochrana proti kom\u00e1r\u016fm a\u017e\u00a05 m\u011bs\u00edc\u016f vod\u011bodoln\u00fd zcela bez z\u00e1pachu \u00fa\u010dinn\u00e1 l\u00e1tka:\u00a0Deltametrin\u00a0 d\u00e9lka:\u00a0\u00a048cm Obojek je t\u0159eba nasadit t\u00fdden p\u0159ed pobytem v infikovan\u00e9m prost\u0159ed\u00ed, jeliko\u017e \u00fa\u010dinn\u00e1 l\u00e1tka\u00a0je z obojku uvol\u0148ov\u00e1na pozvolna p\u0159\u00edmo na psa, a roz\u0161i\u0159uje se...\" \/>\n<meta property=\"og:url\" content=\"https:\/\/shopatoa.com\/cz\/obojek-scalibor-antiparazitni-maly-48cm\/\" \/>\n<meta property=\"og:site_name\" content=\"SHOPATOA\" \/>\n<meta property=\"article:modified_time\" content=\"2026-02-04T07:22:08+00:00\" \/>\n<meta property=\"og:image\" content=\"https:\/\/storage.googleapis.com\/cz-shopatoa-img\/cz\/1ab5f6c5-1_23616.jpg\" \/>\n\t<meta property=\"og:image:width\" content=\"600\" \/>\n\t<meta property=\"og:image:height\" content=\"600\" \/>\n\t<meta property=\"og:image:type\" content=\"image\/jpeg\" \/>\n<meta name=\"twitter:card\" content=\"summary_large_image\" \/>\n<meta name=\"twitter:label1\" content=\"Odhadovan\u00e1 doba \u010dten\u00ed\" \/>\n\t<meta name=\"twitter:data1\" content=\"1 minuta\" \/>\n<script type=\"application\/ld+json\" class=\"yoast-schema-graph\">{\"@context\":\"https:\\\/\\\/schema.org\",\"@graph\":[{\"@type\":\"WebPage\",\"@id\":\"https:\\\/\\\/shopatoa.com\\\/cz\\\/obojek-scalibor-antiparazitni-maly-48cm\\\/\",\"url\":\"https:\\\/\\\/shopatoa.com\\\/cz\\\/obojek-scalibor-antiparazitni-maly-48cm\\\/\",\"name\":\"Obojek Scalibor antiparazitn\u00ed mal\u00fd 48cm - SHOPATOA.COM\",\"isPartOf\":{\"@id\":\"https:\\\/\\\/shopatoa.com\\\/cz\\\/#website\"},\"primaryImageOfPage\":{\"@id\":\"https:\\\/\\\/shopatoa.com\\\/cz\\\/obojek-scalibor-antiparazitni-maly-48cm\\\/#primaryimage\"},\"image\":{\"@id\":\"https:\\\/\\\/shopatoa.com\\\/cz\\\/obojek-scalibor-antiparazitni-maly-48cm\\\/#primaryimage\"},\"thumbnailUrl\":\"https:\\\/\\\/storage.googleapis.com\\\/cz-shopatoa-img\\\/cz\\\/1ab5f6c5-1_23616.jpg\",\"datePublished\":\"2025-04-01T13:39:54+00:00\",\"dateModified\":\"2026-02-04T07:22:08+00:00\",\"breadcrumb\":{\"@id\":\"https:\\\/\\\/shopatoa.com\\\/cz\\\/obojek-scalibor-antiparazitni-maly-48cm\\\/#breadcrumb\"},\"inLanguage\":\"cs\",\"potentialAction\":[{\"@type\":\"ReadAction\",\"target\":[\"https:\\\/\\\/shopatoa.com\\\/cz\\\/obojek-scalibor-antiparazitni-maly-48cm\\\/\"]}]},{\"@type\":\"ImageObject\",\"inLanguage\":\"cs\",\"@id\":\"https:\\\/\\\/shopatoa.com\\\/cz\\\/obojek-scalibor-antiparazitni-maly-48cm\\\/#primaryimage\",\"url\":\"https:\\\/\\\/storage.googleapis.com\\\/cz-shopatoa-img\\\/cz\\\/1ab5f6c5-1_23616.jpg\",\"contentUrl\":\"https:\\\/\\\/storage.googleapis.com\\\/cz-shopatoa-img\\\/cz\\\/1ab5f6c5-1_23616.jpg\",\"width\":600,\"height\":600},{\"@type\":\"BreadcrumbList\",\"@id\":\"https:\\\/\\\/shopatoa.com\\\/cz\\\/obojek-scalibor-antiparazitni-maly-48cm\\\/#breadcrumb\",\"itemListElement\":[{\"@type\":\"ListItem\",\"position\":1,\"name\":\"Dom\u016f\",\"item\":\"https:\\\/\\\/shopatoa.com\\\/cz\\\/\"},{\"@type\":\"ListItem\",\"position\":2,\"name\":\"Produkty\",\"item\":\"https:\\\/\\\/shopatoa.com\\\/cz\\\/shop\\\/\"},{\"@type\":\"ListItem\",\"position\":3,\"name\":\"Chovatelsk\u00e9 pot\u0159eby\",\"item\":\"https:\\\/\\\/shopatoa.com\\\/cz\\\/chovatelske-potreby-2\\\/\"},{\"@type\":\"ListItem\",\"position\":4,\"name\":\"Veterin\u00e1rn\u00ed l\u00e9k\u00e1rna\",\"item\":\"https:\\\/\\\/shopatoa.com\\\/cz\\\/veterinarni-lekarna\\\/\"},{\"@type\":\"ListItem\",\"position\":5,\"name\":\"Antiparazitika pro zv\u00ed\u0159ata\",\"item\":\"https:\\\/\\\/shopatoa.com\\\/cz\\\/antiparazitika-pro-zvirata\\\/\"},{\"@type\":\"ListItem\",\"position\":6,\"name\":\"Obojek Scalibor antiparazitn\u00ed mal\u00fd 48cm\"}]},{\"@type\":\"WebSite\",\"@id\":\"https:\\\/\\\/shopatoa.com\\\/cz\\\/#website\",\"url\":\"https:\\\/\\\/shopatoa.com\\\/cz\\\/\",\"name\":\"SHOPATOA\",\"description\":\"\",\"publisher\":{\"@id\":\"https:\\\/\\\/shopatoa.com\\\/cz\\\/#organization\"},\"potentialAction\":[{\"@type\":\"SearchAction\",\"target\":{\"@type\":\"EntryPoint\",\"urlTemplate\":\"https:\\\/\\\/shopatoa.com\\\/cz\\\/?s={search_term_string}\"},\"query-input\":{\"@type\":\"PropertyValueSpecification\",\"valueRequired\":true,\"valueName\":\"search_term_string\"}}],\"inLanguage\":\"cs\"},{\"@type\":\"Organization\",\"@id\":\"https:\\\/\\\/shopatoa.com\\\/cz\\\/#organization\",\"name\":\"SHOPATOA Digital s.r.o.\",\"url\":\"https:\\\/\\\/shopatoa.com\\\/cz\\\/\",\"logo\":{\"@type\":\"ImageObject\",\"inLanguage\":\"cs\",\"@id\":\"https:\\\/\\\/shopatoa.com\\\/cz\\\/#\\\/schema\\\/logo\\\/image\\\/\",\"url\":\"https:\\\/\\\/storage.googleapis.com\\\/cz-shopatoa-img\\\/cz\\\/ebccf434-shopatoa_logo.png\",\"contentUrl\":\"https:\\\/\\\/storage.googleapis.com\\\/cz-shopatoa-img\\\/cz\\\/ebccf434-shopatoa_logo.png\",\"width\":416,\"height\":63,\"caption\":\"SHOPATOA Digital s.r.o.\"},\"image\":{\"@id\":\"https:\\\/\\\/shopatoa.com\\\/cz\\\/#\\\/schema\\\/logo\\\/image\\\/\"}}]}<\/script>\n<!-- \/ Yoast SEO plugin. -->","yoast_head_json":{"title":"Obojek Scalibor antiparazitn\u00ed mal\u00fd 48cm - SHOPATOA.COM","robots":{"index":"index","follow":"follow","max-snippet":"max-snippet:-1","max-image-preview":"max-image-preview:large","max-video-preview":"max-video-preview:-1"},"canonical":"https:\/\/shopatoa.com\/cz\/obojek-scalibor-antiparazitni-maly-48cm\/","og_locale":"cs_CZ","og_type":"article","og_title":"Obojek Scalibor antiparazitn\u00ed mal\u00fd 48cm - SHOPATOA.COM","og_description":"Antiparazitn\u00ed obojek pro psy proti kl\u00ed\u0161\u0165at\u016fm, kom\u00e1r\u016fm a pakom\u00e1r\u016fm. od 7 t\u00fddn\u016f v\u011bku ochrana\u00a0a\u017e 6 m\u011bs\u00edc\u016f proti kl\u00ed\u0161\u0165at\u016fm a pakom\u00e1r\u016fm ochrana proti kom\u00e1r\u016fm a\u017e\u00a05 m\u011bs\u00edc\u016f vod\u011bodoln\u00fd zcela bez z\u00e1pachu \u00fa\u010dinn\u00e1 l\u00e1tka:\u00a0Deltametrin\u00a0 d\u00e9lka:\u00a0\u00a048cm Obojek je t\u0159eba nasadit t\u00fdden p\u0159ed pobytem v infikovan\u00e9m prost\u0159ed\u00ed, jeliko\u017e \u00fa\u010dinn\u00e1 l\u00e1tka\u00a0je z obojku uvol\u0148ov\u00e1na pozvolna p\u0159\u00edmo na psa, a roz\u0161i\u0159uje se...","og_url":"https:\/\/shopatoa.com\/cz\/obojek-scalibor-antiparazitni-maly-48cm\/","og_site_name":"SHOPATOA","article_modified_time":"2026-02-04T07:22:08+00:00","og_image":[{"width":600,"height":600,"url":"https:\/\/storage.googleapis.com\/cz-shopatoa-img\/cz\/1ab5f6c5-1_23616.jpg","type":"image\/jpeg"}],"twitter_card":"summary_large_image","twitter_misc":{"Odhadovan\u00e1 doba \u010dten\u00ed":"1 minuta"},"schema":{"@context":"https:\/\/schema.org","@graph":[{"@type":"WebPage","@id":"https:\/\/shopatoa.com\/cz\/obojek-scalibor-antiparazitni-maly-48cm\/","url":"https:\/\/shopatoa.com\/cz\/obojek-scalibor-antiparazitni-maly-48cm\/","name":"Obojek Scalibor antiparazitn\u00ed mal\u00fd 48cm - SHOPATOA.COM","isPartOf":{"@id":"https:\/\/shopatoa.com\/cz\/#website"},"primaryImageOfPage":{"@id":"https:\/\/shopatoa.com\/cz\/obojek-scalibor-antiparazitni-maly-48cm\/#primaryimage"},"image":{"@id":"https:\/\/shopatoa.com\/cz\/obojek-scalibor-antiparazitni-maly-48cm\/#primaryimage"},"thumbnailUrl":"https:\/\/storage.googleapis.com\/cz-shopatoa-img\/cz\/1ab5f6c5-1_23616.jpg","datePublished":"2025-04-01T13:39:54+00:00","dateModified":"2026-02-04T07:22:08+00:00","breadcrumb":{"@id":"https:\/\/shopatoa.com\/cz\/obojek-scalibor-antiparazitni-maly-48cm\/#breadcrumb"},"inLanguage":"cs","potentialAction":[{"@type":"ReadAction","target":["https:\/\/shopatoa.com\/cz\/obojek-scalibor-antiparazitni-maly-48cm\/"]}]},{"@type":"ImageObject","inLanguage":"cs","@id":"https:\/\/shopatoa.com\/cz\/obojek-scalibor-antiparazitni-maly-48cm\/#primaryimage","url":"https:\/\/storage.googleapis.com\/cz-shopatoa-img\/cz\/1ab5f6c5-1_23616.jpg","contentUrl":"https:\/\/storage.googleapis.com\/cz-shopatoa-img\/cz\/1ab5f6c5-1_23616.jpg","width":600,"height":600},{"@type":"BreadcrumbList","@id":"https:\/\/shopatoa.com\/cz\/obojek-scalibor-antiparazitni-maly-48cm\/#breadcrumb","itemListElement":[{"@type":"ListItem","position":1,"name":"Dom\u016f","item":"https:\/\/shopatoa.com\/cz\/"},{"@type":"ListItem","position":2,"name":"Produkty","item":"https:\/\/shopatoa.com\/cz\/shop\/"},{"@type":"ListItem","position":3,"name":"Chovatelsk\u00e9 pot\u0159eby","item":"https:\/\/shopatoa.com\/cz\/chovatelske-potreby-2\/"},{"@type":"ListItem","position":4,"name":"Veterin\u00e1rn\u00ed l\u00e9k\u00e1rna","item":"https:\/\/shopatoa.com\/cz\/veterinarni-lekarna\/"},{"@type":"ListItem","position":5,"name":"Antiparazitika pro zv\u00ed\u0159ata","item":"https:\/\/shopatoa.com\/cz\/antiparazitika-pro-zvirata\/"},{"@type":"ListItem","position":6,"name":"Obojek Scalibor antiparazitn\u00ed mal\u00fd 48cm"}]},{"@type":"WebSite","@id":"https:\/\/shopatoa.com\/cz\/#website","url":"https:\/\/shopatoa.com\/cz\/","name":"SHOPATOA","description":"","publisher":{"@id":"https:\/\/shopatoa.com\/cz\/#organization"},"potentialAction":[{"@type":"SearchAction","target":{"@type":"EntryPoint","urlTemplate":"https:\/\/shopatoa.com\/cz\/?s={search_term_string}"},"query-input":{"@type":"PropertyValueSpecification","valueRequired":true,"valueName":"search_term_string"}}],"inLanguage":"cs"},{"@type":"Organization","@id":"https:\/\/shopatoa.com\/cz\/#organization","name":"SHOPATOA Digital s.r.o.","url":"https:\/\/shopatoa.com\/cz\/","logo":{"@type":"ImageObject","inLanguage":"cs","@id":"https:\/\/shopatoa.com\/cz\/#\/schema\/logo\/image\/","url":"https:\/\/storage.googleapis.com\/cz-shopatoa-img\/cz\/ebccf434-shopatoa_logo.png","contentUrl":"https:\/\/storage.googleapis.com\/cz-shopatoa-img\/cz\/ebccf434-shopatoa_logo.png","width":416,"height":63,"caption":"SHOPATOA Digital s.r.o."},"image":{"@id":"https:\/\/shopatoa.com\/cz\/#\/schema\/logo\/image\/"}}]}},"_links":{"self":[{"href":"https:\/\/shopatoa.com\/cz\/wp-json\/wp\/v2\/product\/241289","targetHints":{"allow":["GET"]}}],"collection":[{"href":"https:\/\/shopatoa.com\/cz\/wp-json\/wp\/v2\/product"}],"about":[{"href":"https:\/\/shopatoa.com\/cz\/wp-json\/wp\/v2\/types\/product"}],"replies":[{"embeddable":true,"href":"https:\/\/shopatoa.com\/cz\/wp-json\/wp\/v2\/comments?post=241289"}],"wp:featuredmedia":[{"embeddable":true,"href":"https:\/\/shopatoa.com\/cz\/wp-json\/wp\/v2\/media\/241290"}],"wp:attachment":[{"href":"https:\/\/shopatoa.com\/cz\/wp-json\/wp\/v2\/media?parent=241289"}],"wp:term":[{"taxonomy":"product_brand","embeddable":true,"href":"https:\/\/shopatoa.com\/cz\/wp-json\/wp\/v2\/product_brand?post=241289"},{"taxonomy":"product_cat","embeddable":true,"href":"https:\/\/shopatoa.com\/cz\/wp-json\/wp\/v2\/product_cat?post=241289"},{"taxonomy":"product_tag","embeddable":true,"href":"https:\/\/shopatoa.com\/cz\/wp-json\/wp\/v2\/product_tag?post=241289"}],"curies":[{"name":"wp","href":"https:\/\/api.w.org\/{rel}","templated":true}]}}