{"id":241293,"date":"2025-04-01T15:40:07","date_gmt":"2025-04-01T13:40:07","guid":{"rendered":"https:\/\/shopatoa.com\/cz\/?post_type=product&#038;p=241293"},"modified":"2026-02-04T08:21:57","modified_gmt":"2026-02-04T07:21:57","slug":"sprej-frontline-250ml","status":"publish","type":"product","link":"https:\/\/shopatoa.com\/cz\/sprej-frontline-250ml\/","title":{"rendered":"Sprej Frontline 250ml"},"content":{"rendered":"<p>Frontline spray\u00a0je antiparazit\u00e1rn\u00ed p\u0159\u00edpravek ve spreji na ochranu ps\u016f a ko\u010dek proti blech\u00e1m a kl\u00ed\u0161\u0165at\u016fm. P\u0159\u00edpravek je \u00fa\u010dinn\u00fd po dobu a\u017e 5 t\u00fddn\u016f proti kl\u00ed\u0161\u0165at\u016fm, 1 a\u017e 3 m\u011bs\u00edce proti blech\u00e1m a 63 dn\u016f (psi) nebo 42 dn\u016f (ko\u010dky) proti v\u0161enk\u00e1m.<br \/>\n@import url(&#8218;https:\/\/ca42.colorsquares.cz\/frontline\/2023\/rc\/superzoocz\/css\/frontline_superzoocz_15032023.css&#8216;);<br \/>\n    @import url(&#8218;https:\/\/use.typekit.net\/vqs7jxd.css&#8216;);<\/p>\n<p>    #fl-bdy {<br \/>\n        &#8211;fl-color-main: #003990;<br \/>\n        &#8211;fl-color-main-transparent: rgba(0, 57, 137, 0);<br \/>\n        &#8211;fl-color-secondary-1: #002964;<br \/>\n        &#8211;fl-color-secondary-2: #003989;<br \/>\n        &#8211;fl-color-secondary-3: #96B7E5;<br \/>\n        &#8211;fl-color-faq: rgba(0, 42, 101, 0.3);<br \/>\n        &#8211;fl-bg-feature-1: url(&#8218;https:\/\/ca42.colorsquares.cz\/frontline\/2023\/rc\/superzoocz\/images\/frontline-bg-cat-happy.jpg&#8216;);<br \/>\n        &#8211;fl-bg-feature-1-mob: url(&#8218;https:\/\/ca42.colorsquares.cz\/frontline\/2023\/rc\/superzoocz\/images\/frontline-bg-cat-happy-p-800.jpg&#8216;);<br \/>\n        &#8211;fl-bg-feature-2:&#8230;<\/p>\n","protected":false},"excerpt":{"rendered":"<p>Frontline spray\u00a0je antiparazit\u00e1rn\u00ed p\u0159\u00edpravek ve spreji na ochranu ps\u016f a ko\u010dek proti blech\u00e1m a kl\u00ed\u0161\u0165at\u016fm. P\u0159\u00edpravek je \u00fa\u010dinn\u00fd po dobu a\u017e 5 t\u00fddn\u016f proti kl\u00ed\u0161\u0165at\u016fm, 1 a\u017e 3 m\u011bs\u00edce proti blech\u00e1m a 63 dn\u016f (psi) nebo 42 dn\u016f (ko\u010dky) proti v\u0161enk\u00e1m. @import url(&#8218;https:\/\/ca42.colorsquares.cz\/frontline\/2023\/rc\/superzoocz\/css\/frontline_superzoocz_15032023.css&#8216;); @import url(&#8218;https:\/\/use.typekit.net\/vqs7jxd.css&#8216;); #fl-bdy { &#8211;fl-color-main: #003990; &#8211;fl-color-main-transparent: rgba(0, 57, 137, 0); &#8211;fl-color-secondary-1:&#8230;<\/p>\n","protected":false},"featured_media":241294,"comment_status":"closed","ping_status":"open","template":"","meta":{"_acf_changed":false,"_kadence_starter_templates_imported_post":false,"_kad_post_transparent":"","_kad_post_title":"","_kad_post_layout":"","_kad_post_sidebar_id":"","_kad_post_content_style":"","_kad_post_vertical_padding":"","_kad_post_feature":"","_kad_post_feature_position":"","_kad_post_header":false,"_kad_post_footer":false,"_kad_post_classname":""},"product_brand":[610],"product_cat":[440,438,436,439,437],"product_tag":[],"class_list":{"0":"post-241293","1":"product","2":"type-product","3":"status-publish","4":"has-post-thumbnail","6":"product_brand-frontline","7":"product_cat-antiparazitika-pro-psy","8":"product_cat-antiparazitika-pro-zvirata","9":"product_cat-chovatelske-potreby-2","10":"product_cat-neveterinarni-antiparazitika","11":"product_cat-veterinarni-lekarna","12":"pa_obchod-superzoo-cz","14":"first","15":"instock","16":"product-type-external","17":"entry","18":"content-bg","19":"loop-entry"},"acf":[],"yoast_head":"<!-- This site is optimized with the Yoast SEO plugin v27.4 - https:\/\/yoast.com\/product\/yoast-seo-wordpress\/ -->\n<title>Sprej Frontline 250ml - SHOPATOA.COM<\/title>\n<meta name=\"robots\" content=\"index, follow, max-snippet:-1, max-image-preview:large, max-video-preview:-1\" \/>\n<link rel=\"canonical\" href=\"https:\/\/shopatoa.com\/cz\/sprej-frontline-250ml\/\" \/>\n<meta property=\"og:locale\" content=\"cs_CZ\" \/>\n<meta property=\"og:type\" content=\"article\" \/>\n<meta property=\"og:title\" content=\"Sprej Frontline 250ml - SHOPATOA.COM\" \/>\n<meta property=\"og:description\" content=\"Frontline spray\u00a0je antiparazit\u00e1rn\u00ed p\u0159\u00edpravek ve spreji na ochranu ps\u016f a ko\u010dek proti blech\u00e1m a kl\u00ed\u0161\u0165at\u016fm. P\u0159\u00edpravek je \u00fa\u010dinn\u00fd po dobu a\u017e 5 t\u00fddn\u016f proti kl\u00ed\u0161\u0165at\u016fm, 1 a\u017e 3 m\u011bs\u00edce proti blech\u00e1m a 63 dn\u016f (psi) nebo 42 dn\u016f (ko\u010dky) proti v\u0161enk\u00e1m. @import url(&#8218;https:\/\/ca42.colorsquares.cz\/frontline\/2023\/rc\/superzoocz\/css\/frontline_superzoocz_15032023.css&#8216;); @import url(&#8218;https:\/\/use.typekit.net\/vqs7jxd.css&#8216;); #fl-bdy { &#8211;fl-color-main: #003990; &#8211;fl-color-main-transparent: rgba(0, 57, 137, 0); &#8211;fl-color-secondary-1:...\" \/>\n<meta property=\"og:url\" content=\"https:\/\/shopatoa.com\/cz\/sprej-frontline-250ml\/\" \/>\n<meta property=\"og:site_name\" content=\"SHOPATOA\" \/>\n<meta property=\"article:modified_time\" content=\"2026-02-04T07:21:57+00:00\" \/>\n<meta property=\"og:image\" content=\"https:\/\/storage.googleapis.com\/cz-shopatoa-img\/cz\/4715789a-1_84696.jpg\" \/>\n\t<meta property=\"og:image:width\" content=\"600\" \/>\n\t<meta property=\"og:image:height\" content=\"600\" \/>\n\t<meta property=\"og:image:type\" content=\"image\/jpeg\" \/>\n<meta name=\"twitter:card\" content=\"summary_large_image\" \/>\n<meta name=\"twitter:label1\" content=\"Odhadovan\u00e1 doba \u010dten\u00ed\" \/>\n\t<meta name=\"twitter:data1\" content=\"1 minuta\" \/>\n<script type=\"application\/ld+json\" class=\"yoast-schema-graph\">{\"@context\":\"https:\\\/\\\/schema.org\",\"@graph\":[{\"@type\":\"WebPage\",\"@id\":\"https:\\\/\\\/shopatoa.com\\\/cz\\\/sprej-frontline-250ml\\\/\",\"url\":\"https:\\\/\\\/shopatoa.com\\\/cz\\\/sprej-frontline-250ml\\\/\",\"name\":\"Sprej Frontline 250ml - SHOPATOA.COM\",\"isPartOf\":{\"@id\":\"https:\\\/\\\/shopatoa.com\\\/cz\\\/#website\"},\"primaryImageOfPage\":{\"@id\":\"https:\\\/\\\/shopatoa.com\\\/cz\\\/sprej-frontline-250ml\\\/#primaryimage\"},\"image\":{\"@id\":\"https:\\\/\\\/shopatoa.com\\\/cz\\\/sprej-frontline-250ml\\\/#primaryimage\"},\"thumbnailUrl\":\"https:\\\/\\\/storage.googleapis.com\\\/cz-shopatoa-img\\\/cz\\\/4715789a-1_84696.jpg\",\"datePublished\":\"2025-04-01T13:40:07+00:00\",\"dateModified\":\"2026-02-04T07:21:57+00:00\",\"breadcrumb\":{\"@id\":\"https:\\\/\\\/shopatoa.com\\\/cz\\\/sprej-frontline-250ml\\\/#breadcrumb\"},\"inLanguage\":\"cs\",\"potentialAction\":[{\"@type\":\"ReadAction\",\"target\":[\"https:\\\/\\\/shopatoa.com\\\/cz\\\/sprej-frontline-250ml\\\/\"]}]},{\"@type\":\"ImageObject\",\"inLanguage\":\"cs\",\"@id\":\"https:\\\/\\\/shopatoa.com\\\/cz\\\/sprej-frontline-250ml\\\/#primaryimage\",\"url\":\"https:\\\/\\\/storage.googleapis.com\\\/cz-shopatoa-img\\\/cz\\\/4715789a-1_84696.jpg\",\"contentUrl\":\"https:\\\/\\\/storage.googleapis.com\\\/cz-shopatoa-img\\\/cz\\\/4715789a-1_84696.jpg\",\"width\":600,\"height\":600},{\"@type\":\"BreadcrumbList\",\"@id\":\"https:\\\/\\\/shopatoa.com\\\/cz\\\/sprej-frontline-250ml\\\/#breadcrumb\",\"itemListElement\":[{\"@type\":\"ListItem\",\"position\":1,\"name\":\"Dom\u016f\",\"item\":\"https:\\\/\\\/shopatoa.com\\\/cz\\\/\"},{\"@type\":\"ListItem\",\"position\":2,\"name\":\"Produkty\",\"item\":\"https:\\\/\\\/shopatoa.com\\\/cz\\\/shop\\\/\"},{\"@type\":\"ListItem\",\"position\":3,\"name\":\"Chovatelsk\u00e9 pot\u0159eby\",\"item\":\"https:\\\/\\\/shopatoa.com\\\/cz\\\/chovatelske-potreby-2\\\/\"},{\"@type\":\"ListItem\",\"position\":4,\"name\":\"Veterin\u00e1rn\u00ed l\u00e9k\u00e1rna\",\"item\":\"https:\\\/\\\/shopatoa.com\\\/cz\\\/veterinarni-lekarna\\\/\"},{\"@type\":\"ListItem\",\"position\":5,\"name\":\"Antiparazitika pro zv\u00ed\u0159ata\",\"item\":\"https:\\\/\\\/shopatoa.com\\\/cz\\\/antiparazitika-pro-zvirata\\\/\"},{\"@type\":\"ListItem\",\"position\":6,\"name\":\"Neveterin\u00e1rn\u00ed antiparazitika\",\"item\":\"https:\\\/\\\/shopatoa.com\\\/cz\\\/neveterinarni-antiparazitika\\\/\"},{\"@type\":\"ListItem\",\"position\":7,\"name\":\"Antiparazitika pro psy\",\"item\":\"https:\\\/\\\/shopatoa.com\\\/cz\\\/antiparazitika-pro-psy\\\/\"},{\"@type\":\"ListItem\",\"position\":8,\"name\":\"Sprej Frontline 250ml\"}]},{\"@type\":\"WebSite\",\"@id\":\"https:\\\/\\\/shopatoa.com\\\/cz\\\/#website\",\"url\":\"https:\\\/\\\/shopatoa.com\\\/cz\\\/\",\"name\":\"SHOPATOA\",\"description\":\"\",\"publisher\":{\"@id\":\"https:\\\/\\\/shopatoa.com\\\/cz\\\/#organization\"},\"potentialAction\":[{\"@type\":\"SearchAction\",\"target\":{\"@type\":\"EntryPoint\",\"urlTemplate\":\"https:\\\/\\\/shopatoa.com\\\/cz\\\/?s={search_term_string}\"},\"query-input\":{\"@type\":\"PropertyValueSpecification\",\"valueRequired\":true,\"valueName\":\"search_term_string\"}}],\"inLanguage\":\"cs\"},{\"@type\":\"Organization\",\"@id\":\"https:\\\/\\\/shopatoa.com\\\/cz\\\/#organization\",\"name\":\"SHOPATOA Digital s.r.o.\",\"url\":\"https:\\\/\\\/shopatoa.com\\\/cz\\\/\",\"logo\":{\"@type\":\"ImageObject\",\"inLanguage\":\"cs\",\"@id\":\"https:\\\/\\\/shopatoa.com\\\/cz\\\/#\\\/schema\\\/logo\\\/image\\\/\",\"url\":\"https:\\\/\\\/storage.googleapis.com\\\/cz-shopatoa-img\\\/cz\\\/ebccf434-shopatoa_logo.png\",\"contentUrl\":\"https:\\\/\\\/storage.googleapis.com\\\/cz-shopatoa-img\\\/cz\\\/ebccf434-shopatoa_logo.png\",\"width\":416,\"height\":63,\"caption\":\"SHOPATOA Digital s.r.o.\"},\"image\":{\"@id\":\"https:\\\/\\\/shopatoa.com\\\/cz\\\/#\\\/schema\\\/logo\\\/image\\\/\"}}]}<\/script>\n<!-- \/ Yoast SEO plugin. -->","yoast_head_json":{"title":"Sprej Frontline 250ml - SHOPATOA.COM","robots":{"index":"index","follow":"follow","max-snippet":"max-snippet:-1","max-image-preview":"max-image-preview:large","max-video-preview":"max-video-preview:-1"},"canonical":"https:\/\/shopatoa.com\/cz\/sprej-frontline-250ml\/","og_locale":"cs_CZ","og_type":"article","og_title":"Sprej Frontline 250ml - SHOPATOA.COM","og_description":"Frontline spray\u00a0je antiparazit\u00e1rn\u00ed p\u0159\u00edpravek ve spreji na ochranu ps\u016f a ko\u010dek proti blech\u00e1m a kl\u00ed\u0161\u0165at\u016fm. P\u0159\u00edpravek je \u00fa\u010dinn\u00fd po dobu a\u017e 5 t\u00fddn\u016f proti kl\u00ed\u0161\u0165at\u016fm, 1 a\u017e 3 m\u011bs\u00edce proti blech\u00e1m a 63 dn\u016f (psi) nebo 42 dn\u016f (ko\u010dky) proti v\u0161enk\u00e1m. @import url(&#8218;https:\/\/ca42.colorsquares.cz\/frontline\/2023\/rc\/superzoocz\/css\/frontline_superzoocz_15032023.css&#8216;); @import url(&#8218;https:\/\/use.typekit.net\/vqs7jxd.css&#8216;); #fl-bdy { &#8211;fl-color-main: #003990; &#8211;fl-color-main-transparent: rgba(0, 57, 137, 0); &#8211;fl-color-secondary-1:...","og_url":"https:\/\/shopatoa.com\/cz\/sprej-frontline-250ml\/","og_site_name":"SHOPATOA","article_modified_time":"2026-02-04T07:21:57+00:00","og_image":[{"width":600,"height":600,"url":"https:\/\/storage.googleapis.com\/cz-shopatoa-img\/cz\/4715789a-1_84696.jpg","type":"image\/jpeg"}],"twitter_card":"summary_large_image","twitter_misc":{"Odhadovan\u00e1 doba \u010dten\u00ed":"1 minuta"},"schema":{"@context":"https:\/\/schema.org","@graph":[{"@type":"WebPage","@id":"https:\/\/shopatoa.com\/cz\/sprej-frontline-250ml\/","url":"https:\/\/shopatoa.com\/cz\/sprej-frontline-250ml\/","name":"Sprej Frontline 250ml - SHOPATOA.COM","isPartOf":{"@id":"https:\/\/shopatoa.com\/cz\/#website"},"primaryImageOfPage":{"@id":"https:\/\/shopatoa.com\/cz\/sprej-frontline-250ml\/#primaryimage"},"image":{"@id":"https:\/\/shopatoa.com\/cz\/sprej-frontline-250ml\/#primaryimage"},"thumbnailUrl":"https:\/\/storage.googleapis.com\/cz-shopatoa-img\/cz\/4715789a-1_84696.jpg","datePublished":"2025-04-01T13:40:07+00:00","dateModified":"2026-02-04T07:21:57+00:00","breadcrumb":{"@id":"https:\/\/shopatoa.com\/cz\/sprej-frontline-250ml\/#breadcrumb"},"inLanguage":"cs","potentialAction":[{"@type":"ReadAction","target":["https:\/\/shopatoa.com\/cz\/sprej-frontline-250ml\/"]}]},{"@type":"ImageObject","inLanguage":"cs","@id":"https:\/\/shopatoa.com\/cz\/sprej-frontline-250ml\/#primaryimage","url":"https:\/\/storage.googleapis.com\/cz-shopatoa-img\/cz\/4715789a-1_84696.jpg","contentUrl":"https:\/\/storage.googleapis.com\/cz-shopatoa-img\/cz\/4715789a-1_84696.jpg","width":600,"height":600},{"@type":"BreadcrumbList","@id":"https:\/\/shopatoa.com\/cz\/sprej-frontline-250ml\/#breadcrumb","itemListElement":[{"@type":"ListItem","position":1,"name":"Dom\u016f","item":"https:\/\/shopatoa.com\/cz\/"},{"@type":"ListItem","position":2,"name":"Produkty","item":"https:\/\/shopatoa.com\/cz\/shop\/"},{"@type":"ListItem","position":3,"name":"Chovatelsk\u00e9 pot\u0159eby","item":"https:\/\/shopatoa.com\/cz\/chovatelske-potreby-2\/"},{"@type":"ListItem","position":4,"name":"Veterin\u00e1rn\u00ed l\u00e9k\u00e1rna","item":"https:\/\/shopatoa.com\/cz\/veterinarni-lekarna\/"},{"@type":"ListItem","position":5,"name":"Antiparazitika pro zv\u00ed\u0159ata","item":"https:\/\/shopatoa.com\/cz\/antiparazitika-pro-zvirata\/"},{"@type":"ListItem","position":6,"name":"Neveterin\u00e1rn\u00ed antiparazitika","item":"https:\/\/shopatoa.com\/cz\/neveterinarni-antiparazitika\/"},{"@type":"ListItem","position":7,"name":"Antiparazitika pro psy","item":"https:\/\/shopatoa.com\/cz\/antiparazitika-pro-psy\/"},{"@type":"ListItem","position":8,"name":"Sprej Frontline 250ml"}]},{"@type":"WebSite","@id":"https:\/\/shopatoa.com\/cz\/#website","url":"https:\/\/shopatoa.com\/cz\/","name":"SHOPATOA","description":"","publisher":{"@id":"https:\/\/shopatoa.com\/cz\/#organization"},"potentialAction":[{"@type":"SearchAction","target":{"@type":"EntryPoint","urlTemplate":"https:\/\/shopatoa.com\/cz\/?s={search_term_string}"},"query-input":{"@type":"PropertyValueSpecification","valueRequired":true,"valueName":"search_term_string"}}],"inLanguage":"cs"},{"@type":"Organization","@id":"https:\/\/shopatoa.com\/cz\/#organization","name":"SHOPATOA Digital s.r.o.","url":"https:\/\/shopatoa.com\/cz\/","logo":{"@type":"ImageObject","inLanguage":"cs","@id":"https:\/\/shopatoa.com\/cz\/#\/schema\/logo\/image\/","url":"https:\/\/storage.googleapis.com\/cz-shopatoa-img\/cz\/ebccf434-shopatoa_logo.png","contentUrl":"https:\/\/storage.googleapis.com\/cz-shopatoa-img\/cz\/ebccf434-shopatoa_logo.png","width":416,"height":63,"caption":"SHOPATOA Digital s.r.o."},"image":{"@id":"https:\/\/shopatoa.com\/cz\/#\/schema\/logo\/image\/"}}]}},"_links":{"self":[{"href":"https:\/\/shopatoa.com\/cz\/wp-json\/wp\/v2\/product\/241293","targetHints":{"allow":["GET"]}}],"collection":[{"href":"https:\/\/shopatoa.com\/cz\/wp-json\/wp\/v2\/product"}],"about":[{"href":"https:\/\/shopatoa.com\/cz\/wp-json\/wp\/v2\/types\/product"}],"replies":[{"embeddable":true,"href":"https:\/\/shopatoa.com\/cz\/wp-json\/wp\/v2\/comments?post=241293"}],"wp:featuredmedia":[{"embeddable":true,"href":"https:\/\/shopatoa.com\/cz\/wp-json\/wp\/v2\/media\/241294"}],"wp:attachment":[{"href":"https:\/\/shopatoa.com\/cz\/wp-json\/wp\/v2\/media?parent=241293"}],"wp:term":[{"taxonomy":"product_brand","embeddable":true,"href":"https:\/\/shopatoa.com\/cz\/wp-json\/wp\/v2\/product_brand?post=241293"},{"taxonomy":"product_cat","embeddable":true,"href":"https:\/\/shopatoa.com\/cz\/wp-json\/wp\/v2\/product_cat?post=241293"},{"taxonomy":"product_tag","embeddable":true,"href":"https:\/\/shopatoa.com\/cz\/wp-json\/wp\/v2\/product_tag?post=241293"}],"curies":[{"name":"wp","href":"https:\/\/api.w.org\/{rel}","templated":true}]}}