{"id":241425,"date":"2025-04-01T15:46:06","date_gmt":"2025-04-01T13:46:06","guid":{"rendered":"https:\/\/shopatoa.com\/cz\/?post_type=product&#038;p=241425"},"modified":"2026-02-04T08:10:33","modified_gmt":"2026-02-04T07:10:33","slug":"pochoutka-rinti-extra-chicko-kachna-250g","status":"publish","type":"product","link":"https:\/\/shopatoa.com\/cz\/pochoutka-rinti-extra-chicko-kachna-250g\/","title":{"rendered":"Pochoutka Rinti Extra Chicko kachna 250g"},"content":{"rendered":"<p>Jemn\u00fd snack s kachn\u00edm masem a sn\u00ed\u017een\u00fdm obsahem tuku, dopl\u0148kov\u00e9 krmivo pro dosp\u011bl\u00e9 psy.<\/p>\n<p>Obl\u00edben\u00e1 v\u00fdte\u010dn\u00e1 pochoutka pro mal\u00e9 psy, kter\u00e1 je lehce straviteln\u00e1, neobsahuje masovou mou\u010dku ani s\u00f3ju. \u0160etrn\u011b su\u0161en\u00e1 vzduchem. V\u00fdborn\u00e1 sva\u010dinka, kter\u00e1 je v\u017edy po ruce.<\/p>\n<p>Krmn\u00fd n\u00e1vod: pod\u00e1vejte mezi ka\u017edodenn\u00edm krmen\u00edm p\u0159i sportovn\u00ed aktivit\u011b a jako odm\u011bnu.<\/p>\n<p>Slo\u017een\u00ed: maso a v\u00fdrobky \u017eivo\u010di\u0161n\u00e9ho p\u016fvodu (95% kachn\u00ed maso), vedlej\u0161\u00ed produkty rostlinn\u00e9ho p\u016fvodu, miner\u00e1ln\u00ed l\u00e1tky.<\/p>\n<p>Jakostn\u00ed znaky: proteiny 52%, vlhkost 27%, tuky 3%, hrub\u00e9 popeloviny 4,5%, hrub\u00e1 vl\u00e1knina 0,5%.<\/p>\n","protected":false},"excerpt":{"rendered":"<p>Jemn\u00fd snack s kachn\u00edm masem a sn\u00ed\u017een\u00fdm obsahem tuku, dopl\u0148kov\u00e9 krmivo pro dosp\u011bl\u00e9 psy. Obl\u00edben\u00e1 v\u00fdte\u010dn\u00e1 pochoutka pro mal\u00e9 psy, kter\u00e1 je lehce straviteln\u00e1, neobsahuje masovou mou\u010dku ani s\u00f3ju. \u0160etrn\u011b su\u0161en\u00e1 vzduchem. V\u00fdborn\u00e1 sva\u010dinka, kter\u00e1 je v\u017edy po ruce. Krmn\u00fd n\u00e1vod: pod\u00e1vejte mezi ka\u017edodenn\u00edm krmen\u00edm p\u0159i sportovn\u00ed aktivit\u011b a jako odm\u011bnu. Slo\u017een\u00ed: maso a v\u00fdrobky&#8230;<\/p>\n","protected":false},"featured_media":241426,"comment_status":"closed","ping_status":"open","template":"","meta":{"_acf_changed":false,"_kadence_starter_templates_imported_post":false,"_kad_post_transparent":"","_kad_post_title":"","_kad_post_layout":"","_kad_post_sidebar_id":"","_kad_post_content_style":"","_kad_post_vertical_padding":"","_kad_post_feature":"","_kad_post_feature_position":"","_kad_post_header":false,"_kad_post_footer":false,"_kad_post_classname":""},"product_brand":[2591],"product_cat":[436,2568,2576,739],"product_tag":[],"class_list":{"0":"post-241425","1":"product","2":"type-product","3":"status-publish","4":"has-post-thumbnail","6":"product_brand-rinti","7":"product_cat-chovatelske-potreby-2","8":"product_cat-krmivo-pro-psy-pro-psy-chovatelske-potreby-2","9":"product_cat-pamlsky-pro-psy","10":"product_cat-pro-psy-chovatelske-potreby-2","11":"pa_obchod-superzoo-cz","13":"first","14":"instock","15":"product-type-external","16":"entry","17":"content-bg","18":"loop-entry"},"acf":[],"yoast_head":"<!-- This site is optimized with the Yoast SEO plugin v27.4 - https:\/\/yoast.com\/product\/yoast-seo-wordpress\/ -->\n<title>Pochoutka Rinti Extra Chicko kachna 250g - SHOPATOA.COM<\/title>\n<meta name=\"robots\" content=\"index, follow, max-snippet:-1, max-image-preview:large, max-video-preview:-1\" \/>\n<link rel=\"canonical\" href=\"https:\/\/shopatoa.com\/cz\/pochoutka-rinti-extra-chicko-kachna-250g\/\" \/>\n<meta property=\"og:locale\" content=\"cs_CZ\" \/>\n<meta property=\"og:type\" content=\"article\" \/>\n<meta property=\"og:title\" content=\"Pochoutka Rinti Extra Chicko kachna 250g - SHOPATOA.COM\" \/>\n<meta property=\"og:description\" content=\"Jemn\u00fd snack s kachn\u00edm masem a sn\u00ed\u017een\u00fdm obsahem tuku, dopl\u0148kov\u00e9 krmivo pro dosp\u011bl\u00e9 psy. Obl\u00edben\u00e1 v\u00fdte\u010dn\u00e1 pochoutka pro mal\u00e9 psy, kter\u00e1 je lehce straviteln\u00e1, neobsahuje masovou mou\u010dku ani s\u00f3ju. \u0160etrn\u011b su\u0161en\u00e1 vzduchem. V\u00fdborn\u00e1 sva\u010dinka, kter\u00e1 je v\u017edy po ruce. Krmn\u00fd n\u00e1vod: pod\u00e1vejte mezi ka\u017edodenn\u00edm krmen\u00edm p\u0159i sportovn\u00ed aktivit\u011b a jako odm\u011bnu. Slo\u017een\u00ed: maso a v\u00fdrobky...\" \/>\n<meta property=\"og:url\" content=\"https:\/\/shopatoa.com\/cz\/pochoutka-rinti-extra-chicko-kachna-250g\/\" \/>\n<meta property=\"og:site_name\" content=\"SHOPATOA\" \/>\n<meta property=\"article:modified_time\" content=\"2026-02-04T07:10:33+00:00\" \/>\n<meta property=\"og:image\" content=\"https:\/\/storage.googleapis.com\/cz-shopatoa-img\/cz\/5e28824a-1_21863.jpg\" \/>\n\t<meta property=\"og:image:width\" content=\"600\" \/>\n\t<meta property=\"og:image:height\" content=\"600\" \/>\n\t<meta property=\"og:image:type\" content=\"image\/jpeg\" \/>\n<meta name=\"twitter:card\" content=\"summary_large_image\" \/>\n<meta name=\"twitter:label1\" content=\"Odhadovan\u00e1 doba \u010dten\u00ed\" \/>\n\t<meta name=\"twitter:data1\" content=\"1 minuta\" \/>\n<script type=\"application\/ld+json\" class=\"yoast-schema-graph\">{\"@context\":\"https:\\\/\\\/schema.org\",\"@graph\":[{\"@type\":\"WebPage\",\"@id\":\"https:\\\/\\\/shopatoa.com\\\/cz\\\/pochoutka-rinti-extra-chicko-kachna-250g\\\/\",\"url\":\"https:\\\/\\\/shopatoa.com\\\/cz\\\/pochoutka-rinti-extra-chicko-kachna-250g\\\/\",\"name\":\"Pochoutka Rinti Extra Chicko kachna 250g - SHOPATOA.COM\",\"isPartOf\":{\"@id\":\"https:\\\/\\\/shopatoa.com\\\/cz\\\/#website\"},\"primaryImageOfPage\":{\"@id\":\"https:\\\/\\\/shopatoa.com\\\/cz\\\/pochoutka-rinti-extra-chicko-kachna-250g\\\/#primaryimage\"},\"image\":{\"@id\":\"https:\\\/\\\/shopatoa.com\\\/cz\\\/pochoutka-rinti-extra-chicko-kachna-250g\\\/#primaryimage\"},\"thumbnailUrl\":\"https:\\\/\\\/storage.googleapis.com\\\/cz-shopatoa-img\\\/cz\\\/5e28824a-1_21863.jpg\",\"datePublished\":\"2025-04-01T13:46:06+00:00\",\"dateModified\":\"2026-02-04T07:10:33+00:00\",\"breadcrumb\":{\"@id\":\"https:\\\/\\\/shopatoa.com\\\/cz\\\/pochoutka-rinti-extra-chicko-kachna-250g\\\/#breadcrumb\"},\"inLanguage\":\"cs\",\"potentialAction\":[{\"@type\":\"ReadAction\",\"target\":[\"https:\\\/\\\/shopatoa.com\\\/cz\\\/pochoutka-rinti-extra-chicko-kachna-250g\\\/\"]}]},{\"@type\":\"ImageObject\",\"inLanguage\":\"cs\",\"@id\":\"https:\\\/\\\/shopatoa.com\\\/cz\\\/pochoutka-rinti-extra-chicko-kachna-250g\\\/#primaryimage\",\"url\":\"https:\\\/\\\/storage.googleapis.com\\\/cz-shopatoa-img\\\/cz\\\/5e28824a-1_21863.jpg\",\"contentUrl\":\"https:\\\/\\\/storage.googleapis.com\\\/cz-shopatoa-img\\\/cz\\\/5e28824a-1_21863.jpg\",\"width\":600,\"height\":600},{\"@type\":\"BreadcrumbList\",\"@id\":\"https:\\\/\\\/shopatoa.com\\\/cz\\\/pochoutka-rinti-extra-chicko-kachna-250g\\\/#breadcrumb\",\"itemListElement\":[{\"@type\":\"ListItem\",\"position\":1,\"name\":\"Dom\u016f\",\"item\":\"https:\\\/\\\/shopatoa.com\\\/cz\\\/\"},{\"@type\":\"ListItem\",\"position\":2,\"name\":\"Produkty\",\"item\":\"https:\\\/\\\/shopatoa.com\\\/cz\\\/shop\\\/\"},{\"@type\":\"ListItem\",\"position\":3,\"name\":\"Chovatelsk\u00e9 pot\u0159eby\",\"item\":\"https:\\\/\\\/shopatoa.com\\\/cz\\\/chovatelske-potreby-2\\\/\"},{\"@type\":\"ListItem\",\"position\":4,\"name\":\"Pro psy\",\"item\":\"https:\\\/\\\/shopatoa.com\\\/cz\\\/pro-psy-chovatelske-potreby-2\\\/\"},{\"@type\":\"ListItem\",\"position\":5,\"name\":\"Krmivo pro psy\",\"item\":\"https:\\\/\\\/shopatoa.com\\\/cz\\\/krmivo-pro-psy-pro-psy-chovatelske-potreby-2\\\/\"},{\"@type\":\"ListItem\",\"position\":6,\"name\":\"Pamlsky pro psy\",\"item\":\"https:\\\/\\\/shopatoa.com\\\/cz\\\/pamlsky-pro-psy\\\/\"},{\"@type\":\"ListItem\",\"position\":7,\"name\":\"Pochoutka Rinti Extra Chicko kachna 250g\"}]},{\"@type\":\"WebSite\",\"@id\":\"https:\\\/\\\/shopatoa.com\\\/cz\\\/#website\",\"url\":\"https:\\\/\\\/shopatoa.com\\\/cz\\\/\",\"name\":\"SHOPATOA\",\"description\":\"\",\"publisher\":{\"@id\":\"https:\\\/\\\/shopatoa.com\\\/cz\\\/#organization\"},\"potentialAction\":[{\"@type\":\"SearchAction\",\"target\":{\"@type\":\"EntryPoint\",\"urlTemplate\":\"https:\\\/\\\/shopatoa.com\\\/cz\\\/?s={search_term_string}\"},\"query-input\":{\"@type\":\"PropertyValueSpecification\",\"valueRequired\":true,\"valueName\":\"search_term_string\"}}],\"inLanguage\":\"cs\"},{\"@type\":\"Organization\",\"@id\":\"https:\\\/\\\/shopatoa.com\\\/cz\\\/#organization\",\"name\":\"SHOPATOA Digital s.r.o.\",\"url\":\"https:\\\/\\\/shopatoa.com\\\/cz\\\/\",\"logo\":{\"@type\":\"ImageObject\",\"inLanguage\":\"cs\",\"@id\":\"https:\\\/\\\/shopatoa.com\\\/cz\\\/#\\\/schema\\\/logo\\\/image\\\/\",\"url\":\"https:\\\/\\\/storage.googleapis.com\\\/cz-shopatoa-img\\\/cz\\\/ebccf434-shopatoa_logo.png\",\"contentUrl\":\"https:\\\/\\\/storage.googleapis.com\\\/cz-shopatoa-img\\\/cz\\\/ebccf434-shopatoa_logo.png\",\"width\":416,\"height\":63,\"caption\":\"SHOPATOA Digital s.r.o.\"},\"image\":{\"@id\":\"https:\\\/\\\/shopatoa.com\\\/cz\\\/#\\\/schema\\\/logo\\\/image\\\/\"}}]}<\/script>\n<!-- \/ Yoast SEO plugin. -->","yoast_head_json":{"title":"Pochoutka Rinti Extra Chicko kachna 250g - SHOPATOA.COM","robots":{"index":"index","follow":"follow","max-snippet":"max-snippet:-1","max-image-preview":"max-image-preview:large","max-video-preview":"max-video-preview:-1"},"canonical":"https:\/\/shopatoa.com\/cz\/pochoutka-rinti-extra-chicko-kachna-250g\/","og_locale":"cs_CZ","og_type":"article","og_title":"Pochoutka Rinti Extra Chicko kachna 250g - SHOPATOA.COM","og_description":"Jemn\u00fd snack s kachn\u00edm masem a sn\u00ed\u017een\u00fdm obsahem tuku, dopl\u0148kov\u00e9 krmivo pro dosp\u011bl\u00e9 psy. Obl\u00edben\u00e1 v\u00fdte\u010dn\u00e1 pochoutka pro mal\u00e9 psy, kter\u00e1 je lehce straviteln\u00e1, neobsahuje masovou mou\u010dku ani s\u00f3ju. \u0160etrn\u011b su\u0161en\u00e1 vzduchem. V\u00fdborn\u00e1 sva\u010dinka, kter\u00e1 je v\u017edy po ruce. Krmn\u00fd n\u00e1vod: pod\u00e1vejte mezi ka\u017edodenn\u00edm krmen\u00edm p\u0159i sportovn\u00ed aktivit\u011b a jako odm\u011bnu. Slo\u017een\u00ed: maso a v\u00fdrobky...","og_url":"https:\/\/shopatoa.com\/cz\/pochoutka-rinti-extra-chicko-kachna-250g\/","og_site_name":"SHOPATOA","article_modified_time":"2026-02-04T07:10:33+00:00","og_image":[{"width":600,"height":600,"url":"https:\/\/storage.googleapis.com\/cz-shopatoa-img\/cz\/5e28824a-1_21863.jpg","type":"image\/jpeg"}],"twitter_card":"summary_large_image","twitter_misc":{"Odhadovan\u00e1 doba \u010dten\u00ed":"1 minuta"},"schema":{"@context":"https:\/\/schema.org","@graph":[{"@type":"WebPage","@id":"https:\/\/shopatoa.com\/cz\/pochoutka-rinti-extra-chicko-kachna-250g\/","url":"https:\/\/shopatoa.com\/cz\/pochoutka-rinti-extra-chicko-kachna-250g\/","name":"Pochoutka Rinti Extra Chicko kachna 250g - SHOPATOA.COM","isPartOf":{"@id":"https:\/\/shopatoa.com\/cz\/#website"},"primaryImageOfPage":{"@id":"https:\/\/shopatoa.com\/cz\/pochoutka-rinti-extra-chicko-kachna-250g\/#primaryimage"},"image":{"@id":"https:\/\/shopatoa.com\/cz\/pochoutka-rinti-extra-chicko-kachna-250g\/#primaryimage"},"thumbnailUrl":"https:\/\/storage.googleapis.com\/cz-shopatoa-img\/cz\/5e28824a-1_21863.jpg","datePublished":"2025-04-01T13:46:06+00:00","dateModified":"2026-02-04T07:10:33+00:00","breadcrumb":{"@id":"https:\/\/shopatoa.com\/cz\/pochoutka-rinti-extra-chicko-kachna-250g\/#breadcrumb"},"inLanguage":"cs","potentialAction":[{"@type":"ReadAction","target":["https:\/\/shopatoa.com\/cz\/pochoutka-rinti-extra-chicko-kachna-250g\/"]}]},{"@type":"ImageObject","inLanguage":"cs","@id":"https:\/\/shopatoa.com\/cz\/pochoutka-rinti-extra-chicko-kachna-250g\/#primaryimage","url":"https:\/\/storage.googleapis.com\/cz-shopatoa-img\/cz\/5e28824a-1_21863.jpg","contentUrl":"https:\/\/storage.googleapis.com\/cz-shopatoa-img\/cz\/5e28824a-1_21863.jpg","width":600,"height":600},{"@type":"BreadcrumbList","@id":"https:\/\/shopatoa.com\/cz\/pochoutka-rinti-extra-chicko-kachna-250g\/#breadcrumb","itemListElement":[{"@type":"ListItem","position":1,"name":"Dom\u016f","item":"https:\/\/shopatoa.com\/cz\/"},{"@type":"ListItem","position":2,"name":"Produkty","item":"https:\/\/shopatoa.com\/cz\/shop\/"},{"@type":"ListItem","position":3,"name":"Chovatelsk\u00e9 pot\u0159eby","item":"https:\/\/shopatoa.com\/cz\/chovatelske-potreby-2\/"},{"@type":"ListItem","position":4,"name":"Pro psy","item":"https:\/\/shopatoa.com\/cz\/pro-psy-chovatelske-potreby-2\/"},{"@type":"ListItem","position":5,"name":"Krmivo pro psy","item":"https:\/\/shopatoa.com\/cz\/krmivo-pro-psy-pro-psy-chovatelske-potreby-2\/"},{"@type":"ListItem","position":6,"name":"Pamlsky pro psy","item":"https:\/\/shopatoa.com\/cz\/pamlsky-pro-psy\/"},{"@type":"ListItem","position":7,"name":"Pochoutka Rinti Extra Chicko kachna 250g"}]},{"@type":"WebSite","@id":"https:\/\/shopatoa.com\/cz\/#website","url":"https:\/\/shopatoa.com\/cz\/","name":"SHOPATOA","description":"","publisher":{"@id":"https:\/\/shopatoa.com\/cz\/#organization"},"potentialAction":[{"@type":"SearchAction","target":{"@type":"EntryPoint","urlTemplate":"https:\/\/shopatoa.com\/cz\/?s={search_term_string}"},"query-input":{"@type":"PropertyValueSpecification","valueRequired":true,"valueName":"search_term_string"}}],"inLanguage":"cs"},{"@type":"Organization","@id":"https:\/\/shopatoa.com\/cz\/#organization","name":"SHOPATOA Digital s.r.o.","url":"https:\/\/shopatoa.com\/cz\/","logo":{"@type":"ImageObject","inLanguage":"cs","@id":"https:\/\/shopatoa.com\/cz\/#\/schema\/logo\/image\/","url":"https:\/\/storage.googleapis.com\/cz-shopatoa-img\/cz\/ebccf434-shopatoa_logo.png","contentUrl":"https:\/\/storage.googleapis.com\/cz-shopatoa-img\/cz\/ebccf434-shopatoa_logo.png","width":416,"height":63,"caption":"SHOPATOA Digital s.r.o."},"image":{"@id":"https:\/\/shopatoa.com\/cz\/#\/schema\/logo\/image\/"}}]}},"_links":{"self":[{"href":"https:\/\/shopatoa.com\/cz\/wp-json\/wp\/v2\/product\/241425","targetHints":{"allow":["GET"]}}],"collection":[{"href":"https:\/\/shopatoa.com\/cz\/wp-json\/wp\/v2\/product"}],"about":[{"href":"https:\/\/shopatoa.com\/cz\/wp-json\/wp\/v2\/types\/product"}],"replies":[{"embeddable":true,"href":"https:\/\/shopatoa.com\/cz\/wp-json\/wp\/v2\/comments?post=241425"}],"wp:featuredmedia":[{"embeddable":true,"href":"https:\/\/shopatoa.com\/cz\/wp-json\/wp\/v2\/media\/241426"}],"wp:attachment":[{"href":"https:\/\/shopatoa.com\/cz\/wp-json\/wp\/v2\/media?parent=241425"}],"wp:term":[{"taxonomy":"product_brand","embeddable":true,"href":"https:\/\/shopatoa.com\/cz\/wp-json\/wp\/v2\/product_brand?post=241425"},{"taxonomy":"product_cat","embeddable":true,"href":"https:\/\/shopatoa.com\/cz\/wp-json\/wp\/v2\/product_cat?post=241425"},{"taxonomy":"product_tag","embeddable":true,"href":"https:\/\/shopatoa.com\/cz\/wp-json\/wp\/v2\/product_tag?post=241425"}],"curies":[{"name":"wp","href":"https:\/\/api.w.org\/{rel}","templated":true}]}}