{"id":241588,"date":"2025-04-01T15:54:22","date_gmt":"2025-04-01T13:54:22","guid":{"rendered":"https:\/\/shopatoa.com\/cz\/?post_type=product&#038;p=241588"},"modified":"2025-04-26T02:15:59","modified_gmt":"2025-04-26T00:15:59","slug":"kost-rasco-sunkova-287g","status":"publish","type":"product","link":"https:\/\/shopatoa.com\/cz\/kost-rasco-sunkova-287g\/","title":{"rendered":"Kost Rasco \u0161unkov\u00e1 287g"},"content":{"rendered":"<p>\u0160unkov\u00e1 kost-dopl\u0148kov\u00e9 krmivo pro psy.<\/p>\n<p>100% p\u0159\u00edrodn\u00ed pamlsek, pom\u00e1h\u00e1 v boji proti zubn\u00edmu plaku a podporuje siln\u00e9 zuby.<\/p>\n<p>Krmn\u00fd n\u00e1vod: dopln\u011bk stravy pro psy, nenahrazuje vyv\u00e1\u017eenou stravu, nepou\u017e\u00edvejte jako hlavn\u00ed krmen\u00ed. Zv\u00ed\u0159ata by m\u011bla b\u00fdt pod dohledem p\u0159i pod\u00e1v\u00e1n\u00ed tohoto v\u00fdrobku, vzhledem k riziku uvoln\u011bn\u00ed men\u0161\u00edch \u010d\u00e1stic. P\u0159\u00edrodn\u00ed kost, mo\u017enost roz\u0161t\u00edpnut\u00ed kosti. V\u017edy poskytn\u011bte p\u0159\u00edstup k \u010derstv\u00e9 vod\u011b. Pro spr\u00e1vn\u00e9 tr\u00e1ven\u00ed nechte zv\u00ed\u0159e odpo\u010dinout.<\/p>\n<p>Slo\u017een\u00ed: 100% vep\u0159ov\u00e9 maso, dopl\u0148kov\u00e9 l\u00e1tky, soln\u00fd roztok.<\/p>\n<p>Jakostn\u00ed znaky: proteiny 25%, oleje a tuky 23%, Hrub\u00e9 popeloviny 22%, hrub\u00e1 vl\u00e1knina 30%.<\/p>\n<p>V\u00e1ha: cca 287 g<\/p>\n","protected":false},"excerpt":{"rendered":"<p>\u0160unkov\u00e1 kost-dopl\u0148kov\u00e9 krmivo pro psy. 100% p\u0159\u00edrodn\u00ed pamlsek, pom\u00e1h\u00e1 v boji proti zubn\u00edmu plaku a podporuje siln\u00e9 zuby. Krmn\u00fd n\u00e1vod: dopln\u011bk stravy pro psy, nenahrazuje vyv\u00e1\u017eenou stravu, nepou\u017e\u00edvejte jako hlavn\u00ed krmen\u00ed. Zv\u00ed\u0159ata by m\u011bla b\u00fdt pod dohledem p\u0159i pod\u00e1v\u00e1n\u00ed tohoto v\u00fdrobku, vzhledem k riziku uvoln\u011bn\u00ed men\u0161\u00edch \u010d\u00e1stic. P\u0159\u00edrodn\u00ed kost, mo\u017enost roz\u0161t\u00edpnut\u00ed kosti. V\u017edy poskytn\u011bte p\u0159\u00edstup&#8230;<\/p>\n","protected":false},"featured_media":241589,"comment_status":"closed","ping_status":"open","template":"","meta":{"_acf_changed":false,"_kadence_starter_templates_imported_post":false,"_kad_post_transparent":"","_kad_post_title":"","_kad_post_layout":"","_kad_post_sidebar_id":"","_kad_post_content_style":"","_kad_post_vertical_padding":"","_kad_post_feature":"","_kad_post_feature_position":"","_kad_post_header":false,"_kad_post_footer":false,"_kad_post_classname":""},"product_brand":[2484],"product_cat":[436,2568,2576,739],"product_tag":[],"class_list":{"0":"post-241588","1":"product","2":"type-product","3":"status-publish","4":"has-post-thumbnail","6":"product_brand-rasco","7":"product_cat-chovatelske-potreby-2","8":"product_cat-krmivo-pro-psy-pro-psy-chovatelske-potreby-2","9":"product_cat-pamlsky-pro-psy","10":"product_cat-pro-psy-chovatelske-potreby-2","11":"pa_obchod-superzoo-cz","13":"first","14":"instock","15":"product-type-external","16":"entry","17":"content-bg","18":"loop-entry"},"acf":[],"yoast_head":"<!-- This site is optimized with the Yoast SEO plugin v27.4 - https:\/\/yoast.com\/product\/yoast-seo-wordpress\/ -->\n<title>Kost Rasco \u0161unkov\u00e1 287g - SHOPATOA.COM<\/title>\n<meta name=\"robots\" content=\"index, follow, max-snippet:-1, max-image-preview:large, max-video-preview:-1\" \/>\n<link rel=\"canonical\" href=\"https:\/\/shopatoa.com\/cz\/kost-rasco-sunkova-287g\/\" \/>\n<meta property=\"og:locale\" content=\"cs_CZ\" \/>\n<meta property=\"og:type\" content=\"article\" \/>\n<meta property=\"og:title\" content=\"Kost Rasco \u0161unkov\u00e1 287g - SHOPATOA.COM\" \/>\n<meta property=\"og:description\" content=\"\u0160unkov\u00e1 kost-dopl\u0148kov\u00e9 krmivo pro psy. 100% p\u0159\u00edrodn\u00ed pamlsek, pom\u00e1h\u00e1 v boji proti zubn\u00edmu plaku a podporuje siln\u00e9 zuby. Krmn\u00fd n\u00e1vod: dopln\u011bk stravy pro psy, nenahrazuje vyv\u00e1\u017eenou stravu, nepou\u017e\u00edvejte jako hlavn\u00ed krmen\u00ed. Zv\u00ed\u0159ata by m\u011bla b\u00fdt pod dohledem p\u0159i pod\u00e1v\u00e1n\u00ed tohoto v\u00fdrobku, vzhledem k riziku uvoln\u011bn\u00ed men\u0161\u00edch \u010d\u00e1stic. P\u0159\u00edrodn\u00ed kost, mo\u017enost roz\u0161t\u00edpnut\u00ed kosti. V\u017edy poskytn\u011bte p\u0159\u00edstup...\" \/>\n<meta property=\"og:url\" content=\"https:\/\/shopatoa.com\/cz\/kost-rasco-sunkova-287g\/\" \/>\n<meta property=\"og:site_name\" content=\"SHOPATOA\" \/>\n<meta property=\"article:modified_time\" content=\"2025-04-26T00:15:59+00:00\" \/>\n<meta property=\"og:image\" content=\"https:\/\/storage.googleapis.com\/cz-shopatoa-img\/cz\/2aea9ad9-1_27763.jpg\" \/>\n\t<meta property=\"og:image:width\" content=\"600\" \/>\n\t<meta property=\"og:image:height\" content=\"600\" \/>\n\t<meta property=\"og:image:type\" content=\"image\/jpeg\" \/>\n<meta name=\"twitter:card\" content=\"summary_large_image\" \/>\n<meta name=\"twitter:label1\" content=\"Odhadovan\u00e1 doba \u010dten\u00ed\" \/>\n\t<meta name=\"twitter:data1\" content=\"1 minuta\" \/>\n<script type=\"application\/ld+json\" class=\"yoast-schema-graph\">{\"@context\":\"https:\\\/\\\/schema.org\",\"@graph\":[{\"@type\":\"WebPage\",\"@id\":\"https:\\\/\\\/shopatoa.com\\\/cz\\\/kost-rasco-sunkova-287g\\\/\",\"url\":\"https:\\\/\\\/shopatoa.com\\\/cz\\\/kost-rasco-sunkova-287g\\\/\",\"name\":\"Kost Rasco \u0161unkov\u00e1 287g - SHOPATOA.COM\",\"isPartOf\":{\"@id\":\"https:\\\/\\\/shopatoa.com\\\/cz\\\/#website\"},\"primaryImageOfPage\":{\"@id\":\"https:\\\/\\\/shopatoa.com\\\/cz\\\/kost-rasco-sunkova-287g\\\/#primaryimage\"},\"image\":{\"@id\":\"https:\\\/\\\/shopatoa.com\\\/cz\\\/kost-rasco-sunkova-287g\\\/#primaryimage\"},\"thumbnailUrl\":\"https:\\\/\\\/storage.googleapis.com\\\/cz-shopatoa-img\\\/cz\\\/2aea9ad9-1_27763.jpg\",\"datePublished\":\"2025-04-01T13:54:22+00:00\",\"dateModified\":\"2025-04-26T00:15:59+00:00\",\"breadcrumb\":{\"@id\":\"https:\\\/\\\/shopatoa.com\\\/cz\\\/kost-rasco-sunkova-287g\\\/#breadcrumb\"},\"inLanguage\":\"cs\",\"potentialAction\":[{\"@type\":\"ReadAction\",\"target\":[\"https:\\\/\\\/shopatoa.com\\\/cz\\\/kost-rasco-sunkova-287g\\\/\"]}]},{\"@type\":\"ImageObject\",\"inLanguage\":\"cs\",\"@id\":\"https:\\\/\\\/shopatoa.com\\\/cz\\\/kost-rasco-sunkova-287g\\\/#primaryimage\",\"url\":\"https:\\\/\\\/storage.googleapis.com\\\/cz-shopatoa-img\\\/cz\\\/2aea9ad9-1_27763.jpg\",\"contentUrl\":\"https:\\\/\\\/storage.googleapis.com\\\/cz-shopatoa-img\\\/cz\\\/2aea9ad9-1_27763.jpg\",\"width\":600,\"height\":600},{\"@type\":\"BreadcrumbList\",\"@id\":\"https:\\\/\\\/shopatoa.com\\\/cz\\\/kost-rasco-sunkova-287g\\\/#breadcrumb\",\"itemListElement\":[{\"@type\":\"ListItem\",\"position\":1,\"name\":\"Dom\u016f\",\"item\":\"https:\\\/\\\/shopatoa.com\\\/cz\\\/\"},{\"@type\":\"ListItem\",\"position\":2,\"name\":\"Produkty\",\"item\":\"https:\\\/\\\/shopatoa.com\\\/cz\\\/shop\\\/\"},{\"@type\":\"ListItem\",\"position\":3,\"name\":\"Chovatelsk\u00e9 pot\u0159eby\",\"item\":\"https:\\\/\\\/shopatoa.com\\\/cz\\\/chovatelske-potreby-2\\\/\"},{\"@type\":\"ListItem\",\"position\":4,\"name\":\"Pro psy\",\"item\":\"https:\\\/\\\/shopatoa.com\\\/cz\\\/pro-psy-chovatelske-potreby-2\\\/\"},{\"@type\":\"ListItem\",\"position\":5,\"name\":\"Krmivo pro psy\",\"item\":\"https:\\\/\\\/shopatoa.com\\\/cz\\\/krmivo-pro-psy-pro-psy-chovatelske-potreby-2\\\/\"},{\"@type\":\"ListItem\",\"position\":6,\"name\":\"Pamlsky pro psy\",\"item\":\"https:\\\/\\\/shopatoa.com\\\/cz\\\/pamlsky-pro-psy\\\/\"},{\"@type\":\"ListItem\",\"position\":7,\"name\":\"Kost Rasco \u0161unkov\u00e1 287g\"}]},{\"@type\":\"WebSite\",\"@id\":\"https:\\\/\\\/shopatoa.com\\\/cz\\\/#website\",\"url\":\"https:\\\/\\\/shopatoa.com\\\/cz\\\/\",\"name\":\"SHOPATOA\",\"description\":\"\",\"publisher\":{\"@id\":\"https:\\\/\\\/shopatoa.com\\\/cz\\\/#organization\"},\"potentialAction\":[{\"@type\":\"SearchAction\",\"target\":{\"@type\":\"EntryPoint\",\"urlTemplate\":\"https:\\\/\\\/shopatoa.com\\\/cz\\\/?s={search_term_string}\"},\"query-input\":{\"@type\":\"PropertyValueSpecification\",\"valueRequired\":true,\"valueName\":\"search_term_string\"}}],\"inLanguage\":\"cs\"},{\"@type\":\"Organization\",\"@id\":\"https:\\\/\\\/shopatoa.com\\\/cz\\\/#organization\",\"name\":\"SHOPATOA Digital s.r.o.\",\"url\":\"https:\\\/\\\/shopatoa.com\\\/cz\\\/\",\"logo\":{\"@type\":\"ImageObject\",\"inLanguage\":\"cs\",\"@id\":\"https:\\\/\\\/shopatoa.com\\\/cz\\\/#\\\/schema\\\/logo\\\/image\\\/\",\"url\":\"https:\\\/\\\/storage.googleapis.com\\\/cz-shopatoa-img\\\/cz\\\/ebccf434-shopatoa_logo.png\",\"contentUrl\":\"https:\\\/\\\/storage.googleapis.com\\\/cz-shopatoa-img\\\/cz\\\/ebccf434-shopatoa_logo.png\",\"width\":416,\"height\":63,\"caption\":\"SHOPATOA Digital s.r.o.\"},\"image\":{\"@id\":\"https:\\\/\\\/shopatoa.com\\\/cz\\\/#\\\/schema\\\/logo\\\/image\\\/\"}}]}<\/script>\n<!-- \/ Yoast SEO plugin. -->","yoast_head_json":{"title":"Kost Rasco \u0161unkov\u00e1 287g - SHOPATOA.COM","robots":{"index":"index","follow":"follow","max-snippet":"max-snippet:-1","max-image-preview":"max-image-preview:large","max-video-preview":"max-video-preview:-1"},"canonical":"https:\/\/shopatoa.com\/cz\/kost-rasco-sunkova-287g\/","og_locale":"cs_CZ","og_type":"article","og_title":"Kost Rasco \u0161unkov\u00e1 287g - SHOPATOA.COM","og_description":"\u0160unkov\u00e1 kost-dopl\u0148kov\u00e9 krmivo pro psy. 100% p\u0159\u00edrodn\u00ed pamlsek, pom\u00e1h\u00e1 v boji proti zubn\u00edmu plaku a podporuje siln\u00e9 zuby. Krmn\u00fd n\u00e1vod: dopln\u011bk stravy pro psy, nenahrazuje vyv\u00e1\u017eenou stravu, nepou\u017e\u00edvejte jako hlavn\u00ed krmen\u00ed. Zv\u00ed\u0159ata by m\u011bla b\u00fdt pod dohledem p\u0159i pod\u00e1v\u00e1n\u00ed tohoto v\u00fdrobku, vzhledem k riziku uvoln\u011bn\u00ed men\u0161\u00edch \u010d\u00e1stic. P\u0159\u00edrodn\u00ed kost, mo\u017enost roz\u0161t\u00edpnut\u00ed kosti. V\u017edy poskytn\u011bte p\u0159\u00edstup...","og_url":"https:\/\/shopatoa.com\/cz\/kost-rasco-sunkova-287g\/","og_site_name":"SHOPATOA","article_modified_time":"2025-04-26T00:15:59+00:00","og_image":[{"width":600,"height":600,"url":"https:\/\/storage.googleapis.com\/cz-shopatoa-img\/cz\/2aea9ad9-1_27763.jpg","type":"image\/jpeg"}],"twitter_card":"summary_large_image","twitter_misc":{"Odhadovan\u00e1 doba \u010dten\u00ed":"1 minuta"},"schema":{"@context":"https:\/\/schema.org","@graph":[{"@type":"WebPage","@id":"https:\/\/shopatoa.com\/cz\/kost-rasco-sunkova-287g\/","url":"https:\/\/shopatoa.com\/cz\/kost-rasco-sunkova-287g\/","name":"Kost Rasco \u0161unkov\u00e1 287g - SHOPATOA.COM","isPartOf":{"@id":"https:\/\/shopatoa.com\/cz\/#website"},"primaryImageOfPage":{"@id":"https:\/\/shopatoa.com\/cz\/kost-rasco-sunkova-287g\/#primaryimage"},"image":{"@id":"https:\/\/shopatoa.com\/cz\/kost-rasco-sunkova-287g\/#primaryimage"},"thumbnailUrl":"https:\/\/storage.googleapis.com\/cz-shopatoa-img\/cz\/2aea9ad9-1_27763.jpg","datePublished":"2025-04-01T13:54:22+00:00","dateModified":"2025-04-26T00:15:59+00:00","breadcrumb":{"@id":"https:\/\/shopatoa.com\/cz\/kost-rasco-sunkova-287g\/#breadcrumb"},"inLanguage":"cs","potentialAction":[{"@type":"ReadAction","target":["https:\/\/shopatoa.com\/cz\/kost-rasco-sunkova-287g\/"]}]},{"@type":"ImageObject","inLanguage":"cs","@id":"https:\/\/shopatoa.com\/cz\/kost-rasco-sunkova-287g\/#primaryimage","url":"https:\/\/storage.googleapis.com\/cz-shopatoa-img\/cz\/2aea9ad9-1_27763.jpg","contentUrl":"https:\/\/storage.googleapis.com\/cz-shopatoa-img\/cz\/2aea9ad9-1_27763.jpg","width":600,"height":600},{"@type":"BreadcrumbList","@id":"https:\/\/shopatoa.com\/cz\/kost-rasco-sunkova-287g\/#breadcrumb","itemListElement":[{"@type":"ListItem","position":1,"name":"Dom\u016f","item":"https:\/\/shopatoa.com\/cz\/"},{"@type":"ListItem","position":2,"name":"Produkty","item":"https:\/\/shopatoa.com\/cz\/shop\/"},{"@type":"ListItem","position":3,"name":"Chovatelsk\u00e9 pot\u0159eby","item":"https:\/\/shopatoa.com\/cz\/chovatelske-potreby-2\/"},{"@type":"ListItem","position":4,"name":"Pro psy","item":"https:\/\/shopatoa.com\/cz\/pro-psy-chovatelske-potreby-2\/"},{"@type":"ListItem","position":5,"name":"Krmivo pro psy","item":"https:\/\/shopatoa.com\/cz\/krmivo-pro-psy-pro-psy-chovatelske-potreby-2\/"},{"@type":"ListItem","position":6,"name":"Pamlsky pro psy","item":"https:\/\/shopatoa.com\/cz\/pamlsky-pro-psy\/"},{"@type":"ListItem","position":7,"name":"Kost Rasco \u0161unkov\u00e1 287g"}]},{"@type":"WebSite","@id":"https:\/\/shopatoa.com\/cz\/#website","url":"https:\/\/shopatoa.com\/cz\/","name":"SHOPATOA","description":"","publisher":{"@id":"https:\/\/shopatoa.com\/cz\/#organization"},"potentialAction":[{"@type":"SearchAction","target":{"@type":"EntryPoint","urlTemplate":"https:\/\/shopatoa.com\/cz\/?s={search_term_string}"},"query-input":{"@type":"PropertyValueSpecification","valueRequired":true,"valueName":"search_term_string"}}],"inLanguage":"cs"},{"@type":"Organization","@id":"https:\/\/shopatoa.com\/cz\/#organization","name":"SHOPATOA Digital s.r.o.","url":"https:\/\/shopatoa.com\/cz\/","logo":{"@type":"ImageObject","inLanguage":"cs","@id":"https:\/\/shopatoa.com\/cz\/#\/schema\/logo\/image\/","url":"https:\/\/storage.googleapis.com\/cz-shopatoa-img\/cz\/ebccf434-shopatoa_logo.png","contentUrl":"https:\/\/storage.googleapis.com\/cz-shopatoa-img\/cz\/ebccf434-shopatoa_logo.png","width":416,"height":63,"caption":"SHOPATOA Digital s.r.o."},"image":{"@id":"https:\/\/shopatoa.com\/cz\/#\/schema\/logo\/image\/"}}]}},"_links":{"self":[{"href":"https:\/\/shopatoa.com\/cz\/wp-json\/wp\/v2\/product\/241588","targetHints":{"allow":["GET"]}}],"collection":[{"href":"https:\/\/shopatoa.com\/cz\/wp-json\/wp\/v2\/product"}],"about":[{"href":"https:\/\/shopatoa.com\/cz\/wp-json\/wp\/v2\/types\/product"}],"replies":[{"embeddable":true,"href":"https:\/\/shopatoa.com\/cz\/wp-json\/wp\/v2\/comments?post=241588"}],"wp:featuredmedia":[{"embeddable":true,"href":"https:\/\/shopatoa.com\/cz\/wp-json\/wp\/v2\/media\/241589"}],"wp:attachment":[{"href":"https:\/\/shopatoa.com\/cz\/wp-json\/wp\/v2\/media?parent=241588"}],"wp:term":[{"taxonomy":"product_brand","embeddable":true,"href":"https:\/\/shopatoa.com\/cz\/wp-json\/wp\/v2\/product_brand?post=241588"},{"taxonomy":"product_cat","embeddable":true,"href":"https:\/\/shopatoa.com\/cz\/wp-json\/wp\/v2\/product_cat?post=241588"},{"taxonomy":"product_tag","embeddable":true,"href":"https:\/\/shopatoa.com\/cz\/wp-json\/wp\/v2\/product_tag?post=241588"}],"curies":[{"name":"wp","href":"https:\/\/api.w.org\/{rel}","templated":true}]}}